{"id":12163,"date":"2025-10-23T01:30:02","date_gmt":"2025-10-22T22:30:02","guid":{"rendered":"https:\/\/lavanno.com\/toode\/dryspot-200-ml-kuiv-plekieemaldusvaht\/"},"modified":"2026-05-02T14:45:01","modified_gmt":"2026-05-02T11:45:01","slug":"dryspot-200-ml-kuiv-plekieemaldusvaht","status":"publish","type":"product","link":"https:\/\/lavanno.com\/en\/toode\/dryspot-200-ml-kuiv-plekieemaldusvaht\/","title":{"rendered":"Dryspot 200 ml &#8211; kuiv plekieemaldusvaht"},"content":{"rendered":"<p data-start=\"67\" data-end=\"307\"><strong>Spetsifikatsioon<\/strong><\/p>\n<p data-start=\"67\" data-end=\"307\"><strong data-start=\"67\" data-end=\"84\">Kasutamine<\/strong><br data-start=\"84\" data-end=\"87\" \/>Loksuta korralikult ja pihusta plekile umbes 30 cm kauguselt.<br data-start=\"148\" data-end=\"151\" \/>Oota m\u00f5ned minutid. Kui on tekkinud valge kuiv pulber, harja j\u00e4\u00e4gid \u00e4ra pehme harjaga.<br data-start=\"236\" data-end=\"239\" \/><strong>Hoiatus!<\/strong> Katseta toodet esmalt r\u00f5iva varjatud osal enne t\u00e4ielikku kasutamist.<\/p>\n<p data-start=\"345\" data-end=\"449\"><strong data-start=\"345\" data-end=\"360\">Koostisosad<\/strong><br data-start=\"360\" data-end=\"363\" \/>S\u00fcsivesinikud C7 \u2013 (n-alkaanid, isoalkaanid, ts\u00fcklilised), butaan, isobutaan, propaan.<\/p>\n<p data-start=\"451\" data-end=\"497\"><strong data-start=\"451\" data-end=\"465\">Funktsioon<\/strong><br data-start=\"465\" data-end=\"468\" \/>Plekkide eemaldaja kangastele<\/p>\n<p data-start=\"451\" data-end=\"497\"><a href=\"https:\/\/lavanno.com\/wp-content\/uploads\/2025\/09\/A70-070Hygienfresh_Dry_spotRel5ETSDS.pdf\" target=\"_blank\" rel=\"noopener\">ohutuskaart<\/a><\/p>\n<p>&nbsp;<\/p>\n","protected":false},"excerpt":{"rendered":"<p>Kiiretoimeline plekieemaldaja tekstiilidele, mis eemaldab \u00f5li- ja rasvaplekid ilma pesuta. Toode sobib kasutamiseks igat t\u00fc\u00fcpi r\u00f5ivastel ega j\u00e4ta kangale laike ega j\u00e4lgi.<\/p>\n<p>T\u00e4nu uuele pihustustehnoloogiale jaotub toode \u00fchtlaselt ning muudab pleki eemaldamise lihtsaks ja mugavaks. Ideaalne lahendus reisidel, kontoris v\u00f5i olukordades, kus pesemine ei ole v\u00f5imalik.<\/p>\n<ul>\n<li>\u00a0Ideaalne reisijatele<\/li>\n<li>Uus tehnoloogia, mis pihustab \u00fchtlaselt<\/li>\n<li>V\u00f5imaldab kiiret pleki eemaldust harjamise abil<\/li>\n<li>Ei vaja pesemist<\/li>\n<\/ul>\n","protected":false},"featured_media":12482,"comment_status":"open","ping_status":"closed","template":"","meta":[],"product_brand":[],"product_cat":[506,534,574,613,520,527,543],"product_tag":[834,850,835,837],"class_list":{"0":"post-12163","1":"product","2":"type-product","3":"status-publish","4":"has-post-thumbnail","6":"product_cat-ariklient","7":"product_cat-plekieemaldusvahendid","8":"product_cat-pihustite-sari","9":"product_cat-plekieemaldajad","10":"product_cat-eraklient","11":"product_cat-plekieemaldusvahendid-eraklient","12":"product_cat-pihustatavad-tooted-eraklient","13":"product_tag-horeca","14":"product_tag-kodumajapidamine","15":"product_tag-pesumajad","16":"product_tag-puhastusteenindus","18":"first","19":"instock","20":"taxable","21":"shipping-taxable","22":"purchasable","23":"product-type-simple"},"yoast_head":"<!-- This site is optimized with the Yoast SEO plugin v27.0 - https:\/\/yoast.com\/product\/yoast-seo-wordpress\/ -->\n<title>Dryspot 200 ml - kuiv plekieemaldusvaht - Lavanno - pesuvahendite ekspert<\/title>\n<meta name=\"description\" content=\"Kiiretoimeline kuiv plekieemaldaja tekstiilidele, mis eemaldab \u00f5li- ja rasvaplekid ilma pesuta. Ideaalne reisile ja liikvel olles.\" \/>\n<meta name=\"robots\" content=\"index, follow, max-snippet:-1, max-image-preview:large, max-video-preview:-1\" \/>\n<link rel=\"canonical\" href=\"https:\/\/lavanno.com\/en\/toode\/dryspot-200-ml-kuiv-plekieemaldusvaht\/\" \/>\n<meta property=\"og:locale\" content=\"en_US\" \/>\n<meta property=\"og:type\" content=\"article\" \/>\n<meta property=\"og:title\" content=\"Dryspot 200 ml - kuiv plekieemaldusvaht - Lavanno - pesuvahendite ekspert\" \/>\n<meta property=\"og:description\" content=\"Kiiretoimeline kuiv plekieemaldaja tekstiilidele, mis eemaldab \u00f5li- ja rasvaplekid ilma pesuta. Ideaalne reisile ja liikvel olles.\" \/>\n<meta property=\"og:url\" content=\"https:\/\/lavanno.com\/en\/toode\/dryspot-200-ml-kuiv-plekieemaldusvaht\/\" \/>\n<meta property=\"og:site_name\" content=\"Lavanno - pesuvahendite ekspert\" \/>\n<meta property=\"article:publisher\" content=\"https:\/\/www.facebook.com\/Lavanno.ee\" \/>\n<meta property=\"article:modified_time\" content=\"2026-05-02T11:45:01+00:00\" \/>\n<meta property=\"og:image\" content=\"https:\/\/lavanno.com\/wp-content\/uploads\/2025\/11\/a70-070dudryspot-1.png\" \/>\n\t<meta property=\"og:image:width\" content=\"800\" \/>\n\t<meta property=\"og:image:height\" content=\"800\" \/>\n\t<meta property=\"og:image:type\" content=\"image\/png\" \/>\n<meta name=\"twitter:card\" content=\"summary_large_image\" \/>\n<meta name=\"twitter:label1\" content=\"Est. reading time\" \/>\n\t<meta name=\"twitter:data1\" content=\"1 minute\" \/>\n<script type=\"application\/ld+json\" class=\"yoast-schema-graph\">{\"@context\":\"https:\/\/schema.org\",\"@graph\":[{\"@type\":\"WebPage\",\"@id\":\"https:\/\/lavanno.com\/en\/toode\/dryspot-200-ml-kuiv-plekieemaldusvaht\/\",\"url\":\"https:\/\/lavanno.com\/en\/toode\/dryspot-200-ml-kuiv-plekieemaldusvaht\/\",\"name\":\"Dryspot 200 ml - kuiv plekieemaldusvaht - Lavanno - pesuvahendite ekspert\",\"isPartOf\":{\"@id\":\"https:\/\/lavanno.com\/en\/#website\"},\"primaryImageOfPage\":{\"@id\":\"https:\/\/lavanno.com\/en\/toode\/dryspot-200-ml-kuiv-plekieemaldusvaht\/#primaryimage\"},\"image\":{\"@id\":\"https:\/\/lavanno.com\/en\/toode\/dryspot-200-ml-kuiv-plekieemaldusvaht\/#primaryimage\"},\"thumbnailUrl\":\"https:\/\/lavanno.com\/wp-content\/uploads\/2025\/11\/a70-070dudryspot-1.png\",\"datePublished\":\"2025-10-22T22:30:02+00:00\",\"dateModified\":\"2026-05-02T11:45:01+00:00\",\"description\":\"Kiiretoimeline kuiv plekieemaldaja tekstiilidele, mis eemaldab \u00f5li- ja rasvaplekid ilma pesuta. Ideaalne reisile ja liikvel olles.\",\"breadcrumb\":{\"@id\":\"https:\/\/lavanno.com\/en\/toode\/dryspot-200-ml-kuiv-plekieemaldusvaht\/#breadcrumb\"},\"inLanguage\":\"en-US\",\"potentialAction\":[{\"@type\":\"ReadAction\",\"target\":[\"https:\/\/lavanno.com\/en\/toode\/dryspot-200-ml-kuiv-plekieemaldusvaht\/\"]}]},{\"@type\":\"ImageObject\",\"inLanguage\":\"en-US\",\"@id\":\"https:\/\/lavanno.com\/en\/toode\/dryspot-200-ml-kuiv-plekieemaldusvaht\/#primaryimage\",\"url\":\"https:\/\/lavanno.com\/wp-content\/uploads\/2025\/11\/a70-070dudryspot-1.png\",\"contentUrl\":\"https:\/\/lavanno.com\/wp-content\/uploads\/2025\/11\/a70-070dudryspot-1.png\",\"width\":800,\"height\":800},{\"@type\":\"BreadcrumbList\",\"@id\":\"https:\/\/lavanno.com\/en\/toode\/dryspot-200-ml-kuiv-plekieemaldusvaht\/#breadcrumb\",\"itemListElement\":[{\"@type\":\"ListItem\",\"position\":1,\"name\":\"Home\",\"item\":\"https:\/\/lavanno.com\/en\/\"},{\"@type\":\"ListItem\",\"position\":2,\"name\":\"E-pood\",\"item\":\"https:\/\/lavanno.com\/e-pood\/\"},{\"@type\":\"ListItem\",\"position\":3,\"name\":\"Dryspot 200 ml &#8211; kuiv plekieemaldusvaht\"}]},{\"@type\":\"WebSite\",\"@id\":\"https:\/\/lavanno.com\/en\/#website\",\"url\":\"https:\/\/lavanno.com\/en\/\",\"name\":\"Lavanno - Pesuvahendite ekspert\",\"description\":\"Toome maale ja m\u00fc\u00fcme tekstiili pesuvahendeid, pesumajaseadmeid ja tarvikuid. Hooldame ja konsulteerime.\",\"publisher\":{\"@id\":\"https:\/\/lavanno.com\/en\/#organization\"},\"potentialAction\":[{\"@type\":\"SearchAction\",\"target\":{\"@type\":\"EntryPoint\",\"urlTemplate\":\"https:\/\/lavanno.com\/en\/?s={search_term_string}\"},\"query-input\":{\"@type\":\"PropertyValueSpecification\",\"valueRequired\":true,\"valueName\":\"search_term_string\"}}],\"inLanguage\":\"en-US\"},{\"@type\":\"Organization\",\"@id\":\"https:\/\/lavanno.com\/en\/#organization\",\"name\":\"Lavanno - Pesuvahendite ekspert\",\"url\":\"https:\/\/lavanno.com\/en\/\",\"logo\":{\"@type\":\"ImageObject\",\"inLanguage\":\"en-US\",\"@id\":\"https:\/\/lavanno.com\/en\/#\/schema\/logo\/image\/\",\"url\":\"https:\/\/lavanno.com\/wp-content\/uploads\/2025\/07\/Lavanno.png\",\"contentUrl\":\"https:\/\/lavanno.com\/wp-content\/uploads\/2025\/07\/Lavanno.png\",\"width\":1200,\"height\":1200,\"caption\":\"Lavanno - Pesuvahendite ekspert\"},\"image\":{\"@id\":\"https:\/\/lavanno.com\/en\/#\/schema\/logo\/image\/\"},\"sameAs\":[\"https:\/\/www.facebook.com\/Lavanno.ee\"]}]}<\/script>\n<!-- \/ Yoast SEO plugin. -->","yoast_head_json":{"title":"Dryspot 200 ml - kuiv plekieemaldusvaht - Lavanno - pesuvahendite ekspert","description":"Kiiretoimeline kuiv plekieemaldaja tekstiilidele, mis eemaldab \u00f5li- ja rasvaplekid ilma pesuta. Ideaalne reisile ja liikvel olles.","robots":{"index":"index","follow":"follow","max-snippet":"max-snippet:-1","max-image-preview":"max-image-preview:large","max-video-preview":"max-video-preview:-1"},"canonical":"https:\/\/lavanno.com\/en\/toode\/dryspot-200-ml-kuiv-plekieemaldusvaht\/","og_locale":"en_US","og_type":"article","og_title":"Dryspot 200 ml - kuiv plekieemaldusvaht - Lavanno - pesuvahendite ekspert","og_description":"Kiiretoimeline kuiv plekieemaldaja tekstiilidele, mis eemaldab \u00f5li- ja rasvaplekid ilma pesuta. Ideaalne reisile ja liikvel olles.","og_url":"https:\/\/lavanno.com\/en\/toode\/dryspot-200-ml-kuiv-plekieemaldusvaht\/","og_site_name":"Lavanno - pesuvahendite ekspert","article_publisher":"https:\/\/www.facebook.com\/Lavanno.ee","article_modified_time":"2026-05-02T11:45:01+00:00","og_image":[{"width":800,"height":800,"url":"https:\/\/lavanno.com\/wp-content\/uploads\/2025\/11\/a70-070dudryspot-1.png","type":"image\/png"}],"twitter_card":"summary_large_image","twitter_misc":{"Est. reading time":"1 minute"},"schema":{"@context":"https:\/\/schema.org","@graph":[{"@type":"WebPage","@id":"https:\/\/lavanno.com\/en\/toode\/dryspot-200-ml-kuiv-plekieemaldusvaht\/","url":"https:\/\/lavanno.com\/en\/toode\/dryspot-200-ml-kuiv-plekieemaldusvaht\/","name":"Dryspot 200 ml - kuiv plekieemaldusvaht - Lavanno - pesuvahendite ekspert","isPartOf":{"@id":"https:\/\/lavanno.com\/en\/#website"},"primaryImageOfPage":{"@id":"https:\/\/lavanno.com\/en\/toode\/dryspot-200-ml-kuiv-plekieemaldusvaht\/#primaryimage"},"image":{"@id":"https:\/\/lavanno.com\/en\/toode\/dryspot-200-ml-kuiv-plekieemaldusvaht\/#primaryimage"},"thumbnailUrl":"https:\/\/lavanno.com\/wp-content\/uploads\/2025\/11\/a70-070dudryspot-1.png","datePublished":"2025-10-22T22:30:02+00:00","dateModified":"2026-05-02T11:45:01+00:00","description":"Kiiretoimeline kuiv plekieemaldaja tekstiilidele, mis eemaldab \u00f5li- ja rasvaplekid ilma pesuta. Ideaalne reisile ja liikvel olles.","breadcrumb":{"@id":"https:\/\/lavanno.com\/en\/toode\/dryspot-200-ml-kuiv-plekieemaldusvaht\/#breadcrumb"},"inLanguage":"en-US","potentialAction":[{"@type":"ReadAction","target":["https:\/\/lavanno.com\/en\/toode\/dryspot-200-ml-kuiv-plekieemaldusvaht\/"]}]},{"@type":"ImageObject","inLanguage":"en-US","@id":"https:\/\/lavanno.com\/en\/toode\/dryspot-200-ml-kuiv-plekieemaldusvaht\/#primaryimage","url":"https:\/\/lavanno.com\/wp-content\/uploads\/2025\/11\/a70-070dudryspot-1.png","contentUrl":"https:\/\/lavanno.com\/wp-content\/uploads\/2025\/11\/a70-070dudryspot-1.png","width":800,"height":800},{"@type":"BreadcrumbList","@id":"https:\/\/lavanno.com\/en\/toode\/dryspot-200-ml-kuiv-plekieemaldusvaht\/#breadcrumb","itemListElement":[{"@type":"ListItem","position":1,"name":"Home","item":"https:\/\/lavanno.com\/en\/"},{"@type":"ListItem","position":2,"name":"E-pood","item":"https:\/\/lavanno.com\/e-pood\/"},{"@type":"ListItem","position":3,"name":"Dryspot 200 ml &#8211; kuiv plekieemaldusvaht"}]},{"@type":"WebSite","@id":"https:\/\/lavanno.com\/en\/#website","url":"https:\/\/lavanno.com\/en\/","name":"Lavanno - Pesuvahendite ekspert","description":"Toome maale ja m\u00fc\u00fcme tekstiili pesuvahendeid, pesumajaseadmeid ja tarvikuid. Hooldame ja konsulteerime.","publisher":{"@id":"https:\/\/lavanno.com\/en\/#organization"},"potentialAction":[{"@type":"SearchAction","target":{"@type":"EntryPoint","urlTemplate":"https:\/\/lavanno.com\/en\/?s={search_term_string}"},"query-input":{"@type":"PropertyValueSpecification","valueRequired":true,"valueName":"search_term_string"}}],"inLanguage":"en-US"},{"@type":"Organization","@id":"https:\/\/lavanno.com\/en\/#organization","name":"Lavanno - Pesuvahendite ekspert","url":"https:\/\/lavanno.com\/en\/","logo":{"@type":"ImageObject","inLanguage":"en-US","@id":"https:\/\/lavanno.com\/en\/#\/schema\/logo\/image\/","url":"https:\/\/lavanno.com\/wp-content\/uploads\/2025\/07\/Lavanno.png","contentUrl":"https:\/\/lavanno.com\/wp-content\/uploads\/2025\/07\/Lavanno.png","width":1200,"height":1200,"caption":"Lavanno - Pesuvahendite ekspert"},"image":{"@id":"https:\/\/lavanno.com\/en\/#\/schema\/logo\/image\/"},"sameAs":["https:\/\/www.facebook.com\/Lavanno.ee"]}]}},"_links":{"self":[{"href":"https:\/\/lavanno.com\/en\/wp-json\/wp\/v2\/product\/12163","targetHints":{"allow":["GET"]}}],"collection":[{"href":"https:\/\/lavanno.com\/en\/wp-json\/wp\/v2\/product"}],"about":[{"href":"https:\/\/lavanno.com\/en\/wp-json\/wp\/v2\/types\/product"}],"replies":[{"embeddable":true,"href":"https:\/\/lavanno.com\/en\/wp-json\/wp\/v2\/comments?post=12163"}],"wp:featuredmedia":[{"embeddable":true,"href":"https:\/\/lavanno.com\/en\/wp-json\/wp\/v2\/media\/12482"}],"wp:attachment":[{"href":"https:\/\/lavanno.com\/en\/wp-json\/wp\/v2\/media?parent=12163"}],"wp:term":[{"taxonomy":"product_brand","embeddable":true,"href":"https:\/\/lavanno.com\/en\/wp-json\/wp\/v2\/product_brand?post=12163"},{"taxonomy":"product_cat","embeddable":true,"href":"https:\/\/lavanno.com\/en\/wp-json\/wp\/v2\/product_cat?post=12163"},{"taxonomy":"product_tag","embeddable":true,"href":"https:\/\/lavanno.com\/en\/wp-json\/wp\/v2\/product_tag?post=12163"}],"curies":[{"name":"wp","href":"https:\/\/api.w.org\/{rel}","templated":true}]}}