{"id":12170,"date":"2025-10-23T01:35:01","date_gmt":"2025-10-22T22:35:01","guid":{"rendered":"https:\/\/lavanno.com\/toode\/wool-silk-20kg-ensumaatiline-emulsioonpesuvahend-vill-siid\/"},"modified":"2026-05-02T08:40:01","modified_gmt":"2026-05-02T05:40:01","slug":"wool-silk-20kg-ensumaatiline-emulsioonpesuvahend-vill-siid","status":"publish","type":"product","link":"https:\/\/lavanno.com\/en\/toode\/wool-silk-20kg-ensumaatiline-emulsioonpesuvahend-vill-siid\/","title":{"rendered":"Wool &amp; Silk 20kg &#8211;  Ens\u00fcmaatiline emulsioonpesuvahend vill &amp; siid"},"content":{"rendered":"<p><strong>Spetsifikatsioon<\/strong><\/p>\n<p><strong>Kasutamine<\/strong><\/p>\n<p>Lisa pesuvahend pesumasina pesuainesahtlisse, kui masin on t\u00e4ielikult t\u00e4idetud.<\/p>\n<p><strong>Koostisosad\u00a0<\/strong><\/p>\n<p data-start=\"99\" data-end=\"595\">Vesi, TEA-dodek\u00fc\u00fclbenseensulfonaat, C13\u201315 pareth-7, naatriumtsitraat, naatriumdodek\u00fc\u00fclbenseensulfonaat, butoks\u00fcdigl\u00fckool, kokamiid DEA, naatriumkumeensulfonaat, MEA-boraat, naatriumlaureetsulfonaat, l\u00f5hnaaine, PVP, dimetikoon, PEG-10 lanoliin, 4-tert-but\u00fc\u00fclts\u00fckloheks\u00fc\u00fclatsetaat, pol\u00fckvaternium-7, dietanoolamiin, steareth-21, linalool, heks\u00fc\u00fclkinnamaal, tsitronellool, geraniool, prop\u00fcleengl\u00fckool, lipaas, kumariin, \u03b1-am\u00fclaas, met\u00fc\u00fclkloroisotiasolinoon, met\u00fc\u00fclisotiasolinoon.<\/p>\n<p data-start=\"597\" data-end=\"681\"><strong data-start=\"597\" data-end=\"615\">S\u00e4ilitusained:<\/strong><br data-start=\"615\" data-end=\"618\" \/>Met\u00fc\u00fclkloroisotiasolinoon ja met\u00fc\u00fclisotiasolinoon <strong data-start=\"668\" data-end=\"680\">0,00075%<\/strong>.<\/p>\n<p data-start=\"597\" data-end=\"681\"><strong>Funktsioon<\/strong><\/p>\n<p data-start=\"597\" data-end=\"681\">Pesuvahend villale ja siidile<\/p>\n<p data-start=\"597\" data-end=\"681\"><strong><a href=\"https:\/\/lavanno.com\/wp-content\/uploads\/2025\/10\/A39-545Hygienfresh_WetFresh_Wool__SilkRel2ETSDS.pdf\" target=\"_blank\" rel=\"noopener\">Ohutuskaart<\/a><\/strong><\/p>\n<p>&nbsp;<\/p>\n","protected":false},"excerpt":{"rendered":"<p>Ens\u00fc\u00fcme sisaldab m\u00e4rgpuhastusaine \u00f5rnale ja villasele pesule.<\/p>\n<p>Selle toote eelised:<\/p>\n<ul>\n<li>\u00d5rnatoimelised ens\u00fc\u00fcmid k\u00f5rvaldavad villastelt esemetelt k\u00f5ik plekid ilma kangakiude kahjustamata.<\/li>\n<li>Uue p\u00f5lvkonna pindaktiivsed ained spetsiaalselt m\u00e4rgpuhastuseks.<\/li>\n<li>Lanoliiniga, mis muudab villa s\u00e4ravaks ja pehmeks.<\/li>\n<li>Puhvers\u00fcsteem s\u00e4ilitab \u00f5ige pH taseme pesu ajal.<\/li>\n<li>V\u00e4rvide edasikandumise vastane pol\u00fcmeer v\u00e4ldib juhuslikku v\u00e4rvi \u00fclekandumist.<\/li>\n<li>Nutrisoft s\u00fcsteem toidab ja pehmendab kiude juba pesemise ajal.<\/li>\n<\/ul>\n","protected":false},"featured_media":12351,"comment_status":"open","ping_status":"closed","template":"","meta":[],"product_brand":[],"product_cat":[506,525,546,564,538],"product_tag":[835,837],"class_list":{"0":"post-12170","1":"product","2":"type-product","3":"status-publish","4":"has-post-thumbnail","6":"product_cat-ariklient","7":"product_cat-vesipesuvahendid","8":"product_cat-pesuained","9":"product_cat-orna-toimega-pesuvahendid","10":"product_cat-emulsioonpesu-wet-clean","11":"product_tag-pesumajad","12":"product_tag-puhastusteenindus","14":"first","15":"instock","16":"taxable","17":"shipping-taxable","18":"purchasable","19":"product-type-simple"},"yoast_head":"<!-- This site is optimized with the Yoast SEO plugin v27.0 - https:\/\/yoast.com\/product\/yoast-seo-wordpress\/ -->\n<title>Wool &amp; Silk 20kg - Ens\u00fcmaatiline emulsioonpesuvahend vill &amp; siid - Lavanno - pesuvahendite ekspert<\/title>\n<meta name=\"description\" content=\"Ens\u00fcmaatiline emulsioonpesuvahend villale,siidile ja \u00f5rnadele r\u00f5ivastele. Puhastab t\u00f5husalt, s\u00e4ilitab kiud ja annab pehmuse.\" \/>\n<meta name=\"robots\" content=\"index, follow, max-snippet:-1, max-image-preview:large, max-video-preview:-1\" \/>\n<link rel=\"canonical\" href=\"https:\/\/lavanno.com\/en\/toode\/wool-silk-20kg-ensumaatiline-emulsioonpesuvahend-vill-siid\/\" \/>\n<meta property=\"og:locale\" content=\"en_US\" \/>\n<meta property=\"og:type\" content=\"article\" \/>\n<meta property=\"og:title\" content=\"Wool &amp; Silk 20kg - Ens\u00fcmaatiline emulsioonpesuvahend vill &amp; siid - Lavanno - pesuvahendite ekspert\" \/>\n<meta property=\"og:description\" content=\"Ens\u00fcmaatiline emulsioonpesuvahend villale,siidile ja \u00f5rnadele r\u00f5ivastele. Puhastab t\u00f5husalt, s\u00e4ilitab kiud ja annab pehmuse.\" \/>\n<meta property=\"og:url\" content=\"https:\/\/lavanno.com\/en\/toode\/wool-silk-20kg-ensumaatiline-emulsioonpesuvahend-vill-siid\/\" \/>\n<meta property=\"og:site_name\" content=\"Lavanno - pesuvahendite ekspert\" \/>\n<meta property=\"article:publisher\" content=\"https:\/\/www.facebook.com\/Lavanno.ee\" \/>\n<meta property=\"article:modified_time\" content=\"2026-05-02T05:40:01+00:00\" \/>\n<meta property=\"og:image\" content=\"https:\/\/lavanno.com\/wp-content\/uploads\/2025\/11\/a39-545nwool_silk_20kg-1.png\" \/>\n\t<meta property=\"og:image:width\" content=\"800\" \/>\n\t<meta property=\"og:image:height\" content=\"800\" \/>\n\t<meta property=\"og:image:type\" content=\"image\/png\" \/>\n<meta name=\"twitter:card\" content=\"summary_large_image\" \/>\n<meta name=\"twitter:label1\" content=\"Est. reading time\" \/>\n\t<meta name=\"twitter:data1\" content=\"1 minute\" \/>\n<script type=\"application\/ld+json\" class=\"yoast-schema-graph\">{\"@context\":\"https:\/\/schema.org\",\"@graph\":[{\"@type\":\"WebPage\",\"@id\":\"https:\/\/lavanno.com\/en\/toode\/wool-silk-20kg-ensumaatiline-emulsioonpesuvahend-vill-siid\/\",\"url\":\"https:\/\/lavanno.com\/en\/toode\/wool-silk-20kg-ensumaatiline-emulsioonpesuvahend-vill-siid\/\",\"name\":\"Wool &amp; Silk 20kg - Ens\u00fcmaatiline emulsioonpesuvahend vill &amp; siid - Lavanno - pesuvahendite ekspert\",\"isPartOf\":{\"@id\":\"https:\/\/lavanno.com\/en\/#website\"},\"primaryImageOfPage\":{\"@id\":\"https:\/\/lavanno.com\/en\/toode\/wool-silk-20kg-ensumaatiline-emulsioonpesuvahend-vill-siid\/#primaryimage\"},\"image\":{\"@id\":\"https:\/\/lavanno.com\/en\/toode\/wool-silk-20kg-ensumaatiline-emulsioonpesuvahend-vill-siid\/#primaryimage\"},\"thumbnailUrl\":\"https:\/\/lavanno.com\/wp-content\/uploads\/2025\/11\/a39-545nwool_silk_20kg-1.png\",\"datePublished\":\"2025-10-22T22:35:01+00:00\",\"dateModified\":\"2026-05-02T05:40:01+00:00\",\"description\":\"Ens\u00fcmaatiline emulsioonpesuvahend villale,siidile ja \u00f5rnadele r\u00f5ivastele. Puhastab t\u00f5husalt, s\u00e4ilitab kiud ja annab pehmuse.\",\"breadcrumb\":{\"@id\":\"https:\/\/lavanno.com\/en\/toode\/wool-silk-20kg-ensumaatiline-emulsioonpesuvahend-vill-siid\/#breadcrumb\"},\"inLanguage\":\"en-US\",\"potentialAction\":[{\"@type\":\"ReadAction\",\"target\":[\"https:\/\/lavanno.com\/en\/toode\/wool-silk-20kg-ensumaatiline-emulsioonpesuvahend-vill-siid\/\"]}]},{\"@type\":\"ImageObject\",\"inLanguage\":\"en-US\",\"@id\":\"https:\/\/lavanno.com\/en\/toode\/wool-silk-20kg-ensumaatiline-emulsioonpesuvahend-vill-siid\/#primaryimage\",\"url\":\"https:\/\/lavanno.com\/wp-content\/uploads\/2025\/11\/a39-545nwool_silk_20kg-1.png\",\"contentUrl\":\"https:\/\/lavanno.com\/wp-content\/uploads\/2025\/11\/a39-545nwool_silk_20kg-1.png\",\"width\":800,\"height\":800},{\"@type\":\"BreadcrumbList\",\"@id\":\"https:\/\/lavanno.com\/en\/toode\/wool-silk-20kg-ensumaatiline-emulsioonpesuvahend-vill-siid\/#breadcrumb\",\"itemListElement\":[{\"@type\":\"ListItem\",\"position\":1,\"name\":\"Home\",\"item\":\"https:\/\/lavanno.com\/en\/\"},{\"@type\":\"ListItem\",\"position\":2,\"name\":\"E-pood\",\"item\":\"https:\/\/lavanno.com\/e-pood\/\"},{\"@type\":\"ListItem\",\"position\":3,\"name\":\"Wool &amp; Silk 20kg &#8211; Ens\u00fcmaatiline emulsioonpesuvahend vill &amp; siid\"}]},{\"@type\":\"WebSite\",\"@id\":\"https:\/\/lavanno.com\/en\/#website\",\"url\":\"https:\/\/lavanno.com\/en\/\",\"name\":\"Lavanno - Pesuvahendite ekspert\",\"description\":\"Toome maale ja m\u00fc\u00fcme tekstiili pesuvahendeid, pesumajaseadmeid ja tarvikuid. Hooldame ja konsulteerime.\",\"publisher\":{\"@id\":\"https:\/\/lavanno.com\/en\/#organization\"},\"potentialAction\":[{\"@type\":\"SearchAction\",\"target\":{\"@type\":\"EntryPoint\",\"urlTemplate\":\"https:\/\/lavanno.com\/en\/?s={search_term_string}\"},\"query-input\":{\"@type\":\"PropertyValueSpecification\",\"valueRequired\":true,\"valueName\":\"search_term_string\"}}],\"inLanguage\":\"en-US\"},{\"@type\":\"Organization\",\"@id\":\"https:\/\/lavanno.com\/en\/#organization\",\"name\":\"Lavanno - Pesuvahendite ekspert\",\"url\":\"https:\/\/lavanno.com\/en\/\",\"logo\":{\"@type\":\"ImageObject\",\"inLanguage\":\"en-US\",\"@id\":\"https:\/\/lavanno.com\/en\/#\/schema\/logo\/image\/\",\"url\":\"https:\/\/lavanno.com\/wp-content\/uploads\/2025\/07\/Lavanno.png\",\"contentUrl\":\"https:\/\/lavanno.com\/wp-content\/uploads\/2025\/07\/Lavanno.png\",\"width\":1200,\"height\":1200,\"caption\":\"Lavanno - Pesuvahendite ekspert\"},\"image\":{\"@id\":\"https:\/\/lavanno.com\/en\/#\/schema\/logo\/image\/\"},\"sameAs\":[\"https:\/\/www.facebook.com\/Lavanno.ee\"]}]}<\/script>\n<!-- \/ Yoast SEO plugin. -->","yoast_head_json":{"title":"Wool &amp; Silk 20kg - Ens\u00fcmaatiline emulsioonpesuvahend vill &amp; siid - Lavanno - pesuvahendite ekspert","description":"Ens\u00fcmaatiline emulsioonpesuvahend villale,siidile ja \u00f5rnadele r\u00f5ivastele. Puhastab t\u00f5husalt, s\u00e4ilitab kiud ja annab pehmuse.","robots":{"index":"index","follow":"follow","max-snippet":"max-snippet:-1","max-image-preview":"max-image-preview:large","max-video-preview":"max-video-preview:-1"},"canonical":"https:\/\/lavanno.com\/en\/toode\/wool-silk-20kg-ensumaatiline-emulsioonpesuvahend-vill-siid\/","og_locale":"en_US","og_type":"article","og_title":"Wool &amp; Silk 20kg - Ens\u00fcmaatiline emulsioonpesuvahend vill &amp; siid - Lavanno - pesuvahendite ekspert","og_description":"Ens\u00fcmaatiline emulsioonpesuvahend villale,siidile ja \u00f5rnadele r\u00f5ivastele. Puhastab t\u00f5husalt, s\u00e4ilitab kiud ja annab pehmuse.","og_url":"https:\/\/lavanno.com\/en\/toode\/wool-silk-20kg-ensumaatiline-emulsioonpesuvahend-vill-siid\/","og_site_name":"Lavanno - pesuvahendite ekspert","article_publisher":"https:\/\/www.facebook.com\/Lavanno.ee","article_modified_time":"2026-05-02T05:40:01+00:00","og_image":[{"width":800,"height":800,"url":"https:\/\/lavanno.com\/wp-content\/uploads\/2025\/11\/a39-545nwool_silk_20kg-1.png","type":"image\/png"}],"twitter_card":"summary_large_image","twitter_misc":{"Est. reading time":"1 minute"},"schema":{"@context":"https:\/\/schema.org","@graph":[{"@type":"WebPage","@id":"https:\/\/lavanno.com\/en\/toode\/wool-silk-20kg-ensumaatiline-emulsioonpesuvahend-vill-siid\/","url":"https:\/\/lavanno.com\/en\/toode\/wool-silk-20kg-ensumaatiline-emulsioonpesuvahend-vill-siid\/","name":"Wool &amp; Silk 20kg - Ens\u00fcmaatiline emulsioonpesuvahend vill &amp; siid - Lavanno - pesuvahendite ekspert","isPartOf":{"@id":"https:\/\/lavanno.com\/en\/#website"},"primaryImageOfPage":{"@id":"https:\/\/lavanno.com\/en\/toode\/wool-silk-20kg-ensumaatiline-emulsioonpesuvahend-vill-siid\/#primaryimage"},"image":{"@id":"https:\/\/lavanno.com\/en\/toode\/wool-silk-20kg-ensumaatiline-emulsioonpesuvahend-vill-siid\/#primaryimage"},"thumbnailUrl":"https:\/\/lavanno.com\/wp-content\/uploads\/2025\/11\/a39-545nwool_silk_20kg-1.png","datePublished":"2025-10-22T22:35:01+00:00","dateModified":"2026-05-02T05:40:01+00:00","description":"Ens\u00fcmaatiline emulsioonpesuvahend villale,siidile ja \u00f5rnadele r\u00f5ivastele. Puhastab t\u00f5husalt, s\u00e4ilitab kiud ja annab pehmuse.","breadcrumb":{"@id":"https:\/\/lavanno.com\/en\/toode\/wool-silk-20kg-ensumaatiline-emulsioonpesuvahend-vill-siid\/#breadcrumb"},"inLanguage":"en-US","potentialAction":[{"@type":"ReadAction","target":["https:\/\/lavanno.com\/en\/toode\/wool-silk-20kg-ensumaatiline-emulsioonpesuvahend-vill-siid\/"]}]},{"@type":"ImageObject","inLanguage":"en-US","@id":"https:\/\/lavanno.com\/en\/toode\/wool-silk-20kg-ensumaatiline-emulsioonpesuvahend-vill-siid\/#primaryimage","url":"https:\/\/lavanno.com\/wp-content\/uploads\/2025\/11\/a39-545nwool_silk_20kg-1.png","contentUrl":"https:\/\/lavanno.com\/wp-content\/uploads\/2025\/11\/a39-545nwool_silk_20kg-1.png","width":800,"height":800},{"@type":"BreadcrumbList","@id":"https:\/\/lavanno.com\/en\/toode\/wool-silk-20kg-ensumaatiline-emulsioonpesuvahend-vill-siid\/#breadcrumb","itemListElement":[{"@type":"ListItem","position":1,"name":"Home","item":"https:\/\/lavanno.com\/en\/"},{"@type":"ListItem","position":2,"name":"E-pood","item":"https:\/\/lavanno.com\/e-pood\/"},{"@type":"ListItem","position":3,"name":"Wool &amp; Silk 20kg &#8211; Ens\u00fcmaatiline emulsioonpesuvahend vill &amp; siid"}]},{"@type":"WebSite","@id":"https:\/\/lavanno.com\/en\/#website","url":"https:\/\/lavanno.com\/en\/","name":"Lavanno - Pesuvahendite ekspert","description":"Toome maale ja m\u00fc\u00fcme tekstiili pesuvahendeid, pesumajaseadmeid ja tarvikuid. Hooldame ja konsulteerime.","publisher":{"@id":"https:\/\/lavanno.com\/en\/#organization"},"potentialAction":[{"@type":"SearchAction","target":{"@type":"EntryPoint","urlTemplate":"https:\/\/lavanno.com\/en\/?s={search_term_string}"},"query-input":{"@type":"PropertyValueSpecification","valueRequired":true,"valueName":"search_term_string"}}],"inLanguage":"en-US"},{"@type":"Organization","@id":"https:\/\/lavanno.com\/en\/#organization","name":"Lavanno - Pesuvahendite ekspert","url":"https:\/\/lavanno.com\/en\/","logo":{"@type":"ImageObject","inLanguage":"en-US","@id":"https:\/\/lavanno.com\/en\/#\/schema\/logo\/image\/","url":"https:\/\/lavanno.com\/wp-content\/uploads\/2025\/07\/Lavanno.png","contentUrl":"https:\/\/lavanno.com\/wp-content\/uploads\/2025\/07\/Lavanno.png","width":1200,"height":1200,"caption":"Lavanno - Pesuvahendite ekspert"},"image":{"@id":"https:\/\/lavanno.com\/en\/#\/schema\/logo\/image\/"},"sameAs":["https:\/\/www.facebook.com\/Lavanno.ee"]}]}},"_links":{"self":[{"href":"https:\/\/lavanno.com\/en\/wp-json\/wp\/v2\/product\/12170","targetHints":{"allow":["GET"]}}],"collection":[{"href":"https:\/\/lavanno.com\/en\/wp-json\/wp\/v2\/product"}],"about":[{"href":"https:\/\/lavanno.com\/en\/wp-json\/wp\/v2\/types\/product"}],"replies":[{"embeddable":true,"href":"https:\/\/lavanno.com\/en\/wp-json\/wp\/v2\/comments?post=12170"}],"wp:featuredmedia":[{"embeddable":true,"href":"https:\/\/lavanno.com\/en\/wp-json\/wp\/v2\/media\/12351"}],"wp:attachment":[{"href":"https:\/\/lavanno.com\/en\/wp-json\/wp\/v2\/media?parent=12170"}],"wp:term":[{"taxonomy":"product_brand","embeddable":true,"href":"https:\/\/lavanno.com\/en\/wp-json\/wp\/v2\/product_brand?post=12170"},{"taxonomy":"product_cat","embeddable":true,"href":"https:\/\/lavanno.com\/en\/wp-json\/wp\/v2\/product_cat?post=12170"},{"taxonomy":"product_tag","embeddable":true,"href":"https:\/\/lavanno.com\/en\/wp-json\/wp\/v2\/product_tag?post=12170"}],"curies":[{"name":"wp","href":"https:\/\/api.w.org\/{rel}","templated":true}]}}