{"id":12176,"date":"2025-10-23T01:40:01","date_gmt":"2025-10-22T22:40:01","guid":{"rendered":"https:\/\/lavanno.com\/toode\/note-di-pulito-12x250ml-lohnaessents\/"},"modified":"2026-05-02T20:45:01","modified_gmt":"2026-05-02T17:45:01","slug":"note-di-pulito-12x250ml-lohnaessents","status":"publish","type":"product","link":"https:\/\/lavanno.com\/en\/toode\/note-di-pulito-12x250ml-lohnaessents\/","title":{"rendered":"Note di Pulito 12x250ml &#8211; l\u00f5hnaessents"},"content":{"rendered":"<p><a href=\"https:\/\/lavanno.com\/wp-content\/uploads\/2021\/05\/A80-084Hygienfresh_Essense_Note_di_PulitoRel4ENSDS.pdf\">Safety Data Sheet<\/a><\/br><a href=\"https:\/\/lavanno.com\/wp-content\/uploads\/2021\/05\/A80-084Note_EssenseRel2ENTEC.pdf\">Technical Data Sheet<\/a><\/p>\n","protected":false},"excerpt":{"rendered":"<p>V\u00e4ga kontsentreeritud pesuessents v\u00e4rske pesu l\u00f5hnaga.<\/p>\n<p><\/p>\n<ul><\/p>\n<li>Intensiivne ja kauakestev l\u00f5hn<\/li>\n<p><\/p>\n<li>Puudutusel pehme<\/li>\n<p><\/p>\n<li>Seda saab kasutada igat liiki pesuaine ja pehmendiga<\/li>\n<p><\/p>\n<li>Vaid m\u00f5nest tilgast piisab, et tagada ulatuslik ja kauakestev l\u00f5hn<\/li>\n<p><\/p>\n<li>Ei sisalda fosfaate<\/li>\n<p>\n <\/ul>\n","protected":false},"featured_media":12510,"comment_status":"open","ping_status":"closed","template":"","meta":[],"product_brand":[],"product_cat":[15],"product_tag":[],"class_list":{"0":"post-12176","1":"product","2":"type-product","3":"status-publish","4":"has-post-thumbnail","6":"product_cat-uncategorized","8":"first","9":"outofstock","10":"taxable","11":"shipping-taxable","12":"purchasable","13":"product-type-simple"},"yoast_head":"<!-- This site is optimized with the Yoast SEO plugin v27.0 - https:\/\/yoast.com\/product\/yoast-seo-wordpress\/ -->\n<title>Note di Pulito 12x250ml - l\u00f5hnaessents - Lavanno - pesuvahendite ekspert<\/title>\n<meta name=\"robots\" content=\"index, follow, max-snippet:-1, max-image-preview:large, max-video-preview:-1\" \/>\n<link rel=\"canonical\" href=\"https:\/\/lavanno.com\/en\/toode\/note-di-pulito-12x250ml-lohnaessents\/\" \/>\n<meta property=\"og:locale\" content=\"en_US\" \/>\n<meta property=\"og:type\" content=\"article\" \/>\n<meta property=\"og:title\" content=\"Note di Pulito 12x250ml - l\u00f5hnaessents - Lavanno - pesuvahendite ekspert\" \/>\n<meta property=\"og:description\" content=\"V\u00e4ga kontsentreeritud pesuessents v\u00e4rske pesu l\u00f5hnaga.  Intensiivne ja kauakestev l\u00f5hn Puudutusel pehme Seda saab kasutada igat liiki pesuaine ja pehmendiga Vaid m\u00f5nest tilgast piisab, et tagada ulatuslik ja kauakestev l\u00f5hn Ei sisalda fosfaate\" \/>\n<meta property=\"og:url\" content=\"https:\/\/lavanno.com\/en\/toode\/note-di-pulito-12x250ml-lohnaessents\/\" \/>\n<meta property=\"og:site_name\" content=\"Lavanno - pesuvahendite ekspert\" \/>\n<meta property=\"article:publisher\" content=\"https:\/\/www.facebook.com\/Lavanno.ee\" \/>\n<meta property=\"article:modified_time\" content=\"2026-05-02T17:45:01+00:00\" \/>\n<meta name=\"twitter:card\" content=\"summary_large_image\" \/>\n<script type=\"application\/ld+json\" class=\"yoast-schema-graph\">{\"@context\":\"https:\/\/schema.org\",\"@graph\":[{\"@type\":\"WebPage\",\"@id\":\"https:\/\/lavanno.com\/en\/toode\/note-di-pulito-12x250ml-lohnaessents\/\",\"url\":\"https:\/\/lavanno.com\/en\/toode\/note-di-pulito-12x250ml-lohnaessents\/\",\"name\":\"Note di Pulito 12x250ml - l\u00f5hnaessents - Lavanno - pesuvahendite ekspert\",\"isPartOf\":{\"@id\":\"https:\/\/lavanno.com\/en\/#website\"},\"primaryImageOfPage\":{\"@id\":\"https:\/\/lavanno.com\/en\/toode\/note-di-pulito-12x250ml-lohnaessents\/#primaryimage\"},\"image\":{\"@id\":\"https:\/\/lavanno.com\/en\/toode\/note-di-pulito-12x250ml-lohnaessents\/#primaryimage\"},\"thumbnailUrl\":\"https:\/\/lavanno.com\/wp-content\/uploads\/2025\/11\/a80-084essenza_250ml_notedipulito-1.png\",\"datePublished\":\"2025-10-22T22:40:01+00:00\",\"dateModified\":\"2026-05-02T17:45:01+00:00\",\"breadcrumb\":{\"@id\":\"https:\/\/lavanno.com\/en\/toode\/note-di-pulito-12x250ml-lohnaessents\/#breadcrumb\"},\"inLanguage\":\"en-US\",\"potentialAction\":[{\"@type\":\"ReadAction\",\"target\":[\"https:\/\/lavanno.com\/en\/toode\/note-di-pulito-12x250ml-lohnaessents\/\"]}]},{\"@type\":\"ImageObject\",\"inLanguage\":\"en-US\",\"@id\":\"https:\/\/lavanno.com\/en\/toode\/note-di-pulito-12x250ml-lohnaessents\/#primaryimage\",\"url\":\"https:\/\/lavanno.com\/wp-content\/uploads\/2025\/11\/a80-084essenza_250ml_notedipulito-1.png\",\"contentUrl\":\"https:\/\/lavanno.com\/wp-content\/uploads\/2025\/11\/a80-084essenza_250ml_notedipulito-1.png\",\"width\":800,\"height\":800},{\"@type\":\"BreadcrumbList\",\"@id\":\"https:\/\/lavanno.com\/en\/toode\/note-di-pulito-12x250ml-lohnaessents\/#breadcrumb\",\"itemListElement\":[{\"@type\":\"ListItem\",\"position\":1,\"name\":\"Home\",\"item\":\"https:\/\/lavanno.com\/en\/\"},{\"@type\":\"ListItem\",\"position\":2,\"name\":\"E-pood\",\"item\":\"https:\/\/lavanno.com\/e-pood\/\"},{\"@type\":\"ListItem\",\"position\":3,\"name\":\"Note di Pulito 12x250ml &#8211; l\u00f5hnaessents\"}]},{\"@type\":\"WebSite\",\"@id\":\"https:\/\/lavanno.com\/en\/#website\",\"url\":\"https:\/\/lavanno.com\/en\/\",\"name\":\"Lavanno - Pesuvahendite ekspert\",\"description\":\"Toome maale ja m\u00fc\u00fcme tekstiili pesuvahendeid, pesumajaseadmeid ja tarvikuid. Hooldame ja konsulteerime.\",\"publisher\":{\"@id\":\"https:\/\/lavanno.com\/en\/#organization\"},\"potentialAction\":[{\"@type\":\"SearchAction\",\"target\":{\"@type\":\"EntryPoint\",\"urlTemplate\":\"https:\/\/lavanno.com\/en\/?s={search_term_string}\"},\"query-input\":{\"@type\":\"PropertyValueSpecification\",\"valueRequired\":true,\"valueName\":\"search_term_string\"}}],\"inLanguage\":\"en-US\"},{\"@type\":\"Organization\",\"@id\":\"https:\/\/lavanno.com\/en\/#organization\",\"name\":\"Lavanno - Pesuvahendite ekspert\",\"url\":\"https:\/\/lavanno.com\/en\/\",\"logo\":{\"@type\":\"ImageObject\",\"inLanguage\":\"en-US\",\"@id\":\"https:\/\/lavanno.com\/en\/#\/schema\/logo\/image\/\",\"url\":\"https:\/\/lavanno.com\/wp-content\/uploads\/2025\/07\/Lavanno.png\",\"contentUrl\":\"https:\/\/lavanno.com\/wp-content\/uploads\/2025\/07\/Lavanno.png\",\"width\":1200,\"height\":1200,\"caption\":\"Lavanno - Pesuvahendite ekspert\"},\"image\":{\"@id\":\"https:\/\/lavanno.com\/en\/#\/schema\/logo\/image\/\"},\"sameAs\":[\"https:\/\/www.facebook.com\/Lavanno.ee\"]}]}<\/script>\n<!-- \/ Yoast SEO plugin. -->","yoast_head_json":{"title":"Note di Pulito 12x250ml - l\u00f5hnaessents - Lavanno - pesuvahendite ekspert","robots":{"index":"index","follow":"follow","max-snippet":"max-snippet:-1","max-image-preview":"max-image-preview:large","max-video-preview":"max-video-preview:-1"},"canonical":"https:\/\/lavanno.com\/en\/toode\/note-di-pulito-12x250ml-lohnaessents\/","og_locale":"en_US","og_type":"article","og_title":"Note di Pulito 12x250ml - l\u00f5hnaessents - Lavanno - pesuvahendite ekspert","og_description":"V\u00e4ga kontsentreeritud pesuessents v\u00e4rske pesu l\u00f5hnaga.  Intensiivne ja kauakestev l\u00f5hn Puudutusel pehme Seda saab kasutada igat liiki pesuaine ja pehmendiga Vaid m\u00f5nest tilgast piisab, et tagada ulatuslik ja kauakestev l\u00f5hn Ei sisalda fosfaate","og_url":"https:\/\/lavanno.com\/en\/toode\/note-di-pulito-12x250ml-lohnaessents\/","og_site_name":"Lavanno - pesuvahendite ekspert","article_publisher":"https:\/\/www.facebook.com\/Lavanno.ee","article_modified_time":"2026-05-02T17:45:01+00:00","twitter_card":"summary_large_image","schema":{"@context":"https:\/\/schema.org","@graph":[{"@type":"WebPage","@id":"https:\/\/lavanno.com\/en\/toode\/note-di-pulito-12x250ml-lohnaessents\/","url":"https:\/\/lavanno.com\/en\/toode\/note-di-pulito-12x250ml-lohnaessents\/","name":"Note di Pulito 12x250ml - l\u00f5hnaessents - Lavanno - pesuvahendite ekspert","isPartOf":{"@id":"https:\/\/lavanno.com\/en\/#website"},"primaryImageOfPage":{"@id":"https:\/\/lavanno.com\/en\/toode\/note-di-pulito-12x250ml-lohnaessents\/#primaryimage"},"image":{"@id":"https:\/\/lavanno.com\/en\/toode\/note-di-pulito-12x250ml-lohnaessents\/#primaryimage"},"thumbnailUrl":"https:\/\/lavanno.com\/wp-content\/uploads\/2025\/11\/a80-084essenza_250ml_notedipulito-1.png","datePublished":"2025-10-22T22:40:01+00:00","dateModified":"2026-05-02T17:45:01+00:00","breadcrumb":{"@id":"https:\/\/lavanno.com\/en\/toode\/note-di-pulito-12x250ml-lohnaessents\/#breadcrumb"},"inLanguage":"en-US","potentialAction":[{"@type":"ReadAction","target":["https:\/\/lavanno.com\/en\/toode\/note-di-pulito-12x250ml-lohnaessents\/"]}]},{"@type":"ImageObject","inLanguage":"en-US","@id":"https:\/\/lavanno.com\/en\/toode\/note-di-pulito-12x250ml-lohnaessents\/#primaryimage","url":"https:\/\/lavanno.com\/wp-content\/uploads\/2025\/11\/a80-084essenza_250ml_notedipulito-1.png","contentUrl":"https:\/\/lavanno.com\/wp-content\/uploads\/2025\/11\/a80-084essenza_250ml_notedipulito-1.png","width":800,"height":800},{"@type":"BreadcrumbList","@id":"https:\/\/lavanno.com\/en\/toode\/note-di-pulito-12x250ml-lohnaessents\/#breadcrumb","itemListElement":[{"@type":"ListItem","position":1,"name":"Home","item":"https:\/\/lavanno.com\/en\/"},{"@type":"ListItem","position":2,"name":"E-pood","item":"https:\/\/lavanno.com\/e-pood\/"},{"@type":"ListItem","position":3,"name":"Note di Pulito 12x250ml &#8211; l\u00f5hnaessents"}]},{"@type":"WebSite","@id":"https:\/\/lavanno.com\/en\/#website","url":"https:\/\/lavanno.com\/en\/","name":"Lavanno - Pesuvahendite ekspert","description":"Toome maale ja m\u00fc\u00fcme tekstiili pesuvahendeid, pesumajaseadmeid ja tarvikuid. Hooldame ja konsulteerime.","publisher":{"@id":"https:\/\/lavanno.com\/en\/#organization"},"potentialAction":[{"@type":"SearchAction","target":{"@type":"EntryPoint","urlTemplate":"https:\/\/lavanno.com\/en\/?s={search_term_string}"},"query-input":{"@type":"PropertyValueSpecification","valueRequired":true,"valueName":"search_term_string"}}],"inLanguage":"en-US"},{"@type":"Organization","@id":"https:\/\/lavanno.com\/en\/#organization","name":"Lavanno - Pesuvahendite ekspert","url":"https:\/\/lavanno.com\/en\/","logo":{"@type":"ImageObject","inLanguage":"en-US","@id":"https:\/\/lavanno.com\/en\/#\/schema\/logo\/image\/","url":"https:\/\/lavanno.com\/wp-content\/uploads\/2025\/07\/Lavanno.png","contentUrl":"https:\/\/lavanno.com\/wp-content\/uploads\/2025\/07\/Lavanno.png","width":1200,"height":1200,"caption":"Lavanno - Pesuvahendite ekspert"},"image":{"@id":"https:\/\/lavanno.com\/en\/#\/schema\/logo\/image\/"},"sameAs":["https:\/\/www.facebook.com\/Lavanno.ee"]}]}},"_links":{"self":[{"href":"https:\/\/lavanno.com\/en\/wp-json\/wp\/v2\/product\/12176","targetHints":{"allow":["GET"]}}],"collection":[{"href":"https:\/\/lavanno.com\/en\/wp-json\/wp\/v2\/product"}],"about":[{"href":"https:\/\/lavanno.com\/en\/wp-json\/wp\/v2\/types\/product"}],"replies":[{"embeddable":true,"href":"https:\/\/lavanno.com\/en\/wp-json\/wp\/v2\/comments?post=12176"}],"wp:featuredmedia":[{"embeddable":true,"href":"https:\/\/lavanno.com\/en\/wp-json\/wp\/v2\/media\/12510"}],"wp:attachment":[{"href":"https:\/\/lavanno.com\/en\/wp-json\/wp\/v2\/media?parent=12176"}],"wp:term":[{"taxonomy":"product_brand","embeddable":true,"href":"https:\/\/lavanno.com\/en\/wp-json\/wp\/v2\/product_brand?post=12176"},{"taxonomy":"product_cat","embeddable":true,"href":"https:\/\/lavanno.com\/en\/wp-json\/wp\/v2\/product_cat?post=12176"},{"taxonomy":"product_tag","embeddable":true,"href":"https:\/\/lavanno.com\/en\/wp-json\/wp\/v2\/product_tag?post=12176"}],"curies":[{"name":"wp","href":"https:\/\/api.w.org\/{rel}","templated":true}]}}