{"id":12177,"date":"2025-10-23T01:40:01","date_gmt":"2025-10-22T22:40:01","guid":{"rendered":"https:\/\/lavanno.com\/toode\/emulsene-f4-20kg-ensumaatiline-emulsioonpesuaine\/"},"modified":"2026-05-02T14:45:01","modified_gmt":"2026-05-02T11:45:01","slug":"emulsene-f4-20kg-ensumaatiline-emulsioonpesuaine","status":"publish","type":"product","link":"https:\/\/lavanno.com\/en\/toode\/emulsene-f4-20kg-ensumaatiline-emulsioonpesuaine\/","title":{"rendered":"Emulsene F4 20kg &#8211; Ens\u00fcmaatiline emulsioonpesuaine"},"content":{"rendered":"<p><strong>Spetsifikatsioonid<\/strong><\/p>\n<p><strong>Kasutamine<\/strong><\/p>\n<ul>\n<li>Hygienfresh\u00ae Emulsene F4 pesuainet kasutatakse nii valgete kui ka v\u00e4rviliste r\u00f5ivaste jaoks, samuti igat t\u00fc\u00fcpi r\u00f5ivaste (puuvill, denim, vastupidavad s\u00fcnteetilised materjalid jne) puhul.<\/li>\n<li>Ei ole soovitatav kasutada \u00f5rnade kangaste ja villaste esemete puhul.<\/li>\n<\/ul>\n<p><strong>Koostisosad<\/strong><\/p>\n<p>Aqua, C13-15 pareth-7, tea-dodek\u00fc\u00fclbenseensulfonaat, butoks\u00fcdigl\u00fckool, kokamiid DEA, naatriumdodek\u00fc\u00fclbenseensulfonaat, mea-boraat, naatriumtsitraat, citral, limoneen, dietanoolamiin, dimetikoon, naatriumdist\u00fc\u00fc\u00fclbifen\u00fc\u00fcldisulfonaat, subtilisiin, steareet-21, trimet\u00fc\u00fclheks\u00fc\u00fclatsetaat, \u03b1-am\u00fclaas, lipaas, tsellulaas, met\u00fc\u00fclkloroisotiasolinoon, met\u00fc\u00fclisotiasolinoon\u00a0(3:1) = 0,00075%<\/p>\n<p><strong>Funktsioon<\/strong><\/p>\n<p>Wet-Cleaning pesuaine.<\/p>\n<p><a href=\"https:\/\/lavanno.com\/wp-content\/uploads\/2025\/10\/A39-550Hygienfresh_WetFresh_Emulsene_F4Rel2ETSDS.pdf\" target=\"_blank\" rel=\"noopener\">Ohutuskaart<\/a><\/p>\n","protected":false},"excerpt":{"rendered":"<p>Emulsene F4 on t\u00e4iuslik ens\u00fcmaatiline pesuvahend WET CLEANING-pesuks, mis on loodud t\u00f5rksate mustuse- ja rasvaplekkide eemaldamiseks. Toode \u00fchendab k\u00f5rge puhastusv\u00f5ime ja kangaste \u00f5rna hoolduse, olles samal ajal t\u00f5hus mustuse vastu ning hell v\u00e4rvide ja kiudude suhtes.<\/p>\n<ul>\n<li>K\u00f5rge kontsentratsiooniga pindaktiivsed ained tagavad tugeva rasvaeemaldava ja emulgeeriva toime ka rasketele plekkidele.<\/li>\n<li>4 ens\u00fc\u00fcmi valem (proteaas, am\u00fclaas, lipaas ja tsellulaas) v\u00f5imaldab laia toimespektriga ja s\u00fcgavpuhastust.<\/li>\n<li>Lipaas \u2013 uuenduslik ens\u00fc\u00fcm rasvaste ja \u00f5liplekkide (lipiidide) t\u00f5husaks eemaldamiseks.<\/li>\n<li>Tugev mustuse vastu, \u00f5rn v\u00e4rvide ja kiudude suhtes.<\/li>\n<li>V\u00e4rvi\u00fclekandevastane pol\u00fcmeer aitab v\u00e4ltida juhuslikku v\u00e4rvide \u00fclekandumist.<\/li>\n<li>Uue p\u00f5lvkonna WET CLEANING pindaktiivsed ained.<\/li>\n<li>Eriti t\u00f5hus kraede ja varrukaotste puhastamisel, ilma eelharjamist vajamata.<\/li>\n<\/ul>\n","protected":false},"featured_media":12512,"comment_status":"open","ping_status":"closed","template":"","meta":[],"product_brand":[],"product_cat":[506,525,538],"product_tag":[834,835,837,840],"class_list":{"0":"post-12177","1":"product","2":"type-product","3":"status-publish","4":"has-post-thumbnail","6":"product_cat-ariklient","7":"product_cat-vesipesuvahendid","8":"product_cat-emulsioonpesu-wet-clean","9":"product_tag-horeca","10":"product_tag-pesumajad","11":"product_tag-puhastusteenindus","12":"product_tag-toostusettevotted","14":"first","15":"instock","16":"taxable","17":"shipping-taxable","18":"purchasable","19":"product-type-simple"},"yoast_head":"<!-- This site is optimized with the Yoast SEO plugin v27.0 - https:\/\/yoast.com\/product\/yoast-seo-wordpress\/ -->\n<title>Emulsene F4 20kg - Ens\u00fcmaatiline emulsioonpesuaine - Lavanno - pesuvahendite ekspert<\/title>\n<meta name=\"description\" content=\"Emulsene F4 - ens\u00fcmaatiline WET CLEANING pesuvahend, mis eemaldab t\u00f5husalt rasva ja mustuse, kaitseb v\u00e4rve ja kiude ning puhastab kraed ja varrukaotsad.\" \/>\n<meta name=\"robots\" content=\"index, follow, max-snippet:-1, max-image-preview:large, max-video-preview:-1\" \/>\n<link rel=\"canonical\" href=\"https:\/\/lavanno.com\/en\/toode\/emulsene-f4-20kg-ensumaatiline-emulsioonpesuaine\/\" \/>\n<meta property=\"og:locale\" content=\"en_US\" \/>\n<meta property=\"og:type\" content=\"article\" \/>\n<meta property=\"og:title\" content=\"Emulsene F4 20kg - Ens\u00fcmaatiline emulsioonpesuaine - Lavanno - pesuvahendite ekspert\" \/>\n<meta property=\"og:description\" content=\"Emulsene F4 - ens\u00fcmaatiline WET CLEANING pesuvahend, mis eemaldab t\u00f5husalt rasva ja mustuse, kaitseb v\u00e4rve ja kiude ning puhastab kraed ja varrukaotsad.\" \/>\n<meta property=\"og:url\" content=\"https:\/\/lavanno.com\/en\/toode\/emulsene-f4-20kg-ensumaatiline-emulsioonpesuaine\/\" \/>\n<meta property=\"og:site_name\" content=\"Lavanno - pesuvahendite ekspert\" \/>\n<meta property=\"article:publisher\" content=\"https:\/\/www.facebook.com\/Lavanno.ee\" \/>\n<meta property=\"article:modified_time\" content=\"2026-05-02T11:45:01+00:00\" \/>\n<meta property=\"og:image\" content=\"https:\/\/lavanno.com\/wp-content\/uploads\/2025\/11\/a39-550nemulsenef4_20kg-1.png\" \/>\n\t<meta property=\"og:image:width\" content=\"800\" \/>\n\t<meta property=\"og:image:height\" content=\"800\" \/>\n\t<meta property=\"og:image:type\" content=\"image\/png\" \/>\n<meta name=\"twitter:card\" content=\"summary_large_image\" \/>\n<meta name=\"twitter:label1\" content=\"Est. reading time\" \/>\n\t<meta name=\"twitter:data1\" content=\"1 minute\" \/>\n<script type=\"application\/ld+json\" class=\"yoast-schema-graph\">{\"@context\":\"https:\/\/schema.org\",\"@graph\":[{\"@type\":\"WebPage\",\"@id\":\"https:\/\/lavanno.com\/en\/toode\/emulsene-f4-20kg-ensumaatiline-emulsioonpesuaine\/\",\"url\":\"https:\/\/lavanno.com\/en\/toode\/emulsene-f4-20kg-ensumaatiline-emulsioonpesuaine\/\",\"name\":\"Emulsene F4 20kg - Ens\u00fcmaatiline emulsioonpesuaine - Lavanno - pesuvahendite ekspert\",\"isPartOf\":{\"@id\":\"https:\/\/lavanno.com\/en\/#website\"},\"primaryImageOfPage\":{\"@id\":\"https:\/\/lavanno.com\/en\/toode\/emulsene-f4-20kg-ensumaatiline-emulsioonpesuaine\/#primaryimage\"},\"image\":{\"@id\":\"https:\/\/lavanno.com\/en\/toode\/emulsene-f4-20kg-ensumaatiline-emulsioonpesuaine\/#primaryimage\"},\"thumbnailUrl\":\"https:\/\/lavanno.com\/wp-content\/uploads\/2025\/11\/a39-550nemulsenef4_20kg-1.png\",\"datePublished\":\"2025-10-22T22:40:01+00:00\",\"dateModified\":\"2026-05-02T11:45:01+00:00\",\"description\":\"Emulsene F4 - ens\u00fcmaatiline WET CLEANING pesuvahend, mis eemaldab t\u00f5husalt rasva ja mustuse, kaitseb v\u00e4rve ja kiude ning puhastab kraed ja varrukaotsad.\",\"breadcrumb\":{\"@id\":\"https:\/\/lavanno.com\/en\/toode\/emulsene-f4-20kg-ensumaatiline-emulsioonpesuaine\/#breadcrumb\"},\"inLanguage\":\"en-US\",\"potentialAction\":[{\"@type\":\"ReadAction\",\"target\":[\"https:\/\/lavanno.com\/en\/toode\/emulsene-f4-20kg-ensumaatiline-emulsioonpesuaine\/\"]}]},{\"@type\":\"ImageObject\",\"inLanguage\":\"en-US\",\"@id\":\"https:\/\/lavanno.com\/en\/toode\/emulsene-f4-20kg-ensumaatiline-emulsioonpesuaine\/#primaryimage\",\"url\":\"https:\/\/lavanno.com\/wp-content\/uploads\/2025\/11\/a39-550nemulsenef4_20kg-1.png\",\"contentUrl\":\"https:\/\/lavanno.com\/wp-content\/uploads\/2025\/11\/a39-550nemulsenef4_20kg-1.png\",\"width\":800,\"height\":800},{\"@type\":\"BreadcrumbList\",\"@id\":\"https:\/\/lavanno.com\/en\/toode\/emulsene-f4-20kg-ensumaatiline-emulsioonpesuaine\/#breadcrumb\",\"itemListElement\":[{\"@type\":\"ListItem\",\"position\":1,\"name\":\"Home\",\"item\":\"https:\/\/lavanno.com\/en\/\"},{\"@type\":\"ListItem\",\"position\":2,\"name\":\"E-pood\",\"item\":\"https:\/\/lavanno.com\/e-pood\/\"},{\"@type\":\"ListItem\",\"position\":3,\"name\":\"Emulsene F4 20kg &#8211; Ens\u00fcmaatiline emulsioonpesuaine\"}]},{\"@type\":\"WebSite\",\"@id\":\"https:\/\/lavanno.com\/en\/#website\",\"url\":\"https:\/\/lavanno.com\/en\/\",\"name\":\"Lavanno - Pesuvahendite ekspert\",\"description\":\"Toome maale ja m\u00fc\u00fcme tekstiili pesuvahendeid, pesumajaseadmeid ja tarvikuid. Hooldame ja konsulteerime.\",\"publisher\":{\"@id\":\"https:\/\/lavanno.com\/en\/#organization\"},\"potentialAction\":[{\"@type\":\"SearchAction\",\"target\":{\"@type\":\"EntryPoint\",\"urlTemplate\":\"https:\/\/lavanno.com\/en\/?s={search_term_string}\"},\"query-input\":{\"@type\":\"PropertyValueSpecification\",\"valueRequired\":true,\"valueName\":\"search_term_string\"}}],\"inLanguage\":\"en-US\"},{\"@type\":\"Organization\",\"@id\":\"https:\/\/lavanno.com\/en\/#organization\",\"name\":\"Lavanno - Pesuvahendite ekspert\",\"url\":\"https:\/\/lavanno.com\/en\/\",\"logo\":{\"@type\":\"ImageObject\",\"inLanguage\":\"en-US\",\"@id\":\"https:\/\/lavanno.com\/en\/#\/schema\/logo\/image\/\",\"url\":\"https:\/\/lavanno.com\/wp-content\/uploads\/2025\/07\/Lavanno.png\",\"contentUrl\":\"https:\/\/lavanno.com\/wp-content\/uploads\/2025\/07\/Lavanno.png\",\"width\":1200,\"height\":1200,\"caption\":\"Lavanno - Pesuvahendite ekspert\"},\"image\":{\"@id\":\"https:\/\/lavanno.com\/en\/#\/schema\/logo\/image\/\"},\"sameAs\":[\"https:\/\/www.facebook.com\/Lavanno.ee\"]}]}<\/script>\n<!-- \/ Yoast SEO plugin. -->","yoast_head_json":{"title":"Emulsene F4 20kg - Ens\u00fcmaatiline emulsioonpesuaine - Lavanno - pesuvahendite ekspert","description":"Emulsene F4 - ens\u00fcmaatiline WET CLEANING pesuvahend, mis eemaldab t\u00f5husalt rasva ja mustuse, kaitseb v\u00e4rve ja kiude ning puhastab kraed ja varrukaotsad.","robots":{"index":"index","follow":"follow","max-snippet":"max-snippet:-1","max-image-preview":"max-image-preview:large","max-video-preview":"max-video-preview:-1"},"canonical":"https:\/\/lavanno.com\/en\/toode\/emulsene-f4-20kg-ensumaatiline-emulsioonpesuaine\/","og_locale":"en_US","og_type":"article","og_title":"Emulsene F4 20kg - Ens\u00fcmaatiline emulsioonpesuaine - Lavanno - pesuvahendite ekspert","og_description":"Emulsene F4 - ens\u00fcmaatiline WET CLEANING pesuvahend, mis eemaldab t\u00f5husalt rasva ja mustuse, kaitseb v\u00e4rve ja kiude ning puhastab kraed ja varrukaotsad.","og_url":"https:\/\/lavanno.com\/en\/toode\/emulsene-f4-20kg-ensumaatiline-emulsioonpesuaine\/","og_site_name":"Lavanno - pesuvahendite ekspert","article_publisher":"https:\/\/www.facebook.com\/Lavanno.ee","article_modified_time":"2026-05-02T11:45:01+00:00","og_image":[{"width":800,"height":800,"url":"https:\/\/lavanno.com\/wp-content\/uploads\/2025\/11\/a39-550nemulsenef4_20kg-1.png","type":"image\/png"}],"twitter_card":"summary_large_image","twitter_misc":{"Est. reading time":"1 minute"},"schema":{"@context":"https:\/\/schema.org","@graph":[{"@type":"WebPage","@id":"https:\/\/lavanno.com\/en\/toode\/emulsene-f4-20kg-ensumaatiline-emulsioonpesuaine\/","url":"https:\/\/lavanno.com\/en\/toode\/emulsene-f4-20kg-ensumaatiline-emulsioonpesuaine\/","name":"Emulsene F4 20kg - Ens\u00fcmaatiline emulsioonpesuaine - Lavanno - pesuvahendite ekspert","isPartOf":{"@id":"https:\/\/lavanno.com\/en\/#website"},"primaryImageOfPage":{"@id":"https:\/\/lavanno.com\/en\/toode\/emulsene-f4-20kg-ensumaatiline-emulsioonpesuaine\/#primaryimage"},"image":{"@id":"https:\/\/lavanno.com\/en\/toode\/emulsene-f4-20kg-ensumaatiline-emulsioonpesuaine\/#primaryimage"},"thumbnailUrl":"https:\/\/lavanno.com\/wp-content\/uploads\/2025\/11\/a39-550nemulsenef4_20kg-1.png","datePublished":"2025-10-22T22:40:01+00:00","dateModified":"2026-05-02T11:45:01+00:00","description":"Emulsene F4 - ens\u00fcmaatiline WET CLEANING pesuvahend, mis eemaldab t\u00f5husalt rasva ja mustuse, kaitseb v\u00e4rve ja kiude ning puhastab kraed ja varrukaotsad.","breadcrumb":{"@id":"https:\/\/lavanno.com\/en\/toode\/emulsene-f4-20kg-ensumaatiline-emulsioonpesuaine\/#breadcrumb"},"inLanguage":"en-US","potentialAction":[{"@type":"ReadAction","target":["https:\/\/lavanno.com\/en\/toode\/emulsene-f4-20kg-ensumaatiline-emulsioonpesuaine\/"]}]},{"@type":"ImageObject","inLanguage":"en-US","@id":"https:\/\/lavanno.com\/en\/toode\/emulsene-f4-20kg-ensumaatiline-emulsioonpesuaine\/#primaryimage","url":"https:\/\/lavanno.com\/wp-content\/uploads\/2025\/11\/a39-550nemulsenef4_20kg-1.png","contentUrl":"https:\/\/lavanno.com\/wp-content\/uploads\/2025\/11\/a39-550nemulsenef4_20kg-1.png","width":800,"height":800},{"@type":"BreadcrumbList","@id":"https:\/\/lavanno.com\/en\/toode\/emulsene-f4-20kg-ensumaatiline-emulsioonpesuaine\/#breadcrumb","itemListElement":[{"@type":"ListItem","position":1,"name":"Home","item":"https:\/\/lavanno.com\/en\/"},{"@type":"ListItem","position":2,"name":"E-pood","item":"https:\/\/lavanno.com\/e-pood\/"},{"@type":"ListItem","position":3,"name":"Emulsene F4 20kg &#8211; Ens\u00fcmaatiline emulsioonpesuaine"}]},{"@type":"WebSite","@id":"https:\/\/lavanno.com\/en\/#website","url":"https:\/\/lavanno.com\/en\/","name":"Lavanno - Pesuvahendite ekspert","description":"Toome maale ja m\u00fc\u00fcme tekstiili pesuvahendeid, pesumajaseadmeid ja tarvikuid. Hooldame ja konsulteerime.","publisher":{"@id":"https:\/\/lavanno.com\/en\/#organization"},"potentialAction":[{"@type":"SearchAction","target":{"@type":"EntryPoint","urlTemplate":"https:\/\/lavanno.com\/en\/?s={search_term_string}"},"query-input":{"@type":"PropertyValueSpecification","valueRequired":true,"valueName":"search_term_string"}}],"inLanguage":"en-US"},{"@type":"Organization","@id":"https:\/\/lavanno.com\/en\/#organization","name":"Lavanno - Pesuvahendite ekspert","url":"https:\/\/lavanno.com\/en\/","logo":{"@type":"ImageObject","inLanguage":"en-US","@id":"https:\/\/lavanno.com\/en\/#\/schema\/logo\/image\/","url":"https:\/\/lavanno.com\/wp-content\/uploads\/2025\/07\/Lavanno.png","contentUrl":"https:\/\/lavanno.com\/wp-content\/uploads\/2025\/07\/Lavanno.png","width":1200,"height":1200,"caption":"Lavanno - Pesuvahendite ekspert"},"image":{"@id":"https:\/\/lavanno.com\/en\/#\/schema\/logo\/image\/"},"sameAs":["https:\/\/www.facebook.com\/Lavanno.ee"]}]}},"_links":{"self":[{"href":"https:\/\/lavanno.com\/en\/wp-json\/wp\/v2\/product\/12177","targetHints":{"allow":["GET"]}}],"collection":[{"href":"https:\/\/lavanno.com\/en\/wp-json\/wp\/v2\/product"}],"about":[{"href":"https:\/\/lavanno.com\/en\/wp-json\/wp\/v2\/types\/product"}],"replies":[{"embeddable":true,"href":"https:\/\/lavanno.com\/en\/wp-json\/wp\/v2\/comments?post=12177"}],"wp:featuredmedia":[{"embeddable":true,"href":"https:\/\/lavanno.com\/en\/wp-json\/wp\/v2\/media\/12512"}],"wp:attachment":[{"href":"https:\/\/lavanno.com\/en\/wp-json\/wp\/v2\/media?parent=12177"}],"wp:term":[{"taxonomy":"product_brand","embeddable":true,"href":"https:\/\/lavanno.com\/en\/wp-json\/wp\/v2\/product_brand?post=12177"},{"taxonomy":"product_cat","embeddable":true,"href":"https:\/\/lavanno.com\/en\/wp-json\/wp\/v2\/product_cat?post=12177"},{"taxonomy":"product_tag","embeddable":true,"href":"https:\/\/lavanno.com\/en\/wp-json\/wp\/v2\/product_tag?post=12177"}],"curies":[{"name":"wp","href":"https:\/\/api.w.org\/{rel}","templated":true}]}}