{"id":12184,"date":"2025-10-23T01:40:02","date_gmt":"2025-10-22T22:40:02","guid":{"rendered":"https:\/\/lavanno.com\/toode\/tarmacid-fresh-laundry-400ml-torjevahend\/"},"modified":"2026-05-02T14:45:01","modified_gmt":"2026-05-02T11:45:01","slug":"tarmacid-fresh-laundry-400ml-torjevahend","status":"publish","type":"product","link":"https:\/\/lavanno.com\/en\/toode\/tarmacid-fresh-laundry-400ml-torjevahend\/","title":{"rendered":"Tarmacid &#8211; Fresh Laundry 400ml &#8211; t\u00f5rjevahend"},"content":{"rendered":"<p><a href=\"https:\/\/lavanno.com\/wp-content\/uploads\/2021\/05\/A72-005Hygienfresh_Tarmacid_Fresh_Laundry_-_P.M.C_20396Rel1ENSDS.pdf\">Safety Data Sheet<\/a><\/br><a href=\"https:\/\/lavanno.com\/wp-content\/uploads\/2021\/05\/A72-005Tarmacid_fresh_laundryRel2ENTEC.pdf\">Technical Data Sheet<\/a><\/p>\n","protected":false},"excerpt":{"rendered":"<p>Spetsiaalne ja sertifitseeritud koi- ja tolmulesta t\u00f5rjesprei.<\/p>\n<p> Selle toote eelised:<br \/>\n Professionaalne ja sertifitseeritud efektiivsusega kahjurit\u00f5rje.<br \/>\n Kaitseb riidekapis ja sahtlites olevaid r\u00f5ivaid ja kangaid.<br \/>\n H\u00e4vitab koid, nende vastsed ja munad.<br \/>\n H\u00e4vitab tolmulestad.<br \/>\n Testitud ja tervishoiuministri poolt kinnitatud koi- ja lestat\u00f5rjevahend.<br \/>\n Aktiivne toime ja kauakestev delikaatne l\u00f5hn.<br \/>\n Itaalia tervishoiuministri v\u00e4lja antud registreerimistunnistus n. 20396.<\/p>\n","protected":false},"featured_media":12381,"comment_status":"open","ping_status":"closed","template":"","meta":[],"product_brand":[],"product_cat":[15],"product_tag":[],"class_list":{"0":"post-12184","1":"product","2":"type-product","3":"status-publish","4":"has-post-thumbnail","6":"product_cat-uncategorized","8":"first","9":"instock","10":"taxable","11":"shipping-taxable","12":"purchasable","13":"product-type-simple"},"yoast_head":"<!-- This site is optimized with the Yoast SEO plugin v27.0 - https:\/\/yoast.com\/product\/yoast-seo-wordpress\/ -->\n<title>Tarmacid - Fresh Laundry 400ml - t\u00f5rjevahend - Lavanno - pesuvahendite ekspert<\/title>\n<meta name=\"robots\" content=\"index, follow, max-snippet:-1, max-image-preview:large, max-video-preview:-1\" \/>\n<link rel=\"canonical\" href=\"https:\/\/lavanno.com\/en\/toode\/tarmacid-fresh-laundry-400ml-torjevahend\/\" \/>\n<meta property=\"og:locale\" content=\"en_US\" \/>\n<meta property=\"og:type\" content=\"article\" \/>\n<meta property=\"og:title\" content=\"Tarmacid - Fresh Laundry 400ml - t\u00f5rjevahend - Lavanno - pesuvahendite ekspert\" \/>\n<meta property=\"og:description\" content=\"Spetsiaalne ja sertifitseeritud koi- ja tolmulesta t\u00f5rjesprei.  Selle toote eelised: Professionaalne ja sertifitseeritud efektiivsusega kahjurit\u00f5rje. Kaitseb riidekapis ja sahtlites olevaid r\u00f5ivaid ja kangaid. H\u00e4vitab koid, nende vastsed ja munad. H\u00e4vitab tolmulestad. Testitud ja tervishoiuministri poolt kinnitatud koi- ja lestat\u00f5rjevahend. Aktiivne toime ja kauakestev delikaatne l\u00f5hn. Itaalia tervishoiuministri v\u00e4lja antud registreerimistunnistus n. 20396.\" \/>\n<meta property=\"og:url\" content=\"https:\/\/lavanno.com\/en\/toode\/tarmacid-fresh-laundry-400ml-torjevahend\/\" \/>\n<meta property=\"og:site_name\" content=\"Lavanno - pesuvahendite ekspert\" \/>\n<meta property=\"article:publisher\" content=\"https:\/\/www.facebook.com\/Lavanno.ee\" \/>\n<meta property=\"article:modified_time\" content=\"2026-05-02T11:45:01+00:00\" \/>\n<meta name=\"twitter:card\" content=\"summary_large_image\" \/>\n<script type=\"application\/ld+json\" class=\"yoast-schema-graph\">{\"@context\":\"https:\/\/schema.org\",\"@graph\":[{\"@type\":\"WebPage\",\"@id\":\"https:\/\/lavanno.com\/en\/toode\/tarmacid-fresh-laundry-400ml-torjevahend\/\",\"url\":\"https:\/\/lavanno.com\/en\/toode\/tarmacid-fresh-laundry-400ml-torjevahend\/\",\"name\":\"Tarmacid - Fresh Laundry 400ml - t\u00f5rjevahend - Lavanno - pesuvahendite ekspert\",\"isPartOf\":{\"@id\":\"https:\/\/lavanno.com\/en\/#website\"},\"primaryImageOfPage\":{\"@id\":\"https:\/\/lavanno.com\/en\/toode\/tarmacid-fresh-laundry-400ml-torjevahend\/#primaryimage\"},\"image\":{\"@id\":\"https:\/\/lavanno.com\/en\/toode\/tarmacid-fresh-laundry-400ml-torjevahend\/#primaryimage\"},\"thumbnailUrl\":\"https:\/\/lavanno.com\/wp-content\/uploads\/2025\/11\/a72-005qutarmacid_freshlaundry_tappo_bianco_bollino-1.png\",\"datePublished\":\"2025-10-22T22:40:02+00:00\",\"dateModified\":\"2026-05-02T11:45:01+00:00\",\"breadcrumb\":{\"@id\":\"https:\/\/lavanno.com\/en\/toode\/tarmacid-fresh-laundry-400ml-torjevahend\/#breadcrumb\"},\"inLanguage\":\"en-US\",\"potentialAction\":[{\"@type\":\"ReadAction\",\"target\":[\"https:\/\/lavanno.com\/en\/toode\/tarmacid-fresh-laundry-400ml-torjevahend\/\"]}]},{\"@type\":\"ImageObject\",\"inLanguage\":\"en-US\",\"@id\":\"https:\/\/lavanno.com\/en\/toode\/tarmacid-fresh-laundry-400ml-torjevahend\/#primaryimage\",\"url\":\"https:\/\/lavanno.com\/wp-content\/uploads\/2025\/11\/a72-005qutarmacid_freshlaundry_tappo_bianco_bollino-1.png\",\"contentUrl\":\"https:\/\/lavanno.com\/wp-content\/uploads\/2025\/11\/a72-005qutarmacid_freshlaundry_tappo_bianco_bollino-1.png\",\"width\":800,\"height\":800},{\"@type\":\"BreadcrumbList\",\"@id\":\"https:\/\/lavanno.com\/en\/toode\/tarmacid-fresh-laundry-400ml-torjevahend\/#breadcrumb\",\"itemListElement\":[{\"@type\":\"ListItem\",\"position\":1,\"name\":\"Home\",\"item\":\"https:\/\/lavanno.com\/en\/\"},{\"@type\":\"ListItem\",\"position\":2,\"name\":\"E-pood\",\"item\":\"https:\/\/lavanno.com\/e-pood\/\"},{\"@type\":\"ListItem\",\"position\":3,\"name\":\"Tarmacid &#8211; Fresh Laundry 400ml &#8211; t\u00f5rjevahend\"}]},{\"@type\":\"WebSite\",\"@id\":\"https:\/\/lavanno.com\/en\/#website\",\"url\":\"https:\/\/lavanno.com\/en\/\",\"name\":\"Lavanno - Pesuvahendite ekspert\",\"description\":\"Toome maale ja m\u00fc\u00fcme tekstiili pesuvahendeid, pesumajaseadmeid ja tarvikuid. Hooldame ja konsulteerime.\",\"publisher\":{\"@id\":\"https:\/\/lavanno.com\/en\/#organization\"},\"potentialAction\":[{\"@type\":\"SearchAction\",\"target\":{\"@type\":\"EntryPoint\",\"urlTemplate\":\"https:\/\/lavanno.com\/en\/?s={search_term_string}\"},\"query-input\":{\"@type\":\"PropertyValueSpecification\",\"valueRequired\":true,\"valueName\":\"search_term_string\"}}],\"inLanguage\":\"en-US\"},{\"@type\":\"Organization\",\"@id\":\"https:\/\/lavanno.com\/en\/#organization\",\"name\":\"Lavanno - Pesuvahendite ekspert\",\"url\":\"https:\/\/lavanno.com\/en\/\",\"logo\":{\"@type\":\"ImageObject\",\"inLanguage\":\"en-US\",\"@id\":\"https:\/\/lavanno.com\/en\/#\/schema\/logo\/image\/\",\"url\":\"https:\/\/lavanno.com\/wp-content\/uploads\/2025\/07\/Lavanno.png\",\"contentUrl\":\"https:\/\/lavanno.com\/wp-content\/uploads\/2025\/07\/Lavanno.png\",\"width\":1200,\"height\":1200,\"caption\":\"Lavanno - Pesuvahendite ekspert\"},\"image\":{\"@id\":\"https:\/\/lavanno.com\/en\/#\/schema\/logo\/image\/\"},\"sameAs\":[\"https:\/\/www.facebook.com\/Lavanno.ee\"]}]}<\/script>\n<!-- \/ Yoast SEO plugin. -->","yoast_head_json":{"title":"Tarmacid - Fresh Laundry 400ml - t\u00f5rjevahend - Lavanno - pesuvahendite ekspert","robots":{"index":"index","follow":"follow","max-snippet":"max-snippet:-1","max-image-preview":"max-image-preview:large","max-video-preview":"max-video-preview:-1"},"canonical":"https:\/\/lavanno.com\/en\/toode\/tarmacid-fresh-laundry-400ml-torjevahend\/","og_locale":"en_US","og_type":"article","og_title":"Tarmacid - Fresh Laundry 400ml - t\u00f5rjevahend - Lavanno - pesuvahendite ekspert","og_description":"Spetsiaalne ja sertifitseeritud koi- ja tolmulesta t\u00f5rjesprei.  Selle toote eelised: Professionaalne ja sertifitseeritud efektiivsusega kahjurit\u00f5rje. Kaitseb riidekapis ja sahtlites olevaid r\u00f5ivaid ja kangaid. H\u00e4vitab koid, nende vastsed ja munad. H\u00e4vitab tolmulestad. Testitud ja tervishoiuministri poolt kinnitatud koi- ja lestat\u00f5rjevahend. Aktiivne toime ja kauakestev delikaatne l\u00f5hn. Itaalia tervishoiuministri v\u00e4lja antud registreerimistunnistus n. 20396.","og_url":"https:\/\/lavanno.com\/en\/toode\/tarmacid-fresh-laundry-400ml-torjevahend\/","og_site_name":"Lavanno - pesuvahendite ekspert","article_publisher":"https:\/\/www.facebook.com\/Lavanno.ee","article_modified_time":"2026-05-02T11:45:01+00:00","twitter_card":"summary_large_image","schema":{"@context":"https:\/\/schema.org","@graph":[{"@type":"WebPage","@id":"https:\/\/lavanno.com\/en\/toode\/tarmacid-fresh-laundry-400ml-torjevahend\/","url":"https:\/\/lavanno.com\/en\/toode\/tarmacid-fresh-laundry-400ml-torjevahend\/","name":"Tarmacid - Fresh Laundry 400ml - t\u00f5rjevahend - Lavanno - pesuvahendite ekspert","isPartOf":{"@id":"https:\/\/lavanno.com\/en\/#website"},"primaryImageOfPage":{"@id":"https:\/\/lavanno.com\/en\/toode\/tarmacid-fresh-laundry-400ml-torjevahend\/#primaryimage"},"image":{"@id":"https:\/\/lavanno.com\/en\/toode\/tarmacid-fresh-laundry-400ml-torjevahend\/#primaryimage"},"thumbnailUrl":"https:\/\/lavanno.com\/wp-content\/uploads\/2025\/11\/a72-005qutarmacid_freshlaundry_tappo_bianco_bollino-1.png","datePublished":"2025-10-22T22:40:02+00:00","dateModified":"2026-05-02T11:45:01+00:00","breadcrumb":{"@id":"https:\/\/lavanno.com\/en\/toode\/tarmacid-fresh-laundry-400ml-torjevahend\/#breadcrumb"},"inLanguage":"en-US","potentialAction":[{"@type":"ReadAction","target":["https:\/\/lavanno.com\/en\/toode\/tarmacid-fresh-laundry-400ml-torjevahend\/"]}]},{"@type":"ImageObject","inLanguage":"en-US","@id":"https:\/\/lavanno.com\/en\/toode\/tarmacid-fresh-laundry-400ml-torjevahend\/#primaryimage","url":"https:\/\/lavanno.com\/wp-content\/uploads\/2025\/11\/a72-005qutarmacid_freshlaundry_tappo_bianco_bollino-1.png","contentUrl":"https:\/\/lavanno.com\/wp-content\/uploads\/2025\/11\/a72-005qutarmacid_freshlaundry_tappo_bianco_bollino-1.png","width":800,"height":800},{"@type":"BreadcrumbList","@id":"https:\/\/lavanno.com\/en\/toode\/tarmacid-fresh-laundry-400ml-torjevahend\/#breadcrumb","itemListElement":[{"@type":"ListItem","position":1,"name":"Home","item":"https:\/\/lavanno.com\/en\/"},{"@type":"ListItem","position":2,"name":"E-pood","item":"https:\/\/lavanno.com\/e-pood\/"},{"@type":"ListItem","position":3,"name":"Tarmacid &#8211; Fresh Laundry 400ml &#8211; t\u00f5rjevahend"}]},{"@type":"WebSite","@id":"https:\/\/lavanno.com\/en\/#website","url":"https:\/\/lavanno.com\/en\/","name":"Lavanno - Pesuvahendite ekspert","description":"Toome maale ja m\u00fc\u00fcme tekstiili pesuvahendeid, pesumajaseadmeid ja tarvikuid. Hooldame ja konsulteerime.","publisher":{"@id":"https:\/\/lavanno.com\/en\/#organization"},"potentialAction":[{"@type":"SearchAction","target":{"@type":"EntryPoint","urlTemplate":"https:\/\/lavanno.com\/en\/?s={search_term_string}"},"query-input":{"@type":"PropertyValueSpecification","valueRequired":true,"valueName":"search_term_string"}}],"inLanguage":"en-US"},{"@type":"Organization","@id":"https:\/\/lavanno.com\/en\/#organization","name":"Lavanno - Pesuvahendite ekspert","url":"https:\/\/lavanno.com\/en\/","logo":{"@type":"ImageObject","inLanguage":"en-US","@id":"https:\/\/lavanno.com\/en\/#\/schema\/logo\/image\/","url":"https:\/\/lavanno.com\/wp-content\/uploads\/2025\/07\/Lavanno.png","contentUrl":"https:\/\/lavanno.com\/wp-content\/uploads\/2025\/07\/Lavanno.png","width":1200,"height":1200,"caption":"Lavanno - Pesuvahendite ekspert"},"image":{"@id":"https:\/\/lavanno.com\/en\/#\/schema\/logo\/image\/"},"sameAs":["https:\/\/www.facebook.com\/Lavanno.ee"]}]}},"_links":{"self":[{"href":"https:\/\/lavanno.com\/en\/wp-json\/wp\/v2\/product\/12184","targetHints":{"allow":["GET"]}}],"collection":[{"href":"https:\/\/lavanno.com\/en\/wp-json\/wp\/v2\/product"}],"about":[{"href":"https:\/\/lavanno.com\/en\/wp-json\/wp\/v2\/types\/product"}],"replies":[{"embeddable":true,"href":"https:\/\/lavanno.com\/en\/wp-json\/wp\/v2\/comments?post=12184"}],"wp:featuredmedia":[{"embeddable":true,"href":"https:\/\/lavanno.com\/en\/wp-json\/wp\/v2\/media\/12381"}],"wp:attachment":[{"href":"https:\/\/lavanno.com\/en\/wp-json\/wp\/v2\/media?parent=12184"}],"wp:term":[{"taxonomy":"product_brand","embeddable":true,"href":"https:\/\/lavanno.com\/en\/wp-json\/wp\/v2\/product_brand?post=12184"},{"taxonomy":"product_cat","embeddable":true,"href":"https:\/\/lavanno.com\/en\/wp-json\/wp\/v2\/product_cat?post=12184"},{"taxonomy":"product_tag","embeddable":true,"href":"https:\/\/lavanno.com\/en\/wp-json\/wp\/v2\/product_tag?post=12184"}],"curies":[{"name":"wp","href":"https:\/\/api.w.org\/{rel}","templated":true}]}}