{"id":12200,"date":"2025-10-23T07:35:02","date_gmt":"2025-10-23T04:35:02","guid":{"rendered":"https:\/\/lavanno.com\/toode\/alcapower-25-kg-aluseline-pesuaine\/"},"modified":"2026-05-02T08:40:01","modified_gmt":"2026-05-02T05:40:01","slug":"alcapower-25-kg-aluseline-pesuaine","status":"publish","type":"product","link":"https:\/\/lavanno.com\/en\/toode\/alcapower-25-kg-aluseline-pesuaine\/","title":{"rendered":"Alcapower 25 kg. Aluseline pesuaine"},"content":{"rendered":"<p><strong>Spetsifikatsioon<\/strong><\/p>\n<p><strong>Kasutamine<\/strong><\/p>\n<p>Alcapower\u2019i kasutatakse kas eraldi v\u00f5i koos valgendajatega, nii \u00fche pesuts\u00fckli jooksul kui ka eelpesus.<br \/>\nToode on m\u00f5eldud ainult professionaalseks kasutuseks.<\/p>\n<p><strong>Koostisosad<\/strong><\/p>\n<p>Naatriumh\u00fcdroksiid<\/p>\n<p><strong>Funktsioon<\/strong><\/p>\n<p>Aluseline pesut\u00f5husti<\/p>\n<p><a href=\"https:\/\/lavanno.com\/wp-content\/uploads\/2025\/09\/A39-045AlcapowerRel4ETSDS.pdf\" target=\"_blank\" rel=\"noopener\">Ohutuskaart<\/a><\/p>\n","protected":false},"excerpt":{"rendered":"<p>Alcapower on aluseline pesutugevdaja, mis on m\u00f5eldud v\u00e4ga m\u00e4\u00e4rdunud r\u00f5ivaste, laudlinade ja voodipesu t\u00f5husaks puhastamiseks. Toode suurendab pesulahuse leeliselisust, aidates eemaldada tugevat mustust, rasva ja \u00f5liplekke.<\/p>\n<p>T\u00e4nu k\u00f5rgele aluselisusele ja suurep\u00e4rastele rasvaeemaldavatele omadustele sobib Alkaline Booster professionaalseks kasutamiseks nii pesumajades kui ka teistes suure koormusega pesus\u00fcsteemides.<\/p>\n<ul>\n<li>V\u00e4ga leeliseline<\/li>\n<li>Toimib temperatuuridel vahemikus 30\u00b0C kuni 90\u00b0C.<\/li>\n<li>Spetsiaalne pindaktiivsete ainete kooslus tagab mustuse t\u00f5husa eemaldamise<\/li>\n<li>Sobib ideaalselt raskesti m\u00e4\u00e4rdunud laudlinade, r\u00e4tikute ja voodipesu pesemiseks.<\/li>\n<\/ul>\n","protected":false},"featured_media":12331,"comment_status":"open","ping_status":"closed","template":"","meta":[],"product_brand":[],"product_cat":[506,525,561,572],"product_tag":[834,835,837,839,840],"class_list":{"0":"post-12200","1":"product","2":"type-product","3":"status-publish","4":"has-post-thumbnail","6":"product_cat-ariklient","7":"product_cat-vesipesuvahendid","8":"product_cat-rasvaeemaldusvahendid","9":"product_cat-lisaained","10":"product_tag-horeca","11":"product_tag-pesumajad","12":"product_tag-puhastusteenindus","13":"product_tag-tervishoid","14":"product_tag-toostusettevotted","16":"first","17":"instock","18":"taxable","19":"shipping-taxable","20":"purchasable","21":"product-type-simple"},"yoast_head":"<!-- This site is optimized with the Yoast SEO plugin v27.0 - https:\/\/yoast.com\/product\/yoast-seo-wordpress\/ -->\n<title>Alcapower 25 kg. Aluseline pesuaine - Lavanno - pesuvahendite ekspert<\/title>\n<meta name=\"description\" content=\"Aluseline pesut\u00f5husti v\u00e4ga m\u00e4\u00e4rdunud r\u00f5ivastele, laudlinade ja voodipesule \u2013 suurendab rasvaeemaldust ja pesutulemust. Toimib temperatuuridel 30\u00b0C - 90\u00b0C.\" \/>\n<meta name=\"robots\" content=\"index, follow, max-snippet:-1, max-image-preview:large, max-video-preview:-1\" \/>\n<link rel=\"canonical\" href=\"https:\/\/lavanno.com\/en\/toode\/alcapower-25-kg-aluseline-pesuaine\/\" \/>\n<meta property=\"og:locale\" content=\"en_US\" \/>\n<meta property=\"og:type\" content=\"article\" \/>\n<meta property=\"og:title\" content=\"Alcapower 25 kg. Aluseline pesuaine - Lavanno - pesuvahendite ekspert\" \/>\n<meta property=\"og:description\" content=\"Aluseline pesut\u00f5husti v\u00e4ga m\u00e4\u00e4rdunud r\u00f5ivastele, laudlinade ja voodipesule \u2013 suurendab rasvaeemaldust ja pesutulemust. Toimib temperatuuridel 30\u00b0C - 90\u00b0C.\" \/>\n<meta property=\"og:url\" content=\"https:\/\/lavanno.com\/en\/toode\/alcapower-25-kg-aluseline-pesuaine\/\" \/>\n<meta property=\"og:site_name\" content=\"Lavanno - pesuvahendite ekspert\" \/>\n<meta property=\"article:publisher\" content=\"https:\/\/www.facebook.com\/Lavanno.ee\" \/>\n<meta property=\"article:modified_time\" content=\"2026-05-02T05:40:01+00:00\" \/>\n<meta property=\"og:image\" content=\"https:\/\/lavanno.com\/wp-content\/uploads\/2025\/11\/a39-045nalcapower_20kg-1.png\" \/>\n\t<meta property=\"og:image:width\" content=\"800\" \/>\n\t<meta property=\"og:image:height\" content=\"800\" \/>\n\t<meta property=\"og:image:type\" content=\"image\/png\" \/>\n<meta name=\"twitter:card\" content=\"summary_large_image\" \/>\n<meta name=\"twitter:label1\" content=\"Est. reading time\" \/>\n\t<meta name=\"twitter:data1\" content=\"1 minute\" \/>\n<script type=\"application\/ld+json\" class=\"yoast-schema-graph\">{\"@context\":\"https:\/\/schema.org\",\"@graph\":[{\"@type\":\"WebPage\",\"@id\":\"https:\/\/lavanno.com\/en\/toode\/alcapower-25-kg-aluseline-pesuaine\/\",\"url\":\"https:\/\/lavanno.com\/en\/toode\/alcapower-25-kg-aluseline-pesuaine\/\",\"name\":\"Alcapower 25 kg. Aluseline pesuaine - Lavanno - pesuvahendite ekspert\",\"isPartOf\":{\"@id\":\"https:\/\/lavanno.com\/en\/#website\"},\"primaryImageOfPage\":{\"@id\":\"https:\/\/lavanno.com\/en\/toode\/alcapower-25-kg-aluseline-pesuaine\/#primaryimage\"},\"image\":{\"@id\":\"https:\/\/lavanno.com\/en\/toode\/alcapower-25-kg-aluseline-pesuaine\/#primaryimage\"},\"thumbnailUrl\":\"https:\/\/lavanno.com\/wp-content\/uploads\/2025\/11\/a39-045nalcapower_20kg-1.png\",\"datePublished\":\"2025-10-23T04:35:02+00:00\",\"dateModified\":\"2026-05-02T05:40:01+00:00\",\"description\":\"Aluseline pesut\u00f5husti v\u00e4ga m\u00e4\u00e4rdunud r\u00f5ivastele, laudlinade ja voodipesule \u2013 suurendab rasvaeemaldust ja pesutulemust. Toimib temperatuuridel 30\u00b0C - 90\u00b0C.\",\"breadcrumb\":{\"@id\":\"https:\/\/lavanno.com\/en\/toode\/alcapower-25-kg-aluseline-pesuaine\/#breadcrumb\"},\"inLanguage\":\"en-US\",\"potentialAction\":[{\"@type\":\"ReadAction\",\"target\":[\"https:\/\/lavanno.com\/en\/toode\/alcapower-25-kg-aluseline-pesuaine\/\"]}]},{\"@type\":\"ImageObject\",\"inLanguage\":\"en-US\",\"@id\":\"https:\/\/lavanno.com\/en\/toode\/alcapower-25-kg-aluseline-pesuaine\/#primaryimage\",\"url\":\"https:\/\/lavanno.com\/wp-content\/uploads\/2025\/11\/a39-045nalcapower_20kg-1.png\",\"contentUrl\":\"https:\/\/lavanno.com\/wp-content\/uploads\/2025\/11\/a39-045nalcapower_20kg-1.png\",\"width\":800,\"height\":800},{\"@type\":\"BreadcrumbList\",\"@id\":\"https:\/\/lavanno.com\/en\/toode\/alcapower-25-kg-aluseline-pesuaine\/#breadcrumb\",\"itemListElement\":[{\"@type\":\"ListItem\",\"position\":1,\"name\":\"Home\",\"item\":\"https:\/\/lavanno.com\/en\/\"},{\"@type\":\"ListItem\",\"position\":2,\"name\":\"E-pood\",\"item\":\"https:\/\/lavanno.com\/e-pood\/\"},{\"@type\":\"ListItem\",\"position\":3,\"name\":\"Alcapower 25 kg. Aluseline pesuaine\"}]},{\"@type\":\"WebSite\",\"@id\":\"https:\/\/lavanno.com\/en\/#website\",\"url\":\"https:\/\/lavanno.com\/en\/\",\"name\":\"Lavanno - Pesuvahendite ekspert\",\"description\":\"Toome maale ja m\u00fc\u00fcme tekstiili pesuvahendeid, pesumajaseadmeid ja tarvikuid. Hooldame ja konsulteerime.\",\"publisher\":{\"@id\":\"https:\/\/lavanno.com\/en\/#organization\"},\"potentialAction\":[{\"@type\":\"SearchAction\",\"target\":{\"@type\":\"EntryPoint\",\"urlTemplate\":\"https:\/\/lavanno.com\/en\/?s={search_term_string}\"},\"query-input\":{\"@type\":\"PropertyValueSpecification\",\"valueRequired\":true,\"valueName\":\"search_term_string\"}}],\"inLanguage\":\"en-US\"},{\"@type\":\"Organization\",\"@id\":\"https:\/\/lavanno.com\/en\/#organization\",\"name\":\"Lavanno - Pesuvahendite ekspert\",\"url\":\"https:\/\/lavanno.com\/en\/\",\"logo\":{\"@type\":\"ImageObject\",\"inLanguage\":\"en-US\",\"@id\":\"https:\/\/lavanno.com\/en\/#\/schema\/logo\/image\/\",\"url\":\"https:\/\/lavanno.com\/wp-content\/uploads\/2025\/07\/Lavanno.png\",\"contentUrl\":\"https:\/\/lavanno.com\/wp-content\/uploads\/2025\/07\/Lavanno.png\",\"width\":1200,\"height\":1200,\"caption\":\"Lavanno - Pesuvahendite ekspert\"},\"image\":{\"@id\":\"https:\/\/lavanno.com\/en\/#\/schema\/logo\/image\/\"},\"sameAs\":[\"https:\/\/www.facebook.com\/Lavanno.ee\"]}]}<\/script>\n<!-- \/ Yoast SEO plugin. -->","yoast_head_json":{"title":"Alcapower 25 kg. Aluseline pesuaine - Lavanno - pesuvahendite ekspert","description":"Aluseline pesut\u00f5husti v\u00e4ga m\u00e4\u00e4rdunud r\u00f5ivastele, laudlinade ja voodipesule \u2013 suurendab rasvaeemaldust ja pesutulemust. Toimib temperatuuridel 30\u00b0C - 90\u00b0C.","robots":{"index":"index","follow":"follow","max-snippet":"max-snippet:-1","max-image-preview":"max-image-preview:large","max-video-preview":"max-video-preview:-1"},"canonical":"https:\/\/lavanno.com\/en\/toode\/alcapower-25-kg-aluseline-pesuaine\/","og_locale":"en_US","og_type":"article","og_title":"Alcapower 25 kg. Aluseline pesuaine - Lavanno - pesuvahendite ekspert","og_description":"Aluseline pesut\u00f5husti v\u00e4ga m\u00e4\u00e4rdunud r\u00f5ivastele, laudlinade ja voodipesule \u2013 suurendab rasvaeemaldust ja pesutulemust. Toimib temperatuuridel 30\u00b0C - 90\u00b0C.","og_url":"https:\/\/lavanno.com\/en\/toode\/alcapower-25-kg-aluseline-pesuaine\/","og_site_name":"Lavanno - pesuvahendite ekspert","article_publisher":"https:\/\/www.facebook.com\/Lavanno.ee","article_modified_time":"2026-05-02T05:40:01+00:00","og_image":[{"width":800,"height":800,"url":"https:\/\/lavanno.com\/wp-content\/uploads\/2025\/11\/a39-045nalcapower_20kg-1.png","type":"image\/png"}],"twitter_card":"summary_large_image","twitter_misc":{"Est. reading time":"1 minute"},"schema":{"@context":"https:\/\/schema.org","@graph":[{"@type":"WebPage","@id":"https:\/\/lavanno.com\/en\/toode\/alcapower-25-kg-aluseline-pesuaine\/","url":"https:\/\/lavanno.com\/en\/toode\/alcapower-25-kg-aluseline-pesuaine\/","name":"Alcapower 25 kg. Aluseline pesuaine - Lavanno - pesuvahendite ekspert","isPartOf":{"@id":"https:\/\/lavanno.com\/en\/#website"},"primaryImageOfPage":{"@id":"https:\/\/lavanno.com\/en\/toode\/alcapower-25-kg-aluseline-pesuaine\/#primaryimage"},"image":{"@id":"https:\/\/lavanno.com\/en\/toode\/alcapower-25-kg-aluseline-pesuaine\/#primaryimage"},"thumbnailUrl":"https:\/\/lavanno.com\/wp-content\/uploads\/2025\/11\/a39-045nalcapower_20kg-1.png","datePublished":"2025-10-23T04:35:02+00:00","dateModified":"2026-05-02T05:40:01+00:00","description":"Aluseline pesut\u00f5husti v\u00e4ga m\u00e4\u00e4rdunud r\u00f5ivastele, laudlinade ja voodipesule \u2013 suurendab rasvaeemaldust ja pesutulemust. Toimib temperatuuridel 30\u00b0C - 90\u00b0C.","breadcrumb":{"@id":"https:\/\/lavanno.com\/en\/toode\/alcapower-25-kg-aluseline-pesuaine\/#breadcrumb"},"inLanguage":"en-US","potentialAction":[{"@type":"ReadAction","target":["https:\/\/lavanno.com\/en\/toode\/alcapower-25-kg-aluseline-pesuaine\/"]}]},{"@type":"ImageObject","inLanguage":"en-US","@id":"https:\/\/lavanno.com\/en\/toode\/alcapower-25-kg-aluseline-pesuaine\/#primaryimage","url":"https:\/\/lavanno.com\/wp-content\/uploads\/2025\/11\/a39-045nalcapower_20kg-1.png","contentUrl":"https:\/\/lavanno.com\/wp-content\/uploads\/2025\/11\/a39-045nalcapower_20kg-1.png","width":800,"height":800},{"@type":"BreadcrumbList","@id":"https:\/\/lavanno.com\/en\/toode\/alcapower-25-kg-aluseline-pesuaine\/#breadcrumb","itemListElement":[{"@type":"ListItem","position":1,"name":"Home","item":"https:\/\/lavanno.com\/en\/"},{"@type":"ListItem","position":2,"name":"E-pood","item":"https:\/\/lavanno.com\/e-pood\/"},{"@type":"ListItem","position":3,"name":"Alcapower 25 kg. Aluseline pesuaine"}]},{"@type":"WebSite","@id":"https:\/\/lavanno.com\/en\/#website","url":"https:\/\/lavanno.com\/en\/","name":"Lavanno - Pesuvahendite ekspert","description":"Toome maale ja m\u00fc\u00fcme tekstiili pesuvahendeid, pesumajaseadmeid ja tarvikuid. Hooldame ja konsulteerime.","publisher":{"@id":"https:\/\/lavanno.com\/en\/#organization"},"potentialAction":[{"@type":"SearchAction","target":{"@type":"EntryPoint","urlTemplate":"https:\/\/lavanno.com\/en\/?s={search_term_string}"},"query-input":{"@type":"PropertyValueSpecification","valueRequired":true,"valueName":"search_term_string"}}],"inLanguage":"en-US"},{"@type":"Organization","@id":"https:\/\/lavanno.com\/en\/#organization","name":"Lavanno - Pesuvahendite ekspert","url":"https:\/\/lavanno.com\/en\/","logo":{"@type":"ImageObject","inLanguage":"en-US","@id":"https:\/\/lavanno.com\/en\/#\/schema\/logo\/image\/","url":"https:\/\/lavanno.com\/wp-content\/uploads\/2025\/07\/Lavanno.png","contentUrl":"https:\/\/lavanno.com\/wp-content\/uploads\/2025\/07\/Lavanno.png","width":1200,"height":1200,"caption":"Lavanno - Pesuvahendite ekspert"},"image":{"@id":"https:\/\/lavanno.com\/en\/#\/schema\/logo\/image\/"},"sameAs":["https:\/\/www.facebook.com\/Lavanno.ee"]}]}},"_links":{"self":[{"href":"https:\/\/lavanno.com\/en\/wp-json\/wp\/v2\/product\/12200","targetHints":{"allow":["GET"]}}],"collection":[{"href":"https:\/\/lavanno.com\/en\/wp-json\/wp\/v2\/product"}],"about":[{"href":"https:\/\/lavanno.com\/en\/wp-json\/wp\/v2\/types\/product"}],"replies":[{"embeddable":true,"href":"https:\/\/lavanno.com\/en\/wp-json\/wp\/v2\/comments?post=12200"}],"wp:featuredmedia":[{"embeddable":true,"href":"https:\/\/lavanno.com\/en\/wp-json\/wp\/v2\/media\/12331"}],"wp:attachment":[{"href":"https:\/\/lavanno.com\/en\/wp-json\/wp\/v2\/media?parent=12200"}],"wp:term":[{"taxonomy":"product_brand","embeddable":true,"href":"https:\/\/lavanno.com\/en\/wp-json\/wp\/v2\/product_brand?post=12200"},{"taxonomy":"product_cat","embeddable":true,"href":"https:\/\/lavanno.com\/en\/wp-json\/wp\/v2\/product_cat?post=12200"},{"taxonomy":"product_tag","embeddable":true,"href":"https:\/\/lavanno.com\/en\/wp-json\/wp\/v2\/product_tag?post=12200"}],"curies":[{"name":"wp","href":"https:\/\/api.w.org\/{rel}","templated":true}]}}