{"id":12202,"date":"2025-10-23T07:35:02","date_gmt":"2025-10-23T04:35:02","guid":{"rendered":"https:\/\/lavanno.com\/toode\/soffio-tropicale-400-ml-kanga-ja-ohuvarskendaja-troopiline-puuviljalohn\/"},"modified":"2026-05-02T14:45:01","modified_gmt":"2026-05-02T11:45:01","slug":"soffio-tropicale-400-ml-kanga-ja-ohuvarskendaja-troopiline-puuviljalohn","status":"publish","type":"product","link":"https:\/\/lavanno.com\/en\/toode\/soffio-tropicale-400-ml-kanga-ja-ohuvarskendaja-troopiline-puuviljalohn\/","title":{"rendered":"Soffio Tropicale 400 ml, kanga ja \u00f5huv\u00e4rskendaja (Troopiline puuviljal\u00f5hn)"},"content":{"rendered":"<p><strong>Kasutamine<\/strong><\/p>\n<p>Enne kasutamist loksutada korralikult. Pihustada \u00fchtlaselt soovitud pinnale v\u00f5i ruumi\u00f5hku vastavalt vajadusele.<\/p>\n<p><strong>Koostisosad<\/strong><\/p>\n<p>Butaan, isobutaan, propaan, alkohol, isoprop\u00fc\u00fclalkohol, parf\u00fc\u00fcm (parfum), diet\u00fc\u00fclftalaat, tetramet\u00fc\u00fclatset\u00fc\u00fclooktah\u00fcdronaftaleenid, heksamet\u00fc\u00fclindanop\u00fcraan, et\u00fcleenbrass\u00fclaat, but\u00fc\u00fclfen\u00fc\u00fclmet\u00fc\u00fclpropionaal, linalool, h\u00fcdroks\u00fctsitronellal, tsitronellool.<\/p>\n<p>&nbsp;<\/p>\n","protected":false},"excerpt":{"rendered":"<p>Soffio Tropicale DeoSpray on t\u00f5hus l\u00f5hnaneutraliseeriv sprei, mis kasutab spetsiaalset l\u00f5hna eemaldavat koostist ebameeldivate l\u00f5hnade k\u00f5rvaldamiseks. Toode ei kata l\u00f5hnu, vaid aitab need neutraliseerida, j\u00e4ttes ruumi ja tekstiilid meeldivalt v\u00e4rskeks.<\/p>\n<p>Troopiliste puuviljade intensiivne aroom loob v\u00e4rske ja energilise l\u00f5hnakogemuse, mis p\u00fcsib kaua. Sprei sobib kasutamiseks nii ruumi\u00f5hus kui ka erinevatel tekstiilidel.<\/p>\n<ul>\n<li>Toode sisaldab SALVATEX tehnoloogiat, mis aitab kaitsta r\u00f5ivaid ja tekstiile.<\/li>\n<li>Neutraliseerib ebameeldivad l\u00f5hnad<\/li>\n<li>Sobib kasutamiseks nii tekstiilidel kui ruumi\u00f5hus<\/li>\n<li>Intensiivne ja kauakestev troopiliste puuviljade l\u00f5hn<\/li>\n<li>Sobib k\u00f5ikidele tekstiilit\u00fc\u00fcpidele<\/li>\n<li>Ei ole testitud loomade peal<\/li>\n<\/ul>\n<p>&nbsp;<\/p>\n","protected":false},"featured_media":12337,"comment_status":"open","ping_status":"closed","template":"","meta":[],"product_brand":[],"product_cat":[584,579],"product_tag":[],"class_list":{"0":"post-12202","1":"product","2":"type-product","3":"status-publish","4":"has-post-thumbnail","6":"product_cat-ohu-ja-kangasvarskendajad","7":"product_cat-kangavarskendajad","9":"first","10":"instock","11":"taxable","12":"shipping-taxable","13":"purchasable","14":"product-type-simple"},"yoast_head":"<!-- This site is optimized with the Yoast SEO plugin v27.0 - https:\/\/yoast.com\/product\/yoast-seo-wordpress\/ -->\n<title>Soffio Tropicale 400 ml, kanga ja \u00f5huv\u00e4rskendaja (Troopiline puuviljal\u00f5hn) - Lavanno - pesuvahendite ekspert<\/title>\n<meta name=\"description\" content=\"Soffio Tropicale kanga ja \u00f5huv\u00e4rskendaja neutraliseerib ebameeldivad l\u00f5hnad tekstiilidelt ja \u00f5hust ning j\u00e4tab kauakestva troopiliste puuviljade aroomi.\" \/>\n<meta name=\"robots\" content=\"index, follow, max-snippet:-1, max-image-preview:large, max-video-preview:-1\" \/>\n<link rel=\"canonical\" href=\"https:\/\/lavanno.com\/en\/toode\/soffio-tropicale-400-ml-kanga-ja-ohuvarskendaja-troopiline-puuviljalohn\/\" \/>\n<meta property=\"og:locale\" content=\"en_US\" \/>\n<meta property=\"og:type\" content=\"article\" \/>\n<meta property=\"og:title\" content=\"Soffio Tropicale 400 ml, kanga ja \u00f5huv\u00e4rskendaja (Troopiline puuviljal\u00f5hn) - Lavanno - pesuvahendite ekspert\" \/>\n<meta property=\"og:description\" content=\"Soffio Tropicale kanga ja \u00f5huv\u00e4rskendaja neutraliseerib ebameeldivad l\u00f5hnad tekstiilidelt ja \u00f5hust ning j\u00e4tab kauakestva troopiliste puuviljade aroomi.\" \/>\n<meta property=\"og:url\" content=\"https:\/\/lavanno.com\/en\/toode\/soffio-tropicale-400-ml-kanga-ja-ohuvarskendaja-troopiline-puuviljalohn\/\" \/>\n<meta property=\"og:site_name\" content=\"Lavanno - pesuvahendite ekspert\" \/>\n<meta property=\"article:publisher\" content=\"https:\/\/www.facebook.com\/Lavanno.ee\" \/>\n<meta property=\"article:modified_time\" content=\"2026-05-02T11:45:01+00:00\" \/>\n<meta property=\"og:image\" content=\"https:\/\/lavanno.com\/wp-content\/uploads\/2025\/11\/a73-018deospray_soffiotropicale_groupage-1.png\" \/>\n\t<meta property=\"og:image:width\" content=\"800\" \/>\n\t<meta property=\"og:image:height\" content=\"800\" \/>\n\t<meta property=\"og:image:type\" content=\"image\/png\" \/>\n<meta name=\"twitter:card\" content=\"summary_large_image\" \/>\n<meta name=\"twitter:label1\" content=\"Est. reading time\" \/>\n\t<meta name=\"twitter:data1\" content=\"1 minute\" \/>\n<script type=\"application\/ld+json\" class=\"yoast-schema-graph\">{\"@context\":\"https:\/\/schema.org\",\"@graph\":[{\"@type\":\"WebPage\",\"@id\":\"https:\/\/lavanno.com\/en\/toode\/soffio-tropicale-400-ml-kanga-ja-ohuvarskendaja-troopiline-puuviljalohn\/\",\"url\":\"https:\/\/lavanno.com\/en\/toode\/soffio-tropicale-400-ml-kanga-ja-ohuvarskendaja-troopiline-puuviljalohn\/\",\"name\":\"Soffio Tropicale 400 ml, kanga ja \u00f5huv\u00e4rskendaja (Troopiline puuviljal\u00f5hn) - Lavanno - pesuvahendite ekspert\",\"isPartOf\":{\"@id\":\"https:\/\/lavanno.com\/en\/#website\"},\"primaryImageOfPage\":{\"@id\":\"https:\/\/lavanno.com\/en\/toode\/soffio-tropicale-400-ml-kanga-ja-ohuvarskendaja-troopiline-puuviljalohn\/#primaryimage\"},\"image\":{\"@id\":\"https:\/\/lavanno.com\/en\/toode\/soffio-tropicale-400-ml-kanga-ja-ohuvarskendaja-troopiline-puuviljalohn\/#primaryimage\"},\"thumbnailUrl\":\"https:\/\/lavanno.com\/wp-content\/uploads\/2025\/11\/a73-018deospray_soffiotropicale_groupage-1.png\",\"datePublished\":\"2025-10-23T04:35:02+00:00\",\"dateModified\":\"2026-05-02T11:45:01+00:00\",\"description\":\"Soffio Tropicale kanga ja \u00f5huv\u00e4rskendaja neutraliseerib ebameeldivad l\u00f5hnad tekstiilidelt ja \u00f5hust ning j\u00e4tab kauakestva troopiliste puuviljade aroomi.\",\"breadcrumb\":{\"@id\":\"https:\/\/lavanno.com\/en\/toode\/soffio-tropicale-400-ml-kanga-ja-ohuvarskendaja-troopiline-puuviljalohn\/#breadcrumb\"},\"inLanguage\":\"en-US\",\"potentialAction\":[{\"@type\":\"ReadAction\",\"target\":[\"https:\/\/lavanno.com\/en\/toode\/soffio-tropicale-400-ml-kanga-ja-ohuvarskendaja-troopiline-puuviljalohn\/\"]}]},{\"@type\":\"ImageObject\",\"inLanguage\":\"en-US\",\"@id\":\"https:\/\/lavanno.com\/en\/toode\/soffio-tropicale-400-ml-kanga-ja-ohuvarskendaja-troopiline-puuviljalohn\/#primaryimage\",\"url\":\"https:\/\/lavanno.com\/wp-content\/uploads\/2025\/11\/a73-018deospray_soffiotropicale_groupage-1.png\",\"contentUrl\":\"https:\/\/lavanno.com\/wp-content\/uploads\/2025\/11\/a73-018deospray_soffiotropicale_groupage-1.png\",\"width\":800,\"height\":800},{\"@type\":\"BreadcrumbList\",\"@id\":\"https:\/\/lavanno.com\/en\/toode\/soffio-tropicale-400-ml-kanga-ja-ohuvarskendaja-troopiline-puuviljalohn\/#breadcrumb\",\"itemListElement\":[{\"@type\":\"ListItem\",\"position\":1,\"name\":\"Home\",\"item\":\"https:\/\/lavanno.com\/en\/\"},{\"@type\":\"ListItem\",\"position\":2,\"name\":\"E-pood\",\"item\":\"https:\/\/lavanno.com\/e-pood\/\"},{\"@type\":\"ListItem\",\"position\":3,\"name\":\"Soffio Tropicale 400 ml, kanga ja \u00f5huv\u00e4rskendaja (Troopiline puuviljal\u00f5hn)\"}]},{\"@type\":\"WebSite\",\"@id\":\"https:\/\/lavanno.com\/en\/#website\",\"url\":\"https:\/\/lavanno.com\/en\/\",\"name\":\"Lavanno - Pesuvahendite ekspert\",\"description\":\"Toome maale ja m\u00fc\u00fcme tekstiili pesuvahendeid, pesumajaseadmeid ja tarvikuid. Hooldame ja konsulteerime.\",\"publisher\":{\"@id\":\"https:\/\/lavanno.com\/en\/#organization\"},\"potentialAction\":[{\"@type\":\"SearchAction\",\"target\":{\"@type\":\"EntryPoint\",\"urlTemplate\":\"https:\/\/lavanno.com\/en\/?s={search_term_string}\"},\"query-input\":{\"@type\":\"PropertyValueSpecification\",\"valueRequired\":true,\"valueName\":\"search_term_string\"}}],\"inLanguage\":\"en-US\"},{\"@type\":\"Organization\",\"@id\":\"https:\/\/lavanno.com\/en\/#organization\",\"name\":\"Lavanno - Pesuvahendite ekspert\",\"url\":\"https:\/\/lavanno.com\/en\/\",\"logo\":{\"@type\":\"ImageObject\",\"inLanguage\":\"en-US\",\"@id\":\"https:\/\/lavanno.com\/en\/#\/schema\/logo\/image\/\",\"url\":\"https:\/\/lavanno.com\/wp-content\/uploads\/2025\/07\/Lavanno.png\",\"contentUrl\":\"https:\/\/lavanno.com\/wp-content\/uploads\/2025\/07\/Lavanno.png\",\"width\":1200,\"height\":1200,\"caption\":\"Lavanno - Pesuvahendite ekspert\"},\"image\":{\"@id\":\"https:\/\/lavanno.com\/en\/#\/schema\/logo\/image\/\"},\"sameAs\":[\"https:\/\/www.facebook.com\/Lavanno.ee\"]}]}<\/script>\n<!-- \/ Yoast SEO plugin. -->","yoast_head_json":{"title":"Soffio Tropicale 400 ml, kanga ja \u00f5huv\u00e4rskendaja (Troopiline puuviljal\u00f5hn) - Lavanno - pesuvahendite ekspert","description":"Soffio Tropicale kanga ja \u00f5huv\u00e4rskendaja neutraliseerib ebameeldivad l\u00f5hnad tekstiilidelt ja \u00f5hust ning j\u00e4tab kauakestva troopiliste puuviljade aroomi.","robots":{"index":"index","follow":"follow","max-snippet":"max-snippet:-1","max-image-preview":"max-image-preview:large","max-video-preview":"max-video-preview:-1"},"canonical":"https:\/\/lavanno.com\/en\/toode\/soffio-tropicale-400-ml-kanga-ja-ohuvarskendaja-troopiline-puuviljalohn\/","og_locale":"en_US","og_type":"article","og_title":"Soffio Tropicale 400 ml, kanga ja \u00f5huv\u00e4rskendaja (Troopiline puuviljal\u00f5hn) - Lavanno - pesuvahendite ekspert","og_description":"Soffio Tropicale kanga ja \u00f5huv\u00e4rskendaja neutraliseerib ebameeldivad l\u00f5hnad tekstiilidelt ja \u00f5hust ning j\u00e4tab kauakestva troopiliste puuviljade aroomi.","og_url":"https:\/\/lavanno.com\/en\/toode\/soffio-tropicale-400-ml-kanga-ja-ohuvarskendaja-troopiline-puuviljalohn\/","og_site_name":"Lavanno - pesuvahendite ekspert","article_publisher":"https:\/\/www.facebook.com\/Lavanno.ee","article_modified_time":"2026-05-02T11:45:01+00:00","og_image":[{"width":800,"height":800,"url":"https:\/\/lavanno.com\/wp-content\/uploads\/2025\/11\/a73-018deospray_soffiotropicale_groupage-1.png","type":"image\/png"}],"twitter_card":"summary_large_image","twitter_misc":{"Est. reading time":"1 minute"},"schema":{"@context":"https:\/\/schema.org","@graph":[{"@type":"WebPage","@id":"https:\/\/lavanno.com\/en\/toode\/soffio-tropicale-400-ml-kanga-ja-ohuvarskendaja-troopiline-puuviljalohn\/","url":"https:\/\/lavanno.com\/en\/toode\/soffio-tropicale-400-ml-kanga-ja-ohuvarskendaja-troopiline-puuviljalohn\/","name":"Soffio Tropicale 400 ml, kanga ja \u00f5huv\u00e4rskendaja (Troopiline puuviljal\u00f5hn) - Lavanno - pesuvahendite ekspert","isPartOf":{"@id":"https:\/\/lavanno.com\/en\/#website"},"primaryImageOfPage":{"@id":"https:\/\/lavanno.com\/en\/toode\/soffio-tropicale-400-ml-kanga-ja-ohuvarskendaja-troopiline-puuviljalohn\/#primaryimage"},"image":{"@id":"https:\/\/lavanno.com\/en\/toode\/soffio-tropicale-400-ml-kanga-ja-ohuvarskendaja-troopiline-puuviljalohn\/#primaryimage"},"thumbnailUrl":"https:\/\/lavanno.com\/wp-content\/uploads\/2025\/11\/a73-018deospray_soffiotropicale_groupage-1.png","datePublished":"2025-10-23T04:35:02+00:00","dateModified":"2026-05-02T11:45:01+00:00","description":"Soffio Tropicale kanga ja \u00f5huv\u00e4rskendaja neutraliseerib ebameeldivad l\u00f5hnad tekstiilidelt ja \u00f5hust ning j\u00e4tab kauakestva troopiliste puuviljade aroomi.","breadcrumb":{"@id":"https:\/\/lavanno.com\/en\/toode\/soffio-tropicale-400-ml-kanga-ja-ohuvarskendaja-troopiline-puuviljalohn\/#breadcrumb"},"inLanguage":"en-US","potentialAction":[{"@type":"ReadAction","target":["https:\/\/lavanno.com\/en\/toode\/soffio-tropicale-400-ml-kanga-ja-ohuvarskendaja-troopiline-puuviljalohn\/"]}]},{"@type":"ImageObject","inLanguage":"en-US","@id":"https:\/\/lavanno.com\/en\/toode\/soffio-tropicale-400-ml-kanga-ja-ohuvarskendaja-troopiline-puuviljalohn\/#primaryimage","url":"https:\/\/lavanno.com\/wp-content\/uploads\/2025\/11\/a73-018deospray_soffiotropicale_groupage-1.png","contentUrl":"https:\/\/lavanno.com\/wp-content\/uploads\/2025\/11\/a73-018deospray_soffiotropicale_groupage-1.png","width":800,"height":800},{"@type":"BreadcrumbList","@id":"https:\/\/lavanno.com\/en\/toode\/soffio-tropicale-400-ml-kanga-ja-ohuvarskendaja-troopiline-puuviljalohn\/#breadcrumb","itemListElement":[{"@type":"ListItem","position":1,"name":"Home","item":"https:\/\/lavanno.com\/en\/"},{"@type":"ListItem","position":2,"name":"E-pood","item":"https:\/\/lavanno.com\/e-pood\/"},{"@type":"ListItem","position":3,"name":"Soffio Tropicale 400 ml, kanga ja \u00f5huv\u00e4rskendaja (Troopiline puuviljal\u00f5hn)"}]},{"@type":"WebSite","@id":"https:\/\/lavanno.com\/en\/#website","url":"https:\/\/lavanno.com\/en\/","name":"Lavanno - Pesuvahendite ekspert","description":"Toome maale ja m\u00fc\u00fcme tekstiili pesuvahendeid, pesumajaseadmeid ja tarvikuid. Hooldame ja konsulteerime.","publisher":{"@id":"https:\/\/lavanno.com\/en\/#organization"},"potentialAction":[{"@type":"SearchAction","target":{"@type":"EntryPoint","urlTemplate":"https:\/\/lavanno.com\/en\/?s={search_term_string}"},"query-input":{"@type":"PropertyValueSpecification","valueRequired":true,"valueName":"search_term_string"}}],"inLanguage":"en-US"},{"@type":"Organization","@id":"https:\/\/lavanno.com\/en\/#organization","name":"Lavanno - Pesuvahendite ekspert","url":"https:\/\/lavanno.com\/en\/","logo":{"@type":"ImageObject","inLanguage":"en-US","@id":"https:\/\/lavanno.com\/en\/#\/schema\/logo\/image\/","url":"https:\/\/lavanno.com\/wp-content\/uploads\/2025\/07\/Lavanno.png","contentUrl":"https:\/\/lavanno.com\/wp-content\/uploads\/2025\/07\/Lavanno.png","width":1200,"height":1200,"caption":"Lavanno - Pesuvahendite ekspert"},"image":{"@id":"https:\/\/lavanno.com\/en\/#\/schema\/logo\/image\/"},"sameAs":["https:\/\/www.facebook.com\/Lavanno.ee"]}]}},"_links":{"self":[{"href":"https:\/\/lavanno.com\/en\/wp-json\/wp\/v2\/product\/12202","targetHints":{"allow":["GET"]}}],"collection":[{"href":"https:\/\/lavanno.com\/en\/wp-json\/wp\/v2\/product"}],"about":[{"href":"https:\/\/lavanno.com\/en\/wp-json\/wp\/v2\/types\/product"}],"replies":[{"embeddable":true,"href":"https:\/\/lavanno.com\/en\/wp-json\/wp\/v2\/comments?post=12202"}],"wp:featuredmedia":[{"embeddable":true,"href":"https:\/\/lavanno.com\/en\/wp-json\/wp\/v2\/media\/12337"}],"wp:attachment":[{"href":"https:\/\/lavanno.com\/en\/wp-json\/wp\/v2\/media?parent=12202"}],"wp:term":[{"taxonomy":"product_brand","embeddable":true,"href":"https:\/\/lavanno.com\/en\/wp-json\/wp\/v2\/product_brand?post=12202"},{"taxonomy":"product_cat","embeddable":true,"href":"https:\/\/lavanno.com\/en\/wp-json\/wp\/v2\/product_cat?post=12202"},{"taxonomy":"product_tag","embeddable":true,"href":"https:\/\/lavanno.com\/en\/wp-json\/wp\/v2\/product_tag?post=12202"}],"curies":[{"name":"wp","href":"https:\/\/api.w.org\/{rel}","templated":true}]}}