{"id":12215,"date":"2025-10-23T13:45:00","date_gmt":"2025-10-23T10:45:00","guid":{"rendered":"https:\/\/lavanno.com\/toode\/adsorptsiooniuksus-slimsorba-koos-laadimisukse-ventilatsiooniga\/"},"modified":"2026-05-02T08:45:00","modified_gmt":"2026-05-02T05:45:00","slug":"adsorptsiooniuksus-slimsorba-koos-laadimisukse-ventilatsiooniga","status":"publish","type":"product","link":"https:\/\/lavanno.com\/en\/toode\/adsorptsiooniuksus-slimsorba-koos-laadimisukse-ventilatsiooniga\/","title":{"rendered":"Adsorptsiooni\u00fcksus SLIMSORBA koos laadimisukse ventilatsiooniga"},"content":{"rendered":"","protected":false},"excerpt":{"rendered":"<p>Slimsorba on PERC-keemilisepuhastuse masinate standardvarustusele lisatav t\u00e4ielikult integreeritud adsorptsiooniseade, mis tagab r\u00f5ivaste l\u00f5hnavabaduse ja eriti madala lahustij\u00e4\u00e4gi p\u00e4rast puhastusprotsessi.<\/p>\n<p>Vajaduse korral k\u00e4ivitub desorptsioon automaatselt hooldusprogrammide kaudu, tagades seadme t\u00f5husa ja sujuva t\u00f6\u00f6 ilma k\u00e4sitsi sekkumiseta.<\/p>\n","protected":false},"featured_media":12998,"comment_status":"open","ping_status":"closed","template":"","meta":[],"product_brand":[],"product_cat":[506,507,853,516,517],"product_tag":[],"class_list":{"0":"post-12215","1":"product","2":"type-product","3":"status-publish","4":"has-post-thumbnail","6":"product_cat-ariklient","7":"product_cat-pesumajaseadmed","8":"product_cat-bowe","9":"product_cat-keemilise-puhastuse-masinad","10":"product_cat-perkloroetuleen","12":"first","13":"outofstock","14":"taxable","15":"shipping-taxable","16":"purchasable","17":"product-type-simple"},"yoast_head":"<!-- This site is optimized with the Yoast SEO plugin v27.0 - https:\/\/yoast.com\/product\/yoast-seo-wordpress\/ -->\n<title>Adsorptsiooni\u00fcksus SLIMSORBA koos laadimisukse ventilatsiooniga - Lavanno - pesuvahendite ekspert<\/title>\n<meta name=\"description\" content=\"Slimsorba on B\u00d6WE keemilise puhastuse masinate lisavarustus, mis eemaldab l\u00f5hnad ja v\u00e4hendab lahustij\u00e4\u00e4ke, tagades puhta l\u00f5pptulemuse.\" \/>\n<meta name=\"robots\" content=\"index, follow, max-snippet:-1, max-image-preview:large, max-video-preview:-1\" \/>\n<link rel=\"canonical\" href=\"https:\/\/lavanno.com\/en\/toode\/adsorptsiooniuksus-slimsorba-koos-laadimisukse-ventilatsiooniga\/\" \/>\n<meta property=\"og:locale\" content=\"en_US\" \/>\n<meta property=\"og:type\" content=\"article\" \/>\n<meta property=\"og:title\" content=\"Adsorptsiooni\u00fcksus SLIMSORBA koos laadimisukse ventilatsiooniga - Lavanno - pesuvahendite ekspert\" \/>\n<meta property=\"og:description\" content=\"Slimsorba on B\u00d6WE keemilise puhastuse masinate lisavarustus, mis eemaldab l\u00f5hnad ja v\u00e4hendab lahustij\u00e4\u00e4ke, tagades puhta l\u00f5pptulemuse.\" \/>\n<meta property=\"og:url\" content=\"https:\/\/lavanno.com\/en\/toode\/adsorptsiooniuksus-slimsorba-koos-laadimisukse-ventilatsiooniga\/\" \/>\n<meta property=\"og:site_name\" content=\"Lavanno - pesuvahendite ekspert\" \/>\n<meta property=\"article:publisher\" content=\"https:\/\/www.facebook.com\/Lavanno.ee\" \/>\n<meta property=\"article:modified_time\" content=\"2026-05-02T05:45:00+00:00\" \/>\n<meta property=\"og:image\" content=\"https:\/\/lavanno.com\/wp-content\/uploads\/2025\/10\/Boewe-Slimsorba.png\" \/>\n\t<meta property=\"og:image:width\" content=\"800\" \/>\n\t<meta property=\"og:image:height\" content=\"800\" \/>\n\t<meta property=\"og:image:type\" content=\"image\/png\" \/>\n<meta name=\"twitter:card\" content=\"summary_large_image\" \/>\n<meta name=\"twitter:label1\" content=\"Est. reading time\" \/>\n\t<meta name=\"twitter:data1\" content=\"1 minute\" \/>\n<script type=\"application\/ld+json\" class=\"yoast-schema-graph\">{\"@context\":\"https:\/\/schema.org\",\"@graph\":[{\"@type\":\"WebPage\",\"@id\":\"https:\/\/lavanno.com\/en\/toode\/adsorptsiooniuksus-slimsorba-koos-laadimisukse-ventilatsiooniga\/\",\"url\":\"https:\/\/lavanno.com\/en\/toode\/adsorptsiooniuksus-slimsorba-koos-laadimisukse-ventilatsiooniga\/\",\"name\":\"Adsorptsiooni\u00fcksus SLIMSORBA koos laadimisukse ventilatsiooniga - Lavanno - pesuvahendite ekspert\",\"isPartOf\":{\"@id\":\"https:\/\/lavanno.com\/en\/#website\"},\"primaryImageOfPage\":{\"@id\":\"https:\/\/lavanno.com\/en\/toode\/adsorptsiooniuksus-slimsorba-koos-laadimisukse-ventilatsiooniga\/#primaryimage\"},\"image\":{\"@id\":\"https:\/\/lavanno.com\/en\/toode\/adsorptsiooniuksus-slimsorba-koos-laadimisukse-ventilatsiooniga\/#primaryimage\"},\"thumbnailUrl\":\"https:\/\/lavanno.com\/wp-content\/uploads\/2025\/10\/Boewe-Slimsorba.png\",\"datePublished\":\"2025-10-23T10:45:00+00:00\",\"dateModified\":\"2026-05-02T05:45:00+00:00\",\"description\":\"Slimsorba on B\u00d6WE keemilise puhastuse masinate lisavarustus, mis eemaldab l\u00f5hnad ja v\u00e4hendab lahustij\u00e4\u00e4ke, tagades puhta l\u00f5pptulemuse.\",\"breadcrumb\":{\"@id\":\"https:\/\/lavanno.com\/en\/toode\/adsorptsiooniuksus-slimsorba-koos-laadimisukse-ventilatsiooniga\/#breadcrumb\"},\"inLanguage\":\"en-US\",\"potentialAction\":[{\"@type\":\"ReadAction\",\"target\":[\"https:\/\/lavanno.com\/en\/toode\/adsorptsiooniuksus-slimsorba-koos-laadimisukse-ventilatsiooniga\/\"]}]},{\"@type\":\"ImageObject\",\"inLanguage\":\"en-US\",\"@id\":\"https:\/\/lavanno.com\/en\/toode\/adsorptsiooniuksus-slimsorba-koos-laadimisukse-ventilatsiooniga\/#primaryimage\",\"url\":\"https:\/\/lavanno.com\/wp-content\/uploads\/2025\/10\/Boewe-Slimsorba.png\",\"contentUrl\":\"https:\/\/lavanno.com\/wp-content\/uploads\/2025\/10\/Boewe-Slimsorba.png\",\"width\":800,\"height\":800,\"caption\":\"Boewe-Slimsorba.\"},{\"@type\":\"BreadcrumbList\",\"@id\":\"https:\/\/lavanno.com\/en\/toode\/adsorptsiooniuksus-slimsorba-koos-laadimisukse-ventilatsiooniga\/#breadcrumb\",\"itemListElement\":[{\"@type\":\"ListItem\",\"position\":1,\"name\":\"Home\",\"item\":\"https:\/\/lavanno.com\/en\/\"},{\"@type\":\"ListItem\",\"position\":2,\"name\":\"E-pood\",\"item\":\"https:\/\/lavanno.com\/e-pood\/\"},{\"@type\":\"ListItem\",\"position\":3,\"name\":\"Adsorptsiooni\u00fcksus SLIMSORBA koos laadimisukse ventilatsiooniga\"}]},{\"@type\":\"WebSite\",\"@id\":\"https:\/\/lavanno.com\/en\/#website\",\"url\":\"https:\/\/lavanno.com\/en\/\",\"name\":\"Lavanno - Pesuvahendite ekspert\",\"description\":\"Toome maale ja m\u00fc\u00fcme tekstiili pesuvahendeid, pesumajaseadmeid ja tarvikuid. Hooldame ja konsulteerime.\",\"publisher\":{\"@id\":\"https:\/\/lavanno.com\/en\/#organization\"},\"potentialAction\":[{\"@type\":\"SearchAction\",\"target\":{\"@type\":\"EntryPoint\",\"urlTemplate\":\"https:\/\/lavanno.com\/en\/?s={search_term_string}\"},\"query-input\":{\"@type\":\"PropertyValueSpecification\",\"valueRequired\":true,\"valueName\":\"search_term_string\"}}],\"inLanguage\":\"en-US\"},{\"@type\":\"Organization\",\"@id\":\"https:\/\/lavanno.com\/en\/#organization\",\"name\":\"Lavanno - Pesuvahendite ekspert\",\"url\":\"https:\/\/lavanno.com\/en\/\",\"logo\":{\"@type\":\"ImageObject\",\"inLanguage\":\"en-US\",\"@id\":\"https:\/\/lavanno.com\/en\/#\/schema\/logo\/image\/\",\"url\":\"https:\/\/lavanno.com\/wp-content\/uploads\/2025\/07\/Lavanno.png\",\"contentUrl\":\"https:\/\/lavanno.com\/wp-content\/uploads\/2025\/07\/Lavanno.png\",\"width\":1200,\"height\":1200,\"caption\":\"Lavanno - Pesuvahendite ekspert\"},\"image\":{\"@id\":\"https:\/\/lavanno.com\/en\/#\/schema\/logo\/image\/\"},\"sameAs\":[\"https:\/\/www.facebook.com\/Lavanno.ee\"]}]}<\/script>\n<!-- \/ Yoast SEO plugin. -->","yoast_head_json":{"title":"Adsorptsiooni\u00fcksus SLIMSORBA koos laadimisukse ventilatsiooniga - Lavanno - pesuvahendite ekspert","description":"Slimsorba on B\u00d6WE keemilise puhastuse masinate lisavarustus, mis eemaldab l\u00f5hnad ja v\u00e4hendab lahustij\u00e4\u00e4ke, tagades puhta l\u00f5pptulemuse.","robots":{"index":"index","follow":"follow","max-snippet":"max-snippet:-1","max-image-preview":"max-image-preview:large","max-video-preview":"max-video-preview:-1"},"canonical":"https:\/\/lavanno.com\/en\/toode\/adsorptsiooniuksus-slimsorba-koos-laadimisukse-ventilatsiooniga\/","og_locale":"en_US","og_type":"article","og_title":"Adsorptsiooni\u00fcksus SLIMSORBA koos laadimisukse ventilatsiooniga - Lavanno - pesuvahendite ekspert","og_description":"Slimsorba on B\u00d6WE keemilise puhastuse masinate lisavarustus, mis eemaldab l\u00f5hnad ja v\u00e4hendab lahustij\u00e4\u00e4ke, tagades puhta l\u00f5pptulemuse.","og_url":"https:\/\/lavanno.com\/en\/toode\/adsorptsiooniuksus-slimsorba-koos-laadimisukse-ventilatsiooniga\/","og_site_name":"Lavanno - pesuvahendite ekspert","article_publisher":"https:\/\/www.facebook.com\/Lavanno.ee","article_modified_time":"2026-05-02T05:45:00+00:00","og_image":[{"width":800,"height":800,"url":"https:\/\/lavanno.com\/wp-content\/uploads\/2025\/10\/Boewe-Slimsorba.png","type":"image\/png"}],"twitter_card":"summary_large_image","twitter_misc":{"Est. reading time":"1 minute"},"schema":{"@context":"https:\/\/schema.org","@graph":[{"@type":"WebPage","@id":"https:\/\/lavanno.com\/en\/toode\/adsorptsiooniuksus-slimsorba-koos-laadimisukse-ventilatsiooniga\/","url":"https:\/\/lavanno.com\/en\/toode\/adsorptsiooniuksus-slimsorba-koos-laadimisukse-ventilatsiooniga\/","name":"Adsorptsiooni\u00fcksus SLIMSORBA koos laadimisukse ventilatsiooniga - Lavanno - pesuvahendite ekspert","isPartOf":{"@id":"https:\/\/lavanno.com\/en\/#website"},"primaryImageOfPage":{"@id":"https:\/\/lavanno.com\/en\/toode\/adsorptsiooniuksus-slimsorba-koos-laadimisukse-ventilatsiooniga\/#primaryimage"},"image":{"@id":"https:\/\/lavanno.com\/en\/toode\/adsorptsiooniuksus-slimsorba-koos-laadimisukse-ventilatsiooniga\/#primaryimage"},"thumbnailUrl":"https:\/\/lavanno.com\/wp-content\/uploads\/2025\/10\/Boewe-Slimsorba.png","datePublished":"2025-10-23T10:45:00+00:00","dateModified":"2026-05-02T05:45:00+00:00","description":"Slimsorba on B\u00d6WE keemilise puhastuse masinate lisavarustus, mis eemaldab l\u00f5hnad ja v\u00e4hendab lahustij\u00e4\u00e4ke, tagades puhta l\u00f5pptulemuse.","breadcrumb":{"@id":"https:\/\/lavanno.com\/en\/toode\/adsorptsiooniuksus-slimsorba-koos-laadimisukse-ventilatsiooniga\/#breadcrumb"},"inLanguage":"en-US","potentialAction":[{"@type":"ReadAction","target":["https:\/\/lavanno.com\/en\/toode\/adsorptsiooniuksus-slimsorba-koos-laadimisukse-ventilatsiooniga\/"]}]},{"@type":"ImageObject","inLanguage":"en-US","@id":"https:\/\/lavanno.com\/en\/toode\/adsorptsiooniuksus-slimsorba-koos-laadimisukse-ventilatsiooniga\/#primaryimage","url":"https:\/\/lavanno.com\/wp-content\/uploads\/2025\/10\/Boewe-Slimsorba.png","contentUrl":"https:\/\/lavanno.com\/wp-content\/uploads\/2025\/10\/Boewe-Slimsorba.png","width":800,"height":800,"caption":"Boewe-Slimsorba."},{"@type":"BreadcrumbList","@id":"https:\/\/lavanno.com\/en\/toode\/adsorptsiooniuksus-slimsorba-koos-laadimisukse-ventilatsiooniga\/#breadcrumb","itemListElement":[{"@type":"ListItem","position":1,"name":"Home","item":"https:\/\/lavanno.com\/en\/"},{"@type":"ListItem","position":2,"name":"E-pood","item":"https:\/\/lavanno.com\/e-pood\/"},{"@type":"ListItem","position":3,"name":"Adsorptsiooni\u00fcksus SLIMSORBA koos laadimisukse ventilatsiooniga"}]},{"@type":"WebSite","@id":"https:\/\/lavanno.com\/en\/#website","url":"https:\/\/lavanno.com\/en\/","name":"Lavanno - Pesuvahendite ekspert","description":"Toome maale ja m\u00fc\u00fcme tekstiili pesuvahendeid, pesumajaseadmeid ja tarvikuid. Hooldame ja konsulteerime.","publisher":{"@id":"https:\/\/lavanno.com\/en\/#organization"},"potentialAction":[{"@type":"SearchAction","target":{"@type":"EntryPoint","urlTemplate":"https:\/\/lavanno.com\/en\/?s={search_term_string}"},"query-input":{"@type":"PropertyValueSpecification","valueRequired":true,"valueName":"search_term_string"}}],"inLanguage":"en-US"},{"@type":"Organization","@id":"https:\/\/lavanno.com\/en\/#organization","name":"Lavanno - Pesuvahendite ekspert","url":"https:\/\/lavanno.com\/en\/","logo":{"@type":"ImageObject","inLanguage":"en-US","@id":"https:\/\/lavanno.com\/en\/#\/schema\/logo\/image\/","url":"https:\/\/lavanno.com\/wp-content\/uploads\/2025\/07\/Lavanno.png","contentUrl":"https:\/\/lavanno.com\/wp-content\/uploads\/2025\/07\/Lavanno.png","width":1200,"height":1200,"caption":"Lavanno - Pesuvahendite ekspert"},"image":{"@id":"https:\/\/lavanno.com\/en\/#\/schema\/logo\/image\/"},"sameAs":["https:\/\/www.facebook.com\/Lavanno.ee"]}]}},"_links":{"self":[{"href":"https:\/\/lavanno.com\/en\/wp-json\/wp\/v2\/product\/12215","targetHints":{"allow":["GET"]}}],"collection":[{"href":"https:\/\/lavanno.com\/en\/wp-json\/wp\/v2\/product"}],"about":[{"href":"https:\/\/lavanno.com\/en\/wp-json\/wp\/v2\/types\/product"}],"replies":[{"embeddable":true,"href":"https:\/\/lavanno.com\/en\/wp-json\/wp\/v2\/comments?post=12215"}],"wp:featuredmedia":[{"embeddable":true,"href":"https:\/\/lavanno.com\/en\/wp-json\/wp\/v2\/media\/12998"}],"wp:attachment":[{"href":"https:\/\/lavanno.com\/en\/wp-json\/wp\/v2\/media?parent=12215"}],"wp:term":[{"taxonomy":"product_brand","embeddable":true,"href":"https:\/\/lavanno.com\/en\/wp-json\/wp\/v2\/product_brand?post=12215"},{"taxonomy":"product_cat","embeddable":true,"href":"https:\/\/lavanno.com\/en\/wp-json\/wp\/v2\/product_cat?post=12215"},{"taxonomy":"product_tag","embeddable":true,"href":"https:\/\/lavanno.com\/en\/wp-json\/wp\/v2\/product_tag?post=12215"}],"curies":[{"name":"wp","href":"https:\/\/api.w.org\/{rel}","templated":true}]}}