{"id":12218,"date":"2025-10-23T13:45:01","date_gmt":"2025-10-23T10:45:01","guid":{"rendered":"https:\/\/lavanno.com\/toode\/coccola-di-talco-kanga-ja-ohuvarskendaja-talgi400-ml-8054729630347\/"},"modified":"2026-05-02T14:50:00","modified_gmt":"2026-05-02T11:50:00","slug":"coccola-di-talco-kanga-ja-ohuvarskendaja-talgi400-ml-8054729630347","status":"publish","type":"product","link":"https:\/\/lavanno.com\/en\/toode\/coccola-di-talco-kanga-ja-ohuvarskendaja-talgi400-ml-8054729630347\/","title":{"rendered":"Coccola Di Talco kanga ja \u00f5huv\u00e4rskendaja (Talgi)400 ml 8054729630347"},"content":{"rendered":"<p><strong>Kasutamine<\/strong><\/p>\n<p>Enne kasutamist loksutada.<br \/>\nPihustada \u00fchtlaselt 20\u201325 cm kauguselt soovitud pinnale v\u00f5i ruumi\u00f5hku.<\/p>\n<p><strong>Koostisosad<\/strong><\/p>\n<p>Butaan, isobutaan, propaan, alkohol, isoprop\u00fc\u00fclalkohol, parf\u00fc\u00fcm, heksamet\u00fc\u00fclindanop\u00fcraan, 4-tert-but\u00fc\u00fclts\u00fckloheks\u00fc\u00fclatsetaat, linal\u00fc\u00fclatsetaat, vanilliin, heks\u00fc\u00fclsalits\u00fclaat, 4-tert-but\u00fc\u00fcldih\u00fcdrotsinnamaldeh\u00fc\u00fcd, ts\u00fcklameenaldeh\u00fc\u00fcd, cis-3-heksen\u00fc\u00fclsalits\u00fclaat.<\/p>\n<p><strong>Funktsioon\u00a0<\/strong><\/p>\n<p>H\u00fcpoallergeenne l\u00f5hnasprei<\/p>\n<p>&nbsp;<\/p>\n","protected":false},"excerpt":{"rendered":"<p>Coccola di Talco DeoSpray on h\u00fcpoallergeenne l\u00f5hnasprei, mille \u00f5rn ja \u00fcmbritsev talgil\u00f5hn loob puhta ning v\u00e4rske atmosf\u00e4\u00e4ri. Toode on dermatoloogiliselt testitud ning sobib kasutamiseks tekstiilidel ja ruumi\u00f5hus.<\/p>\n<p>Selle pehme ja hooliv aroom meenutab v\u00e4rskelt pestud pesu ning loob mugava ja rahustava l\u00f5hnakogemuse \u2013 nagu ema kallistus.<\/p>\n<ul>\n<li>H\u00fcpoallergeenne koostis<\/li>\n<li>Dermatoloogiliselt testitud<\/li>\n<li>\u00d5rn ja kauakestev talgil\u00f5hn<\/li>\n<li>Sobib tekstiilidele ja ruumi l\u00f5hnastamiseks<\/li>\n<li>Lihtne kasutada pihustina<\/li>\n<\/ul>\n","protected":false},"featured_media":12508,"comment_status":"open","ping_status":"closed","template":"","meta":[],"product_brand":[],"product_cat":[584,581],"product_tag":[850,833,835,837],"class_list":{"0":"post-12218","1":"product","2":"type-product","3":"status-publish","4":"has-post-thumbnail","6":"product_cat-ohu-ja-kangasvarskendajad","7":"product_cat-tekstiili-ja-kodulohnastajad-eraklient","8":"product_tag-kodumajapidamine","9":"product_tag-lasteaedadele","10":"product_tag-pesumajad","11":"product_tag-puhastusteenindus","13":"first","14":"instock","15":"taxable","16":"shipping-taxable","17":"purchasable","18":"product-type-simple"},"yoast_head":"<!-- This site is optimized with the Yoast SEO plugin v27.0 - https:\/\/yoast.com\/product\/yoast-seo-wordpress\/ -->\n<title>Coccola Di Talco kanga ja \u00f5huv\u00e4rskendaja (Talgi)400 ml 8054729630347 - Lavanno - pesuvahendite ekspert<\/title>\n<meta name=\"description\" content=\"Coccola di Talco DeoSpray on h\u00fcpoallergeenne talgil\u00f5hnaline l\u00f5hnasprei, mis v\u00e4rskendab tekstiile ja ruumi ning j\u00e4tab pehme ja kauakestva aroomi.\" \/>\n<meta name=\"robots\" content=\"index, follow, max-snippet:-1, max-image-preview:large, max-video-preview:-1\" \/>\n<link rel=\"canonical\" href=\"https:\/\/lavanno.com\/en\/toode\/coccola-di-talco-kanga-ja-ohuvarskendaja-talgi400-ml-8054729630347\/\" \/>\n<meta property=\"og:locale\" content=\"en_US\" \/>\n<meta property=\"og:type\" content=\"article\" \/>\n<meta property=\"og:title\" content=\"Coccola Di Talco kanga ja \u00f5huv\u00e4rskendaja (Talgi)400 ml 8054729630347 - Lavanno - pesuvahendite ekspert\" \/>\n<meta property=\"og:description\" content=\"Coccola di Talco DeoSpray on h\u00fcpoallergeenne talgil\u00f5hnaline l\u00f5hnasprei, mis v\u00e4rskendab tekstiile ja ruumi ning j\u00e4tab pehme ja kauakestva aroomi.\" \/>\n<meta property=\"og:url\" content=\"https:\/\/lavanno.com\/en\/toode\/coccola-di-talco-kanga-ja-ohuvarskendaja-talgi400-ml-8054729630347\/\" \/>\n<meta property=\"og:site_name\" content=\"Lavanno - pesuvahendite ekspert\" \/>\n<meta property=\"article:publisher\" content=\"https:\/\/www.facebook.com\/Lavanno.ee\" \/>\n<meta property=\"article:modified_time\" content=\"2026-05-02T11:50:00+00:00\" \/>\n<meta property=\"og:image\" content=\"https:\/\/lavanno.com\/wp-content\/uploads\/2025\/11\/a73-105bioxelle_coccola_di_talco-1.png\" \/>\n\t<meta property=\"og:image:width\" content=\"800\" \/>\n\t<meta property=\"og:image:height\" content=\"800\" \/>\n\t<meta property=\"og:image:type\" content=\"image\/png\" \/>\n<meta name=\"twitter:card\" content=\"summary_large_image\" \/>\n<meta name=\"twitter:label1\" content=\"Est. reading time\" \/>\n\t<meta name=\"twitter:data1\" content=\"1 minute\" \/>\n<script type=\"application\/ld+json\" class=\"yoast-schema-graph\">{\"@context\":\"https:\/\/schema.org\",\"@graph\":[{\"@type\":\"WebPage\",\"@id\":\"https:\/\/lavanno.com\/en\/toode\/coccola-di-talco-kanga-ja-ohuvarskendaja-talgi400-ml-8054729630347\/\",\"url\":\"https:\/\/lavanno.com\/en\/toode\/coccola-di-talco-kanga-ja-ohuvarskendaja-talgi400-ml-8054729630347\/\",\"name\":\"Coccola Di Talco kanga ja \u00f5huv\u00e4rskendaja (Talgi)400 ml 8054729630347 - Lavanno - pesuvahendite ekspert\",\"isPartOf\":{\"@id\":\"https:\/\/lavanno.com\/en\/#website\"},\"primaryImageOfPage\":{\"@id\":\"https:\/\/lavanno.com\/en\/toode\/coccola-di-talco-kanga-ja-ohuvarskendaja-talgi400-ml-8054729630347\/#primaryimage\"},\"image\":{\"@id\":\"https:\/\/lavanno.com\/en\/toode\/coccola-di-talco-kanga-ja-ohuvarskendaja-talgi400-ml-8054729630347\/#primaryimage\"},\"thumbnailUrl\":\"https:\/\/lavanno.com\/wp-content\/uploads\/2025\/11\/a73-105bioxelle_coccola_di_talco-1.png\",\"datePublished\":\"2025-10-23T10:45:01+00:00\",\"dateModified\":\"2026-05-02T11:50:00+00:00\",\"description\":\"Coccola di Talco DeoSpray on h\u00fcpoallergeenne talgil\u00f5hnaline l\u00f5hnasprei, mis v\u00e4rskendab tekstiile ja ruumi ning j\u00e4tab pehme ja kauakestva aroomi.\",\"breadcrumb\":{\"@id\":\"https:\/\/lavanno.com\/en\/toode\/coccola-di-talco-kanga-ja-ohuvarskendaja-talgi400-ml-8054729630347\/#breadcrumb\"},\"inLanguage\":\"en-US\",\"potentialAction\":[{\"@type\":\"ReadAction\",\"target\":[\"https:\/\/lavanno.com\/en\/toode\/coccola-di-talco-kanga-ja-ohuvarskendaja-talgi400-ml-8054729630347\/\"]}]},{\"@type\":\"ImageObject\",\"inLanguage\":\"en-US\",\"@id\":\"https:\/\/lavanno.com\/en\/toode\/coccola-di-talco-kanga-ja-ohuvarskendaja-talgi400-ml-8054729630347\/#primaryimage\",\"url\":\"https:\/\/lavanno.com\/wp-content\/uploads\/2025\/11\/a73-105bioxelle_coccola_di_talco-1.png\",\"contentUrl\":\"https:\/\/lavanno.com\/wp-content\/uploads\/2025\/11\/a73-105bioxelle_coccola_di_talco-1.png\",\"width\":800,\"height\":800},{\"@type\":\"BreadcrumbList\",\"@id\":\"https:\/\/lavanno.com\/en\/toode\/coccola-di-talco-kanga-ja-ohuvarskendaja-talgi400-ml-8054729630347\/#breadcrumb\",\"itemListElement\":[{\"@type\":\"ListItem\",\"position\":1,\"name\":\"Home\",\"item\":\"https:\/\/lavanno.com\/en\/\"},{\"@type\":\"ListItem\",\"position\":2,\"name\":\"E-pood\",\"item\":\"https:\/\/lavanno.com\/e-pood\/\"},{\"@type\":\"ListItem\",\"position\":3,\"name\":\"Coccola Di Talco kanga ja \u00f5huv\u00e4rskendaja (Talgi)400 ml 8054729630347\"}]},{\"@type\":\"WebSite\",\"@id\":\"https:\/\/lavanno.com\/en\/#website\",\"url\":\"https:\/\/lavanno.com\/en\/\",\"name\":\"Lavanno - Pesuvahendite ekspert\",\"description\":\"Toome maale ja m\u00fc\u00fcme tekstiili pesuvahendeid, pesumajaseadmeid ja tarvikuid. Hooldame ja konsulteerime.\",\"publisher\":{\"@id\":\"https:\/\/lavanno.com\/en\/#organization\"},\"potentialAction\":[{\"@type\":\"SearchAction\",\"target\":{\"@type\":\"EntryPoint\",\"urlTemplate\":\"https:\/\/lavanno.com\/en\/?s={search_term_string}\"},\"query-input\":{\"@type\":\"PropertyValueSpecification\",\"valueRequired\":true,\"valueName\":\"search_term_string\"}}],\"inLanguage\":\"en-US\"},{\"@type\":\"Organization\",\"@id\":\"https:\/\/lavanno.com\/en\/#organization\",\"name\":\"Lavanno - Pesuvahendite ekspert\",\"url\":\"https:\/\/lavanno.com\/en\/\",\"logo\":{\"@type\":\"ImageObject\",\"inLanguage\":\"en-US\",\"@id\":\"https:\/\/lavanno.com\/en\/#\/schema\/logo\/image\/\",\"url\":\"https:\/\/lavanno.com\/wp-content\/uploads\/2025\/07\/Lavanno.png\",\"contentUrl\":\"https:\/\/lavanno.com\/wp-content\/uploads\/2025\/07\/Lavanno.png\",\"width\":1200,\"height\":1200,\"caption\":\"Lavanno - Pesuvahendite ekspert\"},\"image\":{\"@id\":\"https:\/\/lavanno.com\/en\/#\/schema\/logo\/image\/\"},\"sameAs\":[\"https:\/\/www.facebook.com\/Lavanno.ee\"]}]}<\/script>\n<!-- \/ Yoast SEO plugin. -->","yoast_head_json":{"title":"Coccola Di Talco kanga ja \u00f5huv\u00e4rskendaja (Talgi)400 ml 8054729630347 - Lavanno - pesuvahendite ekspert","description":"Coccola di Talco DeoSpray on h\u00fcpoallergeenne talgil\u00f5hnaline l\u00f5hnasprei, mis v\u00e4rskendab tekstiile ja ruumi ning j\u00e4tab pehme ja kauakestva aroomi.","robots":{"index":"index","follow":"follow","max-snippet":"max-snippet:-1","max-image-preview":"max-image-preview:large","max-video-preview":"max-video-preview:-1"},"canonical":"https:\/\/lavanno.com\/en\/toode\/coccola-di-talco-kanga-ja-ohuvarskendaja-talgi400-ml-8054729630347\/","og_locale":"en_US","og_type":"article","og_title":"Coccola Di Talco kanga ja \u00f5huv\u00e4rskendaja (Talgi)400 ml 8054729630347 - Lavanno - pesuvahendite ekspert","og_description":"Coccola di Talco DeoSpray on h\u00fcpoallergeenne talgil\u00f5hnaline l\u00f5hnasprei, mis v\u00e4rskendab tekstiile ja ruumi ning j\u00e4tab pehme ja kauakestva aroomi.","og_url":"https:\/\/lavanno.com\/en\/toode\/coccola-di-talco-kanga-ja-ohuvarskendaja-talgi400-ml-8054729630347\/","og_site_name":"Lavanno - pesuvahendite ekspert","article_publisher":"https:\/\/www.facebook.com\/Lavanno.ee","article_modified_time":"2026-05-02T11:50:00+00:00","og_image":[{"width":800,"height":800,"url":"https:\/\/lavanno.com\/wp-content\/uploads\/2025\/11\/a73-105bioxelle_coccola_di_talco-1.png","type":"image\/png"}],"twitter_card":"summary_large_image","twitter_misc":{"Est. reading time":"1 minute"},"schema":{"@context":"https:\/\/schema.org","@graph":[{"@type":"WebPage","@id":"https:\/\/lavanno.com\/en\/toode\/coccola-di-talco-kanga-ja-ohuvarskendaja-talgi400-ml-8054729630347\/","url":"https:\/\/lavanno.com\/en\/toode\/coccola-di-talco-kanga-ja-ohuvarskendaja-talgi400-ml-8054729630347\/","name":"Coccola Di Talco kanga ja \u00f5huv\u00e4rskendaja (Talgi)400 ml 8054729630347 - Lavanno - pesuvahendite ekspert","isPartOf":{"@id":"https:\/\/lavanno.com\/en\/#website"},"primaryImageOfPage":{"@id":"https:\/\/lavanno.com\/en\/toode\/coccola-di-talco-kanga-ja-ohuvarskendaja-talgi400-ml-8054729630347\/#primaryimage"},"image":{"@id":"https:\/\/lavanno.com\/en\/toode\/coccola-di-talco-kanga-ja-ohuvarskendaja-talgi400-ml-8054729630347\/#primaryimage"},"thumbnailUrl":"https:\/\/lavanno.com\/wp-content\/uploads\/2025\/11\/a73-105bioxelle_coccola_di_talco-1.png","datePublished":"2025-10-23T10:45:01+00:00","dateModified":"2026-05-02T11:50:00+00:00","description":"Coccola di Talco DeoSpray on h\u00fcpoallergeenne talgil\u00f5hnaline l\u00f5hnasprei, mis v\u00e4rskendab tekstiile ja ruumi ning j\u00e4tab pehme ja kauakestva aroomi.","breadcrumb":{"@id":"https:\/\/lavanno.com\/en\/toode\/coccola-di-talco-kanga-ja-ohuvarskendaja-talgi400-ml-8054729630347\/#breadcrumb"},"inLanguage":"en-US","potentialAction":[{"@type":"ReadAction","target":["https:\/\/lavanno.com\/en\/toode\/coccola-di-talco-kanga-ja-ohuvarskendaja-talgi400-ml-8054729630347\/"]}]},{"@type":"ImageObject","inLanguage":"en-US","@id":"https:\/\/lavanno.com\/en\/toode\/coccola-di-talco-kanga-ja-ohuvarskendaja-talgi400-ml-8054729630347\/#primaryimage","url":"https:\/\/lavanno.com\/wp-content\/uploads\/2025\/11\/a73-105bioxelle_coccola_di_talco-1.png","contentUrl":"https:\/\/lavanno.com\/wp-content\/uploads\/2025\/11\/a73-105bioxelle_coccola_di_talco-1.png","width":800,"height":800},{"@type":"BreadcrumbList","@id":"https:\/\/lavanno.com\/en\/toode\/coccola-di-talco-kanga-ja-ohuvarskendaja-talgi400-ml-8054729630347\/#breadcrumb","itemListElement":[{"@type":"ListItem","position":1,"name":"Home","item":"https:\/\/lavanno.com\/en\/"},{"@type":"ListItem","position":2,"name":"E-pood","item":"https:\/\/lavanno.com\/e-pood\/"},{"@type":"ListItem","position":3,"name":"Coccola Di Talco kanga ja \u00f5huv\u00e4rskendaja (Talgi)400 ml 8054729630347"}]},{"@type":"WebSite","@id":"https:\/\/lavanno.com\/en\/#website","url":"https:\/\/lavanno.com\/en\/","name":"Lavanno - Pesuvahendite ekspert","description":"Toome maale ja m\u00fc\u00fcme tekstiili pesuvahendeid, pesumajaseadmeid ja tarvikuid. Hooldame ja konsulteerime.","publisher":{"@id":"https:\/\/lavanno.com\/en\/#organization"},"potentialAction":[{"@type":"SearchAction","target":{"@type":"EntryPoint","urlTemplate":"https:\/\/lavanno.com\/en\/?s={search_term_string}"},"query-input":{"@type":"PropertyValueSpecification","valueRequired":true,"valueName":"search_term_string"}}],"inLanguage":"en-US"},{"@type":"Organization","@id":"https:\/\/lavanno.com\/en\/#organization","name":"Lavanno - Pesuvahendite ekspert","url":"https:\/\/lavanno.com\/en\/","logo":{"@type":"ImageObject","inLanguage":"en-US","@id":"https:\/\/lavanno.com\/en\/#\/schema\/logo\/image\/","url":"https:\/\/lavanno.com\/wp-content\/uploads\/2025\/07\/Lavanno.png","contentUrl":"https:\/\/lavanno.com\/wp-content\/uploads\/2025\/07\/Lavanno.png","width":1200,"height":1200,"caption":"Lavanno - Pesuvahendite ekspert"},"image":{"@id":"https:\/\/lavanno.com\/en\/#\/schema\/logo\/image\/"},"sameAs":["https:\/\/www.facebook.com\/Lavanno.ee"]}]}},"_links":{"self":[{"href":"https:\/\/lavanno.com\/en\/wp-json\/wp\/v2\/product\/12218","targetHints":{"allow":["GET"]}}],"collection":[{"href":"https:\/\/lavanno.com\/en\/wp-json\/wp\/v2\/product"}],"about":[{"href":"https:\/\/lavanno.com\/en\/wp-json\/wp\/v2\/types\/product"}],"replies":[{"embeddable":true,"href":"https:\/\/lavanno.com\/en\/wp-json\/wp\/v2\/comments?post=12218"}],"wp:featuredmedia":[{"embeddable":true,"href":"https:\/\/lavanno.com\/en\/wp-json\/wp\/v2\/media\/12508"}],"wp:attachment":[{"href":"https:\/\/lavanno.com\/en\/wp-json\/wp\/v2\/media?parent=12218"}],"wp:term":[{"taxonomy":"product_brand","embeddable":true,"href":"https:\/\/lavanno.com\/en\/wp-json\/wp\/v2\/product_brand?post=12218"},{"taxonomy":"product_cat","embeddable":true,"href":"https:\/\/lavanno.com\/en\/wp-json\/wp\/v2\/product_cat?post=12218"},{"taxonomy":"product_tag","embeddable":true,"href":"https:\/\/lavanno.com\/en\/wp-json\/wp\/v2\/product_tag?post=12218"}],"curies":[{"name":"wp","href":"https:\/\/api.w.org\/{rel}","templated":true}]}}