{"id":12223,"date":"2025-10-23T13:45:01","date_gmt":"2025-10-23T10:45:01","guid":{"rendered":"https:\/\/lavanno.com\/toode\/certisan-k-20kg-hugieeniline-pesuaine\/"},"modified":"2026-05-02T14:50:01","modified_gmt":"2026-05-02T11:50:01","slug":"certisan-k-20kg-hugieeniline-pesuaine","status":"publish","type":"product","link":"https:\/\/lavanno.com\/en\/toode\/certisan-k-20kg-hugieeniline-pesuaine\/","title":{"rendered":"Certisan K 20kg &#8211; L\u00f5hnastatud h\u00fcgieeniline pesulisand"},"content":{"rendered":"<p><strong>Spetsifikatsioon<\/strong><\/p>\n<p><strong>Kasutamine<\/strong><\/p>\n<p>Lisage 5\u201310 ml toodet \u00fche kilogrammi kuiva pesu kohta pesuloputusvahendi sahtlisse viimase loputusts\u00fckli ajal, kasutades madalat veetaset.<\/p>\n<p><strong>Koostisosad<\/strong><\/p>\n<p>Vesi, C13-15 pareth-7, didets\u00fc\u00fcldimet\u00fc\u00fclammooniumkloriid, isoprop\u00fc\u00fclalkohol, trideceth-2, riitsinus\u00f5li, etoks\u00fcdigl\u00fckool, limoneen, heks\u00fc\u00fcltsinnamaal, dimetikoon.<\/p>\n<p><strong>Funktsioon<\/strong><\/p>\n<p>L\u00f5hnastatud h\u00fcgieeniline pesulisand<\/p>\n<p><a href=\"https:\/\/lavanno.com\/wp-content\/uploads\/2025\/09\/A48-410Hygienfresh_Certisan_KRel2ETSDS.pdf\" target=\"_blank\" rel=\"noopener\">Ohutuskaart<\/a><\/p>\n","protected":false},"excerpt":{"rendered":"<p>Professionaalne h\u00fcgieenilisust tagav lisand, mis sobib k\u00f5igi pesuts\u00fcklite ja r\u00f5ivaste korral. P\u00f5hjalik ja ohutu h\u00fcgieenilisus. See on v\u00e4lja t\u00f6\u00f6tatud nii traditsiooniliste pesumajade kui selvepesulate jaoks.<\/p>\n<p>&nbsp;<\/p>\n","protected":false},"featured_media":12359,"comment_status":"open","ping_status":"closed","template":"","meta":[],"product_brand":[],"product_cat":[506,572],"product_tag":[835,839],"class_list":{"0":"post-12223","1":"product","2":"type-product","3":"status-publish","4":"has-post-thumbnail","6":"product_cat-ariklient","7":"product_cat-lisaained","8":"product_tag-pesumajad","9":"product_tag-tervishoid","11":"first","12":"outofstock","13":"taxable","14":"shipping-taxable","15":"purchasable","16":"product-type-simple"},"yoast_head":"<!-- This site is optimized with the Yoast SEO plugin v27.0 - https:\/\/yoast.com\/product\/yoast-seo-wordpress\/ -->\n<title>Certisan K 20kg - L\u00f5hnastatud h\u00fcgieeniline pesulisand - Lavanno - pesuvahendite ekspert<\/title>\n<meta name=\"description\" content=\"Certisan K - L\u00f5hnastatud h\u00fcgieeniline pesulisand kvaternaarsete \u00fchenditega, mis tagab s\u00fcgava h\u00fcgieeni ja v\u00e4rske l\u00f5hna k\u00f5ikidele kangastele.\" \/>\n<meta name=\"robots\" content=\"index, follow, max-snippet:-1, max-image-preview:large, max-video-preview:-1\" \/>\n<link rel=\"canonical\" href=\"https:\/\/lavanno.com\/en\/toode\/certisan-k-20kg-hugieeniline-pesuaine\/\" \/>\n<meta property=\"og:locale\" content=\"en_US\" \/>\n<meta property=\"og:type\" content=\"article\" \/>\n<meta property=\"og:title\" content=\"Certisan K 20kg - L\u00f5hnastatud h\u00fcgieeniline pesulisand - Lavanno - pesuvahendite ekspert\" \/>\n<meta property=\"og:description\" content=\"Certisan K - L\u00f5hnastatud h\u00fcgieeniline pesulisand kvaternaarsete \u00fchenditega, mis tagab s\u00fcgava h\u00fcgieeni ja v\u00e4rske l\u00f5hna k\u00f5ikidele kangastele.\" \/>\n<meta property=\"og:url\" content=\"https:\/\/lavanno.com\/en\/toode\/certisan-k-20kg-hugieeniline-pesuaine\/\" \/>\n<meta property=\"og:site_name\" content=\"Lavanno - pesuvahendite ekspert\" \/>\n<meta property=\"article:publisher\" content=\"https:\/\/www.facebook.com\/Lavanno.ee\" \/>\n<meta property=\"article:modified_time\" content=\"2026-05-02T11:50:01+00:00\" \/>\n<meta property=\"og:image\" content=\"https:\/\/lavanno.com\/wp-content\/uploads\/2025\/11\/a48-410ncertisan_k_20kg-1.png\" \/>\n\t<meta property=\"og:image:width\" content=\"800\" \/>\n\t<meta property=\"og:image:height\" content=\"800\" \/>\n\t<meta property=\"og:image:type\" content=\"image\/png\" \/>\n<meta name=\"twitter:card\" content=\"summary_large_image\" \/>\n<meta name=\"twitter:label1\" content=\"Est. reading time\" \/>\n\t<meta name=\"twitter:data1\" content=\"1 minute\" \/>\n<script type=\"application\/ld+json\" class=\"yoast-schema-graph\">{\"@context\":\"https:\/\/schema.org\",\"@graph\":[{\"@type\":\"WebPage\",\"@id\":\"https:\/\/lavanno.com\/en\/toode\/certisan-k-20kg-hugieeniline-pesuaine\/\",\"url\":\"https:\/\/lavanno.com\/en\/toode\/certisan-k-20kg-hugieeniline-pesuaine\/\",\"name\":\"Certisan K 20kg - L\u00f5hnastatud h\u00fcgieeniline pesulisand - Lavanno - pesuvahendite ekspert\",\"isPartOf\":{\"@id\":\"https:\/\/lavanno.com\/en\/#website\"},\"primaryImageOfPage\":{\"@id\":\"https:\/\/lavanno.com\/en\/toode\/certisan-k-20kg-hugieeniline-pesuaine\/#primaryimage\"},\"image\":{\"@id\":\"https:\/\/lavanno.com\/en\/toode\/certisan-k-20kg-hugieeniline-pesuaine\/#primaryimage\"},\"thumbnailUrl\":\"https:\/\/lavanno.com\/wp-content\/uploads\/2025\/11\/a48-410ncertisan_k_20kg-1.png\",\"datePublished\":\"2025-10-23T10:45:01+00:00\",\"dateModified\":\"2026-05-02T11:50:01+00:00\",\"description\":\"Certisan K - L\u00f5hnastatud h\u00fcgieeniline pesulisand kvaternaarsete \u00fchenditega, mis tagab s\u00fcgava h\u00fcgieeni ja v\u00e4rske l\u00f5hna k\u00f5ikidele kangastele.\",\"breadcrumb\":{\"@id\":\"https:\/\/lavanno.com\/en\/toode\/certisan-k-20kg-hugieeniline-pesuaine\/#breadcrumb\"},\"inLanguage\":\"en-US\",\"potentialAction\":[{\"@type\":\"ReadAction\",\"target\":[\"https:\/\/lavanno.com\/en\/toode\/certisan-k-20kg-hugieeniline-pesuaine\/\"]}]},{\"@type\":\"ImageObject\",\"inLanguage\":\"en-US\",\"@id\":\"https:\/\/lavanno.com\/en\/toode\/certisan-k-20kg-hugieeniline-pesuaine\/#primaryimage\",\"url\":\"https:\/\/lavanno.com\/wp-content\/uploads\/2025\/11\/a48-410ncertisan_k_20kg-1.png\",\"contentUrl\":\"https:\/\/lavanno.com\/wp-content\/uploads\/2025\/11\/a48-410ncertisan_k_20kg-1.png\",\"width\":800,\"height\":800},{\"@type\":\"BreadcrumbList\",\"@id\":\"https:\/\/lavanno.com\/en\/toode\/certisan-k-20kg-hugieeniline-pesuaine\/#breadcrumb\",\"itemListElement\":[{\"@type\":\"ListItem\",\"position\":1,\"name\":\"Home\",\"item\":\"https:\/\/lavanno.com\/en\/\"},{\"@type\":\"ListItem\",\"position\":2,\"name\":\"E-pood\",\"item\":\"https:\/\/lavanno.com\/e-pood\/\"},{\"@type\":\"ListItem\",\"position\":3,\"name\":\"Certisan K 20kg &#8211; L\u00f5hnastatud h\u00fcgieeniline pesulisand\"}]},{\"@type\":\"WebSite\",\"@id\":\"https:\/\/lavanno.com\/en\/#website\",\"url\":\"https:\/\/lavanno.com\/en\/\",\"name\":\"Lavanno - Pesuvahendite ekspert\",\"description\":\"Toome maale ja m\u00fc\u00fcme tekstiili pesuvahendeid, pesumajaseadmeid ja tarvikuid. Hooldame ja konsulteerime.\",\"publisher\":{\"@id\":\"https:\/\/lavanno.com\/en\/#organization\"},\"potentialAction\":[{\"@type\":\"SearchAction\",\"target\":{\"@type\":\"EntryPoint\",\"urlTemplate\":\"https:\/\/lavanno.com\/en\/?s={search_term_string}\"},\"query-input\":{\"@type\":\"PropertyValueSpecification\",\"valueRequired\":true,\"valueName\":\"search_term_string\"}}],\"inLanguage\":\"en-US\"},{\"@type\":\"Organization\",\"@id\":\"https:\/\/lavanno.com\/en\/#organization\",\"name\":\"Lavanno - Pesuvahendite ekspert\",\"url\":\"https:\/\/lavanno.com\/en\/\",\"logo\":{\"@type\":\"ImageObject\",\"inLanguage\":\"en-US\",\"@id\":\"https:\/\/lavanno.com\/en\/#\/schema\/logo\/image\/\",\"url\":\"https:\/\/lavanno.com\/wp-content\/uploads\/2025\/07\/Lavanno.png\",\"contentUrl\":\"https:\/\/lavanno.com\/wp-content\/uploads\/2025\/07\/Lavanno.png\",\"width\":1200,\"height\":1200,\"caption\":\"Lavanno - Pesuvahendite ekspert\"},\"image\":{\"@id\":\"https:\/\/lavanno.com\/en\/#\/schema\/logo\/image\/\"},\"sameAs\":[\"https:\/\/www.facebook.com\/Lavanno.ee\"]}]}<\/script>\n<!-- \/ Yoast SEO plugin. -->","yoast_head_json":{"title":"Certisan K 20kg - L\u00f5hnastatud h\u00fcgieeniline pesulisand - Lavanno - pesuvahendite ekspert","description":"Certisan K - L\u00f5hnastatud h\u00fcgieeniline pesulisand kvaternaarsete \u00fchenditega, mis tagab s\u00fcgava h\u00fcgieeni ja v\u00e4rske l\u00f5hna k\u00f5ikidele kangastele.","robots":{"index":"index","follow":"follow","max-snippet":"max-snippet:-1","max-image-preview":"max-image-preview:large","max-video-preview":"max-video-preview:-1"},"canonical":"https:\/\/lavanno.com\/en\/toode\/certisan-k-20kg-hugieeniline-pesuaine\/","og_locale":"en_US","og_type":"article","og_title":"Certisan K 20kg - L\u00f5hnastatud h\u00fcgieeniline pesulisand - Lavanno - pesuvahendite ekspert","og_description":"Certisan K - L\u00f5hnastatud h\u00fcgieeniline pesulisand kvaternaarsete \u00fchenditega, mis tagab s\u00fcgava h\u00fcgieeni ja v\u00e4rske l\u00f5hna k\u00f5ikidele kangastele.","og_url":"https:\/\/lavanno.com\/en\/toode\/certisan-k-20kg-hugieeniline-pesuaine\/","og_site_name":"Lavanno - pesuvahendite ekspert","article_publisher":"https:\/\/www.facebook.com\/Lavanno.ee","article_modified_time":"2026-05-02T11:50:01+00:00","og_image":[{"width":800,"height":800,"url":"https:\/\/lavanno.com\/wp-content\/uploads\/2025\/11\/a48-410ncertisan_k_20kg-1.png","type":"image\/png"}],"twitter_card":"summary_large_image","twitter_misc":{"Est. reading time":"1 minute"},"schema":{"@context":"https:\/\/schema.org","@graph":[{"@type":"WebPage","@id":"https:\/\/lavanno.com\/en\/toode\/certisan-k-20kg-hugieeniline-pesuaine\/","url":"https:\/\/lavanno.com\/en\/toode\/certisan-k-20kg-hugieeniline-pesuaine\/","name":"Certisan K 20kg - L\u00f5hnastatud h\u00fcgieeniline pesulisand - Lavanno - pesuvahendite ekspert","isPartOf":{"@id":"https:\/\/lavanno.com\/en\/#website"},"primaryImageOfPage":{"@id":"https:\/\/lavanno.com\/en\/toode\/certisan-k-20kg-hugieeniline-pesuaine\/#primaryimage"},"image":{"@id":"https:\/\/lavanno.com\/en\/toode\/certisan-k-20kg-hugieeniline-pesuaine\/#primaryimage"},"thumbnailUrl":"https:\/\/lavanno.com\/wp-content\/uploads\/2025\/11\/a48-410ncertisan_k_20kg-1.png","datePublished":"2025-10-23T10:45:01+00:00","dateModified":"2026-05-02T11:50:01+00:00","description":"Certisan K - L\u00f5hnastatud h\u00fcgieeniline pesulisand kvaternaarsete \u00fchenditega, mis tagab s\u00fcgava h\u00fcgieeni ja v\u00e4rske l\u00f5hna k\u00f5ikidele kangastele.","breadcrumb":{"@id":"https:\/\/lavanno.com\/en\/toode\/certisan-k-20kg-hugieeniline-pesuaine\/#breadcrumb"},"inLanguage":"en-US","potentialAction":[{"@type":"ReadAction","target":["https:\/\/lavanno.com\/en\/toode\/certisan-k-20kg-hugieeniline-pesuaine\/"]}]},{"@type":"ImageObject","inLanguage":"en-US","@id":"https:\/\/lavanno.com\/en\/toode\/certisan-k-20kg-hugieeniline-pesuaine\/#primaryimage","url":"https:\/\/lavanno.com\/wp-content\/uploads\/2025\/11\/a48-410ncertisan_k_20kg-1.png","contentUrl":"https:\/\/lavanno.com\/wp-content\/uploads\/2025\/11\/a48-410ncertisan_k_20kg-1.png","width":800,"height":800},{"@type":"BreadcrumbList","@id":"https:\/\/lavanno.com\/en\/toode\/certisan-k-20kg-hugieeniline-pesuaine\/#breadcrumb","itemListElement":[{"@type":"ListItem","position":1,"name":"Home","item":"https:\/\/lavanno.com\/en\/"},{"@type":"ListItem","position":2,"name":"E-pood","item":"https:\/\/lavanno.com\/e-pood\/"},{"@type":"ListItem","position":3,"name":"Certisan K 20kg &#8211; L\u00f5hnastatud h\u00fcgieeniline pesulisand"}]},{"@type":"WebSite","@id":"https:\/\/lavanno.com\/en\/#website","url":"https:\/\/lavanno.com\/en\/","name":"Lavanno - Pesuvahendite ekspert","description":"Toome maale ja m\u00fc\u00fcme tekstiili pesuvahendeid, pesumajaseadmeid ja tarvikuid. Hooldame ja konsulteerime.","publisher":{"@id":"https:\/\/lavanno.com\/en\/#organization"},"potentialAction":[{"@type":"SearchAction","target":{"@type":"EntryPoint","urlTemplate":"https:\/\/lavanno.com\/en\/?s={search_term_string}"},"query-input":{"@type":"PropertyValueSpecification","valueRequired":true,"valueName":"search_term_string"}}],"inLanguage":"en-US"},{"@type":"Organization","@id":"https:\/\/lavanno.com\/en\/#organization","name":"Lavanno - Pesuvahendite ekspert","url":"https:\/\/lavanno.com\/en\/","logo":{"@type":"ImageObject","inLanguage":"en-US","@id":"https:\/\/lavanno.com\/en\/#\/schema\/logo\/image\/","url":"https:\/\/lavanno.com\/wp-content\/uploads\/2025\/07\/Lavanno.png","contentUrl":"https:\/\/lavanno.com\/wp-content\/uploads\/2025\/07\/Lavanno.png","width":1200,"height":1200,"caption":"Lavanno - Pesuvahendite ekspert"},"image":{"@id":"https:\/\/lavanno.com\/en\/#\/schema\/logo\/image\/"},"sameAs":["https:\/\/www.facebook.com\/Lavanno.ee"]}]}},"_links":{"self":[{"href":"https:\/\/lavanno.com\/en\/wp-json\/wp\/v2\/product\/12223","targetHints":{"allow":["GET"]}}],"collection":[{"href":"https:\/\/lavanno.com\/en\/wp-json\/wp\/v2\/product"}],"about":[{"href":"https:\/\/lavanno.com\/en\/wp-json\/wp\/v2\/types\/product"}],"replies":[{"embeddable":true,"href":"https:\/\/lavanno.com\/en\/wp-json\/wp\/v2\/comments?post=12223"}],"wp:featuredmedia":[{"embeddable":true,"href":"https:\/\/lavanno.com\/en\/wp-json\/wp\/v2\/media\/12359"}],"wp:attachment":[{"href":"https:\/\/lavanno.com\/en\/wp-json\/wp\/v2\/media?parent=12223"}],"wp:term":[{"taxonomy":"product_brand","embeddable":true,"href":"https:\/\/lavanno.com\/en\/wp-json\/wp\/v2\/product_brand?post=12223"},{"taxonomy":"product_cat","embeddable":true,"href":"https:\/\/lavanno.com\/en\/wp-json\/wp\/v2\/product_cat?post=12223"},{"taxonomy":"product_tag","embeddable":true,"href":"https:\/\/lavanno.com\/en\/wp-json\/wp\/v2\/product_tag?post=12223"}],"curies":[{"name":"wp","href":"https:\/\/api.w.org\/{rel}","templated":true}]}}