{"id":12227,"date":"2025-10-23T19:50:01","date_gmt":"2025-10-23T16:50:01","guid":{"rendered":"https:\/\/lavanno.com\/toode\/shirt-conditioner-10kg-paevasarkide-loputusvahend\/"},"modified":"2026-05-02T14:50:01","modified_gmt":"2026-05-02T11:50:01","slug":"shirt-conditioner-10kg-paevasarkide-loputusvahend","status":"publish","type":"product","link":"https:\/\/lavanno.com\/en\/toode\/shirt-conditioner-10kg-paevasarkide-loputusvahend\/","title":{"rendered":"Shirt Conditioner 10kg &#8211; p\u00e4evas\u00e4rkide loputusvahend"},"content":{"rendered":"<p><a href=\"https:\/\/lavanno.com\/wp-content\/uploads\/2022\/08\/A48-502Hygienfresh_WetFresh_Shirt_ConditionerRel2ENSDS.pdf\">Safety Data Sheet<\/a><a href=\"https:\/\/lavanno.com\/wp-content\/uploads\/2021\/05\/A48-502Shirt_ConditionerRel1ENTEC.pdf\">Technical Data Sheet<\/a><\/p>\n","protected":false},"excerpt":{"rendered":"<p>T\u00e4rgeldava toimega ja kortsumist v\u00e4hendav triiks\u00e4rkide pesuaine.<\/p>\n<p>Selle toote eelised:<br \/>\nKerge t\u00e4rgeldus ilma kuumt\u00f6\u00f6tluseta.<br \/>\nPerfektse-v\u00e4limuse-efekt: s\u00e4ravpuhas ja s\u00e4ravate v\u00e4rvidega triiks\u00e4rk.<br \/>\nV\u00e4hendab kortsumist pesuts\u00fckli l\u00f5pus ja h\u00f5lbustab triikimist.<br \/>\nL\u00f5hna mikrokapslid: kauakestev l\u00f5hn, mis p\u00fcsib mitu kuud.<br \/>\nTugevam t\u00e4rgeldus kui aurutriikraua v\u00f5i triikimisplaadiga.<\/p>\n","protected":false},"featured_media":12590,"comment_status":"open","ping_status":"closed","template":"","meta":[],"product_brand":[],"product_cat":[550],"product_tag":[],"class_list":{"0":"post-12227","1":"product","2":"type-product","3":"status-publish","4":"has-post-thumbnail","6":"product_cat-pesuloputusvahendid-ja-pehmendajad","8":"first","9":"instock","10":"taxable","11":"shipping-taxable","12":"purchasable","13":"product-type-simple"},"yoast_head":"<!-- This site is optimized with the Yoast SEO plugin v27.0 - https:\/\/yoast.com\/product\/yoast-seo-wordpress\/ -->\n<title>Shirt Conditioner 10kg - p\u00e4evas\u00e4rkide loputusvahend - Lavanno - pesuvahendite ekspert<\/title>\n<meta name=\"robots\" content=\"index, follow, max-snippet:-1, max-image-preview:large, max-video-preview:-1\" \/>\n<link rel=\"canonical\" href=\"https:\/\/lavanno.com\/en\/toode\/shirt-conditioner-10kg-paevasarkide-loputusvahend\/\" \/>\n<meta property=\"og:locale\" content=\"en_US\" \/>\n<meta property=\"og:type\" content=\"article\" \/>\n<meta property=\"og:title\" content=\"Shirt Conditioner 10kg - p\u00e4evas\u00e4rkide loputusvahend - Lavanno - pesuvahendite ekspert\" \/>\n<meta property=\"og:description\" content=\"T\u00e4rgeldava toimega ja kortsumist v\u00e4hendav triiks\u00e4rkide pesuaine.  Selle toote eelised: Kerge t\u00e4rgeldus ilma kuumt\u00f6\u00f6tluseta. Perfektse-v\u00e4limuse-efekt: s\u00e4ravpuhas ja s\u00e4ravate v\u00e4rvidega triiks\u00e4rk. V\u00e4hendab kortsumist pesuts\u00fckli l\u00f5pus ja h\u00f5lbustab triikimist. L\u00f5hna mikrokapslid: kauakestev l\u00f5hn, mis p\u00fcsib mitu kuud. Tugevam t\u00e4rgeldus kui aurutriikraua v\u00f5i triikimisplaadiga.\" \/>\n<meta property=\"og:url\" content=\"https:\/\/lavanno.com\/en\/toode\/shirt-conditioner-10kg-paevasarkide-loputusvahend\/\" \/>\n<meta property=\"og:site_name\" content=\"Lavanno - pesuvahendite ekspert\" \/>\n<meta property=\"article:publisher\" content=\"https:\/\/www.facebook.com\/Lavanno.ee\" \/>\n<meta property=\"article:modified_time\" content=\"2026-05-02T11:50:01+00:00\" \/>\n<meta property=\"og:image\" content=\"https:\/\/lavanno.com\/wp-content\/uploads\/2025\/11\/a48-502kshirt_conditioner_10kg-1.png\" \/>\n\t<meta property=\"og:image:width\" content=\"800\" \/>\n\t<meta property=\"og:image:height\" content=\"800\" \/>\n\t<meta property=\"og:image:type\" content=\"image\/png\" \/>\n<meta name=\"twitter:card\" content=\"summary_large_image\" \/>\n<meta name=\"twitter:label1\" content=\"Est. reading time\" \/>\n\t<meta name=\"twitter:data1\" content=\"1 minute\" \/>\n<script type=\"application\/ld+json\" class=\"yoast-schema-graph\">{\"@context\":\"https:\/\/schema.org\",\"@graph\":[{\"@type\":\"WebPage\",\"@id\":\"https:\/\/lavanno.com\/en\/toode\/shirt-conditioner-10kg-paevasarkide-loputusvahend\/\",\"url\":\"https:\/\/lavanno.com\/en\/toode\/shirt-conditioner-10kg-paevasarkide-loputusvahend\/\",\"name\":\"Shirt Conditioner 10kg - p\u00e4evas\u00e4rkide loputusvahend - Lavanno - pesuvahendite ekspert\",\"isPartOf\":{\"@id\":\"https:\/\/lavanno.com\/en\/#website\"},\"primaryImageOfPage\":{\"@id\":\"https:\/\/lavanno.com\/en\/toode\/shirt-conditioner-10kg-paevasarkide-loputusvahend\/#primaryimage\"},\"image\":{\"@id\":\"https:\/\/lavanno.com\/en\/toode\/shirt-conditioner-10kg-paevasarkide-loputusvahend\/#primaryimage\"},\"thumbnailUrl\":\"https:\/\/lavanno.com\/wp-content\/uploads\/2025\/11\/a48-502kshirt_conditioner_10kg-1.png\",\"datePublished\":\"2025-10-23T16:50:01+00:00\",\"dateModified\":\"2026-05-02T11:50:01+00:00\",\"breadcrumb\":{\"@id\":\"https:\/\/lavanno.com\/en\/toode\/shirt-conditioner-10kg-paevasarkide-loputusvahend\/#breadcrumb\"},\"inLanguage\":\"en-US\",\"potentialAction\":[{\"@type\":\"ReadAction\",\"target\":[\"https:\/\/lavanno.com\/en\/toode\/shirt-conditioner-10kg-paevasarkide-loputusvahend\/\"]}]},{\"@type\":\"ImageObject\",\"inLanguage\":\"en-US\",\"@id\":\"https:\/\/lavanno.com\/en\/toode\/shirt-conditioner-10kg-paevasarkide-loputusvahend\/#primaryimage\",\"url\":\"https:\/\/lavanno.com\/wp-content\/uploads\/2025\/11\/a48-502kshirt_conditioner_10kg-1.png\",\"contentUrl\":\"https:\/\/lavanno.com\/wp-content\/uploads\/2025\/11\/a48-502kshirt_conditioner_10kg-1.png\",\"width\":800,\"height\":800},{\"@type\":\"BreadcrumbList\",\"@id\":\"https:\/\/lavanno.com\/en\/toode\/shirt-conditioner-10kg-paevasarkide-loputusvahend\/#breadcrumb\",\"itemListElement\":[{\"@type\":\"ListItem\",\"position\":1,\"name\":\"Home\",\"item\":\"https:\/\/lavanno.com\/en\/\"},{\"@type\":\"ListItem\",\"position\":2,\"name\":\"E-pood\",\"item\":\"https:\/\/lavanno.com\/e-pood\/\"},{\"@type\":\"ListItem\",\"position\":3,\"name\":\"Shirt Conditioner 10kg &#8211; p\u00e4evas\u00e4rkide loputusvahend\"}]},{\"@type\":\"WebSite\",\"@id\":\"https:\/\/lavanno.com\/en\/#website\",\"url\":\"https:\/\/lavanno.com\/en\/\",\"name\":\"Lavanno - Pesuvahendite ekspert\",\"description\":\"Toome maale ja m\u00fc\u00fcme tekstiili pesuvahendeid, pesumajaseadmeid ja tarvikuid. Hooldame ja konsulteerime.\",\"publisher\":{\"@id\":\"https:\/\/lavanno.com\/en\/#organization\"},\"potentialAction\":[{\"@type\":\"SearchAction\",\"target\":{\"@type\":\"EntryPoint\",\"urlTemplate\":\"https:\/\/lavanno.com\/en\/?s={search_term_string}\"},\"query-input\":{\"@type\":\"PropertyValueSpecification\",\"valueRequired\":true,\"valueName\":\"search_term_string\"}}],\"inLanguage\":\"en-US\"},{\"@type\":\"Organization\",\"@id\":\"https:\/\/lavanno.com\/en\/#organization\",\"name\":\"Lavanno - Pesuvahendite ekspert\",\"url\":\"https:\/\/lavanno.com\/en\/\",\"logo\":{\"@type\":\"ImageObject\",\"inLanguage\":\"en-US\",\"@id\":\"https:\/\/lavanno.com\/en\/#\/schema\/logo\/image\/\",\"url\":\"https:\/\/lavanno.com\/wp-content\/uploads\/2025\/07\/Lavanno.png\",\"contentUrl\":\"https:\/\/lavanno.com\/wp-content\/uploads\/2025\/07\/Lavanno.png\",\"width\":1200,\"height\":1200,\"caption\":\"Lavanno - Pesuvahendite ekspert\"},\"image\":{\"@id\":\"https:\/\/lavanno.com\/en\/#\/schema\/logo\/image\/\"},\"sameAs\":[\"https:\/\/www.facebook.com\/Lavanno.ee\"]}]}<\/script>\n<!-- \/ Yoast SEO plugin. -->","yoast_head_json":{"title":"Shirt Conditioner 10kg - p\u00e4evas\u00e4rkide loputusvahend - Lavanno - pesuvahendite ekspert","robots":{"index":"index","follow":"follow","max-snippet":"max-snippet:-1","max-image-preview":"max-image-preview:large","max-video-preview":"max-video-preview:-1"},"canonical":"https:\/\/lavanno.com\/en\/toode\/shirt-conditioner-10kg-paevasarkide-loputusvahend\/","og_locale":"en_US","og_type":"article","og_title":"Shirt Conditioner 10kg - p\u00e4evas\u00e4rkide loputusvahend - Lavanno - pesuvahendite ekspert","og_description":"T\u00e4rgeldava toimega ja kortsumist v\u00e4hendav triiks\u00e4rkide pesuaine.  Selle toote eelised: Kerge t\u00e4rgeldus ilma kuumt\u00f6\u00f6tluseta. Perfektse-v\u00e4limuse-efekt: s\u00e4ravpuhas ja s\u00e4ravate v\u00e4rvidega triiks\u00e4rk. V\u00e4hendab kortsumist pesuts\u00fckli l\u00f5pus ja h\u00f5lbustab triikimist. L\u00f5hna mikrokapslid: kauakestev l\u00f5hn, mis p\u00fcsib mitu kuud. Tugevam t\u00e4rgeldus kui aurutriikraua v\u00f5i triikimisplaadiga.","og_url":"https:\/\/lavanno.com\/en\/toode\/shirt-conditioner-10kg-paevasarkide-loputusvahend\/","og_site_name":"Lavanno - pesuvahendite ekspert","article_publisher":"https:\/\/www.facebook.com\/Lavanno.ee","article_modified_time":"2026-05-02T11:50:01+00:00","og_image":[{"width":800,"height":800,"url":"https:\/\/lavanno.com\/wp-content\/uploads\/2025\/11\/a48-502kshirt_conditioner_10kg-1.png","type":"image\/png"}],"twitter_card":"summary_large_image","twitter_misc":{"Est. reading time":"1 minute"},"schema":{"@context":"https:\/\/schema.org","@graph":[{"@type":"WebPage","@id":"https:\/\/lavanno.com\/en\/toode\/shirt-conditioner-10kg-paevasarkide-loputusvahend\/","url":"https:\/\/lavanno.com\/en\/toode\/shirt-conditioner-10kg-paevasarkide-loputusvahend\/","name":"Shirt Conditioner 10kg - p\u00e4evas\u00e4rkide loputusvahend - Lavanno - pesuvahendite ekspert","isPartOf":{"@id":"https:\/\/lavanno.com\/en\/#website"},"primaryImageOfPage":{"@id":"https:\/\/lavanno.com\/en\/toode\/shirt-conditioner-10kg-paevasarkide-loputusvahend\/#primaryimage"},"image":{"@id":"https:\/\/lavanno.com\/en\/toode\/shirt-conditioner-10kg-paevasarkide-loputusvahend\/#primaryimage"},"thumbnailUrl":"https:\/\/lavanno.com\/wp-content\/uploads\/2025\/11\/a48-502kshirt_conditioner_10kg-1.png","datePublished":"2025-10-23T16:50:01+00:00","dateModified":"2026-05-02T11:50:01+00:00","breadcrumb":{"@id":"https:\/\/lavanno.com\/en\/toode\/shirt-conditioner-10kg-paevasarkide-loputusvahend\/#breadcrumb"},"inLanguage":"en-US","potentialAction":[{"@type":"ReadAction","target":["https:\/\/lavanno.com\/en\/toode\/shirt-conditioner-10kg-paevasarkide-loputusvahend\/"]}]},{"@type":"ImageObject","inLanguage":"en-US","@id":"https:\/\/lavanno.com\/en\/toode\/shirt-conditioner-10kg-paevasarkide-loputusvahend\/#primaryimage","url":"https:\/\/lavanno.com\/wp-content\/uploads\/2025\/11\/a48-502kshirt_conditioner_10kg-1.png","contentUrl":"https:\/\/lavanno.com\/wp-content\/uploads\/2025\/11\/a48-502kshirt_conditioner_10kg-1.png","width":800,"height":800},{"@type":"BreadcrumbList","@id":"https:\/\/lavanno.com\/en\/toode\/shirt-conditioner-10kg-paevasarkide-loputusvahend\/#breadcrumb","itemListElement":[{"@type":"ListItem","position":1,"name":"Home","item":"https:\/\/lavanno.com\/en\/"},{"@type":"ListItem","position":2,"name":"E-pood","item":"https:\/\/lavanno.com\/e-pood\/"},{"@type":"ListItem","position":3,"name":"Shirt Conditioner 10kg &#8211; p\u00e4evas\u00e4rkide loputusvahend"}]},{"@type":"WebSite","@id":"https:\/\/lavanno.com\/en\/#website","url":"https:\/\/lavanno.com\/en\/","name":"Lavanno - Pesuvahendite ekspert","description":"Toome maale ja m\u00fc\u00fcme tekstiili pesuvahendeid, pesumajaseadmeid ja tarvikuid. Hooldame ja konsulteerime.","publisher":{"@id":"https:\/\/lavanno.com\/en\/#organization"},"potentialAction":[{"@type":"SearchAction","target":{"@type":"EntryPoint","urlTemplate":"https:\/\/lavanno.com\/en\/?s={search_term_string}"},"query-input":{"@type":"PropertyValueSpecification","valueRequired":true,"valueName":"search_term_string"}}],"inLanguage":"en-US"},{"@type":"Organization","@id":"https:\/\/lavanno.com\/en\/#organization","name":"Lavanno - Pesuvahendite ekspert","url":"https:\/\/lavanno.com\/en\/","logo":{"@type":"ImageObject","inLanguage":"en-US","@id":"https:\/\/lavanno.com\/en\/#\/schema\/logo\/image\/","url":"https:\/\/lavanno.com\/wp-content\/uploads\/2025\/07\/Lavanno.png","contentUrl":"https:\/\/lavanno.com\/wp-content\/uploads\/2025\/07\/Lavanno.png","width":1200,"height":1200,"caption":"Lavanno - Pesuvahendite ekspert"},"image":{"@id":"https:\/\/lavanno.com\/en\/#\/schema\/logo\/image\/"},"sameAs":["https:\/\/www.facebook.com\/Lavanno.ee"]}]}},"_links":{"self":[{"href":"https:\/\/lavanno.com\/en\/wp-json\/wp\/v2\/product\/12227","targetHints":{"allow":["GET"]}}],"collection":[{"href":"https:\/\/lavanno.com\/en\/wp-json\/wp\/v2\/product"}],"about":[{"href":"https:\/\/lavanno.com\/en\/wp-json\/wp\/v2\/types\/product"}],"replies":[{"embeddable":true,"href":"https:\/\/lavanno.com\/en\/wp-json\/wp\/v2\/comments?post=12227"}],"wp:featuredmedia":[{"embeddable":true,"href":"https:\/\/lavanno.com\/en\/wp-json\/wp\/v2\/media\/12590"}],"wp:attachment":[{"href":"https:\/\/lavanno.com\/en\/wp-json\/wp\/v2\/media?parent=12227"}],"wp:term":[{"taxonomy":"product_brand","embeddable":true,"href":"https:\/\/lavanno.com\/en\/wp-json\/wp\/v2\/product_brand?post=12227"},{"taxonomy":"product_cat","embeddable":true,"href":"https:\/\/lavanno.com\/en\/wp-json\/wp\/v2\/product_cat?post=12227"},{"taxonomy":"product_tag","embeddable":true,"href":"https:\/\/lavanno.com\/en\/wp-json\/wp\/v2\/product_tag?post=12227"}],"curies":[{"name":"wp","href":"https:\/\/api.w.org\/{rel}","templated":true}]}}