{"id":12229,"date":"2025-10-23T19:50:02","date_gmt":"2025-10-23T16:50:02","guid":{"rendered":"https:\/\/lavanno.com\/toode\/lg-titan-max-professionaalne-pesumasin-15kg-147l-rpm-1000-g-factor-350-220v-50hz-38kw-2x3-4-vesi-aravool-pumbaga-737x814x1036mm-101kg\/"},"modified":"2026-05-02T14:50:01","modified_gmt":"2026-05-02T11:50:01","slug":"lg-titan-max-professionaalne-pesumasin-15kg-147l-rpm-1000-g-factor-350-220v-50hz-38kw-2x3-4-vesi-aravool-pumbaga-737x814x1036mm-101kg","status":"publish","type":"product","link":"https:\/\/lavanno.com\/en\/toode\/lg-titan-max-professionaalne-pesumasin-15kg-147l-rpm-1000-g-factor-350-220v-50hz-38kw-2x3-4-vesi-aravool-pumbaga-737x814x1036mm-101kg\/","title":{"rendered":"LG Titan Max professionaalne pesumasin 15kg (147L); RPM 1000, G-factor 350; 220V\/50Hz 3,8kW; 2&#215;3\/4 vesi, \u00e4ravool pumbaga; 737x814x1036mm, 101kg;"},"content":{"rendered":"<p><iframe title=\"LG commercial washer and dryer - Benefits\" width=\"500\" height=\"281\" src=\"https:\/\/www.youtube.com\/embed\/u7cR_ifOs2U?feature=oembed\" frameborder=\"0\" allow=\"accelerometer; autoplay; clipboard-write; encrypted-media; gyroscope; picture-in-picture; web-share\" referrerpolicy=\"strict-origin-when-cross-origin\" allowfullscreen><\/iframe><\/p>\n<p>See professionaalne pesumasin sobib ideaalselt ettev\u0151tetele, kes ei vaja t\u00f6\u00f6stuslikku pesumasinat, kuid vajavad siiski palju v\u0151imsust ja suurt mahutavust, nagu n\u00e4iteks rendimajad, hotellid ja hostelid, pesumajad, lasteaiad, erakliinikud ja muud ettev\u0151tted, kus on vaja suuri pesumasinaid.<\/p>\n<p><strong>LG Titan Max professionaalne pesumasin vastab nendele vajadustele oma ainulaadsete funktsioonidega:<\/strong><\/p>\n<ul> \t<\/p>\n<li><strong>Reljeefne trumli sisemus<\/strong> \u2013 suurem kontakt kangaga tagab t\u00e4nu trumli reljeefsele pinnale parema pesutulemuse.<\/li>\n<p> \t<\/p>\n<li><strong>Kallutatud trummel<\/strong> \u2013 trummel on kallutatud 10\u00b0 v\u0151rra, mis v\u0151imaldab k\u0151rgemat veetaset v\u00e4iksema veekuluga.<\/li>\n<p> \t<\/p>\n<li><strong>Pihustuss\u00fcsteem<\/strong> \u2013 trumlis olev otsik pritsib vett otse pesule, mis kiirendab pesu niisutamist ja s\u00e4\u00e4stab vett.<\/li>\n<p><\/ul>\n<p><strong>VASTUPIDAVUS<\/strong><\/p>\n<ul> \t<\/p>\n<li><strong>LG Direct Drive mootor<\/strong> \u2013 mootor on otse trumli k\u00fclge kinnitatud, mis suurendab stabiilsust, v\u00e4hendab vibratsiooni ja m\u00fcra ning pikendab vastupidavust. See suurendab ka energiat\u0151husust, kuna puudub energiakadu, mis esineb tavaliste rihma ja rihmaratta mootorite puhul.<\/li>\n<p> \t<\/p>\n<li><strong>Gyro tasakaalustuss\u00fcsteem<\/strong> \u2013 tuvastab tasakaalutused kiiremini 3D Gyro andurite abil, neelab vibratsiooni paremini ja v\u00e4hendab tasakaalutust nelja summutiga, optimeerides ts\u00fckli aega ning v\u00e4hendades m\u00fcra ja vibratsiooni.<\/li>\n<p><\/ul>\n<p><strong>S\u00c4\u00c4STLIKUS<\/strong><\/p>\n<ul> \t<\/p>\n<li><strong>Pesumasin kaalub pesu<\/strong> ja kohandab veetaset vastavalt pesu kogusele, s\u00e4\u00e4stes vett ja energiat, kui masin pole t\u00e4iskoormusega.<\/li>\n<p> \t<\/p>\n<li><strong>Isek\u00fcte<\/strong> \u2013 pesumasinatel on kuuma ja k\u00fclma vee sisselaskeava, kus k\u00fcttes\u00fcsteem tuvastab vee temperatuuri ja reguleerib automaatselt k\u00fctmisaega. See s\u00e4\u00e4stab aega ja v\u00e4hendab elektritarbimist kuni 75%. S\u00e4\u00e4sta aega, kuna k\u00fcttekehad ei pea k\u00fclma vett soojendama.<\/li>\n<p><\/ul>\n<p><strong>H\u00dcGIEEN<\/strong><\/p>\n<ul> \t<\/p>\n<li><strong>H\u00fcgieeniprogramm<\/strong> \u2013 eemaldab 99,9% mikroobidest, kasutades spetsiaalseid programme 90\u00b0C ja 75\u00b0C juures.<\/li>\n<p> \t<\/p>\n<li><strong>Auto Tub Clean koos Waveforce&#8217;iga<\/strong> \u2013 automaatne trumlipuhastus esimesel loputamisel, et eemaldada j\u00e4\u00e4gid. See puhastab trumlit iga tavap\u00e4rase ts\u00fckli ajal, et hoida trumli puhtust. Waveforce-s\u00fcsteem j\u0151uab veega raskesti ligip\u00e4\u00e4setavatesse kohtadesse.<\/li>\n<p> \t<\/p>\n<li><strong>Trumlipuhastuss\u00fcsteem<\/strong> \u2013 pika t\u00f6\u00f6ajaga m\u00e4\u00e4rdunud trummel v\u0151ib m\u0151jutada pesutulemusi. Meie trumlipuhastusprogramm aitab hoida trumlit puhtana ka k\u0151ige tihedama kasutusega kohtades.<\/li>\n<p><\/ul>\n<p><strong>NUTIKAS LAHENDUS<\/strong><\/p>\n<ul> \t<\/p>\n<li><strong>Laundry Lounge Management Web<\/strong> \u2013 kaugjuhtimine, mis lihtsustab hooldust ja tuvastab vead. J\u00e4lgi pesumasinate j\u0151udlust ning kohanda seadistusi kogu pesulatev\u0151rgus, \u00fcksikutes asukohtades v\u0151i isegi kindlas masinas.<\/li>\n<p> \t<\/p>\n<li><strong>Laundry Lounge kasutaja\u00e4pp<\/strong> \u2013 kasutaja saab kontrollida pesukohtade saadavust otse oma nutitelefonist ja isegi seadistada h\u00e4ire, mis annab m\u00e4rku ts\u00fckli l\u0151ppemisest.<\/li>\n<p><\/ul>\n<p><strong>Funktsioonid<\/strong><\/p>\n<ul> \t<\/p>\n<li><strong>Mahutavus:<\/strong> 15 kg<\/li>\n<p> \t<\/p>\n<li><strong>Maksimaalne mahutavus:<\/strong> 18 kg<\/li>\n<p> \t<\/p>\n<li><strong>Trumli maht:<\/strong> 147 liitrit<\/li>\n<p> \t<\/p>\n<li><strong>K\u00fcttv\u0151imsus:<\/strong> 3,8 kW<\/li>\n<p> \t<\/p>\n<li><strong>Elektrilised parameetrid:<\/strong> 220V \/ 50Hz<\/li>\n<p> \t<\/p>\n<li><strong>Tsentrifuugimine (k\u0151rge kiirus):<\/strong> 1000 p\/min<\/li>\n<p> \t<\/p>\n<li><strong>G-j\u0151ud:<\/strong> 342<\/li>\n<p> \t<\/p>\n<li><strong>Drenaa\u017eis\u00fcsteem:<\/strong> Pump<\/li>\n<p> \t<\/p>\n<li><strong>M\u0151\u0151tmed:<\/strong> 737 x 814 x 1036 mm<\/li>\n<p> \t<\/p>\n<li><strong>Kaal:<\/strong> 101 kg<\/li>\n<p><\/ul>\n<p><strong>Lisad ja tarvikud \u2013 v\u0151imalik \u00fchendada:<\/strong><\/p>\n<ul> \t<\/p>\n<li><strong>BWO3 osoonigeneraator<\/strong><\/li>\n<p> \t<\/p>\n<li><strong>M\u00fcndi- v\u0151i \u017eetoonide laadimiss\u00fcsteem<\/strong> (\u00fche- v\u0151i kahe m\u00fcndikastiga)<\/li>\n<p> \t<\/p>\n<li><strong>Pesuvahendi ja loputusvahendi pump-dispenser<\/strong><\/li>\n<p><\/ul>\n","protected":false},"excerpt":{"rendered":"<ul><\/p>\n<li><strong>Professionaalne pesumasin 15 KG \/ MAX 18 KG<\/strong><br \/>\n<strong>LG Titan Max<\/strong><\/p>\n<ul><\/p>\n<li><strong>Mahutavus:<\/strong> 15 kg (maksimaalne 18 kg), trumli maht 147 L<\/li>\n<p><\/p>\n<li><strong>Kiired pesuts\u00fcklid<\/strong> (2-3 korda kiiremad kui kodumajapidamise pesumasin)<\/li>\n<p><\/p>\n<li>Kuni 20 t\u00e4ielikult kohandatava pesuprogrammi seadistamine<\/li>\n<p><\/p>\n<li><strong>Direct Drive inverter-mootor<\/strong><\/li>\n<p><\/p>\n<li><strong>Wi-Fi \u00fchendus<\/strong> (Smart Solution)<\/li>\n<p><\/p>\n<li>Kuuma ja k\u00fclma vee sisselaskeava<\/li>\n<p><\/p>\n<li>\u00dchefaasilise elektriv\u0151rgu \u00fchendus<\/li>\n<p><\/p>\n<li>Suur uks (58,2 cm), mis lihtsustab pesu laadimist<\/li>\n<p>\n<\/ul>\n<p>\n<strong>2-aastane garantii kaubanduslikuks kasutamiseks<\/strong><\/li>\n<p>\n<\/ul>\n<p>\n\u00a0<\/p>\n<p><strong><a href=\"https:\/\/lavanno.com\/wp-content\/uploads\/2024\/11\/Professionaalsed_LG_pesumaja_seadmed_2022_lavanno.pdf\" target=\"_blank\" rel=\"noopener\">LG Professionaalsed pesumaja seadmed presentatsioon ja tehnilised andmed<\/a><\/strong><\/p>\n","protected":false},"featured_media":12628,"comment_status":"open","ping_status":"closed","template":"","meta":[],"product_brand":[],"product_cat":[852],"product_tag":[],"class_list":{"0":"post-12229","1":"product","2":"type-product","3":"status-publish","4":"has-post-thumbnail","6":"product_cat-lg","8":"first","9":"outofstock","10":"taxable","11":"shipping-taxable","12":"purchasable","13":"product-type-simple"},"yoast_head":"<!-- This site is optimized with the Yoast SEO plugin v27.0 - https:\/\/yoast.com\/product\/yoast-seo-wordpress\/ -->\n<title>LG Titan Max professionaalne pesumasin 15kg (147L); RPM 1000, G-factor 350; 220V\/50Hz 3,8kW; 2x3\/4 vesi, \u00e4ravool pumbaga; 737x814x1036mm, 101kg; - Lavanno - pesuvahendite ekspert<\/title>\n<meta name=\"robots\" content=\"index, follow, max-snippet:-1, max-image-preview:large, max-video-preview:-1\" \/>\n<link rel=\"canonical\" href=\"https:\/\/lavanno.com\/en\/toode\/lg-titan-max-professionaalne-pesumasin-15kg-147l-rpm-1000-g-factor-350-220v-50hz-38kw-2x3-4-vesi-aravool-pumbaga-737x814x1036mm-101kg\/\" \/>\n<meta property=\"og:locale\" content=\"en_US\" \/>\n<meta property=\"og:type\" content=\"article\" \/>\n<meta property=\"og:title\" content=\"LG Titan Max professionaalne pesumasin 15kg (147L); RPM 1000, G-factor 350; 220V\/50Hz 3,8kW; 2x3\/4 vesi, \u00e4ravool pumbaga; 737x814x1036mm, 101kg; - Lavanno - pesuvahendite ekspert\" \/>\n<meta property=\"og:description\" content=\"Professionaalne pesumasin 15 KG \/ MAX 18 KG LG Titan Max  Mahutavus: 15 kg (maksimaalne 18 kg), trumli maht 147 L  Kiired pesuts\u00fcklid (2-3 korda kiiremad kui kodumajapidamise pesumasin)  Kuni 20 t\u00e4ielikult kohandatava pesuprogrammi seadistamine  Direct Drive inverter-mootor  Wi-Fi \u00fchendus (Smart Solution)  Kuuma ja k\u00fclma vee sisselaskeava  \u00dchefaasilise elektriv\u0151rgu \u00fchendus  Suur uks (58,2 cm), mis lihtsustab pesu laadimist 2-aastane garantii kaubanduslikuks kasutamiseks \u00a0 LG Professionaalsed pesumaja seadmed presentatsioon ja tehnilised andmed\" \/>\n<meta property=\"og:url\" content=\"https:\/\/lavanno.com\/en\/toode\/lg-titan-max-professionaalne-pesumasin-15kg-147l-rpm-1000-g-factor-350-220v-50hz-38kw-2x3-4-vesi-aravool-pumbaga-737x814x1036mm-101kg\/\" \/>\n<meta property=\"og:site_name\" content=\"Lavanno - pesuvahendite ekspert\" \/>\n<meta property=\"article:publisher\" content=\"https:\/\/www.facebook.com\/Lavanno.ee\" \/>\n<meta property=\"article:modified_time\" content=\"2026-05-02T11:50:01+00:00\" \/>\n<meta property=\"og:image\" content=\"https:\/\/lavanno.com\/wp-content\/uploads\/2025\/11\/perilica-lg-titan-max_800x800.png\" \/>\n\t<meta property=\"og:image:width\" content=\"800\" \/>\n\t<meta property=\"og:image:height\" content=\"800\" \/>\n\t<meta property=\"og:image:type\" content=\"image\/png\" \/>\n<meta name=\"twitter:card\" content=\"summary_large_image\" \/>\n<meta name=\"twitter:label1\" content=\"Est. reading time\" \/>\n\t<meta name=\"twitter:data1\" content=\"2 minutes\" \/>\n<script type=\"application\/ld+json\" class=\"yoast-schema-graph\">{\"@context\":\"https:\/\/schema.org\",\"@graph\":[{\"@type\":\"WebPage\",\"@id\":\"https:\/\/lavanno.com\/en\/toode\/lg-titan-max-professionaalne-pesumasin-15kg-147l-rpm-1000-g-factor-350-220v-50hz-38kw-2x3-4-vesi-aravool-pumbaga-737x814x1036mm-101kg\/\",\"url\":\"https:\/\/lavanno.com\/en\/toode\/lg-titan-max-professionaalne-pesumasin-15kg-147l-rpm-1000-g-factor-350-220v-50hz-38kw-2x3-4-vesi-aravool-pumbaga-737x814x1036mm-101kg\/\",\"name\":\"LG Titan Max professionaalne pesumasin 15kg (147L); RPM 1000, G-factor 350; 220V\/50Hz 3,8kW; 2x3\/4 vesi, \u00e4ravool pumbaga; 737x814x1036mm, 101kg; - Lavanno - pesuvahendite ekspert\",\"isPartOf\":{\"@id\":\"https:\/\/lavanno.com\/en\/#website\"},\"primaryImageOfPage\":{\"@id\":\"https:\/\/lavanno.com\/en\/toode\/lg-titan-max-professionaalne-pesumasin-15kg-147l-rpm-1000-g-factor-350-220v-50hz-38kw-2x3-4-vesi-aravool-pumbaga-737x814x1036mm-101kg\/#primaryimage\"},\"image\":{\"@id\":\"https:\/\/lavanno.com\/en\/toode\/lg-titan-max-professionaalne-pesumasin-15kg-147l-rpm-1000-g-factor-350-220v-50hz-38kw-2x3-4-vesi-aravool-pumbaga-737x814x1036mm-101kg\/#primaryimage\"},\"thumbnailUrl\":\"https:\/\/lavanno.com\/wp-content\/uploads\/2025\/11\/perilica-lg-titan-max_800x800.png\",\"datePublished\":\"2025-10-23T16:50:02+00:00\",\"dateModified\":\"2026-05-02T11:50:01+00:00\",\"breadcrumb\":{\"@id\":\"https:\/\/lavanno.com\/en\/toode\/lg-titan-max-professionaalne-pesumasin-15kg-147l-rpm-1000-g-factor-350-220v-50hz-38kw-2x3-4-vesi-aravool-pumbaga-737x814x1036mm-101kg\/#breadcrumb\"},\"inLanguage\":\"en-US\",\"potentialAction\":[{\"@type\":\"ReadAction\",\"target\":[\"https:\/\/lavanno.com\/en\/toode\/lg-titan-max-professionaalne-pesumasin-15kg-147l-rpm-1000-g-factor-350-220v-50hz-38kw-2x3-4-vesi-aravool-pumbaga-737x814x1036mm-101kg\/\"]}]},{\"@type\":\"ImageObject\",\"inLanguage\":\"en-US\",\"@id\":\"https:\/\/lavanno.com\/en\/toode\/lg-titan-max-professionaalne-pesumasin-15kg-147l-rpm-1000-g-factor-350-220v-50hz-38kw-2x3-4-vesi-aravool-pumbaga-737x814x1036mm-101kg\/#primaryimage\",\"url\":\"https:\/\/lavanno.com\/wp-content\/uploads\/2025\/11\/perilica-lg-titan-max_800x800.png\",\"contentUrl\":\"https:\/\/lavanno.com\/wp-content\/uploads\/2025\/11\/perilica-lg-titan-max_800x800.png\",\"width\":800,\"height\":800},{\"@type\":\"BreadcrumbList\",\"@id\":\"https:\/\/lavanno.com\/en\/toode\/lg-titan-max-professionaalne-pesumasin-15kg-147l-rpm-1000-g-factor-350-220v-50hz-38kw-2x3-4-vesi-aravool-pumbaga-737x814x1036mm-101kg\/#breadcrumb\",\"itemListElement\":[{\"@type\":\"ListItem\",\"position\":1,\"name\":\"Home\",\"item\":\"https:\/\/lavanno.com\/en\/\"},{\"@type\":\"ListItem\",\"position\":2,\"name\":\"E-pood\",\"item\":\"https:\/\/lavanno.com\/e-pood\/\"},{\"@type\":\"ListItem\",\"position\":3,\"name\":\"LG Titan Max professionaalne pesumasin 15kg (147L); RPM 1000, G-factor 350; 220V\/50Hz 3,8kW; 2&#215;3\/4 vesi, \u00e4ravool pumbaga; 737x814x1036mm, 101kg;\"}]},{\"@type\":\"WebSite\",\"@id\":\"https:\/\/lavanno.com\/en\/#website\",\"url\":\"https:\/\/lavanno.com\/en\/\",\"name\":\"Lavanno - Pesuvahendite ekspert\",\"description\":\"Toome maale ja m\u00fc\u00fcme tekstiili pesuvahendeid, pesumajaseadmeid ja tarvikuid. Hooldame ja konsulteerime.\",\"publisher\":{\"@id\":\"https:\/\/lavanno.com\/en\/#organization\"},\"potentialAction\":[{\"@type\":\"SearchAction\",\"target\":{\"@type\":\"EntryPoint\",\"urlTemplate\":\"https:\/\/lavanno.com\/en\/?s={search_term_string}\"},\"query-input\":{\"@type\":\"PropertyValueSpecification\",\"valueRequired\":true,\"valueName\":\"search_term_string\"}}],\"inLanguage\":\"en-US\"},{\"@type\":\"Organization\",\"@id\":\"https:\/\/lavanno.com\/en\/#organization\",\"name\":\"Lavanno - Pesuvahendite ekspert\",\"url\":\"https:\/\/lavanno.com\/en\/\",\"logo\":{\"@type\":\"ImageObject\",\"inLanguage\":\"en-US\",\"@id\":\"https:\/\/lavanno.com\/en\/#\/schema\/logo\/image\/\",\"url\":\"https:\/\/lavanno.com\/wp-content\/uploads\/2025\/07\/Lavanno.png\",\"contentUrl\":\"https:\/\/lavanno.com\/wp-content\/uploads\/2025\/07\/Lavanno.png\",\"width\":1200,\"height\":1200,\"caption\":\"Lavanno - Pesuvahendite ekspert\"},\"image\":{\"@id\":\"https:\/\/lavanno.com\/en\/#\/schema\/logo\/image\/\"},\"sameAs\":[\"https:\/\/www.facebook.com\/Lavanno.ee\"]}]}<\/script>\n<!-- \/ Yoast SEO plugin. -->","yoast_head_json":{"title":"LG Titan Max professionaalne pesumasin 15kg (147L); RPM 1000, G-factor 350; 220V\/50Hz 3,8kW; 2x3\/4 vesi, \u00e4ravool pumbaga; 737x814x1036mm, 101kg; - Lavanno - pesuvahendite ekspert","robots":{"index":"index","follow":"follow","max-snippet":"max-snippet:-1","max-image-preview":"max-image-preview:large","max-video-preview":"max-video-preview:-1"},"canonical":"https:\/\/lavanno.com\/en\/toode\/lg-titan-max-professionaalne-pesumasin-15kg-147l-rpm-1000-g-factor-350-220v-50hz-38kw-2x3-4-vesi-aravool-pumbaga-737x814x1036mm-101kg\/","og_locale":"en_US","og_type":"article","og_title":"LG Titan Max professionaalne pesumasin 15kg (147L); RPM 1000, G-factor 350; 220V\/50Hz 3,8kW; 2x3\/4 vesi, \u00e4ravool pumbaga; 737x814x1036mm, 101kg; - Lavanno - pesuvahendite ekspert","og_description":"Professionaalne pesumasin 15 KG \/ MAX 18 KG LG Titan Max  Mahutavus: 15 kg (maksimaalne 18 kg), trumli maht 147 L  Kiired pesuts\u00fcklid (2-3 korda kiiremad kui kodumajapidamise pesumasin)  Kuni 20 t\u00e4ielikult kohandatava pesuprogrammi seadistamine  Direct Drive inverter-mootor  Wi-Fi \u00fchendus (Smart Solution)  Kuuma ja k\u00fclma vee sisselaskeava  \u00dchefaasilise elektriv\u0151rgu \u00fchendus  Suur uks (58,2 cm), mis lihtsustab pesu laadimist 2-aastane garantii kaubanduslikuks kasutamiseks \u00a0 LG Professionaalsed pesumaja seadmed presentatsioon ja tehnilised andmed","og_url":"https:\/\/lavanno.com\/en\/toode\/lg-titan-max-professionaalne-pesumasin-15kg-147l-rpm-1000-g-factor-350-220v-50hz-38kw-2x3-4-vesi-aravool-pumbaga-737x814x1036mm-101kg\/","og_site_name":"Lavanno - pesuvahendite ekspert","article_publisher":"https:\/\/www.facebook.com\/Lavanno.ee","article_modified_time":"2026-05-02T11:50:01+00:00","og_image":[{"width":800,"height":800,"url":"https:\/\/lavanno.com\/wp-content\/uploads\/2025\/11\/perilica-lg-titan-max_800x800.png","type":"image\/png"}],"twitter_card":"summary_large_image","twitter_misc":{"Est. reading time":"2 minutes"},"schema":{"@context":"https:\/\/schema.org","@graph":[{"@type":"WebPage","@id":"https:\/\/lavanno.com\/en\/toode\/lg-titan-max-professionaalne-pesumasin-15kg-147l-rpm-1000-g-factor-350-220v-50hz-38kw-2x3-4-vesi-aravool-pumbaga-737x814x1036mm-101kg\/","url":"https:\/\/lavanno.com\/en\/toode\/lg-titan-max-professionaalne-pesumasin-15kg-147l-rpm-1000-g-factor-350-220v-50hz-38kw-2x3-4-vesi-aravool-pumbaga-737x814x1036mm-101kg\/","name":"LG Titan Max professionaalne pesumasin 15kg (147L); RPM 1000, G-factor 350; 220V\/50Hz 3,8kW; 2x3\/4 vesi, \u00e4ravool pumbaga; 737x814x1036mm, 101kg; - Lavanno - pesuvahendite ekspert","isPartOf":{"@id":"https:\/\/lavanno.com\/en\/#website"},"primaryImageOfPage":{"@id":"https:\/\/lavanno.com\/en\/toode\/lg-titan-max-professionaalne-pesumasin-15kg-147l-rpm-1000-g-factor-350-220v-50hz-38kw-2x3-4-vesi-aravool-pumbaga-737x814x1036mm-101kg\/#primaryimage"},"image":{"@id":"https:\/\/lavanno.com\/en\/toode\/lg-titan-max-professionaalne-pesumasin-15kg-147l-rpm-1000-g-factor-350-220v-50hz-38kw-2x3-4-vesi-aravool-pumbaga-737x814x1036mm-101kg\/#primaryimage"},"thumbnailUrl":"https:\/\/lavanno.com\/wp-content\/uploads\/2025\/11\/perilica-lg-titan-max_800x800.png","datePublished":"2025-10-23T16:50:02+00:00","dateModified":"2026-05-02T11:50:01+00:00","breadcrumb":{"@id":"https:\/\/lavanno.com\/en\/toode\/lg-titan-max-professionaalne-pesumasin-15kg-147l-rpm-1000-g-factor-350-220v-50hz-38kw-2x3-4-vesi-aravool-pumbaga-737x814x1036mm-101kg\/#breadcrumb"},"inLanguage":"en-US","potentialAction":[{"@type":"ReadAction","target":["https:\/\/lavanno.com\/en\/toode\/lg-titan-max-professionaalne-pesumasin-15kg-147l-rpm-1000-g-factor-350-220v-50hz-38kw-2x3-4-vesi-aravool-pumbaga-737x814x1036mm-101kg\/"]}]},{"@type":"ImageObject","inLanguage":"en-US","@id":"https:\/\/lavanno.com\/en\/toode\/lg-titan-max-professionaalne-pesumasin-15kg-147l-rpm-1000-g-factor-350-220v-50hz-38kw-2x3-4-vesi-aravool-pumbaga-737x814x1036mm-101kg\/#primaryimage","url":"https:\/\/lavanno.com\/wp-content\/uploads\/2025\/11\/perilica-lg-titan-max_800x800.png","contentUrl":"https:\/\/lavanno.com\/wp-content\/uploads\/2025\/11\/perilica-lg-titan-max_800x800.png","width":800,"height":800},{"@type":"BreadcrumbList","@id":"https:\/\/lavanno.com\/en\/toode\/lg-titan-max-professionaalne-pesumasin-15kg-147l-rpm-1000-g-factor-350-220v-50hz-38kw-2x3-4-vesi-aravool-pumbaga-737x814x1036mm-101kg\/#breadcrumb","itemListElement":[{"@type":"ListItem","position":1,"name":"Home","item":"https:\/\/lavanno.com\/en\/"},{"@type":"ListItem","position":2,"name":"E-pood","item":"https:\/\/lavanno.com\/e-pood\/"},{"@type":"ListItem","position":3,"name":"LG Titan Max professionaalne pesumasin 15kg (147L); RPM 1000, G-factor 350; 220V\/50Hz 3,8kW; 2&#215;3\/4 vesi, \u00e4ravool pumbaga; 737x814x1036mm, 101kg;"}]},{"@type":"WebSite","@id":"https:\/\/lavanno.com\/en\/#website","url":"https:\/\/lavanno.com\/en\/","name":"Lavanno - Pesuvahendite ekspert","description":"Toome maale ja m\u00fc\u00fcme tekstiili pesuvahendeid, pesumajaseadmeid ja tarvikuid. Hooldame ja konsulteerime.","publisher":{"@id":"https:\/\/lavanno.com\/en\/#organization"},"potentialAction":[{"@type":"SearchAction","target":{"@type":"EntryPoint","urlTemplate":"https:\/\/lavanno.com\/en\/?s={search_term_string}"},"query-input":{"@type":"PropertyValueSpecification","valueRequired":true,"valueName":"search_term_string"}}],"inLanguage":"en-US"},{"@type":"Organization","@id":"https:\/\/lavanno.com\/en\/#organization","name":"Lavanno - Pesuvahendite ekspert","url":"https:\/\/lavanno.com\/en\/","logo":{"@type":"ImageObject","inLanguage":"en-US","@id":"https:\/\/lavanno.com\/en\/#\/schema\/logo\/image\/","url":"https:\/\/lavanno.com\/wp-content\/uploads\/2025\/07\/Lavanno.png","contentUrl":"https:\/\/lavanno.com\/wp-content\/uploads\/2025\/07\/Lavanno.png","width":1200,"height":1200,"caption":"Lavanno - Pesuvahendite ekspert"},"image":{"@id":"https:\/\/lavanno.com\/en\/#\/schema\/logo\/image\/"},"sameAs":["https:\/\/www.facebook.com\/Lavanno.ee"]}]}},"_links":{"self":[{"href":"https:\/\/lavanno.com\/en\/wp-json\/wp\/v2\/product\/12229","targetHints":{"allow":["GET"]}}],"collection":[{"href":"https:\/\/lavanno.com\/en\/wp-json\/wp\/v2\/product"}],"about":[{"href":"https:\/\/lavanno.com\/en\/wp-json\/wp\/v2\/types\/product"}],"replies":[{"embeddable":true,"href":"https:\/\/lavanno.com\/en\/wp-json\/wp\/v2\/comments?post=12229"}],"wp:featuredmedia":[{"embeddable":true,"href":"https:\/\/lavanno.com\/en\/wp-json\/wp\/v2\/media\/12628"}],"wp:attachment":[{"href":"https:\/\/lavanno.com\/en\/wp-json\/wp\/v2\/media?parent=12229"}],"wp:term":[{"taxonomy":"product_brand","embeddable":true,"href":"https:\/\/lavanno.com\/en\/wp-json\/wp\/v2\/product_brand?post=12229"},{"taxonomy":"product_cat","embeddable":true,"href":"https:\/\/lavanno.com\/en\/wp-json\/wp\/v2\/product_cat?post=12229"},{"taxonomy":"product_tag","embeddable":true,"href":"https:\/\/lavanno.com\/en\/wp-json\/wp\/v2\/product_tag?post=12229"}],"curies":[{"name":"wp","href":"https:\/\/api.w.org\/{rel}","templated":true}]}}