{"id":12230,"date":"2025-10-23T19:50:02","date_gmt":"2025-10-23T16:50:02","guid":{"rendered":"https:\/\/lavanno.com\/toode\/d2-rust-plekieemaldusvahend-rooste-500ml\/"},"modified":"2026-05-02T14:50:01","modified_gmt":"2026-05-02T11:50:01","slug":"d2-rust-plekieemaldusvahend-rooste-500ml","status":"publish","type":"product","link":"https:\/\/lavanno.com\/en\/toode\/d2-rust-plekieemaldusvahend-rooste-500ml\/","title":{"rendered":"D2 Rust (plekieemaldusvahend rooste) 500ml"},"content":{"rendered":"<p><strong>Spetsifikatsioon<\/strong><\/p>\n<p><strong>Kasutamine<\/strong><\/p>\n<ul>\n<li>Niisuta plekk veega.<\/li>\n<li>Kanna m\u00f5ned tilgad puhast D2 toodet otse plekile.<\/li>\n<li>Lase tootel m\u00f5juda 15\u201330 sekundit ning vajadusel kasuta harja v\u00f5i spaatlit.<\/li>\n<li>Vajaduse korral kuumuta aurup\u00fcstoliga.<\/li>\n<li>Loputa hoolikalt rohke veega ja kuivata suru\u00f5huga.<\/li>\n<li>Vajadusel korda t\u00f6\u00f6tlemist.<\/li>\n<\/ul>\n<p><strong>Hoiatus!<\/strong><br \/>\nEnne kasutamist testi toodet alati r\u00f5iva varjatud osal, et veenduda selle sobivuses kangale.<\/p>\n<p><strong>Koostisosad<\/strong><\/p>\n<p>Fosforhape (&gt;35%)<\/p>\n<p><strong>Funktsioon<\/strong><\/p>\n<p>Plekieemaldusvahend<\/p>\n<p><a href=\"https:\/\/lavanno.com\/wp-content\/uploads\/2025\/09\/A15-040D2_-_RuggineRel4ETSDS.pdf\" target=\"_blank\" rel=\"noopener\">Ohutuskaart<\/a><\/p>\n","protected":false},"excerpt":{"rendered":"<p>D2 Rust on professionaalne plekieemaldusvahend, mis on m\u00f5eldud<strong> rooste- ja muude oks\u00fcdatsiooniplekkide<\/strong> eemaldamiseks nii keemilises puhastuses kui ka pesemisel. Sobib kasutamiseks nii eelt\u00f6\u00f6tluses kui ka j\u00e4relt\u00f6\u00f6tluses.<\/p>\n<p>Tootel on t\u00e4iustatud koostis, mis tagab kasutaja suurema ohutuse, s\u00e4ilitades samal ajal k\u00f5rge efektiivsuse plekkide eemaldamisel.<\/p>\n<p>Kuna plekid koosnevad sageli mitmest erinevast komponendist, v\u00f5ib nende t\u00e4ielikuks eemaldamiseks olla vajalik kasutada rohkem kui \u00fchte toodet. Kui pleki koostis ei ole kindel, soovitatakse alustada D4 Protein plekieemaldajast ning v\u00e4ltida auru kasutamist, et plekk ei kinnistuks kangasse.<\/p>\n","protected":false},"featured_media":12260,"comment_status":"open","ping_status":"closed","template":"","meta":[],"product_brand":[],"product_cat":[506,525,534,526],"product_tag":[834,835,837,839,840],"class_list":{"0":"post-12230","1":"product","2":"type-product","3":"status-publish","4":"has-post-thumbnail","6":"product_cat-ariklient","7":"product_cat-vesipesuvahendid","8":"product_cat-plekieemaldusvahendid","9":"product_cat-plekieemalduse-vahendid-keemiline-puhastus","10":"product_tag-horeca","11":"product_tag-pesumajad","12":"product_tag-puhastusteenindus","13":"product_tag-tervishoid","14":"product_tag-toostusettevotted","16":"first","17":"instock","18":"taxable","19":"shipping-taxable","20":"purchasable","21":"product-type-simple"},"yoast_head":"<!-- This site is optimized with the Yoast SEO plugin v27.0 - https:\/\/yoast.com\/product\/yoast-seo-wordpress\/ -->\n<title>D2 Rust (plekieemaldusvahend rooste) 500ml - Lavanno - pesuvahendite ekspert<\/title>\n<meta name=\"description\" content=\"D2 Rust spetsiaalne plekieemaldaja rooste- ja oks\u00fcdatsiooniplekkide eemaldamiseks. Sobib keemilisse puhastusse ja vesipesusse, sisaldab 35% fosforhapet.\" \/>\n<meta name=\"robots\" content=\"index, follow, max-snippet:-1, max-image-preview:large, max-video-preview:-1\" \/>\n<link rel=\"canonical\" href=\"https:\/\/lavanno.com\/en\/toode\/d2-rust-plekieemaldusvahend-rooste-500ml\/\" \/>\n<meta property=\"og:locale\" content=\"en_US\" \/>\n<meta property=\"og:type\" content=\"article\" \/>\n<meta property=\"og:title\" content=\"D2 Rust (plekieemaldusvahend rooste) 500ml - Lavanno - pesuvahendite ekspert\" \/>\n<meta property=\"og:description\" content=\"D2 Rust spetsiaalne plekieemaldaja rooste- ja oks\u00fcdatsiooniplekkide eemaldamiseks. Sobib keemilisse puhastusse ja vesipesusse, sisaldab 35% fosforhapet.\" \/>\n<meta property=\"og:url\" content=\"https:\/\/lavanno.com\/en\/toode\/d2-rust-plekieemaldusvahend-rooste-500ml\/\" \/>\n<meta property=\"og:site_name\" content=\"Lavanno - pesuvahendite ekspert\" \/>\n<meta property=\"article:publisher\" content=\"https:\/\/www.facebook.com\/Lavanno.ee\" \/>\n<meta property=\"article:modified_time\" content=\"2026-05-02T11:50:01+00:00\" \/>\n<meta property=\"og:image\" content=\"https:\/\/lavanno.com\/wp-content\/uploads\/2025\/10\/D2-Rust-500ml.png\" \/>\n\t<meta property=\"og:image:width\" content=\"800\" \/>\n\t<meta property=\"og:image:height\" content=\"800\" \/>\n\t<meta property=\"og:image:type\" content=\"image\/png\" \/>\n<meta name=\"twitter:card\" content=\"summary_large_image\" \/>\n<meta name=\"twitter:label1\" content=\"Est. reading time\" \/>\n\t<meta name=\"twitter:data1\" content=\"1 minute\" \/>\n<script type=\"application\/ld+json\" class=\"yoast-schema-graph\">{\"@context\":\"https:\/\/schema.org\",\"@graph\":[{\"@type\":\"WebPage\",\"@id\":\"https:\/\/lavanno.com\/en\/toode\/d2-rust-plekieemaldusvahend-rooste-500ml\/\",\"url\":\"https:\/\/lavanno.com\/en\/toode\/d2-rust-plekieemaldusvahend-rooste-500ml\/\",\"name\":\"D2 Rust (plekieemaldusvahend rooste) 500ml - Lavanno - pesuvahendite ekspert\",\"isPartOf\":{\"@id\":\"https:\/\/lavanno.com\/en\/#website\"},\"primaryImageOfPage\":{\"@id\":\"https:\/\/lavanno.com\/en\/toode\/d2-rust-plekieemaldusvahend-rooste-500ml\/#primaryimage\"},\"image\":{\"@id\":\"https:\/\/lavanno.com\/en\/toode\/d2-rust-plekieemaldusvahend-rooste-500ml\/#primaryimage\"},\"thumbnailUrl\":\"https:\/\/lavanno.com\/wp-content\/uploads\/2025\/10\/D2-Rust-500ml.png\",\"datePublished\":\"2025-10-23T16:50:02+00:00\",\"dateModified\":\"2026-05-02T11:50:01+00:00\",\"description\":\"D2 Rust spetsiaalne plekieemaldaja rooste- ja oks\u00fcdatsiooniplekkide eemaldamiseks. Sobib keemilisse puhastusse ja vesipesusse, sisaldab 35% fosforhapet.\",\"breadcrumb\":{\"@id\":\"https:\/\/lavanno.com\/en\/toode\/d2-rust-plekieemaldusvahend-rooste-500ml\/#breadcrumb\"},\"inLanguage\":\"en-US\",\"potentialAction\":[{\"@type\":\"ReadAction\",\"target\":[\"https:\/\/lavanno.com\/en\/toode\/d2-rust-plekieemaldusvahend-rooste-500ml\/\"]}]},{\"@type\":\"ImageObject\",\"inLanguage\":\"en-US\",\"@id\":\"https:\/\/lavanno.com\/en\/toode\/d2-rust-plekieemaldusvahend-rooste-500ml\/#primaryimage\",\"url\":\"https:\/\/lavanno.com\/wp-content\/uploads\/2025\/10\/D2-Rust-500ml.png\",\"contentUrl\":\"https:\/\/lavanno.com\/wp-content\/uploads\/2025\/10\/D2-Rust-500ml.png\",\"width\":800,\"height\":800,\"caption\":\"D2 Rust plekieemaldaja\"},{\"@type\":\"BreadcrumbList\",\"@id\":\"https:\/\/lavanno.com\/en\/toode\/d2-rust-plekieemaldusvahend-rooste-500ml\/#breadcrumb\",\"itemListElement\":[{\"@type\":\"ListItem\",\"position\":1,\"name\":\"Home\",\"item\":\"https:\/\/lavanno.com\/en\/\"},{\"@type\":\"ListItem\",\"position\":2,\"name\":\"E-pood\",\"item\":\"https:\/\/lavanno.com\/e-pood\/\"},{\"@type\":\"ListItem\",\"position\":3,\"name\":\"D2 Rust (plekieemaldusvahend rooste) 500ml\"}]},{\"@type\":\"WebSite\",\"@id\":\"https:\/\/lavanno.com\/en\/#website\",\"url\":\"https:\/\/lavanno.com\/en\/\",\"name\":\"Lavanno - Pesuvahendite ekspert\",\"description\":\"Toome maale ja m\u00fc\u00fcme tekstiili pesuvahendeid, pesumajaseadmeid ja tarvikuid. Hooldame ja konsulteerime.\",\"publisher\":{\"@id\":\"https:\/\/lavanno.com\/en\/#organization\"},\"potentialAction\":[{\"@type\":\"SearchAction\",\"target\":{\"@type\":\"EntryPoint\",\"urlTemplate\":\"https:\/\/lavanno.com\/en\/?s={search_term_string}\"},\"query-input\":{\"@type\":\"PropertyValueSpecification\",\"valueRequired\":true,\"valueName\":\"search_term_string\"}}],\"inLanguage\":\"en-US\"},{\"@type\":\"Organization\",\"@id\":\"https:\/\/lavanno.com\/en\/#organization\",\"name\":\"Lavanno - Pesuvahendite ekspert\",\"url\":\"https:\/\/lavanno.com\/en\/\",\"logo\":{\"@type\":\"ImageObject\",\"inLanguage\":\"en-US\",\"@id\":\"https:\/\/lavanno.com\/en\/#\/schema\/logo\/image\/\",\"url\":\"https:\/\/lavanno.com\/wp-content\/uploads\/2025\/07\/Lavanno.png\",\"contentUrl\":\"https:\/\/lavanno.com\/wp-content\/uploads\/2025\/07\/Lavanno.png\",\"width\":1200,\"height\":1200,\"caption\":\"Lavanno - Pesuvahendite ekspert\"},\"image\":{\"@id\":\"https:\/\/lavanno.com\/en\/#\/schema\/logo\/image\/\"},\"sameAs\":[\"https:\/\/www.facebook.com\/Lavanno.ee\"]}]}<\/script>\n<!-- \/ Yoast SEO plugin. -->","yoast_head_json":{"title":"D2 Rust (plekieemaldusvahend rooste) 500ml - Lavanno - pesuvahendite ekspert","description":"D2 Rust spetsiaalne plekieemaldaja rooste- ja oks\u00fcdatsiooniplekkide eemaldamiseks. Sobib keemilisse puhastusse ja vesipesusse, sisaldab 35% fosforhapet.","robots":{"index":"index","follow":"follow","max-snippet":"max-snippet:-1","max-image-preview":"max-image-preview:large","max-video-preview":"max-video-preview:-1"},"canonical":"https:\/\/lavanno.com\/en\/toode\/d2-rust-plekieemaldusvahend-rooste-500ml\/","og_locale":"en_US","og_type":"article","og_title":"D2 Rust (plekieemaldusvahend rooste) 500ml - Lavanno - pesuvahendite ekspert","og_description":"D2 Rust spetsiaalne plekieemaldaja rooste- ja oks\u00fcdatsiooniplekkide eemaldamiseks. Sobib keemilisse puhastusse ja vesipesusse, sisaldab 35% fosforhapet.","og_url":"https:\/\/lavanno.com\/en\/toode\/d2-rust-plekieemaldusvahend-rooste-500ml\/","og_site_name":"Lavanno - pesuvahendite ekspert","article_publisher":"https:\/\/www.facebook.com\/Lavanno.ee","article_modified_time":"2026-05-02T11:50:01+00:00","og_image":[{"width":800,"height":800,"url":"https:\/\/lavanno.com\/wp-content\/uploads\/2025\/10\/D2-Rust-500ml.png","type":"image\/png"}],"twitter_card":"summary_large_image","twitter_misc":{"Est. reading time":"1 minute"},"schema":{"@context":"https:\/\/schema.org","@graph":[{"@type":"WebPage","@id":"https:\/\/lavanno.com\/en\/toode\/d2-rust-plekieemaldusvahend-rooste-500ml\/","url":"https:\/\/lavanno.com\/en\/toode\/d2-rust-plekieemaldusvahend-rooste-500ml\/","name":"D2 Rust (plekieemaldusvahend rooste) 500ml - Lavanno - pesuvahendite ekspert","isPartOf":{"@id":"https:\/\/lavanno.com\/en\/#website"},"primaryImageOfPage":{"@id":"https:\/\/lavanno.com\/en\/toode\/d2-rust-plekieemaldusvahend-rooste-500ml\/#primaryimage"},"image":{"@id":"https:\/\/lavanno.com\/en\/toode\/d2-rust-plekieemaldusvahend-rooste-500ml\/#primaryimage"},"thumbnailUrl":"https:\/\/lavanno.com\/wp-content\/uploads\/2025\/10\/D2-Rust-500ml.png","datePublished":"2025-10-23T16:50:02+00:00","dateModified":"2026-05-02T11:50:01+00:00","description":"D2 Rust spetsiaalne plekieemaldaja rooste- ja oks\u00fcdatsiooniplekkide eemaldamiseks. Sobib keemilisse puhastusse ja vesipesusse, sisaldab 35% fosforhapet.","breadcrumb":{"@id":"https:\/\/lavanno.com\/en\/toode\/d2-rust-plekieemaldusvahend-rooste-500ml\/#breadcrumb"},"inLanguage":"en-US","potentialAction":[{"@type":"ReadAction","target":["https:\/\/lavanno.com\/en\/toode\/d2-rust-plekieemaldusvahend-rooste-500ml\/"]}]},{"@type":"ImageObject","inLanguage":"en-US","@id":"https:\/\/lavanno.com\/en\/toode\/d2-rust-plekieemaldusvahend-rooste-500ml\/#primaryimage","url":"https:\/\/lavanno.com\/wp-content\/uploads\/2025\/10\/D2-Rust-500ml.png","contentUrl":"https:\/\/lavanno.com\/wp-content\/uploads\/2025\/10\/D2-Rust-500ml.png","width":800,"height":800,"caption":"D2 Rust plekieemaldaja"},{"@type":"BreadcrumbList","@id":"https:\/\/lavanno.com\/en\/toode\/d2-rust-plekieemaldusvahend-rooste-500ml\/#breadcrumb","itemListElement":[{"@type":"ListItem","position":1,"name":"Home","item":"https:\/\/lavanno.com\/en\/"},{"@type":"ListItem","position":2,"name":"E-pood","item":"https:\/\/lavanno.com\/e-pood\/"},{"@type":"ListItem","position":3,"name":"D2 Rust (plekieemaldusvahend rooste) 500ml"}]},{"@type":"WebSite","@id":"https:\/\/lavanno.com\/en\/#website","url":"https:\/\/lavanno.com\/en\/","name":"Lavanno - Pesuvahendite ekspert","description":"Toome maale ja m\u00fc\u00fcme tekstiili pesuvahendeid, pesumajaseadmeid ja tarvikuid. Hooldame ja konsulteerime.","publisher":{"@id":"https:\/\/lavanno.com\/en\/#organization"},"potentialAction":[{"@type":"SearchAction","target":{"@type":"EntryPoint","urlTemplate":"https:\/\/lavanno.com\/en\/?s={search_term_string}"},"query-input":{"@type":"PropertyValueSpecification","valueRequired":true,"valueName":"search_term_string"}}],"inLanguage":"en-US"},{"@type":"Organization","@id":"https:\/\/lavanno.com\/en\/#organization","name":"Lavanno - Pesuvahendite ekspert","url":"https:\/\/lavanno.com\/en\/","logo":{"@type":"ImageObject","inLanguage":"en-US","@id":"https:\/\/lavanno.com\/en\/#\/schema\/logo\/image\/","url":"https:\/\/lavanno.com\/wp-content\/uploads\/2025\/07\/Lavanno.png","contentUrl":"https:\/\/lavanno.com\/wp-content\/uploads\/2025\/07\/Lavanno.png","width":1200,"height":1200,"caption":"Lavanno - Pesuvahendite ekspert"},"image":{"@id":"https:\/\/lavanno.com\/en\/#\/schema\/logo\/image\/"},"sameAs":["https:\/\/www.facebook.com\/Lavanno.ee"]}]}},"_links":{"self":[{"href":"https:\/\/lavanno.com\/en\/wp-json\/wp\/v2\/product\/12230","targetHints":{"allow":["GET"]}}],"collection":[{"href":"https:\/\/lavanno.com\/en\/wp-json\/wp\/v2\/product"}],"about":[{"href":"https:\/\/lavanno.com\/en\/wp-json\/wp\/v2\/types\/product"}],"replies":[{"embeddable":true,"href":"https:\/\/lavanno.com\/en\/wp-json\/wp\/v2\/comments?post=12230"}],"wp:featuredmedia":[{"embeddable":true,"href":"https:\/\/lavanno.com\/en\/wp-json\/wp\/v2\/media\/12260"}],"wp:attachment":[{"href":"https:\/\/lavanno.com\/en\/wp-json\/wp\/v2\/media?parent=12230"}],"wp:term":[{"taxonomy":"product_brand","embeddable":true,"href":"https:\/\/lavanno.com\/en\/wp-json\/wp\/v2\/product_brand?post=12230"},{"taxonomy":"product_cat","embeddable":true,"href":"https:\/\/lavanno.com\/en\/wp-json\/wp\/v2\/product_cat?post=12230"},{"taxonomy":"product_tag","embeddable":true,"href":"https:\/\/lavanno.com\/en\/wp-json\/wp\/v2\/product_tag?post=12230"}],"curies":[{"name":"wp","href":"https:\/\/api.w.org\/{rel}","templated":true}]}}