{"id":12231,"date":"2025-10-23T19:50:02","date_gmt":"2025-10-23T16:50:02","guid":{"rendered":"https:\/\/lavanno.com\/toode\/activ-superstat-10kg-antistaatiline-pesuvahend-keemilisele-masinale\/"},"modified":"2026-05-02T08:45:00","modified_gmt":"2026-05-02T05:45:00","slug":"activ-superstat-10kg-antistaatiline-pesuvahend-keemilisele-masinale","status":"publish","type":"product","link":"https:\/\/lavanno.com\/en\/toode\/activ-superstat-10kg-antistaatiline-pesuvahend-keemilisele-masinale\/","title":{"rendered":"Activ Superstat 10kg (antistaatiline pesuvahend keemilisele masinale)"},"content":{"rendered":"<p><strong>Spetsifikatsioon<\/strong><\/p>\n<p><strong>Kasutamine<\/strong><\/p>\n<p>Activ Superstat tuleb kasutada siis, kui masin on t\u00e4is, teises pesuvannis. Doseerida v\u00f5ib n\u00f6\u00f6bip\u00fc\u00fcduri kaudu v\u00f5i automaatdoseerimiss\u00fcsteemiga.<\/p>\n<p>Pidev destillatsioon:<br \/>\n6\u20138 ml Activ Superstat\u2019i 1 kg pesu kohta.<\/p>\n<p>Manuaalne destillatsioon:<br \/>\n12\u201315 ml Activ Superstat\u2019i 1 kg pesu kohta esimeses pesuts\u00fcklis puhta perklooret\u00fcleeniga.<br \/>\nJ\u00e4rgmistes pesudes (ilma destillatsioonita) 5 ml 1 kg pesu kohta.<\/p>\n<p><strong>Hoiatus!<\/strong><\/p>\n<p>Toodet ei tohi kasutada eelplekieemaldusena.<\/p>\n<p>Pesuprogrammis tuleb v\u00e4listada l\u00e4bivool filtritest ja filtreerimiss\u00fcsteemist.<\/p>\n<p><a href=\"https:\/\/lavanno.com\/wp-content\/uploads\/2025\/09\/A04-010Tintolav_Activ_SuperstatRel3ETSDS.pdf\" target=\"_blank\" rel=\"noopener\">Ohutuskaart<\/a><\/p>\n","protected":false},"excerpt":{"rendered":"<p>Activ SuperStat on professionaalne keemilise puhastuse pesuaine, mis tagab s\u00fcgava ja t\u00f5husa puhastuse, eemaldades plekid ja mustuse kangast kiude kahjustamata. Toode on loodud kasutamiseks keemilise puhastuse s\u00fcsteemides ning sobib professionaalsetele puhastusteenuse pakkujatele.<\/p>\n<ul>\n<li>antistaatiline<\/li>\n<li>eemaldab kangastelt ebameeldiva l\u00f5hna<\/li>\n<li>j\u00e4tab kangad pehmeks<\/li>\n<li>muudab triikimise lihtsamaks<\/li>\n<li>sobib igat liiki kangastele<\/li>\n<li>ei tekita destillaatoris vahtu ega satu mustust seet\u00f5ttu vee eraldajasse<\/li>\n<li>j\u00e4tab v\u00e4rske aroomi<\/li>\n<li>uuendusliku koostisega sisaldades katioonseid pindaktiivseid aineid<\/li>\n<\/ul>\n<p>&nbsp;<\/p>\n","protected":false},"featured_media":12594,"comment_status":"open","ping_status":"closed","template":"","meta":[],"product_brand":[],"product_cat":[506,514,528],"product_tag":[835],"class_list":{"0":"post-12231","1":"product","2":"type-product","3":"status-publish","4":"has-post-thumbnail","6":"product_cat-ariklient","7":"product_cat-keemiline-puhastus","8":"product_cat-pesuvahendid","9":"product_tag-pesumajad","11":"first","12":"instock","13":"taxable","14":"shipping-taxable","15":"purchasable","16":"product-type-simple"},"yoast_head":"<!-- This site is optimized with the Yoast SEO plugin v27.0 - https:\/\/yoast.com\/product\/yoast-seo-wordpress\/ -->\n<title>Activ Superstat 10kg (antistaatiline pesuvahend keemilisele masinale) - Lavanno - pesuvahendite ekspert<\/title>\n<meta name=\"description\" content=\"Activ SuperStat \u2013 professionaalne keemilise puhastuse pesuaine. T\u00f5hus plekkide eemaldamiseks ja kangaste \u00f5rnaks hoolduseks.\" \/>\n<meta name=\"robots\" content=\"index, follow, max-snippet:-1, max-image-preview:large, max-video-preview:-1\" \/>\n<link rel=\"canonical\" href=\"https:\/\/lavanno.com\/en\/toode\/activ-superstat-10kg-antistaatiline-pesuvahend-keemilisele-masinale\/\" \/>\n<meta property=\"og:locale\" content=\"en_US\" \/>\n<meta property=\"og:type\" content=\"article\" \/>\n<meta property=\"og:title\" content=\"Activ Superstat 10kg (antistaatiline pesuvahend keemilisele masinale) - Lavanno - pesuvahendite ekspert\" \/>\n<meta property=\"og:description\" content=\"Activ SuperStat \u2013 professionaalne keemilise puhastuse pesuaine. T\u00f5hus plekkide eemaldamiseks ja kangaste \u00f5rnaks hoolduseks.\" \/>\n<meta property=\"og:url\" content=\"https:\/\/lavanno.com\/en\/toode\/activ-superstat-10kg-antistaatiline-pesuvahend-keemilisele-masinale\/\" \/>\n<meta property=\"og:site_name\" content=\"Lavanno - pesuvahendite ekspert\" \/>\n<meta property=\"article:publisher\" content=\"https:\/\/www.facebook.com\/Lavanno.ee\" \/>\n<meta property=\"article:modified_time\" content=\"2026-05-02T05:45:00+00:00\" \/>\n<meta property=\"og:image\" content=\"https:\/\/lavanno.com\/wp-content\/uploads\/2025\/11\/a04-010kactivsuperstat-10kg-1.png\" \/>\n\t<meta property=\"og:image:width\" content=\"800\" \/>\n\t<meta property=\"og:image:height\" content=\"800\" \/>\n\t<meta property=\"og:image:type\" content=\"image\/png\" \/>\n<meta name=\"twitter:card\" content=\"summary_large_image\" \/>\n<meta name=\"twitter:label1\" content=\"Est. reading time\" \/>\n\t<meta name=\"twitter:data1\" content=\"1 minute\" \/>\n<script type=\"application\/ld+json\" class=\"yoast-schema-graph\">{\"@context\":\"https:\/\/schema.org\",\"@graph\":[{\"@type\":\"WebPage\",\"@id\":\"https:\/\/lavanno.com\/en\/toode\/activ-superstat-10kg-antistaatiline-pesuvahend-keemilisele-masinale\/\",\"url\":\"https:\/\/lavanno.com\/en\/toode\/activ-superstat-10kg-antistaatiline-pesuvahend-keemilisele-masinale\/\",\"name\":\"Activ Superstat 10kg (antistaatiline pesuvahend keemilisele masinale) - Lavanno - pesuvahendite ekspert\",\"isPartOf\":{\"@id\":\"https:\/\/lavanno.com\/en\/#website\"},\"primaryImageOfPage\":{\"@id\":\"https:\/\/lavanno.com\/en\/toode\/activ-superstat-10kg-antistaatiline-pesuvahend-keemilisele-masinale\/#primaryimage\"},\"image\":{\"@id\":\"https:\/\/lavanno.com\/en\/toode\/activ-superstat-10kg-antistaatiline-pesuvahend-keemilisele-masinale\/#primaryimage\"},\"thumbnailUrl\":\"https:\/\/lavanno.com\/wp-content\/uploads\/2025\/11\/a04-010kactivsuperstat-10kg-1.png\",\"datePublished\":\"2025-10-23T16:50:02+00:00\",\"dateModified\":\"2026-05-02T05:45:00+00:00\",\"description\":\"Activ SuperStat \u2013 professionaalne keemilise puhastuse pesuaine. T\u00f5hus plekkide eemaldamiseks ja kangaste \u00f5rnaks hoolduseks.\",\"breadcrumb\":{\"@id\":\"https:\/\/lavanno.com\/en\/toode\/activ-superstat-10kg-antistaatiline-pesuvahend-keemilisele-masinale\/#breadcrumb\"},\"inLanguage\":\"en-US\",\"potentialAction\":[{\"@type\":\"ReadAction\",\"target\":[\"https:\/\/lavanno.com\/en\/toode\/activ-superstat-10kg-antistaatiline-pesuvahend-keemilisele-masinale\/\"]}]},{\"@type\":\"ImageObject\",\"inLanguage\":\"en-US\",\"@id\":\"https:\/\/lavanno.com\/en\/toode\/activ-superstat-10kg-antistaatiline-pesuvahend-keemilisele-masinale\/#primaryimage\",\"url\":\"https:\/\/lavanno.com\/wp-content\/uploads\/2025\/11\/a04-010kactivsuperstat-10kg-1.png\",\"contentUrl\":\"https:\/\/lavanno.com\/wp-content\/uploads\/2025\/11\/a04-010kactivsuperstat-10kg-1.png\",\"width\":800,\"height\":800},{\"@type\":\"BreadcrumbList\",\"@id\":\"https:\/\/lavanno.com\/en\/toode\/activ-superstat-10kg-antistaatiline-pesuvahend-keemilisele-masinale\/#breadcrumb\",\"itemListElement\":[{\"@type\":\"ListItem\",\"position\":1,\"name\":\"Home\",\"item\":\"https:\/\/lavanno.com\/en\/\"},{\"@type\":\"ListItem\",\"position\":2,\"name\":\"E-pood\",\"item\":\"https:\/\/lavanno.com\/e-pood\/\"},{\"@type\":\"ListItem\",\"position\":3,\"name\":\"Activ Superstat 10kg (antistaatiline pesuvahend keemilisele masinale)\"}]},{\"@type\":\"WebSite\",\"@id\":\"https:\/\/lavanno.com\/en\/#website\",\"url\":\"https:\/\/lavanno.com\/en\/\",\"name\":\"Lavanno - Pesuvahendite ekspert\",\"description\":\"Toome maale ja m\u00fc\u00fcme tekstiili pesuvahendeid, pesumajaseadmeid ja tarvikuid. Hooldame ja konsulteerime.\",\"publisher\":{\"@id\":\"https:\/\/lavanno.com\/en\/#organization\"},\"potentialAction\":[{\"@type\":\"SearchAction\",\"target\":{\"@type\":\"EntryPoint\",\"urlTemplate\":\"https:\/\/lavanno.com\/en\/?s={search_term_string}\"},\"query-input\":{\"@type\":\"PropertyValueSpecification\",\"valueRequired\":true,\"valueName\":\"search_term_string\"}}],\"inLanguage\":\"en-US\"},{\"@type\":\"Organization\",\"@id\":\"https:\/\/lavanno.com\/en\/#organization\",\"name\":\"Lavanno - Pesuvahendite ekspert\",\"url\":\"https:\/\/lavanno.com\/en\/\",\"logo\":{\"@type\":\"ImageObject\",\"inLanguage\":\"en-US\",\"@id\":\"https:\/\/lavanno.com\/en\/#\/schema\/logo\/image\/\",\"url\":\"https:\/\/lavanno.com\/wp-content\/uploads\/2025\/07\/Lavanno.png\",\"contentUrl\":\"https:\/\/lavanno.com\/wp-content\/uploads\/2025\/07\/Lavanno.png\",\"width\":1200,\"height\":1200,\"caption\":\"Lavanno - Pesuvahendite ekspert\"},\"image\":{\"@id\":\"https:\/\/lavanno.com\/en\/#\/schema\/logo\/image\/\"},\"sameAs\":[\"https:\/\/www.facebook.com\/Lavanno.ee\"]}]}<\/script>\n<!-- \/ Yoast SEO plugin. -->","yoast_head_json":{"title":"Activ Superstat 10kg (antistaatiline pesuvahend keemilisele masinale) - Lavanno - pesuvahendite ekspert","description":"Activ SuperStat \u2013 professionaalne keemilise puhastuse pesuaine. T\u00f5hus plekkide eemaldamiseks ja kangaste \u00f5rnaks hoolduseks.","robots":{"index":"index","follow":"follow","max-snippet":"max-snippet:-1","max-image-preview":"max-image-preview:large","max-video-preview":"max-video-preview:-1"},"canonical":"https:\/\/lavanno.com\/en\/toode\/activ-superstat-10kg-antistaatiline-pesuvahend-keemilisele-masinale\/","og_locale":"en_US","og_type":"article","og_title":"Activ Superstat 10kg (antistaatiline pesuvahend keemilisele masinale) - Lavanno - pesuvahendite ekspert","og_description":"Activ SuperStat \u2013 professionaalne keemilise puhastuse pesuaine. T\u00f5hus plekkide eemaldamiseks ja kangaste \u00f5rnaks hoolduseks.","og_url":"https:\/\/lavanno.com\/en\/toode\/activ-superstat-10kg-antistaatiline-pesuvahend-keemilisele-masinale\/","og_site_name":"Lavanno - pesuvahendite ekspert","article_publisher":"https:\/\/www.facebook.com\/Lavanno.ee","article_modified_time":"2026-05-02T05:45:00+00:00","og_image":[{"width":800,"height":800,"url":"https:\/\/lavanno.com\/wp-content\/uploads\/2025\/11\/a04-010kactivsuperstat-10kg-1.png","type":"image\/png"}],"twitter_card":"summary_large_image","twitter_misc":{"Est. reading time":"1 minute"},"schema":{"@context":"https:\/\/schema.org","@graph":[{"@type":"WebPage","@id":"https:\/\/lavanno.com\/en\/toode\/activ-superstat-10kg-antistaatiline-pesuvahend-keemilisele-masinale\/","url":"https:\/\/lavanno.com\/en\/toode\/activ-superstat-10kg-antistaatiline-pesuvahend-keemilisele-masinale\/","name":"Activ Superstat 10kg (antistaatiline pesuvahend keemilisele masinale) - Lavanno - pesuvahendite ekspert","isPartOf":{"@id":"https:\/\/lavanno.com\/en\/#website"},"primaryImageOfPage":{"@id":"https:\/\/lavanno.com\/en\/toode\/activ-superstat-10kg-antistaatiline-pesuvahend-keemilisele-masinale\/#primaryimage"},"image":{"@id":"https:\/\/lavanno.com\/en\/toode\/activ-superstat-10kg-antistaatiline-pesuvahend-keemilisele-masinale\/#primaryimage"},"thumbnailUrl":"https:\/\/lavanno.com\/wp-content\/uploads\/2025\/11\/a04-010kactivsuperstat-10kg-1.png","datePublished":"2025-10-23T16:50:02+00:00","dateModified":"2026-05-02T05:45:00+00:00","description":"Activ SuperStat \u2013 professionaalne keemilise puhastuse pesuaine. T\u00f5hus plekkide eemaldamiseks ja kangaste \u00f5rnaks hoolduseks.","breadcrumb":{"@id":"https:\/\/lavanno.com\/en\/toode\/activ-superstat-10kg-antistaatiline-pesuvahend-keemilisele-masinale\/#breadcrumb"},"inLanguage":"en-US","potentialAction":[{"@type":"ReadAction","target":["https:\/\/lavanno.com\/en\/toode\/activ-superstat-10kg-antistaatiline-pesuvahend-keemilisele-masinale\/"]}]},{"@type":"ImageObject","inLanguage":"en-US","@id":"https:\/\/lavanno.com\/en\/toode\/activ-superstat-10kg-antistaatiline-pesuvahend-keemilisele-masinale\/#primaryimage","url":"https:\/\/lavanno.com\/wp-content\/uploads\/2025\/11\/a04-010kactivsuperstat-10kg-1.png","contentUrl":"https:\/\/lavanno.com\/wp-content\/uploads\/2025\/11\/a04-010kactivsuperstat-10kg-1.png","width":800,"height":800},{"@type":"BreadcrumbList","@id":"https:\/\/lavanno.com\/en\/toode\/activ-superstat-10kg-antistaatiline-pesuvahend-keemilisele-masinale\/#breadcrumb","itemListElement":[{"@type":"ListItem","position":1,"name":"Home","item":"https:\/\/lavanno.com\/en\/"},{"@type":"ListItem","position":2,"name":"E-pood","item":"https:\/\/lavanno.com\/e-pood\/"},{"@type":"ListItem","position":3,"name":"Activ Superstat 10kg (antistaatiline pesuvahend keemilisele masinale)"}]},{"@type":"WebSite","@id":"https:\/\/lavanno.com\/en\/#website","url":"https:\/\/lavanno.com\/en\/","name":"Lavanno - Pesuvahendite ekspert","description":"Toome maale ja m\u00fc\u00fcme tekstiili pesuvahendeid, pesumajaseadmeid ja tarvikuid. Hooldame ja konsulteerime.","publisher":{"@id":"https:\/\/lavanno.com\/en\/#organization"},"potentialAction":[{"@type":"SearchAction","target":{"@type":"EntryPoint","urlTemplate":"https:\/\/lavanno.com\/en\/?s={search_term_string}"},"query-input":{"@type":"PropertyValueSpecification","valueRequired":true,"valueName":"search_term_string"}}],"inLanguage":"en-US"},{"@type":"Organization","@id":"https:\/\/lavanno.com\/en\/#organization","name":"Lavanno - Pesuvahendite ekspert","url":"https:\/\/lavanno.com\/en\/","logo":{"@type":"ImageObject","inLanguage":"en-US","@id":"https:\/\/lavanno.com\/en\/#\/schema\/logo\/image\/","url":"https:\/\/lavanno.com\/wp-content\/uploads\/2025\/07\/Lavanno.png","contentUrl":"https:\/\/lavanno.com\/wp-content\/uploads\/2025\/07\/Lavanno.png","width":1200,"height":1200,"caption":"Lavanno - Pesuvahendite ekspert"},"image":{"@id":"https:\/\/lavanno.com\/en\/#\/schema\/logo\/image\/"},"sameAs":["https:\/\/www.facebook.com\/Lavanno.ee"]}]}},"_links":{"self":[{"href":"https:\/\/lavanno.com\/en\/wp-json\/wp\/v2\/product\/12231","targetHints":{"allow":["GET"]}}],"collection":[{"href":"https:\/\/lavanno.com\/en\/wp-json\/wp\/v2\/product"}],"about":[{"href":"https:\/\/lavanno.com\/en\/wp-json\/wp\/v2\/types\/product"}],"replies":[{"embeddable":true,"href":"https:\/\/lavanno.com\/en\/wp-json\/wp\/v2\/comments?post=12231"}],"wp:featuredmedia":[{"embeddable":true,"href":"https:\/\/lavanno.com\/en\/wp-json\/wp\/v2\/media\/12594"}],"wp:attachment":[{"href":"https:\/\/lavanno.com\/en\/wp-json\/wp\/v2\/media?parent=12231"}],"wp:term":[{"taxonomy":"product_brand","embeddable":true,"href":"https:\/\/lavanno.com\/en\/wp-json\/wp\/v2\/product_brand?post=12231"},{"taxonomy":"product_cat","embeddable":true,"href":"https:\/\/lavanno.com\/en\/wp-json\/wp\/v2\/product_cat?post=12231"},{"taxonomy":"product_tag","embeddable":true,"href":"https:\/\/lavanno.com\/en\/wp-json\/wp\/v2\/product_tag?post=12231"}],"curies":[{"name":"wp","href":"https:\/\/api.w.org\/{rel}","templated":true}]}}