{"id":12234,"date":"2025-10-23T19:50:02","date_gmt":"2025-10-23T16:50:02","guid":{"rendered":"https:\/\/lavanno.com\/toode\/precarbon-2x5-kg-eeltootlusaine-susivesiniklahustile\/"},"modified":"2026-05-02T14:50:01","modified_gmt":"2026-05-02T11:50:01","slug":"precarbon-2x5-kg-eeltootlusaine-susivesiniklahustile","status":"publish","type":"product","link":"https:\/\/lavanno.com\/en\/toode\/precarbon-2x5-kg-eeltootlusaine-susivesiniklahustile\/","title":{"rendered":"PreCarbon 2&#215;5 kg. Eelt\u00f6\u00f6tlusaine s\u00fcsivesiniklahustile"},"content":{"rendered":"<p><strong>Spetsifikatsioon<\/strong><\/p>\n<p><strong>Kasutamine<\/strong><\/p>\n<p>Kasutada puhtal kujul, pihustades toodet m\u00e4\u00e4rdunud kohtadele enne pesuts\u00fcklit.<br \/>\nVajadusel v\u00f5ib p\u00e4rast pealekandmist kangast harjata.<\/p>\n<p>\u26a0\ufe0f Enne kasutamist testida toodet r\u00f5iva varjatud osal.<br \/>\n\u26a0\ufe0f Tuleohtlik toode \u2013 kasutada vastavalt tuleohtlike ainete ohutusn\u00f5uetele.<\/p>\n<p><strong>Koostisosad<\/strong><\/p>\n<p>S\u00fcsivesinikud C11\u2013C12 (isoalkaanid, 2% aromaatseid \u00fchendeid)<\/p>\n<p><strong>Funktsioon<\/strong><\/p>\n<p>Eelt\u00f6\u00f6tlusvahend<\/p>\n<p><a href=\"https:\/\/lavanno.com\/wp-content\/uploads\/2025\/10\/A60-000PreCarbonRel1ETSDS.pdf\" target=\"_blank\" rel=\"noopener\">Ohutuskaart<\/a><\/p>\n","protected":false},"excerpt":{"rendered":"<p>PreCarbon on spetsiaalne eelt\u00f6\u00f6tlusvahend kasutamiseks s\u00fcsivesiniklahustil p\u00f5hinevas keemilises puhastuses. Toode on m\u00f5eldud plekkide t\u00f6\u00f6tlemiseks enne pesuts\u00fcklit, aidates t\u00f5husamalt eemaldada mitte-rasvaseid (veep\u00f5hiseid) plekke.<\/p>\n<p>T\u00e4nu suurep\u00e4rastele vee sidumise omadustele parandab see puhastustulemust, ilma et muudaks t\u00f6\u00f6deldud ala hallikaks. Toode ei vahuta ning sobib kasutamiseks igat t\u00fc\u00fcpi r\u00f5ivastel.<\/p>\n<ul>\n<li>V\u00e4ga head vee sidumise omadused<\/li>\n<li>Parandab mitte-rasvaste plekkide eemaldamist<\/li>\n<li>Ei muuda kangast halliks<\/li>\n<li>Ei tekita vahtu<\/li>\n<li>Sobib k\u00f5ikidele r\u00f5ivat\u00fc\u00fcpidele<\/li>\n<li>Hea loputatavus lahustiga<\/li>\n<\/ul>\n<p>&nbsp;<\/p>\n","protected":false},"featured_media":12596,"comment_status":"open","ping_status":"closed","template":"","meta":[],"product_brand":[],"product_cat":[514,519],"product_tag":[835],"class_list":{"0":"post-12234","1":"product","2":"type-product","3":"status-publish","4":"has-post-thumbnail","6":"product_cat-keemiline-puhastus","7":"product_cat-eeltootlus","8":"product_tag-pesumajad","10":"first","11":"outofstock","12":"taxable","13":"shipping-taxable","14":"purchasable","15":"product-type-simple"},"yoast_head":"<!-- This site is optimized with the Yoast SEO plugin v27.0 - https:\/\/yoast.com\/product\/yoast-seo-wordpress\/ -->\n<title>PreCarbon 2x5 kg. Eelt\u00f6\u00f6tlusaine s\u00fcsivesiniklahustile - Lavanno - pesuvahendite ekspert<\/title>\n<meta name=\"description\" content=\"PreCarbon on s\u00fcsivesiniklahustile m\u00f5eldud eelt\u00f6\u00f6tlusvahend, mis parandab veep\u00f5histe plekkide eemaldamist enne keemilist puhastust.\" \/>\n<meta name=\"robots\" content=\"index, follow, max-snippet:-1, max-image-preview:large, max-video-preview:-1\" \/>\n<link rel=\"canonical\" href=\"https:\/\/lavanno.com\/en\/toode\/precarbon-2x5-kg-eeltootlusaine-susivesiniklahustile\/\" \/>\n<meta property=\"og:locale\" content=\"en_US\" \/>\n<meta property=\"og:type\" content=\"article\" \/>\n<meta property=\"og:title\" content=\"PreCarbon 2x5 kg. Eelt\u00f6\u00f6tlusaine s\u00fcsivesiniklahustile - Lavanno - pesuvahendite ekspert\" \/>\n<meta property=\"og:description\" content=\"PreCarbon on s\u00fcsivesiniklahustile m\u00f5eldud eelt\u00f6\u00f6tlusvahend, mis parandab veep\u00f5histe plekkide eemaldamist enne keemilist puhastust.\" \/>\n<meta property=\"og:url\" content=\"https:\/\/lavanno.com\/en\/toode\/precarbon-2x5-kg-eeltootlusaine-susivesiniklahustile\/\" \/>\n<meta property=\"og:site_name\" content=\"Lavanno - pesuvahendite ekspert\" \/>\n<meta property=\"article:publisher\" content=\"https:\/\/www.facebook.com\/Lavanno.ee\" \/>\n<meta property=\"article:modified_time\" content=\"2026-05-02T11:50:01+00:00\" \/>\n<meta property=\"og:image\" content=\"https:\/\/lavanno.com\/wp-content\/uploads\/2025\/11\/a60-005h2incarbon_2x5kg-1-1.png\" \/>\n\t<meta property=\"og:image:width\" content=\"800\" \/>\n\t<meta property=\"og:image:height\" content=\"800\" \/>\n\t<meta property=\"og:image:type\" content=\"image\/png\" \/>\n<meta name=\"twitter:card\" content=\"summary_large_image\" \/>\n<meta name=\"twitter:label1\" content=\"Est. reading time\" \/>\n\t<meta name=\"twitter:data1\" content=\"1 minute\" \/>\n<script type=\"application\/ld+json\" class=\"yoast-schema-graph\">{\"@context\":\"https:\/\/schema.org\",\"@graph\":[{\"@type\":\"WebPage\",\"@id\":\"https:\/\/lavanno.com\/en\/toode\/precarbon-2x5-kg-eeltootlusaine-susivesiniklahustile\/\",\"url\":\"https:\/\/lavanno.com\/en\/toode\/precarbon-2x5-kg-eeltootlusaine-susivesiniklahustile\/\",\"name\":\"PreCarbon 2x5 kg. Eelt\u00f6\u00f6tlusaine s\u00fcsivesiniklahustile - Lavanno - pesuvahendite ekspert\",\"isPartOf\":{\"@id\":\"https:\/\/lavanno.com\/en\/#website\"},\"primaryImageOfPage\":{\"@id\":\"https:\/\/lavanno.com\/en\/toode\/precarbon-2x5-kg-eeltootlusaine-susivesiniklahustile\/#primaryimage\"},\"image\":{\"@id\":\"https:\/\/lavanno.com\/en\/toode\/precarbon-2x5-kg-eeltootlusaine-susivesiniklahustile\/#primaryimage\"},\"thumbnailUrl\":\"https:\/\/lavanno.com\/wp-content\/uploads\/2025\/11\/a60-005h2incarbon_2x5kg-1-1.png\",\"datePublished\":\"2025-10-23T16:50:02+00:00\",\"dateModified\":\"2026-05-02T11:50:01+00:00\",\"description\":\"PreCarbon on s\u00fcsivesiniklahustile m\u00f5eldud eelt\u00f6\u00f6tlusvahend, mis parandab veep\u00f5histe plekkide eemaldamist enne keemilist puhastust.\",\"breadcrumb\":{\"@id\":\"https:\/\/lavanno.com\/en\/toode\/precarbon-2x5-kg-eeltootlusaine-susivesiniklahustile\/#breadcrumb\"},\"inLanguage\":\"en-US\",\"potentialAction\":[{\"@type\":\"ReadAction\",\"target\":[\"https:\/\/lavanno.com\/en\/toode\/precarbon-2x5-kg-eeltootlusaine-susivesiniklahustile\/\"]}]},{\"@type\":\"ImageObject\",\"inLanguage\":\"en-US\",\"@id\":\"https:\/\/lavanno.com\/en\/toode\/precarbon-2x5-kg-eeltootlusaine-susivesiniklahustile\/#primaryimage\",\"url\":\"https:\/\/lavanno.com\/wp-content\/uploads\/2025\/11\/a60-005h2incarbon_2x5kg-1-1.png\",\"contentUrl\":\"https:\/\/lavanno.com\/wp-content\/uploads\/2025\/11\/a60-005h2incarbon_2x5kg-1-1.png\",\"width\":800,\"height\":800},{\"@type\":\"BreadcrumbList\",\"@id\":\"https:\/\/lavanno.com\/en\/toode\/precarbon-2x5-kg-eeltootlusaine-susivesiniklahustile\/#breadcrumb\",\"itemListElement\":[{\"@type\":\"ListItem\",\"position\":1,\"name\":\"Home\",\"item\":\"https:\/\/lavanno.com\/en\/\"},{\"@type\":\"ListItem\",\"position\":2,\"name\":\"E-pood\",\"item\":\"https:\/\/lavanno.com\/e-pood\/\"},{\"@type\":\"ListItem\",\"position\":3,\"name\":\"PreCarbon 2&#215;5 kg. Eelt\u00f6\u00f6tlusaine s\u00fcsivesiniklahustile\"}]},{\"@type\":\"WebSite\",\"@id\":\"https:\/\/lavanno.com\/en\/#website\",\"url\":\"https:\/\/lavanno.com\/en\/\",\"name\":\"Lavanno - Pesuvahendite ekspert\",\"description\":\"Toome maale ja m\u00fc\u00fcme tekstiili pesuvahendeid, pesumajaseadmeid ja tarvikuid. Hooldame ja konsulteerime.\",\"publisher\":{\"@id\":\"https:\/\/lavanno.com\/en\/#organization\"},\"potentialAction\":[{\"@type\":\"SearchAction\",\"target\":{\"@type\":\"EntryPoint\",\"urlTemplate\":\"https:\/\/lavanno.com\/en\/?s={search_term_string}\"},\"query-input\":{\"@type\":\"PropertyValueSpecification\",\"valueRequired\":true,\"valueName\":\"search_term_string\"}}],\"inLanguage\":\"en-US\"},{\"@type\":\"Organization\",\"@id\":\"https:\/\/lavanno.com\/en\/#organization\",\"name\":\"Lavanno - Pesuvahendite ekspert\",\"url\":\"https:\/\/lavanno.com\/en\/\",\"logo\":{\"@type\":\"ImageObject\",\"inLanguage\":\"en-US\",\"@id\":\"https:\/\/lavanno.com\/en\/#\/schema\/logo\/image\/\",\"url\":\"https:\/\/lavanno.com\/wp-content\/uploads\/2025\/07\/Lavanno.png\",\"contentUrl\":\"https:\/\/lavanno.com\/wp-content\/uploads\/2025\/07\/Lavanno.png\",\"width\":1200,\"height\":1200,\"caption\":\"Lavanno - Pesuvahendite ekspert\"},\"image\":{\"@id\":\"https:\/\/lavanno.com\/en\/#\/schema\/logo\/image\/\"},\"sameAs\":[\"https:\/\/www.facebook.com\/Lavanno.ee\"]}]}<\/script>\n<!-- \/ Yoast SEO plugin. -->","yoast_head_json":{"title":"PreCarbon 2x5 kg. Eelt\u00f6\u00f6tlusaine s\u00fcsivesiniklahustile - Lavanno - pesuvahendite ekspert","description":"PreCarbon on s\u00fcsivesiniklahustile m\u00f5eldud eelt\u00f6\u00f6tlusvahend, mis parandab veep\u00f5histe plekkide eemaldamist enne keemilist puhastust.","robots":{"index":"index","follow":"follow","max-snippet":"max-snippet:-1","max-image-preview":"max-image-preview:large","max-video-preview":"max-video-preview:-1"},"canonical":"https:\/\/lavanno.com\/en\/toode\/precarbon-2x5-kg-eeltootlusaine-susivesiniklahustile\/","og_locale":"en_US","og_type":"article","og_title":"PreCarbon 2x5 kg. Eelt\u00f6\u00f6tlusaine s\u00fcsivesiniklahustile - Lavanno - pesuvahendite ekspert","og_description":"PreCarbon on s\u00fcsivesiniklahustile m\u00f5eldud eelt\u00f6\u00f6tlusvahend, mis parandab veep\u00f5histe plekkide eemaldamist enne keemilist puhastust.","og_url":"https:\/\/lavanno.com\/en\/toode\/precarbon-2x5-kg-eeltootlusaine-susivesiniklahustile\/","og_site_name":"Lavanno - pesuvahendite ekspert","article_publisher":"https:\/\/www.facebook.com\/Lavanno.ee","article_modified_time":"2026-05-02T11:50:01+00:00","og_image":[{"width":800,"height":800,"url":"https:\/\/lavanno.com\/wp-content\/uploads\/2025\/11\/a60-005h2incarbon_2x5kg-1-1.png","type":"image\/png"}],"twitter_card":"summary_large_image","twitter_misc":{"Est. reading time":"1 minute"},"schema":{"@context":"https:\/\/schema.org","@graph":[{"@type":"WebPage","@id":"https:\/\/lavanno.com\/en\/toode\/precarbon-2x5-kg-eeltootlusaine-susivesiniklahustile\/","url":"https:\/\/lavanno.com\/en\/toode\/precarbon-2x5-kg-eeltootlusaine-susivesiniklahustile\/","name":"PreCarbon 2x5 kg. Eelt\u00f6\u00f6tlusaine s\u00fcsivesiniklahustile - Lavanno - pesuvahendite ekspert","isPartOf":{"@id":"https:\/\/lavanno.com\/en\/#website"},"primaryImageOfPage":{"@id":"https:\/\/lavanno.com\/en\/toode\/precarbon-2x5-kg-eeltootlusaine-susivesiniklahustile\/#primaryimage"},"image":{"@id":"https:\/\/lavanno.com\/en\/toode\/precarbon-2x5-kg-eeltootlusaine-susivesiniklahustile\/#primaryimage"},"thumbnailUrl":"https:\/\/lavanno.com\/wp-content\/uploads\/2025\/11\/a60-005h2incarbon_2x5kg-1-1.png","datePublished":"2025-10-23T16:50:02+00:00","dateModified":"2026-05-02T11:50:01+00:00","description":"PreCarbon on s\u00fcsivesiniklahustile m\u00f5eldud eelt\u00f6\u00f6tlusvahend, mis parandab veep\u00f5histe plekkide eemaldamist enne keemilist puhastust.","breadcrumb":{"@id":"https:\/\/lavanno.com\/en\/toode\/precarbon-2x5-kg-eeltootlusaine-susivesiniklahustile\/#breadcrumb"},"inLanguage":"en-US","potentialAction":[{"@type":"ReadAction","target":["https:\/\/lavanno.com\/en\/toode\/precarbon-2x5-kg-eeltootlusaine-susivesiniklahustile\/"]}]},{"@type":"ImageObject","inLanguage":"en-US","@id":"https:\/\/lavanno.com\/en\/toode\/precarbon-2x5-kg-eeltootlusaine-susivesiniklahustile\/#primaryimage","url":"https:\/\/lavanno.com\/wp-content\/uploads\/2025\/11\/a60-005h2incarbon_2x5kg-1-1.png","contentUrl":"https:\/\/lavanno.com\/wp-content\/uploads\/2025\/11\/a60-005h2incarbon_2x5kg-1-1.png","width":800,"height":800},{"@type":"BreadcrumbList","@id":"https:\/\/lavanno.com\/en\/toode\/precarbon-2x5-kg-eeltootlusaine-susivesiniklahustile\/#breadcrumb","itemListElement":[{"@type":"ListItem","position":1,"name":"Home","item":"https:\/\/lavanno.com\/en\/"},{"@type":"ListItem","position":2,"name":"E-pood","item":"https:\/\/lavanno.com\/e-pood\/"},{"@type":"ListItem","position":3,"name":"PreCarbon 2&#215;5 kg. Eelt\u00f6\u00f6tlusaine s\u00fcsivesiniklahustile"}]},{"@type":"WebSite","@id":"https:\/\/lavanno.com\/en\/#website","url":"https:\/\/lavanno.com\/en\/","name":"Lavanno - Pesuvahendite ekspert","description":"Toome maale ja m\u00fc\u00fcme tekstiili pesuvahendeid, pesumajaseadmeid ja tarvikuid. Hooldame ja konsulteerime.","publisher":{"@id":"https:\/\/lavanno.com\/en\/#organization"},"potentialAction":[{"@type":"SearchAction","target":{"@type":"EntryPoint","urlTemplate":"https:\/\/lavanno.com\/en\/?s={search_term_string}"},"query-input":{"@type":"PropertyValueSpecification","valueRequired":true,"valueName":"search_term_string"}}],"inLanguage":"en-US"},{"@type":"Organization","@id":"https:\/\/lavanno.com\/en\/#organization","name":"Lavanno - Pesuvahendite ekspert","url":"https:\/\/lavanno.com\/en\/","logo":{"@type":"ImageObject","inLanguage":"en-US","@id":"https:\/\/lavanno.com\/en\/#\/schema\/logo\/image\/","url":"https:\/\/lavanno.com\/wp-content\/uploads\/2025\/07\/Lavanno.png","contentUrl":"https:\/\/lavanno.com\/wp-content\/uploads\/2025\/07\/Lavanno.png","width":1200,"height":1200,"caption":"Lavanno - Pesuvahendite ekspert"},"image":{"@id":"https:\/\/lavanno.com\/en\/#\/schema\/logo\/image\/"},"sameAs":["https:\/\/www.facebook.com\/Lavanno.ee"]}]}},"_links":{"self":[{"href":"https:\/\/lavanno.com\/en\/wp-json\/wp\/v2\/product\/12234","targetHints":{"allow":["GET"]}}],"collection":[{"href":"https:\/\/lavanno.com\/en\/wp-json\/wp\/v2\/product"}],"about":[{"href":"https:\/\/lavanno.com\/en\/wp-json\/wp\/v2\/types\/product"}],"replies":[{"embeddable":true,"href":"https:\/\/lavanno.com\/en\/wp-json\/wp\/v2\/comments?post=12234"}],"wp:featuredmedia":[{"embeddable":true,"href":"https:\/\/lavanno.com\/en\/wp-json\/wp\/v2\/media\/12596"}],"wp:attachment":[{"href":"https:\/\/lavanno.com\/en\/wp-json\/wp\/v2\/media?parent=12234"}],"wp:term":[{"taxonomy":"product_brand","embeddable":true,"href":"https:\/\/lavanno.com\/en\/wp-json\/wp\/v2\/product_brand?post=12234"},{"taxonomy":"product_cat","embeddable":true,"href":"https:\/\/lavanno.com\/en\/wp-json\/wp\/v2\/product_cat?post=12234"},{"taxonomy":"product_tag","embeddable":true,"href":"https:\/\/lavanno.com\/en\/wp-json\/wp\/v2\/product_tag?post=12234"}],"curies":[{"name":"wp","href":"https:\/\/api.w.org\/{rel}","templated":true}]}}