{"id":12663,"date":"2025-11-24T15:25:01","date_gmt":"2025-11-24T13:25:01","guid":{"rendered":"https:\/\/lavanno.com\/toode\/odorblok-travel-ebameeldivate-lohnade-eemaldaja-2\/"},"modified":"2026-05-02T14:50:02","modified_gmt":"2026-05-02T11:50:02","slug":"odorblok-travel-ebameeldivate-lohnade-eemaldaja-2","status":"publish","type":"product","link":"https:\/\/lavanno.com\/en\/toode\/odorblok-travel-ebameeldivate-lohnade-eemaldaja-2\/","title":{"rendered":"Odorblok Travel &#8211; ebameeldivate l\u00f5hnade eemaldaja"},"content":{"rendered":"<p><strong>Kasutamine<\/strong><\/p>\n<p>Pihustada soovitud pinnale v\u00f5i ruumi\u00f5hku vastavalt vajadusele. Ei vaja loputamist ega t\u00e4iendavat t\u00f6\u00f6tlemist.<\/p>\n<p>Sobib kasutamiseks erinevatel pindadel ja tekstiilidel: kardinad, pr\u00fcgikastid, jalan\u00f5ud, r\u00f5ivad ning loomadega kokkupuutunud tekstiilid.<\/p>\n<p><strong>Koostisosad<\/strong><\/p>\n<p>Vesi, isoprop\u00fc\u00fclalkohol, parf\u00fc\u00fcm, trideceth-12, riitsinus\u00f5li, etoks\u00fcdigl\u00fckool, alkohol, bensalkooniumkloriid, C12-14 pareth-3, tsinkritsinoleaat, et\u00fcleenbrass\u00fclaat, 2-tert-but\u00fc\u00fclts\u00fckloheks\u00fc\u00fclatsetaat, tetranaatrium-EDTA, bens\u00fc\u00fclsalits\u00fclaat, fenet\u00fc\u00fclalkohol, heks\u00fc\u00fcltsinnamaal, but\u00fc\u00fclfen\u00fc\u00fclmet\u00fc\u00fclpropionaal, h\u00fcdroks\u00fctsitronellal, alfa-isomet\u00fc\u00fclionoon, eugenool, kumariin, geraniool, tsitronellool, linalool, C12\u201316-alk\u00fc\u00fcldimet\u00fc\u00fclamiinid, dimetikoon, steareth-21.<\/p>\n<p><strong>Funktsioon<\/strong><\/p>\n<p>Multifunktsionaalne l\u00f5hnaneutraliseerija<\/p>\n<p>&nbsp;<\/p>\n","protected":false},"excerpt":{"rendered":"<p>OdorBlok Travel on revolutsiooniline multifunktsionaalne l\u00f5hnaneutraliseerija, mille toime on testitud Torino \u00dclikoolis. T\u00e4nu kahele innovaatilisele aktiivmolekulile ei kata see ebameeldivaid l\u00f5hnu, vaid neutraliseerib need t\u00e4ielikult \u2013 ka k\u00f5ige p\u00fcsivamad.<\/p>\n<p>Toode sobib kasutamiseks k\u00f5ikidel tekstiilidel ning ka ruumi\u00f5hus. See ei j\u00e4ta plekke ega haloefekti ning ei vaja t\u00e4iendavat t\u00f6\u00f6tlemist. P\u00e4rast kasutamist j\u00e4\u00e4b \u00f5hku meeldiv v\u00e4rske pesu l\u00f5hn (Note di Pulito).<\/p>\n<ul>\n<li>Neutraliseerib ka p\u00fcsivad ja tugevad l\u00f5hnad<\/li>\n<li>Ei kata l\u00f5hna, vaid eemaldab selle j\u00e4\u00e4davalt<\/li>\n<li>Sobib kasutamiseks tekstiilidel ja \u00f5hus<\/li>\n<li>Ei j\u00e4ta plekke ega j\u00e4lgi<\/li>\n<li>V\u00e4rske pesu l\u00f5hn (Note di Pulito)<\/li>\n<li>Kompaktne ja mugav reisile kaasa v\u00f5tta<\/li>\n<\/ul>\n","protected":false},"featured_media":12645,"comment_status":"open","ping_status":"closed","template":"","meta":[],"product_brand":[],"product_cat":[506,586,523,524,584,579,520,581],"product_tag":[],"class_list":{"0":"post-12663","1":"product","2":"type-product","3":"status-publish","4":"has-post-thumbnail","6":"product_cat-ariklient","7":"product_cat-ruumilohnastajad","8":"product_cat-jaemuugitooted","9":"product_cat-mitmesugused-tooted","10":"product_cat-ohu-ja-kangasvarskendajad","11":"product_cat-kangavarskendajad","12":"product_cat-eraklient","13":"product_cat-tekstiili-ja-kodulohnastajad-eraklient","15":"first","16":"instock","17":"taxable","18":"shipping-taxable","19":"purchasable","20":"product-type-variable"},"yoast_head":"<!-- This site is optimized with the Yoast SEO plugin v27.0 - https:\/\/yoast.com\/product\/yoast-seo-wordpress\/ -->\n<title>Odorblok Travel - ebameeldivate l\u00f5hnade eemaldaja - Lavanno - pesuvahendite ekspert<\/title>\n<meta name=\"description\" content=\"OdorBlok Travel on kompaktne l\u00f5hnaneutraliseerija, mis eemaldab p\u00fcsivad ebameeldivad l\u00f5hnad tekstiilidelt ja \u00f5hust ilma plekke j\u00e4tmata. Ideaalne reisile.\" \/>\n<meta name=\"robots\" content=\"index, follow, max-snippet:-1, max-image-preview:large, max-video-preview:-1\" \/>\n<link rel=\"canonical\" href=\"https:\/\/lavanno.com\/en\/toode\/odorblok-travel-ebameeldivate-lohnade-eemaldaja-2\/\" \/>\n<meta property=\"og:locale\" content=\"en_US\" \/>\n<meta property=\"og:type\" content=\"article\" \/>\n<meta property=\"og:title\" content=\"Odorblok Travel - ebameeldivate l\u00f5hnade eemaldaja - Lavanno - pesuvahendite ekspert\" \/>\n<meta property=\"og:description\" content=\"OdorBlok Travel on kompaktne l\u00f5hnaneutraliseerija, mis eemaldab p\u00fcsivad ebameeldivad l\u00f5hnad tekstiilidelt ja \u00f5hust ilma plekke j\u00e4tmata. Ideaalne reisile.\" \/>\n<meta property=\"og:url\" content=\"https:\/\/lavanno.com\/en\/toode\/odorblok-travel-ebameeldivate-lohnade-eemaldaja-2\/\" \/>\n<meta property=\"og:site_name\" content=\"Lavanno - pesuvahendite ekspert\" \/>\n<meta property=\"article:publisher\" content=\"https:\/\/www.facebook.com\/Lavanno.ee\" \/>\n<meta property=\"article:modified_time\" content=\"2026-05-02T11:50:02+00:00\" \/>\n<meta property=\"og:image\" content=\"https:\/\/lavanno.com\/wp-content\/uploads\/2025\/10\/a80-022odorblok_travel.png\" \/>\n\t<meta property=\"og:image:width\" content=\"800\" \/>\n\t<meta property=\"og:image:height\" content=\"800\" \/>\n\t<meta property=\"og:image:type\" content=\"image\/png\" \/>\n<meta name=\"twitter:card\" content=\"summary_large_image\" \/>\n<meta name=\"twitter:label1\" content=\"Est. reading time\" \/>\n\t<meta name=\"twitter:data1\" content=\"1 minute\" \/>\n<script type=\"application\/ld+json\" class=\"yoast-schema-graph\">{\"@context\":\"https:\/\/schema.org\",\"@graph\":[{\"@type\":\"WebPage\",\"@id\":\"https:\/\/lavanno.com\/en\/toode\/odorblok-travel-ebameeldivate-lohnade-eemaldaja-2\/\",\"url\":\"https:\/\/lavanno.com\/en\/toode\/odorblok-travel-ebameeldivate-lohnade-eemaldaja-2\/\",\"name\":\"Odorblok Travel - ebameeldivate l\u00f5hnade eemaldaja - Lavanno - pesuvahendite ekspert\",\"isPartOf\":{\"@id\":\"https:\/\/lavanno.com\/en\/#website\"},\"primaryImageOfPage\":{\"@id\":\"https:\/\/lavanno.com\/en\/toode\/odorblok-travel-ebameeldivate-lohnade-eemaldaja-2\/#primaryimage\"},\"image\":{\"@id\":\"https:\/\/lavanno.com\/en\/toode\/odorblok-travel-ebameeldivate-lohnade-eemaldaja-2\/#primaryimage\"},\"thumbnailUrl\":\"https:\/\/lavanno.com\/wp-content\/uploads\/2025\/10\/a80-022odorblok_travel.png\",\"datePublished\":\"2025-11-24T13:25:01+00:00\",\"dateModified\":\"2026-05-02T11:50:02+00:00\",\"description\":\"OdorBlok Travel on kompaktne l\u00f5hnaneutraliseerija, mis eemaldab p\u00fcsivad ebameeldivad l\u00f5hnad tekstiilidelt ja \u00f5hust ilma plekke j\u00e4tmata. Ideaalne reisile.\",\"breadcrumb\":{\"@id\":\"https:\/\/lavanno.com\/en\/toode\/odorblok-travel-ebameeldivate-lohnade-eemaldaja-2\/#breadcrumb\"},\"inLanguage\":\"en-US\",\"potentialAction\":[{\"@type\":\"ReadAction\",\"target\":[\"https:\/\/lavanno.com\/en\/toode\/odorblok-travel-ebameeldivate-lohnade-eemaldaja-2\/\"]}]},{\"@type\":\"ImageObject\",\"inLanguage\":\"en-US\",\"@id\":\"https:\/\/lavanno.com\/en\/toode\/odorblok-travel-ebameeldivate-lohnade-eemaldaja-2\/#primaryimage\",\"url\":\"https:\/\/lavanno.com\/wp-content\/uploads\/2025\/10\/a80-022odorblok_travel.png\",\"contentUrl\":\"https:\/\/lavanno.com\/wp-content\/uploads\/2025\/10\/a80-022odorblok_travel.png\",\"width\":800,\"height\":800,\"caption\":\"Odorblok spray travel\"},{\"@type\":\"BreadcrumbList\",\"@id\":\"https:\/\/lavanno.com\/en\/toode\/odorblok-travel-ebameeldivate-lohnade-eemaldaja-2\/#breadcrumb\",\"itemListElement\":[{\"@type\":\"ListItem\",\"position\":1,\"name\":\"Home\",\"item\":\"https:\/\/lavanno.com\/en\/\"},{\"@type\":\"ListItem\",\"position\":2,\"name\":\"E-pood\",\"item\":\"https:\/\/lavanno.com\/e-pood\/\"},{\"@type\":\"ListItem\",\"position\":3,\"name\":\"Odorblok Travel &#8211; ebameeldivate l\u00f5hnade eemaldaja\"}]},{\"@type\":\"WebSite\",\"@id\":\"https:\/\/lavanno.com\/en\/#website\",\"url\":\"https:\/\/lavanno.com\/en\/\",\"name\":\"Lavanno - Pesuvahendite ekspert\",\"description\":\"Toome maale ja m\u00fc\u00fcme tekstiili pesuvahendeid, pesumajaseadmeid ja tarvikuid. Hooldame ja konsulteerime.\",\"publisher\":{\"@id\":\"https:\/\/lavanno.com\/en\/#organization\"},\"potentialAction\":[{\"@type\":\"SearchAction\",\"target\":{\"@type\":\"EntryPoint\",\"urlTemplate\":\"https:\/\/lavanno.com\/en\/?s={search_term_string}\"},\"query-input\":{\"@type\":\"PropertyValueSpecification\",\"valueRequired\":true,\"valueName\":\"search_term_string\"}}],\"inLanguage\":\"en-US\"},{\"@type\":\"Organization\",\"@id\":\"https:\/\/lavanno.com\/en\/#organization\",\"name\":\"Lavanno - Pesuvahendite ekspert\",\"url\":\"https:\/\/lavanno.com\/en\/\",\"logo\":{\"@type\":\"ImageObject\",\"inLanguage\":\"en-US\",\"@id\":\"https:\/\/lavanno.com\/en\/#\/schema\/logo\/image\/\",\"url\":\"https:\/\/lavanno.com\/wp-content\/uploads\/2025\/07\/Lavanno.png\",\"contentUrl\":\"https:\/\/lavanno.com\/wp-content\/uploads\/2025\/07\/Lavanno.png\",\"width\":1200,\"height\":1200,\"caption\":\"Lavanno - Pesuvahendite ekspert\"},\"image\":{\"@id\":\"https:\/\/lavanno.com\/en\/#\/schema\/logo\/image\/\"},\"sameAs\":[\"https:\/\/www.facebook.com\/Lavanno.ee\"]}]}<\/script>\n<!-- \/ Yoast SEO plugin. -->","yoast_head_json":{"title":"Odorblok Travel - ebameeldivate l\u00f5hnade eemaldaja - Lavanno - pesuvahendite ekspert","description":"OdorBlok Travel on kompaktne l\u00f5hnaneutraliseerija, mis eemaldab p\u00fcsivad ebameeldivad l\u00f5hnad tekstiilidelt ja \u00f5hust ilma plekke j\u00e4tmata. Ideaalne reisile.","robots":{"index":"index","follow":"follow","max-snippet":"max-snippet:-1","max-image-preview":"max-image-preview:large","max-video-preview":"max-video-preview:-1"},"canonical":"https:\/\/lavanno.com\/en\/toode\/odorblok-travel-ebameeldivate-lohnade-eemaldaja-2\/","og_locale":"en_US","og_type":"article","og_title":"Odorblok Travel - ebameeldivate l\u00f5hnade eemaldaja - Lavanno - pesuvahendite ekspert","og_description":"OdorBlok Travel on kompaktne l\u00f5hnaneutraliseerija, mis eemaldab p\u00fcsivad ebameeldivad l\u00f5hnad tekstiilidelt ja \u00f5hust ilma plekke j\u00e4tmata. Ideaalne reisile.","og_url":"https:\/\/lavanno.com\/en\/toode\/odorblok-travel-ebameeldivate-lohnade-eemaldaja-2\/","og_site_name":"Lavanno - pesuvahendite ekspert","article_publisher":"https:\/\/www.facebook.com\/Lavanno.ee","article_modified_time":"2026-05-02T11:50:02+00:00","og_image":[{"width":800,"height":800,"url":"https:\/\/lavanno.com\/wp-content\/uploads\/2025\/10\/a80-022odorblok_travel.png","type":"image\/png"}],"twitter_card":"summary_large_image","twitter_misc":{"Est. reading time":"1 minute"},"schema":{"@context":"https:\/\/schema.org","@graph":[{"@type":"WebPage","@id":"https:\/\/lavanno.com\/en\/toode\/odorblok-travel-ebameeldivate-lohnade-eemaldaja-2\/","url":"https:\/\/lavanno.com\/en\/toode\/odorblok-travel-ebameeldivate-lohnade-eemaldaja-2\/","name":"Odorblok Travel - ebameeldivate l\u00f5hnade eemaldaja - Lavanno - pesuvahendite ekspert","isPartOf":{"@id":"https:\/\/lavanno.com\/en\/#website"},"primaryImageOfPage":{"@id":"https:\/\/lavanno.com\/en\/toode\/odorblok-travel-ebameeldivate-lohnade-eemaldaja-2\/#primaryimage"},"image":{"@id":"https:\/\/lavanno.com\/en\/toode\/odorblok-travel-ebameeldivate-lohnade-eemaldaja-2\/#primaryimage"},"thumbnailUrl":"https:\/\/lavanno.com\/wp-content\/uploads\/2025\/10\/a80-022odorblok_travel.png","datePublished":"2025-11-24T13:25:01+00:00","dateModified":"2026-05-02T11:50:02+00:00","description":"OdorBlok Travel on kompaktne l\u00f5hnaneutraliseerija, mis eemaldab p\u00fcsivad ebameeldivad l\u00f5hnad tekstiilidelt ja \u00f5hust ilma plekke j\u00e4tmata. Ideaalne reisile.","breadcrumb":{"@id":"https:\/\/lavanno.com\/en\/toode\/odorblok-travel-ebameeldivate-lohnade-eemaldaja-2\/#breadcrumb"},"inLanguage":"en-US","potentialAction":[{"@type":"ReadAction","target":["https:\/\/lavanno.com\/en\/toode\/odorblok-travel-ebameeldivate-lohnade-eemaldaja-2\/"]}]},{"@type":"ImageObject","inLanguage":"en-US","@id":"https:\/\/lavanno.com\/en\/toode\/odorblok-travel-ebameeldivate-lohnade-eemaldaja-2\/#primaryimage","url":"https:\/\/lavanno.com\/wp-content\/uploads\/2025\/10\/a80-022odorblok_travel.png","contentUrl":"https:\/\/lavanno.com\/wp-content\/uploads\/2025\/10\/a80-022odorblok_travel.png","width":800,"height":800,"caption":"Odorblok spray travel"},{"@type":"BreadcrumbList","@id":"https:\/\/lavanno.com\/en\/toode\/odorblok-travel-ebameeldivate-lohnade-eemaldaja-2\/#breadcrumb","itemListElement":[{"@type":"ListItem","position":1,"name":"Home","item":"https:\/\/lavanno.com\/en\/"},{"@type":"ListItem","position":2,"name":"E-pood","item":"https:\/\/lavanno.com\/e-pood\/"},{"@type":"ListItem","position":3,"name":"Odorblok Travel &#8211; ebameeldivate l\u00f5hnade eemaldaja"}]},{"@type":"WebSite","@id":"https:\/\/lavanno.com\/en\/#website","url":"https:\/\/lavanno.com\/en\/","name":"Lavanno - Pesuvahendite ekspert","description":"Toome maale ja m\u00fc\u00fcme tekstiili pesuvahendeid, pesumajaseadmeid ja tarvikuid. Hooldame ja konsulteerime.","publisher":{"@id":"https:\/\/lavanno.com\/en\/#organization"},"potentialAction":[{"@type":"SearchAction","target":{"@type":"EntryPoint","urlTemplate":"https:\/\/lavanno.com\/en\/?s={search_term_string}"},"query-input":{"@type":"PropertyValueSpecification","valueRequired":true,"valueName":"search_term_string"}}],"inLanguage":"en-US"},{"@type":"Organization","@id":"https:\/\/lavanno.com\/en\/#organization","name":"Lavanno - Pesuvahendite ekspert","url":"https:\/\/lavanno.com\/en\/","logo":{"@type":"ImageObject","inLanguage":"en-US","@id":"https:\/\/lavanno.com\/en\/#\/schema\/logo\/image\/","url":"https:\/\/lavanno.com\/wp-content\/uploads\/2025\/07\/Lavanno.png","contentUrl":"https:\/\/lavanno.com\/wp-content\/uploads\/2025\/07\/Lavanno.png","width":1200,"height":1200,"caption":"Lavanno - Pesuvahendite ekspert"},"image":{"@id":"https:\/\/lavanno.com\/en\/#\/schema\/logo\/image\/"},"sameAs":["https:\/\/www.facebook.com\/Lavanno.ee"]}]}},"_links":{"self":[{"href":"https:\/\/lavanno.com\/en\/wp-json\/wp\/v2\/product\/12663","targetHints":{"allow":["GET"]}}],"collection":[{"href":"https:\/\/lavanno.com\/en\/wp-json\/wp\/v2\/product"}],"about":[{"href":"https:\/\/lavanno.com\/en\/wp-json\/wp\/v2\/types\/product"}],"replies":[{"embeddable":true,"href":"https:\/\/lavanno.com\/en\/wp-json\/wp\/v2\/comments?post=12663"}],"wp:featuredmedia":[{"embeddable":true,"href":"https:\/\/lavanno.com\/en\/wp-json\/wp\/v2\/media\/12645"}],"wp:attachment":[{"href":"https:\/\/lavanno.com\/en\/wp-json\/wp\/v2\/media?parent=12663"}],"wp:term":[{"taxonomy":"product_brand","embeddable":true,"href":"https:\/\/lavanno.com\/en\/wp-json\/wp\/v2\/product_brand?post=12663"},{"taxonomy":"product_cat","embeddable":true,"href":"https:\/\/lavanno.com\/en\/wp-json\/wp\/v2\/product_cat?post=12663"},{"taxonomy":"product_tag","embeddable":true,"href":"https:\/\/lavanno.com\/en\/wp-json\/wp\/v2\/product_tag?post=12663"}],"curies":[{"name":"wp","href":"https:\/\/api.w.org\/{rel}","templated":true}]}}