{"id":13158,"date":"2026-04-10T14:10:02","date_gmt":"2026-04-10T11:10:02","guid":{"rendered":"https:\/\/lavanno.com\/toode\/bowe-multisolvent-m15-slimline-keemilise-puhastuse-masin-15kg-4\/"},"modified":"2026-05-02T08:45:01","modified_gmt":"2026-05-02T05:45:01","slug":"bowe-multisolvent-m15-slimline-keemilise-puhastuse-masin-15kg-4","status":"publish","type":"product","link":"https:\/\/lavanno.com\/en\/toode\/bowe-multisolvent-m15-slimline-keemilise-puhastuse-masin-15kg-4\/","title":{"rendered":"B\u00d6WE Multisolvent M15 Slimline keemilise puhastuse masin 15kg"},"content":{"rendered":"<p>Multilahusti tehnoloogia \u2013 tulevikukindel investeering<\/p>\n<p>B\u00d6WE Multisolvent M15 SlimLine on professionaalne keemilise puhastuse masin, mis kuulub B\u00d6WE PremiumLine MULTISOLVENT\u00ae sarja. Masin on loodud kasutamiseks erinevate kaasaegsete alternatiivsete lahustitega ning v\u00f5imaldab puhastusprotsesse kohandada vastavalt valitud lahustile.<\/p>\n<p>B\u00d6WE PremiumLine MULTISOLVENT\u00ae masinad on m\u00f5eldud A-klassi III kloorivabadele lahustitele, mille s\u00fcttimispunkt on \u00fcle 55 \u00b0C ja mis on veest kergemad, n\u00e4iteks Hydrocarbon, GreenEarth\u00ae, Solvon K4, Intense, HIGLO ja SENSENE. Lahusti vahetamine ei vaja mehaanilisi \u00fcmberehitusi \u2013 protsessid ja funktsioonid kohandatakse tarkvara kaudu.<\/p>\n<p>See teeb M15 SlimLine mudelist paindliku ja pika kasutuseaga investeeringu professionaalsele puhastusele.<br \/>\nKompaktne SlimLine disain<\/p>\n<p>M15 SlimLine on loodud olukordadesse, kus t\u00f6\u00f6ruum on piiratud, kuid vaja on professionaalset 15 kg mahutavusega keemilise puhastuse masinat. SlimLine versioonis paikneb destillatsiooniseade masina taga, mis aitab v\u00e4hendada masina k\u00fclgsuunalist ruumivajadust. B\u00d6WE andmetel on SlimLine masina sisestusk\u00f5rgus alla 2000 mm.<\/p>\n<p>See muudab seadme sobivaks v\u00e4iksematesse ja keskmise suurusega keemilistesse puhastustesse, kus ruumikasutus on oluline.<br \/>\nTipptasemel puhastuskvaliteet<\/p>\n<p>B\u00d6WE Multisolvent masinad on loodud pakkuma \u00fchtlast puhastuskvaliteeti ja kangas\u00f5bralikku t\u00f6\u00f6tlust. T\u00e4iustatud tehnoloogiline protsess aitab masinat optimaalselt kohandada erinevatele toetatud lahustitele.<\/p>\n<p>Masin kasutab kinnist Dry-to-Dry s\u00fcsteemi, roostevabast terasest d\u00fcnaamilise perforatsiooniga trumlit, isepuhastuvaid lahustipaake ning mitmeetapilist destillatsioonis\u00fcsteemi. Need lahendused aitavad s\u00e4ilitada lahusti kvaliteeti ja parandada puhastustulemust.<br \/>\nV\u00f5imas kuivatuss\u00fcsteem<\/p>\n<p>B\u00d6WE Multisolvent M15 SlimLine on varustatud SuperDry PDS+ kuivatuss\u00fcsteemiga ja B\u00d6WE Drystat kuivatusaja kontrolliga. S\u00fcsteem on loodud kiireks, \u00fchtlaseks ja tekstiile s\u00e4\u00e4stvaks kuivatuseks.<\/p>\n<p>Kuivatuss\u00fcsteemi eelised:<\/p>\n<p>l\u00fchemad ts\u00fckliajad<br \/>\n\u00fchtlane kuivatustulemus<br \/>\npehmem kanga tunnetus<br \/>\nlihtsam j\u00e4relviimistlus ja triikimine<br \/>\n\u00f5rn t\u00f6\u00f6tlus tundlikele tekstiilidele<\/p>\n<p>Lihtne hooldus ja t\u00f6\u00f6kindlus<\/p>\n<p>M15 SlimLine on m\u00f5eldud igap\u00e4evaseks professionaalseks kasutamiseks. Masinal on suured kangakiufiltrid, isepuhastuvad lahustipaagid ja automaatne vee-eraldaja, mis v\u00e4hendavad hoolduskoormust ja aitavad hoida t\u00f6\u00f6protsessi stabiilsena.<\/p>\n<p>Peamised hoolduse eelised:<\/p>\n<p>suured kangakiufiltrid<br \/>\nisepuhastuvad lahustipaagid<br \/>\nautomaatne vee-eraldaja<br \/>\nB\u00d6WE Eco Extraction filtrikettad<br \/>\nhoolduspunktidele hea ligip\u00e4\u00e4s<br \/>\nmadalam seisakute risk<\/p>\n<p>ConfoTronic PL juhtimine<\/p>\n<p>Masin on varustatud ConfoTronic SPS \/ PL juhtimiss\u00fcsteemiga, mis v\u00f5imaldab puhastusprogramme t\u00e4pselt kohandada vastavalt t\u00f6\u00f6\u00fclesandele, lahustile ja tekstiilit\u00fc\u00fcbile. Juhtimiss\u00fcsteem v\u00f5imaldab paindlikku, ohutut ja efektiivset masina t\u00f6\u00f6d ning tarkvara uuendamist MMC- v\u00f5i SD-kaardi kaudu.<\/p>\n<p>Kiirusmuundur ja elektrooniline tasakaalustuss\u00fcsteem<\/p>\n<p>B\u00d6WE Multisolvent M15 SlimLine on varustatud sagedusjuhtimisega kiirusmuunduriga kuni 600 p\/min ning elektroonilise tasakaalustuss\u00fcsteemiga EBS, mis aitab tasakaalustada pesukogust tsentrifuugimise ajal.<\/p>\n<p>See tagab sujuvama t\u00f6\u00f6 ka osalise v\u00f5i eba\u00fchtlase koormuse korral ning v\u00f5imaldab puhastusprotsessi kohandada erinevatele kangat\u00fc\u00fcpidele.<\/p>\n<p>Ohutus<\/p>\n<p>B\u00d6WE Multisolvent masinad on konstrueeritud ohutuks t\u00f6\u00f6ks ka s\u00fcttimisohtlike alternatiivsete lahustitega. Masin sisaldab lahusti ohutusk\u00fcna, laadimisukse ja hooldususte turvalukke, jahutusvee kontrolli ning \u00fclekuumenemise kaitset. Tootja andmetel ei vaja s\u00fcsteem l\u00e4mmastikuballooni ega PPM-seadet.<\/p>\n<h2>Tehnilised andmed<\/h2>\n<table>\n<tbody>\n<tr>\n<td><strong>Mudel<\/strong><\/td>\n<td>M15 SlimLine<\/td>\n<\/tr>\n<tr>\n<td><strong>Trumli maht<\/strong><\/td>\n<td>300 L<\/td>\n<\/tr>\n<tr>\n<td><strong>T\u00e4itekogus<\/strong><\/td>\n<td>15 kg \/ 33 lb<\/td>\n<\/tr>\n<tr>\n<td><strong>Lahustipaak 1<\/strong><\/td>\n<td>130 L<\/td>\n<\/tr>\n<tr>\n<td><strong>Lahustipaak 2<\/strong><\/td>\n<td>85 L<\/td>\n<\/tr>\n<tr>\n<td><strong>Lahustipaak 3<\/strong><\/td>\n<td>90 L<\/td>\n<\/tr>\n<tr>\n<td><strong>Eco Extraction filtrikettad<\/strong><\/td>\n<td>17 B\u00d6WE ketast<\/td>\n<\/tr>\n<tr>\n<td><strong>Konstruktsioon<\/strong><\/td>\n<td>SlimLine \u2013 destillatsioon masina taga<\/td>\n<\/tr>\n<tr>\n<td><strong>K\u00fcttes\u00fcsteem<\/strong><\/td>\n<td>Auruk\u00fcte v\u00f5i elektrik\u00fcte<\/td>\n<\/tr>\n<tr>\n<td><strong>Elektri\u00fchendus<\/strong><\/td>\n<td>400 V \/ 3 faasi + N \/ 50 Hz<\/td>\n<\/tr>\n<tr>\n<td><strong>S\u00fcsteem<\/strong><\/td>\n<td>Kinnine Dry-to-Dry s\u00fcsteem<\/td>\n<\/tr>\n<tr>\n<td><strong>Juhtimine<\/strong><\/td>\n<td>ConfoTronic PL \/ SPS juhtimine<\/td>\n<\/tr>\n<tr>\n<td><strong>Tsentrifuugimine<\/strong><\/td>\n<td>Kuni 600 p\/min<\/td>\n<\/tr>\n<tr>\n<td><strong>Tasakaalustamine<\/strong><\/td>\n<td>Elektrooniline tasakaalustuss\u00fcsteem EBS<\/td>\n<\/tr>\n<\/tbody>\n<\/table>\n<h2>M\u00f5\u00f5dud ja kaal \u2013 SlimLine<\/h2>\n<table>\n<tbody>\n<tr>\n<td><strong>Mudel<\/strong><\/td>\n<td>M15 SlimLine<\/td>\n<\/tr>\n<tr>\n<td><strong>Laius<\/strong><\/td>\n<td>1076 mm<\/td>\n<\/tr>\n<tr>\n<td><strong>Sisestuslaius<\/strong><\/td>\n<td>935 mm<\/td>\n<\/tr>\n<tr>\n<td><strong>S\u00fcgavus<\/strong><\/td>\n<td>2165 mm<\/td>\n<\/tr>\n<tr>\n<td><strong>K\u00f5rgus s\u00f5ltuvalt konfiguratsioonist<\/strong><\/td>\n<td>2280 \/ 2310 mm<\/td>\n<\/tr>\n<tr>\n<td><strong>Sisestusk\u00f5rgus<\/strong><\/td>\n<td>1995 mm<\/td>\n<\/tr>\n<tr>\n<td><strong>Masina kaal ilma lahustita<\/strong><\/td>\n<td>1255 kg \/ 2767 lb<\/td>\n<\/tr>\n<\/tbody>\n<\/table>\n<p>&nbsp;<\/p>\n","protected":false},"excerpt":{"rendered":"<p>B\u00d6WE Multisolvent M15 SlimLine keemilise puhastuse masin on kompaktne 15 kg mahutavusega professionaalne multilahusti seade. SlimLine konstruktsioon sobib piiratud ruumiga pesumajadesse ja keemilistesse puhastustesse, pakkudes paindlikku lahustikasutust, t\u00f5husat kuivatust ning t\u00f6\u00f6kindlat puhastustulemust.<\/p>\n<ul>\n<li>15 kg mahutavus professionaalseks kasutuseks<\/li>\n<li>Kompaktne SlimLine konstruktsioon<\/li>\n<li>Sobib erinevatele A-klassi III kloorivabadele lahustitele<\/li>\n<li>Tarkvarap\u00f5hine lahustiprotsesside seadistamine<\/li>\n<li>SuperDry PDS+ kuivatuss\u00fcsteem<\/li>\n<li>ConfoTronic PL juhtimine<\/li>\n<li>Elektrooniline tasakaalustuss\u00fcsteem EBS<\/li>\n<li>Kinnine Dry-to-Dry s\u00fcsteem<\/li>\n<li>Isepuhastuvad lahustipaagid ja vee-eraldaja<\/li>\n<li>Saadaval auruk\u00fctte v\u00f5i elektrik\u00fcttega<\/li>\n<\/ul>\n","protected":false},"featured_media":13334,"comment_status":"open","ping_status":"closed","template":"","meta":[],"product_brand":[],"product_cat":[506,507,853,518],"product_tag":[835],"class_list":{"0":"post-13158","1":"product","2":"type-product","3":"status-publish","4":"has-post-thumbnail","6":"product_cat-ariklient","7":"product_cat-pesumajaseadmed","8":"product_cat-bowe","9":"product_cat-multilahusti","10":"product_tag-pesumajad","12":"first","13":"onbackorder","14":"taxable","15":"shipping-taxable","16":"purchasable","17":"product-type-variable"},"yoast_head":"<!-- This site is optimized with the Yoast SEO plugin v27.0 - https:\/\/yoast.com\/product\/yoast-seo-wordpress\/ -->\n<title>B\u00d6WE Multisolvent M15 SlimLine keemilise puhastuse masin 15 kg<\/title>\n<meta name=\"description\" content=\"B\u00d6WE Multisolvent M15 SlimLine keemilise puhastuse masin 15 kg mahutavusega. Kompaktne multilahusti lahendus professionaalseks puhastuseks.\" \/>\n<meta name=\"robots\" content=\"index, follow, max-snippet:-1, max-image-preview:large, max-video-preview:-1\" \/>\n<link rel=\"canonical\" href=\"https:\/\/lavanno.com\/en\/toode\/bowe-multisolvent-m15-slimline-keemilise-puhastuse-masin-15kg-4\/\" \/>\n<meta property=\"og:locale\" content=\"en_US\" \/>\n<meta property=\"og:type\" content=\"article\" \/>\n<meta property=\"og:title\" content=\"B\u00d6WE Multisolvent M15 SlimLine keemilise puhastuse masin 15 kg\" \/>\n<meta property=\"og:description\" content=\"B\u00d6WE Multisolvent M15 SlimLine keemilise puhastuse masin 15 kg mahutavusega. Kompaktne multilahusti lahendus professionaalseks puhastuseks.\" \/>\n<meta property=\"og:url\" content=\"https:\/\/lavanno.com\/en\/toode\/bowe-multisolvent-m15-slimline-keemilise-puhastuse-masin-15kg-4\/\" \/>\n<meta property=\"og:site_name\" content=\"Lavanno - pesuvahendite ekspert\" \/>\n<meta property=\"article:publisher\" content=\"https:\/\/www.facebook.com\/Lavanno.ee\" \/>\n<meta property=\"article:modified_time\" content=\"2026-05-02T05:45:01+00:00\" \/>\n<meta property=\"og:image\" content=\"https:\/\/lavanno.com\/wp-content\/uploads\/2026\/04\/permium-m-15-slimline-bowe-textile-cleaning-600x600-1.jpg\" \/>\n\t<meta property=\"og:image:width\" content=\"600\" \/>\n\t<meta property=\"og:image:height\" content=\"600\" \/>\n\t<meta property=\"og:image:type\" content=\"image\/jpeg\" \/>\n<meta name=\"twitter:card\" content=\"summary_large_image\" \/>\n<meta name=\"twitter:label1\" content=\"Est. reading time\" \/>\n\t<meta name=\"twitter:data1\" content=\"3 minutes\" \/>\n<script type=\"application\/ld+json\" class=\"yoast-schema-graph\">{\"@context\":\"https:\/\/schema.org\",\"@graph\":[{\"@type\":\"WebPage\",\"@id\":\"https:\/\/lavanno.com\/en\/toode\/bowe-multisolvent-m15-slimline-keemilise-puhastuse-masin-15kg-4\/\",\"url\":\"https:\/\/lavanno.com\/en\/toode\/bowe-multisolvent-m15-slimline-keemilise-puhastuse-masin-15kg-4\/\",\"name\":\"B\u00d6WE Multisolvent M15 SlimLine keemilise puhastuse masin 15 kg\",\"isPartOf\":{\"@id\":\"https:\/\/lavanno.com\/en\/#website\"},\"primaryImageOfPage\":{\"@id\":\"https:\/\/lavanno.com\/en\/toode\/bowe-multisolvent-m15-slimline-keemilise-puhastuse-masin-15kg-4\/#primaryimage\"},\"image\":{\"@id\":\"https:\/\/lavanno.com\/en\/toode\/bowe-multisolvent-m15-slimline-keemilise-puhastuse-masin-15kg-4\/#primaryimage\"},\"thumbnailUrl\":\"https:\/\/lavanno.com\/wp-content\/uploads\/2026\/04\/permium-m-15-slimline-bowe-textile-cleaning-600x600-1.jpg\",\"datePublished\":\"2026-04-10T11:10:02+00:00\",\"dateModified\":\"2026-05-02T05:45:01+00:00\",\"description\":\"B\u00d6WE Multisolvent M15 SlimLine keemilise puhastuse masin 15 kg mahutavusega. Kompaktne multilahusti lahendus professionaalseks puhastuseks.\",\"breadcrumb\":{\"@id\":\"https:\/\/lavanno.com\/en\/toode\/bowe-multisolvent-m15-slimline-keemilise-puhastuse-masin-15kg-4\/#breadcrumb\"},\"inLanguage\":\"en-US\",\"potentialAction\":[{\"@type\":\"ReadAction\",\"target\":[\"https:\/\/lavanno.com\/en\/toode\/bowe-multisolvent-m15-slimline-keemilise-puhastuse-masin-15kg-4\/\"]}]},{\"@type\":\"ImageObject\",\"inLanguage\":\"en-US\",\"@id\":\"https:\/\/lavanno.com\/en\/toode\/bowe-multisolvent-m15-slimline-keemilise-puhastuse-masin-15kg-4\/#primaryimage\",\"url\":\"https:\/\/lavanno.com\/wp-content\/uploads\/2026\/04\/permium-m-15-slimline-bowe-textile-cleaning-600x600-1.jpg\",\"contentUrl\":\"https:\/\/lavanno.com\/wp-content\/uploads\/2026\/04\/permium-m-15-slimline-bowe-textile-cleaning-600x600-1.jpg\",\"width\":600,\"height\":600,\"caption\":\"B\u00d6WE Multisolvent M15 SlimLine keemilise puhastuse masin eestvaates\"},{\"@type\":\"BreadcrumbList\",\"@id\":\"https:\/\/lavanno.com\/en\/toode\/bowe-multisolvent-m15-slimline-keemilise-puhastuse-masin-15kg-4\/#breadcrumb\",\"itemListElement\":[{\"@type\":\"ListItem\",\"position\":1,\"name\":\"Home\",\"item\":\"https:\/\/lavanno.com\/en\/\"},{\"@type\":\"ListItem\",\"position\":2,\"name\":\"E-pood\",\"item\":\"https:\/\/lavanno.com\/e-pood\/\"},{\"@type\":\"ListItem\",\"position\":3,\"name\":\"B\u00d6WE Multisolvent M15 Slimline keemilise puhastuse masin 15kg\"}]},{\"@type\":\"WebSite\",\"@id\":\"https:\/\/lavanno.com\/en\/#website\",\"url\":\"https:\/\/lavanno.com\/en\/\",\"name\":\"Lavanno - Pesuvahendite ekspert\",\"description\":\"Toome maale ja m\u00fc\u00fcme tekstiili pesuvahendeid, pesumajaseadmeid ja tarvikuid. Hooldame ja konsulteerime.\",\"publisher\":{\"@id\":\"https:\/\/lavanno.com\/en\/#organization\"},\"potentialAction\":[{\"@type\":\"SearchAction\",\"target\":{\"@type\":\"EntryPoint\",\"urlTemplate\":\"https:\/\/lavanno.com\/en\/?s={search_term_string}\"},\"query-input\":{\"@type\":\"PropertyValueSpecification\",\"valueRequired\":true,\"valueName\":\"search_term_string\"}}],\"inLanguage\":\"en-US\"},{\"@type\":\"Organization\",\"@id\":\"https:\/\/lavanno.com\/en\/#organization\",\"name\":\"Lavanno - Pesuvahendite ekspert\",\"url\":\"https:\/\/lavanno.com\/en\/\",\"logo\":{\"@type\":\"ImageObject\",\"inLanguage\":\"en-US\",\"@id\":\"https:\/\/lavanno.com\/en\/#\/schema\/logo\/image\/\",\"url\":\"https:\/\/lavanno.com\/wp-content\/uploads\/2025\/07\/Lavanno.png\",\"contentUrl\":\"https:\/\/lavanno.com\/wp-content\/uploads\/2025\/07\/Lavanno.png\",\"width\":1200,\"height\":1200,\"caption\":\"Lavanno - Pesuvahendite ekspert\"},\"image\":{\"@id\":\"https:\/\/lavanno.com\/en\/#\/schema\/logo\/image\/\"},\"sameAs\":[\"https:\/\/www.facebook.com\/Lavanno.ee\"]}]}<\/script>\n<!-- \/ Yoast SEO plugin. -->","yoast_head_json":{"title":"B\u00d6WE Multisolvent M15 SlimLine keemilise puhastuse masin 15 kg","description":"B\u00d6WE Multisolvent M15 SlimLine keemilise puhastuse masin 15 kg mahutavusega. Kompaktne multilahusti lahendus professionaalseks puhastuseks.","robots":{"index":"index","follow":"follow","max-snippet":"max-snippet:-1","max-image-preview":"max-image-preview:large","max-video-preview":"max-video-preview:-1"},"canonical":"https:\/\/lavanno.com\/en\/toode\/bowe-multisolvent-m15-slimline-keemilise-puhastuse-masin-15kg-4\/","og_locale":"en_US","og_type":"article","og_title":"B\u00d6WE Multisolvent M15 SlimLine keemilise puhastuse masin 15 kg","og_description":"B\u00d6WE Multisolvent M15 SlimLine keemilise puhastuse masin 15 kg mahutavusega. Kompaktne multilahusti lahendus professionaalseks puhastuseks.","og_url":"https:\/\/lavanno.com\/en\/toode\/bowe-multisolvent-m15-slimline-keemilise-puhastuse-masin-15kg-4\/","og_site_name":"Lavanno - pesuvahendite ekspert","article_publisher":"https:\/\/www.facebook.com\/Lavanno.ee","article_modified_time":"2026-05-02T05:45:01+00:00","og_image":[{"width":600,"height":600,"url":"https:\/\/lavanno.com\/wp-content\/uploads\/2026\/04\/permium-m-15-slimline-bowe-textile-cleaning-600x600-1.jpg","type":"image\/jpeg"}],"twitter_card":"summary_large_image","twitter_misc":{"Est. reading time":"3 minutes"},"schema":{"@context":"https:\/\/schema.org","@graph":[{"@type":"WebPage","@id":"https:\/\/lavanno.com\/en\/toode\/bowe-multisolvent-m15-slimline-keemilise-puhastuse-masin-15kg-4\/","url":"https:\/\/lavanno.com\/en\/toode\/bowe-multisolvent-m15-slimline-keemilise-puhastuse-masin-15kg-4\/","name":"B\u00d6WE Multisolvent M15 SlimLine keemilise puhastuse masin 15 kg","isPartOf":{"@id":"https:\/\/lavanno.com\/en\/#website"},"primaryImageOfPage":{"@id":"https:\/\/lavanno.com\/en\/toode\/bowe-multisolvent-m15-slimline-keemilise-puhastuse-masin-15kg-4\/#primaryimage"},"image":{"@id":"https:\/\/lavanno.com\/en\/toode\/bowe-multisolvent-m15-slimline-keemilise-puhastuse-masin-15kg-4\/#primaryimage"},"thumbnailUrl":"https:\/\/lavanno.com\/wp-content\/uploads\/2026\/04\/permium-m-15-slimline-bowe-textile-cleaning-600x600-1.jpg","datePublished":"2026-04-10T11:10:02+00:00","dateModified":"2026-05-02T05:45:01+00:00","description":"B\u00d6WE Multisolvent M15 SlimLine keemilise puhastuse masin 15 kg mahutavusega. Kompaktne multilahusti lahendus professionaalseks puhastuseks.","breadcrumb":{"@id":"https:\/\/lavanno.com\/en\/toode\/bowe-multisolvent-m15-slimline-keemilise-puhastuse-masin-15kg-4\/#breadcrumb"},"inLanguage":"en-US","potentialAction":[{"@type":"ReadAction","target":["https:\/\/lavanno.com\/en\/toode\/bowe-multisolvent-m15-slimline-keemilise-puhastuse-masin-15kg-4\/"]}]},{"@type":"ImageObject","inLanguage":"en-US","@id":"https:\/\/lavanno.com\/en\/toode\/bowe-multisolvent-m15-slimline-keemilise-puhastuse-masin-15kg-4\/#primaryimage","url":"https:\/\/lavanno.com\/wp-content\/uploads\/2026\/04\/permium-m-15-slimline-bowe-textile-cleaning-600x600-1.jpg","contentUrl":"https:\/\/lavanno.com\/wp-content\/uploads\/2026\/04\/permium-m-15-slimline-bowe-textile-cleaning-600x600-1.jpg","width":600,"height":600,"caption":"B\u00d6WE Multisolvent M15 SlimLine keemilise puhastuse masin eestvaates"},{"@type":"BreadcrumbList","@id":"https:\/\/lavanno.com\/en\/toode\/bowe-multisolvent-m15-slimline-keemilise-puhastuse-masin-15kg-4\/#breadcrumb","itemListElement":[{"@type":"ListItem","position":1,"name":"Home","item":"https:\/\/lavanno.com\/en\/"},{"@type":"ListItem","position":2,"name":"E-pood","item":"https:\/\/lavanno.com\/e-pood\/"},{"@type":"ListItem","position":3,"name":"B\u00d6WE Multisolvent M15 Slimline keemilise puhastuse masin 15kg"}]},{"@type":"WebSite","@id":"https:\/\/lavanno.com\/en\/#website","url":"https:\/\/lavanno.com\/en\/","name":"Lavanno - Pesuvahendite ekspert","description":"Toome maale ja m\u00fc\u00fcme tekstiili pesuvahendeid, pesumajaseadmeid ja tarvikuid. Hooldame ja konsulteerime.","publisher":{"@id":"https:\/\/lavanno.com\/en\/#organization"},"potentialAction":[{"@type":"SearchAction","target":{"@type":"EntryPoint","urlTemplate":"https:\/\/lavanno.com\/en\/?s={search_term_string}"},"query-input":{"@type":"PropertyValueSpecification","valueRequired":true,"valueName":"search_term_string"}}],"inLanguage":"en-US"},{"@type":"Organization","@id":"https:\/\/lavanno.com\/en\/#organization","name":"Lavanno - Pesuvahendite ekspert","url":"https:\/\/lavanno.com\/en\/","logo":{"@type":"ImageObject","inLanguage":"en-US","@id":"https:\/\/lavanno.com\/en\/#\/schema\/logo\/image\/","url":"https:\/\/lavanno.com\/wp-content\/uploads\/2025\/07\/Lavanno.png","contentUrl":"https:\/\/lavanno.com\/wp-content\/uploads\/2025\/07\/Lavanno.png","width":1200,"height":1200,"caption":"Lavanno - Pesuvahendite ekspert"},"image":{"@id":"https:\/\/lavanno.com\/en\/#\/schema\/logo\/image\/"},"sameAs":["https:\/\/www.facebook.com\/Lavanno.ee"]}]}},"_links":{"self":[{"href":"https:\/\/lavanno.com\/en\/wp-json\/wp\/v2\/product\/13158","targetHints":{"allow":["GET"]}}],"collection":[{"href":"https:\/\/lavanno.com\/en\/wp-json\/wp\/v2\/product"}],"about":[{"href":"https:\/\/lavanno.com\/en\/wp-json\/wp\/v2\/types\/product"}],"replies":[{"embeddable":true,"href":"https:\/\/lavanno.com\/en\/wp-json\/wp\/v2\/comments?post=13158"}],"wp:featuredmedia":[{"embeddable":true,"href":"https:\/\/lavanno.com\/en\/wp-json\/wp\/v2\/media\/13334"}],"wp:attachment":[{"href":"https:\/\/lavanno.com\/en\/wp-json\/wp\/v2\/media?parent=13158"}],"wp:term":[{"taxonomy":"product_brand","embeddable":true,"href":"https:\/\/lavanno.com\/en\/wp-json\/wp\/v2\/product_brand?post=13158"},{"taxonomy":"product_cat","embeddable":true,"href":"https:\/\/lavanno.com\/en\/wp-json\/wp\/v2\/product_cat?post=13158"},{"taxonomy":"product_tag","embeddable":true,"href":"https:\/\/lavanno.com\/en\/wp-json\/wp\/v2\/product_tag?post=13158"}],"curies":[{"name":"wp","href":"https:\/\/api.w.org\/{rel}","templated":true}]}}