{"id":13182,"date":"2026-04-10T14:20:00","date_gmt":"2026-04-10T11:20:00","guid":{"rendered":"https:\/\/lavanno.com\/toode\/bowe-multisolvent-m12-slimline-keemilise-puhastuse-masin-12kg-4\/"},"modified":"2026-05-02T08:45:01","modified_gmt":"2026-05-02T05:45:01","slug":"bowe-multisolvent-m12-slimline-keemilise-puhastuse-masin","status":"publish","type":"product","link":"https:\/\/lavanno.com\/en\/toode\/bowe-multisolvent-m12-slimline-keemilise-puhastuse-masin\/","title":{"rendered":"B\u00d6WE Multisolvent M12 Slimline keemilise puhastuse masin 12kg"},"content":{"rendered":"<p><strong>Multilahusti tehnoloogia \u2013 tulevikukindel investeering<\/strong><\/p>\n<p>B\u00d6WE Multisolvent M12 SlimLine on professionaalne keemilise puhastuse masin, mis on loodud erinevate kaasaegsete alternatiivsete lahustite kasutamiseks. Masin sobib A-klassi III kloorivabadele lahustitele, mille s\u00fcttimispunkt on \u00fcle 55 \u00b0C ja mis on veest kergemad, n\u00e4iteks Hydrocarbon (HC) v\u00f5i siloksaanip\u00f5hised lahustid, nagu GreenEarth\u00ae.<\/p>\n<p>Valitud lahusti t\u00f6\u00f6protsesse ja funktsioone saab kohandada tarkvara kaudu, ilma mehaaniliste \u00fcmberehitusteta. See muudab masina paindlikuks ja tulevikukindlaks investeeringuks professionaalsele puhastusele.<\/p>\n<p><strong>Kompaktne SlimLine disain<\/strong><\/p>\n<p>M12 SlimLine on m\u00f5eldud eelk\u00f5ige pesumajadele ja keemilistele puhastustele, kus ruum on piiratud. SlimLine versioonis paikneb destillatsiooniseade masina taga, mis v\u00f5imaldab saavutada kompaktsema paigutuse ja parema sobivuse v\u00e4iksematesse t\u00f6\u00f6ruumidesse.<\/p>\n<p>Masina kompaktne ehitus ei v\u00e4henda t\u00f6\u00f6kindlust ega puhastuskvaliteeti \u2013 B\u00d6WE PremiumLine seeria tehnoloogia tagab professionaalse tulemuse ka v\u00e4iksema mahutavusega seadmes.<\/p>\n<p><strong>Tipptasemel puhastuskvaliteet<\/strong><\/p>\n<p>B\u00d6WE Multisolvent masinad on loodud pakkuma k\u00f5rget puhastuskvaliteeti ja kangas\u00f5bralikku t\u00f6\u00f6protsessi. T\u00e4iustatud tehnoloogiline lahendus aitab tagada optimaalse tulemuse erinevate toetatud lahustitega.<\/p>\n<p>Eraldi t\u00e4helepanu on p\u00f6\u00f6ratud lahusti puhtusele, l\u00f5hnakontrollile ja stabiilsele puhastustulemusele. Masin on varustatud fraktsionaalse destillatsiooni ja automaatse mitmeastmelise vee-eraldajaga, mis aitavad eemaldada madala keemispunktiga j\u00e4\u00e4kaineid ning v\u00e4hendada ebameeldivate l\u00f5hnade teket.<\/p>\n<p><strong>V\u00f5imas ja \u00f5rn kuivatuss\u00fcsteem<\/strong><\/p>\n<p>B\u00d6WE 6. p\u00f5lvkonna kuivatuss\u00fcsteem koos optimeeritud aerod\u00fcnaamilise \u00f5huvooluga tagab kiire ja t\u00f5husa kuivatuse.<\/p>\n<p>Kuivatuss\u00fcsteemi eelised:<\/p>\n<p>l\u00fchemad ts\u00fckliajad<br \/>\n\u00fchtlane ja kvaliteetne kuivatustulemus<br \/>\npehmem kanga tunnetus<br \/>\nlihtsam j\u00e4relviimistlus ja triikimine<br \/>\n\u00f5rn t\u00f6\u00f6tlus tundlikele tekstiilidele<\/p>\n<p>\u00d5rn kuivatus aitab s\u00e4ilitada kangaste kvaliteeti ning parandab l\u00f5pptulemust nii v\u00e4limuse kui tunnetuse poolest.<\/p>\n<p><strong>Lihtne hooldus ja t\u00f6\u00f6kindlus<\/strong><\/p>\n<p>M12 SlimLine on loodud igap\u00e4evaseks professionaalseks kasutamiseks, kus oluline on t\u00f6\u00f6kindlus ja lihtne hooldus.<\/p>\n<p>Peamised hoolduse eelised:<\/p>\n<p>suured kangakiufiltrid pikemate hooldusintervallidega<br \/>\nisepuhastuvad lahustivaadid<br \/>\nautomaatne vee-eraldaja<br \/>\n\u00f6konoomne v\u00e4ljat\u00f5mbefilter B\u00d6WE filtrikettadega<br \/>\nhea ligip\u00e4\u00e4s hoolduspunktidele<\/p>\n<p>Masin on varustatud IHS \u2013 interaktiivse hoolduss\u00fcsteemiga, mis annab m\u00e4rku hooldusvajadusest ja toetab automaatseid hooldusprogramme. See aitab v\u00e4hendada k\u00e4sitsi hoolduse vajadust ning hoida masina t\u00f6\u00f6kindlana.<\/p>\n<p><strong>ConfoTronic PL juhtimiss\u00fcsteem<\/strong><\/p>\n<p>ConfoTronic PL juhtimiss\u00fcsteem pakub laialdasi v\u00f5imalusi masina t\u00f6\u00f6protsesside individuaalseks kohandamiseks. See v\u00f5imaldab seadistada puhastusprogramme vastavalt tekstiilidele, lahustile ja t\u00f6\u00f6protsessi vajadustele.<\/p>\n<p>Juhtimiss\u00fcsteemi eelised:<\/p>\n<p>paindlik programmide seadistamine<br \/>\nohutu ja t\u00f5hus masina t\u00f6\u00f6<br \/>\nkasutajas\u00f5bralik juhtimine<br \/>\ntarkvarauuendused MMC- v\u00f5i SD-kaardi kaudu<br \/>\nv\u00f5imalus t\u00f6\u00f6protsesse optimeerida vastavalt kasutusvajadusele<\/p>\n<p><strong>Kiirusmuundur ja elektrooniline tasakaalustuss\u00fcsteem<\/strong><\/p>\n<p>B\u00d6WE Multisolvent masinad on varustatud sagedusjuhtimisega kiirusmuunduriga ja elektroonilise tasakaalustuss\u00fcsteemiga.<\/p>\n<p>See tagab sujuva t\u00f6\u00f6 ka osalise v\u00f5i eba\u00fchtlase pesukoguse korral. Elektrooniline tasakaalustuss\u00fcsteem aitab v\u00e4ltida vibratsiooni ning parandab tsentrifuugimise stabiilsust.<\/p>\n<p>S\u00fcsteem v\u00f5imaldab puhastus- ja tsentrifuugimiskiiruseid kohandada vastavalt kangat\u00fc\u00fcbile, et tagada \u00f5rn, kuid t\u00f5hus t\u00f6\u00f6tlus.<\/p>\n<p><strong>Ohutus<\/strong><\/p>\n<p>B\u00d6WE Multisolvent masinad on konstrueeritud ohutuks t\u00f6\u00f6ks ka s\u00fcttimisohtlike alternatiivsete lahustitega. Masinasse on integreeritud s\u00f5ltumatud ohutuss\u00fcsteemid, mis j\u00e4lgivad t\u00f6\u00f6protsessi ja aitavad tagada kasutaja ning t\u00f6\u00f6keskkonna turvalisuse.<\/p>\n<p>Ohutuslahendused toetavad stabiilset t\u00f6\u00f6d ka olukordades, kus kasutatakse hydrocarbon-t\u00fc\u00fcpi lahusteid.<\/p>\n<p><strong>TEHNILISED ANDMED:<\/strong><\/p>\n<table>\n<tbody>\n<tr>\n<td><strong>Mudel<\/strong><\/td>\n<td>M12<\/td>\n<\/tr>\n<tr>\n<td><strong>Trumli maht<\/strong><\/td>\n<td>240 L<\/td>\n<\/tr>\n<tr>\n<td><strong>T\u00e4itekogus<\/strong><\/td>\n<td>12 kg \/ 27 lb<\/td>\n<\/tr>\n<tr>\n<td><strong>Lahustipaak 1<\/strong><\/td>\n<td>110 L<\/td>\n<\/tr>\n<tr>\n<td><strong>Lahustipaak 2<\/strong><\/td>\n<td>70 L<\/td>\n<\/tr>\n<tr>\n<td><strong>Lahustipaak 3<\/strong><\/td>\n<td>90 L<\/td>\n<\/tr>\n<tr>\n<td><strong>Eco Extraction filtrikettad<\/strong><\/td>\n<td>17 ketast<\/td>\n<\/tr>\n<tr>\n<td><strong>K\u00fcttes\u00fcsteem<\/strong><\/td>\n<td>Elektrik\u00fcte v\u00f5i auruk\u00fcte<\/td>\n<\/tr>\n<\/tbody>\n<\/table>\n<p>M\u00f5\u00f5dud:<\/p>\n<table style=\"font-family: NonBreakingSpaceOverride, 'Hoefler Text', 'Baskerville Old Face', Garamond, 'Times New Roman', serif; font-size: 22px;\">\n<tbody>\n<tr>\n<td><strong>Laius<\/strong><\/td>\n<td>1076 mm<\/td>\n<\/tr>\n<tr>\n<td><strong>Sisestuslaius<\/strong><\/td>\n<td>935 mm<\/td>\n<\/tr>\n<tr>\n<td><strong>S\u00fcgavus<\/strong><\/td>\n<td>2165 mm<\/td>\n<\/tr>\n<tr>\n<td><strong>K\u00f5rgus s\u00f5ltuvalt konfiguratsioonist<\/strong><\/td>\n<td>2280 \/ 2310 mm<\/td>\n<\/tr>\n<tr>\n<td><strong>Sisestusk\u00f5rgus<\/strong><\/td>\n<td>1995 mm<\/td>\n<\/tr>\n<tr>\n<td><strong>Masina kaal ilma lahustita<\/strong><\/td>\n<td>1155 kg \/ 2546 lb<\/td>\n<\/tr>\n<\/tbody>\n<\/table>\n<p>&nbsp;<\/p>\n","protected":false},"excerpt":{"rendered":"<p>B\u00f6we Multisolvent M12 SlimLine keemilise puhastuse masin on kompaktne ja professionaalne keemilise puhastuse masin. Ideaalne v\u00e4iksematele pesumajadele, mis v\u00f5imaldab kasutada erinevaid lahusteid ilma \u00fcmberehitusteta.<\/p>\n<ul>\n<li>Kompaktne SlimLine disain \u2013 ideaalne v\u00e4iksematesse ruumidesse<\/li>\n<li>Mitmelahusti s\u00fcsteem \u2013 t\u00f6\u00f6tab erinevate lahustitega<\/li>\n<li>Tarkvarap\u00f5hine seadistamine \u2013 lihtne ja paindlik kasutamine<\/li>\n<li>\u00d5rn puhastus tundlikele tekstiilidele<\/li>\n<li>Energias\u00e4\u00e4stlik t\u00f6\u00f6 ja optimeeritud ts\u00fckliajad<\/li>\n<li>Professionaalne lahendus pesumajadele<\/li>\n<li>Saadaval auru- v\u00f5i elektrik\u00fcttega<\/li>\n<\/ul>\n","protected":false},"featured_media":13333,"comment_status":"open","ping_status":"closed","template":"","meta":[],"product_brand":[],"product_cat":[506,507,853,518],"product_tag":[835],"class_list":{"0":"post-13182","1":"product","2":"type-product","3":"status-publish","4":"has-post-thumbnail","6":"product_cat-ariklient","7":"product_cat-pesumajaseadmed","8":"product_cat-bowe","9":"product_cat-multilahusti","10":"product_tag-pesumajad","12":"first","13":"onbackorder","14":"taxable","15":"shipping-taxable","16":"purchasable","17":"product-type-variable"},"yoast_head":"<!-- This site is optimized with the Yoast SEO plugin v27.0 - https:\/\/yoast.com\/product\/yoast-seo-wordpress\/ -->\n<title>B\u00f6we Multisolvent M12 SlimLine keemilise puhastuse masin<\/title>\n<meta name=\"description\" content=\"B\u00f6we Multisolvent M12 SlimLine keemilise puhastuse masin on kompaktne ja professionaalne lahendus v\u00e4iksematele pesumajadele.\" \/>\n<meta name=\"robots\" content=\"index, follow, max-snippet:-1, max-image-preview:large, max-video-preview:-1\" \/>\n<link rel=\"canonical\" href=\"https:\/\/lavanno.com\/en\/toode\/bowe-multisolvent-m12-slimline-keemilise-puhastuse-masin\/\" \/>\n<meta property=\"og:locale\" content=\"en_US\" \/>\n<meta property=\"og:type\" content=\"article\" \/>\n<meta property=\"og:title\" content=\"B\u00f6we Multisolvent M12 SlimLine keemilise puhastuse masin\" \/>\n<meta property=\"og:description\" content=\"B\u00f6we Multisolvent M12 SlimLine keemilise puhastuse masin on kompaktne ja professionaalne lahendus v\u00e4iksematele pesumajadele.\" \/>\n<meta property=\"og:url\" content=\"https:\/\/lavanno.com\/en\/toode\/bowe-multisolvent-m12-slimline-keemilise-puhastuse-masin\/\" \/>\n<meta property=\"og:site_name\" content=\"Lavanno - pesuvahendite ekspert\" \/>\n<meta property=\"article:publisher\" content=\"https:\/\/www.facebook.com\/Lavanno.ee\" \/>\n<meta property=\"article:modified_time\" content=\"2026-05-02T05:45:01+00:00\" \/>\n<meta property=\"og:image\" content=\"https:\/\/lavanno.com\/wp-content\/uploads\/2026\/04\/permium-m-slimline-bowe-textile-cleaning-600x600-1.jpg\" \/>\n\t<meta property=\"og:image:width\" content=\"600\" \/>\n\t<meta property=\"og:image:height\" content=\"600\" \/>\n\t<meta property=\"og:image:type\" content=\"image\/jpeg\" \/>\n<meta name=\"twitter:card\" content=\"summary_large_image\" \/>\n<meta name=\"twitter:label1\" content=\"Est. reading time\" \/>\n\t<meta name=\"twitter:data1\" content=\"3 minutes\" \/>\n<script type=\"application\/ld+json\" class=\"yoast-schema-graph\">{\"@context\":\"https:\/\/schema.org\",\"@graph\":[{\"@type\":\"WebPage\",\"@id\":\"https:\/\/lavanno.com\/en\/toode\/bowe-multisolvent-m12-slimline-keemilise-puhastuse-masin\/\",\"url\":\"https:\/\/lavanno.com\/en\/toode\/bowe-multisolvent-m12-slimline-keemilise-puhastuse-masin\/\",\"name\":\"B\u00f6we Multisolvent M12 SlimLine keemilise puhastuse masin\",\"isPartOf\":{\"@id\":\"https:\/\/lavanno.com\/en\/#website\"},\"primaryImageOfPage\":{\"@id\":\"https:\/\/lavanno.com\/en\/toode\/bowe-multisolvent-m12-slimline-keemilise-puhastuse-masin\/#primaryimage\"},\"image\":{\"@id\":\"https:\/\/lavanno.com\/en\/toode\/bowe-multisolvent-m12-slimline-keemilise-puhastuse-masin\/#primaryimage\"},\"thumbnailUrl\":\"https:\/\/lavanno.com\/wp-content\/uploads\/2026\/04\/permium-m-slimline-bowe-textile-cleaning-600x600-1.jpg\",\"datePublished\":\"2026-04-10T11:20:00+00:00\",\"dateModified\":\"2026-05-02T05:45:01+00:00\",\"description\":\"B\u00f6we Multisolvent M12 SlimLine keemilise puhastuse masin on kompaktne ja professionaalne lahendus v\u00e4iksematele pesumajadele.\",\"breadcrumb\":{\"@id\":\"https:\/\/lavanno.com\/en\/toode\/bowe-multisolvent-m12-slimline-keemilise-puhastuse-masin\/#breadcrumb\"},\"inLanguage\":\"en-US\",\"potentialAction\":[{\"@type\":\"ReadAction\",\"target\":[\"https:\/\/lavanno.com\/en\/toode\/bowe-multisolvent-m12-slimline-keemilise-puhastuse-masin\/\"]}]},{\"@type\":\"ImageObject\",\"inLanguage\":\"en-US\",\"@id\":\"https:\/\/lavanno.com\/en\/toode\/bowe-multisolvent-m12-slimline-keemilise-puhastuse-masin\/#primaryimage\",\"url\":\"https:\/\/lavanno.com\/wp-content\/uploads\/2026\/04\/permium-m-slimline-bowe-textile-cleaning-600x600-1.jpg\",\"contentUrl\":\"https:\/\/lavanno.com\/wp-content\/uploads\/2026\/04\/permium-m-slimline-bowe-textile-cleaning-600x600-1.jpg\",\"width\":600,\"height\":600,\"caption\":\"B\u00d6WE Multisolvent M12 SlimLine keemilise puhastuse masin eestvaates\"},{\"@type\":\"BreadcrumbList\",\"@id\":\"https:\/\/lavanno.com\/en\/toode\/bowe-multisolvent-m12-slimline-keemilise-puhastuse-masin\/#breadcrumb\",\"itemListElement\":[{\"@type\":\"ListItem\",\"position\":1,\"name\":\"Home\",\"item\":\"https:\/\/lavanno.com\/en\/\"},{\"@type\":\"ListItem\",\"position\":2,\"name\":\"E-pood\",\"item\":\"https:\/\/lavanno.com\/e-pood\/\"},{\"@type\":\"ListItem\",\"position\":3,\"name\":\"B\u00d6WE Multisolvent M12 Slimline keemilise puhastuse masin 12kg\"}]},{\"@type\":\"WebSite\",\"@id\":\"https:\/\/lavanno.com\/en\/#website\",\"url\":\"https:\/\/lavanno.com\/en\/\",\"name\":\"Lavanno - Pesuvahendite ekspert\",\"description\":\"Toome maale ja m\u00fc\u00fcme tekstiili pesuvahendeid, pesumajaseadmeid ja tarvikuid. Hooldame ja konsulteerime.\",\"publisher\":{\"@id\":\"https:\/\/lavanno.com\/en\/#organization\"},\"potentialAction\":[{\"@type\":\"SearchAction\",\"target\":{\"@type\":\"EntryPoint\",\"urlTemplate\":\"https:\/\/lavanno.com\/en\/?s={search_term_string}\"},\"query-input\":{\"@type\":\"PropertyValueSpecification\",\"valueRequired\":true,\"valueName\":\"search_term_string\"}}],\"inLanguage\":\"en-US\"},{\"@type\":\"Organization\",\"@id\":\"https:\/\/lavanno.com\/en\/#organization\",\"name\":\"Lavanno - Pesuvahendite ekspert\",\"url\":\"https:\/\/lavanno.com\/en\/\",\"logo\":{\"@type\":\"ImageObject\",\"inLanguage\":\"en-US\",\"@id\":\"https:\/\/lavanno.com\/en\/#\/schema\/logo\/image\/\",\"url\":\"https:\/\/lavanno.com\/wp-content\/uploads\/2025\/07\/Lavanno.png\",\"contentUrl\":\"https:\/\/lavanno.com\/wp-content\/uploads\/2025\/07\/Lavanno.png\",\"width\":1200,\"height\":1200,\"caption\":\"Lavanno - Pesuvahendite ekspert\"},\"image\":{\"@id\":\"https:\/\/lavanno.com\/en\/#\/schema\/logo\/image\/\"},\"sameAs\":[\"https:\/\/www.facebook.com\/Lavanno.ee\"]}]}<\/script>\n<!-- \/ Yoast SEO plugin. -->","yoast_head_json":{"title":"B\u00f6we Multisolvent M12 SlimLine keemilise puhastuse masin","description":"B\u00f6we Multisolvent M12 SlimLine keemilise puhastuse masin on kompaktne ja professionaalne lahendus v\u00e4iksematele pesumajadele.","robots":{"index":"index","follow":"follow","max-snippet":"max-snippet:-1","max-image-preview":"max-image-preview:large","max-video-preview":"max-video-preview:-1"},"canonical":"https:\/\/lavanno.com\/en\/toode\/bowe-multisolvent-m12-slimline-keemilise-puhastuse-masin\/","og_locale":"en_US","og_type":"article","og_title":"B\u00f6we Multisolvent M12 SlimLine keemilise puhastuse masin","og_description":"B\u00f6we Multisolvent M12 SlimLine keemilise puhastuse masin on kompaktne ja professionaalne lahendus v\u00e4iksematele pesumajadele.","og_url":"https:\/\/lavanno.com\/en\/toode\/bowe-multisolvent-m12-slimline-keemilise-puhastuse-masin\/","og_site_name":"Lavanno - pesuvahendite ekspert","article_publisher":"https:\/\/www.facebook.com\/Lavanno.ee","article_modified_time":"2026-05-02T05:45:01+00:00","og_image":[{"width":600,"height":600,"url":"https:\/\/lavanno.com\/wp-content\/uploads\/2026\/04\/permium-m-slimline-bowe-textile-cleaning-600x600-1.jpg","type":"image\/jpeg"}],"twitter_card":"summary_large_image","twitter_misc":{"Est. reading time":"3 minutes"},"schema":{"@context":"https:\/\/schema.org","@graph":[{"@type":"WebPage","@id":"https:\/\/lavanno.com\/en\/toode\/bowe-multisolvent-m12-slimline-keemilise-puhastuse-masin\/","url":"https:\/\/lavanno.com\/en\/toode\/bowe-multisolvent-m12-slimline-keemilise-puhastuse-masin\/","name":"B\u00f6we Multisolvent M12 SlimLine keemilise puhastuse masin","isPartOf":{"@id":"https:\/\/lavanno.com\/en\/#website"},"primaryImageOfPage":{"@id":"https:\/\/lavanno.com\/en\/toode\/bowe-multisolvent-m12-slimline-keemilise-puhastuse-masin\/#primaryimage"},"image":{"@id":"https:\/\/lavanno.com\/en\/toode\/bowe-multisolvent-m12-slimline-keemilise-puhastuse-masin\/#primaryimage"},"thumbnailUrl":"https:\/\/lavanno.com\/wp-content\/uploads\/2026\/04\/permium-m-slimline-bowe-textile-cleaning-600x600-1.jpg","datePublished":"2026-04-10T11:20:00+00:00","dateModified":"2026-05-02T05:45:01+00:00","description":"B\u00f6we Multisolvent M12 SlimLine keemilise puhastuse masin on kompaktne ja professionaalne lahendus v\u00e4iksematele pesumajadele.","breadcrumb":{"@id":"https:\/\/lavanno.com\/en\/toode\/bowe-multisolvent-m12-slimline-keemilise-puhastuse-masin\/#breadcrumb"},"inLanguage":"en-US","potentialAction":[{"@type":"ReadAction","target":["https:\/\/lavanno.com\/en\/toode\/bowe-multisolvent-m12-slimline-keemilise-puhastuse-masin\/"]}]},{"@type":"ImageObject","inLanguage":"en-US","@id":"https:\/\/lavanno.com\/en\/toode\/bowe-multisolvent-m12-slimline-keemilise-puhastuse-masin\/#primaryimage","url":"https:\/\/lavanno.com\/wp-content\/uploads\/2026\/04\/permium-m-slimline-bowe-textile-cleaning-600x600-1.jpg","contentUrl":"https:\/\/lavanno.com\/wp-content\/uploads\/2026\/04\/permium-m-slimline-bowe-textile-cleaning-600x600-1.jpg","width":600,"height":600,"caption":"B\u00d6WE Multisolvent M12 SlimLine keemilise puhastuse masin eestvaates"},{"@type":"BreadcrumbList","@id":"https:\/\/lavanno.com\/en\/toode\/bowe-multisolvent-m12-slimline-keemilise-puhastuse-masin\/#breadcrumb","itemListElement":[{"@type":"ListItem","position":1,"name":"Home","item":"https:\/\/lavanno.com\/en\/"},{"@type":"ListItem","position":2,"name":"E-pood","item":"https:\/\/lavanno.com\/e-pood\/"},{"@type":"ListItem","position":3,"name":"B\u00d6WE Multisolvent M12 Slimline keemilise puhastuse masin 12kg"}]},{"@type":"WebSite","@id":"https:\/\/lavanno.com\/en\/#website","url":"https:\/\/lavanno.com\/en\/","name":"Lavanno - Pesuvahendite ekspert","description":"Toome maale ja m\u00fc\u00fcme tekstiili pesuvahendeid, pesumajaseadmeid ja tarvikuid. Hooldame ja konsulteerime.","publisher":{"@id":"https:\/\/lavanno.com\/en\/#organization"},"potentialAction":[{"@type":"SearchAction","target":{"@type":"EntryPoint","urlTemplate":"https:\/\/lavanno.com\/en\/?s={search_term_string}"},"query-input":{"@type":"PropertyValueSpecification","valueRequired":true,"valueName":"search_term_string"}}],"inLanguage":"en-US"},{"@type":"Organization","@id":"https:\/\/lavanno.com\/en\/#organization","name":"Lavanno - Pesuvahendite ekspert","url":"https:\/\/lavanno.com\/en\/","logo":{"@type":"ImageObject","inLanguage":"en-US","@id":"https:\/\/lavanno.com\/en\/#\/schema\/logo\/image\/","url":"https:\/\/lavanno.com\/wp-content\/uploads\/2025\/07\/Lavanno.png","contentUrl":"https:\/\/lavanno.com\/wp-content\/uploads\/2025\/07\/Lavanno.png","width":1200,"height":1200,"caption":"Lavanno - Pesuvahendite ekspert"},"image":{"@id":"https:\/\/lavanno.com\/en\/#\/schema\/logo\/image\/"},"sameAs":["https:\/\/www.facebook.com\/Lavanno.ee"]}]}},"_links":{"self":[{"href":"https:\/\/lavanno.com\/en\/wp-json\/wp\/v2\/product\/13182","targetHints":{"allow":["GET"]}}],"collection":[{"href":"https:\/\/lavanno.com\/en\/wp-json\/wp\/v2\/product"}],"about":[{"href":"https:\/\/lavanno.com\/en\/wp-json\/wp\/v2\/types\/product"}],"replies":[{"embeddable":true,"href":"https:\/\/lavanno.com\/en\/wp-json\/wp\/v2\/comments?post=13182"}],"wp:featuredmedia":[{"embeddable":true,"href":"https:\/\/lavanno.com\/en\/wp-json\/wp\/v2\/media\/13333"}],"wp:attachment":[{"href":"https:\/\/lavanno.com\/en\/wp-json\/wp\/v2\/media?parent=13182"}],"wp:term":[{"taxonomy":"product_brand","embeddable":true,"href":"https:\/\/lavanno.com\/en\/wp-json\/wp\/v2\/product_brand?post=13182"},{"taxonomy":"product_cat","embeddable":true,"href":"https:\/\/lavanno.com\/en\/wp-json\/wp\/v2\/product_cat?post=13182"},{"taxonomy":"product_tag","embeddable":true,"href":"https:\/\/lavanno.com\/en\/wp-json\/wp\/v2\/product_tag?post=13182"}],"curies":[{"name":"wp","href":"https:\/\/api.w.org\/{rel}","templated":true}]}}