{"id":13202,"date":"2026-04-10T19:45:00","date_gmt":"2026-04-10T16:45:00","guid":{"rendered":"https:\/\/lavanno.com\/toode\/bowe-multisolvent-m26-wideline-keemilise-puhastuse-masin-26kg\/"},"modified":"2026-05-02T14:50:02","modified_gmt":"2026-05-02T11:50:02","slug":"bowe-multisolvent-m26-wideline-keemilise-puhastuse-masin","status":"publish","type":"product","link":"https:\/\/lavanno.com\/en\/toode\/bowe-multisolvent-m26-wideline-keemilise-puhastuse-masin\/","title":{"rendered":"B\u00d6WE Multisolvent M26 Wideline keemilise puhastuse masin 26kg"},"content":{"rendered":"<p><strong>Multilahusti tehnoloogia \u2013 tulevikukindel investeering<\/strong><\/p>\n<p>B\u00d6WE Multisolvent M26 professionaalne keemilise puhastuse masin ei tee vahet s\u00fcsivesiniklahustite (hydrocarbon) ja teiste alternatiivsete lahustite vahel. Masin sobib A-klassi III kloorivabadele lahustitele, mille s\u00fcttimispunkt on \u00fcle 55 \u00b0C ja mis on veest kergemad, n\u00e4iteks Hydrocarbon (HC) v\u00f5i siloksaan (nt GreenEarth\u00ae).<\/p>\n<p>Valitud lahusti protsesse ja funktsioone saab muuta lihtsalt tarkvara uuendamise kaudu, ilma mehaaniliste \u00fcmberehitusteta. See tagab, et Teie investeering on paindlik, tulevikukindel ja pika kasutuseaga.<\/p>\n<p><strong>Tipptasemel puhastuskvaliteet<\/strong><\/p>\n<p>B\u00d6WE Multisolvent masinad on loodud pakkuma maksimaalset puhastustulemust ja kangas\u00f5bralikkust. T\u00e4iustatud tehnoloogiline protsess tagab optimaalse t\u00f6\u00f6 k\u00f5ikide toetatud lahustitega. Erilise t\u00e4helepanu all on ka biolagunevate lahustite l\u00f5hnakontroll, mille on B\u00d6WE edukalt lahendanud.<\/p>\n<p>Masin on varustatud fraktsionaalse destillatsiooniga ja automaatse mitmeastmelise vee-eraldajaga, mis tagavad madala keemispunktiga vedelike efektiivse eraldumise ilma ebameeldivate l\u00f5hnade tekketa. Need s\u00fcsteemid kuuluvad standardvarustusse.<\/p>\n<p><strong>Mitmeotstarbeline disain<\/strong><\/p>\n<p>B\u00d6WE Multisolvent M26 on saadaval WideLine versioonis \u2013 destillatsiooniseade paikneb masina k\u00fcljel.<\/p>\n<p><strong>V\u00f5imas kuivatuss\u00fcsteem<\/strong><\/p>\n<p>B\u00d6WE 6. p\u00f5lvkonna kuivatuss\u00fcsteem koos aerod\u00fcnaamilise taastumis\u00fcksusega tagab:<\/p>\n<ul>\n<li>l\u00fchemad ts\u00fckliajad<\/li>\n<li>suurep\u00e4rase kuivatustulemuse<\/li>\n<li>pehmema kanga tunnetuse ja lihtsama triikimise<\/li>\n<li>\u00f5rn kuivatamine parandab n\u00e4htavalt ka puhastustulemust<\/li>\n<\/ul>\n<p><strong>Lihtne hooldus ja t\u00f6\u00f6kindlus<\/strong><\/p>\n<ul>\n<li>suured ja spetsiaalsed kangakiu filtrid, pikendatud hooldusintervallidega<\/li>\n<li>isepuhastuvad lahustivaadid ja vee-eraldaja<\/li>\n<li>\u00f6konoomne v\u00e4ljat\u00f5mbe filter (Spetsiaalsed B\u00d6WE filtrikettad)<\/li>\n<li>vajadusel lisatav teine filter<\/li>\n<\/ul>\n<p>Masin on varustatud IHS \u2013 interaktiivse hoolduss\u00fcsteemiga, mis:<\/p>\n<ul>\n<li>teostab automaatseid hooldusprogramme<\/li>\n<li>annab m\u00e4rku hooldusvajadusest<\/li>\n<li>v\u00f5imaldab hooldusts\u00fcklite l\u00e4biviimist ilma k\u00e4sitsi sekkumiseta, s\u00e4ilitades samas t\u00e4ieliku kasutajapoolse kontrolli<\/li>\n<\/ul>\n<p><strong>Suure-v\u0151imsusega Confo Tronic PL<\/strong><\/p>\n<p>Confo Tronic pakub laias valikus v\u00f5imalusi individuaalseteks kohandusteks erinevate \u00fclesannete jaoks ning garanteerib turvalise, efektiivse ja mitmek\u00fclgse masina t\u00f6\u00f6. Juhtimist saab lihtsalt uuendada standard MMC v\u00f5i SD kaarti lugedes.<\/p>\n<p><strong>Kiirusmuutmisseade ja ETS (Elektrooniline Tasakaalustamise S\u00fcsteem)<\/strong><\/p>\n<p>Multilahusti masinatel oleme suurendanud tsentrifuugkiirust. Tsentrifuugimine toimub standartselt kuni 600 rpm. B\u00d6WE Multilahustite standardvarustuses on kiirusmuutmisseade ja elektrooniline tasakaalustamisseade, seega v\u00e4lditakse ebatasasusi tsentrifuugimise ajal elektrooniliselt. Isegi suure pesukoguse korral toimub tsentrifuugimine sujuvalt. Kiirusmuutmisseade oma tohutute kiirusvalikutega ja pakub sujuvat puhastusts\u00fcklit, mida saab individuaalselt vastavalt kangat\u00fc\u00fcbile seadistada.<\/p>\n<div class=\"ce_text block\">\n<p><strong>Ohutus<\/strong><\/p>\n<p>Selleks, et tagada ohutus potensiaalselt s\u00fcttimisohtlike hydrocarbon lahustite korral, on k\u00f5igisse B\u00d6WE Multilahusti masinatesse kavandatud s\u00f5ltumatu ohutuse korraldus. Need ohutusseadmed garanteerivad 100% -lise ohutuse isegi ebasoodsate olude kokkulangemisel.<\/p>\n<p><strong>S\u00fcsteem<\/strong><\/p>\n<ul>\n<li>kinnine Dry to Dry s\u00fcsteem<\/li>\n<li>3 isepuhastuvat lahustivaati, uue vaadi v\u00e4ljundiga<\/li>\n<li>\u00fcmara kujuga destillatsioon j\u00e4rkj\u00e4rguliseks mitmeetapiliseks destillatsiooniks, loputuseks, koos valguse ja \u00fclet\u00e4itumise takistajaga<\/li>\n<li>k\u00fclmutusseade spiraalkompressori ja soojustagastusega<\/li>\n<\/ul>\n<p><strong>S\u00fcsteemi omadused:<\/strong><\/p>\n<ul>\n<li>Regenereerimise \u00fcksus tehtud roostevabast terasest optimeeritud vooluga aerod\u00fcnaamiline disain ja puhastamise avaus.<\/li>\n<li>Destillatsioon, j\u00e4menev toru, aurukamber ja spetsiaalsest roostevabast terasest suur kondensaator (AISI 316 Titaaniumist)<\/li>\n<li>SuperDry PDS+, kuivatusaja kontrollimise mahum\u00f5\u00f5dik<\/li>\n<li>Patenteeritud d\u00fcnaamiline trumli augustuss\u00fcsteem<\/li>\n<li>N\u00f6\u00f6bikoguja tehtud roostevabast terasest ja suur kiudfilter kombineeritud \u00fches hooldusavas.<\/li>\n<li>\u00d5rn kuivatamine ja maha-jahutamine l\u00e4bi jahutusventiilide.<\/li>\n<li>Isepuhastuv \u00fcmara kujuga roostevabast terasest veeeraldaja.<\/li>\n<li>Manomeeter k\u00fclmutusseadmel<\/li>\n<li>L\u00f6\u00f6kpump pesuainetele<\/li>\n<li>Lahusti tasemeandur, madalale ja k\u00f5rgele tasemele<\/li>\n<li>Jahutusvee kontroll destillatsioonil ja kuivatusel<\/li>\n<li>Kolme k\u00fcljeline valge \u00fcmbris kate<\/li>\n<li>Vitoni tihendid ja klapid<\/li>\n<\/ul>\n<p><strong>Ohutusomadused<\/strong><\/p>\n<ul>\n<li>Lahusti ohutusk\u00fcna<\/li>\n<li>Ohutusk\u00fcnal aluskatte r\u00f6\u00f6bas<\/li>\n<li>Temperatuuri ohutusl\u00fcliti<\/li>\n<li>Ohutuslukk laadimisuksel<\/li>\n<li>L\u00fcliti n\u00f6\u00f6bikogujal ja destillatsiooni hooldusuksel.<\/li>\n<li>Jahutusvee piisavuse kontroll<\/li>\n<li>Ei vaja l\u00e4mmastikballooni<\/li>\n<\/ul>\n<p><strong>Elektri \u00fchendus<\/strong><\/p>\n<ul>\n<li>400V\/3\/50Hz(CE)<\/li>\n<\/ul>\n<p><strong>Garantii<\/strong><\/p>\n<ul>\n<li>5 aastat (v\u00e4ljaarvatud kuluosad)<\/li>\n<li>8 aastat kondensaatoril ja klappidel<\/li>\n<\/ul>\n<\/div>\n<p><strong>M\u00d5\u00d5DUD:<\/strong><\/p>\n<p>Laius &#8211; 2200 mm<\/p>\n<p>S\u00fcgavus &#8211; 1735 mm<\/p>\n<p>K\u00f5rgus ( s\u00f5ltuvalt konfiguratsioonist) &#8211; 2180 \/ 2340 mm<\/p>\n<p>Masina kaal &#8211; 2175 kg<\/p>\n<p>Trumli suurus &#8211; 520 L<\/p>\n<p>&nbsp;<\/p>\n","protected":false},"excerpt":{"rendered":"<p>B\u00f6we Multisolvent M26 WideLine keemilise puhastuse masin on k\u00f5rgtasemeline lahendus professionaalsetele pesumajadele ja puhastusettev\u00f5tetele.<\/p>\n<p>See keemilise puhastuse masin kuulub B\u00d6WE PremiumLine MULTISOLVENT\u00ae sarja ning v\u00f5imaldab kasutada erinevaid kaasaegseid lahusteid ilma mehaaniliste \u00fcmberehitusteta. K\u00f5ik seadistused tehakse mugavalt tarkvara kaudu.<\/p>\n<p>Masin tagab t\u00f5husa, \u00f5rna ja energias\u00e4\u00e4stliku puhastuse. L\u00fchikesed ts\u00fckliajad ja kvaliteetne kuivatus tagavad suurep\u00e4rase tulemuse ka tundlikele tekstiilidele.<\/p>\n<ul>\n<li>Mitmelahusti s\u00fcsteem (tarkvarap\u00f5hine seadistus)<\/li>\n<li>Sobib intensiivseks professionaalseks kasutuseks<\/li>\n<li>Saadaval auru- v\u00f5i elektrik\u00fcttega<\/li>\n<li>\u00d5rn ja efektiivne puhastus erinevatele tekstiilidele<\/li>\n<\/ul>\n<p>&nbsp;<\/p>\n","protected":false},"featured_media":0,"comment_status":"open","ping_status":"closed","template":"","meta":[],"product_brand":[],"product_cat":[506,853,516,518],"product_tag":[835],"class_list":{"0":"post-13202","1":"product","2":"type-product","3":"status-publish","5":"product_cat-ariklient","6":"product_cat-bowe","7":"product_cat-keemilise-puhastuse-masinad","8":"product_cat-multilahusti","9":"product_tag-pesumajad","11":"first","12":"onbackorder","13":"taxable","14":"shipping-taxable","15":"purchasable","16":"product-type-variable"},"yoast_head":"<!-- This site is optimized with the Yoast SEO plugin v27.0 - https:\/\/yoast.com\/product\/yoast-seo-wordpress\/ -->\n<title>B\u00f6we Multisolvent M26 WideLine keemilise puhastuse masin<\/title>\n<meta name=\"description\" content=\"B\u00f6we Multisolvent M26 WideLine keemilise puhastuse masin professionaalseks kasutuseks. Mitmelahusti tehnoloogia ja energias\u00e4\u00e4stlik t\u00f6\u00f6.\" \/>\n<meta name=\"robots\" content=\"index, follow, max-snippet:-1, max-image-preview:large, max-video-preview:-1\" \/>\n<link rel=\"canonical\" href=\"https:\/\/lavanno.com\/en\/toode\/bowe-multisolvent-m26-wideline-keemilise-puhastuse-masin\/\" \/>\n<meta property=\"og:locale\" content=\"en_US\" \/>\n<meta property=\"og:type\" content=\"article\" \/>\n<meta property=\"og:title\" content=\"B\u00f6we Multisolvent M26 WideLine keemilise puhastuse masin\" \/>\n<meta property=\"og:description\" content=\"B\u00f6we Multisolvent M26 WideLine keemilise puhastuse masin professionaalseks kasutuseks. Mitmelahusti tehnoloogia ja energias\u00e4\u00e4stlik t\u00f6\u00f6.\" \/>\n<meta property=\"og:url\" content=\"https:\/\/lavanno.com\/en\/toode\/bowe-multisolvent-m26-wideline-keemilise-puhastuse-masin\/\" \/>\n<meta property=\"og:site_name\" content=\"Lavanno - pesuvahendite ekspert\" \/>\n<meta property=\"article:publisher\" content=\"https:\/\/www.facebook.com\/Lavanno.ee\" \/>\n<meta property=\"article:modified_time\" content=\"2026-05-02T11:50:02+00:00\" \/>\n<meta property=\"og:image\" content=\"https:\/\/lavanno.com\/wp-content\/uploads\/2025\/10\/boewe-premiumline-m-crossline-600x600-1.jpg\" \/>\n\t<meta property=\"og:image:width\" content=\"600\" \/>\n\t<meta property=\"og:image:height\" content=\"600\" \/>\n\t<meta property=\"og:image:type\" content=\"image\/jpeg\" \/>\n<meta name=\"twitter:card\" content=\"summary_large_image\" \/>\n<meta name=\"twitter:label1\" content=\"Est. reading time\" \/>\n\t<meta name=\"twitter:data1\" content=\"3 minutes\" \/>\n<script type=\"application\/ld+json\" class=\"yoast-schema-graph\">{\"@context\":\"https:\/\/schema.org\",\"@graph\":[{\"@type\":\"WebPage\",\"@id\":\"https:\/\/lavanno.com\/en\/toode\/bowe-multisolvent-m26-wideline-keemilise-puhastuse-masin\/\",\"url\":\"https:\/\/lavanno.com\/en\/toode\/bowe-multisolvent-m26-wideline-keemilise-puhastuse-masin\/\",\"name\":\"B\u00f6we Multisolvent M26 WideLine keemilise puhastuse masin\",\"isPartOf\":{\"@id\":\"https:\/\/lavanno.com\/en\/#website\"},\"datePublished\":\"2026-04-10T16:45:00+00:00\",\"dateModified\":\"2026-05-02T11:50:02+00:00\",\"description\":\"B\u00f6we Multisolvent M26 WideLine keemilise puhastuse masin professionaalseks kasutuseks. Mitmelahusti tehnoloogia ja energias\u00e4\u00e4stlik t\u00f6\u00f6.\",\"breadcrumb\":{\"@id\":\"https:\/\/lavanno.com\/en\/toode\/bowe-multisolvent-m26-wideline-keemilise-puhastuse-masin\/#breadcrumb\"},\"inLanguage\":\"en-US\",\"potentialAction\":[{\"@type\":\"ReadAction\",\"target\":[\"https:\/\/lavanno.com\/en\/toode\/bowe-multisolvent-m26-wideline-keemilise-puhastuse-masin\/\"]}]},{\"@type\":\"BreadcrumbList\",\"@id\":\"https:\/\/lavanno.com\/en\/toode\/bowe-multisolvent-m26-wideline-keemilise-puhastuse-masin\/#breadcrumb\",\"itemListElement\":[{\"@type\":\"ListItem\",\"position\":1,\"name\":\"Home\",\"item\":\"https:\/\/lavanno.com\/en\/\"},{\"@type\":\"ListItem\",\"position\":2,\"name\":\"E-pood\",\"item\":\"https:\/\/lavanno.com\/e-pood\/\"},{\"@type\":\"ListItem\",\"position\":3,\"name\":\"B\u00d6WE Multisolvent M26 Wideline keemilise puhastuse masin 26kg\"}]},{\"@type\":\"WebSite\",\"@id\":\"https:\/\/lavanno.com\/en\/#website\",\"url\":\"https:\/\/lavanno.com\/en\/\",\"name\":\"Lavanno - Pesuvahendite ekspert\",\"description\":\"Toome maale ja m\u00fc\u00fcme tekstiili pesuvahendeid, pesumajaseadmeid ja tarvikuid. Hooldame ja konsulteerime.\",\"publisher\":{\"@id\":\"https:\/\/lavanno.com\/en\/#organization\"},\"potentialAction\":[{\"@type\":\"SearchAction\",\"target\":{\"@type\":\"EntryPoint\",\"urlTemplate\":\"https:\/\/lavanno.com\/en\/?s={search_term_string}\"},\"query-input\":{\"@type\":\"PropertyValueSpecification\",\"valueRequired\":true,\"valueName\":\"search_term_string\"}}],\"inLanguage\":\"en-US\"},{\"@type\":\"Organization\",\"@id\":\"https:\/\/lavanno.com\/en\/#organization\",\"name\":\"Lavanno - Pesuvahendite ekspert\",\"url\":\"https:\/\/lavanno.com\/en\/\",\"logo\":{\"@type\":\"ImageObject\",\"inLanguage\":\"en-US\",\"@id\":\"https:\/\/lavanno.com\/en\/#\/schema\/logo\/image\/\",\"url\":\"https:\/\/lavanno.com\/wp-content\/uploads\/2025\/07\/Lavanno.png\",\"contentUrl\":\"https:\/\/lavanno.com\/wp-content\/uploads\/2025\/07\/Lavanno.png\",\"width\":1200,\"height\":1200,\"caption\":\"Lavanno - Pesuvahendite ekspert\"},\"image\":{\"@id\":\"https:\/\/lavanno.com\/en\/#\/schema\/logo\/image\/\"},\"sameAs\":[\"https:\/\/www.facebook.com\/Lavanno.ee\"]}]}<\/script>\n<!-- \/ Yoast SEO plugin. -->","yoast_head_json":{"title":"B\u00f6we Multisolvent M26 WideLine keemilise puhastuse masin","description":"B\u00f6we Multisolvent M26 WideLine keemilise puhastuse masin professionaalseks kasutuseks. Mitmelahusti tehnoloogia ja energias\u00e4\u00e4stlik t\u00f6\u00f6.","robots":{"index":"index","follow":"follow","max-snippet":"max-snippet:-1","max-image-preview":"max-image-preview:large","max-video-preview":"max-video-preview:-1"},"canonical":"https:\/\/lavanno.com\/en\/toode\/bowe-multisolvent-m26-wideline-keemilise-puhastuse-masin\/","og_locale":"en_US","og_type":"article","og_title":"B\u00f6we Multisolvent M26 WideLine keemilise puhastuse masin","og_description":"B\u00f6we Multisolvent M26 WideLine keemilise puhastuse masin professionaalseks kasutuseks. Mitmelahusti tehnoloogia ja energias\u00e4\u00e4stlik t\u00f6\u00f6.","og_url":"https:\/\/lavanno.com\/en\/toode\/bowe-multisolvent-m26-wideline-keemilise-puhastuse-masin\/","og_site_name":"Lavanno - pesuvahendite ekspert","article_publisher":"https:\/\/www.facebook.com\/Lavanno.ee","article_modified_time":"2026-05-02T11:50:02+00:00","og_image":[{"width":600,"height":600,"url":"https:\/\/lavanno.com\/wp-content\/uploads\/2025\/10\/boewe-premiumline-m-crossline-600x600-1.jpg","type":"image\/jpeg"}],"twitter_card":"summary_large_image","twitter_misc":{"Est. reading time":"3 minutes"},"schema":{"@context":"https:\/\/schema.org","@graph":[{"@type":"WebPage","@id":"https:\/\/lavanno.com\/en\/toode\/bowe-multisolvent-m26-wideline-keemilise-puhastuse-masin\/","url":"https:\/\/lavanno.com\/en\/toode\/bowe-multisolvent-m26-wideline-keemilise-puhastuse-masin\/","name":"B\u00f6we Multisolvent M26 WideLine keemilise puhastuse masin","isPartOf":{"@id":"https:\/\/lavanno.com\/en\/#website"},"datePublished":"2026-04-10T16:45:00+00:00","dateModified":"2026-05-02T11:50:02+00:00","description":"B\u00f6we Multisolvent M26 WideLine keemilise puhastuse masin professionaalseks kasutuseks. Mitmelahusti tehnoloogia ja energias\u00e4\u00e4stlik t\u00f6\u00f6.","breadcrumb":{"@id":"https:\/\/lavanno.com\/en\/toode\/bowe-multisolvent-m26-wideline-keemilise-puhastuse-masin\/#breadcrumb"},"inLanguage":"en-US","potentialAction":[{"@type":"ReadAction","target":["https:\/\/lavanno.com\/en\/toode\/bowe-multisolvent-m26-wideline-keemilise-puhastuse-masin\/"]}]},{"@type":"BreadcrumbList","@id":"https:\/\/lavanno.com\/en\/toode\/bowe-multisolvent-m26-wideline-keemilise-puhastuse-masin\/#breadcrumb","itemListElement":[{"@type":"ListItem","position":1,"name":"Home","item":"https:\/\/lavanno.com\/en\/"},{"@type":"ListItem","position":2,"name":"E-pood","item":"https:\/\/lavanno.com\/e-pood\/"},{"@type":"ListItem","position":3,"name":"B\u00d6WE Multisolvent M26 Wideline keemilise puhastuse masin 26kg"}]},{"@type":"WebSite","@id":"https:\/\/lavanno.com\/en\/#website","url":"https:\/\/lavanno.com\/en\/","name":"Lavanno - Pesuvahendite ekspert","description":"Toome maale ja m\u00fc\u00fcme tekstiili pesuvahendeid, pesumajaseadmeid ja tarvikuid. Hooldame ja konsulteerime.","publisher":{"@id":"https:\/\/lavanno.com\/en\/#organization"},"potentialAction":[{"@type":"SearchAction","target":{"@type":"EntryPoint","urlTemplate":"https:\/\/lavanno.com\/en\/?s={search_term_string}"},"query-input":{"@type":"PropertyValueSpecification","valueRequired":true,"valueName":"search_term_string"}}],"inLanguage":"en-US"},{"@type":"Organization","@id":"https:\/\/lavanno.com\/en\/#organization","name":"Lavanno - Pesuvahendite ekspert","url":"https:\/\/lavanno.com\/en\/","logo":{"@type":"ImageObject","inLanguage":"en-US","@id":"https:\/\/lavanno.com\/en\/#\/schema\/logo\/image\/","url":"https:\/\/lavanno.com\/wp-content\/uploads\/2025\/07\/Lavanno.png","contentUrl":"https:\/\/lavanno.com\/wp-content\/uploads\/2025\/07\/Lavanno.png","width":1200,"height":1200,"caption":"Lavanno - Pesuvahendite ekspert"},"image":{"@id":"https:\/\/lavanno.com\/en\/#\/schema\/logo\/image\/"},"sameAs":["https:\/\/www.facebook.com\/Lavanno.ee"]}]}},"_links":{"self":[{"href":"https:\/\/lavanno.com\/en\/wp-json\/wp\/v2\/product\/13202","targetHints":{"allow":["GET"]}}],"collection":[{"href":"https:\/\/lavanno.com\/en\/wp-json\/wp\/v2\/product"}],"about":[{"href":"https:\/\/lavanno.com\/en\/wp-json\/wp\/v2\/types\/product"}],"replies":[{"embeddable":true,"href":"https:\/\/lavanno.com\/en\/wp-json\/wp\/v2\/comments?post=13202"}],"wp:attachment":[{"href":"https:\/\/lavanno.com\/en\/wp-json\/wp\/v2\/media?parent=13202"}],"wp:term":[{"taxonomy":"product_brand","embeddable":true,"href":"https:\/\/lavanno.com\/en\/wp-json\/wp\/v2\/product_brand?post=13202"},{"taxonomy":"product_cat","embeddable":true,"href":"https:\/\/lavanno.com\/en\/wp-json\/wp\/v2\/product_cat?post=13202"},{"taxonomy":"product_tag","embeddable":true,"href":"https:\/\/lavanno.com\/en\/wp-json\/wp\/v2\/product_tag?post=13202"}],"curies":[{"name":"wp","href":"https:\/\/api.w.org\/{rel}","templated":true}]}}