{"id":4271,"date":"2025-02-08T15:28:53","date_gmt":"2025-02-08T13:28:53","guid":{"rendered":"https:\/\/lavanno.com\/product\/toglisudore-eeltootlusaine-higi-ja-uriiniplekkidele\/"},"modified":"2026-05-02T08:15:04","modified_gmt":"2026-05-02T05:15:04","slug":"toglisudore-eeltootlusaine-higi-ja-uriiniplekkidele","status":"publish","type":"product","link":"https:\/\/lavanno.com\/en\/toode\/toglisudore-eeltootlusaine-higi-ja-uriiniplekkidele\/","title":{"rendered":"Toglisudore &#8211; plekieemaldusvahend higi ja uriiniplekkidele"},"content":{"rendered":"<p><strong>Spetsifikatsioonid<\/strong><\/p>\n<p><strong>Kasutamine<\/strong><\/p>\n<p>TogliSudore&#8217;t kasutatakse puhtal kujul, pihustades seda m\u00e4\u00e4rdunud r\u00f5ivaosadele enne pesemist. Vajadusel kasutage harja. Soovitav on j\u00e4tta toode toimima k\u00fcmneks minutiks, voltides r\u00f5iva iseenda peale, et v\u00e4ltida aktiivsete ainete aurustumist. Saab kasutada ka perkloroet\u00fcleeniga (perc). P\u00e4rast kasutamist on soovitatav r\u00f5ivas kuivatada.<\/p>\n<p><strong>Hoiatus:<\/strong> Enne kasutamist testige toodet r\u00f5iva peidetud osal.<\/p>\n<p><strong>V\u00f6\u00f6tkood<\/strong><\/p>\n<p>(01)08054729631757<\/p>\n<p><strong>Koostisosad<\/strong><\/p>\n<p>Aqua, kokamiid DEA, naatriumdodek\u00fc\u00fclbenseensulfonaat, trideceth-7, dietanoolamiin, parf\u00fc\u00fcm, butoks\u00fcdigl\u00fckool, PPG-2 met\u00fc\u00fcleeter, subtilisiin, \u03b1-am\u00fclaas, lipaas, tsellulaas, met\u00fc\u00fclkloroisotiasolinoon, met\u00fc\u00fclisotiasolinoon.<\/p>\n<p><strong>met\u00fc\u00fclkloroisotiasolinoon, met\u00fc\u00fclisotiasolinoon (3:1) = 0,00075%<\/strong><\/p>\n<p><strong>Funktsioon<\/strong><\/p>\n<p>Plekkide\/l\u00f5hna eemaldaja.<\/p>\n<p>&nbsp;<\/p>\n<p><a href=\"https:\/\/lavanno.com\/wp-content\/uploads\/2024\/10\/A01-020TogliSudoreRel4ETSDS.pdf\" target=\"_blank\" rel=\"noopener\">Ohutuskaart<\/a><\/p>\n<p><a href=\"https:\/\/lavanno.com\/wp-content\/uploads\/2024\/10\/A01-020ToglisudoreRel3ETTEC.pdf\" target=\"_blank\" rel=\"noopener\">Tehniline kaart<\/a><\/p>\n","protected":false},"excerpt":{"rendered":"<p><strong>Plekkide\/l\u00f5hna eemaldaja<\/strong><\/p>\n<p><strong>Kirjeldus<\/strong><\/p>\n<p>Kasutusvalmis ens\u00fcmaatiline plekieemaldusvahend ja l\u00f5hna neelaja, mis sobib nii pesemiseks kui ka keemiliseks puhastuseks.<\/p>\n<ul><\/p>\n<li>Neutraliseerib uriini ja higi halbu l\u00f5hnu.<\/li>\n<p><\/p>\n<li>Eemaldab kollasuse ilma rante j\u00e4tmata.<\/li>\n<p><\/p>\n<li>Neutraalne v\u00e4rvide suhtes.<\/li>\n<p><\/p>\n<li>Sobib igat t\u00fc\u00fcpi r\u00f5ivastele.<\/li>\n<p><\/p>\n<li>Ei tekita destilleerimis\u00fcksuses vahtu.<\/li>\n<p><\/p>\n<li>Sisaldab ens\u00fc\u00fcme s\u00fcgavaks plekieemalduseks.<\/li>\n<p>\n<\/ul>\n","protected":false},"featured_media":5169,"comment_status":"open","ping_status":"closed","template":"","meta":[],"product_brand":[],"product_cat":[506,525,534,514,519,526,524,520,527],"product_tag":[850,835,839],"class_list":{"0":"post-4271","1":"product","2":"type-product","3":"status-publish","4":"has-post-thumbnail","6":"product_cat-ariklient","7":"product_cat-vesipesuvahendid","8":"product_cat-plekieemaldusvahendid","9":"product_cat-keemiline-puhastus","10":"product_cat-eeltootlus","11":"product_cat-plekieemalduse-vahendid-keemiline-puhastus","12":"product_cat-mitmesugused-tooted","13":"product_cat-eraklient","14":"product_cat-plekieemaldusvahendid-eraklient","15":"product_tag-kodumajapidamine","16":"product_tag-pesumajad","17":"product_tag-tervishoid","19":"first","20":"instock","21":"taxable","22":"shipping-taxable","23":"purchasable","24":"product-type-variable"},"yoast_head":"<!-- This site is optimized with the Yoast SEO plugin v27.0 - https:\/\/yoast.com\/product\/yoast-seo-wordpress\/ -->\n<title>Toglisudore - plekieemaldusvahend higi ja uriiniplekkidele - Lavanno - pesuvahendite ekspert<\/title>\n<meta name=\"description\" content=\"Toglisudore - Eelt\u00f6\u00f6tlusaine higi ja uriiniplekkidele. Kirjeldus. Kasutusvalmis ens\u00fcmaatiline plekieemaldaja ja l\u00f5hna neelaja, mis sobib nii pesemiseks kui ka keemiliseks puhastuseks. Neutraliseerib uriini ja higi halbu l\u00f5hnu. Eemaldab kollasuse ilma rante j\u00e4tmata. Neutraalne v\u00e4rvide suhtes. Sobib igat t\u00fc\u00fcpi r\u00f5ivastele. Ei tekita destilleerimis\u00fcksuses vahtu. Sisaldab ens\u00fc\u00fcme s\u00fcgavaks plekieemalduseks.\" \/>\n<meta name=\"robots\" content=\"index, follow, max-snippet:-1, max-image-preview:large, max-video-preview:-1\" \/>\n<link rel=\"canonical\" href=\"https:\/\/lavanno.com\/en\/toode\/toglisudore-eeltootlusaine-higi-ja-uriiniplekkidele\/\" \/>\n<meta property=\"og:locale\" content=\"en_US\" \/>\n<meta property=\"og:type\" content=\"article\" \/>\n<meta property=\"og:title\" content=\"Toglisudore - plekieemaldusvahend higi ja uriiniplekkidele - Lavanno - pesuvahendite ekspert\" \/>\n<meta property=\"og:description\" content=\"Toglisudore - Eelt\u00f6\u00f6tlusaine higi ja uriiniplekkidele. Kirjeldus. Kasutusvalmis ens\u00fcmaatiline plekieemaldaja ja l\u00f5hna neelaja, mis sobib nii pesemiseks kui ka keemiliseks puhastuseks. Neutraliseerib uriini ja higi halbu l\u00f5hnu. Eemaldab kollasuse ilma rante j\u00e4tmata. Neutraalne v\u00e4rvide suhtes. Sobib igat t\u00fc\u00fcpi r\u00f5ivastele. Ei tekita destilleerimis\u00fcksuses vahtu. Sisaldab ens\u00fc\u00fcme s\u00fcgavaks plekieemalduseks.\" \/>\n<meta property=\"og:url\" content=\"https:\/\/lavanno.com\/en\/toode\/toglisudore-eeltootlusaine-higi-ja-uriiniplekkidele\/\" \/>\n<meta property=\"og:site_name\" content=\"Lavanno - pesuvahendite ekspert\" \/>\n<meta property=\"article:publisher\" content=\"https:\/\/www.facebook.com\/Lavanno.ee\" \/>\n<meta property=\"article:modified_time\" content=\"2026-05-02T05:15:04+00:00\" \/>\n<meta property=\"og:image\" content=\"https:\/\/lavanno.com\/wp-content\/uploads\/2025\/02\/a01-020toglisudore-groupage-1.png\" \/>\n\t<meta property=\"og:image:width\" content=\"800\" \/>\n\t<meta property=\"og:image:height\" content=\"800\" \/>\n\t<meta property=\"og:image:type\" content=\"image\/png\" \/>\n<meta name=\"twitter:card\" content=\"summary_large_image\" \/>\n<meta name=\"twitter:label1\" content=\"Est. reading time\" \/>\n\t<meta name=\"twitter:data1\" content=\"1 minute\" \/>\n<script type=\"application\/ld+json\" class=\"yoast-schema-graph\">{\"@context\":\"https:\/\/schema.org\",\"@graph\":[{\"@type\":\"WebPage\",\"@id\":\"https:\/\/lavanno.com\/en\/toode\/toglisudore-eeltootlusaine-higi-ja-uriiniplekkidele\/\",\"url\":\"https:\/\/lavanno.com\/en\/toode\/toglisudore-eeltootlusaine-higi-ja-uriiniplekkidele\/\",\"name\":\"Toglisudore - plekieemaldusvahend higi ja uriiniplekkidele - Lavanno - pesuvahendite ekspert\",\"isPartOf\":{\"@id\":\"https:\/\/lavanno.com\/en\/#website\"},\"primaryImageOfPage\":{\"@id\":\"https:\/\/lavanno.com\/en\/toode\/toglisudore-eeltootlusaine-higi-ja-uriiniplekkidele\/#primaryimage\"},\"image\":{\"@id\":\"https:\/\/lavanno.com\/en\/toode\/toglisudore-eeltootlusaine-higi-ja-uriiniplekkidele\/#primaryimage\"},\"thumbnailUrl\":\"https:\/\/lavanno.com\/wp-content\/uploads\/2025\/02\/a01-020toglisudore-groupage-1.png\",\"datePublished\":\"2025-02-08T13:28:53+00:00\",\"dateModified\":\"2026-05-02T05:15:04+00:00\",\"description\":\"Toglisudore - Eelt\u00f6\u00f6tlusaine higi ja uriiniplekkidele. Kirjeldus. Kasutusvalmis ens\u00fcmaatiline plekieemaldaja ja l\u00f5hna neelaja, mis sobib nii pesemiseks kui ka keemiliseks puhastuseks. Neutraliseerib uriini ja higi halbu l\u00f5hnu. Eemaldab kollasuse ilma rante j\u00e4tmata. Neutraalne v\u00e4rvide suhtes. Sobib igat t\u00fc\u00fcpi r\u00f5ivastele. Ei tekita destilleerimis\u00fcksuses vahtu. Sisaldab ens\u00fc\u00fcme s\u00fcgavaks plekieemalduseks.\",\"breadcrumb\":{\"@id\":\"https:\/\/lavanno.com\/en\/toode\/toglisudore-eeltootlusaine-higi-ja-uriiniplekkidele\/#breadcrumb\"},\"inLanguage\":\"en-US\",\"potentialAction\":[{\"@type\":\"ReadAction\",\"target\":[\"https:\/\/lavanno.com\/en\/toode\/toglisudore-eeltootlusaine-higi-ja-uriiniplekkidele\/\"]}]},{\"@type\":\"ImageObject\",\"inLanguage\":\"en-US\",\"@id\":\"https:\/\/lavanno.com\/en\/toode\/toglisudore-eeltootlusaine-higi-ja-uriiniplekkidele\/#primaryimage\",\"url\":\"https:\/\/lavanno.com\/wp-content\/uploads\/2025\/02\/a01-020toglisudore-groupage-1.png\",\"contentUrl\":\"https:\/\/lavanno.com\/wp-content\/uploads\/2025\/02\/a01-020toglisudore-groupage-1.png\",\"width\":800,\"height\":800},{\"@type\":\"BreadcrumbList\",\"@id\":\"https:\/\/lavanno.com\/en\/toode\/toglisudore-eeltootlusaine-higi-ja-uriiniplekkidele\/#breadcrumb\",\"itemListElement\":[{\"@type\":\"ListItem\",\"position\":1,\"name\":\"Home\",\"item\":\"https:\/\/lavanno.com\/en\/\"},{\"@type\":\"ListItem\",\"position\":2,\"name\":\"E-pood\",\"item\":\"https:\/\/lavanno.com\/e-pood\/\"},{\"@type\":\"ListItem\",\"position\":3,\"name\":\"Toglisudore &#8211; plekieemaldusvahend higi ja uriiniplekkidele\"}]},{\"@type\":\"WebSite\",\"@id\":\"https:\/\/lavanno.com\/en\/#website\",\"url\":\"https:\/\/lavanno.com\/en\/\",\"name\":\"Lavanno - Pesuvahendite ekspert\",\"description\":\"Toome maale ja m\u00fc\u00fcme tekstiili pesuvahendeid, pesumajaseadmeid ja tarvikuid. Hooldame ja konsulteerime.\",\"publisher\":{\"@id\":\"https:\/\/lavanno.com\/en\/#organization\"},\"potentialAction\":[{\"@type\":\"SearchAction\",\"target\":{\"@type\":\"EntryPoint\",\"urlTemplate\":\"https:\/\/lavanno.com\/en\/?s={search_term_string}\"},\"query-input\":{\"@type\":\"PropertyValueSpecification\",\"valueRequired\":true,\"valueName\":\"search_term_string\"}}],\"inLanguage\":\"en-US\"},{\"@type\":\"Organization\",\"@id\":\"https:\/\/lavanno.com\/en\/#organization\",\"name\":\"Lavanno - Pesuvahendite ekspert\",\"url\":\"https:\/\/lavanno.com\/en\/\",\"logo\":{\"@type\":\"ImageObject\",\"inLanguage\":\"en-US\",\"@id\":\"https:\/\/lavanno.com\/en\/#\/schema\/logo\/image\/\",\"url\":\"https:\/\/lavanno.com\/wp-content\/uploads\/2025\/07\/Lavanno.png\",\"contentUrl\":\"https:\/\/lavanno.com\/wp-content\/uploads\/2025\/07\/Lavanno.png\",\"width\":1200,\"height\":1200,\"caption\":\"Lavanno - Pesuvahendite ekspert\"},\"image\":{\"@id\":\"https:\/\/lavanno.com\/en\/#\/schema\/logo\/image\/\"},\"sameAs\":[\"https:\/\/www.facebook.com\/Lavanno.ee\"]}]}<\/script>\n<!-- \/ Yoast SEO plugin. -->","yoast_head_json":{"title":"Toglisudore - plekieemaldusvahend higi ja uriiniplekkidele - Lavanno - pesuvahendite ekspert","description":"Toglisudore - Eelt\u00f6\u00f6tlusaine higi ja uriiniplekkidele. Kirjeldus. Kasutusvalmis ens\u00fcmaatiline plekieemaldaja ja l\u00f5hna neelaja, mis sobib nii pesemiseks kui ka keemiliseks puhastuseks. Neutraliseerib uriini ja higi halbu l\u00f5hnu. Eemaldab kollasuse ilma rante j\u00e4tmata. Neutraalne v\u00e4rvide suhtes. Sobib igat t\u00fc\u00fcpi r\u00f5ivastele. Ei tekita destilleerimis\u00fcksuses vahtu. Sisaldab ens\u00fc\u00fcme s\u00fcgavaks plekieemalduseks.","robots":{"index":"index","follow":"follow","max-snippet":"max-snippet:-1","max-image-preview":"max-image-preview:large","max-video-preview":"max-video-preview:-1"},"canonical":"https:\/\/lavanno.com\/en\/toode\/toglisudore-eeltootlusaine-higi-ja-uriiniplekkidele\/","og_locale":"en_US","og_type":"article","og_title":"Toglisudore - plekieemaldusvahend higi ja uriiniplekkidele - Lavanno - pesuvahendite ekspert","og_description":"Toglisudore - Eelt\u00f6\u00f6tlusaine higi ja uriiniplekkidele. Kirjeldus. Kasutusvalmis ens\u00fcmaatiline plekieemaldaja ja l\u00f5hna neelaja, mis sobib nii pesemiseks kui ka keemiliseks puhastuseks. Neutraliseerib uriini ja higi halbu l\u00f5hnu. Eemaldab kollasuse ilma rante j\u00e4tmata. Neutraalne v\u00e4rvide suhtes. Sobib igat t\u00fc\u00fcpi r\u00f5ivastele. Ei tekita destilleerimis\u00fcksuses vahtu. Sisaldab ens\u00fc\u00fcme s\u00fcgavaks plekieemalduseks.","og_url":"https:\/\/lavanno.com\/en\/toode\/toglisudore-eeltootlusaine-higi-ja-uriiniplekkidele\/","og_site_name":"Lavanno - pesuvahendite ekspert","article_publisher":"https:\/\/www.facebook.com\/Lavanno.ee","article_modified_time":"2026-05-02T05:15:04+00:00","og_image":[{"width":800,"height":800,"url":"https:\/\/lavanno.com\/wp-content\/uploads\/2025\/02\/a01-020toglisudore-groupage-1.png","type":"image\/png"}],"twitter_card":"summary_large_image","twitter_misc":{"Est. reading time":"1 minute"},"schema":{"@context":"https:\/\/schema.org","@graph":[{"@type":"WebPage","@id":"https:\/\/lavanno.com\/en\/toode\/toglisudore-eeltootlusaine-higi-ja-uriiniplekkidele\/","url":"https:\/\/lavanno.com\/en\/toode\/toglisudore-eeltootlusaine-higi-ja-uriiniplekkidele\/","name":"Toglisudore - plekieemaldusvahend higi ja uriiniplekkidele - Lavanno - pesuvahendite ekspert","isPartOf":{"@id":"https:\/\/lavanno.com\/en\/#website"},"primaryImageOfPage":{"@id":"https:\/\/lavanno.com\/en\/toode\/toglisudore-eeltootlusaine-higi-ja-uriiniplekkidele\/#primaryimage"},"image":{"@id":"https:\/\/lavanno.com\/en\/toode\/toglisudore-eeltootlusaine-higi-ja-uriiniplekkidele\/#primaryimage"},"thumbnailUrl":"https:\/\/lavanno.com\/wp-content\/uploads\/2025\/02\/a01-020toglisudore-groupage-1.png","datePublished":"2025-02-08T13:28:53+00:00","dateModified":"2026-05-02T05:15:04+00:00","description":"Toglisudore - Eelt\u00f6\u00f6tlusaine higi ja uriiniplekkidele. Kirjeldus. Kasutusvalmis ens\u00fcmaatiline plekieemaldaja ja l\u00f5hna neelaja, mis sobib nii pesemiseks kui ka keemiliseks puhastuseks. Neutraliseerib uriini ja higi halbu l\u00f5hnu. Eemaldab kollasuse ilma rante j\u00e4tmata. Neutraalne v\u00e4rvide suhtes. Sobib igat t\u00fc\u00fcpi r\u00f5ivastele. Ei tekita destilleerimis\u00fcksuses vahtu. Sisaldab ens\u00fc\u00fcme s\u00fcgavaks plekieemalduseks.","breadcrumb":{"@id":"https:\/\/lavanno.com\/en\/toode\/toglisudore-eeltootlusaine-higi-ja-uriiniplekkidele\/#breadcrumb"},"inLanguage":"en-US","potentialAction":[{"@type":"ReadAction","target":["https:\/\/lavanno.com\/en\/toode\/toglisudore-eeltootlusaine-higi-ja-uriiniplekkidele\/"]}]},{"@type":"ImageObject","inLanguage":"en-US","@id":"https:\/\/lavanno.com\/en\/toode\/toglisudore-eeltootlusaine-higi-ja-uriiniplekkidele\/#primaryimage","url":"https:\/\/lavanno.com\/wp-content\/uploads\/2025\/02\/a01-020toglisudore-groupage-1.png","contentUrl":"https:\/\/lavanno.com\/wp-content\/uploads\/2025\/02\/a01-020toglisudore-groupage-1.png","width":800,"height":800},{"@type":"BreadcrumbList","@id":"https:\/\/lavanno.com\/en\/toode\/toglisudore-eeltootlusaine-higi-ja-uriiniplekkidele\/#breadcrumb","itemListElement":[{"@type":"ListItem","position":1,"name":"Home","item":"https:\/\/lavanno.com\/en\/"},{"@type":"ListItem","position":2,"name":"E-pood","item":"https:\/\/lavanno.com\/e-pood\/"},{"@type":"ListItem","position":3,"name":"Toglisudore &#8211; plekieemaldusvahend higi ja uriiniplekkidele"}]},{"@type":"WebSite","@id":"https:\/\/lavanno.com\/en\/#website","url":"https:\/\/lavanno.com\/en\/","name":"Lavanno - Pesuvahendite ekspert","description":"Toome maale ja m\u00fc\u00fcme tekstiili pesuvahendeid, pesumajaseadmeid ja tarvikuid. Hooldame ja konsulteerime.","publisher":{"@id":"https:\/\/lavanno.com\/en\/#organization"},"potentialAction":[{"@type":"SearchAction","target":{"@type":"EntryPoint","urlTemplate":"https:\/\/lavanno.com\/en\/?s={search_term_string}"},"query-input":{"@type":"PropertyValueSpecification","valueRequired":true,"valueName":"search_term_string"}}],"inLanguage":"en-US"},{"@type":"Organization","@id":"https:\/\/lavanno.com\/en\/#organization","name":"Lavanno - Pesuvahendite ekspert","url":"https:\/\/lavanno.com\/en\/","logo":{"@type":"ImageObject","inLanguage":"en-US","@id":"https:\/\/lavanno.com\/en\/#\/schema\/logo\/image\/","url":"https:\/\/lavanno.com\/wp-content\/uploads\/2025\/07\/Lavanno.png","contentUrl":"https:\/\/lavanno.com\/wp-content\/uploads\/2025\/07\/Lavanno.png","width":1200,"height":1200,"caption":"Lavanno - Pesuvahendite ekspert"},"image":{"@id":"https:\/\/lavanno.com\/en\/#\/schema\/logo\/image\/"},"sameAs":["https:\/\/www.facebook.com\/Lavanno.ee"]}]}},"_links":{"self":[{"href":"https:\/\/lavanno.com\/en\/wp-json\/wp\/v2\/product\/4271","targetHints":{"allow":["GET"]}}],"collection":[{"href":"https:\/\/lavanno.com\/en\/wp-json\/wp\/v2\/product"}],"about":[{"href":"https:\/\/lavanno.com\/en\/wp-json\/wp\/v2\/types\/product"}],"replies":[{"embeddable":true,"href":"https:\/\/lavanno.com\/en\/wp-json\/wp\/v2\/comments?post=4271"}],"wp:featuredmedia":[{"embeddable":true,"href":"https:\/\/lavanno.com\/en\/wp-json\/wp\/v2\/media\/5169"}],"wp:attachment":[{"href":"https:\/\/lavanno.com\/en\/wp-json\/wp\/v2\/media?parent=4271"}],"wp:term":[{"taxonomy":"product_brand","embeddable":true,"href":"https:\/\/lavanno.com\/en\/wp-json\/wp\/v2\/product_brand?post=4271"},{"taxonomy":"product_cat","embeddable":true,"href":"https:\/\/lavanno.com\/en\/wp-json\/wp\/v2\/product_cat?post=4271"},{"taxonomy":"product_tag","embeddable":true,"href":"https:\/\/lavanno.com\/en\/wp-json\/wp\/v2\/product_tag?post=4271"}],"curies":[{"name":"wp","href":"https:\/\/api.w.org\/{rel}","templated":true}]}}