{"id":4285,"date":"2025-02-08T15:38:26","date_gmt":"2025-02-08T13:38:26","guid":{"rendered":"https:\/\/lavanno.com\/product\/oxon-pesuvalgendaja-uhekordne-annus-150tk\/"},"modified":"2026-05-02T08:15:01","modified_gmt":"2026-05-02T05:15:01","slug":"oxon-pesuvalgendaja-uhekordne-annus-150tk","status":"publish","type":"product","link":"https:\/\/lavanno.com\/en\/toode\/oxon-pesuvalgendaja-uhekordne-annus-150tk\/","title":{"rendered":"Oxon &#8211; pesuvalgendaja &#8211; \u00fchekordne annus 150tk"},"content":{"rendered":"<p><a href=\"https:\/\/lavanno.com\/wp-content\/uploads\/2021\/05\/A48-610Hygienfresh_OxonRel2ENSDS.pdf\">Safety Data Sheet<\/a><a href=\"https:\/\/lavanno.com\/wp-content\/uploads\/2021\/05\/A48-610Oxon_MonodoseRel1ENTEC.pdf\">Technical Data Sheet<\/a><\/p>\n","protected":false},"excerpt":{"rendered":"<p>Viimase p\u00f5lvkonna lisand valge ja v\u00e4rvilise pesu eelpesuks. Pleegitus- ja plekit\u00f6\u00f6tluslisand, mis toimib juba 20\u00b0 juures.<br \/>\n150x50ml karbid<\/p>\n<ul><\/p>\n<li>See k\u00f5rvaldab t\u00f5husalt raskestieemaldatavad plekid.<\/li>\n<p><\/p>\n<li>Pleegiti toimib k\u00fclmal temperatuuril. See tagab suurep\u00e4rase valgenduse.<\/li>\n<p><\/p>\n<li>See muudab v\u00e4rvilise pesu s\u00e4ravaks<\/li>\n<p><\/p>\n<li>See tagab h\u00fcgieenilisuse juba madalal temperatuuril<\/li>\n<p><\/p>\n<li>See ei kahjusta isegi \u00f5rnemaid kiude.<\/li>\n<p><\/p>\n<li>Seda saab kande otse r\u00f5ivale plekkide eelt\u00f6\u00f6tlemiseks. See on v\u00e4ga t\u00f5hus hallitusplekkide suhtes.<\/li>\n<p>\n<\/ul>\n","protected":false},"featured_media":5363,"comment_status":"open","ping_status":"closed","template":"","meta":[],"product_brand":[],"product_cat":[506,525,572,514,547],"product_tag":[],"class_list":{"0":"post-4285","1":"product","2":"type-product","3":"status-publish","4":"has-post-thumbnail","6":"product_cat-ariklient","7":"product_cat-vesipesuvahendid","8":"product_cat-lisaained","9":"product_cat-keemiline-puhastus","10":"product_cat-pesuvahendid-eraklient","12":"first","13":"instock","14":"taxable","15":"shipping-taxable","16":"purchasable","17":"product-type-simple"},"yoast_head":"<!-- This site is optimized with the Yoast SEO plugin v27.0 - https:\/\/yoast.com\/product\/yoast-seo-wordpress\/ -->\n<title>Oxon - pesuvalgendaja - \u00fchekordne annus 150tk - Lavanno - pesuvahendite ekspert<\/title>\n<meta name=\"robots\" content=\"index, follow, max-snippet:-1, max-image-preview:large, max-video-preview:-1\" \/>\n<link rel=\"canonical\" href=\"https:\/\/lavanno.com\/en\/toode\/oxon-pesuvalgendaja-uhekordne-annus-150tk\/\" \/>\n<meta property=\"og:locale\" content=\"en_US\" \/>\n<meta property=\"og:type\" content=\"article\" \/>\n<meta property=\"og:title\" content=\"Oxon - pesuvalgendaja - \u00fchekordne annus 150tk - Lavanno - pesuvahendite ekspert\" \/>\n<meta property=\"og:description\" content=\"Viimase p\u00f5lvkonna lisand valge ja v\u00e4rvilise pesu eelpesuks. Pleegitus- ja plekit\u00f6\u00f6tluslisand, mis toimib juba 20\u00b0 juures. 150x50ml karbid   See k\u00f5rvaldab t\u00f5husalt raskestieemaldatavad plekid.  Pleegiti toimib k\u00fclmal temperatuuril. See tagab suurep\u00e4rase valgenduse.  See muudab v\u00e4rvilise pesu s\u00e4ravaks  See tagab h\u00fcgieenilisuse juba madalal temperatuuril  See ei kahjusta isegi \u00f5rnemaid kiude.  Seda saab kande otse r\u00f5ivale plekkide eelt\u00f6\u00f6tlemiseks. See on v\u00e4ga t\u00f5hus hallitusplekkide suhtes.\" \/>\n<meta property=\"og:url\" content=\"https:\/\/lavanno.com\/en\/toode\/oxon-pesuvalgendaja-uhekordne-annus-150tk\/\" \/>\n<meta property=\"og:site_name\" content=\"Lavanno - pesuvahendite ekspert\" \/>\n<meta property=\"article:publisher\" content=\"https:\/\/www.facebook.com\/Lavanno.ee\" \/>\n<meta property=\"article:modified_time\" content=\"2026-05-02T05:15:01+00:00\" \/>\n<meta property=\"og:image\" content=\"https:\/\/lavanno.com\/wp-content\/uploads\/2025\/02\/a48-610monodose_oxon-1.png\" \/>\n\t<meta property=\"og:image:width\" content=\"800\" \/>\n\t<meta property=\"og:image:height\" content=\"800\" \/>\n\t<meta property=\"og:image:type\" content=\"image\/png\" \/>\n<meta name=\"twitter:card\" content=\"summary_large_image\" \/>\n<script type=\"application\/ld+json\" class=\"yoast-schema-graph\">{\"@context\":\"https:\/\/schema.org\",\"@graph\":[{\"@type\":\"WebPage\",\"@id\":\"https:\/\/lavanno.com\/en\/toode\/oxon-pesuvalgendaja-uhekordne-annus-150tk\/\",\"url\":\"https:\/\/lavanno.com\/en\/toode\/oxon-pesuvalgendaja-uhekordne-annus-150tk\/\",\"name\":\"Oxon - pesuvalgendaja - \u00fchekordne annus 150tk - Lavanno - pesuvahendite ekspert\",\"isPartOf\":{\"@id\":\"https:\/\/lavanno.com\/en\/#website\"},\"primaryImageOfPage\":{\"@id\":\"https:\/\/lavanno.com\/en\/toode\/oxon-pesuvalgendaja-uhekordne-annus-150tk\/#primaryimage\"},\"image\":{\"@id\":\"https:\/\/lavanno.com\/en\/toode\/oxon-pesuvalgendaja-uhekordne-annus-150tk\/#primaryimage\"},\"thumbnailUrl\":\"https:\/\/lavanno.com\/wp-content\/uploads\/2025\/02\/a48-610monodose_oxon-1.png\",\"datePublished\":\"2025-02-08T13:38:26+00:00\",\"dateModified\":\"2026-05-02T05:15:01+00:00\",\"breadcrumb\":{\"@id\":\"https:\/\/lavanno.com\/en\/toode\/oxon-pesuvalgendaja-uhekordne-annus-150tk\/#breadcrumb\"},\"inLanguage\":\"en-US\",\"potentialAction\":[{\"@type\":\"ReadAction\",\"target\":[\"https:\/\/lavanno.com\/en\/toode\/oxon-pesuvalgendaja-uhekordne-annus-150tk\/\"]}]},{\"@type\":\"ImageObject\",\"inLanguage\":\"en-US\",\"@id\":\"https:\/\/lavanno.com\/en\/toode\/oxon-pesuvalgendaja-uhekordne-annus-150tk\/#primaryimage\",\"url\":\"https:\/\/lavanno.com\/wp-content\/uploads\/2025\/02\/a48-610monodose_oxon-1.png\",\"contentUrl\":\"https:\/\/lavanno.com\/wp-content\/uploads\/2025\/02\/a48-610monodose_oxon-1.png\",\"width\":800,\"height\":800},{\"@type\":\"BreadcrumbList\",\"@id\":\"https:\/\/lavanno.com\/en\/toode\/oxon-pesuvalgendaja-uhekordne-annus-150tk\/#breadcrumb\",\"itemListElement\":[{\"@type\":\"ListItem\",\"position\":1,\"name\":\"Home\",\"item\":\"https:\/\/lavanno.com\/en\/\"},{\"@type\":\"ListItem\",\"position\":2,\"name\":\"E-pood\",\"item\":\"https:\/\/lavanno.com\/e-pood\/\"},{\"@type\":\"ListItem\",\"position\":3,\"name\":\"Oxon &#8211; pesuvalgendaja &#8211; \u00fchekordne annus 150tk\"}]},{\"@type\":\"WebSite\",\"@id\":\"https:\/\/lavanno.com\/en\/#website\",\"url\":\"https:\/\/lavanno.com\/en\/\",\"name\":\"Lavanno - Pesuvahendite ekspert\",\"description\":\"Toome maale ja m\u00fc\u00fcme tekstiili pesuvahendeid, pesumajaseadmeid ja tarvikuid. Hooldame ja konsulteerime.\",\"publisher\":{\"@id\":\"https:\/\/lavanno.com\/en\/#organization\"},\"potentialAction\":[{\"@type\":\"SearchAction\",\"target\":{\"@type\":\"EntryPoint\",\"urlTemplate\":\"https:\/\/lavanno.com\/en\/?s={search_term_string}\"},\"query-input\":{\"@type\":\"PropertyValueSpecification\",\"valueRequired\":true,\"valueName\":\"search_term_string\"}}],\"inLanguage\":\"en-US\"},{\"@type\":\"Organization\",\"@id\":\"https:\/\/lavanno.com\/en\/#organization\",\"name\":\"Lavanno - Pesuvahendite ekspert\",\"url\":\"https:\/\/lavanno.com\/en\/\",\"logo\":{\"@type\":\"ImageObject\",\"inLanguage\":\"en-US\",\"@id\":\"https:\/\/lavanno.com\/en\/#\/schema\/logo\/image\/\",\"url\":\"https:\/\/lavanno.com\/wp-content\/uploads\/2025\/07\/Lavanno.png\",\"contentUrl\":\"https:\/\/lavanno.com\/wp-content\/uploads\/2025\/07\/Lavanno.png\",\"width\":1200,\"height\":1200,\"caption\":\"Lavanno - Pesuvahendite ekspert\"},\"image\":{\"@id\":\"https:\/\/lavanno.com\/en\/#\/schema\/logo\/image\/\"},\"sameAs\":[\"https:\/\/www.facebook.com\/Lavanno.ee\"]}]}<\/script>\n<!-- \/ Yoast SEO plugin. -->","yoast_head_json":{"title":"Oxon - pesuvalgendaja - \u00fchekordne annus 150tk - Lavanno - pesuvahendite ekspert","robots":{"index":"index","follow":"follow","max-snippet":"max-snippet:-1","max-image-preview":"max-image-preview:large","max-video-preview":"max-video-preview:-1"},"canonical":"https:\/\/lavanno.com\/en\/toode\/oxon-pesuvalgendaja-uhekordne-annus-150tk\/","og_locale":"en_US","og_type":"article","og_title":"Oxon - pesuvalgendaja - \u00fchekordne annus 150tk - Lavanno - pesuvahendite ekspert","og_description":"Viimase p\u00f5lvkonna lisand valge ja v\u00e4rvilise pesu eelpesuks. Pleegitus- ja plekit\u00f6\u00f6tluslisand, mis toimib juba 20\u00b0 juures. 150x50ml karbid   See k\u00f5rvaldab t\u00f5husalt raskestieemaldatavad plekid.  Pleegiti toimib k\u00fclmal temperatuuril. See tagab suurep\u00e4rase valgenduse.  See muudab v\u00e4rvilise pesu s\u00e4ravaks  See tagab h\u00fcgieenilisuse juba madalal temperatuuril  See ei kahjusta isegi \u00f5rnemaid kiude.  Seda saab kande otse r\u00f5ivale plekkide eelt\u00f6\u00f6tlemiseks. See on v\u00e4ga t\u00f5hus hallitusplekkide suhtes.","og_url":"https:\/\/lavanno.com\/en\/toode\/oxon-pesuvalgendaja-uhekordne-annus-150tk\/","og_site_name":"Lavanno - pesuvahendite ekspert","article_publisher":"https:\/\/www.facebook.com\/Lavanno.ee","article_modified_time":"2026-05-02T05:15:01+00:00","og_image":[{"width":800,"height":800,"url":"https:\/\/lavanno.com\/wp-content\/uploads\/2025\/02\/a48-610monodose_oxon-1.png","type":"image\/png"}],"twitter_card":"summary_large_image","schema":{"@context":"https:\/\/schema.org","@graph":[{"@type":"WebPage","@id":"https:\/\/lavanno.com\/en\/toode\/oxon-pesuvalgendaja-uhekordne-annus-150tk\/","url":"https:\/\/lavanno.com\/en\/toode\/oxon-pesuvalgendaja-uhekordne-annus-150tk\/","name":"Oxon - pesuvalgendaja - \u00fchekordne annus 150tk - Lavanno - pesuvahendite ekspert","isPartOf":{"@id":"https:\/\/lavanno.com\/en\/#website"},"primaryImageOfPage":{"@id":"https:\/\/lavanno.com\/en\/toode\/oxon-pesuvalgendaja-uhekordne-annus-150tk\/#primaryimage"},"image":{"@id":"https:\/\/lavanno.com\/en\/toode\/oxon-pesuvalgendaja-uhekordne-annus-150tk\/#primaryimage"},"thumbnailUrl":"https:\/\/lavanno.com\/wp-content\/uploads\/2025\/02\/a48-610monodose_oxon-1.png","datePublished":"2025-02-08T13:38:26+00:00","dateModified":"2026-05-02T05:15:01+00:00","breadcrumb":{"@id":"https:\/\/lavanno.com\/en\/toode\/oxon-pesuvalgendaja-uhekordne-annus-150tk\/#breadcrumb"},"inLanguage":"en-US","potentialAction":[{"@type":"ReadAction","target":["https:\/\/lavanno.com\/en\/toode\/oxon-pesuvalgendaja-uhekordne-annus-150tk\/"]}]},{"@type":"ImageObject","inLanguage":"en-US","@id":"https:\/\/lavanno.com\/en\/toode\/oxon-pesuvalgendaja-uhekordne-annus-150tk\/#primaryimage","url":"https:\/\/lavanno.com\/wp-content\/uploads\/2025\/02\/a48-610monodose_oxon-1.png","contentUrl":"https:\/\/lavanno.com\/wp-content\/uploads\/2025\/02\/a48-610monodose_oxon-1.png","width":800,"height":800},{"@type":"BreadcrumbList","@id":"https:\/\/lavanno.com\/en\/toode\/oxon-pesuvalgendaja-uhekordne-annus-150tk\/#breadcrumb","itemListElement":[{"@type":"ListItem","position":1,"name":"Home","item":"https:\/\/lavanno.com\/en\/"},{"@type":"ListItem","position":2,"name":"E-pood","item":"https:\/\/lavanno.com\/e-pood\/"},{"@type":"ListItem","position":3,"name":"Oxon &#8211; pesuvalgendaja &#8211; \u00fchekordne annus 150tk"}]},{"@type":"WebSite","@id":"https:\/\/lavanno.com\/en\/#website","url":"https:\/\/lavanno.com\/en\/","name":"Lavanno - Pesuvahendite ekspert","description":"Toome maale ja m\u00fc\u00fcme tekstiili pesuvahendeid, pesumajaseadmeid ja tarvikuid. Hooldame ja konsulteerime.","publisher":{"@id":"https:\/\/lavanno.com\/en\/#organization"},"potentialAction":[{"@type":"SearchAction","target":{"@type":"EntryPoint","urlTemplate":"https:\/\/lavanno.com\/en\/?s={search_term_string}"},"query-input":{"@type":"PropertyValueSpecification","valueRequired":true,"valueName":"search_term_string"}}],"inLanguage":"en-US"},{"@type":"Organization","@id":"https:\/\/lavanno.com\/en\/#organization","name":"Lavanno - Pesuvahendite ekspert","url":"https:\/\/lavanno.com\/en\/","logo":{"@type":"ImageObject","inLanguage":"en-US","@id":"https:\/\/lavanno.com\/en\/#\/schema\/logo\/image\/","url":"https:\/\/lavanno.com\/wp-content\/uploads\/2025\/07\/Lavanno.png","contentUrl":"https:\/\/lavanno.com\/wp-content\/uploads\/2025\/07\/Lavanno.png","width":1200,"height":1200,"caption":"Lavanno - Pesuvahendite ekspert"},"image":{"@id":"https:\/\/lavanno.com\/en\/#\/schema\/logo\/image\/"},"sameAs":["https:\/\/www.facebook.com\/Lavanno.ee"]}]}},"_links":{"self":[{"href":"https:\/\/lavanno.com\/en\/wp-json\/wp\/v2\/product\/4285","targetHints":{"allow":["GET"]}}],"collection":[{"href":"https:\/\/lavanno.com\/en\/wp-json\/wp\/v2\/product"}],"about":[{"href":"https:\/\/lavanno.com\/en\/wp-json\/wp\/v2\/types\/product"}],"replies":[{"embeddable":true,"href":"https:\/\/lavanno.com\/en\/wp-json\/wp\/v2\/comments?post=4285"}],"wp:featuredmedia":[{"embeddable":true,"href":"https:\/\/lavanno.com\/en\/wp-json\/wp\/v2\/media\/5363"}],"wp:attachment":[{"href":"https:\/\/lavanno.com\/en\/wp-json\/wp\/v2\/media?parent=4285"}],"wp:term":[{"taxonomy":"product_brand","embeddable":true,"href":"https:\/\/lavanno.com\/en\/wp-json\/wp\/v2\/product_brand?post=4285"},{"taxonomy":"product_cat","embeddable":true,"href":"https:\/\/lavanno.com\/en\/wp-json\/wp\/v2\/product_cat?post=4285"},{"taxonomy":"product_tag","embeddable":true,"href":"https:\/\/lavanno.com\/en\/wp-json\/wp\/v2\/product_tag?post=4285"}],"curies":[{"name":"wp","href":"https:\/\/api.w.org\/{rel}","templated":true}]}}