{"id":4309,"date":"2025-02-08T15:38:26","date_gmt":"2025-02-08T13:38:26","guid":{"rendered":"https:\/\/lavanno.com\/product\/fresh-lavender-pesuloputusvahend-lavendel\/"},"modified":"2026-05-02T08:15:04","modified_gmt":"2026-05-02T05:15:04","slug":"fresh-lavender-pesuloputusvahend-lavendel","status":"publish","type":"product","link":"https:\/\/lavanno.com\/en\/toode\/fresh-lavender-pesuloputusvahend-lavendel\/","title":{"rendered":"Fresh Lavender &#8211; pesuloputusvahend (Lavendel)"},"content":{"rendered":"<p><strong>Spetsifikatsioon<\/strong><\/p>\n<p><strong>Kasutamine<\/strong><\/p>\n<p>Kasutada viimases loputusts\u00fcklis madala veetaseme korral.<\/p>\n<p><strong>Koostisosad<\/strong><\/p>\n<p>Vesi, dih\u00fcdrogeenitud rasvhapete derivaat (kationne pehmendav aine), l\u00f5hnaained, isoprop\u00fc\u00fclalkohol, heks\u00fc\u00fclsalits\u00fclaat, fenet\u00fc\u00fclalkohol, met\u00fc\u00fcl-alfa-ionooni isomeerid, bensalkooniumkloriid, tsitronellool, 4-tert-but\u00fc\u00fclts\u00fckloheks\u00fc\u00fclatsetaat, ts\u00fckloheks\u00fc\u00fclsalits\u00fclaat, alfa-isomet\u00fc\u00fclionoon, heks\u00fc\u00fcltsinnamaal, geraniool, dimetikoon, steareth-21, alkohol, amiinid.<\/p>\n<p><strong>Funktsioon<\/strong><\/p>\n<p>L\u00f5hnastatud pesuloputusvahend<\/p>\n","protected":false},"excerpt":{"rendered":"<p>Fresh Lavender on professionaalne pesuloputusvahend, mis tagab suurep\u00e4rase pehmuse ja intensiivse lavendlil\u00f5hna ka v\u00e4hese koguse kasutamisel.<\/p>\n<p>Spetsiaalne koostis hooldab kangakiude, aitab s\u00e4ilitada r\u00f5ivaste kvaliteeti ning annab pesule v\u00e4rske ja rahustava lavendli aroomi. T\u00e4nu k\u00f5rgele kontsentratsioonile on toode v\u00e4ga \u00f6konoomne ning sobib igap\u00e4evaseks professionaalseks kasutamiseks.<\/p>\n<p>Lisaks muudab see triikimise lihtsamaks ning v\u00e4hendab staatilist elektrit, muutes r\u00f5ivad pehmemaks ja mugavamaks kanda.<\/p>\n<ul>\n<li>V\u00e4ga kontsentreeritud \u2013 efektiivne v\u00e4ikese kogusega<\/li>\n<li>Klassikaline ja v\u00e4rske lavendlil\u00f5hn<\/li>\n<li>Muudab kangad pehmeks ja meeldivaks<\/li>\n<li>Lihtsustab triikimist (\u201cEasy Ironing\u201d efekt)<\/li>\n<li>Antistaatiline toime<\/li>\n<li>Sobib professionaalseks kasutamiseks<\/li>\n<li>Fosfaadivaba koostis<\/li>\n<\/ul>\n","protected":false},"featured_media":5297,"comment_status":"open","ping_status":"closed","template":"","meta":[],"product_brand":[],"product_cat":[506,525,550,520,549],"product_tag":[850,835],"class_list":{"0":"post-4309","1":"product","2":"type-product","3":"status-publish","4":"has-post-thumbnail","6":"product_cat-ariklient","7":"product_cat-vesipesuvahendid","8":"product_cat-pesuloputusvahendid-ja-pehmendajad","9":"product_cat-eraklient","10":"product_cat-pesuloputusvahendid-eraklient","11":"product_tag-kodumajapidamine","12":"product_tag-pesumajad","14":"first","15":"instock","16":"taxable","17":"shipping-taxable","18":"purchasable","19":"product-type-variable"},"yoast_head":"<!-- This site is optimized with the Yoast SEO plugin v27.0 - https:\/\/yoast.com\/product\/yoast-seo-wordpress\/ -->\n<title>Fresh Lavender - pesuloputusvahend (Lavendel) - Lavanno - pesuvahendite ekspert<\/title>\n<meta name=\"description\" content=\"Fresh Lavender kontsentreeritud pesuloputusvahend lavendlil\u00f5hnaga. Pehmendab pesu, v\u00e4hendab staatilist elektrit ja j\u00e4tab kauakestva v\u00e4rske l\u00f5hna.\" \/>\n<meta name=\"robots\" content=\"index, follow, max-snippet:-1, max-image-preview:large, max-video-preview:-1\" \/>\n<link rel=\"canonical\" href=\"https:\/\/lavanno.com\/en\/toode\/fresh-lavender-pesuloputusvahend-lavendel\/\" \/>\n<meta property=\"og:locale\" content=\"en_US\" \/>\n<meta property=\"og:type\" content=\"article\" \/>\n<meta property=\"og:title\" content=\"Fresh Lavender - pesuloputusvahend (Lavendel) - Lavanno - pesuvahendite ekspert\" \/>\n<meta property=\"og:description\" content=\"Fresh Lavender kontsentreeritud pesuloputusvahend lavendlil\u00f5hnaga. Pehmendab pesu, v\u00e4hendab staatilist elektrit ja j\u00e4tab kauakestva v\u00e4rske l\u00f5hna.\" \/>\n<meta property=\"og:url\" content=\"https:\/\/lavanno.com\/en\/toode\/fresh-lavender-pesuloputusvahend-lavendel\/\" \/>\n<meta property=\"og:site_name\" content=\"Lavanno - pesuvahendite ekspert\" \/>\n<meta property=\"article:publisher\" content=\"https:\/\/www.facebook.com\/Lavanno.ee\" \/>\n<meta property=\"article:modified_time\" content=\"2026-05-02T05:15:04+00:00\" \/>\n<meta property=\"og:image\" content=\"https:\/\/lavanno.com\/wp-content\/uploads\/2025\/02\/a45-003ammorbidente_freshlavender_groupage-1.png\" \/>\n\t<meta property=\"og:image:width\" content=\"800\" \/>\n\t<meta property=\"og:image:height\" content=\"800\" \/>\n\t<meta property=\"og:image:type\" content=\"image\/png\" \/>\n<meta name=\"twitter:card\" content=\"summary_large_image\" \/>\n<meta name=\"twitter:label1\" content=\"Est. reading time\" \/>\n\t<meta name=\"twitter:data1\" content=\"1 minute\" \/>\n<script type=\"application\/ld+json\" class=\"yoast-schema-graph\">{\"@context\":\"https:\/\/schema.org\",\"@graph\":[{\"@type\":\"WebPage\",\"@id\":\"https:\/\/lavanno.com\/en\/toode\/fresh-lavender-pesuloputusvahend-lavendel\/\",\"url\":\"https:\/\/lavanno.com\/en\/toode\/fresh-lavender-pesuloputusvahend-lavendel\/\",\"name\":\"Fresh Lavender - pesuloputusvahend (Lavendel) - Lavanno - pesuvahendite ekspert\",\"isPartOf\":{\"@id\":\"https:\/\/lavanno.com\/en\/#website\"},\"primaryImageOfPage\":{\"@id\":\"https:\/\/lavanno.com\/en\/toode\/fresh-lavender-pesuloputusvahend-lavendel\/#primaryimage\"},\"image\":{\"@id\":\"https:\/\/lavanno.com\/en\/toode\/fresh-lavender-pesuloputusvahend-lavendel\/#primaryimage\"},\"thumbnailUrl\":\"https:\/\/lavanno.com\/wp-content\/uploads\/2025\/02\/a45-003ammorbidente_freshlavender_groupage-1.png\",\"datePublished\":\"2025-02-08T13:38:26+00:00\",\"dateModified\":\"2026-05-02T05:15:04+00:00\",\"description\":\"Fresh Lavender kontsentreeritud pesuloputusvahend lavendlil\u00f5hnaga. Pehmendab pesu, v\u00e4hendab staatilist elektrit ja j\u00e4tab kauakestva v\u00e4rske l\u00f5hna.\",\"breadcrumb\":{\"@id\":\"https:\/\/lavanno.com\/en\/toode\/fresh-lavender-pesuloputusvahend-lavendel\/#breadcrumb\"},\"inLanguage\":\"en-US\",\"potentialAction\":[{\"@type\":\"ReadAction\",\"target\":[\"https:\/\/lavanno.com\/en\/toode\/fresh-lavender-pesuloputusvahend-lavendel\/\"]}]},{\"@type\":\"ImageObject\",\"inLanguage\":\"en-US\",\"@id\":\"https:\/\/lavanno.com\/en\/toode\/fresh-lavender-pesuloputusvahend-lavendel\/#primaryimage\",\"url\":\"https:\/\/lavanno.com\/wp-content\/uploads\/2025\/02\/a45-003ammorbidente_freshlavender_groupage-1.png\",\"contentUrl\":\"https:\/\/lavanno.com\/wp-content\/uploads\/2025\/02\/a45-003ammorbidente_freshlavender_groupage-1.png\",\"width\":800,\"height\":800},{\"@type\":\"BreadcrumbList\",\"@id\":\"https:\/\/lavanno.com\/en\/toode\/fresh-lavender-pesuloputusvahend-lavendel\/#breadcrumb\",\"itemListElement\":[{\"@type\":\"ListItem\",\"position\":1,\"name\":\"Home\",\"item\":\"https:\/\/lavanno.com\/en\/\"},{\"@type\":\"ListItem\",\"position\":2,\"name\":\"E-pood\",\"item\":\"https:\/\/lavanno.com\/e-pood\/\"},{\"@type\":\"ListItem\",\"position\":3,\"name\":\"Fresh Lavender &#8211; pesuloputusvahend (Lavendel)\"}]},{\"@type\":\"WebSite\",\"@id\":\"https:\/\/lavanno.com\/en\/#website\",\"url\":\"https:\/\/lavanno.com\/en\/\",\"name\":\"Lavanno - Pesuvahendite ekspert\",\"description\":\"Toome maale ja m\u00fc\u00fcme tekstiili pesuvahendeid, pesumajaseadmeid ja tarvikuid. Hooldame ja konsulteerime.\",\"publisher\":{\"@id\":\"https:\/\/lavanno.com\/en\/#organization\"},\"potentialAction\":[{\"@type\":\"SearchAction\",\"target\":{\"@type\":\"EntryPoint\",\"urlTemplate\":\"https:\/\/lavanno.com\/en\/?s={search_term_string}\"},\"query-input\":{\"@type\":\"PropertyValueSpecification\",\"valueRequired\":true,\"valueName\":\"search_term_string\"}}],\"inLanguage\":\"en-US\"},{\"@type\":\"Organization\",\"@id\":\"https:\/\/lavanno.com\/en\/#organization\",\"name\":\"Lavanno - Pesuvahendite ekspert\",\"url\":\"https:\/\/lavanno.com\/en\/\",\"logo\":{\"@type\":\"ImageObject\",\"inLanguage\":\"en-US\",\"@id\":\"https:\/\/lavanno.com\/en\/#\/schema\/logo\/image\/\",\"url\":\"https:\/\/lavanno.com\/wp-content\/uploads\/2025\/07\/Lavanno.png\",\"contentUrl\":\"https:\/\/lavanno.com\/wp-content\/uploads\/2025\/07\/Lavanno.png\",\"width\":1200,\"height\":1200,\"caption\":\"Lavanno - Pesuvahendite ekspert\"},\"image\":{\"@id\":\"https:\/\/lavanno.com\/en\/#\/schema\/logo\/image\/\"},\"sameAs\":[\"https:\/\/www.facebook.com\/Lavanno.ee\"]}]}<\/script>\n<!-- \/ Yoast SEO plugin. -->","yoast_head_json":{"title":"Fresh Lavender - pesuloputusvahend (Lavendel) - Lavanno - pesuvahendite ekspert","description":"Fresh Lavender kontsentreeritud pesuloputusvahend lavendlil\u00f5hnaga. Pehmendab pesu, v\u00e4hendab staatilist elektrit ja j\u00e4tab kauakestva v\u00e4rske l\u00f5hna.","robots":{"index":"index","follow":"follow","max-snippet":"max-snippet:-1","max-image-preview":"max-image-preview:large","max-video-preview":"max-video-preview:-1"},"canonical":"https:\/\/lavanno.com\/en\/toode\/fresh-lavender-pesuloputusvahend-lavendel\/","og_locale":"en_US","og_type":"article","og_title":"Fresh Lavender - pesuloputusvahend (Lavendel) - Lavanno - pesuvahendite ekspert","og_description":"Fresh Lavender kontsentreeritud pesuloputusvahend lavendlil\u00f5hnaga. Pehmendab pesu, v\u00e4hendab staatilist elektrit ja j\u00e4tab kauakestva v\u00e4rske l\u00f5hna.","og_url":"https:\/\/lavanno.com\/en\/toode\/fresh-lavender-pesuloputusvahend-lavendel\/","og_site_name":"Lavanno - pesuvahendite ekspert","article_publisher":"https:\/\/www.facebook.com\/Lavanno.ee","article_modified_time":"2026-05-02T05:15:04+00:00","og_image":[{"width":800,"height":800,"url":"https:\/\/lavanno.com\/wp-content\/uploads\/2025\/02\/a45-003ammorbidente_freshlavender_groupage-1.png","type":"image\/png"}],"twitter_card":"summary_large_image","twitter_misc":{"Est. reading time":"1 minute"},"schema":{"@context":"https:\/\/schema.org","@graph":[{"@type":"WebPage","@id":"https:\/\/lavanno.com\/en\/toode\/fresh-lavender-pesuloputusvahend-lavendel\/","url":"https:\/\/lavanno.com\/en\/toode\/fresh-lavender-pesuloputusvahend-lavendel\/","name":"Fresh Lavender - pesuloputusvahend (Lavendel) - Lavanno - pesuvahendite ekspert","isPartOf":{"@id":"https:\/\/lavanno.com\/en\/#website"},"primaryImageOfPage":{"@id":"https:\/\/lavanno.com\/en\/toode\/fresh-lavender-pesuloputusvahend-lavendel\/#primaryimage"},"image":{"@id":"https:\/\/lavanno.com\/en\/toode\/fresh-lavender-pesuloputusvahend-lavendel\/#primaryimage"},"thumbnailUrl":"https:\/\/lavanno.com\/wp-content\/uploads\/2025\/02\/a45-003ammorbidente_freshlavender_groupage-1.png","datePublished":"2025-02-08T13:38:26+00:00","dateModified":"2026-05-02T05:15:04+00:00","description":"Fresh Lavender kontsentreeritud pesuloputusvahend lavendlil\u00f5hnaga. Pehmendab pesu, v\u00e4hendab staatilist elektrit ja j\u00e4tab kauakestva v\u00e4rske l\u00f5hna.","breadcrumb":{"@id":"https:\/\/lavanno.com\/en\/toode\/fresh-lavender-pesuloputusvahend-lavendel\/#breadcrumb"},"inLanguage":"en-US","potentialAction":[{"@type":"ReadAction","target":["https:\/\/lavanno.com\/en\/toode\/fresh-lavender-pesuloputusvahend-lavendel\/"]}]},{"@type":"ImageObject","inLanguage":"en-US","@id":"https:\/\/lavanno.com\/en\/toode\/fresh-lavender-pesuloputusvahend-lavendel\/#primaryimage","url":"https:\/\/lavanno.com\/wp-content\/uploads\/2025\/02\/a45-003ammorbidente_freshlavender_groupage-1.png","contentUrl":"https:\/\/lavanno.com\/wp-content\/uploads\/2025\/02\/a45-003ammorbidente_freshlavender_groupage-1.png","width":800,"height":800},{"@type":"BreadcrumbList","@id":"https:\/\/lavanno.com\/en\/toode\/fresh-lavender-pesuloputusvahend-lavendel\/#breadcrumb","itemListElement":[{"@type":"ListItem","position":1,"name":"Home","item":"https:\/\/lavanno.com\/en\/"},{"@type":"ListItem","position":2,"name":"E-pood","item":"https:\/\/lavanno.com\/e-pood\/"},{"@type":"ListItem","position":3,"name":"Fresh Lavender &#8211; pesuloputusvahend (Lavendel)"}]},{"@type":"WebSite","@id":"https:\/\/lavanno.com\/en\/#website","url":"https:\/\/lavanno.com\/en\/","name":"Lavanno - Pesuvahendite ekspert","description":"Toome maale ja m\u00fc\u00fcme tekstiili pesuvahendeid, pesumajaseadmeid ja tarvikuid. Hooldame ja konsulteerime.","publisher":{"@id":"https:\/\/lavanno.com\/en\/#organization"},"potentialAction":[{"@type":"SearchAction","target":{"@type":"EntryPoint","urlTemplate":"https:\/\/lavanno.com\/en\/?s={search_term_string}"},"query-input":{"@type":"PropertyValueSpecification","valueRequired":true,"valueName":"search_term_string"}}],"inLanguage":"en-US"},{"@type":"Organization","@id":"https:\/\/lavanno.com\/en\/#organization","name":"Lavanno - Pesuvahendite ekspert","url":"https:\/\/lavanno.com\/en\/","logo":{"@type":"ImageObject","inLanguage":"en-US","@id":"https:\/\/lavanno.com\/en\/#\/schema\/logo\/image\/","url":"https:\/\/lavanno.com\/wp-content\/uploads\/2025\/07\/Lavanno.png","contentUrl":"https:\/\/lavanno.com\/wp-content\/uploads\/2025\/07\/Lavanno.png","width":1200,"height":1200,"caption":"Lavanno - Pesuvahendite ekspert"},"image":{"@id":"https:\/\/lavanno.com\/en\/#\/schema\/logo\/image\/"},"sameAs":["https:\/\/www.facebook.com\/Lavanno.ee"]}]}},"_links":{"self":[{"href":"https:\/\/lavanno.com\/en\/wp-json\/wp\/v2\/product\/4309","targetHints":{"allow":["GET"]}}],"collection":[{"href":"https:\/\/lavanno.com\/en\/wp-json\/wp\/v2\/product"}],"about":[{"href":"https:\/\/lavanno.com\/en\/wp-json\/wp\/v2\/types\/product"}],"replies":[{"embeddable":true,"href":"https:\/\/lavanno.com\/en\/wp-json\/wp\/v2\/comments?post=4309"}],"wp:featuredmedia":[{"embeddable":true,"href":"https:\/\/lavanno.com\/en\/wp-json\/wp\/v2\/media\/5297"}],"wp:attachment":[{"href":"https:\/\/lavanno.com\/en\/wp-json\/wp\/v2\/media?parent=4309"}],"wp:term":[{"taxonomy":"product_brand","embeddable":true,"href":"https:\/\/lavanno.com\/en\/wp-json\/wp\/v2\/product_brand?post=4309"},{"taxonomy":"product_cat","embeddable":true,"href":"https:\/\/lavanno.com\/en\/wp-json\/wp\/v2\/product_cat?post=4309"},{"taxonomy":"product_tag","embeddable":true,"href":"https:\/\/lavanno.com\/en\/wp-json\/wp\/v2\/product_tag?post=4309"}],"curies":[{"name":"wp","href":"https:\/\/api.w.org\/{rel}","templated":true}]}}