{"id":4333,"date":"2025-02-08T15:38:29","date_gmt":"2025-02-08T13:38:29","guid":{"rendered":"https:\/\/lavanno.com\/product\/muschio-bianco-kontsentreeritud-pesuloputusvahend-valge-muskus\/"},"modified":"2026-05-02T08:15:04","modified_gmt":"2026-05-02T05:15:04","slug":"muschio-bianco-kontsentreeritud-pesuloputusvahend-valge-muskus","status":"publish","type":"product","link":"https:\/\/lavanno.com\/en\/toode\/muschio-bianco-kontsentreeritud-pesuloputusvahend-valge-muskus\/","title":{"rendered":"Muschio Bianco &#8211; kontsentreeritud pesuloputusvahend (Valge Muskus)"},"content":{"rendered":"<p><a href=\"https:\/\/lavanno.com\/wp-content\/uploads\/2022\/08\/A45-015Hygienfresh_Ammorbidente_Muschio_BiancoRel4ENSDS.pdf\">Safety Data Sheet<\/a><\/p>\n<p><a href=\"https:\/\/lavanno.com\/wp-content\/uploads\/2021\/05\/A45-015Softener_MuschioRel2ENTEC.pdf\">Technical Data Sheet<\/a><\/p>\n<p>Pesuloputusvahend (mida sageli kutsutakse ka kangapehmendajaks) t\u00e4idab pesupesemise protsessis mitut olulist funktsiooni:<\/p>\n<ol>\n<li><strong>Pehmendab kangaid<\/strong>\u00a0\u2013 Loputusvahend aitab muuta kangakiud pehmemaks, nii et riided tunduvad nahal mugavamad.<\/li>\n<li><strong>V\u00e4hendab staatilist elektrit<\/strong>\u00a0\u2013 Eriti oluline s\u00fcnteetiliste kangaste puhul, mis kipuvad p\u00e4rast pesu sageli \u201ekinni kleepuma\u201c v\u00f5i elektrit s\u00e4ilitama.<\/li>\n<li><strong>Parandab l\u00f5hna<\/strong>\u00a0\u2013 Loputusvahendisse on tavaliselt lisatud l\u00f5hnaaineid, mis annavad pesule kauakestva v\u00e4rske l\u00f5hna.<\/li>\n<li><strong>Kergendab triikimist<\/strong>\u00a0\u2013 Pehmem kangas on lihtsamini triigitav ning v\u00e4heneb kortsumine.<\/li>\n<li><strong>V\u00f5ib pikendada r\u00f5ivaste eluiga<\/strong>\u00a0\u2013 Pehmendav toime v\u00f5ib aidata v\u00e4hendada kangakiudude h\u00f5\u00f5rdumist ja kaitsta neid kiirelt kulumise eest.<\/li>\n<li><strong>Pesuloptusvahend<\/strong>\u00a0on tavaliselt kergelt happelise koostisega, seega nad ka desinfitseerivad riideid ning neutraliseerivad pesuvahendite j\u00e4\u00e4ke, mis loputamisel ei eemaldunud.<\/li>\n<\/ol>\n<p>Kokkuv\u00f5ttes muudab pesuloputusvahend r\u00f5ivad mugavamaks kanda, annab neile meeldiva l\u00f5hna ning lihtsustab nende edasist hooldust (nt triikimist).<\/p>\n","protected":false},"excerpt":{"rendered":"<p>R\u00f5ivaid kaitsva toimega v\u00e4ga kontsentreeritud muskusel\u00f5hnaline pehmendi.<\/p>\n<p>Selle toote eelised:<\/p>\n<p>Suur kontsentratsioon tagab pehmuse ja l\u00f5hna isegi v\u00e4ikese koguse kasutamisel.<\/p>\n<p>\u00dclimalt aktiivsed molekulid eriti pehme tulemuse jaoks.<\/p>\n<p>Teeb triikimise lihtsamaks.<\/p>\n<p>Ei sisalda fosfaate.<\/p>\n<p>Intensiivne aroom.<\/p>\n","protected":false},"featured_media":5307,"comment_status":"open","ping_status":"closed","template":"","meta":[],"product_brand":[],"product_cat":[506,525,550,520,549],"product_tag":[],"class_list":{"0":"post-4333","1":"product","2":"type-product","3":"status-publish","4":"has-post-thumbnail","6":"product_cat-ariklient","7":"product_cat-vesipesuvahendid","8":"product_cat-pesuloputusvahendid-ja-pehmendajad","9":"product_cat-eraklient","10":"product_cat-pesuloputusvahendid-eraklient","12":"first","13":"instock","14":"taxable","15":"shipping-taxable","16":"purchasable","17":"product-type-variable"},"yoast_head":"<!-- This site is optimized with the Yoast SEO plugin v27.0 - https:\/\/yoast.com\/product\/yoast-seo-wordpress\/ -->\n<title>Muschio Bianco - kontsentreeritud pesuloputusvahend (Valge Muskus) - Lavanno - pesuvahendite ekspert<\/title>\n<meta name=\"description\" content=\"R\u00f5ivaid kaitsva toimega kontsentreeritud muskusel\u00f5hnaline pehmendi. Selle toote eelised: Suur kontsentratsioon tagab pehmuse ja l\u00f5hna isegi v\u00e4ikese koguse kasutamisel. \u00dclimalt aktiivsed molekulid eriti pehme tulemuse jaoks. Teeb triikimise lihtsamaks. Ei sisalda fosfaate. Intensiivne aroom.\" \/>\n<meta name=\"robots\" content=\"index, follow, max-snippet:-1, max-image-preview:large, max-video-preview:-1\" \/>\n<link rel=\"canonical\" href=\"https:\/\/lavanno.com\/en\/toode\/muschio-bianco-kontsentreeritud-pesuloputusvahend-valge-muskus\/\" \/>\n<meta property=\"og:locale\" content=\"en_US\" \/>\n<meta property=\"og:type\" content=\"article\" \/>\n<meta property=\"og:title\" content=\"Muschio Bianco - kontsentreeritud pesuloputusvahend (Valge Muskus) - Lavanno - pesuvahendite ekspert\" \/>\n<meta property=\"og:description\" content=\"R\u00f5ivaid kaitsva toimega kontsentreeritud muskusel\u00f5hnaline pehmendi. Selle toote eelised: Suur kontsentratsioon tagab pehmuse ja l\u00f5hna isegi v\u00e4ikese koguse kasutamisel. \u00dclimalt aktiivsed molekulid eriti pehme tulemuse jaoks. Teeb triikimise lihtsamaks. Ei sisalda fosfaate. Intensiivne aroom.\" \/>\n<meta property=\"og:url\" content=\"https:\/\/lavanno.com\/en\/toode\/muschio-bianco-kontsentreeritud-pesuloputusvahend-valge-muskus\/\" \/>\n<meta property=\"og:site_name\" content=\"Lavanno - pesuvahendite ekspert\" \/>\n<meta property=\"article:publisher\" content=\"https:\/\/www.facebook.com\/Lavanno.ee\" \/>\n<meta property=\"article:modified_time\" content=\"2026-05-02T05:15:04+00:00\" \/>\n<meta property=\"og:image\" content=\"https:\/\/lavanno.com\/wp-content\/uploads\/2025\/02\/a45-015ammorbidente_muschio_groupage-1.png\" \/>\n\t<meta property=\"og:image:width\" content=\"800\" \/>\n\t<meta property=\"og:image:height\" content=\"800\" \/>\n\t<meta property=\"og:image:type\" content=\"image\/png\" \/>\n<meta name=\"twitter:card\" content=\"summary_large_image\" \/>\n<meta name=\"twitter:label1\" content=\"Est. reading time\" \/>\n\t<meta name=\"twitter:data1\" content=\"1 minute\" \/>\n<script type=\"application\/ld+json\" class=\"yoast-schema-graph\">{\"@context\":\"https:\/\/schema.org\",\"@graph\":[{\"@type\":\"WebPage\",\"@id\":\"https:\/\/lavanno.com\/en\/toode\/muschio-bianco-kontsentreeritud-pesuloputusvahend-valge-muskus\/\",\"url\":\"https:\/\/lavanno.com\/en\/toode\/muschio-bianco-kontsentreeritud-pesuloputusvahend-valge-muskus\/\",\"name\":\"Muschio Bianco - kontsentreeritud pesuloputusvahend (Valge Muskus) - Lavanno - pesuvahendite ekspert\",\"isPartOf\":{\"@id\":\"https:\/\/lavanno.com\/en\/#website\"},\"primaryImageOfPage\":{\"@id\":\"https:\/\/lavanno.com\/en\/toode\/muschio-bianco-kontsentreeritud-pesuloputusvahend-valge-muskus\/#primaryimage\"},\"image\":{\"@id\":\"https:\/\/lavanno.com\/en\/toode\/muschio-bianco-kontsentreeritud-pesuloputusvahend-valge-muskus\/#primaryimage\"},\"thumbnailUrl\":\"https:\/\/lavanno.com\/wp-content\/uploads\/2025\/02\/a45-015ammorbidente_muschio_groupage-1.png\",\"datePublished\":\"2025-02-08T13:38:29+00:00\",\"dateModified\":\"2026-05-02T05:15:04+00:00\",\"description\":\"R\u00f5ivaid kaitsva toimega kontsentreeritud muskusel\u00f5hnaline pehmendi. Selle toote eelised: Suur kontsentratsioon tagab pehmuse ja l\u00f5hna isegi v\u00e4ikese koguse kasutamisel. \u00dclimalt aktiivsed molekulid eriti pehme tulemuse jaoks. Teeb triikimise lihtsamaks. Ei sisalda fosfaate. Intensiivne aroom.\",\"breadcrumb\":{\"@id\":\"https:\/\/lavanno.com\/en\/toode\/muschio-bianco-kontsentreeritud-pesuloputusvahend-valge-muskus\/#breadcrumb\"},\"inLanguage\":\"en-US\",\"potentialAction\":[{\"@type\":\"ReadAction\",\"target\":[\"https:\/\/lavanno.com\/en\/toode\/muschio-bianco-kontsentreeritud-pesuloputusvahend-valge-muskus\/\"]}]},{\"@type\":\"ImageObject\",\"inLanguage\":\"en-US\",\"@id\":\"https:\/\/lavanno.com\/en\/toode\/muschio-bianco-kontsentreeritud-pesuloputusvahend-valge-muskus\/#primaryimage\",\"url\":\"https:\/\/lavanno.com\/wp-content\/uploads\/2025\/02\/a45-015ammorbidente_muschio_groupage-1.png\",\"contentUrl\":\"https:\/\/lavanno.com\/wp-content\/uploads\/2025\/02\/a45-015ammorbidente_muschio_groupage-1.png\",\"width\":800,\"height\":800},{\"@type\":\"BreadcrumbList\",\"@id\":\"https:\/\/lavanno.com\/en\/toode\/muschio-bianco-kontsentreeritud-pesuloputusvahend-valge-muskus\/#breadcrumb\",\"itemListElement\":[{\"@type\":\"ListItem\",\"position\":1,\"name\":\"Home\",\"item\":\"https:\/\/lavanno.com\/en\/\"},{\"@type\":\"ListItem\",\"position\":2,\"name\":\"E-pood\",\"item\":\"https:\/\/lavanno.com\/e-pood\/\"},{\"@type\":\"ListItem\",\"position\":3,\"name\":\"Muschio Bianco &#8211; kontsentreeritud pesuloputusvahend (Valge Muskus)\"}]},{\"@type\":\"WebSite\",\"@id\":\"https:\/\/lavanno.com\/en\/#website\",\"url\":\"https:\/\/lavanno.com\/en\/\",\"name\":\"Lavanno - Pesuvahendite ekspert\",\"description\":\"Toome maale ja m\u00fc\u00fcme tekstiili pesuvahendeid, pesumajaseadmeid ja tarvikuid. Hooldame ja konsulteerime.\",\"publisher\":{\"@id\":\"https:\/\/lavanno.com\/en\/#organization\"},\"potentialAction\":[{\"@type\":\"SearchAction\",\"target\":{\"@type\":\"EntryPoint\",\"urlTemplate\":\"https:\/\/lavanno.com\/en\/?s={search_term_string}\"},\"query-input\":{\"@type\":\"PropertyValueSpecification\",\"valueRequired\":true,\"valueName\":\"search_term_string\"}}],\"inLanguage\":\"en-US\"},{\"@type\":\"Organization\",\"@id\":\"https:\/\/lavanno.com\/en\/#organization\",\"name\":\"Lavanno - Pesuvahendite ekspert\",\"url\":\"https:\/\/lavanno.com\/en\/\",\"logo\":{\"@type\":\"ImageObject\",\"inLanguage\":\"en-US\",\"@id\":\"https:\/\/lavanno.com\/en\/#\/schema\/logo\/image\/\",\"url\":\"https:\/\/lavanno.com\/wp-content\/uploads\/2025\/07\/Lavanno.png\",\"contentUrl\":\"https:\/\/lavanno.com\/wp-content\/uploads\/2025\/07\/Lavanno.png\",\"width\":1200,\"height\":1200,\"caption\":\"Lavanno - Pesuvahendite ekspert\"},\"image\":{\"@id\":\"https:\/\/lavanno.com\/en\/#\/schema\/logo\/image\/\"},\"sameAs\":[\"https:\/\/www.facebook.com\/Lavanno.ee\"]}]}<\/script>\n<!-- \/ Yoast SEO plugin. -->","yoast_head_json":{"title":"Muschio Bianco - kontsentreeritud pesuloputusvahend (Valge Muskus) - Lavanno - pesuvahendite ekspert","description":"R\u00f5ivaid kaitsva toimega kontsentreeritud muskusel\u00f5hnaline pehmendi. Selle toote eelised: Suur kontsentratsioon tagab pehmuse ja l\u00f5hna isegi v\u00e4ikese koguse kasutamisel. \u00dclimalt aktiivsed molekulid eriti pehme tulemuse jaoks. Teeb triikimise lihtsamaks. Ei sisalda fosfaate. Intensiivne aroom.","robots":{"index":"index","follow":"follow","max-snippet":"max-snippet:-1","max-image-preview":"max-image-preview:large","max-video-preview":"max-video-preview:-1"},"canonical":"https:\/\/lavanno.com\/en\/toode\/muschio-bianco-kontsentreeritud-pesuloputusvahend-valge-muskus\/","og_locale":"en_US","og_type":"article","og_title":"Muschio Bianco - kontsentreeritud pesuloputusvahend (Valge Muskus) - Lavanno - pesuvahendite ekspert","og_description":"R\u00f5ivaid kaitsva toimega kontsentreeritud muskusel\u00f5hnaline pehmendi. Selle toote eelised: Suur kontsentratsioon tagab pehmuse ja l\u00f5hna isegi v\u00e4ikese koguse kasutamisel. \u00dclimalt aktiivsed molekulid eriti pehme tulemuse jaoks. Teeb triikimise lihtsamaks. Ei sisalda fosfaate. Intensiivne aroom.","og_url":"https:\/\/lavanno.com\/en\/toode\/muschio-bianco-kontsentreeritud-pesuloputusvahend-valge-muskus\/","og_site_name":"Lavanno - pesuvahendite ekspert","article_publisher":"https:\/\/www.facebook.com\/Lavanno.ee","article_modified_time":"2026-05-02T05:15:04+00:00","og_image":[{"width":800,"height":800,"url":"https:\/\/lavanno.com\/wp-content\/uploads\/2025\/02\/a45-015ammorbidente_muschio_groupage-1.png","type":"image\/png"}],"twitter_card":"summary_large_image","twitter_misc":{"Est. reading time":"1 minute"},"schema":{"@context":"https:\/\/schema.org","@graph":[{"@type":"WebPage","@id":"https:\/\/lavanno.com\/en\/toode\/muschio-bianco-kontsentreeritud-pesuloputusvahend-valge-muskus\/","url":"https:\/\/lavanno.com\/en\/toode\/muschio-bianco-kontsentreeritud-pesuloputusvahend-valge-muskus\/","name":"Muschio Bianco - kontsentreeritud pesuloputusvahend (Valge Muskus) - Lavanno - pesuvahendite ekspert","isPartOf":{"@id":"https:\/\/lavanno.com\/en\/#website"},"primaryImageOfPage":{"@id":"https:\/\/lavanno.com\/en\/toode\/muschio-bianco-kontsentreeritud-pesuloputusvahend-valge-muskus\/#primaryimage"},"image":{"@id":"https:\/\/lavanno.com\/en\/toode\/muschio-bianco-kontsentreeritud-pesuloputusvahend-valge-muskus\/#primaryimage"},"thumbnailUrl":"https:\/\/lavanno.com\/wp-content\/uploads\/2025\/02\/a45-015ammorbidente_muschio_groupage-1.png","datePublished":"2025-02-08T13:38:29+00:00","dateModified":"2026-05-02T05:15:04+00:00","description":"R\u00f5ivaid kaitsva toimega kontsentreeritud muskusel\u00f5hnaline pehmendi. Selle toote eelised: Suur kontsentratsioon tagab pehmuse ja l\u00f5hna isegi v\u00e4ikese koguse kasutamisel. \u00dclimalt aktiivsed molekulid eriti pehme tulemuse jaoks. Teeb triikimise lihtsamaks. Ei sisalda fosfaate. Intensiivne aroom.","breadcrumb":{"@id":"https:\/\/lavanno.com\/en\/toode\/muschio-bianco-kontsentreeritud-pesuloputusvahend-valge-muskus\/#breadcrumb"},"inLanguage":"en-US","potentialAction":[{"@type":"ReadAction","target":["https:\/\/lavanno.com\/en\/toode\/muschio-bianco-kontsentreeritud-pesuloputusvahend-valge-muskus\/"]}]},{"@type":"ImageObject","inLanguage":"en-US","@id":"https:\/\/lavanno.com\/en\/toode\/muschio-bianco-kontsentreeritud-pesuloputusvahend-valge-muskus\/#primaryimage","url":"https:\/\/lavanno.com\/wp-content\/uploads\/2025\/02\/a45-015ammorbidente_muschio_groupage-1.png","contentUrl":"https:\/\/lavanno.com\/wp-content\/uploads\/2025\/02\/a45-015ammorbidente_muschio_groupage-1.png","width":800,"height":800},{"@type":"BreadcrumbList","@id":"https:\/\/lavanno.com\/en\/toode\/muschio-bianco-kontsentreeritud-pesuloputusvahend-valge-muskus\/#breadcrumb","itemListElement":[{"@type":"ListItem","position":1,"name":"Home","item":"https:\/\/lavanno.com\/en\/"},{"@type":"ListItem","position":2,"name":"E-pood","item":"https:\/\/lavanno.com\/e-pood\/"},{"@type":"ListItem","position":3,"name":"Muschio Bianco &#8211; kontsentreeritud pesuloputusvahend (Valge Muskus)"}]},{"@type":"WebSite","@id":"https:\/\/lavanno.com\/en\/#website","url":"https:\/\/lavanno.com\/en\/","name":"Lavanno - Pesuvahendite ekspert","description":"Toome maale ja m\u00fc\u00fcme tekstiili pesuvahendeid, pesumajaseadmeid ja tarvikuid. Hooldame ja konsulteerime.","publisher":{"@id":"https:\/\/lavanno.com\/en\/#organization"},"potentialAction":[{"@type":"SearchAction","target":{"@type":"EntryPoint","urlTemplate":"https:\/\/lavanno.com\/en\/?s={search_term_string}"},"query-input":{"@type":"PropertyValueSpecification","valueRequired":true,"valueName":"search_term_string"}}],"inLanguage":"en-US"},{"@type":"Organization","@id":"https:\/\/lavanno.com\/en\/#organization","name":"Lavanno - Pesuvahendite ekspert","url":"https:\/\/lavanno.com\/en\/","logo":{"@type":"ImageObject","inLanguage":"en-US","@id":"https:\/\/lavanno.com\/en\/#\/schema\/logo\/image\/","url":"https:\/\/lavanno.com\/wp-content\/uploads\/2025\/07\/Lavanno.png","contentUrl":"https:\/\/lavanno.com\/wp-content\/uploads\/2025\/07\/Lavanno.png","width":1200,"height":1200,"caption":"Lavanno - Pesuvahendite ekspert"},"image":{"@id":"https:\/\/lavanno.com\/en\/#\/schema\/logo\/image\/"},"sameAs":["https:\/\/www.facebook.com\/Lavanno.ee"]}]}},"_links":{"self":[{"href":"https:\/\/lavanno.com\/en\/wp-json\/wp\/v2\/product\/4333","targetHints":{"allow":["GET"]}}],"collection":[{"href":"https:\/\/lavanno.com\/en\/wp-json\/wp\/v2\/product"}],"about":[{"href":"https:\/\/lavanno.com\/en\/wp-json\/wp\/v2\/types\/product"}],"replies":[{"embeddable":true,"href":"https:\/\/lavanno.com\/en\/wp-json\/wp\/v2\/comments?post=4333"}],"wp:featuredmedia":[{"embeddable":true,"href":"https:\/\/lavanno.com\/en\/wp-json\/wp\/v2\/media\/5307"}],"wp:attachment":[{"href":"https:\/\/lavanno.com\/en\/wp-json\/wp\/v2\/media?parent=4333"}],"wp:term":[{"taxonomy":"product_brand","embeddable":true,"href":"https:\/\/lavanno.com\/en\/wp-json\/wp\/v2\/product_brand?post=4333"},{"taxonomy":"product_cat","embeddable":true,"href":"https:\/\/lavanno.com\/en\/wp-json\/wp\/v2\/product_cat?post=4333"},{"taxonomy":"product_tag","embeddable":true,"href":"https:\/\/lavanno.com\/en\/wp-json\/wp\/v2\/product_tag?post=4333"}],"curies":[{"name":"wp","href":"https:\/\/api.w.org\/{rel}","templated":true}]}}