{"id":4338,"date":"2025-02-08T15:38:29","date_gmt":"2025-02-08T13:38:29","guid":{"rendered":"https:\/\/lavanno.com\/product\/white-xtra-pesuaine-valgele-pesule\/"},"modified":"2026-05-02T08:15:04","modified_gmt":"2026-05-02T05:15:04","slug":"white-xtra-pesuaine-valgele-pesule","status":"publish","type":"product","link":"https:\/\/lavanno.com\/en\/toode\/white-xtra-pesuaine-valgele-pesule\/","title":{"rendered":"White Xtra &#8211; pesuaine valgele pesule"},"content":{"rendered":"<p><strong>Spetsifikatsioonid<\/strong><\/p>\n<p><strong>Kasutamine<\/strong><\/p>\n<p>Lisage pesuaine pesumasina t\u00e4itmise sektsiooni, kui masin on t\u00e4ielikult koormatud. Sobib kasutamiseks nii k\u00e4sitsi kui ka masinpesu puhul.<\/p>\n<p><strong>V\u00f6\u00f6tkood<\/strong><\/p>\n<p>(01)08054729630774<\/p>\n<p><strong>Koostisosad<\/strong><\/p>\n<p>Aqua, gl\u00fctseriin, naatriumlaureetsulfaat, naatriumdodek\u00fc\u00fclbenseensulfonaat, C13-15 pareth-7, kokamiid DEA, parf\u00fc\u00fcm, mea-boraat, etoks\u00fcleeritud pol\u00fcet\u00fcleenimiin, naatriumtsitraat, naatriumdist\u00fc\u00fc\u00fclbifen\u00fc\u00fcl-disulfonaat, dimetikoon, kokogl\u00fckosiid, dietanoolamiin, steareet-21, heks\u00fc\u00fcltsinnamaal, limoneen, subtilisiin, linalool, \u03b1-am\u00fclaas, lipaas, isoeugenool, met\u00fc\u00fclkloroisotiasolinoon, met\u00fc\u00fclisotiasolinoon.<\/p>\n<p><strong>met\u00fc\u00fclkloroisotiasolinoon, met\u00fc\u00fclisotiasolinoon (3:1) = 0,00075%<\/strong><\/p>\n<p><strong>Funktsioon<\/strong><\/p>\n<p>Pesuaine valgetele r\u00f5ivastele.<\/p>\n<p>&nbsp;<\/p>\n<p><a href=\"https:\/\/lavanno.com\/wp-content\/uploads\/2024\/10\/A39-512Hygienfresh_Detergente_White_XtraRel6ETSDS.pdf\" target=\"_blank\" rel=\"noopener\">Ohutuskaart<\/a><\/p>\n<p><a href=\"https:\/\/lavanno.com\/wp-content\/uploads\/2024\/10\/A39-512White_XtraRel3ENTEC.pdf\" target=\"_blank\" rel=\"noopener\">Tehniline kaart<\/a><\/p>\n","protected":false},"excerpt":{"rendered":"<p><strong>Pesuaine valgetele r\u00f5ivastele<\/strong><\/p>\n<p><strong>Kirjeldus<\/strong><\/p>\n<p>Ens\u00fcmaatiline pesuaine, mis sisaldab optilisi valgendeid, ens\u00fc\u00fcme ja hallinemist takistavaid pol\u00fcmeere, et pesta ja hooldada valgeid r\u00f5ivaid.<\/p>\n<ul>\n<li>Suure pindaktiivsete ainete kontsentratsioon s\u00fcgavaks puhastamiseks.<\/li>\n<li>Ens\u00fc\u00fcmide s\u00fcsteem k\u00f5ige raskemate plekkide eemaldamiseks.<\/li>\n<li>Optilised valgendid, mis panevad valged r\u00f5ivad s\u00e4rama.<\/li>\n<li>Spetsiaalsed hallinemist takistavad pol\u00fcmeerid, mis hoiavad osakesi suspensioonis ja tagavad pideva valge puhtuse aja jooksul.<\/li>\n<li>Ideaalne ka t\u00f6\u00f6stuslikele pesumajadele.<\/li>\n<\/ul>\n","protected":false},"featured_media":5251,"comment_status":"open","ping_status":"closed","template":"","meta":[],"product_brand":[],"product_cat":[506,525,546,548,520,547],"product_tag":[834,850,835],"class_list":{"0":"post-4338","1":"product","2":"type-product","3":"status-publish","4":"has-post-thumbnail","6":"product_cat-ariklient","7":"product_cat-vesipesuvahendid","8":"product_cat-pesuained","9":"product_cat-spetsiifilised-puhastusvahendid","10":"product_cat-eraklient","11":"product_cat-pesuvahendid-eraklient","12":"product_tag-horeca","13":"product_tag-kodumajapidamine","14":"product_tag-pesumajad","16":"first","17":"instock","18":"taxable","19":"shipping-taxable","20":"purchasable","21":"product-type-variable"},"yoast_head":"<!-- This site is optimized with the Yoast SEO plugin v27.0 - https:\/\/yoast.com\/product\/yoast-seo-wordpress\/ -->\n<title>White Xtra - pesuaine valgele pesule - Lavanno - pesuvahendite ekspert<\/title>\n<meta name=\"description\" content=\"White Xtra \u2013 professionaalne pesuaine valgetele kangastele. Sisaldab t\u00f5husaid ens\u00fc\u00fcme ja hallikaks muutumise vastaseid pol\u00fcmeere.\" \/>\n<meta name=\"robots\" content=\"index, follow, max-snippet:-1, max-image-preview:large, max-video-preview:-1\" \/>\n<link rel=\"canonical\" href=\"https:\/\/lavanno.com\/en\/toode\/white-xtra-pesuaine-valgele-pesule\/\" \/>\n<meta property=\"og:locale\" content=\"en_US\" \/>\n<meta property=\"og:type\" content=\"article\" \/>\n<meta property=\"og:title\" content=\"White Xtra - pesuaine valgele pesule - Lavanno - pesuvahendite ekspert\" \/>\n<meta property=\"og:description\" content=\"White Xtra \u2013 professionaalne pesuaine valgetele kangastele. Sisaldab t\u00f5husaid ens\u00fc\u00fcme ja hallikaks muutumise vastaseid pol\u00fcmeere.\" \/>\n<meta property=\"og:url\" content=\"https:\/\/lavanno.com\/en\/toode\/white-xtra-pesuaine-valgele-pesule\/\" \/>\n<meta property=\"og:site_name\" content=\"Lavanno - pesuvahendite ekspert\" \/>\n<meta property=\"article:publisher\" content=\"https:\/\/www.facebook.com\/Lavanno.ee\" \/>\n<meta property=\"article:modified_time\" content=\"2026-05-02T05:15:04+00:00\" \/>\n<meta property=\"og:image\" content=\"https:\/\/lavanno.com\/wp-content\/uploads\/2025\/02\/a39-512whitextra_groupage-1.png\" \/>\n\t<meta property=\"og:image:width\" content=\"800\" \/>\n\t<meta property=\"og:image:height\" content=\"800\" \/>\n\t<meta property=\"og:image:type\" content=\"image\/png\" \/>\n<meta name=\"twitter:card\" content=\"summary_large_image\" \/>\n<meta name=\"twitter:label1\" content=\"Est. reading time\" \/>\n\t<meta name=\"twitter:data1\" content=\"1 minute\" \/>\n<script type=\"application\/ld+json\" class=\"yoast-schema-graph\">{\"@context\":\"https:\/\/schema.org\",\"@graph\":[{\"@type\":\"WebPage\",\"@id\":\"https:\/\/lavanno.com\/en\/toode\/white-xtra-pesuaine-valgele-pesule\/\",\"url\":\"https:\/\/lavanno.com\/en\/toode\/white-xtra-pesuaine-valgele-pesule\/\",\"name\":\"White Xtra - pesuaine valgele pesule - Lavanno - pesuvahendite ekspert\",\"isPartOf\":{\"@id\":\"https:\/\/lavanno.com\/en\/#website\"},\"primaryImageOfPage\":{\"@id\":\"https:\/\/lavanno.com\/en\/toode\/white-xtra-pesuaine-valgele-pesule\/#primaryimage\"},\"image\":{\"@id\":\"https:\/\/lavanno.com\/en\/toode\/white-xtra-pesuaine-valgele-pesule\/#primaryimage\"},\"thumbnailUrl\":\"https:\/\/lavanno.com\/wp-content\/uploads\/2025\/02\/a39-512whitextra_groupage-1.png\",\"datePublished\":\"2025-02-08T13:38:29+00:00\",\"dateModified\":\"2026-05-02T05:15:04+00:00\",\"description\":\"White Xtra \u2013 professionaalne pesuaine valgetele kangastele. Sisaldab t\u00f5husaid ens\u00fc\u00fcme ja hallikaks muutumise vastaseid pol\u00fcmeere.\",\"breadcrumb\":{\"@id\":\"https:\/\/lavanno.com\/en\/toode\/white-xtra-pesuaine-valgele-pesule\/#breadcrumb\"},\"inLanguage\":\"en-US\",\"potentialAction\":[{\"@type\":\"ReadAction\",\"target\":[\"https:\/\/lavanno.com\/en\/toode\/white-xtra-pesuaine-valgele-pesule\/\"]}]},{\"@type\":\"ImageObject\",\"inLanguage\":\"en-US\",\"@id\":\"https:\/\/lavanno.com\/en\/toode\/white-xtra-pesuaine-valgele-pesule\/#primaryimage\",\"url\":\"https:\/\/lavanno.com\/wp-content\/uploads\/2025\/02\/a39-512whitextra_groupage-1.png\",\"contentUrl\":\"https:\/\/lavanno.com\/wp-content\/uploads\/2025\/02\/a39-512whitextra_groupage-1.png\",\"width\":800,\"height\":800},{\"@type\":\"BreadcrumbList\",\"@id\":\"https:\/\/lavanno.com\/en\/toode\/white-xtra-pesuaine-valgele-pesule\/#breadcrumb\",\"itemListElement\":[{\"@type\":\"ListItem\",\"position\":1,\"name\":\"Home\",\"item\":\"https:\/\/lavanno.com\/en\/\"},{\"@type\":\"ListItem\",\"position\":2,\"name\":\"E-pood\",\"item\":\"https:\/\/lavanno.com\/e-pood\/\"},{\"@type\":\"ListItem\",\"position\":3,\"name\":\"White Xtra &#8211; pesuaine valgele pesule\"}]},{\"@type\":\"WebSite\",\"@id\":\"https:\/\/lavanno.com\/en\/#website\",\"url\":\"https:\/\/lavanno.com\/en\/\",\"name\":\"Lavanno - Pesuvahendite ekspert\",\"description\":\"Toome maale ja m\u00fc\u00fcme tekstiili pesuvahendeid, pesumajaseadmeid ja tarvikuid. Hooldame ja konsulteerime.\",\"publisher\":{\"@id\":\"https:\/\/lavanno.com\/en\/#organization\"},\"potentialAction\":[{\"@type\":\"SearchAction\",\"target\":{\"@type\":\"EntryPoint\",\"urlTemplate\":\"https:\/\/lavanno.com\/en\/?s={search_term_string}\"},\"query-input\":{\"@type\":\"PropertyValueSpecification\",\"valueRequired\":true,\"valueName\":\"search_term_string\"}}],\"inLanguage\":\"en-US\"},{\"@type\":\"Organization\",\"@id\":\"https:\/\/lavanno.com\/en\/#organization\",\"name\":\"Lavanno - Pesuvahendite ekspert\",\"url\":\"https:\/\/lavanno.com\/en\/\",\"logo\":{\"@type\":\"ImageObject\",\"inLanguage\":\"en-US\",\"@id\":\"https:\/\/lavanno.com\/en\/#\/schema\/logo\/image\/\",\"url\":\"https:\/\/lavanno.com\/wp-content\/uploads\/2025\/07\/Lavanno.png\",\"contentUrl\":\"https:\/\/lavanno.com\/wp-content\/uploads\/2025\/07\/Lavanno.png\",\"width\":1200,\"height\":1200,\"caption\":\"Lavanno - Pesuvahendite ekspert\"},\"image\":{\"@id\":\"https:\/\/lavanno.com\/en\/#\/schema\/logo\/image\/\"},\"sameAs\":[\"https:\/\/www.facebook.com\/Lavanno.ee\"]}]}<\/script>\n<!-- \/ Yoast SEO plugin. -->","yoast_head_json":{"title":"White Xtra - pesuaine valgele pesule - Lavanno - pesuvahendite ekspert","description":"White Xtra \u2013 professionaalne pesuaine valgetele kangastele. Sisaldab t\u00f5husaid ens\u00fc\u00fcme ja hallikaks muutumise vastaseid pol\u00fcmeere.","robots":{"index":"index","follow":"follow","max-snippet":"max-snippet:-1","max-image-preview":"max-image-preview:large","max-video-preview":"max-video-preview:-1"},"canonical":"https:\/\/lavanno.com\/en\/toode\/white-xtra-pesuaine-valgele-pesule\/","og_locale":"en_US","og_type":"article","og_title":"White Xtra - pesuaine valgele pesule - Lavanno - pesuvahendite ekspert","og_description":"White Xtra \u2013 professionaalne pesuaine valgetele kangastele. Sisaldab t\u00f5husaid ens\u00fc\u00fcme ja hallikaks muutumise vastaseid pol\u00fcmeere.","og_url":"https:\/\/lavanno.com\/en\/toode\/white-xtra-pesuaine-valgele-pesule\/","og_site_name":"Lavanno - pesuvahendite ekspert","article_publisher":"https:\/\/www.facebook.com\/Lavanno.ee","article_modified_time":"2026-05-02T05:15:04+00:00","og_image":[{"width":800,"height":800,"url":"https:\/\/lavanno.com\/wp-content\/uploads\/2025\/02\/a39-512whitextra_groupage-1.png","type":"image\/png"}],"twitter_card":"summary_large_image","twitter_misc":{"Est. reading time":"1 minute"},"schema":{"@context":"https:\/\/schema.org","@graph":[{"@type":"WebPage","@id":"https:\/\/lavanno.com\/en\/toode\/white-xtra-pesuaine-valgele-pesule\/","url":"https:\/\/lavanno.com\/en\/toode\/white-xtra-pesuaine-valgele-pesule\/","name":"White Xtra - pesuaine valgele pesule - Lavanno - pesuvahendite ekspert","isPartOf":{"@id":"https:\/\/lavanno.com\/en\/#website"},"primaryImageOfPage":{"@id":"https:\/\/lavanno.com\/en\/toode\/white-xtra-pesuaine-valgele-pesule\/#primaryimage"},"image":{"@id":"https:\/\/lavanno.com\/en\/toode\/white-xtra-pesuaine-valgele-pesule\/#primaryimage"},"thumbnailUrl":"https:\/\/lavanno.com\/wp-content\/uploads\/2025\/02\/a39-512whitextra_groupage-1.png","datePublished":"2025-02-08T13:38:29+00:00","dateModified":"2026-05-02T05:15:04+00:00","description":"White Xtra \u2013 professionaalne pesuaine valgetele kangastele. Sisaldab t\u00f5husaid ens\u00fc\u00fcme ja hallikaks muutumise vastaseid pol\u00fcmeere.","breadcrumb":{"@id":"https:\/\/lavanno.com\/en\/toode\/white-xtra-pesuaine-valgele-pesule\/#breadcrumb"},"inLanguage":"en-US","potentialAction":[{"@type":"ReadAction","target":["https:\/\/lavanno.com\/en\/toode\/white-xtra-pesuaine-valgele-pesule\/"]}]},{"@type":"ImageObject","inLanguage":"en-US","@id":"https:\/\/lavanno.com\/en\/toode\/white-xtra-pesuaine-valgele-pesule\/#primaryimage","url":"https:\/\/lavanno.com\/wp-content\/uploads\/2025\/02\/a39-512whitextra_groupage-1.png","contentUrl":"https:\/\/lavanno.com\/wp-content\/uploads\/2025\/02\/a39-512whitextra_groupage-1.png","width":800,"height":800},{"@type":"BreadcrumbList","@id":"https:\/\/lavanno.com\/en\/toode\/white-xtra-pesuaine-valgele-pesule\/#breadcrumb","itemListElement":[{"@type":"ListItem","position":1,"name":"Home","item":"https:\/\/lavanno.com\/en\/"},{"@type":"ListItem","position":2,"name":"E-pood","item":"https:\/\/lavanno.com\/e-pood\/"},{"@type":"ListItem","position":3,"name":"White Xtra &#8211; pesuaine valgele pesule"}]},{"@type":"WebSite","@id":"https:\/\/lavanno.com\/en\/#website","url":"https:\/\/lavanno.com\/en\/","name":"Lavanno - Pesuvahendite ekspert","description":"Toome maale ja m\u00fc\u00fcme tekstiili pesuvahendeid, pesumajaseadmeid ja tarvikuid. Hooldame ja konsulteerime.","publisher":{"@id":"https:\/\/lavanno.com\/en\/#organization"},"potentialAction":[{"@type":"SearchAction","target":{"@type":"EntryPoint","urlTemplate":"https:\/\/lavanno.com\/en\/?s={search_term_string}"},"query-input":{"@type":"PropertyValueSpecification","valueRequired":true,"valueName":"search_term_string"}}],"inLanguage":"en-US"},{"@type":"Organization","@id":"https:\/\/lavanno.com\/en\/#organization","name":"Lavanno - Pesuvahendite ekspert","url":"https:\/\/lavanno.com\/en\/","logo":{"@type":"ImageObject","inLanguage":"en-US","@id":"https:\/\/lavanno.com\/en\/#\/schema\/logo\/image\/","url":"https:\/\/lavanno.com\/wp-content\/uploads\/2025\/07\/Lavanno.png","contentUrl":"https:\/\/lavanno.com\/wp-content\/uploads\/2025\/07\/Lavanno.png","width":1200,"height":1200,"caption":"Lavanno - Pesuvahendite ekspert"},"image":{"@id":"https:\/\/lavanno.com\/en\/#\/schema\/logo\/image\/"},"sameAs":["https:\/\/www.facebook.com\/Lavanno.ee"]}]}},"_links":{"self":[{"href":"https:\/\/lavanno.com\/en\/wp-json\/wp\/v2\/product\/4338","targetHints":{"allow":["GET"]}}],"collection":[{"href":"https:\/\/lavanno.com\/en\/wp-json\/wp\/v2\/product"}],"about":[{"href":"https:\/\/lavanno.com\/en\/wp-json\/wp\/v2\/types\/product"}],"replies":[{"embeddable":true,"href":"https:\/\/lavanno.com\/en\/wp-json\/wp\/v2\/comments?post=4338"}],"wp:featuredmedia":[{"embeddable":true,"href":"https:\/\/lavanno.com\/en\/wp-json\/wp\/v2\/media\/5251"}],"wp:attachment":[{"href":"https:\/\/lavanno.com\/en\/wp-json\/wp\/v2\/media?parent=4338"}],"wp:term":[{"taxonomy":"product_brand","embeddable":true,"href":"https:\/\/lavanno.com\/en\/wp-json\/wp\/v2\/product_brand?post=4338"},{"taxonomy":"product_cat","embeddable":true,"href":"https:\/\/lavanno.com\/en\/wp-json\/wp\/v2\/product_cat?post=4338"},{"taxonomy":"product_tag","embeddable":true,"href":"https:\/\/lavanno.com\/en\/wp-json\/wp\/v2\/product_tag?post=4338"}],"curies":[{"name":"wp","href":"https:\/\/api.w.org\/{rel}","templated":true}]}}