{"id":4344,"date":"2025-02-08T15:38:29","date_gmt":"2025-02-08T13:38:29","guid":{"rendered":"https:\/\/lavanno.com\/product\/odorblok-porandapesuvahend\/"},"modified":"2026-05-02T08:15:04","modified_gmt":"2026-05-02T05:15:04","slug":"odorblok-porandapesuvahend","status":"publish","type":"product","link":"https:\/\/lavanno.com\/en\/toode\/odorblok-porandapesuvahend\/","title":{"rendered":"Odorblok &#8211; p\u00f5randapesuvahend"},"content":{"rendered":"<p><a href=\"https:\/\/lavanno.com\/wp-content\/uploads\/2022\/08\/A32-100Hygienfresh_Odorblok_Detergente_PavimentiRel2ENSDS.pdf\">Safety Data Sheet<\/a><\/br><a href=\"https:\/\/lavanno.com\/wp-content\/uploads\/2021\/05\/A32-100OdorBlok_Floor_DetergentRel1ENTEC.pdf\">Technical Data Sheet<\/a><\/p>\n","protected":false},"excerpt":{"rendered":"<p>OdorBlok Floor pesuaine on revolutsiooniline mitme funktsiooniga l\u00f5hnaeemaldusgeel, millel on spetsiaalne l\u00f5hnu eemaldav ja l\u00f5hnastav toime. Sellel on s\u00fcgavpuhastav toime ning see annab kauakestva l\u00f5hna.<br \/>Suur toimeaine kontsentratsioon suurendab rasva eemaldavat toimet.<\/p>\n<p><\/p>\n<ul><\/p>\n<li>Neutraalne pH, sobib igat liiki p\u00f5randatele<\/li>\n<p><\/p>\n<li>Intensiivne ja kauakestev l\u00f5hn<\/li>\n<p><\/p>\n<li>See ei vaja loputamist<\/li>\n<p><\/p>\n<li>See sisaldab kahte innovatiivset molekuli, mis toimivad aktiivselt k\u00f5igi l\u00f5hnade suhtes<\/li>\n<p><\/p>\n<li>V\u00e4ga kontsentreeritud geel<\/li>\n<p>\n <\/ul>\n","protected":false},"featured_media":5213,"comment_status":"open","ping_status":"closed","template":"","meta":[],"product_brand":[],"product_cat":[506,552,555,520,551],"product_tag":[],"class_list":{"0":"post-4344","1":"product","2":"type-product","3":"status-publish","4":"has-post-thumbnail","6":"product_cat-ariklient","7":"product_cat-aripindade-hooldus","8":"product_cat-poranda-ja-tasapindade-puhastusvahendid","9":"product_cat-eraklient","10":"product_cat-koduhooldus-eraklient","12":"first","13":"instock","14":"taxable","15":"shipping-taxable","16":"purchasable","17":"product-type-variable"},"yoast_head":"<!-- This site is optimized with the Yoast SEO plugin v27.0 - https:\/\/yoast.com\/product\/yoast-seo-wordpress\/ -->\n<title>Odorblok - p\u00f5randapesuvahend - Lavanno - pesuvahendite ekspert<\/title>\n<meta name=\"robots\" content=\"index, follow, max-snippet:-1, max-image-preview:large, max-video-preview:-1\" \/>\n<link rel=\"canonical\" href=\"https:\/\/lavanno.com\/en\/toode\/odorblok-porandapesuvahend\/\" \/>\n<meta property=\"og:locale\" content=\"en_US\" \/>\n<meta property=\"og:type\" content=\"article\" \/>\n<meta property=\"og:title\" content=\"Odorblok - p\u00f5randapesuvahend - Lavanno - pesuvahendite ekspert\" \/>\n<meta property=\"og:description\" content=\"OdorBlok Floor pesuaine on revolutsiooniline mitme funktsiooniga l\u00f5hnaeemaldusgeel, millel on spetsiaalne l\u00f5hnu eemaldav ja l\u00f5hnastav toime. Sellel on s\u00fcgavpuhastav toime ning see annab kauakestva l\u00f5hna.Suur toimeaine kontsentratsioon suurendab rasva eemaldavat toimet.  Neutraalne pH, sobib igat liiki p\u00f5randatele Intensiivne ja kauakestev l\u00f5hn See ei vaja loputamist See sisaldab kahte innovatiivset molekuli, mis toimivad aktiivselt k\u00f5igi l\u00f5hnade suhtes V\u00e4ga kontsentreeritud geel\" \/>\n<meta property=\"og:url\" content=\"https:\/\/lavanno.com\/en\/toode\/odorblok-porandapesuvahend\/\" \/>\n<meta property=\"og:site_name\" content=\"Lavanno - pesuvahendite ekspert\" \/>\n<meta property=\"article:publisher\" content=\"https:\/\/www.facebook.com\/Lavanno.ee\" \/>\n<meta property=\"article:modified_time\" content=\"2026-05-02T05:15:04+00:00\" \/>\n<meta property=\"og:image\" content=\"https:\/\/lavanno.com\/wp-content\/uploads\/2025\/02\/a32-100pavimenti_odorblok_groupage-1.png\" \/>\n\t<meta property=\"og:image:width\" content=\"800\" \/>\n\t<meta property=\"og:image:height\" content=\"800\" \/>\n\t<meta property=\"og:image:type\" content=\"image\/png\" \/>\n<meta name=\"twitter:card\" content=\"summary_large_image\" \/>\n<script type=\"application\/ld+json\" class=\"yoast-schema-graph\">{\"@context\":\"https:\/\/schema.org\",\"@graph\":[{\"@type\":\"WebPage\",\"@id\":\"https:\/\/lavanno.com\/en\/toode\/odorblok-porandapesuvahend\/\",\"url\":\"https:\/\/lavanno.com\/en\/toode\/odorblok-porandapesuvahend\/\",\"name\":\"Odorblok - p\u00f5randapesuvahend - Lavanno - pesuvahendite ekspert\",\"isPartOf\":{\"@id\":\"https:\/\/lavanno.com\/en\/#website\"},\"primaryImageOfPage\":{\"@id\":\"https:\/\/lavanno.com\/en\/toode\/odorblok-porandapesuvahend\/#primaryimage\"},\"image\":{\"@id\":\"https:\/\/lavanno.com\/en\/toode\/odorblok-porandapesuvahend\/#primaryimage\"},\"thumbnailUrl\":\"https:\/\/lavanno.com\/wp-content\/uploads\/2025\/02\/a32-100pavimenti_odorblok_groupage-1.png\",\"datePublished\":\"2025-02-08T13:38:29+00:00\",\"dateModified\":\"2026-05-02T05:15:04+00:00\",\"breadcrumb\":{\"@id\":\"https:\/\/lavanno.com\/en\/toode\/odorblok-porandapesuvahend\/#breadcrumb\"},\"inLanguage\":\"en-US\",\"potentialAction\":[{\"@type\":\"ReadAction\",\"target\":[\"https:\/\/lavanno.com\/en\/toode\/odorblok-porandapesuvahend\/\"]}]},{\"@type\":\"ImageObject\",\"inLanguage\":\"en-US\",\"@id\":\"https:\/\/lavanno.com\/en\/toode\/odorblok-porandapesuvahend\/#primaryimage\",\"url\":\"https:\/\/lavanno.com\/wp-content\/uploads\/2025\/02\/a32-100pavimenti_odorblok_groupage-1.png\",\"contentUrl\":\"https:\/\/lavanno.com\/wp-content\/uploads\/2025\/02\/a32-100pavimenti_odorblok_groupage-1.png\",\"width\":800,\"height\":800},{\"@type\":\"BreadcrumbList\",\"@id\":\"https:\/\/lavanno.com\/en\/toode\/odorblok-porandapesuvahend\/#breadcrumb\",\"itemListElement\":[{\"@type\":\"ListItem\",\"position\":1,\"name\":\"Home\",\"item\":\"https:\/\/lavanno.com\/en\/\"},{\"@type\":\"ListItem\",\"position\":2,\"name\":\"E-pood\",\"item\":\"https:\/\/lavanno.com\/e-pood\/\"},{\"@type\":\"ListItem\",\"position\":3,\"name\":\"Odorblok &#8211; p\u00f5randapesuvahend\"}]},{\"@type\":\"WebSite\",\"@id\":\"https:\/\/lavanno.com\/en\/#website\",\"url\":\"https:\/\/lavanno.com\/en\/\",\"name\":\"Lavanno - Pesuvahendite ekspert\",\"description\":\"Toome maale ja m\u00fc\u00fcme tekstiili pesuvahendeid, pesumajaseadmeid ja tarvikuid. Hooldame ja konsulteerime.\",\"publisher\":{\"@id\":\"https:\/\/lavanno.com\/en\/#organization\"},\"potentialAction\":[{\"@type\":\"SearchAction\",\"target\":{\"@type\":\"EntryPoint\",\"urlTemplate\":\"https:\/\/lavanno.com\/en\/?s={search_term_string}\"},\"query-input\":{\"@type\":\"PropertyValueSpecification\",\"valueRequired\":true,\"valueName\":\"search_term_string\"}}],\"inLanguage\":\"en-US\"},{\"@type\":\"Organization\",\"@id\":\"https:\/\/lavanno.com\/en\/#organization\",\"name\":\"Lavanno - Pesuvahendite ekspert\",\"url\":\"https:\/\/lavanno.com\/en\/\",\"logo\":{\"@type\":\"ImageObject\",\"inLanguage\":\"en-US\",\"@id\":\"https:\/\/lavanno.com\/en\/#\/schema\/logo\/image\/\",\"url\":\"https:\/\/lavanno.com\/wp-content\/uploads\/2025\/07\/Lavanno.png\",\"contentUrl\":\"https:\/\/lavanno.com\/wp-content\/uploads\/2025\/07\/Lavanno.png\",\"width\":1200,\"height\":1200,\"caption\":\"Lavanno - Pesuvahendite ekspert\"},\"image\":{\"@id\":\"https:\/\/lavanno.com\/en\/#\/schema\/logo\/image\/\"},\"sameAs\":[\"https:\/\/www.facebook.com\/Lavanno.ee\"]}]}<\/script>\n<!-- \/ Yoast SEO plugin. -->","yoast_head_json":{"title":"Odorblok - p\u00f5randapesuvahend - Lavanno - pesuvahendite ekspert","robots":{"index":"index","follow":"follow","max-snippet":"max-snippet:-1","max-image-preview":"max-image-preview:large","max-video-preview":"max-video-preview:-1"},"canonical":"https:\/\/lavanno.com\/en\/toode\/odorblok-porandapesuvahend\/","og_locale":"en_US","og_type":"article","og_title":"Odorblok - p\u00f5randapesuvahend - Lavanno - pesuvahendite ekspert","og_description":"OdorBlok Floor pesuaine on revolutsiooniline mitme funktsiooniga l\u00f5hnaeemaldusgeel, millel on spetsiaalne l\u00f5hnu eemaldav ja l\u00f5hnastav toime. Sellel on s\u00fcgavpuhastav toime ning see annab kauakestva l\u00f5hna.Suur toimeaine kontsentratsioon suurendab rasva eemaldavat toimet.  Neutraalne pH, sobib igat liiki p\u00f5randatele Intensiivne ja kauakestev l\u00f5hn See ei vaja loputamist See sisaldab kahte innovatiivset molekuli, mis toimivad aktiivselt k\u00f5igi l\u00f5hnade suhtes V\u00e4ga kontsentreeritud geel","og_url":"https:\/\/lavanno.com\/en\/toode\/odorblok-porandapesuvahend\/","og_site_name":"Lavanno - pesuvahendite ekspert","article_publisher":"https:\/\/www.facebook.com\/Lavanno.ee","article_modified_time":"2026-05-02T05:15:04+00:00","og_image":[{"width":800,"height":800,"url":"https:\/\/lavanno.com\/wp-content\/uploads\/2025\/02\/a32-100pavimenti_odorblok_groupage-1.png","type":"image\/png"}],"twitter_card":"summary_large_image","schema":{"@context":"https:\/\/schema.org","@graph":[{"@type":"WebPage","@id":"https:\/\/lavanno.com\/en\/toode\/odorblok-porandapesuvahend\/","url":"https:\/\/lavanno.com\/en\/toode\/odorblok-porandapesuvahend\/","name":"Odorblok - p\u00f5randapesuvahend - Lavanno - pesuvahendite ekspert","isPartOf":{"@id":"https:\/\/lavanno.com\/en\/#website"},"primaryImageOfPage":{"@id":"https:\/\/lavanno.com\/en\/toode\/odorblok-porandapesuvahend\/#primaryimage"},"image":{"@id":"https:\/\/lavanno.com\/en\/toode\/odorblok-porandapesuvahend\/#primaryimage"},"thumbnailUrl":"https:\/\/lavanno.com\/wp-content\/uploads\/2025\/02\/a32-100pavimenti_odorblok_groupage-1.png","datePublished":"2025-02-08T13:38:29+00:00","dateModified":"2026-05-02T05:15:04+00:00","breadcrumb":{"@id":"https:\/\/lavanno.com\/en\/toode\/odorblok-porandapesuvahend\/#breadcrumb"},"inLanguage":"en-US","potentialAction":[{"@type":"ReadAction","target":["https:\/\/lavanno.com\/en\/toode\/odorblok-porandapesuvahend\/"]}]},{"@type":"ImageObject","inLanguage":"en-US","@id":"https:\/\/lavanno.com\/en\/toode\/odorblok-porandapesuvahend\/#primaryimage","url":"https:\/\/lavanno.com\/wp-content\/uploads\/2025\/02\/a32-100pavimenti_odorblok_groupage-1.png","contentUrl":"https:\/\/lavanno.com\/wp-content\/uploads\/2025\/02\/a32-100pavimenti_odorblok_groupage-1.png","width":800,"height":800},{"@type":"BreadcrumbList","@id":"https:\/\/lavanno.com\/en\/toode\/odorblok-porandapesuvahend\/#breadcrumb","itemListElement":[{"@type":"ListItem","position":1,"name":"Home","item":"https:\/\/lavanno.com\/en\/"},{"@type":"ListItem","position":2,"name":"E-pood","item":"https:\/\/lavanno.com\/e-pood\/"},{"@type":"ListItem","position":3,"name":"Odorblok &#8211; p\u00f5randapesuvahend"}]},{"@type":"WebSite","@id":"https:\/\/lavanno.com\/en\/#website","url":"https:\/\/lavanno.com\/en\/","name":"Lavanno - Pesuvahendite ekspert","description":"Toome maale ja m\u00fc\u00fcme tekstiili pesuvahendeid, pesumajaseadmeid ja tarvikuid. Hooldame ja konsulteerime.","publisher":{"@id":"https:\/\/lavanno.com\/en\/#organization"},"potentialAction":[{"@type":"SearchAction","target":{"@type":"EntryPoint","urlTemplate":"https:\/\/lavanno.com\/en\/?s={search_term_string}"},"query-input":{"@type":"PropertyValueSpecification","valueRequired":true,"valueName":"search_term_string"}}],"inLanguage":"en-US"},{"@type":"Organization","@id":"https:\/\/lavanno.com\/en\/#organization","name":"Lavanno - Pesuvahendite ekspert","url":"https:\/\/lavanno.com\/en\/","logo":{"@type":"ImageObject","inLanguage":"en-US","@id":"https:\/\/lavanno.com\/en\/#\/schema\/logo\/image\/","url":"https:\/\/lavanno.com\/wp-content\/uploads\/2025\/07\/Lavanno.png","contentUrl":"https:\/\/lavanno.com\/wp-content\/uploads\/2025\/07\/Lavanno.png","width":1200,"height":1200,"caption":"Lavanno - Pesuvahendite ekspert"},"image":{"@id":"https:\/\/lavanno.com\/en\/#\/schema\/logo\/image\/"},"sameAs":["https:\/\/www.facebook.com\/Lavanno.ee"]}]}},"_links":{"self":[{"href":"https:\/\/lavanno.com\/en\/wp-json\/wp\/v2\/product\/4344","targetHints":{"allow":["GET"]}}],"collection":[{"href":"https:\/\/lavanno.com\/en\/wp-json\/wp\/v2\/product"}],"about":[{"href":"https:\/\/lavanno.com\/en\/wp-json\/wp\/v2\/types\/product"}],"replies":[{"embeddable":true,"href":"https:\/\/lavanno.com\/en\/wp-json\/wp\/v2\/comments?post=4344"}],"wp:featuredmedia":[{"embeddable":true,"href":"https:\/\/lavanno.com\/en\/wp-json\/wp\/v2\/media\/5213"}],"wp:attachment":[{"href":"https:\/\/lavanno.com\/en\/wp-json\/wp\/v2\/media?parent=4344"}],"wp:term":[{"taxonomy":"product_brand","embeddable":true,"href":"https:\/\/lavanno.com\/en\/wp-json\/wp\/v2\/product_brand?post=4344"},{"taxonomy":"product_cat","embeddable":true,"href":"https:\/\/lavanno.com\/en\/wp-json\/wp\/v2\/product_cat?post=4344"},{"taxonomy":"product_tag","embeddable":true,"href":"https:\/\/lavanno.com\/en\/wp-json\/wp\/v2\/product_tag?post=4344"}],"curies":[{"name":"wp","href":"https:\/\/api.w.org\/{rel}","templated":true}]}}