{"id":4353,"date":"2025-02-08T15:38:29","date_gmt":"2025-02-08T13:38:29","guid":{"rendered":"https:\/\/lavanno.com\/product\/deocaps-note-di-pulito-textilesair-6x500ml\/"},"modified":"2026-05-02T08:15:04","modified_gmt":"2026-05-02T05:15:04","slug":"deocaps-note-di-pulito-textilesair-6x500ml","status":"publish","type":"product","link":"https:\/\/lavanno.com\/en\/toode\/deocaps-note-di-pulito-textilesair-6x500ml\/","title":{"rendered":"DeoCaps Note di Pulito Textiles&amp;Air 6x500ml"},"content":{"rendered":"<p><a href=\"https:\/\/lavanno.com\/wp-content\/uploads\/2021\/05\/A73-905Hygienfresh_DeoCaps_Note_di_Pulito_Tessuti&amp;AmbienteRel1ENSDS.pdf\">Safety Data Sheet<\/a><\/br><a href=\"https:\/\/lavanno.com\/wp-content\/uploads\/2021\/05\/A73-905DeoCaps_NoteRel2ENTEC.pdf\">Technical Data Sheet<\/a><\/p>\n","protected":false},"excerpt":{"rendered":"<p>Mitmeotstarbeline l\u00f5hnasprei: see l\u00f5hnastab \u00f5hku ja kangaid. See h\u00f5lbustab triikimist ja on puhastava toimega.<\/p>\n<p><\/p>\n<ul><\/p>\n<li>V\u00e4rske pesu essentsi suur sisaldus.<\/li>\n<p><\/p>\n<li>Mikrokapslid teevad l\u00f5hna kauakestvamaks. L\u00f5hn p\u00fcsib riietel ka m\u00f5ne n\u00e4dala p\u00e4rast.<\/li>\n<p><\/p>\n<li>See sisaldab pindaktiivseid aineid, mis puhastavad, eemaldavad tolmu ja staatilise elektri m\u00f6\u00f6bliesemetelt.<\/li>\n<p><\/p>\n<li>See h\u00f5lbustab triikimist.<\/li>\n<p><\/p>\n<li>V\u00e4ga intensiivne ja kauakestev l\u00f5hn.<\/li>\n<p>\n <\/ul>\n","protected":false},"featured_media":5447,"comment_status":"open","ping_status":"closed","template":"","meta":[],"product_brand":[],"product_cat":[506,584,574,575],"product_tag":[],"class_list":{"0":"post-4353","1":"product","2":"type-product","3":"status-publish","4":"has-post-thumbnail","6":"product_cat-ariklient","7":"product_cat-ohu-ja-kangasvarskendajad","8":"product_cat-pihustite-sari","9":"product_cat-muud-pihustid-pihustite-sari-ariklient","11":"first","12":"outofstock","13":"taxable","14":"shipping-taxable","15":"purchasable","16":"product-type-variable"},"yoast_head":"<!-- This site is optimized with the Yoast SEO plugin v27.0 - https:\/\/yoast.com\/product\/yoast-seo-wordpress\/ -->\n<title>DeoCaps Note di Pulito Textiles&amp;Air 6x500ml - Lavanno - pesuvahendite ekspert<\/title>\n<meta name=\"robots\" content=\"index, follow, max-snippet:-1, max-image-preview:large, max-video-preview:-1\" \/>\n<link rel=\"canonical\" href=\"https:\/\/lavanno.com\/en\/toode\/deocaps-note-di-pulito-textilesair-6x500ml\/\" \/>\n<meta property=\"og:locale\" content=\"en_US\" \/>\n<meta property=\"og:type\" content=\"article\" \/>\n<meta property=\"og:title\" content=\"DeoCaps Note di Pulito Textiles&amp;Air 6x500ml - Lavanno - pesuvahendite ekspert\" \/>\n<meta property=\"og:description\" content=\"Mitmeotstarbeline l\u00f5hnasprei: see l\u00f5hnastab \u00f5hku ja kangaid. See h\u00f5lbustab triikimist ja on puhastava toimega.  V\u00e4rske pesu essentsi suur sisaldus. Mikrokapslid teevad l\u00f5hna kauakestvamaks. L\u00f5hn p\u00fcsib riietel ka m\u00f5ne n\u00e4dala p\u00e4rast. See sisaldab pindaktiivseid aineid, mis puhastavad, eemaldavad tolmu ja staatilise elektri m\u00f6\u00f6bliesemetelt. See h\u00f5lbustab triikimist. V\u00e4ga intensiivne ja kauakestev l\u00f5hn.\" \/>\n<meta property=\"og:url\" content=\"https:\/\/lavanno.com\/en\/toode\/deocaps-note-di-pulito-textilesair-6x500ml\/\" \/>\n<meta property=\"og:site_name\" content=\"Lavanno - pesuvahendite ekspert\" \/>\n<meta property=\"article:publisher\" content=\"https:\/\/www.facebook.com\/Lavanno.ee\" \/>\n<meta property=\"article:modified_time\" content=\"2026-05-02T05:15:04+00:00\" \/>\n<meta property=\"og:image\" content=\"https:\/\/lavanno.com\/wp-content\/uploads\/2025\/02\/a73-905ax6deocaps_notedipulito-1.png\" \/>\n\t<meta property=\"og:image:width\" content=\"800\" \/>\n\t<meta property=\"og:image:height\" content=\"800\" \/>\n\t<meta property=\"og:image:type\" content=\"image\/png\" \/>\n<meta name=\"twitter:card\" content=\"summary_large_image\" \/>\n<script type=\"application\/ld+json\" class=\"yoast-schema-graph\">{\"@context\":\"https:\/\/schema.org\",\"@graph\":[{\"@type\":\"WebPage\",\"@id\":\"https:\/\/lavanno.com\/en\/toode\/deocaps-note-di-pulito-textilesair-6x500ml\/\",\"url\":\"https:\/\/lavanno.com\/en\/toode\/deocaps-note-di-pulito-textilesair-6x500ml\/\",\"name\":\"DeoCaps Note di Pulito Textiles&amp;Air 6x500ml - Lavanno - pesuvahendite ekspert\",\"isPartOf\":{\"@id\":\"https:\/\/lavanno.com\/en\/#website\"},\"primaryImageOfPage\":{\"@id\":\"https:\/\/lavanno.com\/en\/toode\/deocaps-note-di-pulito-textilesair-6x500ml\/#primaryimage\"},\"image\":{\"@id\":\"https:\/\/lavanno.com\/en\/toode\/deocaps-note-di-pulito-textilesair-6x500ml\/#primaryimage\"},\"thumbnailUrl\":\"https:\/\/lavanno.com\/wp-content\/uploads\/2025\/02\/a73-905ax6deocaps_notedipulito-1.png\",\"datePublished\":\"2025-02-08T13:38:29+00:00\",\"dateModified\":\"2026-05-02T05:15:04+00:00\",\"breadcrumb\":{\"@id\":\"https:\/\/lavanno.com\/en\/toode\/deocaps-note-di-pulito-textilesair-6x500ml\/#breadcrumb\"},\"inLanguage\":\"en-US\",\"potentialAction\":[{\"@type\":\"ReadAction\",\"target\":[\"https:\/\/lavanno.com\/en\/toode\/deocaps-note-di-pulito-textilesair-6x500ml\/\"]}]},{\"@type\":\"ImageObject\",\"inLanguage\":\"en-US\",\"@id\":\"https:\/\/lavanno.com\/en\/toode\/deocaps-note-di-pulito-textilesair-6x500ml\/#primaryimage\",\"url\":\"https:\/\/lavanno.com\/wp-content\/uploads\/2025\/02\/a73-905ax6deocaps_notedipulito-1.png\",\"contentUrl\":\"https:\/\/lavanno.com\/wp-content\/uploads\/2025\/02\/a73-905ax6deocaps_notedipulito-1.png\",\"width\":800,\"height\":800},{\"@type\":\"BreadcrumbList\",\"@id\":\"https:\/\/lavanno.com\/en\/toode\/deocaps-note-di-pulito-textilesair-6x500ml\/#breadcrumb\",\"itemListElement\":[{\"@type\":\"ListItem\",\"position\":1,\"name\":\"Home\",\"item\":\"https:\/\/lavanno.com\/en\/\"},{\"@type\":\"ListItem\",\"position\":2,\"name\":\"E-pood\",\"item\":\"https:\/\/lavanno.com\/e-pood\/\"},{\"@type\":\"ListItem\",\"position\":3,\"name\":\"DeoCaps Note di Pulito Textiles&amp;Air 6x500ml\"}]},{\"@type\":\"WebSite\",\"@id\":\"https:\/\/lavanno.com\/en\/#website\",\"url\":\"https:\/\/lavanno.com\/en\/\",\"name\":\"Lavanno - Pesuvahendite ekspert\",\"description\":\"Toome maale ja m\u00fc\u00fcme tekstiili pesuvahendeid, pesumajaseadmeid ja tarvikuid. Hooldame ja konsulteerime.\",\"publisher\":{\"@id\":\"https:\/\/lavanno.com\/en\/#organization\"},\"potentialAction\":[{\"@type\":\"SearchAction\",\"target\":{\"@type\":\"EntryPoint\",\"urlTemplate\":\"https:\/\/lavanno.com\/en\/?s={search_term_string}\"},\"query-input\":{\"@type\":\"PropertyValueSpecification\",\"valueRequired\":true,\"valueName\":\"search_term_string\"}}],\"inLanguage\":\"en-US\"},{\"@type\":\"Organization\",\"@id\":\"https:\/\/lavanno.com\/en\/#organization\",\"name\":\"Lavanno - Pesuvahendite ekspert\",\"url\":\"https:\/\/lavanno.com\/en\/\",\"logo\":{\"@type\":\"ImageObject\",\"inLanguage\":\"en-US\",\"@id\":\"https:\/\/lavanno.com\/en\/#\/schema\/logo\/image\/\",\"url\":\"https:\/\/lavanno.com\/wp-content\/uploads\/2025\/07\/Lavanno.png\",\"contentUrl\":\"https:\/\/lavanno.com\/wp-content\/uploads\/2025\/07\/Lavanno.png\",\"width\":1200,\"height\":1200,\"caption\":\"Lavanno - Pesuvahendite ekspert\"},\"image\":{\"@id\":\"https:\/\/lavanno.com\/en\/#\/schema\/logo\/image\/\"},\"sameAs\":[\"https:\/\/www.facebook.com\/Lavanno.ee\"]}]}<\/script>\n<!-- \/ Yoast SEO plugin. -->","yoast_head_json":{"title":"DeoCaps Note di Pulito Textiles&amp;Air 6x500ml - Lavanno - pesuvahendite ekspert","robots":{"index":"index","follow":"follow","max-snippet":"max-snippet:-1","max-image-preview":"max-image-preview:large","max-video-preview":"max-video-preview:-1"},"canonical":"https:\/\/lavanno.com\/en\/toode\/deocaps-note-di-pulito-textilesair-6x500ml\/","og_locale":"en_US","og_type":"article","og_title":"DeoCaps Note di Pulito Textiles&amp;Air 6x500ml - Lavanno - pesuvahendite ekspert","og_description":"Mitmeotstarbeline l\u00f5hnasprei: see l\u00f5hnastab \u00f5hku ja kangaid. See h\u00f5lbustab triikimist ja on puhastava toimega.  V\u00e4rske pesu essentsi suur sisaldus. Mikrokapslid teevad l\u00f5hna kauakestvamaks. L\u00f5hn p\u00fcsib riietel ka m\u00f5ne n\u00e4dala p\u00e4rast. See sisaldab pindaktiivseid aineid, mis puhastavad, eemaldavad tolmu ja staatilise elektri m\u00f6\u00f6bliesemetelt. See h\u00f5lbustab triikimist. V\u00e4ga intensiivne ja kauakestev l\u00f5hn.","og_url":"https:\/\/lavanno.com\/en\/toode\/deocaps-note-di-pulito-textilesair-6x500ml\/","og_site_name":"Lavanno - pesuvahendite ekspert","article_publisher":"https:\/\/www.facebook.com\/Lavanno.ee","article_modified_time":"2026-05-02T05:15:04+00:00","og_image":[{"width":800,"height":800,"url":"https:\/\/lavanno.com\/wp-content\/uploads\/2025\/02\/a73-905ax6deocaps_notedipulito-1.png","type":"image\/png"}],"twitter_card":"summary_large_image","schema":{"@context":"https:\/\/schema.org","@graph":[{"@type":"WebPage","@id":"https:\/\/lavanno.com\/en\/toode\/deocaps-note-di-pulito-textilesair-6x500ml\/","url":"https:\/\/lavanno.com\/en\/toode\/deocaps-note-di-pulito-textilesair-6x500ml\/","name":"DeoCaps Note di Pulito Textiles&amp;Air 6x500ml - Lavanno - pesuvahendite ekspert","isPartOf":{"@id":"https:\/\/lavanno.com\/en\/#website"},"primaryImageOfPage":{"@id":"https:\/\/lavanno.com\/en\/toode\/deocaps-note-di-pulito-textilesair-6x500ml\/#primaryimage"},"image":{"@id":"https:\/\/lavanno.com\/en\/toode\/deocaps-note-di-pulito-textilesair-6x500ml\/#primaryimage"},"thumbnailUrl":"https:\/\/lavanno.com\/wp-content\/uploads\/2025\/02\/a73-905ax6deocaps_notedipulito-1.png","datePublished":"2025-02-08T13:38:29+00:00","dateModified":"2026-05-02T05:15:04+00:00","breadcrumb":{"@id":"https:\/\/lavanno.com\/en\/toode\/deocaps-note-di-pulito-textilesair-6x500ml\/#breadcrumb"},"inLanguage":"en-US","potentialAction":[{"@type":"ReadAction","target":["https:\/\/lavanno.com\/en\/toode\/deocaps-note-di-pulito-textilesair-6x500ml\/"]}]},{"@type":"ImageObject","inLanguage":"en-US","@id":"https:\/\/lavanno.com\/en\/toode\/deocaps-note-di-pulito-textilesair-6x500ml\/#primaryimage","url":"https:\/\/lavanno.com\/wp-content\/uploads\/2025\/02\/a73-905ax6deocaps_notedipulito-1.png","contentUrl":"https:\/\/lavanno.com\/wp-content\/uploads\/2025\/02\/a73-905ax6deocaps_notedipulito-1.png","width":800,"height":800},{"@type":"BreadcrumbList","@id":"https:\/\/lavanno.com\/en\/toode\/deocaps-note-di-pulito-textilesair-6x500ml\/#breadcrumb","itemListElement":[{"@type":"ListItem","position":1,"name":"Home","item":"https:\/\/lavanno.com\/en\/"},{"@type":"ListItem","position":2,"name":"E-pood","item":"https:\/\/lavanno.com\/e-pood\/"},{"@type":"ListItem","position":3,"name":"DeoCaps Note di Pulito Textiles&amp;Air 6x500ml"}]},{"@type":"WebSite","@id":"https:\/\/lavanno.com\/en\/#website","url":"https:\/\/lavanno.com\/en\/","name":"Lavanno - Pesuvahendite ekspert","description":"Toome maale ja m\u00fc\u00fcme tekstiili pesuvahendeid, pesumajaseadmeid ja tarvikuid. Hooldame ja konsulteerime.","publisher":{"@id":"https:\/\/lavanno.com\/en\/#organization"},"potentialAction":[{"@type":"SearchAction","target":{"@type":"EntryPoint","urlTemplate":"https:\/\/lavanno.com\/en\/?s={search_term_string}"},"query-input":{"@type":"PropertyValueSpecification","valueRequired":true,"valueName":"search_term_string"}}],"inLanguage":"en-US"},{"@type":"Organization","@id":"https:\/\/lavanno.com\/en\/#organization","name":"Lavanno - Pesuvahendite ekspert","url":"https:\/\/lavanno.com\/en\/","logo":{"@type":"ImageObject","inLanguage":"en-US","@id":"https:\/\/lavanno.com\/en\/#\/schema\/logo\/image\/","url":"https:\/\/lavanno.com\/wp-content\/uploads\/2025\/07\/Lavanno.png","contentUrl":"https:\/\/lavanno.com\/wp-content\/uploads\/2025\/07\/Lavanno.png","width":1200,"height":1200,"caption":"Lavanno - Pesuvahendite ekspert"},"image":{"@id":"https:\/\/lavanno.com\/en\/#\/schema\/logo\/image\/"},"sameAs":["https:\/\/www.facebook.com\/Lavanno.ee"]}]}},"_links":{"self":[{"href":"https:\/\/lavanno.com\/en\/wp-json\/wp\/v2\/product\/4353","targetHints":{"allow":["GET"]}}],"collection":[{"href":"https:\/\/lavanno.com\/en\/wp-json\/wp\/v2\/product"}],"about":[{"href":"https:\/\/lavanno.com\/en\/wp-json\/wp\/v2\/types\/product"}],"replies":[{"embeddable":true,"href":"https:\/\/lavanno.com\/en\/wp-json\/wp\/v2\/comments?post=4353"}],"wp:featuredmedia":[{"embeddable":true,"href":"https:\/\/lavanno.com\/en\/wp-json\/wp\/v2\/media\/5447"}],"wp:attachment":[{"href":"https:\/\/lavanno.com\/en\/wp-json\/wp\/v2\/media?parent=4353"}],"wp:term":[{"taxonomy":"product_brand","embeddable":true,"href":"https:\/\/lavanno.com\/en\/wp-json\/wp\/v2\/product_brand?post=4353"},{"taxonomy":"product_cat","embeddable":true,"href":"https:\/\/lavanno.com\/en\/wp-json\/wp\/v2\/product_cat?post=4353"},{"taxonomy":"product_tag","embeddable":true,"href":"https:\/\/lavanno.com\/en\/wp-json\/wp\/v2\/product_tag?post=4353"}],"curies":[{"name":"wp","href":"https:\/\/api.w.org\/{rel}","templated":true}]}}