{"id":4397,"date":"2025-02-08T15:38:33","date_gmt":"2025-02-08T13:38:33","guid":{"rendered":"https:\/\/lavanno.com\/product\/oxon-hapnikupohine-pesuvalgendi-ja-plekieemaldi\/"},"modified":"2026-05-02T14:20:04","modified_gmt":"2026-05-02T11:20:04","slug":"oxon-hapnikupohine-pesuvalgendi-ja-plekieemaldi","status":"publish","type":"product","link":"https:\/\/lavanno.com\/en\/toode\/oxon-hapnikupohine-pesuvalgendi-ja-plekieemaldi\/","title":{"rendered":"Oxon &#8211; Hapnikup\u00f5hine pesuvalgendi ja plekieemaldi"},"content":{"rendered":"<p><a href=\"https:\/\/lavanno.com\/wp-content\/uploads\/2024\/10\/A31-500Hygienfresh_Oxon_SchiumaRel2ETSDS.pdf\" target=\"_blank\" rel=\"noopener\">Ohutuskaart<\/a><\/p>\n<p><a href=\"https:\/\/lavanno.com\/wp-content\/uploads\/2024\/10\/A48-500Oxon_ProfessionalRel2EST.pdf\" target=\"_blank\" rel=\"noopener\">Tehniline kaart<\/a><\/p>\n","protected":false},"excerpt":{"rendered":"<p>Pleegitav ja plekke (sh hallitusplekid) t\u00f6\u00f6tlev uuenduslik pleegiti valge ja v\u00e4rvilise pesu eelpesuks (alates 20\u00b0C).<\/p>\n<p>Selle toote eelised:<\/p>\n<p>K\u00f5rvaldab t\u00f5husalt raskestieemaldatavad plekid.<\/p>\n<p>Toimib madalal temperatuuril (alates 20\u00b0C).<\/p>\n<p>Tagab suurep\u00e4rase valgenduse.<\/p>\n<p>Muudab v\u00e4rvilise pesu s\u00e4ravaks.<\/p>\n<p>Ei kahjusta isegi \u00f5rnemaid kiude.<\/p>\n<p>Kanda otse r\u00f5ivale plekkide eelt\u00f6\u00f6tlemiseks.<\/p>\n<p>T\u00f5hus hallitusplekkide suhtes.<\/p>\n<p>Nii naturaalsete kui s\u00fcnteetiliste r\u00f5ivaste eelpesuks.<\/p>\n","protected":false},"featured_media":5357,"comment_status":"open","ping_status":"closed","template":"","meta":[],"product_brand":[],"product_cat":[506,525,572,538,520],"product_tag":[],"class_list":{"0":"post-4397","1":"product","2":"type-product","3":"status-publish","4":"has-post-thumbnail","6":"product_cat-ariklient","7":"product_cat-vesipesuvahendid","8":"product_cat-lisaained","9":"product_cat-emulsioonpesu-wet-clean","10":"product_cat-eraklient","12":"first","13":"instock","14":"taxable","15":"shipping-taxable","16":"purchasable","17":"product-type-variable"},"yoast_head":"<!-- This site is optimized with the Yoast SEO plugin v27.0 - https:\/\/yoast.com\/product\/yoast-seo-wordpress\/ -->\n<title>Oxon - Hapnikup\u00f5hine pesuvalgendi ja plekieemaldi - Lavanno - pesuvahendite ekspert<\/title>\n<meta name=\"description\" content=\"Pleegitav ja plekke (sh hallitusplekid) t\u00f6\u00f6tlev uuenduslik pleegiti valge ja v\u00e4rvilise pesu pesuks (t\u00f6\u00f6tab efektiivselt juba alates 20\u00b0C). Selle toote eelised: K\u00f5rvaldab t\u00f5husalt raskesti eemaldatavad plekid. Toimib madalal temperatuuril (alates 20\u00b0C).Tagab suurep\u00e4rase valgenduse. Muudab v\u00e4rvilise pesu s\u00e4ravaks. Ei kahjusta isegi \u00f5rnemaid kiude. Kanda otse r\u00f5ivale plekkide eelt\u00f6\u00f6tlemiseks. T\u00f5hus hallitusplekkide suhtes. Nii naturaalsete kui s\u00fcnteetiliste r\u00f5ivaste pesuks.\" \/>\n<meta name=\"robots\" content=\"index, follow, max-snippet:-1, max-image-preview:large, max-video-preview:-1\" \/>\n<link rel=\"canonical\" href=\"https:\/\/lavanno.com\/en\/toode\/oxon-hapnikupohine-pesuvalgendi-ja-plekieemaldi\/\" \/>\n<meta property=\"og:locale\" content=\"en_US\" \/>\n<meta property=\"og:type\" content=\"article\" \/>\n<meta property=\"og:title\" content=\"Oxon - Hapnikup\u00f5hine pesuvalgendi ja plekieemaldi - Lavanno - pesuvahendite ekspert\" \/>\n<meta property=\"og:description\" content=\"Pleegitav ja plekke (sh hallitusplekid) t\u00f6\u00f6tlev uuenduslik pleegiti valge ja v\u00e4rvilise pesu pesuks (t\u00f6\u00f6tab efektiivselt juba alates 20\u00b0C). Selle toote eelised: K\u00f5rvaldab t\u00f5husalt raskesti eemaldatavad plekid. Toimib madalal temperatuuril (alates 20\u00b0C).Tagab suurep\u00e4rase valgenduse. Muudab v\u00e4rvilise pesu s\u00e4ravaks. Ei kahjusta isegi \u00f5rnemaid kiude. Kanda otse r\u00f5ivale plekkide eelt\u00f6\u00f6tlemiseks. T\u00f5hus hallitusplekkide suhtes. Nii naturaalsete kui s\u00fcnteetiliste r\u00f5ivaste pesuks.\" \/>\n<meta property=\"og:url\" content=\"https:\/\/lavanno.com\/en\/toode\/oxon-hapnikupohine-pesuvalgendi-ja-plekieemaldi\/\" \/>\n<meta property=\"og:site_name\" content=\"Lavanno - pesuvahendite ekspert\" \/>\n<meta property=\"article:publisher\" content=\"https:\/\/www.facebook.com\/Lavanno.ee\" \/>\n<meta property=\"article:modified_time\" content=\"2026-05-02T11:20:04+00:00\" \/>\n<meta property=\"og:image\" content=\"https:\/\/lavanno.com\/wp-content\/uploads\/2025\/02\/a48-500oxon_groupage3-1.png\" \/>\n\t<meta property=\"og:image:width\" content=\"800\" \/>\n\t<meta property=\"og:image:height\" content=\"800\" \/>\n\t<meta property=\"og:image:type\" content=\"image\/png\" \/>\n<meta name=\"twitter:card\" content=\"summary_large_image\" \/>\n<meta name=\"twitter:label1\" content=\"Est. reading time\" \/>\n\t<meta name=\"twitter:data1\" content=\"1 minute\" \/>\n<script type=\"application\/ld+json\" class=\"yoast-schema-graph\">{\"@context\":\"https:\/\/schema.org\",\"@graph\":[{\"@type\":\"WebPage\",\"@id\":\"https:\/\/lavanno.com\/en\/toode\/oxon-hapnikupohine-pesuvalgendi-ja-plekieemaldi\/\",\"url\":\"https:\/\/lavanno.com\/en\/toode\/oxon-hapnikupohine-pesuvalgendi-ja-plekieemaldi\/\",\"name\":\"Oxon - Hapnikup\u00f5hine pesuvalgendi ja plekieemaldi - Lavanno - pesuvahendite ekspert\",\"isPartOf\":{\"@id\":\"https:\/\/lavanno.com\/en\/#website\"},\"primaryImageOfPage\":{\"@id\":\"https:\/\/lavanno.com\/en\/toode\/oxon-hapnikupohine-pesuvalgendi-ja-plekieemaldi\/#primaryimage\"},\"image\":{\"@id\":\"https:\/\/lavanno.com\/en\/toode\/oxon-hapnikupohine-pesuvalgendi-ja-plekieemaldi\/#primaryimage\"},\"thumbnailUrl\":\"https:\/\/lavanno.com\/wp-content\/uploads\/2025\/02\/a48-500oxon_groupage3-1.png\",\"datePublished\":\"2025-02-08T13:38:33+00:00\",\"dateModified\":\"2026-05-02T11:20:04+00:00\",\"description\":\"Pleegitav ja plekke (sh hallitusplekid) t\u00f6\u00f6tlev uuenduslik pleegiti valge ja v\u00e4rvilise pesu pesuks (t\u00f6\u00f6tab efektiivselt juba alates 20\u00b0C). Selle toote eelised: K\u00f5rvaldab t\u00f5husalt raskesti eemaldatavad plekid. Toimib madalal temperatuuril (alates 20\u00b0C).Tagab suurep\u00e4rase valgenduse. Muudab v\u00e4rvilise pesu s\u00e4ravaks. Ei kahjusta isegi \u00f5rnemaid kiude. Kanda otse r\u00f5ivale plekkide eelt\u00f6\u00f6tlemiseks. T\u00f5hus hallitusplekkide suhtes. Nii naturaalsete kui s\u00fcnteetiliste r\u00f5ivaste pesuks.\",\"breadcrumb\":{\"@id\":\"https:\/\/lavanno.com\/en\/toode\/oxon-hapnikupohine-pesuvalgendi-ja-plekieemaldi\/#breadcrumb\"},\"inLanguage\":\"en-US\",\"potentialAction\":[{\"@type\":\"ReadAction\",\"target\":[\"https:\/\/lavanno.com\/en\/toode\/oxon-hapnikupohine-pesuvalgendi-ja-plekieemaldi\/\"]}]},{\"@type\":\"ImageObject\",\"inLanguage\":\"en-US\",\"@id\":\"https:\/\/lavanno.com\/en\/toode\/oxon-hapnikupohine-pesuvalgendi-ja-plekieemaldi\/#primaryimage\",\"url\":\"https:\/\/lavanno.com\/wp-content\/uploads\/2025\/02\/a48-500oxon_groupage3-1.png\",\"contentUrl\":\"https:\/\/lavanno.com\/wp-content\/uploads\/2025\/02\/a48-500oxon_groupage3-1.png\",\"width\":800,\"height\":800},{\"@type\":\"BreadcrumbList\",\"@id\":\"https:\/\/lavanno.com\/en\/toode\/oxon-hapnikupohine-pesuvalgendi-ja-plekieemaldi\/#breadcrumb\",\"itemListElement\":[{\"@type\":\"ListItem\",\"position\":1,\"name\":\"Home\",\"item\":\"https:\/\/lavanno.com\/en\/\"},{\"@type\":\"ListItem\",\"position\":2,\"name\":\"E-pood\",\"item\":\"https:\/\/lavanno.com\/e-pood\/\"},{\"@type\":\"ListItem\",\"position\":3,\"name\":\"Oxon &#8211; Hapnikup\u00f5hine pesuvalgendi ja plekieemaldi\"}]},{\"@type\":\"WebSite\",\"@id\":\"https:\/\/lavanno.com\/en\/#website\",\"url\":\"https:\/\/lavanno.com\/en\/\",\"name\":\"Lavanno - Pesuvahendite ekspert\",\"description\":\"Toome maale ja m\u00fc\u00fcme tekstiili pesuvahendeid, pesumajaseadmeid ja tarvikuid. Hooldame ja konsulteerime.\",\"publisher\":{\"@id\":\"https:\/\/lavanno.com\/en\/#organization\"},\"potentialAction\":[{\"@type\":\"SearchAction\",\"target\":{\"@type\":\"EntryPoint\",\"urlTemplate\":\"https:\/\/lavanno.com\/en\/?s={search_term_string}\"},\"query-input\":{\"@type\":\"PropertyValueSpecification\",\"valueRequired\":true,\"valueName\":\"search_term_string\"}}],\"inLanguage\":\"en-US\"},{\"@type\":\"Organization\",\"@id\":\"https:\/\/lavanno.com\/en\/#organization\",\"name\":\"Lavanno - Pesuvahendite ekspert\",\"url\":\"https:\/\/lavanno.com\/en\/\",\"logo\":{\"@type\":\"ImageObject\",\"inLanguage\":\"en-US\",\"@id\":\"https:\/\/lavanno.com\/en\/#\/schema\/logo\/image\/\",\"url\":\"https:\/\/lavanno.com\/wp-content\/uploads\/2025\/07\/Lavanno.png\",\"contentUrl\":\"https:\/\/lavanno.com\/wp-content\/uploads\/2025\/07\/Lavanno.png\",\"width\":1200,\"height\":1200,\"caption\":\"Lavanno - Pesuvahendite ekspert\"},\"image\":{\"@id\":\"https:\/\/lavanno.com\/en\/#\/schema\/logo\/image\/\"},\"sameAs\":[\"https:\/\/www.facebook.com\/Lavanno.ee\"]}]}<\/script>\n<!-- \/ Yoast SEO plugin. -->","yoast_head_json":{"title":"Oxon - Hapnikup\u00f5hine pesuvalgendi ja plekieemaldi - Lavanno - pesuvahendite ekspert","description":"Pleegitav ja plekke (sh hallitusplekid) t\u00f6\u00f6tlev uuenduslik pleegiti valge ja v\u00e4rvilise pesu pesuks (t\u00f6\u00f6tab efektiivselt juba alates 20\u00b0C). Selle toote eelised: K\u00f5rvaldab t\u00f5husalt raskesti eemaldatavad plekid. Toimib madalal temperatuuril (alates 20\u00b0C).Tagab suurep\u00e4rase valgenduse. Muudab v\u00e4rvilise pesu s\u00e4ravaks. Ei kahjusta isegi \u00f5rnemaid kiude. Kanda otse r\u00f5ivale plekkide eelt\u00f6\u00f6tlemiseks. T\u00f5hus hallitusplekkide suhtes. Nii naturaalsete kui s\u00fcnteetiliste r\u00f5ivaste pesuks.","robots":{"index":"index","follow":"follow","max-snippet":"max-snippet:-1","max-image-preview":"max-image-preview:large","max-video-preview":"max-video-preview:-1"},"canonical":"https:\/\/lavanno.com\/en\/toode\/oxon-hapnikupohine-pesuvalgendi-ja-plekieemaldi\/","og_locale":"en_US","og_type":"article","og_title":"Oxon - Hapnikup\u00f5hine pesuvalgendi ja plekieemaldi - Lavanno - pesuvahendite ekspert","og_description":"Pleegitav ja plekke (sh hallitusplekid) t\u00f6\u00f6tlev uuenduslik pleegiti valge ja v\u00e4rvilise pesu pesuks (t\u00f6\u00f6tab efektiivselt juba alates 20\u00b0C). Selle toote eelised: K\u00f5rvaldab t\u00f5husalt raskesti eemaldatavad plekid. Toimib madalal temperatuuril (alates 20\u00b0C).Tagab suurep\u00e4rase valgenduse. Muudab v\u00e4rvilise pesu s\u00e4ravaks. Ei kahjusta isegi \u00f5rnemaid kiude. Kanda otse r\u00f5ivale plekkide eelt\u00f6\u00f6tlemiseks. T\u00f5hus hallitusplekkide suhtes. Nii naturaalsete kui s\u00fcnteetiliste r\u00f5ivaste pesuks.","og_url":"https:\/\/lavanno.com\/en\/toode\/oxon-hapnikupohine-pesuvalgendi-ja-plekieemaldi\/","og_site_name":"Lavanno - pesuvahendite ekspert","article_publisher":"https:\/\/www.facebook.com\/Lavanno.ee","article_modified_time":"2026-05-02T11:20:04+00:00","og_image":[{"width":800,"height":800,"url":"https:\/\/lavanno.com\/wp-content\/uploads\/2025\/02\/a48-500oxon_groupage3-1.png","type":"image\/png"}],"twitter_card":"summary_large_image","twitter_misc":{"Est. reading time":"1 minute"},"schema":{"@context":"https:\/\/schema.org","@graph":[{"@type":"WebPage","@id":"https:\/\/lavanno.com\/en\/toode\/oxon-hapnikupohine-pesuvalgendi-ja-plekieemaldi\/","url":"https:\/\/lavanno.com\/en\/toode\/oxon-hapnikupohine-pesuvalgendi-ja-plekieemaldi\/","name":"Oxon - Hapnikup\u00f5hine pesuvalgendi ja plekieemaldi - Lavanno - pesuvahendite ekspert","isPartOf":{"@id":"https:\/\/lavanno.com\/en\/#website"},"primaryImageOfPage":{"@id":"https:\/\/lavanno.com\/en\/toode\/oxon-hapnikupohine-pesuvalgendi-ja-plekieemaldi\/#primaryimage"},"image":{"@id":"https:\/\/lavanno.com\/en\/toode\/oxon-hapnikupohine-pesuvalgendi-ja-plekieemaldi\/#primaryimage"},"thumbnailUrl":"https:\/\/lavanno.com\/wp-content\/uploads\/2025\/02\/a48-500oxon_groupage3-1.png","datePublished":"2025-02-08T13:38:33+00:00","dateModified":"2026-05-02T11:20:04+00:00","description":"Pleegitav ja plekke (sh hallitusplekid) t\u00f6\u00f6tlev uuenduslik pleegiti valge ja v\u00e4rvilise pesu pesuks (t\u00f6\u00f6tab efektiivselt juba alates 20\u00b0C). Selle toote eelised: K\u00f5rvaldab t\u00f5husalt raskesti eemaldatavad plekid. Toimib madalal temperatuuril (alates 20\u00b0C).Tagab suurep\u00e4rase valgenduse. Muudab v\u00e4rvilise pesu s\u00e4ravaks. Ei kahjusta isegi \u00f5rnemaid kiude. Kanda otse r\u00f5ivale plekkide eelt\u00f6\u00f6tlemiseks. T\u00f5hus hallitusplekkide suhtes. Nii naturaalsete kui s\u00fcnteetiliste r\u00f5ivaste pesuks.","breadcrumb":{"@id":"https:\/\/lavanno.com\/en\/toode\/oxon-hapnikupohine-pesuvalgendi-ja-plekieemaldi\/#breadcrumb"},"inLanguage":"en-US","potentialAction":[{"@type":"ReadAction","target":["https:\/\/lavanno.com\/en\/toode\/oxon-hapnikupohine-pesuvalgendi-ja-plekieemaldi\/"]}]},{"@type":"ImageObject","inLanguage":"en-US","@id":"https:\/\/lavanno.com\/en\/toode\/oxon-hapnikupohine-pesuvalgendi-ja-plekieemaldi\/#primaryimage","url":"https:\/\/lavanno.com\/wp-content\/uploads\/2025\/02\/a48-500oxon_groupage3-1.png","contentUrl":"https:\/\/lavanno.com\/wp-content\/uploads\/2025\/02\/a48-500oxon_groupage3-1.png","width":800,"height":800},{"@type":"BreadcrumbList","@id":"https:\/\/lavanno.com\/en\/toode\/oxon-hapnikupohine-pesuvalgendi-ja-plekieemaldi\/#breadcrumb","itemListElement":[{"@type":"ListItem","position":1,"name":"Home","item":"https:\/\/lavanno.com\/en\/"},{"@type":"ListItem","position":2,"name":"E-pood","item":"https:\/\/lavanno.com\/e-pood\/"},{"@type":"ListItem","position":3,"name":"Oxon &#8211; Hapnikup\u00f5hine pesuvalgendi ja plekieemaldi"}]},{"@type":"WebSite","@id":"https:\/\/lavanno.com\/en\/#website","url":"https:\/\/lavanno.com\/en\/","name":"Lavanno - Pesuvahendite ekspert","description":"Toome maale ja m\u00fc\u00fcme tekstiili pesuvahendeid, pesumajaseadmeid ja tarvikuid. Hooldame ja konsulteerime.","publisher":{"@id":"https:\/\/lavanno.com\/en\/#organization"},"potentialAction":[{"@type":"SearchAction","target":{"@type":"EntryPoint","urlTemplate":"https:\/\/lavanno.com\/en\/?s={search_term_string}"},"query-input":{"@type":"PropertyValueSpecification","valueRequired":true,"valueName":"search_term_string"}}],"inLanguage":"en-US"},{"@type":"Organization","@id":"https:\/\/lavanno.com\/en\/#organization","name":"Lavanno - Pesuvahendite ekspert","url":"https:\/\/lavanno.com\/en\/","logo":{"@type":"ImageObject","inLanguage":"en-US","@id":"https:\/\/lavanno.com\/en\/#\/schema\/logo\/image\/","url":"https:\/\/lavanno.com\/wp-content\/uploads\/2025\/07\/Lavanno.png","contentUrl":"https:\/\/lavanno.com\/wp-content\/uploads\/2025\/07\/Lavanno.png","width":1200,"height":1200,"caption":"Lavanno - Pesuvahendite ekspert"},"image":{"@id":"https:\/\/lavanno.com\/en\/#\/schema\/logo\/image\/"},"sameAs":["https:\/\/www.facebook.com\/Lavanno.ee"]}]}},"_links":{"self":[{"href":"https:\/\/lavanno.com\/en\/wp-json\/wp\/v2\/product\/4397","targetHints":{"allow":["GET"]}}],"collection":[{"href":"https:\/\/lavanno.com\/en\/wp-json\/wp\/v2\/product"}],"about":[{"href":"https:\/\/lavanno.com\/en\/wp-json\/wp\/v2\/types\/product"}],"replies":[{"embeddable":true,"href":"https:\/\/lavanno.com\/en\/wp-json\/wp\/v2\/comments?post=4397"}],"wp:featuredmedia":[{"embeddable":true,"href":"https:\/\/lavanno.com\/en\/wp-json\/wp\/v2\/media\/5357"}],"wp:attachment":[{"href":"https:\/\/lavanno.com\/en\/wp-json\/wp\/v2\/media?parent=4397"}],"wp:term":[{"taxonomy":"product_brand","embeddable":true,"href":"https:\/\/lavanno.com\/en\/wp-json\/wp\/v2\/product_brand?post=4397"},{"taxonomy":"product_cat","embeddable":true,"href":"https:\/\/lavanno.com\/en\/wp-json\/wp\/v2\/product_cat?post=4397"},{"taxonomy":"product_tag","embeddable":true,"href":"https:\/\/lavanno.com\/en\/wp-json\/wp\/v2\/product_tag?post=4397"}],"curies":[{"name":"wp","href":"https:\/\/api.w.org\/{rel}","templated":true}]}}