{"id":4408,"date":"2025-02-08T15:38:33","date_gmt":"2025-02-08T13:38:33","guid":{"rendered":"https:\/\/lavanno.com\/product\/top-degreaser-rasva-ja-oli-plekieemaldusvahend\/"},"modified":"2026-05-02T14:20:04","modified_gmt":"2026-05-02T11:20:04","slug":"top-degreaser-rasva-ja-oli-plekieemaldusvahend","status":"publish","type":"product","link":"https:\/\/lavanno.com\/en\/toode\/top-degreaser-rasva-ja-oli-plekieemaldusvahend\/","title":{"rendered":"Top Degreaser &#8211; (rasva ja \u00f5li plekieemaldusvahend)"},"content":{"rendered":"<p><strong>Spetsifikatsioonid<\/strong><\/p>\n<p><strong>Kasutamine<\/strong><\/p>\n<p>Kasutage toodet puhtal kujul pindadel v\u00f5i m\u00e4\u00e4rdunud r\u00f5ivaosadel:<\/p>\n<ul>\n<li><strong>Pinnad:<\/strong> pihustage toodet, laske m\u00f5juda paar minutit ja seej\u00e4rel p\u00fchkige lapi v\u00f5i loputage.\n<p><strong>Hoiatus:<\/strong> v\u00e4ltige pihustamist ekraanidele v\u00f5i \u00f5rnadele pindadele.<\/li>\n<li><strong>Kangad:<\/strong> pihustage toodet ja laske sellel m\u00f5juda maksimaalselt 15 minutit, seej\u00e4rel asetage kangas pesumasinasse ja alustage pesu.\n<p><strong>Hoiatus:<\/strong> enne kangale kasutamist testige toodet peidetud osal.<\/li>\n<\/ul>\n<p><strong>V\u00f6\u00f6tkood<\/strong><\/p>\n<p>(01)08054729632860<\/p>\n<p><strong>Koostisosad<\/strong><\/p>\n<p>Aqua, C13-15 pareth-7, PPG-2 met\u00fc\u00fcleetar, 1-propaanamiin, 3-amino-N,N,N-trimet\u00fc\u00fcl-, N-(etoks\u00fcleeritud kastoor\u00f5li ats\u00fc\u00fclderivaadid), me sulfaat (6-EO + 10.7-EO), PEG-10 kokamiin, heptanaatriumtrih\u00fcdrogen [[bis[2-[bis(fosfonatomet\u00fc\u00fcl)amino]et\u00fc\u00fcl]amino]met\u00fc\u00fcl]fosfonaat, bensalkooniumkloriid, parf\u00fc\u00fcm, kokogl\u00fckosiid, difen\u00fc\u00fcleetar, nopyl-atsetaat, diet\u00fc\u00fclftalaat, terpinoleen, \u03b1-terpin\u00fc\u00fclatsetaat, kumariin, dimetikoon, geraniool, limoneen, steareet-21, alkohol, amiinid, C12-16 alk\u00fc\u00fcldimet\u00fc\u00fcl, met\u00fc\u00fclkloroisotiasolinoon, met\u00fc\u00fclisotiasolinoon.<\/p>\n<p><strong>Funktsioon<\/strong><\/p>\n<p>Universaalne rasvaeemaldaja pindadele ja kangastele.<\/p>\n<p>&nbsp;<\/p>\n<p>&nbsp;<\/p>\n<p><a href=\"https:\/\/lavanno.com\/wp-content\/uploads\/2022\/08\/A88-005Hygienfresh_Top_DegreaserRel4ETSDS.pdf\" target=\"_blank\" rel=\"noopener\">Ohutuskaart<\/a><\/p>\n<p><a href=\"https:\/\/lavanno.com\/wp-content\/uploads\/2024\/10\/A88-005^NTop_Degreaser^NRel1^NEN^NTEC-EST.pdf\" target=\"_blank\" rel=\"noopener\">Tehniline kaart<\/a><\/p>\n","protected":false},"excerpt":{"rendered":"<p><strong>Kirjeldus<\/strong><\/p>\n<p>Professionaalse efektiivsusega universaalne rasvaeemaldaja. Superefektiivne pihusti, mis eemaldab plekid ja puhastab p\u00f5hjalikult k\u00f5ik pinnad ja kangad:<\/p>\n<ul>\n<li>Eemaldab rasva, p\u00fcsiva mustuse ja \u00f5liplekid.<\/li>\n<li>Kolmekordse toimega plekieemaldaja.<\/li>\n<li>Superkontsentreeritud ja rasva\u00e4rastavad pindaktiivsed ained.<\/li>\n<li>Lihtne ja kiire kasutada.<\/li>\n<li>Ideaalne ahjudele, pliitidele, grillidele, kuumplaatidele, t\u00f6\u00f6pindadele ja aknaluukidele, samuti auto ja jalgratta k\u00e4ikude puhastamiseks.<\/li>\n<li>Ideaalne ka riietelt plekkide eemaldamiseks.<\/li>\n<\/ul>\n","protected":false},"featured_media":5911,"comment_status":"open","ping_status":"closed","template":"","meta":[],"product_brand":[],"product_cat":[506,525,534,514,519,526,552,523,574,575,613,520,527],"product_tag":[],"class_list":{"0":"post-4408","1":"product","2":"type-product","3":"status-publish","4":"has-post-thumbnail","6":"product_cat-ariklient","7":"product_cat-vesipesuvahendid","8":"product_cat-plekieemaldusvahendid","9":"product_cat-keemiline-puhastus","10":"product_cat-eeltootlus","11":"product_cat-plekieemalduse-vahendid-keemiline-puhastus","12":"product_cat-aripindade-hooldus","13":"product_cat-jaemuugitooted","14":"product_cat-pihustite-sari","15":"product_cat-muud-pihustid-pihustite-sari-ariklient","16":"product_cat-plekieemaldajad","17":"product_cat-eraklient","18":"product_cat-plekieemaldusvahendid-eraklient","20":"first","21":"instock","22":"taxable","23":"shipping-taxable","24":"purchasable","25":"product-type-variable"},"yoast_head":"<!-- This site is optimized with the Yoast SEO plugin v27.0 - https:\/\/yoast.com\/product\/yoast-seo-wordpress\/ -->\n<title>Top Degreaser - (rasva ja \u00f5li plekieemaldusvahend) - Lavanno - pesuvahendite ekspert<\/title>\n<meta name=\"description\" content=\"Top Degreaser - (rasva ja \u00f5li plekieemaldusvahend). Kirjeldus. Professionaalse efektiivsusega universaalne rasvaeemaldaja. Superefektiivne pihusti, mis eemaldab plekid ja puhastab p\u00f5hjalikult k\u00f5ik pinnad ja kangad: Eemaldab rasva, p\u00fcsiva mustuse ja \u00f5liplekid. Kolmekordse toimega plekieemaldaja. Superkontsentreeritud ja rasva\u00e4rastavad pindaktiivsed ained. Lihtne ja kiire kasutada. Ideaalne ahjudele, pliitidele, grillidele, kuumplaatidele, t\u00f6\u00f6pindadele ja aknaluukidele, samuti auto ja jalgratta k\u00e4ikude puhastamiseks. Ideaalne ka riietelt plekkide eemaldamiseks.\" \/>\n<meta name=\"robots\" content=\"index, follow, max-snippet:-1, max-image-preview:large, max-video-preview:-1\" \/>\n<link rel=\"canonical\" href=\"https:\/\/lavanno.com\/en\/toode\/top-degreaser-rasva-ja-oli-plekieemaldusvahend\/\" \/>\n<meta property=\"og:locale\" content=\"en_US\" \/>\n<meta property=\"og:type\" content=\"article\" \/>\n<meta property=\"og:title\" content=\"Top Degreaser - (rasva ja \u00f5li plekieemaldusvahend) - Lavanno - pesuvahendite ekspert\" \/>\n<meta property=\"og:description\" content=\"Top Degreaser - (rasva ja \u00f5li plekieemaldusvahend). Kirjeldus. Professionaalse efektiivsusega universaalne rasvaeemaldaja. Superefektiivne pihusti, mis eemaldab plekid ja puhastab p\u00f5hjalikult k\u00f5ik pinnad ja kangad: Eemaldab rasva, p\u00fcsiva mustuse ja \u00f5liplekid. Kolmekordse toimega plekieemaldaja. Superkontsentreeritud ja rasva\u00e4rastavad pindaktiivsed ained. Lihtne ja kiire kasutada. Ideaalne ahjudele, pliitidele, grillidele, kuumplaatidele, t\u00f6\u00f6pindadele ja aknaluukidele, samuti auto ja jalgratta k\u00e4ikude puhastamiseks. Ideaalne ka riietelt plekkide eemaldamiseks.\" \/>\n<meta property=\"og:url\" content=\"https:\/\/lavanno.com\/en\/toode\/top-degreaser-rasva-ja-oli-plekieemaldusvahend\/\" \/>\n<meta property=\"og:site_name\" content=\"Lavanno - pesuvahendite ekspert\" \/>\n<meta property=\"article:publisher\" content=\"https:\/\/www.facebook.com\/Lavanno.ee\" \/>\n<meta property=\"article:modified_time\" content=\"2026-05-02T11:20:04+00:00\" \/>\n<meta property=\"og:image\" content=\"https:\/\/lavanno.com\/wp-content\/uploads\/2025\/02\/a88-005ctopdegreaser_750ml-1.png\" \/>\n\t<meta property=\"og:image:width\" content=\"800\" \/>\n\t<meta property=\"og:image:height\" content=\"800\" \/>\n\t<meta property=\"og:image:type\" content=\"image\/png\" \/>\n<meta name=\"twitter:card\" content=\"summary_large_image\" \/>\n<meta name=\"twitter:label1\" content=\"Est. reading time\" \/>\n\t<meta name=\"twitter:data1\" content=\"1 minute\" \/>\n<script type=\"application\/ld+json\" class=\"yoast-schema-graph\">{\"@context\":\"https:\/\/schema.org\",\"@graph\":[{\"@type\":\"WebPage\",\"@id\":\"https:\/\/lavanno.com\/en\/toode\/top-degreaser-rasva-ja-oli-plekieemaldusvahend\/\",\"url\":\"https:\/\/lavanno.com\/en\/toode\/top-degreaser-rasva-ja-oli-plekieemaldusvahend\/\",\"name\":\"Top Degreaser - (rasva ja \u00f5li plekieemaldusvahend) - Lavanno - pesuvahendite ekspert\",\"isPartOf\":{\"@id\":\"https:\/\/lavanno.com\/en\/#website\"},\"primaryImageOfPage\":{\"@id\":\"https:\/\/lavanno.com\/en\/toode\/top-degreaser-rasva-ja-oli-plekieemaldusvahend\/#primaryimage\"},\"image\":{\"@id\":\"https:\/\/lavanno.com\/en\/toode\/top-degreaser-rasva-ja-oli-plekieemaldusvahend\/#primaryimage\"},\"thumbnailUrl\":\"https:\/\/lavanno.com\/wp-content\/uploads\/2025\/02\/a88-005ctopdegreaser_750ml-1.png\",\"datePublished\":\"2025-02-08T13:38:33+00:00\",\"dateModified\":\"2026-05-02T11:20:04+00:00\",\"description\":\"Top Degreaser - (rasva ja \u00f5li plekieemaldusvahend). Kirjeldus. Professionaalse efektiivsusega universaalne rasvaeemaldaja. Superefektiivne pihusti, mis eemaldab plekid ja puhastab p\u00f5hjalikult k\u00f5ik pinnad ja kangad: Eemaldab rasva, p\u00fcsiva mustuse ja \u00f5liplekid. Kolmekordse toimega plekieemaldaja. Superkontsentreeritud ja rasva\u00e4rastavad pindaktiivsed ained. Lihtne ja kiire kasutada. Ideaalne ahjudele, pliitidele, grillidele, kuumplaatidele, t\u00f6\u00f6pindadele ja aknaluukidele, samuti auto ja jalgratta k\u00e4ikude puhastamiseks. Ideaalne ka riietelt plekkide eemaldamiseks.\",\"breadcrumb\":{\"@id\":\"https:\/\/lavanno.com\/en\/toode\/top-degreaser-rasva-ja-oli-plekieemaldusvahend\/#breadcrumb\"},\"inLanguage\":\"en-US\",\"potentialAction\":[{\"@type\":\"ReadAction\",\"target\":[\"https:\/\/lavanno.com\/en\/toode\/top-degreaser-rasva-ja-oli-plekieemaldusvahend\/\"]}]},{\"@type\":\"ImageObject\",\"inLanguage\":\"en-US\",\"@id\":\"https:\/\/lavanno.com\/en\/toode\/top-degreaser-rasva-ja-oli-plekieemaldusvahend\/#primaryimage\",\"url\":\"https:\/\/lavanno.com\/wp-content\/uploads\/2025\/02\/a88-005ctopdegreaser_750ml-1.png\",\"contentUrl\":\"https:\/\/lavanno.com\/wp-content\/uploads\/2025\/02\/a88-005ctopdegreaser_750ml-1.png\",\"width\":800,\"height\":800},{\"@type\":\"BreadcrumbList\",\"@id\":\"https:\/\/lavanno.com\/en\/toode\/top-degreaser-rasva-ja-oli-plekieemaldusvahend\/#breadcrumb\",\"itemListElement\":[{\"@type\":\"ListItem\",\"position\":1,\"name\":\"Home\",\"item\":\"https:\/\/lavanno.com\/en\/\"},{\"@type\":\"ListItem\",\"position\":2,\"name\":\"E-pood\",\"item\":\"https:\/\/lavanno.com\/e-pood\/\"},{\"@type\":\"ListItem\",\"position\":3,\"name\":\"Top Degreaser &#8211; (rasva ja \u00f5li plekieemaldusvahend)\"}]},{\"@type\":\"WebSite\",\"@id\":\"https:\/\/lavanno.com\/en\/#website\",\"url\":\"https:\/\/lavanno.com\/en\/\",\"name\":\"Lavanno - Pesuvahendite ekspert\",\"description\":\"Toome maale ja m\u00fc\u00fcme tekstiili pesuvahendeid, pesumajaseadmeid ja tarvikuid. Hooldame ja konsulteerime.\",\"publisher\":{\"@id\":\"https:\/\/lavanno.com\/en\/#organization\"},\"potentialAction\":[{\"@type\":\"SearchAction\",\"target\":{\"@type\":\"EntryPoint\",\"urlTemplate\":\"https:\/\/lavanno.com\/en\/?s={search_term_string}\"},\"query-input\":{\"@type\":\"PropertyValueSpecification\",\"valueRequired\":true,\"valueName\":\"search_term_string\"}}],\"inLanguage\":\"en-US\"},{\"@type\":\"Organization\",\"@id\":\"https:\/\/lavanno.com\/en\/#organization\",\"name\":\"Lavanno - Pesuvahendite ekspert\",\"url\":\"https:\/\/lavanno.com\/en\/\",\"logo\":{\"@type\":\"ImageObject\",\"inLanguage\":\"en-US\",\"@id\":\"https:\/\/lavanno.com\/en\/#\/schema\/logo\/image\/\",\"url\":\"https:\/\/lavanno.com\/wp-content\/uploads\/2025\/07\/Lavanno.png\",\"contentUrl\":\"https:\/\/lavanno.com\/wp-content\/uploads\/2025\/07\/Lavanno.png\",\"width\":1200,\"height\":1200,\"caption\":\"Lavanno - Pesuvahendite ekspert\"},\"image\":{\"@id\":\"https:\/\/lavanno.com\/en\/#\/schema\/logo\/image\/\"},\"sameAs\":[\"https:\/\/www.facebook.com\/Lavanno.ee\"]}]}<\/script>\n<!-- \/ Yoast SEO plugin. -->","yoast_head_json":{"title":"Top Degreaser - (rasva ja \u00f5li plekieemaldusvahend) - Lavanno - pesuvahendite ekspert","description":"Top Degreaser - (rasva ja \u00f5li plekieemaldusvahend). Kirjeldus. Professionaalse efektiivsusega universaalne rasvaeemaldaja. Superefektiivne pihusti, mis eemaldab plekid ja puhastab p\u00f5hjalikult k\u00f5ik pinnad ja kangad: Eemaldab rasva, p\u00fcsiva mustuse ja \u00f5liplekid. Kolmekordse toimega plekieemaldaja. Superkontsentreeritud ja rasva\u00e4rastavad pindaktiivsed ained. Lihtne ja kiire kasutada. Ideaalne ahjudele, pliitidele, grillidele, kuumplaatidele, t\u00f6\u00f6pindadele ja aknaluukidele, samuti auto ja jalgratta k\u00e4ikude puhastamiseks. Ideaalne ka riietelt plekkide eemaldamiseks.","robots":{"index":"index","follow":"follow","max-snippet":"max-snippet:-1","max-image-preview":"max-image-preview:large","max-video-preview":"max-video-preview:-1"},"canonical":"https:\/\/lavanno.com\/en\/toode\/top-degreaser-rasva-ja-oli-plekieemaldusvahend\/","og_locale":"en_US","og_type":"article","og_title":"Top Degreaser - (rasva ja \u00f5li plekieemaldusvahend) - Lavanno - pesuvahendite ekspert","og_description":"Top Degreaser - (rasva ja \u00f5li plekieemaldusvahend). Kirjeldus. Professionaalse efektiivsusega universaalne rasvaeemaldaja. Superefektiivne pihusti, mis eemaldab plekid ja puhastab p\u00f5hjalikult k\u00f5ik pinnad ja kangad: Eemaldab rasva, p\u00fcsiva mustuse ja \u00f5liplekid. Kolmekordse toimega plekieemaldaja. Superkontsentreeritud ja rasva\u00e4rastavad pindaktiivsed ained. Lihtne ja kiire kasutada. Ideaalne ahjudele, pliitidele, grillidele, kuumplaatidele, t\u00f6\u00f6pindadele ja aknaluukidele, samuti auto ja jalgratta k\u00e4ikude puhastamiseks. Ideaalne ka riietelt plekkide eemaldamiseks.","og_url":"https:\/\/lavanno.com\/en\/toode\/top-degreaser-rasva-ja-oli-plekieemaldusvahend\/","og_site_name":"Lavanno - pesuvahendite ekspert","article_publisher":"https:\/\/www.facebook.com\/Lavanno.ee","article_modified_time":"2026-05-02T11:20:04+00:00","og_image":[{"width":800,"height":800,"url":"https:\/\/lavanno.com\/wp-content\/uploads\/2025\/02\/a88-005ctopdegreaser_750ml-1.png","type":"image\/png"}],"twitter_card":"summary_large_image","twitter_misc":{"Est. reading time":"1 minute"},"schema":{"@context":"https:\/\/schema.org","@graph":[{"@type":"WebPage","@id":"https:\/\/lavanno.com\/en\/toode\/top-degreaser-rasva-ja-oli-plekieemaldusvahend\/","url":"https:\/\/lavanno.com\/en\/toode\/top-degreaser-rasva-ja-oli-plekieemaldusvahend\/","name":"Top Degreaser - (rasva ja \u00f5li plekieemaldusvahend) - Lavanno - pesuvahendite ekspert","isPartOf":{"@id":"https:\/\/lavanno.com\/en\/#website"},"primaryImageOfPage":{"@id":"https:\/\/lavanno.com\/en\/toode\/top-degreaser-rasva-ja-oli-plekieemaldusvahend\/#primaryimage"},"image":{"@id":"https:\/\/lavanno.com\/en\/toode\/top-degreaser-rasva-ja-oli-plekieemaldusvahend\/#primaryimage"},"thumbnailUrl":"https:\/\/lavanno.com\/wp-content\/uploads\/2025\/02\/a88-005ctopdegreaser_750ml-1.png","datePublished":"2025-02-08T13:38:33+00:00","dateModified":"2026-05-02T11:20:04+00:00","description":"Top Degreaser - (rasva ja \u00f5li plekieemaldusvahend). Kirjeldus. Professionaalse efektiivsusega universaalne rasvaeemaldaja. Superefektiivne pihusti, mis eemaldab plekid ja puhastab p\u00f5hjalikult k\u00f5ik pinnad ja kangad: Eemaldab rasva, p\u00fcsiva mustuse ja \u00f5liplekid. Kolmekordse toimega plekieemaldaja. Superkontsentreeritud ja rasva\u00e4rastavad pindaktiivsed ained. Lihtne ja kiire kasutada. Ideaalne ahjudele, pliitidele, grillidele, kuumplaatidele, t\u00f6\u00f6pindadele ja aknaluukidele, samuti auto ja jalgratta k\u00e4ikude puhastamiseks. Ideaalne ka riietelt plekkide eemaldamiseks.","breadcrumb":{"@id":"https:\/\/lavanno.com\/en\/toode\/top-degreaser-rasva-ja-oli-plekieemaldusvahend\/#breadcrumb"},"inLanguage":"en-US","potentialAction":[{"@type":"ReadAction","target":["https:\/\/lavanno.com\/en\/toode\/top-degreaser-rasva-ja-oli-plekieemaldusvahend\/"]}]},{"@type":"ImageObject","inLanguage":"en-US","@id":"https:\/\/lavanno.com\/en\/toode\/top-degreaser-rasva-ja-oli-plekieemaldusvahend\/#primaryimage","url":"https:\/\/lavanno.com\/wp-content\/uploads\/2025\/02\/a88-005ctopdegreaser_750ml-1.png","contentUrl":"https:\/\/lavanno.com\/wp-content\/uploads\/2025\/02\/a88-005ctopdegreaser_750ml-1.png","width":800,"height":800},{"@type":"BreadcrumbList","@id":"https:\/\/lavanno.com\/en\/toode\/top-degreaser-rasva-ja-oli-plekieemaldusvahend\/#breadcrumb","itemListElement":[{"@type":"ListItem","position":1,"name":"Home","item":"https:\/\/lavanno.com\/en\/"},{"@type":"ListItem","position":2,"name":"E-pood","item":"https:\/\/lavanno.com\/e-pood\/"},{"@type":"ListItem","position":3,"name":"Top Degreaser &#8211; (rasva ja \u00f5li plekieemaldusvahend)"}]},{"@type":"WebSite","@id":"https:\/\/lavanno.com\/en\/#website","url":"https:\/\/lavanno.com\/en\/","name":"Lavanno - Pesuvahendite ekspert","description":"Toome maale ja m\u00fc\u00fcme tekstiili pesuvahendeid, pesumajaseadmeid ja tarvikuid. Hooldame ja konsulteerime.","publisher":{"@id":"https:\/\/lavanno.com\/en\/#organization"},"potentialAction":[{"@type":"SearchAction","target":{"@type":"EntryPoint","urlTemplate":"https:\/\/lavanno.com\/en\/?s={search_term_string}"},"query-input":{"@type":"PropertyValueSpecification","valueRequired":true,"valueName":"search_term_string"}}],"inLanguage":"en-US"},{"@type":"Organization","@id":"https:\/\/lavanno.com\/en\/#organization","name":"Lavanno - Pesuvahendite ekspert","url":"https:\/\/lavanno.com\/en\/","logo":{"@type":"ImageObject","inLanguage":"en-US","@id":"https:\/\/lavanno.com\/en\/#\/schema\/logo\/image\/","url":"https:\/\/lavanno.com\/wp-content\/uploads\/2025\/07\/Lavanno.png","contentUrl":"https:\/\/lavanno.com\/wp-content\/uploads\/2025\/07\/Lavanno.png","width":1200,"height":1200,"caption":"Lavanno - Pesuvahendite ekspert"},"image":{"@id":"https:\/\/lavanno.com\/en\/#\/schema\/logo\/image\/"},"sameAs":["https:\/\/www.facebook.com\/Lavanno.ee"]}]}},"_links":{"self":[{"href":"https:\/\/lavanno.com\/en\/wp-json\/wp\/v2\/product\/4408","targetHints":{"allow":["GET"]}}],"collection":[{"href":"https:\/\/lavanno.com\/en\/wp-json\/wp\/v2\/product"}],"about":[{"href":"https:\/\/lavanno.com\/en\/wp-json\/wp\/v2\/types\/product"}],"replies":[{"embeddable":true,"href":"https:\/\/lavanno.com\/en\/wp-json\/wp\/v2\/comments?post=4408"}],"wp:featuredmedia":[{"embeddable":true,"href":"https:\/\/lavanno.com\/en\/wp-json\/wp\/v2\/media\/5911"}],"wp:attachment":[{"href":"https:\/\/lavanno.com\/en\/wp-json\/wp\/v2\/media?parent=4408"}],"wp:term":[{"taxonomy":"product_brand","embeddable":true,"href":"https:\/\/lavanno.com\/en\/wp-json\/wp\/v2\/product_brand?post=4408"},{"taxonomy":"product_cat","embeddable":true,"href":"https:\/\/lavanno.com\/en\/wp-json\/wp\/v2\/product_cat?post=4408"},{"taxonomy":"product_tag","embeddable":true,"href":"https:\/\/lavanno.com\/en\/wp-json\/wp\/v2\/product_tag?post=4408"}],"curies":[{"name":"wp","href":"https:\/\/api.w.org\/{rel}","templated":true}]}}