{"id":4444,"date":"2025-02-08T15:38:36","date_gmt":"2025-02-08T13:38:36","guid":{"rendered":"https:\/\/lavanno.com\/product\/piumacare-pesuaine-suletoodetele\/"},"modified":"2026-05-02T14:20:04","modified_gmt":"2026-05-02T11:20:04","slug":"piumacare-pesuaine-suletoodetele","status":"publish","type":"product","link":"https:\/\/lavanno.com\/en\/toode\/piumacare-pesuaine-suletoodetele\/","title":{"rendered":"PiumaCare &#8211; pesuaine suletoodetele"},"content":{"rendered":"<div class=\"flex-shrink-0 flex flex-col relative items-end\">\n<div>\n<div class=\"pt-0\">\n<div class=\"gizmo-bot-avatar flex h-8 w-8 items-center justify-center overflow-hidden rounded-full\">\n<div class=\"relative p-1 rounded-sm flex items-center justify-center bg-token-main-surface-primary text-token-text-primary h-8 w-8\"><strong>Spetsifikatsioonid<\/strong><\/div>\n<\/div>\n<\/div>\n<\/div>\n<\/div>\n<div class=\"group\/conversation-turn relative flex w-full min-w-0 flex-col agent-turn\">\n<div class=\"flex-col gap-1 md:gap-3\">\n<div class=\"flex max-w-full flex-col flex-grow\">\n<div class=\"min-h-8 text-message flex w-full flex-col items-end gap-2 whitespace-normal break-words [.text-message+&amp;]:mt-5\" dir=\"auto\" data-message-author-role=\"assistant\" data-message-id=\"a5b58f19-dd5f-488c-ad57-6a0e3ceab732\" data-message-model-slug=\"gpt-4o\">\n<div class=\"flex w-full flex-col gap-1 empty:hidden first:pt-[3px]\">\n<div class=\"markdown prose w-full break-words dark:prose-invert light\">\n<p><strong>Kasutamine<\/strong><\/p>\n<p>Doseeri p\u00f5hipesu ajal, kui pesumasin on t\u00e4idetud maksimaalselt 30% ulatuses.<\/p>\n<p><strong>Koostisosad<\/strong><\/p>\n<p>Vesi, TEA-dodek\u00fc\u00fclbenseensulfonaat, C13\u201315 pareth-7, naatriumdodek\u00fc\u00fclbenseensulfonaat, kokamiid DEA, naatriumtsitraat, naatriumlaureetsulfaat, l\u00f5hnaaine, PEG-75 lanoliin, dietanoolamiin, heks\u00fc\u00fclsalits\u00fclaat, dimetikoon, fenet\u00fc\u00fclalkohol, met\u00fc\u00fcl-alfa-ionooni isomeerid, steareth-21, tsitronellool, 4-tert-but\u00fc\u00fclts\u00fckloheks\u00fc\u00fclatsetaat, ts\u00fckloheks\u00fc\u00fclsalits\u00fclaat, alfa-isomet\u00fc\u00fclionoon, heks\u00fc\u00fclkinnamaal, geraniool, v\u00e4rvaine CI 74180.<\/p>\n<p>S\u00e4ilitusained:<br \/>\nMet\u00fc\u00fclkloroisotiasolinoon ja met\u00fc\u00fclisotiasolinoon 0,00075%.<\/p>\n<p><strong>met\u00fc\u00fclkloroisotiasolinoon ja met\u00fc\u00fclisotiasolinoon (3:1) = 0,00075%<\/strong><\/p>\n<p><strong>Funktsioon<\/strong><\/p>\n<p>Pesuvahend suletoodetele<\/p>\n<\/div>\n<\/div>\n<\/div>\n<\/div>\n<\/div>\n<\/div>\n<p>&nbsp;<\/p>\n<p><a href=\"https:\/\/lavanno.com\/wp-content\/uploads\/2025\/09\/A39-540Hygienfresh_Detergente_PiumacareRel7ETSDS.pdf\" target=\"_blank\" rel=\"noopener\">Ohutuskaart<\/a><\/p>\n<p>&nbsp;<\/p>\n","protected":false},"excerpt":{"rendered":"<p>Spetsiaalselt suletoodete pesemiseks loodud pesuvahend, mis sobib tekkidele, patjadele ja sulejopedele ja jakkidele. Aitab hoida suled pehme ja kohevana, v\u00e4hendab staatilist elektrit ning on sulgi eraldava toimega.<\/p>\n<ul>\n<li>Puhastab \u00f5rnalt ja kaitseb tooteid, mis sisaldavad sulgi.<\/li>\n<li>Sisaldab spetsiaalseid pol\u00fcmeere, mis kaitsevad ja takistavad sulgede kokku kleepumist, samuti h\u00f5lbustavad kuivatamist.<\/li>\n<li>T\u00f5hus p\u00fcsivate orgaaniliste plekkide, nagu s\u00fclg ja higi, vastu.<\/li>\n<li>Meeldiv ja \u00f5rn v\u00e4rske pesu l\u00f5hn.<\/li>\n<\/ul>\n","protected":false},"featured_media":5281,"comment_status":"open","ping_status":"closed","template":"","meta":[],"product_brand":[],"product_cat":[506,525,546,564,548,538,520,547],"product_tag":[850,835,837],"class_list":{"0":"post-4444","1":"product","2":"type-product","3":"status-publish","4":"has-post-thumbnail","6":"product_cat-ariklient","7":"product_cat-vesipesuvahendid","8":"product_cat-pesuained","9":"product_cat-orna-toimega-pesuvahendid","10":"product_cat-spetsiifilised-puhastusvahendid","11":"product_cat-emulsioonpesu-wet-clean","12":"product_cat-eraklient","13":"product_cat-pesuvahendid-eraklient","14":"product_tag-kodumajapidamine","15":"product_tag-pesumajad","16":"product_tag-puhastusteenindus","18":"first","19":"instock","20":"taxable","21":"shipping-taxable","22":"purchasable","23":"product-type-variable"},"yoast_head":"<!-- This site is optimized with the Yoast SEO plugin v27.0 - https:\/\/yoast.com\/product\/yoast-seo-wordpress\/ -->\n<title>PiumaCare - pesuaine suletoodetele - Lavanno - pesuvahendite ekspert<\/title>\n<meta name=\"description\" content=\"PiumaCare - spetsiaalne pesuaine suletoodetele. Puhastab \u00f5rnalt, hoiab sulgede elastsust ja kuju, v\u00e4ldib sulgede kokku kleepumist ning j\u00e4tab v\u00e4rske l\u00f5hna.\" \/>\n<meta name=\"robots\" content=\"index, follow, max-snippet:-1, max-image-preview:large, max-video-preview:-1\" \/>\n<link rel=\"canonical\" href=\"https:\/\/lavanno.com\/en\/toode\/piumacare-pesuaine-suletoodetele\/\" \/>\n<meta property=\"og:locale\" content=\"en_US\" \/>\n<meta property=\"og:type\" content=\"article\" \/>\n<meta property=\"og:title\" content=\"PiumaCare - pesuaine suletoodetele - Lavanno - pesuvahendite ekspert\" \/>\n<meta property=\"og:description\" content=\"PiumaCare - spetsiaalne pesuaine suletoodetele. Puhastab \u00f5rnalt, hoiab sulgede elastsust ja kuju, v\u00e4ldib sulgede kokku kleepumist ning j\u00e4tab v\u00e4rske l\u00f5hna.\" \/>\n<meta property=\"og:url\" content=\"https:\/\/lavanno.com\/en\/toode\/piumacare-pesuaine-suletoodetele\/\" \/>\n<meta property=\"og:site_name\" content=\"Lavanno - pesuvahendite ekspert\" \/>\n<meta property=\"article:publisher\" content=\"https:\/\/www.facebook.com\/Lavanno.ee\" \/>\n<meta property=\"article:modified_time\" content=\"2026-05-02T11:20:04+00:00\" \/>\n<meta property=\"og:image\" content=\"https:\/\/lavanno.com\/wp-content\/uploads\/2025\/02\/a39-540kpiumacare_10kg.png\" \/>\n\t<meta property=\"og:image:width\" content=\"800\" \/>\n\t<meta property=\"og:image:height\" content=\"800\" \/>\n\t<meta property=\"og:image:type\" content=\"image\/png\" \/>\n<meta name=\"twitter:card\" content=\"summary_large_image\" \/>\n<meta name=\"twitter:label1\" content=\"Est. reading time\" \/>\n\t<meta name=\"twitter:data1\" content=\"1 minute\" \/>\n<script type=\"application\/ld+json\" class=\"yoast-schema-graph\">{\"@context\":\"https:\/\/schema.org\",\"@graph\":[{\"@type\":\"WebPage\",\"@id\":\"https:\/\/lavanno.com\/en\/toode\/piumacare-pesuaine-suletoodetele\/\",\"url\":\"https:\/\/lavanno.com\/en\/toode\/piumacare-pesuaine-suletoodetele\/\",\"name\":\"PiumaCare - pesuaine suletoodetele - Lavanno - pesuvahendite ekspert\",\"isPartOf\":{\"@id\":\"https:\/\/lavanno.com\/en\/#website\"},\"primaryImageOfPage\":{\"@id\":\"https:\/\/lavanno.com\/en\/toode\/piumacare-pesuaine-suletoodetele\/#primaryimage\"},\"image\":{\"@id\":\"https:\/\/lavanno.com\/en\/toode\/piumacare-pesuaine-suletoodetele\/#primaryimage\"},\"thumbnailUrl\":\"https:\/\/lavanno.com\/wp-content\/uploads\/2025\/02\/a39-540kpiumacare_10kg.png\",\"datePublished\":\"2025-02-08T13:38:36+00:00\",\"dateModified\":\"2026-05-02T11:20:04+00:00\",\"description\":\"PiumaCare - spetsiaalne pesuaine suletoodetele. Puhastab \u00f5rnalt, hoiab sulgede elastsust ja kuju, v\u00e4ldib sulgede kokku kleepumist ning j\u00e4tab v\u00e4rske l\u00f5hna.\",\"breadcrumb\":{\"@id\":\"https:\/\/lavanno.com\/en\/toode\/piumacare-pesuaine-suletoodetele\/#breadcrumb\"},\"inLanguage\":\"en-US\",\"potentialAction\":[{\"@type\":\"ReadAction\",\"target\":[\"https:\/\/lavanno.com\/en\/toode\/piumacare-pesuaine-suletoodetele\/\"]}]},{\"@type\":\"ImageObject\",\"inLanguage\":\"en-US\",\"@id\":\"https:\/\/lavanno.com\/en\/toode\/piumacare-pesuaine-suletoodetele\/#primaryimage\",\"url\":\"https:\/\/lavanno.com\/wp-content\/uploads\/2025\/02\/a39-540kpiumacare_10kg.png\",\"contentUrl\":\"https:\/\/lavanno.com\/wp-content\/uploads\/2025\/02\/a39-540kpiumacare_10kg.png\",\"width\":800,\"height\":800,\"caption\":\"Piumacare pesuaine suletoodetele\"},{\"@type\":\"BreadcrumbList\",\"@id\":\"https:\/\/lavanno.com\/en\/toode\/piumacare-pesuaine-suletoodetele\/#breadcrumb\",\"itemListElement\":[{\"@type\":\"ListItem\",\"position\":1,\"name\":\"Home\",\"item\":\"https:\/\/lavanno.com\/en\/\"},{\"@type\":\"ListItem\",\"position\":2,\"name\":\"E-pood\",\"item\":\"https:\/\/lavanno.com\/e-pood\/\"},{\"@type\":\"ListItem\",\"position\":3,\"name\":\"PiumaCare &#8211; pesuaine suletoodetele\"}]},{\"@type\":\"WebSite\",\"@id\":\"https:\/\/lavanno.com\/en\/#website\",\"url\":\"https:\/\/lavanno.com\/en\/\",\"name\":\"Lavanno - Pesuvahendite ekspert\",\"description\":\"Toome maale ja m\u00fc\u00fcme tekstiili pesuvahendeid, pesumajaseadmeid ja tarvikuid. Hooldame ja konsulteerime.\",\"publisher\":{\"@id\":\"https:\/\/lavanno.com\/en\/#organization\"},\"potentialAction\":[{\"@type\":\"SearchAction\",\"target\":{\"@type\":\"EntryPoint\",\"urlTemplate\":\"https:\/\/lavanno.com\/en\/?s={search_term_string}\"},\"query-input\":{\"@type\":\"PropertyValueSpecification\",\"valueRequired\":true,\"valueName\":\"search_term_string\"}}],\"inLanguage\":\"en-US\"},{\"@type\":\"Organization\",\"@id\":\"https:\/\/lavanno.com\/en\/#organization\",\"name\":\"Lavanno - Pesuvahendite ekspert\",\"url\":\"https:\/\/lavanno.com\/en\/\",\"logo\":{\"@type\":\"ImageObject\",\"inLanguage\":\"en-US\",\"@id\":\"https:\/\/lavanno.com\/en\/#\/schema\/logo\/image\/\",\"url\":\"https:\/\/lavanno.com\/wp-content\/uploads\/2025\/07\/Lavanno.png\",\"contentUrl\":\"https:\/\/lavanno.com\/wp-content\/uploads\/2025\/07\/Lavanno.png\",\"width\":1200,\"height\":1200,\"caption\":\"Lavanno - Pesuvahendite ekspert\"},\"image\":{\"@id\":\"https:\/\/lavanno.com\/en\/#\/schema\/logo\/image\/\"},\"sameAs\":[\"https:\/\/www.facebook.com\/Lavanno.ee\"]}]}<\/script>\n<!-- \/ Yoast SEO plugin. -->","yoast_head_json":{"title":"PiumaCare - pesuaine suletoodetele - Lavanno - pesuvahendite ekspert","description":"PiumaCare - spetsiaalne pesuaine suletoodetele. Puhastab \u00f5rnalt, hoiab sulgede elastsust ja kuju, v\u00e4ldib sulgede kokku kleepumist ning j\u00e4tab v\u00e4rske l\u00f5hna.","robots":{"index":"index","follow":"follow","max-snippet":"max-snippet:-1","max-image-preview":"max-image-preview:large","max-video-preview":"max-video-preview:-1"},"canonical":"https:\/\/lavanno.com\/en\/toode\/piumacare-pesuaine-suletoodetele\/","og_locale":"en_US","og_type":"article","og_title":"PiumaCare - pesuaine suletoodetele - Lavanno - pesuvahendite ekspert","og_description":"PiumaCare - spetsiaalne pesuaine suletoodetele. Puhastab \u00f5rnalt, hoiab sulgede elastsust ja kuju, v\u00e4ldib sulgede kokku kleepumist ning j\u00e4tab v\u00e4rske l\u00f5hna.","og_url":"https:\/\/lavanno.com\/en\/toode\/piumacare-pesuaine-suletoodetele\/","og_site_name":"Lavanno - pesuvahendite ekspert","article_publisher":"https:\/\/www.facebook.com\/Lavanno.ee","article_modified_time":"2026-05-02T11:20:04+00:00","og_image":[{"width":800,"height":800,"url":"https:\/\/lavanno.com\/wp-content\/uploads\/2025\/02\/a39-540kpiumacare_10kg.png","type":"image\/png"}],"twitter_card":"summary_large_image","twitter_misc":{"Est. reading time":"1 minute"},"schema":{"@context":"https:\/\/schema.org","@graph":[{"@type":"WebPage","@id":"https:\/\/lavanno.com\/en\/toode\/piumacare-pesuaine-suletoodetele\/","url":"https:\/\/lavanno.com\/en\/toode\/piumacare-pesuaine-suletoodetele\/","name":"PiumaCare - pesuaine suletoodetele - Lavanno - pesuvahendite ekspert","isPartOf":{"@id":"https:\/\/lavanno.com\/en\/#website"},"primaryImageOfPage":{"@id":"https:\/\/lavanno.com\/en\/toode\/piumacare-pesuaine-suletoodetele\/#primaryimage"},"image":{"@id":"https:\/\/lavanno.com\/en\/toode\/piumacare-pesuaine-suletoodetele\/#primaryimage"},"thumbnailUrl":"https:\/\/lavanno.com\/wp-content\/uploads\/2025\/02\/a39-540kpiumacare_10kg.png","datePublished":"2025-02-08T13:38:36+00:00","dateModified":"2026-05-02T11:20:04+00:00","description":"PiumaCare - spetsiaalne pesuaine suletoodetele. Puhastab \u00f5rnalt, hoiab sulgede elastsust ja kuju, v\u00e4ldib sulgede kokku kleepumist ning j\u00e4tab v\u00e4rske l\u00f5hna.","breadcrumb":{"@id":"https:\/\/lavanno.com\/en\/toode\/piumacare-pesuaine-suletoodetele\/#breadcrumb"},"inLanguage":"en-US","potentialAction":[{"@type":"ReadAction","target":["https:\/\/lavanno.com\/en\/toode\/piumacare-pesuaine-suletoodetele\/"]}]},{"@type":"ImageObject","inLanguage":"en-US","@id":"https:\/\/lavanno.com\/en\/toode\/piumacare-pesuaine-suletoodetele\/#primaryimage","url":"https:\/\/lavanno.com\/wp-content\/uploads\/2025\/02\/a39-540kpiumacare_10kg.png","contentUrl":"https:\/\/lavanno.com\/wp-content\/uploads\/2025\/02\/a39-540kpiumacare_10kg.png","width":800,"height":800,"caption":"Piumacare pesuaine suletoodetele"},{"@type":"BreadcrumbList","@id":"https:\/\/lavanno.com\/en\/toode\/piumacare-pesuaine-suletoodetele\/#breadcrumb","itemListElement":[{"@type":"ListItem","position":1,"name":"Home","item":"https:\/\/lavanno.com\/en\/"},{"@type":"ListItem","position":2,"name":"E-pood","item":"https:\/\/lavanno.com\/e-pood\/"},{"@type":"ListItem","position":3,"name":"PiumaCare &#8211; pesuaine suletoodetele"}]},{"@type":"WebSite","@id":"https:\/\/lavanno.com\/en\/#website","url":"https:\/\/lavanno.com\/en\/","name":"Lavanno - Pesuvahendite ekspert","description":"Toome maale ja m\u00fc\u00fcme tekstiili pesuvahendeid, pesumajaseadmeid ja tarvikuid. Hooldame ja konsulteerime.","publisher":{"@id":"https:\/\/lavanno.com\/en\/#organization"},"potentialAction":[{"@type":"SearchAction","target":{"@type":"EntryPoint","urlTemplate":"https:\/\/lavanno.com\/en\/?s={search_term_string}"},"query-input":{"@type":"PropertyValueSpecification","valueRequired":true,"valueName":"search_term_string"}}],"inLanguage":"en-US"},{"@type":"Organization","@id":"https:\/\/lavanno.com\/en\/#organization","name":"Lavanno - Pesuvahendite ekspert","url":"https:\/\/lavanno.com\/en\/","logo":{"@type":"ImageObject","inLanguage":"en-US","@id":"https:\/\/lavanno.com\/en\/#\/schema\/logo\/image\/","url":"https:\/\/lavanno.com\/wp-content\/uploads\/2025\/07\/Lavanno.png","contentUrl":"https:\/\/lavanno.com\/wp-content\/uploads\/2025\/07\/Lavanno.png","width":1200,"height":1200,"caption":"Lavanno - Pesuvahendite ekspert"},"image":{"@id":"https:\/\/lavanno.com\/en\/#\/schema\/logo\/image\/"},"sameAs":["https:\/\/www.facebook.com\/Lavanno.ee"]}]}},"_links":{"self":[{"href":"https:\/\/lavanno.com\/en\/wp-json\/wp\/v2\/product\/4444","targetHints":{"allow":["GET"]}}],"collection":[{"href":"https:\/\/lavanno.com\/en\/wp-json\/wp\/v2\/product"}],"about":[{"href":"https:\/\/lavanno.com\/en\/wp-json\/wp\/v2\/types\/product"}],"replies":[{"embeddable":true,"href":"https:\/\/lavanno.com\/en\/wp-json\/wp\/v2\/comments?post=4444"}],"wp:featuredmedia":[{"embeddable":true,"href":"https:\/\/lavanno.com\/en\/wp-json\/wp\/v2\/media\/5281"}],"wp:attachment":[{"href":"https:\/\/lavanno.com\/en\/wp-json\/wp\/v2\/media?parent=4444"}],"wp:term":[{"taxonomy":"product_brand","embeddable":true,"href":"https:\/\/lavanno.com\/en\/wp-json\/wp\/v2\/product_brand?post=4444"},{"taxonomy":"product_cat","embeddable":true,"href":"https:\/\/lavanno.com\/en\/wp-json\/wp\/v2\/product_cat?post=4444"},{"taxonomy":"product_tag","embeddable":true,"href":"https:\/\/lavanno.com\/en\/wp-json\/wp\/v2\/product_tag?post=4444"}],"curies":[{"name":"wp","href":"https:\/\/api.w.org\/{rel}","templated":true}]}}