{"id":4449,"date":"2025-02-08T15:38:36","date_gmt":"2025-02-08T13:38:36","guid":{"rendered":"https:\/\/lavanno.com\/product\/poroloonid-suured\/"},"modified":"2026-05-02T14:20:04","modified_gmt":"2026-05-02T11:20:04","slug":"poroloonid-suured","status":"publish","type":"product","link":"https:\/\/lavanno.com\/en\/toode\/poroloonid-suured\/","title":{"rendered":"Poroloonid suured"},"content":{"rendered":"","protected":false},"excerpt":{"rendered":"<p>Foam Shoulder Guards on pehmest vahtmaterjalist valmistatud \u00f5lakaitsmed, mis aitavad s\u00e4ilitada r\u00f5ivaste kuju ja kaitsta \u00f5laosa deformatsiooni eest. Need on eriti kasulikud keemilistes puhastustes, pesumajades, kus r\u00f5ivaid hoitakse v\u00f5i transporditakse riidepuudel.<\/p>\n<p>\u00d5lakaitsmed aitavad v\u00e4ltida riiete venimist ning hoiavad \u00f5mblused ja vormi paremini s\u00e4ilinuna. Lihtne paigaldada riidepuule ning sobivad erinevat t\u00fc\u00fcpi r\u00f5ivastele.<\/p>\n","protected":false},"featured_media":7864,"comment_status":"open","ping_status":"closed","template":"","meta":[],"product_brand":[],"product_cat":[506,512,602],"product_tag":[835],"class_list":{"0":"post-4449","1":"product","2":"type-product","3":"status-publish","4":"has-post-thumbnail","6":"product_cat-ariklient","7":"product_cat-tarvikud-ja-seadmed","8":"product_cat-riidepuud-ja-tarvikud-tarvikud-ja-seadmed-ariklient","9":"product_tag-pesumajad","11":"first","12":"instock","13":"taxable","14":"shipping-taxable","15":"purchasable","16":"product-type-variable"},"yoast_head":"<!-- This site is optimized with the Yoast SEO plugin v27.0 - https:\/\/yoast.com\/product\/yoast-seo-wordpress\/ -->\n<title>Poroloonid suured - Lavanno - pesuvahendite ekspert<\/title>\n<meta name=\"description\" content=\"Foam shoulder guards \u00f5lakaitsmed riidepuudele kaitsevad r\u00f5ivaste \u00f5laosa ja aitavad s\u00e4ilitada riiete kuju. Pakendis 300 tk.\" \/>\n<meta name=\"robots\" content=\"index, follow, max-snippet:-1, max-image-preview:large, max-video-preview:-1\" \/>\n<link rel=\"canonical\" href=\"https:\/\/lavanno.com\/en\/toode\/poroloonid-suured\/\" \/>\n<meta property=\"og:locale\" content=\"en_US\" \/>\n<meta property=\"og:type\" content=\"article\" \/>\n<meta property=\"og:title\" content=\"Poroloonid suured - Lavanno - pesuvahendite ekspert\" \/>\n<meta property=\"og:description\" content=\"Foam shoulder guards \u00f5lakaitsmed riidepuudele kaitsevad r\u00f5ivaste \u00f5laosa ja aitavad s\u00e4ilitada riiete kuju. Pakendis 300 tk.\" \/>\n<meta property=\"og:url\" content=\"https:\/\/lavanno.com\/en\/toode\/poroloonid-suured\/\" \/>\n<meta property=\"og:site_name\" content=\"Lavanno - pesuvahendite ekspert\" \/>\n<meta property=\"article:publisher\" content=\"https:\/\/www.facebook.com\/Lavanno.ee\" \/>\n<meta property=\"article:modified_time\" content=\"2026-05-02T11:20:04+00:00\" \/>\n<meta property=\"og:image\" content=\"https:\/\/lavanno.com\/wp-content\/uploads\/2025\/02\/Poroloonid-suured.png\" \/>\n\t<meta property=\"og:image:width\" content=\"800\" \/>\n\t<meta property=\"og:image:height\" content=\"800\" \/>\n\t<meta property=\"og:image:type\" content=\"image\/png\" \/>\n<meta name=\"twitter:card\" content=\"summary_large_image\" \/>\n<meta name=\"twitter:label1\" content=\"Est. reading time\" \/>\n\t<meta name=\"twitter:data1\" content=\"1 minute\" \/>\n<script type=\"application\/ld+json\" class=\"yoast-schema-graph\">{\"@context\":\"https:\/\/schema.org\",\"@graph\":[{\"@type\":\"WebPage\",\"@id\":\"https:\/\/lavanno.com\/en\/toode\/poroloonid-suured\/\",\"url\":\"https:\/\/lavanno.com\/en\/toode\/poroloonid-suured\/\",\"name\":\"Poroloonid suured - Lavanno - pesuvahendite ekspert\",\"isPartOf\":{\"@id\":\"https:\/\/lavanno.com\/en\/#website\"},\"primaryImageOfPage\":{\"@id\":\"https:\/\/lavanno.com\/en\/toode\/poroloonid-suured\/#primaryimage\"},\"image\":{\"@id\":\"https:\/\/lavanno.com\/en\/toode\/poroloonid-suured\/#primaryimage\"},\"thumbnailUrl\":\"https:\/\/lavanno.com\/wp-content\/uploads\/2025\/02\/Poroloonid-suured.png\",\"datePublished\":\"2025-02-08T13:38:36+00:00\",\"dateModified\":\"2026-05-02T11:20:04+00:00\",\"description\":\"Foam shoulder guards \u00f5lakaitsmed riidepuudele kaitsevad r\u00f5ivaste \u00f5laosa ja aitavad s\u00e4ilitada riiete kuju. Pakendis 300 tk.\",\"breadcrumb\":{\"@id\":\"https:\/\/lavanno.com\/en\/toode\/poroloonid-suured\/#breadcrumb\"},\"inLanguage\":\"en-US\",\"potentialAction\":[{\"@type\":\"ReadAction\",\"target\":[\"https:\/\/lavanno.com\/en\/toode\/poroloonid-suured\/\"]}]},{\"@type\":\"ImageObject\",\"inLanguage\":\"en-US\",\"@id\":\"https:\/\/lavanno.com\/en\/toode\/poroloonid-suured\/#primaryimage\",\"url\":\"https:\/\/lavanno.com\/wp-content\/uploads\/2025\/02\/Poroloonid-suured.png\",\"contentUrl\":\"https:\/\/lavanno.com\/wp-content\/uploads\/2025\/02\/Poroloonid-suured.png\",\"width\":800,\"height\":800,\"caption\":\"Poroloonid suured\"},{\"@type\":\"BreadcrumbList\",\"@id\":\"https:\/\/lavanno.com\/en\/toode\/poroloonid-suured\/#breadcrumb\",\"itemListElement\":[{\"@type\":\"ListItem\",\"position\":1,\"name\":\"Home\",\"item\":\"https:\/\/lavanno.com\/en\/\"},{\"@type\":\"ListItem\",\"position\":2,\"name\":\"E-pood\",\"item\":\"https:\/\/lavanno.com\/e-pood\/\"},{\"@type\":\"ListItem\",\"position\":3,\"name\":\"Poroloonid suured\"}]},{\"@type\":\"WebSite\",\"@id\":\"https:\/\/lavanno.com\/en\/#website\",\"url\":\"https:\/\/lavanno.com\/en\/\",\"name\":\"Lavanno - Pesuvahendite ekspert\",\"description\":\"Toome maale ja m\u00fc\u00fcme tekstiili pesuvahendeid, pesumajaseadmeid ja tarvikuid. Hooldame ja konsulteerime.\",\"publisher\":{\"@id\":\"https:\/\/lavanno.com\/en\/#organization\"},\"potentialAction\":[{\"@type\":\"SearchAction\",\"target\":{\"@type\":\"EntryPoint\",\"urlTemplate\":\"https:\/\/lavanno.com\/en\/?s={search_term_string}\"},\"query-input\":{\"@type\":\"PropertyValueSpecification\",\"valueRequired\":true,\"valueName\":\"search_term_string\"}}],\"inLanguage\":\"en-US\"},{\"@type\":\"Organization\",\"@id\":\"https:\/\/lavanno.com\/en\/#organization\",\"name\":\"Lavanno - Pesuvahendite ekspert\",\"url\":\"https:\/\/lavanno.com\/en\/\",\"logo\":{\"@type\":\"ImageObject\",\"inLanguage\":\"en-US\",\"@id\":\"https:\/\/lavanno.com\/en\/#\/schema\/logo\/image\/\",\"url\":\"https:\/\/lavanno.com\/wp-content\/uploads\/2025\/07\/Lavanno.png\",\"contentUrl\":\"https:\/\/lavanno.com\/wp-content\/uploads\/2025\/07\/Lavanno.png\",\"width\":1200,\"height\":1200,\"caption\":\"Lavanno - Pesuvahendite ekspert\"},\"image\":{\"@id\":\"https:\/\/lavanno.com\/en\/#\/schema\/logo\/image\/\"},\"sameAs\":[\"https:\/\/www.facebook.com\/Lavanno.ee\"]}]}<\/script>\n<!-- \/ Yoast SEO plugin. -->","yoast_head_json":{"title":"Poroloonid suured - Lavanno - pesuvahendite ekspert","description":"Foam shoulder guards \u00f5lakaitsmed riidepuudele kaitsevad r\u00f5ivaste \u00f5laosa ja aitavad s\u00e4ilitada riiete kuju. Pakendis 300 tk.","robots":{"index":"index","follow":"follow","max-snippet":"max-snippet:-1","max-image-preview":"max-image-preview:large","max-video-preview":"max-video-preview:-1"},"canonical":"https:\/\/lavanno.com\/en\/toode\/poroloonid-suured\/","og_locale":"en_US","og_type":"article","og_title":"Poroloonid suured - Lavanno - pesuvahendite ekspert","og_description":"Foam shoulder guards \u00f5lakaitsmed riidepuudele kaitsevad r\u00f5ivaste \u00f5laosa ja aitavad s\u00e4ilitada riiete kuju. Pakendis 300 tk.","og_url":"https:\/\/lavanno.com\/en\/toode\/poroloonid-suured\/","og_site_name":"Lavanno - pesuvahendite ekspert","article_publisher":"https:\/\/www.facebook.com\/Lavanno.ee","article_modified_time":"2026-05-02T11:20:04+00:00","og_image":[{"width":800,"height":800,"url":"https:\/\/lavanno.com\/wp-content\/uploads\/2025\/02\/Poroloonid-suured.png","type":"image\/png"}],"twitter_card":"summary_large_image","twitter_misc":{"Est. reading time":"1 minute"},"schema":{"@context":"https:\/\/schema.org","@graph":[{"@type":"WebPage","@id":"https:\/\/lavanno.com\/en\/toode\/poroloonid-suured\/","url":"https:\/\/lavanno.com\/en\/toode\/poroloonid-suured\/","name":"Poroloonid suured - Lavanno - pesuvahendite ekspert","isPartOf":{"@id":"https:\/\/lavanno.com\/en\/#website"},"primaryImageOfPage":{"@id":"https:\/\/lavanno.com\/en\/toode\/poroloonid-suured\/#primaryimage"},"image":{"@id":"https:\/\/lavanno.com\/en\/toode\/poroloonid-suured\/#primaryimage"},"thumbnailUrl":"https:\/\/lavanno.com\/wp-content\/uploads\/2025\/02\/Poroloonid-suured.png","datePublished":"2025-02-08T13:38:36+00:00","dateModified":"2026-05-02T11:20:04+00:00","description":"Foam shoulder guards \u00f5lakaitsmed riidepuudele kaitsevad r\u00f5ivaste \u00f5laosa ja aitavad s\u00e4ilitada riiete kuju. Pakendis 300 tk.","breadcrumb":{"@id":"https:\/\/lavanno.com\/en\/toode\/poroloonid-suured\/#breadcrumb"},"inLanguage":"en-US","potentialAction":[{"@type":"ReadAction","target":["https:\/\/lavanno.com\/en\/toode\/poroloonid-suured\/"]}]},{"@type":"ImageObject","inLanguage":"en-US","@id":"https:\/\/lavanno.com\/en\/toode\/poroloonid-suured\/#primaryimage","url":"https:\/\/lavanno.com\/wp-content\/uploads\/2025\/02\/Poroloonid-suured.png","contentUrl":"https:\/\/lavanno.com\/wp-content\/uploads\/2025\/02\/Poroloonid-suured.png","width":800,"height":800,"caption":"Poroloonid suured"},{"@type":"BreadcrumbList","@id":"https:\/\/lavanno.com\/en\/toode\/poroloonid-suured\/#breadcrumb","itemListElement":[{"@type":"ListItem","position":1,"name":"Home","item":"https:\/\/lavanno.com\/en\/"},{"@type":"ListItem","position":2,"name":"E-pood","item":"https:\/\/lavanno.com\/e-pood\/"},{"@type":"ListItem","position":3,"name":"Poroloonid suured"}]},{"@type":"WebSite","@id":"https:\/\/lavanno.com\/en\/#website","url":"https:\/\/lavanno.com\/en\/","name":"Lavanno - Pesuvahendite ekspert","description":"Toome maale ja m\u00fc\u00fcme tekstiili pesuvahendeid, pesumajaseadmeid ja tarvikuid. Hooldame ja konsulteerime.","publisher":{"@id":"https:\/\/lavanno.com\/en\/#organization"},"potentialAction":[{"@type":"SearchAction","target":{"@type":"EntryPoint","urlTemplate":"https:\/\/lavanno.com\/en\/?s={search_term_string}"},"query-input":{"@type":"PropertyValueSpecification","valueRequired":true,"valueName":"search_term_string"}}],"inLanguage":"en-US"},{"@type":"Organization","@id":"https:\/\/lavanno.com\/en\/#organization","name":"Lavanno - Pesuvahendite ekspert","url":"https:\/\/lavanno.com\/en\/","logo":{"@type":"ImageObject","inLanguage":"en-US","@id":"https:\/\/lavanno.com\/en\/#\/schema\/logo\/image\/","url":"https:\/\/lavanno.com\/wp-content\/uploads\/2025\/07\/Lavanno.png","contentUrl":"https:\/\/lavanno.com\/wp-content\/uploads\/2025\/07\/Lavanno.png","width":1200,"height":1200,"caption":"Lavanno - Pesuvahendite ekspert"},"image":{"@id":"https:\/\/lavanno.com\/en\/#\/schema\/logo\/image\/"},"sameAs":["https:\/\/www.facebook.com\/Lavanno.ee"]}]}},"_links":{"self":[{"href":"https:\/\/lavanno.com\/en\/wp-json\/wp\/v2\/product\/4449","targetHints":{"allow":["GET"]}}],"collection":[{"href":"https:\/\/lavanno.com\/en\/wp-json\/wp\/v2\/product"}],"about":[{"href":"https:\/\/lavanno.com\/en\/wp-json\/wp\/v2\/types\/product"}],"replies":[{"embeddable":true,"href":"https:\/\/lavanno.com\/en\/wp-json\/wp\/v2\/comments?post=4449"}],"wp:featuredmedia":[{"embeddable":true,"href":"https:\/\/lavanno.com\/en\/wp-json\/wp\/v2\/media\/7864"}],"wp:attachment":[{"href":"https:\/\/lavanno.com\/en\/wp-json\/wp\/v2\/media?parent=4449"}],"wp:term":[{"taxonomy":"product_brand","embeddable":true,"href":"https:\/\/lavanno.com\/en\/wp-json\/wp\/v2\/product_brand?post=4449"},{"taxonomy":"product_cat","embeddable":true,"href":"https:\/\/lavanno.com\/en\/wp-json\/wp\/v2\/product_cat?post=4449"},{"taxonomy":"product_tag","embeddable":true,"href":"https:\/\/lavanno.com\/en\/wp-json\/wp\/v2\/product_tag?post=4449"}],"curies":[{"name":"wp","href":"https:\/\/api.w.org\/{rel}","templated":true}]}}