{"id":4460,"date":"2025-02-08T15:38:39","date_gmt":"2025-02-08T13:38:39","guid":{"rendered":"https:\/\/lavanno.com\/product\/bioxelle-hupoallergeenne-pesuloputusvahend\/"},"modified":"2026-05-02T08:15:04","modified_gmt":"2026-05-02T05:15:04","slug":"bioxelle-hupoallergeenne-pesuloputusvahend","status":"publish","type":"product","link":"https:\/\/lavanno.com\/en\/toode\/bioxelle-hupoallergeenne-pesuloputusvahend\/","title":{"rendered":"Bioxelle &#8211; h\u00fcpoallergeenne pesuloputusvahend"},"content":{"rendered":"<p><a href=\"https:\/\/lavanno.com\/wp-content\/uploads\/2022\/08\/A45-900Bioxelle_-_Ammorbidente_soffice__profumatoRel6ETSDS.pdf\">Safety Data Sheet<\/a><\/br><a href=\"https:\/\/lavanno.com\/wp-content\/uploads\/2021\/05\/A45-900Bioxelle_-_Ammorbidente_soffice_&amp;_profumatoRel5ENSDS.pdf\">Technical Data Sheet<\/a><\/p>\n","protected":false},"excerpt":{"rendered":"<p>H\u00fcpoallergiline ja dermatoloogiliselt testitud l\u00f5hnastatud pesupehmendi konsentraat.<\/p>\n<p> Selle toote eelised:<br \/>\n H\u00fcpoallergiline toode, mida on testitud ISPE Instituudis. V\u00e4ldib ja ennetab v\u00f5imalikke allergilisi reaktsioone.<br \/>\n Nikli suhtes testitud toode, millel on Torino \u00dclikooli sertifikaat.<br \/>\n Suur kontsentratsioon, suurep\u00e4rased tulemused isegi v\u00e4ikeste koguste kasutamisel.<br \/>\n R\u00f5ivaid kaitsev \u201cVelosoft\u201d toime.<br \/>\n Teeb r\u00f5ivad pehmeks ja annab v\u00e4rske l\u00f5hna.<\/p>\n","protected":false},"featured_media":5329,"comment_status":"open","ping_status":"closed","template":"","meta":[],"product_brand":[],"product_cat":[506,525,550,520,549],"product_tag":[],"class_list":{"0":"post-4460","1":"product","2":"type-product","3":"status-publish","4":"has-post-thumbnail","6":"product_cat-ariklient","7":"product_cat-vesipesuvahendid","8":"product_cat-pesuloputusvahendid-ja-pehmendajad","9":"product_cat-eraklient","10":"product_cat-pesuloputusvahendid-eraklient","12":"first","13":"instock","14":"taxable","15":"shipping-taxable","16":"purchasable","17":"product-type-variable"},"yoast_head":"<!-- This site is optimized with the Yoast SEO plugin v27.0 - https:\/\/yoast.com\/product\/yoast-seo-wordpress\/ -->\n<title>Bioxelle - h\u00fcpoallergeenne pesuloputusvahend - Lavanno - pesuvahendite ekspert<\/title>\n<meta name=\"robots\" content=\"index, follow, max-snippet:-1, max-image-preview:large, max-video-preview:-1\" \/>\n<link rel=\"canonical\" href=\"https:\/\/lavanno.com\/en\/toode\/bioxelle-hupoallergeenne-pesuloputusvahend\/\" \/>\n<meta property=\"og:locale\" content=\"en_US\" \/>\n<meta property=\"og:type\" content=\"article\" \/>\n<meta property=\"og:title\" content=\"Bioxelle - h\u00fcpoallergeenne pesuloputusvahend - Lavanno - pesuvahendite ekspert\" \/>\n<meta property=\"og:description\" content=\"H\u00fcpoallergiline ja dermatoloogiliselt testitud l\u00f5hnastatud pesupehmendi konsentraat.  Selle toote eelised: H\u00fcpoallergiline toode, mida on testitud ISPE Instituudis. V\u00e4ldib ja ennetab v\u00f5imalikke allergilisi reaktsioone. Nikli suhtes testitud toode, millel on Torino \u00dclikooli sertifikaat. Suur kontsentratsioon, suurep\u00e4rased tulemused isegi v\u00e4ikeste koguste kasutamisel. R\u00f5ivaid kaitsev \u201cVelosoft\u201d toime. Teeb r\u00f5ivad pehmeks ja annab v\u00e4rske l\u00f5hna.\" \/>\n<meta property=\"og:url\" content=\"https:\/\/lavanno.com\/en\/toode\/bioxelle-hupoallergeenne-pesuloputusvahend\/\" \/>\n<meta property=\"og:site_name\" content=\"Lavanno - pesuvahendite ekspert\" \/>\n<meta property=\"article:publisher\" content=\"https:\/\/www.facebook.com\/Lavanno.ee\" \/>\n<meta property=\"article:modified_time\" content=\"2026-05-02T05:15:04+00:00\" \/>\n<meta property=\"og:image\" content=\"https:\/\/lavanno.com\/wp-content\/uploads\/2025\/02\/a45-900bioxelle_ammorbidente_groupage-1.png\" \/>\n\t<meta property=\"og:image:width\" content=\"800\" \/>\n\t<meta property=\"og:image:height\" content=\"800\" \/>\n\t<meta property=\"og:image:type\" content=\"image\/png\" \/>\n<meta name=\"twitter:card\" content=\"summary_large_image\" \/>\n<meta name=\"twitter:label1\" content=\"Est. reading time\" \/>\n\t<meta name=\"twitter:data1\" content=\"1 minute\" \/>\n<script type=\"application\/ld+json\" class=\"yoast-schema-graph\">{\"@context\":\"https:\/\/schema.org\",\"@graph\":[{\"@type\":\"WebPage\",\"@id\":\"https:\/\/lavanno.com\/en\/toode\/bioxelle-hupoallergeenne-pesuloputusvahend\/\",\"url\":\"https:\/\/lavanno.com\/en\/toode\/bioxelle-hupoallergeenne-pesuloputusvahend\/\",\"name\":\"Bioxelle - h\u00fcpoallergeenne pesuloputusvahend - Lavanno - pesuvahendite ekspert\",\"isPartOf\":{\"@id\":\"https:\/\/lavanno.com\/en\/#website\"},\"primaryImageOfPage\":{\"@id\":\"https:\/\/lavanno.com\/en\/toode\/bioxelle-hupoallergeenne-pesuloputusvahend\/#primaryimage\"},\"image\":{\"@id\":\"https:\/\/lavanno.com\/en\/toode\/bioxelle-hupoallergeenne-pesuloputusvahend\/#primaryimage\"},\"thumbnailUrl\":\"https:\/\/lavanno.com\/wp-content\/uploads\/2025\/02\/a45-900bioxelle_ammorbidente_groupage-1.png\",\"datePublished\":\"2025-02-08T13:38:39+00:00\",\"dateModified\":\"2026-05-02T05:15:04+00:00\",\"breadcrumb\":{\"@id\":\"https:\/\/lavanno.com\/en\/toode\/bioxelle-hupoallergeenne-pesuloputusvahend\/#breadcrumb\"},\"inLanguage\":\"en-US\",\"potentialAction\":[{\"@type\":\"ReadAction\",\"target\":[\"https:\/\/lavanno.com\/en\/toode\/bioxelle-hupoallergeenne-pesuloputusvahend\/\"]}]},{\"@type\":\"ImageObject\",\"inLanguage\":\"en-US\",\"@id\":\"https:\/\/lavanno.com\/en\/toode\/bioxelle-hupoallergeenne-pesuloputusvahend\/#primaryimage\",\"url\":\"https:\/\/lavanno.com\/wp-content\/uploads\/2025\/02\/a45-900bioxelle_ammorbidente_groupage-1.png\",\"contentUrl\":\"https:\/\/lavanno.com\/wp-content\/uploads\/2025\/02\/a45-900bioxelle_ammorbidente_groupage-1.png\",\"width\":800,\"height\":800},{\"@type\":\"BreadcrumbList\",\"@id\":\"https:\/\/lavanno.com\/en\/toode\/bioxelle-hupoallergeenne-pesuloputusvahend\/#breadcrumb\",\"itemListElement\":[{\"@type\":\"ListItem\",\"position\":1,\"name\":\"Home\",\"item\":\"https:\/\/lavanno.com\/en\/\"},{\"@type\":\"ListItem\",\"position\":2,\"name\":\"E-pood\",\"item\":\"https:\/\/lavanno.com\/e-pood\/\"},{\"@type\":\"ListItem\",\"position\":3,\"name\":\"Bioxelle &#8211; h\u00fcpoallergeenne pesuloputusvahend\"}]},{\"@type\":\"WebSite\",\"@id\":\"https:\/\/lavanno.com\/en\/#website\",\"url\":\"https:\/\/lavanno.com\/en\/\",\"name\":\"Lavanno - Pesuvahendite ekspert\",\"description\":\"Toome maale ja m\u00fc\u00fcme tekstiili pesuvahendeid, pesumajaseadmeid ja tarvikuid. Hooldame ja konsulteerime.\",\"publisher\":{\"@id\":\"https:\/\/lavanno.com\/en\/#organization\"},\"potentialAction\":[{\"@type\":\"SearchAction\",\"target\":{\"@type\":\"EntryPoint\",\"urlTemplate\":\"https:\/\/lavanno.com\/en\/?s={search_term_string}\"},\"query-input\":{\"@type\":\"PropertyValueSpecification\",\"valueRequired\":true,\"valueName\":\"search_term_string\"}}],\"inLanguage\":\"en-US\"},{\"@type\":\"Organization\",\"@id\":\"https:\/\/lavanno.com\/en\/#organization\",\"name\":\"Lavanno - Pesuvahendite ekspert\",\"url\":\"https:\/\/lavanno.com\/en\/\",\"logo\":{\"@type\":\"ImageObject\",\"inLanguage\":\"en-US\",\"@id\":\"https:\/\/lavanno.com\/en\/#\/schema\/logo\/image\/\",\"url\":\"https:\/\/lavanno.com\/wp-content\/uploads\/2025\/07\/Lavanno.png\",\"contentUrl\":\"https:\/\/lavanno.com\/wp-content\/uploads\/2025\/07\/Lavanno.png\",\"width\":1200,\"height\":1200,\"caption\":\"Lavanno - Pesuvahendite ekspert\"},\"image\":{\"@id\":\"https:\/\/lavanno.com\/en\/#\/schema\/logo\/image\/\"},\"sameAs\":[\"https:\/\/www.facebook.com\/Lavanno.ee\"]}]}<\/script>\n<!-- \/ Yoast SEO plugin. -->","yoast_head_json":{"title":"Bioxelle - h\u00fcpoallergeenne pesuloputusvahend - Lavanno - pesuvahendite ekspert","robots":{"index":"index","follow":"follow","max-snippet":"max-snippet:-1","max-image-preview":"max-image-preview:large","max-video-preview":"max-video-preview:-1"},"canonical":"https:\/\/lavanno.com\/en\/toode\/bioxelle-hupoallergeenne-pesuloputusvahend\/","og_locale":"en_US","og_type":"article","og_title":"Bioxelle - h\u00fcpoallergeenne pesuloputusvahend - Lavanno - pesuvahendite ekspert","og_description":"H\u00fcpoallergiline ja dermatoloogiliselt testitud l\u00f5hnastatud pesupehmendi konsentraat.  Selle toote eelised: H\u00fcpoallergiline toode, mida on testitud ISPE Instituudis. V\u00e4ldib ja ennetab v\u00f5imalikke allergilisi reaktsioone. Nikli suhtes testitud toode, millel on Torino \u00dclikooli sertifikaat. Suur kontsentratsioon, suurep\u00e4rased tulemused isegi v\u00e4ikeste koguste kasutamisel. R\u00f5ivaid kaitsev \u201cVelosoft\u201d toime. Teeb r\u00f5ivad pehmeks ja annab v\u00e4rske l\u00f5hna.","og_url":"https:\/\/lavanno.com\/en\/toode\/bioxelle-hupoallergeenne-pesuloputusvahend\/","og_site_name":"Lavanno - pesuvahendite ekspert","article_publisher":"https:\/\/www.facebook.com\/Lavanno.ee","article_modified_time":"2026-05-02T05:15:04+00:00","og_image":[{"width":800,"height":800,"url":"https:\/\/lavanno.com\/wp-content\/uploads\/2025\/02\/a45-900bioxelle_ammorbidente_groupage-1.png","type":"image\/png"}],"twitter_card":"summary_large_image","twitter_misc":{"Est. reading time":"1 minute"},"schema":{"@context":"https:\/\/schema.org","@graph":[{"@type":"WebPage","@id":"https:\/\/lavanno.com\/en\/toode\/bioxelle-hupoallergeenne-pesuloputusvahend\/","url":"https:\/\/lavanno.com\/en\/toode\/bioxelle-hupoallergeenne-pesuloputusvahend\/","name":"Bioxelle - h\u00fcpoallergeenne pesuloputusvahend - Lavanno - pesuvahendite ekspert","isPartOf":{"@id":"https:\/\/lavanno.com\/en\/#website"},"primaryImageOfPage":{"@id":"https:\/\/lavanno.com\/en\/toode\/bioxelle-hupoallergeenne-pesuloputusvahend\/#primaryimage"},"image":{"@id":"https:\/\/lavanno.com\/en\/toode\/bioxelle-hupoallergeenne-pesuloputusvahend\/#primaryimage"},"thumbnailUrl":"https:\/\/lavanno.com\/wp-content\/uploads\/2025\/02\/a45-900bioxelle_ammorbidente_groupage-1.png","datePublished":"2025-02-08T13:38:39+00:00","dateModified":"2026-05-02T05:15:04+00:00","breadcrumb":{"@id":"https:\/\/lavanno.com\/en\/toode\/bioxelle-hupoallergeenne-pesuloputusvahend\/#breadcrumb"},"inLanguage":"en-US","potentialAction":[{"@type":"ReadAction","target":["https:\/\/lavanno.com\/en\/toode\/bioxelle-hupoallergeenne-pesuloputusvahend\/"]}]},{"@type":"ImageObject","inLanguage":"en-US","@id":"https:\/\/lavanno.com\/en\/toode\/bioxelle-hupoallergeenne-pesuloputusvahend\/#primaryimage","url":"https:\/\/lavanno.com\/wp-content\/uploads\/2025\/02\/a45-900bioxelle_ammorbidente_groupage-1.png","contentUrl":"https:\/\/lavanno.com\/wp-content\/uploads\/2025\/02\/a45-900bioxelle_ammorbidente_groupage-1.png","width":800,"height":800},{"@type":"BreadcrumbList","@id":"https:\/\/lavanno.com\/en\/toode\/bioxelle-hupoallergeenne-pesuloputusvahend\/#breadcrumb","itemListElement":[{"@type":"ListItem","position":1,"name":"Home","item":"https:\/\/lavanno.com\/en\/"},{"@type":"ListItem","position":2,"name":"E-pood","item":"https:\/\/lavanno.com\/e-pood\/"},{"@type":"ListItem","position":3,"name":"Bioxelle &#8211; h\u00fcpoallergeenne pesuloputusvahend"}]},{"@type":"WebSite","@id":"https:\/\/lavanno.com\/en\/#website","url":"https:\/\/lavanno.com\/en\/","name":"Lavanno - Pesuvahendite ekspert","description":"Toome maale ja m\u00fc\u00fcme tekstiili pesuvahendeid, pesumajaseadmeid ja tarvikuid. Hooldame ja konsulteerime.","publisher":{"@id":"https:\/\/lavanno.com\/en\/#organization"},"potentialAction":[{"@type":"SearchAction","target":{"@type":"EntryPoint","urlTemplate":"https:\/\/lavanno.com\/en\/?s={search_term_string}"},"query-input":{"@type":"PropertyValueSpecification","valueRequired":true,"valueName":"search_term_string"}}],"inLanguage":"en-US"},{"@type":"Organization","@id":"https:\/\/lavanno.com\/en\/#organization","name":"Lavanno - Pesuvahendite ekspert","url":"https:\/\/lavanno.com\/en\/","logo":{"@type":"ImageObject","inLanguage":"en-US","@id":"https:\/\/lavanno.com\/en\/#\/schema\/logo\/image\/","url":"https:\/\/lavanno.com\/wp-content\/uploads\/2025\/07\/Lavanno.png","contentUrl":"https:\/\/lavanno.com\/wp-content\/uploads\/2025\/07\/Lavanno.png","width":1200,"height":1200,"caption":"Lavanno - Pesuvahendite ekspert"},"image":{"@id":"https:\/\/lavanno.com\/en\/#\/schema\/logo\/image\/"},"sameAs":["https:\/\/www.facebook.com\/Lavanno.ee"]}]}},"_links":{"self":[{"href":"https:\/\/lavanno.com\/en\/wp-json\/wp\/v2\/product\/4460","targetHints":{"allow":["GET"]}}],"collection":[{"href":"https:\/\/lavanno.com\/en\/wp-json\/wp\/v2\/product"}],"about":[{"href":"https:\/\/lavanno.com\/en\/wp-json\/wp\/v2\/types\/product"}],"replies":[{"embeddable":true,"href":"https:\/\/lavanno.com\/en\/wp-json\/wp\/v2\/comments?post=4460"}],"wp:featuredmedia":[{"embeddable":true,"href":"https:\/\/lavanno.com\/en\/wp-json\/wp\/v2\/media\/5329"}],"wp:attachment":[{"href":"https:\/\/lavanno.com\/en\/wp-json\/wp\/v2\/media?parent=4460"}],"wp:term":[{"taxonomy":"product_brand","embeddable":true,"href":"https:\/\/lavanno.com\/en\/wp-json\/wp\/v2\/product_brand?post=4460"},{"taxonomy":"product_cat","embeddable":true,"href":"https:\/\/lavanno.com\/en\/wp-json\/wp\/v2\/product_cat?post=4460"},{"taxonomy":"product_tag","embeddable":true,"href":"https:\/\/lavanno.com\/en\/wp-json\/wp\/v2\/product_tag?post=4460"}],"curies":[{"name":"wp","href":"https:\/\/api.w.org\/{rel}","templated":true}]}}