{"id":4497,"date":"2025-02-08T15:38:42","date_gmt":"2025-02-08T13:38:42","guid":{"rendered":"https:\/\/lavanno.com\/product\/original-bostitch-klammerdaja-b8p\/"},"modified":"2026-05-02T14:20:03","modified_gmt":"2026-05-02T11:20:03","slug":"original-bostitch-klammerdaja-b8p","status":"publish","type":"product","link":"https:\/\/lavanno.com\/en\/toode\/original-bostitch-klammerdaja-b8p\/","title":{"rendered":"Original Bostitch klammerdaja B8P"},"content":{"rendered":"","protected":false},"excerpt":{"rendered":"<p>Originaalne Bostitch Stapler B8P on \u00fcks k\u00f5ige usaldusv\u00e4\u00e4rsemaid klammerdamistange. Bostitch B8P sobib t\u00e4iuslikult koti sulgemiseks, sildistamiseks vm. klammerdamiseks. Teraskonstruktsioon ja t\u00e4pne ehitus annavad tulemuseks kvaliteetse ja vastupidava toote. Sellel klammerdajal on &#8216;kangiefekt&#8217;, mis tagab tugeva l\u00e4bistusj\u00f5u v\u00e4iksema pingutusega. Kiilumisvastane magasin laieneb, et klambrid enne nende kinnikiilumist l\u00e4bi lasta. Seda saab kasutada kas 6mm v\u00f5i 10mm Bostitch klambritega.<\/p>\n","protected":false},"featured_media":5611,"comment_status":"open","ping_status":"closed","template":"","meta":[],"product_brand":[],"product_cat":[506,512,598],"product_tag":[],"class_list":{"0":"post-4497","1":"product","2":"type-product","3":"status-publish","4":"has-post-thumbnail","6":"product_cat-ariklient","7":"product_cat-tarvikud-ja-seadmed","8":"product_cat-markeerimisvahendid","10":"first","11":"instock","12":"taxable","13":"shipping-taxable","14":"purchasable","15":"product-type-simple"},"yoast_head":"<!-- This site is optimized with the Yoast SEO plugin v27.0 - https:\/\/yoast.com\/product\/yoast-seo-wordpress\/ -->\n<title>Original Bostitch klammerdaja B8P - Lavanno - pesuvahendite ekspert<\/title>\n<meta name=\"robots\" content=\"index, follow, max-snippet:-1, max-image-preview:large, max-video-preview:-1\" \/>\n<link rel=\"canonical\" href=\"https:\/\/lavanno.com\/en\/toode\/original-bostitch-klammerdaja-b8p\/\" \/>\n<meta property=\"og:locale\" content=\"en_US\" \/>\n<meta property=\"og:type\" content=\"article\" \/>\n<meta property=\"og:title\" content=\"Original Bostitch klammerdaja B8P - Lavanno - pesuvahendite ekspert\" \/>\n<meta property=\"og:description\" content=\"Originaalne Bostitch Stapler B8P on \u00fcks k\u00f5ige usaldusv\u00e4\u00e4rsemaid klammerdamistange. Bostitch B8P sobib t\u00e4iuslikult koti sulgemiseks, sildistamiseks vm. klammerdamiseks. Teraskonstruktsioon ja t\u00e4pne ehitus annavad tulemuseks kvaliteetse ja vastupidava toote. Sellel klammerdajal on &#039;kangiefekt&#039;, mis tagab tugeva l\u00e4bistusj\u00f5u v\u00e4iksema pingutusega. Kiilumisvastane magasin laieneb, et klambrid enne nende kinnikiilumist l\u00e4bi lasta. Seda saab kasutada kas 6mm v\u00f5i 10mm Bostitch klambritega.\" \/>\n<meta property=\"og:url\" content=\"https:\/\/lavanno.com\/en\/toode\/original-bostitch-klammerdaja-b8p\/\" \/>\n<meta property=\"og:site_name\" content=\"Lavanno - pesuvahendite ekspert\" \/>\n<meta property=\"article:publisher\" content=\"https:\/\/www.facebook.com\/Lavanno.ee\" \/>\n<meta property=\"article:modified_time\" content=\"2026-05-02T11:20:03+00:00\" \/>\n<meta property=\"og:image\" content=\"https:\/\/lavanno.com\/wp-content\/uploads\/2025\/02\/b04-030pinzatrice_bostitch_b8p-1.png\" \/>\n\t<meta property=\"og:image:width\" content=\"800\" \/>\n\t<meta property=\"og:image:height\" content=\"800\" \/>\n\t<meta property=\"og:image:type\" content=\"image\/png\" \/>\n<meta name=\"twitter:card\" content=\"summary_large_image\" \/>\n<script type=\"application\/ld+json\" class=\"yoast-schema-graph\">{\"@context\":\"https:\/\/schema.org\",\"@graph\":[{\"@type\":\"WebPage\",\"@id\":\"https:\/\/lavanno.com\/en\/toode\/original-bostitch-klammerdaja-b8p\/\",\"url\":\"https:\/\/lavanno.com\/en\/toode\/original-bostitch-klammerdaja-b8p\/\",\"name\":\"Original Bostitch klammerdaja B8P - Lavanno - pesuvahendite ekspert\",\"isPartOf\":{\"@id\":\"https:\/\/lavanno.com\/en\/#website\"},\"primaryImageOfPage\":{\"@id\":\"https:\/\/lavanno.com\/en\/toode\/original-bostitch-klammerdaja-b8p\/#primaryimage\"},\"image\":{\"@id\":\"https:\/\/lavanno.com\/en\/toode\/original-bostitch-klammerdaja-b8p\/#primaryimage\"},\"thumbnailUrl\":\"https:\/\/lavanno.com\/wp-content\/uploads\/2025\/02\/b04-030pinzatrice_bostitch_b8p-1.png\",\"datePublished\":\"2025-02-08T13:38:42+00:00\",\"dateModified\":\"2026-05-02T11:20:03+00:00\",\"breadcrumb\":{\"@id\":\"https:\/\/lavanno.com\/en\/toode\/original-bostitch-klammerdaja-b8p\/#breadcrumb\"},\"inLanguage\":\"en-US\",\"potentialAction\":[{\"@type\":\"ReadAction\",\"target\":[\"https:\/\/lavanno.com\/en\/toode\/original-bostitch-klammerdaja-b8p\/\"]}]},{\"@type\":\"ImageObject\",\"inLanguage\":\"en-US\",\"@id\":\"https:\/\/lavanno.com\/en\/toode\/original-bostitch-klammerdaja-b8p\/#primaryimage\",\"url\":\"https:\/\/lavanno.com\/wp-content\/uploads\/2025\/02\/b04-030pinzatrice_bostitch_b8p-1.png\",\"contentUrl\":\"https:\/\/lavanno.com\/wp-content\/uploads\/2025\/02\/b04-030pinzatrice_bostitch_b8p-1.png\",\"width\":800,\"height\":800},{\"@type\":\"BreadcrumbList\",\"@id\":\"https:\/\/lavanno.com\/en\/toode\/original-bostitch-klammerdaja-b8p\/#breadcrumb\",\"itemListElement\":[{\"@type\":\"ListItem\",\"position\":1,\"name\":\"Home\",\"item\":\"https:\/\/lavanno.com\/en\/\"},{\"@type\":\"ListItem\",\"position\":2,\"name\":\"E-pood\",\"item\":\"https:\/\/lavanno.com\/e-pood\/\"},{\"@type\":\"ListItem\",\"position\":3,\"name\":\"Original Bostitch klammerdaja B8P\"}]},{\"@type\":\"WebSite\",\"@id\":\"https:\/\/lavanno.com\/en\/#website\",\"url\":\"https:\/\/lavanno.com\/en\/\",\"name\":\"Lavanno - Pesuvahendite ekspert\",\"description\":\"Toome maale ja m\u00fc\u00fcme tekstiili pesuvahendeid, pesumajaseadmeid ja tarvikuid. Hooldame ja konsulteerime.\",\"publisher\":{\"@id\":\"https:\/\/lavanno.com\/en\/#organization\"},\"potentialAction\":[{\"@type\":\"SearchAction\",\"target\":{\"@type\":\"EntryPoint\",\"urlTemplate\":\"https:\/\/lavanno.com\/en\/?s={search_term_string}\"},\"query-input\":{\"@type\":\"PropertyValueSpecification\",\"valueRequired\":true,\"valueName\":\"search_term_string\"}}],\"inLanguage\":\"en-US\"},{\"@type\":\"Organization\",\"@id\":\"https:\/\/lavanno.com\/en\/#organization\",\"name\":\"Lavanno - Pesuvahendite ekspert\",\"url\":\"https:\/\/lavanno.com\/en\/\",\"logo\":{\"@type\":\"ImageObject\",\"inLanguage\":\"en-US\",\"@id\":\"https:\/\/lavanno.com\/en\/#\/schema\/logo\/image\/\",\"url\":\"https:\/\/lavanno.com\/wp-content\/uploads\/2025\/07\/Lavanno.png\",\"contentUrl\":\"https:\/\/lavanno.com\/wp-content\/uploads\/2025\/07\/Lavanno.png\",\"width\":1200,\"height\":1200,\"caption\":\"Lavanno - Pesuvahendite ekspert\"},\"image\":{\"@id\":\"https:\/\/lavanno.com\/en\/#\/schema\/logo\/image\/\"},\"sameAs\":[\"https:\/\/www.facebook.com\/Lavanno.ee\"]}]}<\/script>\n<!-- \/ Yoast SEO plugin. -->","yoast_head_json":{"title":"Original Bostitch klammerdaja B8P - Lavanno - pesuvahendite ekspert","robots":{"index":"index","follow":"follow","max-snippet":"max-snippet:-1","max-image-preview":"max-image-preview:large","max-video-preview":"max-video-preview:-1"},"canonical":"https:\/\/lavanno.com\/en\/toode\/original-bostitch-klammerdaja-b8p\/","og_locale":"en_US","og_type":"article","og_title":"Original Bostitch klammerdaja B8P - Lavanno - pesuvahendite ekspert","og_description":"Originaalne Bostitch Stapler B8P on \u00fcks k\u00f5ige usaldusv\u00e4\u00e4rsemaid klammerdamistange. Bostitch B8P sobib t\u00e4iuslikult koti sulgemiseks, sildistamiseks vm. klammerdamiseks. Teraskonstruktsioon ja t\u00e4pne ehitus annavad tulemuseks kvaliteetse ja vastupidava toote. Sellel klammerdajal on 'kangiefekt', mis tagab tugeva l\u00e4bistusj\u00f5u v\u00e4iksema pingutusega. Kiilumisvastane magasin laieneb, et klambrid enne nende kinnikiilumist l\u00e4bi lasta. Seda saab kasutada kas 6mm v\u00f5i 10mm Bostitch klambritega.","og_url":"https:\/\/lavanno.com\/en\/toode\/original-bostitch-klammerdaja-b8p\/","og_site_name":"Lavanno - pesuvahendite ekspert","article_publisher":"https:\/\/www.facebook.com\/Lavanno.ee","article_modified_time":"2026-05-02T11:20:03+00:00","og_image":[{"width":800,"height":800,"url":"https:\/\/lavanno.com\/wp-content\/uploads\/2025\/02\/b04-030pinzatrice_bostitch_b8p-1.png","type":"image\/png"}],"twitter_card":"summary_large_image","schema":{"@context":"https:\/\/schema.org","@graph":[{"@type":"WebPage","@id":"https:\/\/lavanno.com\/en\/toode\/original-bostitch-klammerdaja-b8p\/","url":"https:\/\/lavanno.com\/en\/toode\/original-bostitch-klammerdaja-b8p\/","name":"Original Bostitch klammerdaja B8P - Lavanno - pesuvahendite ekspert","isPartOf":{"@id":"https:\/\/lavanno.com\/en\/#website"},"primaryImageOfPage":{"@id":"https:\/\/lavanno.com\/en\/toode\/original-bostitch-klammerdaja-b8p\/#primaryimage"},"image":{"@id":"https:\/\/lavanno.com\/en\/toode\/original-bostitch-klammerdaja-b8p\/#primaryimage"},"thumbnailUrl":"https:\/\/lavanno.com\/wp-content\/uploads\/2025\/02\/b04-030pinzatrice_bostitch_b8p-1.png","datePublished":"2025-02-08T13:38:42+00:00","dateModified":"2026-05-02T11:20:03+00:00","breadcrumb":{"@id":"https:\/\/lavanno.com\/en\/toode\/original-bostitch-klammerdaja-b8p\/#breadcrumb"},"inLanguage":"en-US","potentialAction":[{"@type":"ReadAction","target":["https:\/\/lavanno.com\/en\/toode\/original-bostitch-klammerdaja-b8p\/"]}]},{"@type":"ImageObject","inLanguage":"en-US","@id":"https:\/\/lavanno.com\/en\/toode\/original-bostitch-klammerdaja-b8p\/#primaryimage","url":"https:\/\/lavanno.com\/wp-content\/uploads\/2025\/02\/b04-030pinzatrice_bostitch_b8p-1.png","contentUrl":"https:\/\/lavanno.com\/wp-content\/uploads\/2025\/02\/b04-030pinzatrice_bostitch_b8p-1.png","width":800,"height":800},{"@type":"BreadcrumbList","@id":"https:\/\/lavanno.com\/en\/toode\/original-bostitch-klammerdaja-b8p\/#breadcrumb","itemListElement":[{"@type":"ListItem","position":1,"name":"Home","item":"https:\/\/lavanno.com\/en\/"},{"@type":"ListItem","position":2,"name":"E-pood","item":"https:\/\/lavanno.com\/e-pood\/"},{"@type":"ListItem","position":3,"name":"Original Bostitch klammerdaja B8P"}]},{"@type":"WebSite","@id":"https:\/\/lavanno.com\/en\/#website","url":"https:\/\/lavanno.com\/en\/","name":"Lavanno - Pesuvahendite ekspert","description":"Toome maale ja m\u00fc\u00fcme tekstiili pesuvahendeid, pesumajaseadmeid ja tarvikuid. Hooldame ja konsulteerime.","publisher":{"@id":"https:\/\/lavanno.com\/en\/#organization"},"potentialAction":[{"@type":"SearchAction","target":{"@type":"EntryPoint","urlTemplate":"https:\/\/lavanno.com\/en\/?s={search_term_string}"},"query-input":{"@type":"PropertyValueSpecification","valueRequired":true,"valueName":"search_term_string"}}],"inLanguage":"en-US"},{"@type":"Organization","@id":"https:\/\/lavanno.com\/en\/#organization","name":"Lavanno - Pesuvahendite ekspert","url":"https:\/\/lavanno.com\/en\/","logo":{"@type":"ImageObject","inLanguage":"en-US","@id":"https:\/\/lavanno.com\/en\/#\/schema\/logo\/image\/","url":"https:\/\/lavanno.com\/wp-content\/uploads\/2025\/07\/Lavanno.png","contentUrl":"https:\/\/lavanno.com\/wp-content\/uploads\/2025\/07\/Lavanno.png","width":1200,"height":1200,"caption":"Lavanno - Pesuvahendite ekspert"},"image":{"@id":"https:\/\/lavanno.com\/en\/#\/schema\/logo\/image\/"},"sameAs":["https:\/\/www.facebook.com\/Lavanno.ee"]}]}},"_links":{"self":[{"href":"https:\/\/lavanno.com\/en\/wp-json\/wp\/v2\/product\/4497","targetHints":{"allow":["GET"]}}],"collection":[{"href":"https:\/\/lavanno.com\/en\/wp-json\/wp\/v2\/product"}],"about":[{"href":"https:\/\/lavanno.com\/en\/wp-json\/wp\/v2\/types\/product"}],"replies":[{"embeddable":true,"href":"https:\/\/lavanno.com\/en\/wp-json\/wp\/v2\/comments?post=4497"}],"wp:featuredmedia":[{"embeddable":true,"href":"https:\/\/lavanno.com\/en\/wp-json\/wp\/v2\/media\/5611"}],"wp:attachment":[{"href":"https:\/\/lavanno.com\/en\/wp-json\/wp\/v2\/media?parent=4497"}],"wp:term":[{"taxonomy":"product_brand","embeddable":true,"href":"https:\/\/lavanno.com\/en\/wp-json\/wp\/v2\/product_brand?post=4497"},{"taxonomy":"product_cat","embeddable":true,"href":"https:\/\/lavanno.com\/en\/wp-json\/wp\/v2\/product_cat?post=4497"},{"taxonomy":"product_tag","embeddable":true,"href":"https:\/\/lavanno.com\/en\/wp-json\/wp\/v2\/product_tag?post=4497"}],"curies":[{"name":"wp","href":"https:\/\/api.w.org\/{rel}","templated":true}]}}