{"id":4512,"date":"2025-02-08T15:38:42","date_gmt":"2025-02-08T13:38:42","guid":{"rendered":"https:\/\/lavanno.com\/product\/okoloogiline-pesuloputusvahend\/"},"modified":"2026-05-02T14:20:04","modified_gmt":"2026-05-02T11:20:04","slug":"okoloogiline-pesuloputusvahend","status":"publish","type":"product","link":"https:\/\/lavanno.com\/en\/toode\/okoloogiline-pesuloputusvahend\/","title":{"rendered":"\u00d6koloogiline pesuloputusvahend"},"content":{"rendered":"<p><strong>Spetsifikatsioon<\/strong><\/p>\n<p><strong>Kasutamine<\/strong><\/p>\n<p>Note di Natura\u00ae pesuloputusvahendit kasutatakse viimases loputuses v\u00e4hese veekoguse juures. T\u00e4nu spetsiaalsetele lisanditele annab see pesule erakordse pehmuse ja kauakestva, meeldiva l\u00f5hna.<\/p>\n<p>Lisa umbes 10\u201315 ml pehmendajat kuivade riiete kilogrammile.<\/p>\n<p><strong>Koostisosad<\/strong><\/p>\n<p>Vesi, rasvhapped (C18, k\u00fcllastumata), trietanoolamiiniga reageeritud ja dimet\u00fc\u00fclsulfaadiga kvaterniseeritud \u00fchendid, l\u00f5hnaaine, isoprop\u00fc\u00fclalkohol, bensalkooniumkloriid, am\u00fc\u00fclkinnamaal, tsitronellool, tsinnam\u00fc\u00fclalkohol, geraniool, heks\u00fc\u00fclkinnamaal, dimetikoon, alkohol, v\u00e4rvained CI 74180 ja Acid Yellow 23, isoeugenool.<\/p>\n<p><strong>Funktsioon\u00a0<\/strong><\/p>\n<p>Pesuloputusvahend<\/p>\n<p><a href=\"https:\/\/lavanno.com\/wp-content\/uploads\/2025\/09\/A34-020Hygienfresh_Note_di_Natura_-_AmmorbidenteRel1ETSDS.pdf\" target=\"_blank\" rel=\"noopener\">Ohutuskaart<\/a><\/p>\n","protected":false},"excerpt":{"rendered":"<p>Keskkonnas\u00f5bralik, v\u00e4ga kontsentreeritud koostisega ja kauakestva \u00f5rna l\u00f5hnaga pesupehmendi. Spetsiaalne koostis, mille v\u00e4lja t\u00f6\u00f6tamisel on arvestatud keskkonnaga, sisaldab 100% taimset p\u00e4ritolu pindaktiivseid aineid ja pehmendusaineid. Aktiivainete suure kontsentratsioon v\u00f5imaldab kasutada toodet vaid v\u00e4ikeses koguses, v\u00e4ltides raiskamist ja v\u00e4hendades plastikuringlust.<\/p>\n<ul>\n<li>On testitud nikli, kroomi ja koobalti suhtes (0,00001%).<\/li>\n<li>Ei sisalda mineraal\u00f5lisid, EDTA, parabeene ega formaldeh\u00fc\u00fcdi.<\/li>\n<li>Pudel on valmistatud 100% \u00fcmbert\u00f6\u00f6deldud plastikust.<\/li>\n<li>Ei sisalda loomset p\u00e4ritolu aineid.<\/li>\n<\/ul>\n","protected":false},"featured_media":5225,"comment_status":"open","ping_status":"closed","template":"","meta":[],"product_brand":[],"product_cat":[506,525,558,550,520,608,549],"product_tag":[838,834,850,833,835,839],"class_list":{"0":"post-4512","1":"product","2":"type-product","3":"status-publish","4":"has-post-thumbnail","6":"product_cat-ariklient","7":"product_cat-vesipesuvahendid","8":"product_cat-looduslikud-pesuvahendid","9":"product_cat-pesuloputusvahendid-ja-pehmendajad","10":"product_cat-eraklient","11":"product_cat-lavanno-looduslikud-pesuvahendid-eraklient","12":"product_cat-pesuloputusvahendid-eraklient","13":"product_tag-haridusasutused","14":"product_tag-horeca","15":"product_tag-kodumajapidamine","16":"product_tag-lasteaedadele","17":"product_tag-pesumajad","18":"product_tag-tervishoid","20":"first","21":"instock","22":"taxable","23":"shipping-taxable","24":"purchasable","25":"product-type-variable"},"yoast_head":"<!-- This site is optimized with the Yoast SEO plugin v27.0 - https:\/\/yoast.com\/product\/yoast-seo-wordpress\/ -->\n<title>\u00d6koloogiline pesuloputusvahend - Lavanno - pesuvahendite ekspert<\/title>\n<meta name=\"description\" content=\"\u00d6koloogiline pesuloputusvahend taimset p\u00e4ritolu koostisosadega, mis pehmendab pesu ja hoiab kangaid. VEGANOK- sertifikaat, taaskasutatud plastikust pakend.\" \/>\n<meta name=\"robots\" content=\"index, follow, max-snippet:-1, max-image-preview:large, max-video-preview:-1\" \/>\n<link rel=\"canonical\" href=\"https:\/\/lavanno.com\/en\/toode\/okoloogiline-pesuloputusvahend\/\" \/>\n<meta property=\"og:locale\" content=\"en_US\" \/>\n<meta property=\"og:type\" content=\"article\" \/>\n<meta property=\"og:title\" content=\"\u00d6koloogiline pesuloputusvahend - Lavanno - pesuvahendite ekspert\" \/>\n<meta property=\"og:description\" content=\"\u00d6koloogiline pesuloputusvahend taimset p\u00e4ritolu koostisosadega, mis pehmendab pesu ja hoiab kangaid. VEGANOK- sertifikaat, taaskasutatud plastikust pakend.\" \/>\n<meta property=\"og:url\" content=\"https:\/\/lavanno.com\/en\/toode\/okoloogiline-pesuloputusvahend\/\" \/>\n<meta property=\"og:site_name\" content=\"Lavanno - pesuvahendite ekspert\" \/>\n<meta property=\"article:publisher\" content=\"https:\/\/www.facebook.com\/Lavanno.ee\" \/>\n<meta property=\"article:modified_time\" content=\"2026-05-02T11:20:04+00:00\" \/>\n<meta property=\"og:image\" content=\"https:\/\/lavanno.com\/wp-content\/uploads\/2025\/02\/a34-020note-di-natura_ammorbidente_groupage-1.png\" \/>\n\t<meta property=\"og:image:width\" content=\"800\" \/>\n\t<meta property=\"og:image:height\" content=\"800\" \/>\n\t<meta property=\"og:image:type\" content=\"image\/png\" \/>\n<meta name=\"twitter:card\" content=\"summary_large_image\" \/>\n<meta name=\"twitter:label1\" content=\"Est. reading time\" \/>\n\t<meta name=\"twitter:data1\" content=\"1 minute\" \/>\n<script type=\"application\/ld+json\" class=\"yoast-schema-graph\">{\"@context\":\"https:\/\/schema.org\",\"@graph\":[{\"@type\":\"WebPage\",\"@id\":\"https:\/\/lavanno.com\/en\/toode\/okoloogiline-pesuloputusvahend\/\",\"url\":\"https:\/\/lavanno.com\/en\/toode\/okoloogiline-pesuloputusvahend\/\",\"name\":\"\u00d6koloogiline pesuloputusvahend - Lavanno - pesuvahendite ekspert\",\"isPartOf\":{\"@id\":\"https:\/\/lavanno.com\/en\/#website\"},\"primaryImageOfPage\":{\"@id\":\"https:\/\/lavanno.com\/en\/toode\/okoloogiline-pesuloputusvahend\/#primaryimage\"},\"image\":{\"@id\":\"https:\/\/lavanno.com\/en\/toode\/okoloogiline-pesuloputusvahend\/#primaryimage\"},\"thumbnailUrl\":\"https:\/\/lavanno.com\/wp-content\/uploads\/2025\/02\/a34-020note-di-natura_ammorbidente_groupage-1.png\",\"datePublished\":\"2025-02-08T13:38:42+00:00\",\"dateModified\":\"2026-05-02T11:20:04+00:00\",\"description\":\"\u00d6koloogiline pesuloputusvahend taimset p\u00e4ritolu koostisosadega, mis pehmendab pesu ja hoiab kangaid. VEGANOK- sertifikaat, taaskasutatud plastikust pakend.\",\"breadcrumb\":{\"@id\":\"https:\/\/lavanno.com\/en\/toode\/okoloogiline-pesuloputusvahend\/#breadcrumb\"},\"inLanguage\":\"en-US\",\"potentialAction\":[{\"@type\":\"ReadAction\",\"target\":[\"https:\/\/lavanno.com\/en\/toode\/okoloogiline-pesuloputusvahend\/\"]}]},{\"@type\":\"ImageObject\",\"inLanguage\":\"en-US\",\"@id\":\"https:\/\/lavanno.com\/en\/toode\/okoloogiline-pesuloputusvahend\/#primaryimage\",\"url\":\"https:\/\/lavanno.com\/wp-content\/uploads\/2025\/02\/a34-020note-di-natura_ammorbidente_groupage-1.png\",\"contentUrl\":\"https:\/\/lavanno.com\/wp-content\/uploads\/2025\/02\/a34-020note-di-natura_ammorbidente_groupage-1.png\",\"width\":800,\"height\":800},{\"@type\":\"BreadcrumbList\",\"@id\":\"https:\/\/lavanno.com\/en\/toode\/okoloogiline-pesuloputusvahend\/#breadcrumb\",\"itemListElement\":[{\"@type\":\"ListItem\",\"position\":1,\"name\":\"Home\",\"item\":\"https:\/\/lavanno.com\/en\/\"},{\"@type\":\"ListItem\",\"position\":2,\"name\":\"E-pood\",\"item\":\"https:\/\/lavanno.com\/e-pood\/\"},{\"@type\":\"ListItem\",\"position\":3,\"name\":\"\u00d6koloogiline pesuloputusvahend\"}]},{\"@type\":\"WebSite\",\"@id\":\"https:\/\/lavanno.com\/en\/#website\",\"url\":\"https:\/\/lavanno.com\/en\/\",\"name\":\"Lavanno - Pesuvahendite ekspert\",\"description\":\"Toome maale ja m\u00fc\u00fcme tekstiili pesuvahendeid, pesumajaseadmeid ja tarvikuid. Hooldame ja konsulteerime.\",\"publisher\":{\"@id\":\"https:\/\/lavanno.com\/en\/#organization\"},\"potentialAction\":[{\"@type\":\"SearchAction\",\"target\":{\"@type\":\"EntryPoint\",\"urlTemplate\":\"https:\/\/lavanno.com\/en\/?s={search_term_string}\"},\"query-input\":{\"@type\":\"PropertyValueSpecification\",\"valueRequired\":true,\"valueName\":\"search_term_string\"}}],\"inLanguage\":\"en-US\"},{\"@type\":\"Organization\",\"@id\":\"https:\/\/lavanno.com\/en\/#organization\",\"name\":\"Lavanno - Pesuvahendite ekspert\",\"url\":\"https:\/\/lavanno.com\/en\/\",\"logo\":{\"@type\":\"ImageObject\",\"inLanguage\":\"en-US\",\"@id\":\"https:\/\/lavanno.com\/en\/#\/schema\/logo\/image\/\",\"url\":\"https:\/\/lavanno.com\/wp-content\/uploads\/2025\/07\/Lavanno.png\",\"contentUrl\":\"https:\/\/lavanno.com\/wp-content\/uploads\/2025\/07\/Lavanno.png\",\"width\":1200,\"height\":1200,\"caption\":\"Lavanno - Pesuvahendite ekspert\"},\"image\":{\"@id\":\"https:\/\/lavanno.com\/en\/#\/schema\/logo\/image\/\"},\"sameAs\":[\"https:\/\/www.facebook.com\/Lavanno.ee\"]}]}<\/script>\n<!-- \/ Yoast SEO plugin. -->","yoast_head_json":{"title":"\u00d6koloogiline pesuloputusvahend - Lavanno - pesuvahendite ekspert","description":"\u00d6koloogiline pesuloputusvahend taimset p\u00e4ritolu koostisosadega, mis pehmendab pesu ja hoiab kangaid. VEGANOK- sertifikaat, taaskasutatud plastikust pakend.","robots":{"index":"index","follow":"follow","max-snippet":"max-snippet:-1","max-image-preview":"max-image-preview:large","max-video-preview":"max-video-preview:-1"},"canonical":"https:\/\/lavanno.com\/en\/toode\/okoloogiline-pesuloputusvahend\/","og_locale":"en_US","og_type":"article","og_title":"\u00d6koloogiline pesuloputusvahend - Lavanno - pesuvahendite ekspert","og_description":"\u00d6koloogiline pesuloputusvahend taimset p\u00e4ritolu koostisosadega, mis pehmendab pesu ja hoiab kangaid. VEGANOK- sertifikaat, taaskasutatud plastikust pakend.","og_url":"https:\/\/lavanno.com\/en\/toode\/okoloogiline-pesuloputusvahend\/","og_site_name":"Lavanno - pesuvahendite ekspert","article_publisher":"https:\/\/www.facebook.com\/Lavanno.ee","article_modified_time":"2026-05-02T11:20:04+00:00","og_image":[{"width":800,"height":800,"url":"https:\/\/lavanno.com\/wp-content\/uploads\/2025\/02\/a34-020note-di-natura_ammorbidente_groupage-1.png","type":"image\/png"}],"twitter_card":"summary_large_image","twitter_misc":{"Est. reading time":"1 minute"},"schema":{"@context":"https:\/\/schema.org","@graph":[{"@type":"WebPage","@id":"https:\/\/lavanno.com\/en\/toode\/okoloogiline-pesuloputusvahend\/","url":"https:\/\/lavanno.com\/en\/toode\/okoloogiline-pesuloputusvahend\/","name":"\u00d6koloogiline pesuloputusvahend - Lavanno - pesuvahendite ekspert","isPartOf":{"@id":"https:\/\/lavanno.com\/en\/#website"},"primaryImageOfPage":{"@id":"https:\/\/lavanno.com\/en\/toode\/okoloogiline-pesuloputusvahend\/#primaryimage"},"image":{"@id":"https:\/\/lavanno.com\/en\/toode\/okoloogiline-pesuloputusvahend\/#primaryimage"},"thumbnailUrl":"https:\/\/lavanno.com\/wp-content\/uploads\/2025\/02\/a34-020note-di-natura_ammorbidente_groupage-1.png","datePublished":"2025-02-08T13:38:42+00:00","dateModified":"2026-05-02T11:20:04+00:00","description":"\u00d6koloogiline pesuloputusvahend taimset p\u00e4ritolu koostisosadega, mis pehmendab pesu ja hoiab kangaid. VEGANOK- sertifikaat, taaskasutatud plastikust pakend.","breadcrumb":{"@id":"https:\/\/lavanno.com\/en\/toode\/okoloogiline-pesuloputusvahend\/#breadcrumb"},"inLanguage":"en-US","potentialAction":[{"@type":"ReadAction","target":["https:\/\/lavanno.com\/en\/toode\/okoloogiline-pesuloputusvahend\/"]}]},{"@type":"ImageObject","inLanguage":"en-US","@id":"https:\/\/lavanno.com\/en\/toode\/okoloogiline-pesuloputusvahend\/#primaryimage","url":"https:\/\/lavanno.com\/wp-content\/uploads\/2025\/02\/a34-020note-di-natura_ammorbidente_groupage-1.png","contentUrl":"https:\/\/lavanno.com\/wp-content\/uploads\/2025\/02\/a34-020note-di-natura_ammorbidente_groupage-1.png","width":800,"height":800},{"@type":"BreadcrumbList","@id":"https:\/\/lavanno.com\/en\/toode\/okoloogiline-pesuloputusvahend\/#breadcrumb","itemListElement":[{"@type":"ListItem","position":1,"name":"Home","item":"https:\/\/lavanno.com\/en\/"},{"@type":"ListItem","position":2,"name":"E-pood","item":"https:\/\/lavanno.com\/e-pood\/"},{"@type":"ListItem","position":3,"name":"\u00d6koloogiline pesuloputusvahend"}]},{"@type":"WebSite","@id":"https:\/\/lavanno.com\/en\/#website","url":"https:\/\/lavanno.com\/en\/","name":"Lavanno - Pesuvahendite ekspert","description":"Toome maale ja m\u00fc\u00fcme tekstiili pesuvahendeid, pesumajaseadmeid ja tarvikuid. Hooldame ja konsulteerime.","publisher":{"@id":"https:\/\/lavanno.com\/en\/#organization"},"potentialAction":[{"@type":"SearchAction","target":{"@type":"EntryPoint","urlTemplate":"https:\/\/lavanno.com\/en\/?s={search_term_string}"},"query-input":{"@type":"PropertyValueSpecification","valueRequired":true,"valueName":"search_term_string"}}],"inLanguage":"en-US"},{"@type":"Organization","@id":"https:\/\/lavanno.com\/en\/#organization","name":"Lavanno - Pesuvahendite ekspert","url":"https:\/\/lavanno.com\/en\/","logo":{"@type":"ImageObject","inLanguage":"en-US","@id":"https:\/\/lavanno.com\/en\/#\/schema\/logo\/image\/","url":"https:\/\/lavanno.com\/wp-content\/uploads\/2025\/07\/Lavanno.png","contentUrl":"https:\/\/lavanno.com\/wp-content\/uploads\/2025\/07\/Lavanno.png","width":1200,"height":1200,"caption":"Lavanno - Pesuvahendite ekspert"},"image":{"@id":"https:\/\/lavanno.com\/en\/#\/schema\/logo\/image\/"},"sameAs":["https:\/\/www.facebook.com\/Lavanno.ee"]}]}},"_links":{"self":[{"href":"https:\/\/lavanno.com\/en\/wp-json\/wp\/v2\/product\/4512","targetHints":{"allow":["GET"]}}],"collection":[{"href":"https:\/\/lavanno.com\/en\/wp-json\/wp\/v2\/product"}],"about":[{"href":"https:\/\/lavanno.com\/en\/wp-json\/wp\/v2\/types\/product"}],"replies":[{"embeddable":true,"href":"https:\/\/lavanno.com\/en\/wp-json\/wp\/v2\/comments?post=4512"}],"wp:featuredmedia":[{"embeddable":true,"href":"https:\/\/lavanno.com\/en\/wp-json\/wp\/v2\/media\/5225"}],"wp:attachment":[{"href":"https:\/\/lavanno.com\/en\/wp-json\/wp\/v2\/media?parent=4512"}],"wp:term":[{"taxonomy":"product_brand","embeddable":true,"href":"https:\/\/lavanno.com\/en\/wp-json\/wp\/v2\/product_brand?post=4512"},{"taxonomy":"product_cat","embeddable":true,"href":"https:\/\/lavanno.com\/en\/wp-json\/wp\/v2\/product_cat?post=4512"},{"taxonomy":"product_tag","embeddable":true,"href":"https:\/\/lavanno.com\/en\/wp-json\/wp\/v2\/product_tag?post=4512"}],"curies":[{"name":"wp","href":"https:\/\/api.w.org\/{rel}","templated":true}]}}