{"id":4515,"date":"2025-02-08T15:38:42","date_gmt":"2025-02-08T13:38:42","guid":{"rendered":"https:\/\/lavanno.com\/product\/odorblok-pesuaine\/"},"modified":"2026-05-02T14:20:04","modified_gmt":"2026-05-02T11:20:04","slug":"odorblok-pesuaine","status":"publish","type":"product","link":"https:\/\/lavanno.com\/en\/toode\/odorblok-pesuaine\/","title":{"rendered":"OdorBlok &#8211; pesuaine"},"content":{"rendered":"<p><strong>OdorBlok<\/strong> on revolutsiooniline multifunktsionaalne l\u00f5hnatapja, mida on testitud Torino \u00fclikoolis. See on kiire ja t\u00f5hus lahendus, mis neutraliseerib k\u00f5ik l\u00f5hnad, sealhulgas k\u00f5ige p\u00fcsivamad, t\u00e4nu oma spetsiaalsele valemile. Samuti j\u00e4tab see ruumi v\u00e4rske l\u00f5hna. Sobib kasutamiseks igat t\u00fc\u00fcpi tekstiilidel, ei j\u00e4ta plekke ega vaja t\u00e4iendavat t\u00f6\u00f6tlemist.<\/p>\n<ul>\n<li>Sisaldab kahte innovatiivset molekuli, mis on aktiivsed k\u00f5ikide j\u00e4\u00e4kl\u00f5hnade vastu.<\/li>\n<li>Lihtne ja praktiline kasutada nii tekstiilidel kui ka \u00f5hus.<\/li>\n<li>J\u00e4tab pesule v\u00e4rske l\u00f5hna (Note di Pulito parf\u00fc\u00fcm).<\/li>\n<li>Sobib kasutamiseks igat t\u00fc\u00fcpi r\u00f5ivastel.<\/li>\n<li>Ei maskeeri l\u00f5hna, vaid eemaldab selle igaveseks.<\/li>\n<li>Ei j\u00e4ta plekke ega halle servi.<\/li>\n<\/ul>\n<p>&nbsp;<\/p>\n<p><strong>Spetsifikatsioonid<\/strong><\/p>\n<p><strong>Kasutamine<\/strong><\/p>\n<p>Lisage pesuaine pesumasina t\u00e4itmise sektsiooni, kui masin on t\u00e4ielikult koormatud. Sobib kasutamiseks nii k\u00e4sitsi kui ka masinpesu puhul.<\/p>\n<p><strong>V\u00f6\u00f6tkood<\/strong><\/p>\n<p>(01)08054729631955<\/p>\n<p><strong>Koostisosad<\/strong><\/p>\n<p>Aqua, tea-dodek\u00fc\u00fclbenseensulfonaat, C13-15 pareth-7, naatriumlaureetsulfaat, gl\u00fctseriin, kokamiid DEA, mea-boraat, L-glutamiinhape, n-(okto\u00fc\u00fcloksi)-naatriumsool, trietanoolamiin, naatriumtsitraat, isoprop\u00fc\u00fclalkohol, trideceth-2, dietanoolamiin, etoks\u00fcdigl\u00fckol, riitsinus\u00f5li, alkohol, koko-gl\u00fckosiid, dimetikoon, bens\u00fc\u00fclsalits\u00fclaat, heks\u00fc\u00fcltsinnamaal, fen\u00fclet\u00fc\u00fclalkohol, steareet-21, subtilisiin, \u03b1-am\u00fclaas, geraniool, tsitronellool, lipaas, tsellulaas, met\u00fc\u00fclkloroisotiasolinoon, met\u00fc\u00fclisotiasolinoon.<\/p>\n<p><strong>met\u00fc\u00fclkloroisotiasolinoon, met\u00fc\u00fclisotiasolinoon (3:1) = 0,0006%<\/strong><\/p>\n<p><strong>Funktsioon<\/strong><\/p>\n<p><strong>L\u00f5hna eemaldav pesuaine<\/strong><\/p>\n<p>&nbsp;<\/p>\n<p>&nbsp;<\/p>\n<p><a href=\"https:\/\/lavanno.com\/wp-content\/uploads\/2024\/10\/A32-200Hygienfresh_Odorblok_Long_LifeRel3ETSDS.pdf\" target=\"_blank\" rel=\"noopener\">Ohutuskaart<\/a><\/p>\n<p><a href=\"https:\/\/lavanno.com\/wp-content\/uploads\/2024\/10\/A32-010OdorBlok_Detergente_BucatoRel2ITTEC-2.pdf\" target=\"_blank\" rel=\"noopener\">Tehniline kaart<\/a><\/p>\n","protected":false},"excerpt":{"rendered":"<p><strong>L\u00f5hna eemaldav pesuaine<\/strong><\/p>\n<p><strong>Kirjeldus<\/strong><\/p>\n<p>Pesuaine, millel on spetsiifiline l\u00f5hnade k\u00f5rvaldamise toime. Efektiivne igasuguste, isegi k\u00f5ige p\u00fcsivamate l\u00f5hnade vastu. Desinfitseerib pesu ilma kangast kahjustamata ja annab v\u00e4rske pesu l\u00f5hna. Sobib ideaalselt igap\u00e4evaseks pesuks, lemmikloomapesuks, spordir\u00f5ivaste pesuks, hooldekodudele ja kohtadesse, kus esineb halva l\u00f5hna probleeme.<\/p>\n<ul>\n<li>Sisaldab kahte innovatiivset molekuli, mis on aktiivsed k\u00f5ikide j\u00e4\u00e4kl\u00f5hnade vastu.<\/li>\n<li>Eemaldab t\u00f5husalt plekid, isegi k\u00f5ige p\u00fcsivamad.<\/li>\n<li>Mitmeens\u00fc\u00fcmne s\u00fcsteem, mis sisaldab proteaasi, am\u00fclaasi, lipaasi ja tsellulaasi.<\/li>\n<li>Superkontsentreeritud pindaktiivsed ained rasva\u00e4rastuseks.<\/li>\n<li>Fosfaatide, silikaatide ja leeliste vaba.<\/li>\n<\/ul>\n","protected":false},"featured_media":5203,"comment_status":"open","ping_status":"closed","template":"","meta":[],"product_brand":[],"product_cat":[506,525,546,548,541,520,547],"product_tag":[850,835],"class_list":{"0":"post-4515","1":"product","2":"type-product","3":"status-publish","4":"has-post-thumbnail","6":"product_cat-ariklient","7":"product_cat-vesipesuvahendid","8":"product_cat-pesuained","9":"product_cat-spetsiifilised-puhastusvahendid","10":"product_cat-lohna-neutraliseerijad","11":"product_cat-eraklient","12":"product_cat-pesuvahendid-eraklient","13":"product_tag-kodumajapidamine","14":"product_tag-pesumajad","16":"first","17":"instock","18":"taxable","19":"shipping-taxable","20":"purchasable","21":"product-type-variable"},"yoast_head":"<!-- This site is optimized with the Yoast SEO plugin v27.0 - https:\/\/yoast.com\/product\/yoast-seo-wordpress\/ -->\n<title>OdorBlok - pesuaine - Lavanno - pesuvahendite ekspert<\/title>\n<meta name=\"description\" content=\"OdorBlok t\u00f5hus l\u00f5hnaeemaldav pesuaine. Neutraliseerib isegi tugevamad l\u00f5hnad, sobib igap\u00e4evaseks pesuks ning j\u00e4tab riided v\u00e4rske l\u00f5hnaga.\" \/>\n<meta name=\"robots\" content=\"index, follow, max-snippet:-1, max-image-preview:large, max-video-preview:-1\" \/>\n<link rel=\"canonical\" href=\"https:\/\/lavanno.com\/en\/toode\/odorblok-pesuaine\/\" \/>\n<meta property=\"og:locale\" content=\"en_US\" \/>\n<meta property=\"og:type\" content=\"article\" \/>\n<meta property=\"og:title\" content=\"OdorBlok - pesuaine - Lavanno - pesuvahendite ekspert\" \/>\n<meta property=\"og:description\" content=\"OdorBlok t\u00f5hus l\u00f5hnaeemaldav pesuaine. Neutraliseerib isegi tugevamad l\u00f5hnad, sobib igap\u00e4evaseks pesuks ning j\u00e4tab riided v\u00e4rske l\u00f5hnaga.\" \/>\n<meta property=\"og:url\" content=\"https:\/\/lavanno.com\/en\/toode\/odorblok-pesuaine\/\" \/>\n<meta property=\"og:site_name\" content=\"Lavanno - pesuvahendite ekspert\" \/>\n<meta property=\"article:publisher\" content=\"https:\/\/www.facebook.com\/Lavanno.ee\" \/>\n<meta property=\"article:modified_time\" content=\"2026-05-02T11:20:04+00:00\" \/>\n<meta property=\"og:image\" content=\"https:\/\/lavanno.com\/wp-content\/uploads\/2025\/02\/a32-010detergente_odorblok_groupage-copy-1.png\" \/>\n\t<meta property=\"og:image:width\" content=\"800\" \/>\n\t<meta property=\"og:image:height\" content=\"800\" \/>\n\t<meta property=\"og:image:type\" content=\"image\/png\" \/>\n<meta name=\"twitter:card\" content=\"summary_large_image\" \/>\n<meta name=\"twitter:label1\" content=\"Est. reading time\" \/>\n\t<meta name=\"twitter:data1\" content=\"1 minute\" \/>\n<script type=\"application\/ld+json\" class=\"yoast-schema-graph\">{\"@context\":\"https:\/\/schema.org\",\"@graph\":[{\"@type\":\"WebPage\",\"@id\":\"https:\/\/lavanno.com\/en\/toode\/odorblok-pesuaine\/\",\"url\":\"https:\/\/lavanno.com\/en\/toode\/odorblok-pesuaine\/\",\"name\":\"OdorBlok - pesuaine - Lavanno - pesuvahendite ekspert\",\"isPartOf\":{\"@id\":\"https:\/\/lavanno.com\/en\/#website\"},\"primaryImageOfPage\":{\"@id\":\"https:\/\/lavanno.com\/en\/toode\/odorblok-pesuaine\/#primaryimage\"},\"image\":{\"@id\":\"https:\/\/lavanno.com\/en\/toode\/odorblok-pesuaine\/#primaryimage\"},\"thumbnailUrl\":\"https:\/\/lavanno.com\/wp-content\/uploads\/2025\/02\/a32-010detergente_odorblok_groupage-copy-1.png\",\"datePublished\":\"2025-02-08T13:38:42+00:00\",\"dateModified\":\"2026-05-02T11:20:04+00:00\",\"description\":\"OdorBlok t\u00f5hus l\u00f5hnaeemaldav pesuaine. Neutraliseerib isegi tugevamad l\u00f5hnad, sobib igap\u00e4evaseks pesuks ning j\u00e4tab riided v\u00e4rske l\u00f5hnaga.\",\"breadcrumb\":{\"@id\":\"https:\/\/lavanno.com\/en\/toode\/odorblok-pesuaine\/#breadcrumb\"},\"inLanguage\":\"en-US\",\"potentialAction\":[{\"@type\":\"ReadAction\",\"target\":[\"https:\/\/lavanno.com\/en\/toode\/odorblok-pesuaine\/\"]}]},{\"@type\":\"ImageObject\",\"inLanguage\":\"en-US\",\"@id\":\"https:\/\/lavanno.com\/en\/toode\/odorblok-pesuaine\/#primaryimage\",\"url\":\"https:\/\/lavanno.com\/wp-content\/uploads\/2025\/02\/a32-010detergente_odorblok_groupage-copy-1.png\",\"contentUrl\":\"https:\/\/lavanno.com\/wp-content\/uploads\/2025\/02\/a32-010detergente_odorblok_groupage-copy-1.png\",\"width\":800,\"height\":800},{\"@type\":\"BreadcrumbList\",\"@id\":\"https:\/\/lavanno.com\/en\/toode\/odorblok-pesuaine\/#breadcrumb\",\"itemListElement\":[{\"@type\":\"ListItem\",\"position\":1,\"name\":\"Home\",\"item\":\"https:\/\/lavanno.com\/en\/\"},{\"@type\":\"ListItem\",\"position\":2,\"name\":\"E-pood\",\"item\":\"https:\/\/lavanno.com\/e-pood\/\"},{\"@type\":\"ListItem\",\"position\":3,\"name\":\"OdorBlok &#8211; pesuaine\"}]},{\"@type\":\"WebSite\",\"@id\":\"https:\/\/lavanno.com\/en\/#website\",\"url\":\"https:\/\/lavanno.com\/en\/\",\"name\":\"Lavanno - Pesuvahendite ekspert\",\"description\":\"Toome maale ja m\u00fc\u00fcme tekstiili pesuvahendeid, pesumajaseadmeid ja tarvikuid. Hooldame ja konsulteerime.\",\"publisher\":{\"@id\":\"https:\/\/lavanno.com\/en\/#organization\"},\"potentialAction\":[{\"@type\":\"SearchAction\",\"target\":{\"@type\":\"EntryPoint\",\"urlTemplate\":\"https:\/\/lavanno.com\/en\/?s={search_term_string}\"},\"query-input\":{\"@type\":\"PropertyValueSpecification\",\"valueRequired\":true,\"valueName\":\"search_term_string\"}}],\"inLanguage\":\"en-US\"},{\"@type\":\"Organization\",\"@id\":\"https:\/\/lavanno.com\/en\/#organization\",\"name\":\"Lavanno - Pesuvahendite ekspert\",\"url\":\"https:\/\/lavanno.com\/en\/\",\"logo\":{\"@type\":\"ImageObject\",\"inLanguage\":\"en-US\",\"@id\":\"https:\/\/lavanno.com\/en\/#\/schema\/logo\/image\/\",\"url\":\"https:\/\/lavanno.com\/wp-content\/uploads\/2025\/07\/Lavanno.png\",\"contentUrl\":\"https:\/\/lavanno.com\/wp-content\/uploads\/2025\/07\/Lavanno.png\",\"width\":1200,\"height\":1200,\"caption\":\"Lavanno - Pesuvahendite ekspert\"},\"image\":{\"@id\":\"https:\/\/lavanno.com\/en\/#\/schema\/logo\/image\/\"},\"sameAs\":[\"https:\/\/www.facebook.com\/Lavanno.ee\"]}]}<\/script>\n<!-- \/ Yoast SEO plugin. -->","yoast_head_json":{"title":"OdorBlok - pesuaine - Lavanno - pesuvahendite ekspert","description":"OdorBlok t\u00f5hus l\u00f5hnaeemaldav pesuaine. Neutraliseerib isegi tugevamad l\u00f5hnad, sobib igap\u00e4evaseks pesuks ning j\u00e4tab riided v\u00e4rske l\u00f5hnaga.","robots":{"index":"index","follow":"follow","max-snippet":"max-snippet:-1","max-image-preview":"max-image-preview:large","max-video-preview":"max-video-preview:-1"},"canonical":"https:\/\/lavanno.com\/en\/toode\/odorblok-pesuaine\/","og_locale":"en_US","og_type":"article","og_title":"OdorBlok - pesuaine - Lavanno - pesuvahendite ekspert","og_description":"OdorBlok t\u00f5hus l\u00f5hnaeemaldav pesuaine. Neutraliseerib isegi tugevamad l\u00f5hnad, sobib igap\u00e4evaseks pesuks ning j\u00e4tab riided v\u00e4rske l\u00f5hnaga.","og_url":"https:\/\/lavanno.com\/en\/toode\/odorblok-pesuaine\/","og_site_name":"Lavanno - pesuvahendite ekspert","article_publisher":"https:\/\/www.facebook.com\/Lavanno.ee","article_modified_time":"2026-05-02T11:20:04+00:00","og_image":[{"width":800,"height":800,"url":"https:\/\/lavanno.com\/wp-content\/uploads\/2025\/02\/a32-010detergente_odorblok_groupage-copy-1.png","type":"image\/png"}],"twitter_card":"summary_large_image","twitter_misc":{"Est. reading time":"1 minute"},"schema":{"@context":"https:\/\/schema.org","@graph":[{"@type":"WebPage","@id":"https:\/\/lavanno.com\/en\/toode\/odorblok-pesuaine\/","url":"https:\/\/lavanno.com\/en\/toode\/odorblok-pesuaine\/","name":"OdorBlok - pesuaine - Lavanno - pesuvahendite ekspert","isPartOf":{"@id":"https:\/\/lavanno.com\/en\/#website"},"primaryImageOfPage":{"@id":"https:\/\/lavanno.com\/en\/toode\/odorblok-pesuaine\/#primaryimage"},"image":{"@id":"https:\/\/lavanno.com\/en\/toode\/odorblok-pesuaine\/#primaryimage"},"thumbnailUrl":"https:\/\/lavanno.com\/wp-content\/uploads\/2025\/02\/a32-010detergente_odorblok_groupage-copy-1.png","datePublished":"2025-02-08T13:38:42+00:00","dateModified":"2026-05-02T11:20:04+00:00","description":"OdorBlok t\u00f5hus l\u00f5hnaeemaldav pesuaine. Neutraliseerib isegi tugevamad l\u00f5hnad, sobib igap\u00e4evaseks pesuks ning j\u00e4tab riided v\u00e4rske l\u00f5hnaga.","breadcrumb":{"@id":"https:\/\/lavanno.com\/en\/toode\/odorblok-pesuaine\/#breadcrumb"},"inLanguage":"en-US","potentialAction":[{"@type":"ReadAction","target":["https:\/\/lavanno.com\/en\/toode\/odorblok-pesuaine\/"]}]},{"@type":"ImageObject","inLanguage":"en-US","@id":"https:\/\/lavanno.com\/en\/toode\/odorblok-pesuaine\/#primaryimage","url":"https:\/\/lavanno.com\/wp-content\/uploads\/2025\/02\/a32-010detergente_odorblok_groupage-copy-1.png","contentUrl":"https:\/\/lavanno.com\/wp-content\/uploads\/2025\/02\/a32-010detergente_odorblok_groupage-copy-1.png","width":800,"height":800},{"@type":"BreadcrumbList","@id":"https:\/\/lavanno.com\/en\/toode\/odorblok-pesuaine\/#breadcrumb","itemListElement":[{"@type":"ListItem","position":1,"name":"Home","item":"https:\/\/lavanno.com\/en\/"},{"@type":"ListItem","position":2,"name":"E-pood","item":"https:\/\/lavanno.com\/e-pood\/"},{"@type":"ListItem","position":3,"name":"OdorBlok &#8211; pesuaine"}]},{"@type":"WebSite","@id":"https:\/\/lavanno.com\/en\/#website","url":"https:\/\/lavanno.com\/en\/","name":"Lavanno - Pesuvahendite ekspert","description":"Toome maale ja m\u00fc\u00fcme tekstiili pesuvahendeid, pesumajaseadmeid ja tarvikuid. Hooldame ja konsulteerime.","publisher":{"@id":"https:\/\/lavanno.com\/en\/#organization"},"potentialAction":[{"@type":"SearchAction","target":{"@type":"EntryPoint","urlTemplate":"https:\/\/lavanno.com\/en\/?s={search_term_string}"},"query-input":{"@type":"PropertyValueSpecification","valueRequired":true,"valueName":"search_term_string"}}],"inLanguage":"en-US"},{"@type":"Organization","@id":"https:\/\/lavanno.com\/en\/#organization","name":"Lavanno - Pesuvahendite ekspert","url":"https:\/\/lavanno.com\/en\/","logo":{"@type":"ImageObject","inLanguage":"en-US","@id":"https:\/\/lavanno.com\/en\/#\/schema\/logo\/image\/","url":"https:\/\/lavanno.com\/wp-content\/uploads\/2025\/07\/Lavanno.png","contentUrl":"https:\/\/lavanno.com\/wp-content\/uploads\/2025\/07\/Lavanno.png","width":1200,"height":1200,"caption":"Lavanno - Pesuvahendite ekspert"},"image":{"@id":"https:\/\/lavanno.com\/en\/#\/schema\/logo\/image\/"},"sameAs":["https:\/\/www.facebook.com\/Lavanno.ee"]}]}},"_links":{"self":[{"href":"https:\/\/lavanno.com\/en\/wp-json\/wp\/v2\/product\/4515","targetHints":{"allow":["GET"]}}],"collection":[{"href":"https:\/\/lavanno.com\/en\/wp-json\/wp\/v2\/product"}],"about":[{"href":"https:\/\/lavanno.com\/en\/wp-json\/wp\/v2\/types\/product"}],"replies":[{"embeddable":true,"href":"https:\/\/lavanno.com\/en\/wp-json\/wp\/v2\/comments?post=4515"}],"wp:featuredmedia":[{"embeddable":true,"href":"https:\/\/lavanno.com\/en\/wp-json\/wp\/v2\/media\/5203"}],"wp:attachment":[{"href":"https:\/\/lavanno.com\/en\/wp-json\/wp\/v2\/media?parent=4515"}],"wp:term":[{"taxonomy":"product_brand","embeddable":true,"href":"https:\/\/lavanno.com\/en\/wp-json\/wp\/v2\/product_brand?post=4515"},{"taxonomy":"product_cat","embeddable":true,"href":"https:\/\/lavanno.com\/en\/wp-json\/wp\/v2\/product_cat?post=4515"},{"taxonomy":"product_tag","embeddable":true,"href":"https:\/\/lavanno.com\/en\/wp-json\/wp\/v2\/product_tag?post=4515"}],"curies":[{"name":"wp","href":"https:\/\/api.w.org\/{rel}","templated":true}]}}