{"id":4586,"date":"2025-02-08T15:38:50","date_gmt":"2025-02-08T13:38:50","guid":{"rendered":"https:\/\/lavanno.com\/product\/foam-hanger-covers-500-tk-poroloonid-riidepuule\/"},"modified":"2026-05-02T14:25:01","modified_gmt":"2026-05-02T11:25:01","slug":"foam-hanger-covers-500-tk-poroloonid-riidepuule","status":"publish","type":"product","link":"https:\/\/lavanno.com\/en\/toode\/foam-hanger-covers-500-tk-poroloonid-riidepuule\/","title":{"rendered":"Foam Hanger Covers 500 tk. Poroloonid riidepuule"},"content":{"rendered":"","protected":false},"excerpt":{"rendered":"<p>Foam Hanger Covers &#8211; pehmest vahtmaterjalist katted on m\u00f5eldud kasutamiseks \u00fchekordsetel traadist riidepuudel pesumajades ja keemilistes puhastustes.<\/p>\n<p>Vahtmaterjal lisab riidepuule pehme ja libisemist v\u00e4hendava pinna, mis aitab hoida r\u00f5ivaid paremini paigal ning v\u00e4hendab \u00f5laosa deformatsiooni. Katted sobivad eriti h\u00e4sti libedamate kangaste ja \u00f5lapaeltega r\u00f5ivaste jaoks, mis v\u00f5ivad tavalisel traadist riidepuul kergesti maha libiseda.<\/p>\n","protected":false},"featured_media":5719,"comment_status":"open","ping_status":"closed","template":"","meta":[],"product_brand":[],"product_cat":[506,512,602],"product_tag":[835],"class_list":{"0":"post-4586","1":"product","2":"type-product","3":"status-publish","4":"has-post-thumbnail","6":"product_cat-ariklient","7":"product_cat-tarvikud-ja-seadmed","8":"product_cat-riidepuud-ja-tarvikud-tarvikud-ja-seadmed-ariklient","9":"product_tag-pesumajad","11":"first","12":"instock","13":"taxable","14":"shipping-taxable","15":"purchasable","16":"product-type-simple"},"yoast_head":"<!-- This site is optimized with the Yoast SEO plugin v27.0 - https:\/\/yoast.com\/product\/yoast-seo-wordpress\/ -->\n<title>Foam Hanger Covers 500 tk. Poroloonid riidepuule - Lavanno - pesuvahendite ekspert<\/title>\n<meta name=\"description\" content=\"Foam hanger covers riidepuu katted kaitsevad r\u00f5ivaid ja aitavad s\u00e4ilitada nende kuju. Pehmest vahtmaterjalist katted erinevates v\u00e4rvitoonides, pakis 500 tk.\" \/>\n<meta name=\"robots\" content=\"index, follow, max-snippet:-1, max-image-preview:large, max-video-preview:-1\" \/>\n<link rel=\"canonical\" href=\"https:\/\/lavanno.com\/en\/toode\/foam-hanger-covers-500-tk-poroloonid-riidepuule\/\" \/>\n<meta property=\"og:locale\" content=\"en_US\" \/>\n<meta property=\"og:type\" content=\"article\" \/>\n<meta property=\"og:title\" content=\"Foam Hanger Covers 500 tk. Poroloonid riidepuule - Lavanno - pesuvahendite ekspert\" \/>\n<meta property=\"og:description\" content=\"Foam hanger covers riidepuu katted kaitsevad r\u00f5ivaid ja aitavad s\u00e4ilitada nende kuju. Pehmest vahtmaterjalist katted erinevates v\u00e4rvitoonides, pakis 500 tk.\" \/>\n<meta property=\"og:url\" content=\"https:\/\/lavanno.com\/en\/toode\/foam-hanger-covers-500-tk-poroloonid-riidepuule\/\" \/>\n<meta property=\"og:site_name\" content=\"Lavanno - pesuvahendite ekspert\" \/>\n<meta property=\"article:publisher\" content=\"https:\/\/www.facebook.com\/Lavanno.ee\" \/>\n<meta property=\"article:modified_time\" content=\"2026-05-02T11:25:01+00:00\" \/>\n<meta property=\"og:image\" content=\"https:\/\/lavanno.com\/wp-content\/uploads\/2025\/02\/b27-040spugne_grucce-1.png\" \/>\n\t<meta property=\"og:image:width\" content=\"800\" \/>\n\t<meta property=\"og:image:height\" content=\"800\" \/>\n\t<meta property=\"og:image:type\" content=\"image\/png\" \/>\n<meta name=\"twitter:card\" content=\"summary_large_image\" \/>\n<meta name=\"twitter:label1\" content=\"Est. reading time\" \/>\n\t<meta name=\"twitter:data1\" content=\"1 minute\" \/>\n<script type=\"application\/ld+json\" class=\"yoast-schema-graph\">{\"@context\":\"https:\/\/schema.org\",\"@graph\":[{\"@type\":\"WebPage\",\"@id\":\"https:\/\/lavanno.com\/en\/toode\/foam-hanger-covers-500-tk-poroloonid-riidepuule\/\",\"url\":\"https:\/\/lavanno.com\/en\/toode\/foam-hanger-covers-500-tk-poroloonid-riidepuule\/\",\"name\":\"Foam Hanger Covers 500 tk. Poroloonid riidepuule - Lavanno - pesuvahendite ekspert\",\"isPartOf\":{\"@id\":\"https:\/\/lavanno.com\/en\/#website\"},\"primaryImageOfPage\":{\"@id\":\"https:\/\/lavanno.com\/en\/toode\/foam-hanger-covers-500-tk-poroloonid-riidepuule\/#primaryimage\"},\"image\":{\"@id\":\"https:\/\/lavanno.com\/en\/toode\/foam-hanger-covers-500-tk-poroloonid-riidepuule\/#primaryimage\"},\"thumbnailUrl\":\"https:\/\/lavanno.com\/wp-content\/uploads\/2025\/02\/b27-040spugne_grucce-1.png\",\"datePublished\":\"2025-02-08T13:38:50+00:00\",\"dateModified\":\"2026-05-02T11:25:01+00:00\",\"description\":\"Foam hanger covers riidepuu katted kaitsevad r\u00f5ivaid ja aitavad s\u00e4ilitada nende kuju. Pehmest vahtmaterjalist katted erinevates v\u00e4rvitoonides, pakis 500 tk.\",\"breadcrumb\":{\"@id\":\"https:\/\/lavanno.com\/en\/toode\/foam-hanger-covers-500-tk-poroloonid-riidepuule\/#breadcrumb\"},\"inLanguage\":\"en-US\",\"potentialAction\":[{\"@type\":\"ReadAction\",\"target\":[\"https:\/\/lavanno.com\/en\/toode\/foam-hanger-covers-500-tk-poroloonid-riidepuule\/\"]}]},{\"@type\":\"ImageObject\",\"inLanguage\":\"en-US\",\"@id\":\"https:\/\/lavanno.com\/en\/toode\/foam-hanger-covers-500-tk-poroloonid-riidepuule\/#primaryimage\",\"url\":\"https:\/\/lavanno.com\/wp-content\/uploads\/2025\/02\/b27-040spugne_grucce-1.png\",\"contentUrl\":\"https:\/\/lavanno.com\/wp-content\/uploads\/2025\/02\/b27-040spugne_grucce-1.png\",\"width\":800,\"height\":800},{\"@type\":\"BreadcrumbList\",\"@id\":\"https:\/\/lavanno.com\/en\/toode\/foam-hanger-covers-500-tk-poroloonid-riidepuule\/#breadcrumb\",\"itemListElement\":[{\"@type\":\"ListItem\",\"position\":1,\"name\":\"Home\",\"item\":\"https:\/\/lavanno.com\/en\/\"},{\"@type\":\"ListItem\",\"position\":2,\"name\":\"E-pood\",\"item\":\"https:\/\/lavanno.com\/e-pood\/\"},{\"@type\":\"ListItem\",\"position\":3,\"name\":\"Foam Hanger Covers 500 tk. Poroloonid riidepuule\"}]},{\"@type\":\"WebSite\",\"@id\":\"https:\/\/lavanno.com\/en\/#website\",\"url\":\"https:\/\/lavanno.com\/en\/\",\"name\":\"Lavanno - Pesuvahendite ekspert\",\"description\":\"Toome maale ja m\u00fc\u00fcme tekstiili pesuvahendeid, pesumajaseadmeid ja tarvikuid. Hooldame ja konsulteerime.\",\"publisher\":{\"@id\":\"https:\/\/lavanno.com\/en\/#organization\"},\"potentialAction\":[{\"@type\":\"SearchAction\",\"target\":{\"@type\":\"EntryPoint\",\"urlTemplate\":\"https:\/\/lavanno.com\/en\/?s={search_term_string}\"},\"query-input\":{\"@type\":\"PropertyValueSpecification\",\"valueRequired\":true,\"valueName\":\"search_term_string\"}}],\"inLanguage\":\"en-US\"},{\"@type\":\"Organization\",\"@id\":\"https:\/\/lavanno.com\/en\/#organization\",\"name\":\"Lavanno - Pesuvahendite ekspert\",\"url\":\"https:\/\/lavanno.com\/en\/\",\"logo\":{\"@type\":\"ImageObject\",\"inLanguage\":\"en-US\",\"@id\":\"https:\/\/lavanno.com\/en\/#\/schema\/logo\/image\/\",\"url\":\"https:\/\/lavanno.com\/wp-content\/uploads\/2025\/07\/Lavanno.png\",\"contentUrl\":\"https:\/\/lavanno.com\/wp-content\/uploads\/2025\/07\/Lavanno.png\",\"width\":1200,\"height\":1200,\"caption\":\"Lavanno - Pesuvahendite ekspert\"},\"image\":{\"@id\":\"https:\/\/lavanno.com\/en\/#\/schema\/logo\/image\/\"},\"sameAs\":[\"https:\/\/www.facebook.com\/Lavanno.ee\"]}]}<\/script>\n<!-- \/ Yoast SEO plugin. -->","yoast_head_json":{"title":"Foam Hanger Covers 500 tk. Poroloonid riidepuule - Lavanno - pesuvahendite ekspert","description":"Foam hanger covers riidepuu katted kaitsevad r\u00f5ivaid ja aitavad s\u00e4ilitada nende kuju. Pehmest vahtmaterjalist katted erinevates v\u00e4rvitoonides, pakis 500 tk.","robots":{"index":"index","follow":"follow","max-snippet":"max-snippet:-1","max-image-preview":"max-image-preview:large","max-video-preview":"max-video-preview:-1"},"canonical":"https:\/\/lavanno.com\/en\/toode\/foam-hanger-covers-500-tk-poroloonid-riidepuule\/","og_locale":"en_US","og_type":"article","og_title":"Foam Hanger Covers 500 tk. Poroloonid riidepuule - Lavanno - pesuvahendite ekspert","og_description":"Foam hanger covers riidepuu katted kaitsevad r\u00f5ivaid ja aitavad s\u00e4ilitada nende kuju. Pehmest vahtmaterjalist katted erinevates v\u00e4rvitoonides, pakis 500 tk.","og_url":"https:\/\/lavanno.com\/en\/toode\/foam-hanger-covers-500-tk-poroloonid-riidepuule\/","og_site_name":"Lavanno - pesuvahendite ekspert","article_publisher":"https:\/\/www.facebook.com\/Lavanno.ee","article_modified_time":"2026-05-02T11:25:01+00:00","og_image":[{"width":800,"height":800,"url":"https:\/\/lavanno.com\/wp-content\/uploads\/2025\/02\/b27-040spugne_grucce-1.png","type":"image\/png"}],"twitter_card":"summary_large_image","twitter_misc":{"Est. reading time":"1 minute"},"schema":{"@context":"https:\/\/schema.org","@graph":[{"@type":"WebPage","@id":"https:\/\/lavanno.com\/en\/toode\/foam-hanger-covers-500-tk-poroloonid-riidepuule\/","url":"https:\/\/lavanno.com\/en\/toode\/foam-hanger-covers-500-tk-poroloonid-riidepuule\/","name":"Foam Hanger Covers 500 tk. Poroloonid riidepuule - Lavanno - pesuvahendite ekspert","isPartOf":{"@id":"https:\/\/lavanno.com\/en\/#website"},"primaryImageOfPage":{"@id":"https:\/\/lavanno.com\/en\/toode\/foam-hanger-covers-500-tk-poroloonid-riidepuule\/#primaryimage"},"image":{"@id":"https:\/\/lavanno.com\/en\/toode\/foam-hanger-covers-500-tk-poroloonid-riidepuule\/#primaryimage"},"thumbnailUrl":"https:\/\/lavanno.com\/wp-content\/uploads\/2025\/02\/b27-040spugne_grucce-1.png","datePublished":"2025-02-08T13:38:50+00:00","dateModified":"2026-05-02T11:25:01+00:00","description":"Foam hanger covers riidepuu katted kaitsevad r\u00f5ivaid ja aitavad s\u00e4ilitada nende kuju. Pehmest vahtmaterjalist katted erinevates v\u00e4rvitoonides, pakis 500 tk.","breadcrumb":{"@id":"https:\/\/lavanno.com\/en\/toode\/foam-hanger-covers-500-tk-poroloonid-riidepuule\/#breadcrumb"},"inLanguage":"en-US","potentialAction":[{"@type":"ReadAction","target":["https:\/\/lavanno.com\/en\/toode\/foam-hanger-covers-500-tk-poroloonid-riidepuule\/"]}]},{"@type":"ImageObject","inLanguage":"en-US","@id":"https:\/\/lavanno.com\/en\/toode\/foam-hanger-covers-500-tk-poroloonid-riidepuule\/#primaryimage","url":"https:\/\/lavanno.com\/wp-content\/uploads\/2025\/02\/b27-040spugne_grucce-1.png","contentUrl":"https:\/\/lavanno.com\/wp-content\/uploads\/2025\/02\/b27-040spugne_grucce-1.png","width":800,"height":800},{"@type":"BreadcrumbList","@id":"https:\/\/lavanno.com\/en\/toode\/foam-hanger-covers-500-tk-poroloonid-riidepuule\/#breadcrumb","itemListElement":[{"@type":"ListItem","position":1,"name":"Home","item":"https:\/\/lavanno.com\/en\/"},{"@type":"ListItem","position":2,"name":"E-pood","item":"https:\/\/lavanno.com\/e-pood\/"},{"@type":"ListItem","position":3,"name":"Foam Hanger Covers 500 tk. Poroloonid riidepuule"}]},{"@type":"WebSite","@id":"https:\/\/lavanno.com\/en\/#website","url":"https:\/\/lavanno.com\/en\/","name":"Lavanno - Pesuvahendite ekspert","description":"Toome maale ja m\u00fc\u00fcme tekstiili pesuvahendeid, pesumajaseadmeid ja tarvikuid. Hooldame ja konsulteerime.","publisher":{"@id":"https:\/\/lavanno.com\/en\/#organization"},"potentialAction":[{"@type":"SearchAction","target":{"@type":"EntryPoint","urlTemplate":"https:\/\/lavanno.com\/en\/?s={search_term_string}"},"query-input":{"@type":"PropertyValueSpecification","valueRequired":true,"valueName":"search_term_string"}}],"inLanguage":"en-US"},{"@type":"Organization","@id":"https:\/\/lavanno.com\/en\/#organization","name":"Lavanno - Pesuvahendite ekspert","url":"https:\/\/lavanno.com\/en\/","logo":{"@type":"ImageObject","inLanguage":"en-US","@id":"https:\/\/lavanno.com\/en\/#\/schema\/logo\/image\/","url":"https:\/\/lavanno.com\/wp-content\/uploads\/2025\/07\/Lavanno.png","contentUrl":"https:\/\/lavanno.com\/wp-content\/uploads\/2025\/07\/Lavanno.png","width":1200,"height":1200,"caption":"Lavanno - Pesuvahendite ekspert"},"image":{"@id":"https:\/\/lavanno.com\/en\/#\/schema\/logo\/image\/"},"sameAs":["https:\/\/www.facebook.com\/Lavanno.ee"]}]}},"_links":{"self":[{"href":"https:\/\/lavanno.com\/en\/wp-json\/wp\/v2\/product\/4586","targetHints":{"allow":["GET"]}}],"collection":[{"href":"https:\/\/lavanno.com\/en\/wp-json\/wp\/v2\/product"}],"about":[{"href":"https:\/\/lavanno.com\/en\/wp-json\/wp\/v2\/types\/product"}],"replies":[{"embeddable":true,"href":"https:\/\/lavanno.com\/en\/wp-json\/wp\/v2\/comments?post=4586"}],"wp:featuredmedia":[{"embeddable":true,"href":"https:\/\/lavanno.com\/en\/wp-json\/wp\/v2\/media\/5719"}],"wp:attachment":[{"href":"https:\/\/lavanno.com\/en\/wp-json\/wp\/v2\/media?parent=4586"}],"wp:term":[{"taxonomy":"product_brand","embeddable":true,"href":"https:\/\/lavanno.com\/en\/wp-json\/wp\/v2\/product_brand?post=4586"},{"taxonomy":"product_cat","embeddable":true,"href":"https:\/\/lavanno.com\/en\/wp-json\/wp\/v2\/product_cat?post=4586"},{"taxonomy":"product_tag","embeddable":true,"href":"https:\/\/lavanno.com\/en\/wp-json\/wp\/v2\/product_tag?post=4586"}],"curies":[{"name":"wp","href":"https:\/\/api.w.org\/{rel}","templated":true}]}}