{"id":4603,"date":"2025-02-08T15:38:53","date_gmt":"2025-02-08T13:38:53","guid":{"rendered":"https:\/\/lavanno.com\/product\/automaatne-dosaator-deomatic\/"},"modified":"2026-05-02T08:20:01","modified_gmt":"2026-05-02T05:20:01","slug":"automaatne-dosaator-deomatic","status":"publish","type":"product","link":"https:\/\/lavanno.com\/en\/toode\/automaatne-dosaator-deomatic\/","title":{"rendered":"Automaatne dosaator DeoMatic"},"content":{"rendered":"","protected":false},"excerpt":{"rendered":"<p>Patareitoitel automaatne reguleeritava intervalliga dosaator 250 ml DeoMatic HygienFresh sprei jaoks. Muutke oma kodu isikup\u00e4raseks ja h\u00e4stil\u00f5hnavaks, tagades alati k\u00f5ikjal t\u00e4iusliku v\u00e4rskuse!<\/p>\n<p><\/p>\n<ul><\/p>\n<li>PRAKTILINE JA LIHTNE KASUTADA, j\u00e4tab k\u00f5ikjale meeldiva l\u00f5hna<\/li>\n<p><\/p>\n<li>REGULEERITAV aktiveerimissagedus (9-18-36 min) <\/li>\n<p>\n <\/ul>\n<p><\/p>\n<p>*T\u00e4itepakid ja difuuserid on m\u00fc\u00fcgil eraldi.<\/p>\n<p><\/p>\n<p>Seotud tooted: <a href=\"en\/hygienfresh-products\/odorblok-line.html\">DeoMatic sprei &#8211; 250ml, OdorBlok tehnoloogiaga<\/a><\/p>\n","protected":false},"featured_media":5823,"comment_status":"open","ping_status":"closed","template":"","meta":[],"product_brand":[],"product_cat":[506,552,585,586,584,512,573,520,581],"product_tag":[],"class_list":{"0":"post-4603","1":"product","2":"type-product","3":"status-publish","4":"has-post-thumbnail","6":"product_cat-ariklient","7":"product_cat-aripindade-hooldus","8":"product_cat-puhastusvahendid-pindadele","9":"product_cat-ruumilohnastajad","10":"product_cat-ohu-ja-kangasvarskendajad","11":"product_cat-tarvikud-ja-seadmed","12":"product_cat-muud-tarvikud","13":"product_cat-eraklient","14":"product_cat-tekstiili-ja-kodulohnastajad-eraklient","16":"first","17":"instock","18":"taxable","19":"shipping-taxable","20":"purchasable","21":"product-type-simple"},"yoast_head":"<!-- This site is optimized with the Yoast SEO plugin v27.0 - https:\/\/yoast.com\/product\/yoast-seo-wordpress\/ -->\n<title>Automaatne dosaator DeoMatic - Lavanno - pesuvahendite ekspert<\/title>\n<meta name=\"robots\" content=\"index, follow, max-snippet:-1, max-image-preview:large, max-video-preview:-1\" \/>\n<link rel=\"canonical\" href=\"https:\/\/lavanno.com\/en\/toode\/automaatne-dosaator-deomatic\/\" \/>\n<meta property=\"og:locale\" content=\"en_US\" \/>\n<meta property=\"og:type\" content=\"article\" \/>\n<meta property=\"og:title\" content=\"Automaatne dosaator DeoMatic - Lavanno - pesuvahendite ekspert\" \/>\n<meta property=\"og:description\" content=\"Patareitoitel automaatne reguleeritava intervalliga dosaator 250 ml DeoMatic HygienFresh sprei jaoks. Muutke oma kodu isikup\u00e4raseks ja h\u00e4stil\u00f5hnavaks, tagades alati k\u00f5ikjal t\u00e4iusliku v\u00e4rskuse!  PRAKTILINE JA LIHTNE KASUTADA, j\u00e4tab k\u00f5ikjale meeldiva l\u00f5hna REGULEERITAV aktiveerimissagedus (9-18-36 min)   *T\u00e4itepakid ja difuuserid on m\u00fc\u00fcgil eraldi. Seotud tooted: DeoMatic sprei - 250ml, OdorBlok tehnoloogiaga\" \/>\n<meta property=\"og:url\" content=\"https:\/\/lavanno.com\/en\/toode\/automaatne-dosaator-deomatic\/\" \/>\n<meta property=\"og:site_name\" content=\"Lavanno - pesuvahendite ekspert\" \/>\n<meta property=\"article:publisher\" content=\"https:\/\/www.facebook.com\/Lavanno.ee\" \/>\n<meta property=\"article:modified_time\" content=\"2026-05-02T05:20:01+00:00\" \/>\n<meta property=\"og:image\" content=\"https:\/\/lavanno.com\/wp-content\/uploads\/2025\/02\/c08-000diffusore_deomatic-1.png\" \/>\n\t<meta property=\"og:image:width\" content=\"800\" \/>\n\t<meta property=\"og:image:height\" content=\"800\" \/>\n\t<meta property=\"og:image:type\" content=\"image\/png\" \/>\n<meta name=\"twitter:card\" content=\"summary_large_image\" \/>\n<script type=\"application\/ld+json\" class=\"yoast-schema-graph\">{\"@context\":\"https:\/\/schema.org\",\"@graph\":[{\"@type\":\"WebPage\",\"@id\":\"https:\/\/lavanno.com\/en\/toode\/automaatne-dosaator-deomatic\/\",\"url\":\"https:\/\/lavanno.com\/en\/toode\/automaatne-dosaator-deomatic\/\",\"name\":\"Automaatne dosaator DeoMatic - Lavanno - pesuvahendite ekspert\",\"isPartOf\":{\"@id\":\"https:\/\/lavanno.com\/en\/#website\"},\"primaryImageOfPage\":{\"@id\":\"https:\/\/lavanno.com\/en\/toode\/automaatne-dosaator-deomatic\/#primaryimage\"},\"image\":{\"@id\":\"https:\/\/lavanno.com\/en\/toode\/automaatne-dosaator-deomatic\/#primaryimage\"},\"thumbnailUrl\":\"https:\/\/lavanno.com\/wp-content\/uploads\/2025\/02\/c08-000diffusore_deomatic-1.png\",\"datePublished\":\"2025-02-08T13:38:53+00:00\",\"dateModified\":\"2026-05-02T05:20:01+00:00\",\"breadcrumb\":{\"@id\":\"https:\/\/lavanno.com\/en\/toode\/automaatne-dosaator-deomatic\/#breadcrumb\"},\"inLanguage\":\"en-US\",\"potentialAction\":[{\"@type\":\"ReadAction\",\"target\":[\"https:\/\/lavanno.com\/en\/toode\/automaatne-dosaator-deomatic\/\"]}]},{\"@type\":\"ImageObject\",\"inLanguage\":\"en-US\",\"@id\":\"https:\/\/lavanno.com\/en\/toode\/automaatne-dosaator-deomatic\/#primaryimage\",\"url\":\"https:\/\/lavanno.com\/wp-content\/uploads\/2025\/02\/c08-000diffusore_deomatic-1.png\",\"contentUrl\":\"https:\/\/lavanno.com\/wp-content\/uploads\/2025\/02\/c08-000diffusore_deomatic-1.png\",\"width\":800,\"height\":800},{\"@type\":\"BreadcrumbList\",\"@id\":\"https:\/\/lavanno.com\/en\/toode\/automaatne-dosaator-deomatic\/#breadcrumb\",\"itemListElement\":[{\"@type\":\"ListItem\",\"position\":1,\"name\":\"Home\",\"item\":\"https:\/\/lavanno.com\/en\/\"},{\"@type\":\"ListItem\",\"position\":2,\"name\":\"E-pood\",\"item\":\"https:\/\/lavanno.com\/e-pood\/\"},{\"@type\":\"ListItem\",\"position\":3,\"name\":\"Automaatne dosaator DeoMatic\"}]},{\"@type\":\"WebSite\",\"@id\":\"https:\/\/lavanno.com\/en\/#website\",\"url\":\"https:\/\/lavanno.com\/en\/\",\"name\":\"Lavanno - Pesuvahendite ekspert\",\"description\":\"Toome maale ja m\u00fc\u00fcme tekstiili pesuvahendeid, pesumajaseadmeid ja tarvikuid. Hooldame ja konsulteerime.\",\"publisher\":{\"@id\":\"https:\/\/lavanno.com\/en\/#organization\"},\"potentialAction\":[{\"@type\":\"SearchAction\",\"target\":{\"@type\":\"EntryPoint\",\"urlTemplate\":\"https:\/\/lavanno.com\/en\/?s={search_term_string}\"},\"query-input\":{\"@type\":\"PropertyValueSpecification\",\"valueRequired\":true,\"valueName\":\"search_term_string\"}}],\"inLanguage\":\"en-US\"},{\"@type\":\"Organization\",\"@id\":\"https:\/\/lavanno.com\/en\/#organization\",\"name\":\"Lavanno - Pesuvahendite ekspert\",\"url\":\"https:\/\/lavanno.com\/en\/\",\"logo\":{\"@type\":\"ImageObject\",\"inLanguage\":\"en-US\",\"@id\":\"https:\/\/lavanno.com\/en\/#\/schema\/logo\/image\/\",\"url\":\"https:\/\/lavanno.com\/wp-content\/uploads\/2025\/07\/Lavanno.png\",\"contentUrl\":\"https:\/\/lavanno.com\/wp-content\/uploads\/2025\/07\/Lavanno.png\",\"width\":1200,\"height\":1200,\"caption\":\"Lavanno - Pesuvahendite ekspert\"},\"image\":{\"@id\":\"https:\/\/lavanno.com\/en\/#\/schema\/logo\/image\/\"},\"sameAs\":[\"https:\/\/www.facebook.com\/Lavanno.ee\"]}]}<\/script>\n<!-- \/ Yoast SEO plugin. -->","yoast_head_json":{"title":"Automaatne dosaator DeoMatic - Lavanno - pesuvahendite ekspert","robots":{"index":"index","follow":"follow","max-snippet":"max-snippet:-1","max-image-preview":"max-image-preview:large","max-video-preview":"max-video-preview:-1"},"canonical":"https:\/\/lavanno.com\/en\/toode\/automaatne-dosaator-deomatic\/","og_locale":"en_US","og_type":"article","og_title":"Automaatne dosaator DeoMatic - Lavanno - pesuvahendite ekspert","og_description":"Patareitoitel automaatne reguleeritava intervalliga dosaator 250 ml DeoMatic HygienFresh sprei jaoks. Muutke oma kodu isikup\u00e4raseks ja h\u00e4stil\u00f5hnavaks, tagades alati k\u00f5ikjal t\u00e4iusliku v\u00e4rskuse!  PRAKTILINE JA LIHTNE KASUTADA, j\u00e4tab k\u00f5ikjale meeldiva l\u00f5hna REGULEERITAV aktiveerimissagedus (9-18-36 min)   *T\u00e4itepakid ja difuuserid on m\u00fc\u00fcgil eraldi. Seotud tooted: DeoMatic sprei - 250ml, OdorBlok tehnoloogiaga","og_url":"https:\/\/lavanno.com\/en\/toode\/automaatne-dosaator-deomatic\/","og_site_name":"Lavanno - pesuvahendite ekspert","article_publisher":"https:\/\/www.facebook.com\/Lavanno.ee","article_modified_time":"2026-05-02T05:20:01+00:00","og_image":[{"width":800,"height":800,"url":"https:\/\/lavanno.com\/wp-content\/uploads\/2025\/02\/c08-000diffusore_deomatic-1.png","type":"image\/png"}],"twitter_card":"summary_large_image","schema":{"@context":"https:\/\/schema.org","@graph":[{"@type":"WebPage","@id":"https:\/\/lavanno.com\/en\/toode\/automaatne-dosaator-deomatic\/","url":"https:\/\/lavanno.com\/en\/toode\/automaatne-dosaator-deomatic\/","name":"Automaatne dosaator DeoMatic - Lavanno - pesuvahendite ekspert","isPartOf":{"@id":"https:\/\/lavanno.com\/en\/#website"},"primaryImageOfPage":{"@id":"https:\/\/lavanno.com\/en\/toode\/automaatne-dosaator-deomatic\/#primaryimage"},"image":{"@id":"https:\/\/lavanno.com\/en\/toode\/automaatne-dosaator-deomatic\/#primaryimage"},"thumbnailUrl":"https:\/\/lavanno.com\/wp-content\/uploads\/2025\/02\/c08-000diffusore_deomatic-1.png","datePublished":"2025-02-08T13:38:53+00:00","dateModified":"2026-05-02T05:20:01+00:00","breadcrumb":{"@id":"https:\/\/lavanno.com\/en\/toode\/automaatne-dosaator-deomatic\/#breadcrumb"},"inLanguage":"en-US","potentialAction":[{"@type":"ReadAction","target":["https:\/\/lavanno.com\/en\/toode\/automaatne-dosaator-deomatic\/"]}]},{"@type":"ImageObject","inLanguage":"en-US","@id":"https:\/\/lavanno.com\/en\/toode\/automaatne-dosaator-deomatic\/#primaryimage","url":"https:\/\/lavanno.com\/wp-content\/uploads\/2025\/02\/c08-000diffusore_deomatic-1.png","contentUrl":"https:\/\/lavanno.com\/wp-content\/uploads\/2025\/02\/c08-000diffusore_deomatic-1.png","width":800,"height":800},{"@type":"BreadcrumbList","@id":"https:\/\/lavanno.com\/en\/toode\/automaatne-dosaator-deomatic\/#breadcrumb","itemListElement":[{"@type":"ListItem","position":1,"name":"Home","item":"https:\/\/lavanno.com\/en\/"},{"@type":"ListItem","position":2,"name":"E-pood","item":"https:\/\/lavanno.com\/e-pood\/"},{"@type":"ListItem","position":3,"name":"Automaatne dosaator DeoMatic"}]},{"@type":"WebSite","@id":"https:\/\/lavanno.com\/en\/#website","url":"https:\/\/lavanno.com\/en\/","name":"Lavanno - Pesuvahendite ekspert","description":"Toome maale ja m\u00fc\u00fcme tekstiili pesuvahendeid, pesumajaseadmeid ja tarvikuid. Hooldame ja konsulteerime.","publisher":{"@id":"https:\/\/lavanno.com\/en\/#organization"},"potentialAction":[{"@type":"SearchAction","target":{"@type":"EntryPoint","urlTemplate":"https:\/\/lavanno.com\/en\/?s={search_term_string}"},"query-input":{"@type":"PropertyValueSpecification","valueRequired":true,"valueName":"search_term_string"}}],"inLanguage":"en-US"},{"@type":"Organization","@id":"https:\/\/lavanno.com\/en\/#organization","name":"Lavanno - Pesuvahendite ekspert","url":"https:\/\/lavanno.com\/en\/","logo":{"@type":"ImageObject","inLanguage":"en-US","@id":"https:\/\/lavanno.com\/en\/#\/schema\/logo\/image\/","url":"https:\/\/lavanno.com\/wp-content\/uploads\/2025\/07\/Lavanno.png","contentUrl":"https:\/\/lavanno.com\/wp-content\/uploads\/2025\/07\/Lavanno.png","width":1200,"height":1200,"caption":"Lavanno - Pesuvahendite ekspert"},"image":{"@id":"https:\/\/lavanno.com\/en\/#\/schema\/logo\/image\/"},"sameAs":["https:\/\/www.facebook.com\/Lavanno.ee"]}]}},"_links":{"self":[{"href":"https:\/\/lavanno.com\/en\/wp-json\/wp\/v2\/product\/4603","targetHints":{"allow":["GET"]}}],"collection":[{"href":"https:\/\/lavanno.com\/en\/wp-json\/wp\/v2\/product"}],"about":[{"href":"https:\/\/lavanno.com\/en\/wp-json\/wp\/v2\/types\/product"}],"replies":[{"embeddable":true,"href":"https:\/\/lavanno.com\/en\/wp-json\/wp\/v2\/comments?post=4603"}],"wp:featuredmedia":[{"embeddable":true,"href":"https:\/\/lavanno.com\/en\/wp-json\/wp\/v2\/media\/5823"}],"wp:attachment":[{"href":"https:\/\/lavanno.com\/en\/wp-json\/wp\/v2\/media?parent=4603"}],"wp:term":[{"taxonomy":"product_brand","embeddable":true,"href":"https:\/\/lavanno.com\/en\/wp-json\/wp\/v2\/product_brand?post=4603"},{"taxonomy":"product_cat","embeddable":true,"href":"https:\/\/lavanno.com\/en\/wp-json\/wp\/v2\/product_cat?post=4603"},{"taxonomy":"product_tag","embeddable":true,"href":"https:\/\/lavanno.com\/en\/wp-json\/wp\/v2\/product_tag?post=4603"}],"curies":[{"name":"wp","href":"https:\/\/api.w.org\/{rel}","templated":true}]}}