{"id":4612,"date":"2025-02-08T15:38:53","date_gmt":"2025-02-08T13:38:53","guid":{"rendered":"https:\/\/lavanno.com\/product\/renova-targeldusvahend\/"},"modified":"2026-05-02T14:25:04","modified_gmt":"2026-05-02T11:25:04","slug":"renova-targeldusvahend","status":"publish","type":"product","link":"https:\/\/lavanno.com\/en\/toode\/renova-targeldusvahend\/","title":{"rendered":"Renova t\u00e4rgeldusvahend"},"content":{"rendered":"<p><strong>Kasutusjuhend<\/strong><\/p>\n<p>Pesumasinas kasutamine: Doseeri viimasesse loputusse 10-15 ml\/kg kuivade r\u00f5ivaste kohta. Tugevama t\u00e4rgeldusm\u00f5ju saavutamiseks kasuta kuni 25 ml\/kg kuivade r\u00f5ivaste kohta. Efektiivsemaks tulemuseks vali l\u00f5plikuks tsentrifuugikiiruseks maksimaalselt 800 p\/min ja \u00e4ra t\u00e4ida pesumasinat rohkem kui 50% selle maksimaalsest mahust.<\/p>\n<p>Leotamiseks kasutamine: Doseeri 60 ml toodet 5 liitri vee kohta. J\u00e4ta r\u00f5ivad leotama 10 minutiks ja lase seej\u00e4rel \u00f5hu k\u00e4es kuivada. T\u00e4rgeldav toime toimub isegi ilma triikimiseta. Triikides saad lisada eriti tugeva t\u00e4rgeldusm\u00f5ju.<\/p>\n<p><strong>Triipkood<\/strong><\/p>\n<p>(01)08054729631818<\/p>\n<p><strong>Koostisained<\/strong><\/p>\n<p>aqua, pol\u00fcvin\u00fc\u00fclatsetaatpol\u00fcmeer, parfum, trideceth-2, ricinus communis \u00f5li, ethoxydiglycol, tsink-ritsinoleaat, C12-14 pareth-3, dinaatriumdist\u00fc\u00fclbifen\u00fc\u00fcldisulfonaat, 4-tert-but\u00fc\u00fclts\u00fckloheks\u00fc\u00fclatsetaat, fen\u00fc\u00fclet\u00fc\u00fclalkohol, linalool, heks\u00fc\u00fcltsinnamaal, tetramet\u00fc\u00fclats\u00fc\u00fclokta-h\u00fcdronaftaleenid, tsitronellool, geraniool, kumariin, dimetikoon, eugenool, steareth-21, met\u00fc\u00fclkloroisotiasolinoon, met\u00fc\u00fclisotiasolinoon.<\/p>\n<p><strong>Funktsioon<\/strong><\/p>\n<p>T\u00e4rgeldusvahend<\/p>\n<p>&nbsp;<\/p>\n<p><a href=\"https:\/\/lavanno.com\/wp-content\/uploads\/2022\/08\/A48-515Hygienfresh_Renova_-_Aprettante_super_performanteRel3ETSDS.pdf\" target=\"_blank\" rel=\"noopener\">Ohutuskaart<\/a><\/p>\n<p><a href=\"https:\/\/lavanno.com\/wp-content\/uploads\/2024\/10\/A48-515RenovaRel3ENTEC.pdf\" target=\"_blank\" rel=\"noopener\">Tehniline kaart<\/a><\/p>\n","protected":false},"excerpt":{"rendered":"<p>Vedel kontsentreeritud t\u00e4rgeldusaine nii k\u00e4sipesuks kui masinpesuks.<\/p>\n<p>Selle toote eelised:<\/p>\n<p>T\u00e4rgeldav toime ilma triikimata. H\u00f5lbustab triikimist.<\/p>\n<p>Taastab r\u00f5ivaste vormi, tugevdab ja taastab kiude.<\/p>\n<p>P\u00f5hineb s\u00fcnteetilisel vaigul.<\/p>\n<p>V\u00e4ldib kolletumist ja kaitseb r\u00f5ivaid.<\/p>\n<p>Valgendab r\u00f5ivaid.<\/p>\n<p>K\u00f5rvaldab halvad l\u00f5hnad ja kaitseb nende tekkimise eest. Kauakestev l\u00f5hn.<\/p>\n","protected":false},"featured_media":5837,"comment_status":"open","ping_status":"closed","template":"","meta":[],"product_brand":[],"product_cat":[506,525,572,520,549],"product_tag":[],"class_list":{"0":"post-4612","1":"product","2":"type-product","3":"status-publish","4":"has-post-thumbnail","6":"product_cat-ariklient","7":"product_cat-vesipesuvahendid","8":"product_cat-lisaained","9":"product_cat-eraklient","10":"product_cat-pesuloputusvahendid-eraklient","12":"first","13":"instock","14":"taxable","15":"shipping-taxable","16":"purchasable","17":"product-type-variable"},"yoast_head":"<!-- This site is optimized with the Yoast SEO plugin v27.0 - https:\/\/yoast.com\/product\/yoast-seo-wordpress\/ -->\n<title>Renova t\u00e4rgeldusvahend - Lavanno - pesuvahendite ekspert<\/title>\n<meta name=\"description\" content=\"Vedel kontsentreeritud t\u00e4rgeldusaine nii k\u00e4sipesuks kui masinpesuks. Selle toote eelised: T\u00e4rgeldav toime ilma triikimata. H\u00f5lbustab triikimist. Taastab r\u00f5ivaste vormi, tugevdab ja taastab kiude. P\u00f5hineb s\u00fcnteetilisel vaigul. V\u00e4ldib kolletumist ja kaitseb r\u00f5ivaid. Valgendab r\u00f5ivaid. K\u00f5rvaldab halvad l\u00f5hnad ja kaitseb nende tekkimise eest. Kauakestev l\u00f5hn.\" \/>\n<meta name=\"robots\" content=\"index, follow, max-snippet:-1, max-image-preview:large, max-video-preview:-1\" \/>\n<link rel=\"canonical\" href=\"https:\/\/lavanno.com\/en\/toode\/renova-targeldusvahend\/\" \/>\n<meta property=\"og:locale\" content=\"en_US\" \/>\n<meta property=\"og:type\" content=\"article\" \/>\n<meta property=\"og:title\" content=\"Renova t\u00e4rgeldusvahend - Lavanno - pesuvahendite ekspert\" \/>\n<meta property=\"og:description\" content=\"Vedel kontsentreeritud t\u00e4rgeldusaine nii k\u00e4sipesuks kui masinpesuks. Selle toote eelised: T\u00e4rgeldav toime ilma triikimata. H\u00f5lbustab triikimist. Taastab r\u00f5ivaste vormi, tugevdab ja taastab kiude. P\u00f5hineb s\u00fcnteetilisel vaigul. V\u00e4ldib kolletumist ja kaitseb r\u00f5ivaid. Valgendab r\u00f5ivaid. K\u00f5rvaldab halvad l\u00f5hnad ja kaitseb nende tekkimise eest. Kauakestev l\u00f5hn.\" \/>\n<meta property=\"og:url\" content=\"https:\/\/lavanno.com\/en\/toode\/renova-targeldusvahend\/\" \/>\n<meta property=\"og:site_name\" content=\"Lavanno - pesuvahendite ekspert\" \/>\n<meta property=\"article:publisher\" content=\"https:\/\/www.facebook.com\/Lavanno.ee\" \/>\n<meta property=\"article:modified_time\" content=\"2026-05-02T11:25:04+00:00\" \/>\n<meta property=\"og:image\" content=\"https:\/\/lavanno.com\/wp-content\/uploads\/2025\/02\/a48-515dx12renova_1lt-1.png\" \/>\n\t<meta property=\"og:image:width\" content=\"800\" \/>\n\t<meta property=\"og:image:height\" content=\"800\" \/>\n\t<meta property=\"og:image:type\" content=\"image\/png\" \/>\n<meta name=\"twitter:card\" content=\"summary_large_image\" \/>\n<meta name=\"twitter:label1\" content=\"Est. reading time\" \/>\n\t<meta name=\"twitter:data1\" content=\"1 minute\" \/>\n<script type=\"application\/ld+json\" class=\"yoast-schema-graph\">{\"@context\":\"https:\/\/schema.org\",\"@graph\":[{\"@type\":\"WebPage\",\"@id\":\"https:\/\/lavanno.com\/en\/toode\/renova-targeldusvahend\/\",\"url\":\"https:\/\/lavanno.com\/en\/toode\/renova-targeldusvahend\/\",\"name\":\"Renova t\u00e4rgeldusvahend - Lavanno - pesuvahendite ekspert\",\"isPartOf\":{\"@id\":\"https:\/\/lavanno.com\/en\/#website\"},\"primaryImageOfPage\":{\"@id\":\"https:\/\/lavanno.com\/en\/toode\/renova-targeldusvahend\/#primaryimage\"},\"image\":{\"@id\":\"https:\/\/lavanno.com\/en\/toode\/renova-targeldusvahend\/#primaryimage\"},\"thumbnailUrl\":\"https:\/\/lavanno.com\/wp-content\/uploads\/2025\/02\/a48-515dx12renova_1lt-1.png\",\"datePublished\":\"2025-02-08T13:38:53+00:00\",\"dateModified\":\"2026-05-02T11:25:04+00:00\",\"description\":\"Vedel kontsentreeritud t\u00e4rgeldusaine nii k\u00e4sipesuks kui masinpesuks. Selle toote eelised: T\u00e4rgeldav toime ilma triikimata. H\u00f5lbustab triikimist. Taastab r\u00f5ivaste vormi, tugevdab ja taastab kiude. P\u00f5hineb s\u00fcnteetilisel vaigul. V\u00e4ldib kolletumist ja kaitseb r\u00f5ivaid. Valgendab r\u00f5ivaid. K\u00f5rvaldab halvad l\u00f5hnad ja kaitseb nende tekkimise eest. Kauakestev l\u00f5hn.\",\"breadcrumb\":{\"@id\":\"https:\/\/lavanno.com\/en\/toode\/renova-targeldusvahend\/#breadcrumb\"},\"inLanguage\":\"en-US\",\"potentialAction\":[{\"@type\":\"ReadAction\",\"target\":[\"https:\/\/lavanno.com\/en\/toode\/renova-targeldusvahend\/\"]}]},{\"@type\":\"ImageObject\",\"inLanguage\":\"en-US\",\"@id\":\"https:\/\/lavanno.com\/en\/toode\/renova-targeldusvahend\/#primaryimage\",\"url\":\"https:\/\/lavanno.com\/wp-content\/uploads\/2025\/02\/a48-515dx12renova_1lt-1.png\",\"contentUrl\":\"https:\/\/lavanno.com\/wp-content\/uploads\/2025\/02\/a48-515dx12renova_1lt-1.png\",\"width\":800,\"height\":800},{\"@type\":\"BreadcrumbList\",\"@id\":\"https:\/\/lavanno.com\/en\/toode\/renova-targeldusvahend\/#breadcrumb\",\"itemListElement\":[{\"@type\":\"ListItem\",\"position\":1,\"name\":\"Home\",\"item\":\"https:\/\/lavanno.com\/en\/\"},{\"@type\":\"ListItem\",\"position\":2,\"name\":\"E-pood\",\"item\":\"https:\/\/lavanno.com\/e-pood\/\"},{\"@type\":\"ListItem\",\"position\":3,\"name\":\"Renova t\u00e4rgeldusvahend\"}]},{\"@type\":\"WebSite\",\"@id\":\"https:\/\/lavanno.com\/en\/#website\",\"url\":\"https:\/\/lavanno.com\/en\/\",\"name\":\"Lavanno - Pesuvahendite ekspert\",\"description\":\"Toome maale ja m\u00fc\u00fcme tekstiili pesuvahendeid, pesumajaseadmeid ja tarvikuid. Hooldame ja konsulteerime.\",\"publisher\":{\"@id\":\"https:\/\/lavanno.com\/en\/#organization\"},\"potentialAction\":[{\"@type\":\"SearchAction\",\"target\":{\"@type\":\"EntryPoint\",\"urlTemplate\":\"https:\/\/lavanno.com\/en\/?s={search_term_string}\"},\"query-input\":{\"@type\":\"PropertyValueSpecification\",\"valueRequired\":true,\"valueName\":\"search_term_string\"}}],\"inLanguage\":\"en-US\"},{\"@type\":\"Organization\",\"@id\":\"https:\/\/lavanno.com\/en\/#organization\",\"name\":\"Lavanno - Pesuvahendite ekspert\",\"url\":\"https:\/\/lavanno.com\/en\/\",\"logo\":{\"@type\":\"ImageObject\",\"inLanguage\":\"en-US\",\"@id\":\"https:\/\/lavanno.com\/en\/#\/schema\/logo\/image\/\",\"url\":\"https:\/\/lavanno.com\/wp-content\/uploads\/2025\/07\/Lavanno.png\",\"contentUrl\":\"https:\/\/lavanno.com\/wp-content\/uploads\/2025\/07\/Lavanno.png\",\"width\":1200,\"height\":1200,\"caption\":\"Lavanno - Pesuvahendite ekspert\"},\"image\":{\"@id\":\"https:\/\/lavanno.com\/en\/#\/schema\/logo\/image\/\"},\"sameAs\":[\"https:\/\/www.facebook.com\/Lavanno.ee\"]}]}<\/script>\n<!-- \/ Yoast SEO plugin. -->","yoast_head_json":{"title":"Renova t\u00e4rgeldusvahend - Lavanno - pesuvahendite ekspert","description":"Vedel kontsentreeritud t\u00e4rgeldusaine nii k\u00e4sipesuks kui masinpesuks. Selle toote eelised: T\u00e4rgeldav toime ilma triikimata. H\u00f5lbustab triikimist. Taastab r\u00f5ivaste vormi, tugevdab ja taastab kiude. P\u00f5hineb s\u00fcnteetilisel vaigul. V\u00e4ldib kolletumist ja kaitseb r\u00f5ivaid. Valgendab r\u00f5ivaid. K\u00f5rvaldab halvad l\u00f5hnad ja kaitseb nende tekkimise eest. Kauakestev l\u00f5hn.","robots":{"index":"index","follow":"follow","max-snippet":"max-snippet:-1","max-image-preview":"max-image-preview:large","max-video-preview":"max-video-preview:-1"},"canonical":"https:\/\/lavanno.com\/en\/toode\/renova-targeldusvahend\/","og_locale":"en_US","og_type":"article","og_title":"Renova t\u00e4rgeldusvahend - Lavanno - pesuvahendite ekspert","og_description":"Vedel kontsentreeritud t\u00e4rgeldusaine nii k\u00e4sipesuks kui masinpesuks. Selle toote eelised: T\u00e4rgeldav toime ilma triikimata. H\u00f5lbustab triikimist. Taastab r\u00f5ivaste vormi, tugevdab ja taastab kiude. P\u00f5hineb s\u00fcnteetilisel vaigul. V\u00e4ldib kolletumist ja kaitseb r\u00f5ivaid. Valgendab r\u00f5ivaid. K\u00f5rvaldab halvad l\u00f5hnad ja kaitseb nende tekkimise eest. Kauakestev l\u00f5hn.","og_url":"https:\/\/lavanno.com\/en\/toode\/renova-targeldusvahend\/","og_site_name":"Lavanno - pesuvahendite ekspert","article_publisher":"https:\/\/www.facebook.com\/Lavanno.ee","article_modified_time":"2026-05-02T11:25:04+00:00","og_image":[{"width":800,"height":800,"url":"https:\/\/lavanno.com\/wp-content\/uploads\/2025\/02\/a48-515dx12renova_1lt-1.png","type":"image\/png"}],"twitter_card":"summary_large_image","twitter_misc":{"Est. reading time":"1 minute"},"schema":{"@context":"https:\/\/schema.org","@graph":[{"@type":"WebPage","@id":"https:\/\/lavanno.com\/en\/toode\/renova-targeldusvahend\/","url":"https:\/\/lavanno.com\/en\/toode\/renova-targeldusvahend\/","name":"Renova t\u00e4rgeldusvahend - Lavanno - pesuvahendite ekspert","isPartOf":{"@id":"https:\/\/lavanno.com\/en\/#website"},"primaryImageOfPage":{"@id":"https:\/\/lavanno.com\/en\/toode\/renova-targeldusvahend\/#primaryimage"},"image":{"@id":"https:\/\/lavanno.com\/en\/toode\/renova-targeldusvahend\/#primaryimage"},"thumbnailUrl":"https:\/\/lavanno.com\/wp-content\/uploads\/2025\/02\/a48-515dx12renova_1lt-1.png","datePublished":"2025-02-08T13:38:53+00:00","dateModified":"2026-05-02T11:25:04+00:00","description":"Vedel kontsentreeritud t\u00e4rgeldusaine nii k\u00e4sipesuks kui masinpesuks. Selle toote eelised: T\u00e4rgeldav toime ilma triikimata. H\u00f5lbustab triikimist. Taastab r\u00f5ivaste vormi, tugevdab ja taastab kiude. P\u00f5hineb s\u00fcnteetilisel vaigul. V\u00e4ldib kolletumist ja kaitseb r\u00f5ivaid. Valgendab r\u00f5ivaid. K\u00f5rvaldab halvad l\u00f5hnad ja kaitseb nende tekkimise eest. Kauakestev l\u00f5hn.","breadcrumb":{"@id":"https:\/\/lavanno.com\/en\/toode\/renova-targeldusvahend\/#breadcrumb"},"inLanguage":"en-US","potentialAction":[{"@type":"ReadAction","target":["https:\/\/lavanno.com\/en\/toode\/renova-targeldusvahend\/"]}]},{"@type":"ImageObject","inLanguage":"en-US","@id":"https:\/\/lavanno.com\/en\/toode\/renova-targeldusvahend\/#primaryimage","url":"https:\/\/lavanno.com\/wp-content\/uploads\/2025\/02\/a48-515dx12renova_1lt-1.png","contentUrl":"https:\/\/lavanno.com\/wp-content\/uploads\/2025\/02\/a48-515dx12renova_1lt-1.png","width":800,"height":800},{"@type":"BreadcrumbList","@id":"https:\/\/lavanno.com\/en\/toode\/renova-targeldusvahend\/#breadcrumb","itemListElement":[{"@type":"ListItem","position":1,"name":"Home","item":"https:\/\/lavanno.com\/en\/"},{"@type":"ListItem","position":2,"name":"E-pood","item":"https:\/\/lavanno.com\/e-pood\/"},{"@type":"ListItem","position":3,"name":"Renova t\u00e4rgeldusvahend"}]},{"@type":"WebSite","@id":"https:\/\/lavanno.com\/en\/#website","url":"https:\/\/lavanno.com\/en\/","name":"Lavanno - Pesuvahendite ekspert","description":"Toome maale ja m\u00fc\u00fcme tekstiili pesuvahendeid, pesumajaseadmeid ja tarvikuid. Hooldame ja konsulteerime.","publisher":{"@id":"https:\/\/lavanno.com\/en\/#organization"},"potentialAction":[{"@type":"SearchAction","target":{"@type":"EntryPoint","urlTemplate":"https:\/\/lavanno.com\/en\/?s={search_term_string}"},"query-input":{"@type":"PropertyValueSpecification","valueRequired":true,"valueName":"search_term_string"}}],"inLanguage":"en-US"},{"@type":"Organization","@id":"https:\/\/lavanno.com\/en\/#organization","name":"Lavanno - Pesuvahendite ekspert","url":"https:\/\/lavanno.com\/en\/","logo":{"@type":"ImageObject","inLanguage":"en-US","@id":"https:\/\/lavanno.com\/en\/#\/schema\/logo\/image\/","url":"https:\/\/lavanno.com\/wp-content\/uploads\/2025\/07\/Lavanno.png","contentUrl":"https:\/\/lavanno.com\/wp-content\/uploads\/2025\/07\/Lavanno.png","width":1200,"height":1200,"caption":"Lavanno - Pesuvahendite ekspert"},"image":{"@id":"https:\/\/lavanno.com\/en\/#\/schema\/logo\/image\/"},"sameAs":["https:\/\/www.facebook.com\/Lavanno.ee"]}]}},"_links":{"self":[{"href":"https:\/\/lavanno.com\/en\/wp-json\/wp\/v2\/product\/4612","targetHints":{"allow":["GET"]}}],"collection":[{"href":"https:\/\/lavanno.com\/en\/wp-json\/wp\/v2\/product"}],"about":[{"href":"https:\/\/lavanno.com\/en\/wp-json\/wp\/v2\/types\/product"}],"replies":[{"embeddable":true,"href":"https:\/\/lavanno.com\/en\/wp-json\/wp\/v2\/comments?post=4612"}],"wp:featuredmedia":[{"embeddable":true,"href":"https:\/\/lavanno.com\/en\/wp-json\/wp\/v2\/media\/5837"}],"wp:attachment":[{"href":"https:\/\/lavanno.com\/en\/wp-json\/wp\/v2\/media?parent=4612"}],"wp:term":[{"taxonomy":"product_brand","embeddable":true,"href":"https:\/\/lavanno.com\/en\/wp-json\/wp\/v2\/product_brand?post=4612"},{"taxonomy":"product_cat","embeddable":true,"href":"https:\/\/lavanno.com\/en\/wp-json\/wp\/v2\/product_cat?post=4612"},{"taxonomy":"product_tag","embeddable":true,"href":"https:\/\/lavanno.com\/en\/wp-json\/wp\/v2\/product_tag?post=4612"}],"curies":[{"name":"wp","href":"https:\/\/api.w.org\/{rel}","templated":true}]}}