{"id":4627,"date":"2025-02-08T15:38:55","date_gmt":"2025-02-08T13:38:55","guid":{"rendered":"https:\/\/lavanno.com\/product\/expo-12-hf-lohnastaja-tekstiilile-ja-ohule\/"},"modified":"2026-05-02T14:25:02","modified_gmt":"2026-05-02T11:25:02","slug":"expo-12-hf-lohnastaja-tekstiilile-ja-ohule","status":"publish","type":"product","link":"https:\/\/lavanno.com\/en\/toode\/expo-12-hf-lohnastaja-tekstiilile-ja-ohule\/","title":{"rendered":"Expo + 12 HF l\u00f5hnastaja tekstiilile ja \u00f5hule"},"content":{"rendered":"","protected":false},"excerpt":{"rendered":"<p>Vitriinkarp, milles on 12 spetsiaalse l\u00f5hna eemaldava koostisega kangav\u00e4rskendajat. Riidekapis ja sahtlites kasutamisel k\u00f5rvaldavad need ebameeldiva l\u00f5hna, eraldavad meeldivat l\u00f5hna ja kaitsevad r\u00f5ivaid. Toas kasutamisel k\u00f5rvaldavad need ebameeldiva l\u00f5hna ja eraldavad delikaatset v\u00e4rskendavat l\u00f5hna. <\/p>\n","protected":false},"featured_media":5469,"comment_status":"open","ping_status":"closed","template":"","meta":[],"product_brand":[],"product_cat":[506,523,559,574,579],"product_tag":[],"class_list":{"0":"post-4627","1":"product","2":"type-product","3":"status-publish","4":"has-post-thumbnail","6":"product_cat-ariklient","7":"product_cat-jaemuugitooted","8":"product_cat-stendid","9":"product_cat-pihustite-sari","10":"product_cat-kangavarskendajad","12":"first","13":"outofstock","14":"taxable","15":"shipping-taxable","16":"purchasable","17":"product-type-simple"},"yoast_head":"<!-- This site is optimized with the Yoast SEO plugin v27.0 - https:\/\/yoast.com\/product\/yoast-seo-wordpress\/ -->\n<title>Expo + 12 HF l\u00f5hnastaja tekstiilile ja \u00f5hule - Lavanno - pesuvahendite ekspert<\/title>\n<meta name=\"robots\" content=\"index, follow, max-snippet:-1, max-image-preview:large, max-video-preview:-1\" \/>\n<link rel=\"canonical\" href=\"https:\/\/lavanno.com\/en\/toode\/expo-12-hf-lohnastaja-tekstiilile-ja-ohule\/\" \/>\n<meta property=\"og:locale\" content=\"en_US\" \/>\n<meta property=\"og:type\" content=\"article\" \/>\n<meta property=\"og:title\" content=\"Expo + 12 HF l\u00f5hnastaja tekstiilile ja \u00f5hule - Lavanno - pesuvahendite ekspert\" \/>\n<meta property=\"og:description\" content=\"Vitriinkarp, milles on 12 spetsiaalse l\u00f5hna eemaldava koostisega kangav\u00e4rskendajat. Riidekapis ja sahtlites kasutamisel k\u00f5rvaldavad need ebameeldiva l\u00f5hna, eraldavad meeldivat l\u00f5hna ja kaitsevad r\u00f5ivaid. Toas kasutamisel k\u00f5rvaldavad need ebameeldiva l\u00f5hna ja eraldavad delikaatset v\u00e4rskendavat l\u00f5hna.\" \/>\n<meta property=\"og:url\" content=\"https:\/\/lavanno.com\/en\/toode\/expo-12-hf-lohnastaja-tekstiilile-ja-ohule\/\" \/>\n<meta property=\"og:site_name\" content=\"Lavanno - pesuvahendite ekspert\" \/>\n<meta property=\"article:publisher\" content=\"https:\/\/www.facebook.com\/Lavanno.ee\" \/>\n<meta property=\"article:modified_time\" content=\"2026-05-02T11:25:02+00:00\" \/>\n<meta property=\"og:image\" content=\"https:\/\/lavanno.com\/wp-content\/uploads\/2025\/02\/a80-025expo_deospray-1.png\" \/>\n\t<meta property=\"og:image:width\" content=\"800\" \/>\n\t<meta property=\"og:image:height\" content=\"800\" \/>\n\t<meta property=\"og:image:type\" content=\"image\/png\" \/>\n<meta name=\"twitter:card\" content=\"summary_large_image\" \/>\n<script type=\"application\/ld+json\" class=\"yoast-schema-graph\">{\"@context\":\"https:\/\/schema.org\",\"@graph\":[{\"@type\":\"WebPage\",\"@id\":\"https:\/\/lavanno.com\/en\/toode\/expo-12-hf-lohnastaja-tekstiilile-ja-ohule\/\",\"url\":\"https:\/\/lavanno.com\/en\/toode\/expo-12-hf-lohnastaja-tekstiilile-ja-ohule\/\",\"name\":\"Expo + 12 HF l\u00f5hnastaja tekstiilile ja \u00f5hule - Lavanno - pesuvahendite ekspert\",\"isPartOf\":{\"@id\":\"https:\/\/lavanno.com\/en\/#website\"},\"primaryImageOfPage\":{\"@id\":\"https:\/\/lavanno.com\/en\/toode\/expo-12-hf-lohnastaja-tekstiilile-ja-ohule\/#primaryimage\"},\"image\":{\"@id\":\"https:\/\/lavanno.com\/en\/toode\/expo-12-hf-lohnastaja-tekstiilile-ja-ohule\/#primaryimage\"},\"thumbnailUrl\":\"https:\/\/lavanno.com\/wp-content\/uploads\/2025\/02\/a80-025expo_deospray-1.png\",\"datePublished\":\"2025-02-08T13:38:55+00:00\",\"dateModified\":\"2026-05-02T11:25:02+00:00\",\"breadcrumb\":{\"@id\":\"https:\/\/lavanno.com\/en\/toode\/expo-12-hf-lohnastaja-tekstiilile-ja-ohule\/#breadcrumb\"},\"inLanguage\":\"en-US\",\"potentialAction\":[{\"@type\":\"ReadAction\",\"target\":[\"https:\/\/lavanno.com\/en\/toode\/expo-12-hf-lohnastaja-tekstiilile-ja-ohule\/\"]}]},{\"@type\":\"ImageObject\",\"inLanguage\":\"en-US\",\"@id\":\"https:\/\/lavanno.com\/en\/toode\/expo-12-hf-lohnastaja-tekstiilile-ja-ohule\/#primaryimage\",\"url\":\"https:\/\/lavanno.com\/wp-content\/uploads\/2025\/02\/a80-025expo_deospray-1.png\",\"contentUrl\":\"https:\/\/lavanno.com\/wp-content\/uploads\/2025\/02\/a80-025expo_deospray-1.png\",\"width\":800,\"height\":800},{\"@type\":\"BreadcrumbList\",\"@id\":\"https:\/\/lavanno.com\/en\/toode\/expo-12-hf-lohnastaja-tekstiilile-ja-ohule\/#breadcrumb\",\"itemListElement\":[{\"@type\":\"ListItem\",\"position\":1,\"name\":\"Home\",\"item\":\"https:\/\/lavanno.com\/en\/\"},{\"@type\":\"ListItem\",\"position\":2,\"name\":\"E-pood\",\"item\":\"https:\/\/lavanno.com\/e-pood\/\"},{\"@type\":\"ListItem\",\"position\":3,\"name\":\"Expo + 12 HF l\u00f5hnastaja tekstiilile ja \u00f5hule\"}]},{\"@type\":\"WebSite\",\"@id\":\"https:\/\/lavanno.com\/en\/#website\",\"url\":\"https:\/\/lavanno.com\/en\/\",\"name\":\"Lavanno - Pesuvahendite ekspert\",\"description\":\"Toome maale ja m\u00fc\u00fcme tekstiili pesuvahendeid, pesumajaseadmeid ja tarvikuid. Hooldame ja konsulteerime.\",\"publisher\":{\"@id\":\"https:\/\/lavanno.com\/en\/#organization\"},\"potentialAction\":[{\"@type\":\"SearchAction\",\"target\":{\"@type\":\"EntryPoint\",\"urlTemplate\":\"https:\/\/lavanno.com\/en\/?s={search_term_string}\"},\"query-input\":{\"@type\":\"PropertyValueSpecification\",\"valueRequired\":true,\"valueName\":\"search_term_string\"}}],\"inLanguage\":\"en-US\"},{\"@type\":\"Organization\",\"@id\":\"https:\/\/lavanno.com\/en\/#organization\",\"name\":\"Lavanno - Pesuvahendite ekspert\",\"url\":\"https:\/\/lavanno.com\/en\/\",\"logo\":{\"@type\":\"ImageObject\",\"inLanguage\":\"en-US\",\"@id\":\"https:\/\/lavanno.com\/en\/#\/schema\/logo\/image\/\",\"url\":\"https:\/\/lavanno.com\/wp-content\/uploads\/2025\/07\/Lavanno.png\",\"contentUrl\":\"https:\/\/lavanno.com\/wp-content\/uploads\/2025\/07\/Lavanno.png\",\"width\":1200,\"height\":1200,\"caption\":\"Lavanno - Pesuvahendite ekspert\"},\"image\":{\"@id\":\"https:\/\/lavanno.com\/en\/#\/schema\/logo\/image\/\"},\"sameAs\":[\"https:\/\/www.facebook.com\/Lavanno.ee\"]}]}<\/script>\n<!-- \/ Yoast SEO plugin. -->","yoast_head_json":{"title":"Expo + 12 HF l\u00f5hnastaja tekstiilile ja \u00f5hule - Lavanno - pesuvahendite ekspert","robots":{"index":"index","follow":"follow","max-snippet":"max-snippet:-1","max-image-preview":"max-image-preview:large","max-video-preview":"max-video-preview:-1"},"canonical":"https:\/\/lavanno.com\/en\/toode\/expo-12-hf-lohnastaja-tekstiilile-ja-ohule\/","og_locale":"en_US","og_type":"article","og_title":"Expo + 12 HF l\u00f5hnastaja tekstiilile ja \u00f5hule - Lavanno - pesuvahendite ekspert","og_description":"Vitriinkarp, milles on 12 spetsiaalse l\u00f5hna eemaldava koostisega kangav\u00e4rskendajat. Riidekapis ja sahtlites kasutamisel k\u00f5rvaldavad need ebameeldiva l\u00f5hna, eraldavad meeldivat l\u00f5hna ja kaitsevad r\u00f5ivaid. Toas kasutamisel k\u00f5rvaldavad need ebameeldiva l\u00f5hna ja eraldavad delikaatset v\u00e4rskendavat l\u00f5hna.","og_url":"https:\/\/lavanno.com\/en\/toode\/expo-12-hf-lohnastaja-tekstiilile-ja-ohule\/","og_site_name":"Lavanno - pesuvahendite ekspert","article_publisher":"https:\/\/www.facebook.com\/Lavanno.ee","article_modified_time":"2026-05-02T11:25:02+00:00","og_image":[{"width":800,"height":800,"url":"https:\/\/lavanno.com\/wp-content\/uploads\/2025\/02\/a80-025expo_deospray-1.png","type":"image\/png"}],"twitter_card":"summary_large_image","schema":{"@context":"https:\/\/schema.org","@graph":[{"@type":"WebPage","@id":"https:\/\/lavanno.com\/en\/toode\/expo-12-hf-lohnastaja-tekstiilile-ja-ohule\/","url":"https:\/\/lavanno.com\/en\/toode\/expo-12-hf-lohnastaja-tekstiilile-ja-ohule\/","name":"Expo + 12 HF l\u00f5hnastaja tekstiilile ja \u00f5hule - Lavanno - pesuvahendite ekspert","isPartOf":{"@id":"https:\/\/lavanno.com\/en\/#website"},"primaryImageOfPage":{"@id":"https:\/\/lavanno.com\/en\/toode\/expo-12-hf-lohnastaja-tekstiilile-ja-ohule\/#primaryimage"},"image":{"@id":"https:\/\/lavanno.com\/en\/toode\/expo-12-hf-lohnastaja-tekstiilile-ja-ohule\/#primaryimage"},"thumbnailUrl":"https:\/\/lavanno.com\/wp-content\/uploads\/2025\/02\/a80-025expo_deospray-1.png","datePublished":"2025-02-08T13:38:55+00:00","dateModified":"2026-05-02T11:25:02+00:00","breadcrumb":{"@id":"https:\/\/lavanno.com\/en\/toode\/expo-12-hf-lohnastaja-tekstiilile-ja-ohule\/#breadcrumb"},"inLanguage":"en-US","potentialAction":[{"@type":"ReadAction","target":["https:\/\/lavanno.com\/en\/toode\/expo-12-hf-lohnastaja-tekstiilile-ja-ohule\/"]}]},{"@type":"ImageObject","inLanguage":"en-US","@id":"https:\/\/lavanno.com\/en\/toode\/expo-12-hf-lohnastaja-tekstiilile-ja-ohule\/#primaryimage","url":"https:\/\/lavanno.com\/wp-content\/uploads\/2025\/02\/a80-025expo_deospray-1.png","contentUrl":"https:\/\/lavanno.com\/wp-content\/uploads\/2025\/02\/a80-025expo_deospray-1.png","width":800,"height":800},{"@type":"BreadcrumbList","@id":"https:\/\/lavanno.com\/en\/toode\/expo-12-hf-lohnastaja-tekstiilile-ja-ohule\/#breadcrumb","itemListElement":[{"@type":"ListItem","position":1,"name":"Home","item":"https:\/\/lavanno.com\/en\/"},{"@type":"ListItem","position":2,"name":"E-pood","item":"https:\/\/lavanno.com\/e-pood\/"},{"@type":"ListItem","position":3,"name":"Expo + 12 HF l\u00f5hnastaja tekstiilile ja \u00f5hule"}]},{"@type":"WebSite","@id":"https:\/\/lavanno.com\/en\/#website","url":"https:\/\/lavanno.com\/en\/","name":"Lavanno - Pesuvahendite ekspert","description":"Toome maale ja m\u00fc\u00fcme tekstiili pesuvahendeid, pesumajaseadmeid ja tarvikuid. Hooldame ja konsulteerime.","publisher":{"@id":"https:\/\/lavanno.com\/en\/#organization"},"potentialAction":[{"@type":"SearchAction","target":{"@type":"EntryPoint","urlTemplate":"https:\/\/lavanno.com\/en\/?s={search_term_string}"},"query-input":{"@type":"PropertyValueSpecification","valueRequired":true,"valueName":"search_term_string"}}],"inLanguage":"en-US"},{"@type":"Organization","@id":"https:\/\/lavanno.com\/en\/#organization","name":"Lavanno - Pesuvahendite ekspert","url":"https:\/\/lavanno.com\/en\/","logo":{"@type":"ImageObject","inLanguage":"en-US","@id":"https:\/\/lavanno.com\/en\/#\/schema\/logo\/image\/","url":"https:\/\/lavanno.com\/wp-content\/uploads\/2025\/07\/Lavanno.png","contentUrl":"https:\/\/lavanno.com\/wp-content\/uploads\/2025\/07\/Lavanno.png","width":1200,"height":1200,"caption":"Lavanno - Pesuvahendite ekspert"},"image":{"@id":"https:\/\/lavanno.com\/en\/#\/schema\/logo\/image\/"},"sameAs":["https:\/\/www.facebook.com\/Lavanno.ee"]}]}},"_links":{"self":[{"href":"https:\/\/lavanno.com\/en\/wp-json\/wp\/v2\/product\/4627","targetHints":{"allow":["GET"]}}],"collection":[{"href":"https:\/\/lavanno.com\/en\/wp-json\/wp\/v2\/product"}],"about":[{"href":"https:\/\/lavanno.com\/en\/wp-json\/wp\/v2\/types\/product"}],"replies":[{"embeddable":true,"href":"https:\/\/lavanno.com\/en\/wp-json\/wp\/v2\/comments?post=4627"}],"wp:featuredmedia":[{"embeddable":true,"href":"https:\/\/lavanno.com\/en\/wp-json\/wp\/v2\/media\/5469"}],"wp:attachment":[{"href":"https:\/\/lavanno.com\/en\/wp-json\/wp\/v2\/media?parent=4627"}],"wp:term":[{"taxonomy":"product_brand","embeddable":true,"href":"https:\/\/lavanno.com\/en\/wp-json\/wp\/v2\/product_brand?post=4627"},{"taxonomy":"product_cat","embeddable":true,"href":"https:\/\/lavanno.com\/en\/wp-json\/wp\/v2\/product_cat?post=4627"},{"taxonomy":"product_tag","embeddable":true,"href":"https:\/\/lavanno.com\/en\/wp-json\/wp\/v2\/product_tag?post=4627"}],"curies":[{"name":"wp","href":"https:\/\/api.w.org\/{rel}","templated":true}]}}