{"id":4943,"date":"2025-02-10T08:17:33","date_gmt":"2025-02-10T06:17:33","guid":{"rendered":"https:\/\/lavanno.com\/product\/konteiner-700x800x1800h-vork-50x50-rattad-o125x485-in-nypu-2-2-x-uks-mis-avaneb-270\/"},"modified":"2026-05-02T14:25:04","modified_gmt":"2026-05-02T11:25:04","slug":"konteiner-700x800x1800h-vork-50x50-rattad-o125x485-in-nypu-2-2-x-uks-mis-avaneb-270","status":"publish","type":"product","link":"https:\/\/lavanno.com\/en\/toode\/konteiner-700x800x1800h-vork-50x50-rattad-o125x485-in-nypu-2-2-x-uks-mis-avaneb-270\/","title":{"rendered":"Konteiner 700X800X1800H, v\u00f5rk 50&#215;50, rattad \u00d8125X48,5 IN NY+PU 2, 2 x uks, mis avaneb 270\u00b0"},"content":{"rendered":"<table id=\"specifications-table\">\n<tbody>\n<tr>\n<td>KASUTUSVALDKOND<\/td>\n<td>PESUMAJA, TRANSPORT, SUPERMARKET, KAUBANDUS<\/td>\n<\/tr>\n<tr>\n<td>V\u00c4LISED M\u00d5\u00d5TMED [mm]<\/td>\n<td>700X790X1785H<\/td>\n<\/tr>\n<tr>\n<td>SISEMISED M\u00d5\u00d5TMED [mm]<\/td>\n<td>660X750X1645H<\/td>\n<\/tr>\n<tr>\n<td>MATERJAL<\/td>\n<td>RAUD<\/td>\n<\/tr>\n<tr>\n<td>KAAL [Kg]<\/td>\n<td>33,5<\/td>\n<\/tr>\n<tr>\n<td>KANDEV\u00d5IME [Kg]<\/td>\n<td>500<\/td>\n<\/tr>\n<tr>\n<td>P\u00d5HJAV\u00d5RK [mm]<\/td>\n<td>45X180<\/td>\n<\/tr>\n<tr>\n<td>K\u00dcLJEV\u00d5RK [mm]<\/td>\n<td>50X50<\/td>\n<\/tr>\n<tr>\n<td>PINNAT\u00d6\u00d6TLUS<\/td>\n<td>TSINGITUD<\/td>\n<\/tr>\n<tr>\n<td>RATTAD [mm]<\/td>\n<td>106X40 POL\u00dcPROP\u00dcLEEN, 2 FIKSEERITUD + 2 P\u00d6\u00d6RAVAT PIDURITEGA<\/td>\n<\/tr>\n<tr>\n<td>SEADE<\/td>\n<td>ILMA UKSETA<\/td>\n<\/tr>\n<\/tbody>\n<\/table>\n","protected":false},"excerpt":{"rendered":"<p>Pesukonteiner on ideaalne k\u00e4ru linade transportimiseks ja kogumiseks: v\u00f5rk 50&#215;50 ei lase riietel konteinerist v\u00e4lja kukkuda. See on valmistatud patenteeritud k\u00fclgedega ruudukujulisest torust, mis on aluse k\u00fclge kinnitatud kruvide ja mutrite abil, mis kujutavad endast j\u00e4ika ja tugevat struktuuri. Konteineri keskele on v\u00f5imalik paigaldada riiul, mis jagab konteineri osadeks &#8211; puhtad riided \u00fcles, m\u00e4\u00e4rdunud alla. Konteiner on v\u00f5imalik varustada spetsiaalsete vaiksete ratastega, et seda haiglates kasutada.<\/p>\n","protected":false},"featured_media":5163,"comment_status":"open","ping_status":"closed","template":"","meta":[],"product_brand":[],"product_cat":[506,513],"product_tag":[],"class_list":{"0":"post-4943","1":"product","2":"type-product","3":"status-publish","4":"has-post-thumbnail","6":"product_cat-ariklient","7":"product_cat-pesukarud-konteinerid-stanged","9":"first","10":"instock","11":"taxable","12":"shipping-taxable","13":"purchasable","14":"product-type-variable"},"yoast_head":"<!-- This site is optimized with the Yoast SEO plugin v27.0 - https:\/\/yoast.com\/product\/yoast-seo-wordpress\/ -->\n<title>Konteiner 700X800X1800H, v\u00f5rk 50x50, rattad \u00d8125X48,5 IN NY+PU 2, 2 x uks, mis avaneb 270\u00b0 - Lavanno - pesuvahendite ekspert<\/title>\n<meta name=\"robots\" content=\"index, follow, max-snippet:-1, max-image-preview:large, max-video-preview:-1\" \/>\n<link rel=\"canonical\" href=\"https:\/\/lavanno.com\/en\/toode\/konteiner-700x800x1800h-vork-50x50-rattad-o125x485-in-nypu-2-2-x-uks-mis-avaneb-270\/\" \/>\n<meta property=\"og:locale\" content=\"en_US\" \/>\n<meta property=\"og:type\" content=\"article\" \/>\n<meta property=\"og:title\" content=\"Konteiner 700X800X1800H, v\u00f5rk 50x50, rattad \u00d8125X48,5 IN NY+PU 2, 2 x uks, mis avaneb 270\u00b0 - Lavanno - pesuvahendite ekspert\" \/>\n<meta property=\"og:description\" content=\"Pesukonteiner on ideaalne k\u00e4ru linade transportimiseks ja kogumiseks: v\u00f5rk 50x50 ei lase riietel konteinerist v\u00e4lja kukkuda. See on valmistatud patenteeritud k\u00fclgedega ruudukujulisest torust, mis on aluse k\u00fclge kinnitatud kruvide ja mutrite abil, mis kujutavad endast j\u00e4ika ja tugevat struktuuri. Konteineri keskele on v\u00f5imalik paigaldada riiul, mis jagab konteineri osadeks - puhtad riided \u00fcles, m\u00e4\u00e4rdunud alla. Konteiner on v\u00f5imalik varustada spetsiaalsete vaiksete ratastega, et seda haiglates kasutada.\" \/>\n<meta property=\"og:url\" content=\"https:\/\/lavanno.com\/en\/toode\/konteiner-700x800x1800h-vork-50x50-rattad-o125x485-in-nypu-2-2-x-uks-mis-avaneb-270\/\" \/>\n<meta property=\"og:site_name\" content=\"Lavanno - pesuvahendite ekspert\" \/>\n<meta property=\"article:publisher\" content=\"https:\/\/www.facebook.com\/Lavanno.ee\" \/>\n<meta property=\"article:modified_time\" content=\"2026-05-02T11:25:04+00:00\" \/>\n<meta property=\"og:image\" content=\"https:\/\/lavanno.com\/wp-content\/uploads\/2025\/02\/thumb__yaoV6__laundry-roll-container-3sides-mesh50x50-700x800x1800.jpg\" \/>\n\t<meta property=\"og:image:width\" content=\"800\" \/>\n\t<meta property=\"og:image:height\" content=\"800\" \/>\n\t<meta property=\"og:image:type\" content=\"image\/jpeg\" \/>\n<meta name=\"twitter:card\" content=\"summary_large_image\" \/>\n<meta name=\"twitter:label1\" content=\"Est. reading time\" \/>\n\t<meta name=\"twitter:data1\" content=\"1 minute\" \/>\n<script type=\"application\/ld+json\" class=\"yoast-schema-graph\">{\"@context\":\"https:\/\/schema.org\",\"@graph\":[{\"@type\":\"WebPage\",\"@id\":\"https:\/\/lavanno.com\/en\/toode\/konteiner-700x800x1800h-vork-50x50-rattad-o125x485-in-nypu-2-2-x-uks-mis-avaneb-270\/\",\"url\":\"https:\/\/lavanno.com\/en\/toode\/konteiner-700x800x1800h-vork-50x50-rattad-o125x485-in-nypu-2-2-x-uks-mis-avaneb-270\/\",\"name\":\"Konteiner 700X800X1800H, v\u00f5rk 50x50, rattad \u00d8125X48,5 IN NY+PU 2, 2 x uks, mis avaneb 270\u00b0 - Lavanno - pesuvahendite ekspert\",\"isPartOf\":{\"@id\":\"https:\/\/lavanno.com\/en\/#website\"},\"primaryImageOfPage\":{\"@id\":\"https:\/\/lavanno.com\/en\/toode\/konteiner-700x800x1800h-vork-50x50-rattad-o125x485-in-nypu-2-2-x-uks-mis-avaneb-270\/#primaryimage\"},\"image\":{\"@id\":\"https:\/\/lavanno.com\/en\/toode\/konteiner-700x800x1800h-vork-50x50-rattad-o125x485-in-nypu-2-2-x-uks-mis-avaneb-270\/#primaryimage\"},\"thumbnailUrl\":\"https:\/\/lavanno.com\/wp-content\/uploads\/2025\/02\/thumb__yaoV6__laundry-roll-container-3sides-mesh50x50-700x800x1800.jpg\",\"datePublished\":\"2025-02-10T06:17:33+00:00\",\"dateModified\":\"2026-05-02T11:25:04+00:00\",\"breadcrumb\":{\"@id\":\"https:\/\/lavanno.com\/en\/toode\/konteiner-700x800x1800h-vork-50x50-rattad-o125x485-in-nypu-2-2-x-uks-mis-avaneb-270\/#breadcrumb\"},\"inLanguage\":\"en-US\",\"potentialAction\":[{\"@type\":\"ReadAction\",\"target\":[\"https:\/\/lavanno.com\/en\/toode\/konteiner-700x800x1800h-vork-50x50-rattad-o125x485-in-nypu-2-2-x-uks-mis-avaneb-270\/\"]}]},{\"@type\":\"ImageObject\",\"inLanguage\":\"en-US\",\"@id\":\"https:\/\/lavanno.com\/en\/toode\/konteiner-700x800x1800h-vork-50x50-rattad-o125x485-in-nypu-2-2-x-uks-mis-avaneb-270\/#primaryimage\",\"url\":\"https:\/\/lavanno.com\/wp-content\/uploads\/2025\/02\/thumb__yaoV6__laundry-roll-container-3sides-mesh50x50-700x800x1800.jpg\",\"contentUrl\":\"https:\/\/lavanno.com\/wp-content\/uploads\/2025\/02\/thumb__yaoV6__laundry-roll-container-3sides-mesh50x50-700x800x1800.jpg\",\"width\":800,\"height\":800},{\"@type\":\"BreadcrumbList\",\"@id\":\"https:\/\/lavanno.com\/en\/toode\/konteiner-700x800x1800h-vork-50x50-rattad-o125x485-in-nypu-2-2-x-uks-mis-avaneb-270\/#breadcrumb\",\"itemListElement\":[{\"@type\":\"ListItem\",\"position\":1,\"name\":\"Home\",\"item\":\"https:\/\/lavanno.com\/en\/\"},{\"@type\":\"ListItem\",\"position\":2,\"name\":\"E-pood\",\"item\":\"https:\/\/lavanno.com\/e-pood\/\"},{\"@type\":\"ListItem\",\"position\":3,\"name\":\"Konteiner 700X800X1800H, v\u00f5rk 50&#215;50, rattad \u00d8125X48,5 IN NY+PU 2, 2 x uks, mis avaneb 270\u00b0\"}]},{\"@type\":\"WebSite\",\"@id\":\"https:\/\/lavanno.com\/en\/#website\",\"url\":\"https:\/\/lavanno.com\/en\/\",\"name\":\"Lavanno - Pesuvahendite ekspert\",\"description\":\"Toome maale ja m\u00fc\u00fcme tekstiili pesuvahendeid, pesumajaseadmeid ja tarvikuid. Hooldame ja konsulteerime.\",\"publisher\":{\"@id\":\"https:\/\/lavanno.com\/en\/#organization\"},\"potentialAction\":[{\"@type\":\"SearchAction\",\"target\":{\"@type\":\"EntryPoint\",\"urlTemplate\":\"https:\/\/lavanno.com\/en\/?s={search_term_string}\"},\"query-input\":{\"@type\":\"PropertyValueSpecification\",\"valueRequired\":true,\"valueName\":\"search_term_string\"}}],\"inLanguage\":\"en-US\"},{\"@type\":\"Organization\",\"@id\":\"https:\/\/lavanno.com\/en\/#organization\",\"name\":\"Lavanno - Pesuvahendite ekspert\",\"url\":\"https:\/\/lavanno.com\/en\/\",\"logo\":{\"@type\":\"ImageObject\",\"inLanguage\":\"en-US\",\"@id\":\"https:\/\/lavanno.com\/en\/#\/schema\/logo\/image\/\",\"url\":\"https:\/\/lavanno.com\/wp-content\/uploads\/2025\/07\/Lavanno.png\",\"contentUrl\":\"https:\/\/lavanno.com\/wp-content\/uploads\/2025\/07\/Lavanno.png\",\"width\":1200,\"height\":1200,\"caption\":\"Lavanno - Pesuvahendite ekspert\"},\"image\":{\"@id\":\"https:\/\/lavanno.com\/en\/#\/schema\/logo\/image\/\"},\"sameAs\":[\"https:\/\/www.facebook.com\/Lavanno.ee\"]}]}<\/script>\n<!-- \/ Yoast SEO plugin. -->","yoast_head_json":{"title":"Konteiner 700X800X1800H, v\u00f5rk 50x50, rattad \u00d8125X48,5 IN NY+PU 2, 2 x uks, mis avaneb 270\u00b0 - Lavanno - pesuvahendite ekspert","robots":{"index":"index","follow":"follow","max-snippet":"max-snippet:-1","max-image-preview":"max-image-preview:large","max-video-preview":"max-video-preview:-1"},"canonical":"https:\/\/lavanno.com\/en\/toode\/konteiner-700x800x1800h-vork-50x50-rattad-o125x485-in-nypu-2-2-x-uks-mis-avaneb-270\/","og_locale":"en_US","og_type":"article","og_title":"Konteiner 700X800X1800H, v\u00f5rk 50x50, rattad \u00d8125X48,5 IN NY+PU 2, 2 x uks, mis avaneb 270\u00b0 - Lavanno - pesuvahendite ekspert","og_description":"Pesukonteiner on ideaalne k\u00e4ru linade transportimiseks ja kogumiseks: v\u00f5rk 50x50 ei lase riietel konteinerist v\u00e4lja kukkuda. See on valmistatud patenteeritud k\u00fclgedega ruudukujulisest torust, mis on aluse k\u00fclge kinnitatud kruvide ja mutrite abil, mis kujutavad endast j\u00e4ika ja tugevat struktuuri. Konteineri keskele on v\u00f5imalik paigaldada riiul, mis jagab konteineri osadeks - puhtad riided \u00fcles, m\u00e4\u00e4rdunud alla. Konteiner on v\u00f5imalik varustada spetsiaalsete vaiksete ratastega, et seda haiglates kasutada.","og_url":"https:\/\/lavanno.com\/en\/toode\/konteiner-700x800x1800h-vork-50x50-rattad-o125x485-in-nypu-2-2-x-uks-mis-avaneb-270\/","og_site_name":"Lavanno - pesuvahendite ekspert","article_publisher":"https:\/\/www.facebook.com\/Lavanno.ee","article_modified_time":"2026-05-02T11:25:04+00:00","og_image":[{"width":800,"height":800,"url":"https:\/\/lavanno.com\/wp-content\/uploads\/2025\/02\/thumb__yaoV6__laundry-roll-container-3sides-mesh50x50-700x800x1800.jpg","type":"image\/jpeg"}],"twitter_card":"summary_large_image","twitter_misc":{"Est. reading time":"1 minute"},"schema":{"@context":"https:\/\/schema.org","@graph":[{"@type":"WebPage","@id":"https:\/\/lavanno.com\/en\/toode\/konteiner-700x800x1800h-vork-50x50-rattad-o125x485-in-nypu-2-2-x-uks-mis-avaneb-270\/","url":"https:\/\/lavanno.com\/en\/toode\/konteiner-700x800x1800h-vork-50x50-rattad-o125x485-in-nypu-2-2-x-uks-mis-avaneb-270\/","name":"Konteiner 700X800X1800H, v\u00f5rk 50x50, rattad \u00d8125X48,5 IN NY+PU 2, 2 x uks, mis avaneb 270\u00b0 - Lavanno - pesuvahendite ekspert","isPartOf":{"@id":"https:\/\/lavanno.com\/en\/#website"},"primaryImageOfPage":{"@id":"https:\/\/lavanno.com\/en\/toode\/konteiner-700x800x1800h-vork-50x50-rattad-o125x485-in-nypu-2-2-x-uks-mis-avaneb-270\/#primaryimage"},"image":{"@id":"https:\/\/lavanno.com\/en\/toode\/konteiner-700x800x1800h-vork-50x50-rattad-o125x485-in-nypu-2-2-x-uks-mis-avaneb-270\/#primaryimage"},"thumbnailUrl":"https:\/\/lavanno.com\/wp-content\/uploads\/2025\/02\/thumb__yaoV6__laundry-roll-container-3sides-mesh50x50-700x800x1800.jpg","datePublished":"2025-02-10T06:17:33+00:00","dateModified":"2026-05-02T11:25:04+00:00","breadcrumb":{"@id":"https:\/\/lavanno.com\/en\/toode\/konteiner-700x800x1800h-vork-50x50-rattad-o125x485-in-nypu-2-2-x-uks-mis-avaneb-270\/#breadcrumb"},"inLanguage":"en-US","potentialAction":[{"@type":"ReadAction","target":["https:\/\/lavanno.com\/en\/toode\/konteiner-700x800x1800h-vork-50x50-rattad-o125x485-in-nypu-2-2-x-uks-mis-avaneb-270\/"]}]},{"@type":"ImageObject","inLanguage":"en-US","@id":"https:\/\/lavanno.com\/en\/toode\/konteiner-700x800x1800h-vork-50x50-rattad-o125x485-in-nypu-2-2-x-uks-mis-avaneb-270\/#primaryimage","url":"https:\/\/lavanno.com\/wp-content\/uploads\/2025\/02\/thumb__yaoV6__laundry-roll-container-3sides-mesh50x50-700x800x1800.jpg","contentUrl":"https:\/\/lavanno.com\/wp-content\/uploads\/2025\/02\/thumb__yaoV6__laundry-roll-container-3sides-mesh50x50-700x800x1800.jpg","width":800,"height":800},{"@type":"BreadcrumbList","@id":"https:\/\/lavanno.com\/en\/toode\/konteiner-700x800x1800h-vork-50x50-rattad-o125x485-in-nypu-2-2-x-uks-mis-avaneb-270\/#breadcrumb","itemListElement":[{"@type":"ListItem","position":1,"name":"Home","item":"https:\/\/lavanno.com\/en\/"},{"@type":"ListItem","position":2,"name":"E-pood","item":"https:\/\/lavanno.com\/e-pood\/"},{"@type":"ListItem","position":3,"name":"Konteiner 700X800X1800H, v\u00f5rk 50&#215;50, rattad \u00d8125X48,5 IN NY+PU 2, 2 x uks, mis avaneb 270\u00b0"}]},{"@type":"WebSite","@id":"https:\/\/lavanno.com\/en\/#website","url":"https:\/\/lavanno.com\/en\/","name":"Lavanno - Pesuvahendite ekspert","description":"Toome maale ja m\u00fc\u00fcme tekstiili pesuvahendeid, pesumajaseadmeid ja tarvikuid. Hooldame ja konsulteerime.","publisher":{"@id":"https:\/\/lavanno.com\/en\/#organization"},"potentialAction":[{"@type":"SearchAction","target":{"@type":"EntryPoint","urlTemplate":"https:\/\/lavanno.com\/en\/?s={search_term_string}"},"query-input":{"@type":"PropertyValueSpecification","valueRequired":true,"valueName":"search_term_string"}}],"inLanguage":"en-US"},{"@type":"Organization","@id":"https:\/\/lavanno.com\/en\/#organization","name":"Lavanno - Pesuvahendite ekspert","url":"https:\/\/lavanno.com\/en\/","logo":{"@type":"ImageObject","inLanguage":"en-US","@id":"https:\/\/lavanno.com\/en\/#\/schema\/logo\/image\/","url":"https:\/\/lavanno.com\/wp-content\/uploads\/2025\/07\/Lavanno.png","contentUrl":"https:\/\/lavanno.com\/wp-content\/uploads\/2025\/07\/Lavanno.png","width":1200,"height":1200,"caption":"Lavanno - Pesuvahendite ekspert"},"image":{"@id":"https:\/\/lavanno.com\/en\/#\/schema\/logo\/image\/"},"sameAs":["https:\/\/www.facebook.com\/Lavanno.ee"]}]}},"_links":{"self":[{"href":"https:\/\/lavanno.com\/en\/wp-json\/wp\/v2\/product\/4943","targetHints":{"allow":["GET"]}}],"collection":[{"href":"https:\/\/lavanno.com\/en\/wp-json\/wp\/v2\/product"}],"about":[{"href":"https:\/\/lavanno.com\/en\/wp-json\/wp\/v2\/types\/product"}],"replies":[{"embeddable":true,"href":"https:\/\/lavanno.com\/en\/wp-json\/wp\/v2\/comments?post=4943"}],"wp:featuredmedia":[{"embeddable":true,"href":"https:\/\/lavanno.com\/en\/wp-json\/wp\/v2\/media\/5163"}],"wp:attachment":[{"href":"https:\/\/lavanno.com\/en\/wp-json\/wp\/v2\/media?parent=4943"}],"wp:term":[{"taxonomy":"product_brand","embeddable":true,"href":"https:\/\/lavanno.com\/en\/wp-json\/wp\/v2\/product_brand?post=4943"},{"taxonomy":"product_cat","embeddable":true,"href":"https:\/\/lavanno.com\/en\/wp-json\/wp\/v2\/product_cat?post=4943"},{"taxonomy":"product_tag","embeddable":true,"href":"https:\/\/lavanno.com\/en\/wp-json\/wp\/v2\/product_tag?post=4943"}],"curies":[{"name":"wp","href":"https:\/\/api.w.org\/{rel}","templated":true}]}}