{"id":4947,"date":"2025-02-10T08:17:33","date_gmt":"2025-02-10T06:17:33","guid":{"rendered":"https:\/\/lavanno.com\/product\/delicatilana-pesuaine-ornale-ja-villasele-pesule\/"},"modified":"2026-05-02T14:25:04","modified_gmt":"2026-05-02T11:25:04","slug":"delicatilana-pesuaine-ornale-ja-villasele-pesule","status":"publish","type":"product","link":"https:\/\/lavanno.com\/en\/toode\/delicatilana-pesuaine-ornale-ja-villasele-pesule\/","title":{"rendered":"Delicati&amp;Lana Pesuaine \u00f5rnale ja villasele pesule"},"content":{"rendered":"<p><strong>Spetsifikatsioonid<\/strong><\/p>\n<p><strong>Kasutamine<\/strong><\/p>\n<p>HygienFresh\u00ae Delicati &amp; Lana pesuainet saab kasutada k\u00f5ikide looduslike ja s\u00fcnteetiliste kangaste puhul, nii k\u00e4sitsi kui ka masinpesus.<\/p>\n<p><strong>V\u00f6\u00f6tkood<\/strong><\/p>\n<p>(01)08054729630422<\/p>\n<p><strong>Koostisosad<\/strong><\/p>\n<p>Aqua, tea-dodek\u00fc\u00fclbenseensulfonaat, C13-15 pareth-7, naatriumdodek\u00fc\u00fclbenseensulfonaat, naatriumlaureetsulfaat, kokamiid DEA, kokamidoprop\u00fc\u00fclbetaiin, PVP, sidrunhape, parf\u00fc\u00fcm, PEG-75 lanoliin, st\u00fcreen\/akr\u00fclaat kopol\u00fcmeer, kokogl\u00fckosiid, dietanoolamiin, dimetikoon, am\u00fc\u00fcltsinnamaal, steareet-21, pol\u00fckvaternium-7, CI 14720, met\u00fc\u00fclkloroisotiasolinoon, met\u00fc\u00fclisotiasolinoon.<\/p>\n<p><strong>met\u00fc\u00fclkloroisotiasolinoon, met\u00fc\u00fclisotiasolinoon (3:1) = 0,00075%<\/strong><\/p>\n<p><strong>Funktsioon<\/strong><\/p>\n<p>Pesuaine \u00f5rnadele kangastele.<\/p>\n<p>&nbsp;<\/p>\n<p><a href=\"https:\/\/lavanno.com\/wp-content\/uploads\/2024\/10\/A39-510Hygienfresh_Detergente_Delicati__LanaRel3ETSDS.pdf\" target=\"_blank\" rel=\"noopener\">Ohutuskaart<\/a><\/p>\n<p><a href=\"https:\/\/lavanno.com\/wp-content\/uploads\/2024\/10\/A39-510Delicati_e_LanaRel3ENTEC.pdf\" target=\"_blank\" rel=\"noopener\">Tehniline kaart<\/a><\/p>\n","protected":false},"excerpt":{"rendered":"<p><strong>\u00d5rnade kangaste pesuaine<\/strong><\/p>\n<p><strong>Kirjeldus<\/strong><\/p>\n<p>Vedel pesuaine, mis sobib nii pesumasinas kui ka k\u00e4sitsi pesemiseks. Ideaalne villa ja k\u00f5ikide \u00f5rnade r\u00f5ivaste pesemiseks.<\/p>\n<ul>\n<li>Suurep\u00e4rane rasva\u00e4rastusefekt isegi madalatel temperatuuridel.<\/li>\n<li>\u00d5rn nii v\u00e4rvidele kui ka kangastele.<\/li>\n<li>Viltimist takistav efekt villasele.<\/li>\n<li>K\u00f5rge kontsentratsioon.<\/li>\n<li>Fosfaatide ja leeliste vaba.<\/li>\n<li>Roosi-piima l\u00f5hn.<\/li>\n<li>\u201eBuffer\u201c tehnoloogia aitab v\u00e4ltida valesid doseeringuid ja s\u00e4ilitada \u00f5iged pesuparameetrid.<\/li>\n<\/ul>\n","protected":false},"featured_media":5245,"comment_status":"open","ping_status":"closed","template":"","meta":[],"product_brand":[],"product_cat":[506,525,546,564,520,547],"product_tag":[],"class_list":{"0":"post-4947","1":"product","2":"type-product","3":"status-publish","4":"has-post-thumbnail","6":"product_cat-ariklient","7":"product_cat-vesipesuvahendid","8":"product_cat-pesuained","9":"product_cat-orna-toimega-pesuvahendid","10":"product_cat-eraklient","11":"product_cat-pesuvahendid-eraklient","13":"first","14":"instock","15":"taxable","16":"shipping-taxable","17":"purchasable","18":"product-type-variable"},"yoast_head":"<!-- This site is optimized with the Yoast SEO plugin v27.0 - https:\/\/yoast.com\/product\/yoast-seo-wordpress\/ -->\n<title>Delicati&amp;Lana Pesuaine \u00f5rnale ja villasele pesule - Lavanno - pesuvahendite ekspert<\/title>\n<meta name=\"description\" content=\"\u00d5rnade kangaste pesuaine. Kirjeldus. Vedel pesuaine, mis sobib nii pesumasinas kui ka k\u00e4sitsi pesemiseks. Ideaalne villa ja k\u00f5ikide \u00f5rnade r\u00f5ivaste pesemiseks. Suurep\u00e4rane rasva\u00e4rastusefekt isegi madalatel temperatuuridel. \u00d5rn nii v\u00e4rvidele kui ka kangastele. Viltimist takistav efekt villasele. K\u00f5rge kontsentratsioon. Fosfaatide ja leeliste vaba. Roosi-piima l\u00f5hn. \u201eBuffer\u201c tehnoloogia aitab v\u00e4ltida valesid doseeringuid ja s\u00e4ilitada \u00f5iged pesuparameetrid.\" \/>\n<meta name=\"robots\" content=\"index, follow, max-snippet:-1, max-image-preview:large, max-video-preview:-1\" \/>\n<link rel=\"canonical\" href=\"https:\/\/lavanno.com\/en\/toode\/delicatilana-pesuaine-ornale-ja-villasele-pesule\/\" \/>\n<meta property=\"og:locale\" content=\"en_US\" \/>\n<meta property=\"og:type\" content=\"article\" \/>\n<meta property=\"og:title\" content=\"Delicati&amp;Lana Pesuaine \u00f5rnale ja villasele pesule - Lavanno - pesuvahendite ekspert\" \/>\n<meta property=\"og:description\" content=\"\u00d5rnade kangaste pesuaine. Kirjeldus. Vedel pesuaine, mis sobib nii pesumasinas kui ka k\u00e4sitsi pesemiseks. Ideaalne villa ja k\u00f5ikide \u00f5rnade r\u00f5ivaste pesemiseks. Suurep\u00e4rane rasva\u00e4rastusefekt isegi madalatel temperatuuridel. \u00d5rn nii v\u00e4rvidele kui ka kangastele. Viltimist takistav efekt villasele. K\u00f5rge kontsentratsioon. Fosfaatide ja leeliste vaba. Roosi-piima l\u00f5hn. \u201eBuffer\u201c tehnoloogia aitab v\u00e4ltida valesid doseeringuid ja s\u00e4ilitada \u00f5iged pesuparameetrid.\" \/>\n<meta property=\"og:url\" content=\"https:\/\/lavanno.com\/en\/toode\/delicatilana-pesuaine-ornale-ja-villasele-pesule\/\" \/>\n<meta property=\"og:site_name\" content=\"Lavanno - pesuvahendite ekspert\" \/>\n<meta property=\"article:publisher\" content=\"https:\/\/www.facebook.com\/Lavanno.ee\" \/>\n<meta property=\"article:modified_time\" content=\"2026-05-02T11:25:04+00:00\" \/>\n<meta property=\"og:image\" content=\"https:\/\/lavanno.com\/wp-content\/uploads\/2025\/02\/a39-510lanadelicati_groupage-1.png\" \/>\n\t<meta property=\"og:image:width\" content=\"800\" \/>\n\t<meta property=\"og:image:height\" content=\"800\" \/>\n\t<meta property=\"og:image:type\" content=\"image\/png\" \/>\n<meta name=\"twitter:card\" content=\"summary_large_image\" \/>\n<meta name=\"twitter:label1\" content=\"Est. reading time\" \/>\n\t<meta name=\"twitter:data1\" content=\"1 minute\" \/>\n<script type=\"application\/ld+json\" class=\"yoast-schema-graph\">{\"@context\":\"https:\/\/schema.org\",\"@graph\":[{\"@type\":\"WebPage\",\"@id\":\"https:\/\/lavanno.com\/en\/toode\/delicatilana-pesuaine-ornale-ja-villasele-pesule\/\",\"url\":\"https:\/\/lavanno.com\/en\/toode\/delicatilana-pesuaine-ornale-ja-villasele-pesule\/\",\"name\":\"Delicati&amp;Lana Pesuaine \u00f5rnale ja villasele pesule - Lavanno - pesuvahendite ekspert\",\"isPartOf\":{\"@id\":\"https:\/\/lavanno.com\/en\/#website\"},\"primaryImageOfPage\":{\"@id\":\"https:\/\/lavanno.com\/en\/toode\/delicatilana-pesuaine-ornale-ja-villasele-pesule\/#primaryimage\"},\"image\":{\"@id\":\"https:\/\/lavanno.com\/en\/toode\/delicatilana-pesuaine-ornale-ja-villasele-pesule\/#primaryimage\"},\"thumbnailUrl\":\"https:\/\/lavanno.com\/wp-content\/uploads\/2025\/02\/a39-510lanadelicati_groupage-1.png\",\"datePublished\":\"2025-02-10T06:17:33+00:00\",\"dateModified\":\"2026-05-02T11:25:04+00:00\",\"description\":\"\u00d5rnade kangaste pesuaine. Kirjeldus. Vedel pesuaine, mis sobib nii pesumasinas kui ka k\u00e4sitsi pesemiseks. Ideaalne villa ja k\u00f5ikide \u00f5rnade r\u00f5ivaste pesemiseks. Suurep\u00e4rane rasva\u00e4rastusefekt isegi madalatel temperatuuridel. \u00d5rn nii v\u00e4rvidele kui ka kangastele. Viltimist takistav efekt villasele. K\u00f5rge kontsentratsioon. Fosfaatide ja leeliste vaba. Roosi-piima l\u00f5hn. \u201eBuffer\u201c tehnoloogia aitab v\u00e4ltida valesid doseeringuid ja s\u00e4ilitada \u00f5iged pesuparameetrid.\",\"breadcrumb\":{\"@id\":\"https:\/\/lavanno.com\/en\/toode\/delicatilana-pesuaine-ornale-ja-villasele-pesule\/#breadcrumb\"},\"inLanguage\":\"en-US\",\"potentialAction\":[{\"@type\":\"ReadAction\",\"target\":[\"https:\/\/lavanno.com\/en\/toode\/delicatilana-pesuaine-ornale-ja-villasele-pesule\/\"]}]},{\"@type\":\"ImageObject\",\"inLanguage\":\"en-US\",\"@id\":\"https:\/\/lavanno.com\/en\/toode\/delicatilana-pesuaine-ornale-ja-villasele-pesule\/#primaryimage\",\"url\":\"https:\/\/lavanno.com\/wp-content\/uploads\/2025\/02\/a39-510lanadelicati_groupage-1.png\",\"contentUrl\":\"https:\/\/lavanno.com\/wp-content\/uploads\/2025\/02\/a39-510lanadelicati_groupage-1.png\",\"width\":800,\"height\":800},{\"@type\":\"BreadcrumbList\",\"@id\":\"https:\/\/lavanno.com\/en\/toode\/delicatilana-pesuaine-ornale-ja-villasele-pesule\/#breadcrumb\",\"itemListElement\":[{\"@type\":\"ListItem\",\"position\":1,\"name\":\"Home\",\"item\":\"https:\/\/lavanno.com\/en\/\"},{\"@type\":\"ListItem\",\"position\":2,\"name\":\"E-pood\",\"item\":\"https:\/\/lavanno.com\/e-pood\/\"},{\"@type\":\"ListItem\",\"position\":3,\"name\":\"Delicati&amp;Lana Pesuaine \u00f5rnale ja villasele pesule\"}]},{\"@type\":\"WebSite\",\"@id\":\"https:\/\/lavanno.com\/en\/#website\",\"url\":\"https:\/\/lavanno.com\/en\/\",\"name\":\"Lavanno - Pesuvahendite ekspert\",\"description\":\"Toome maale ja m\u00fc\u00fcme tekstiili pesuvahendeid, pesumajaseadmeid ja tarvikuid. Hooldame ja konsulteerime.\",\"publisher\":{\"@id\":\"https:\/\/lavanno.com\/en\/#organization\"},\"potentialAction\":[{\"@type\":\"SearchAction\",\"target\":{\"@type\":\"EntryPoint\",\"urlTemplate\":\"https:\/\/lavanno.com\/en\/?s={search_term_string}\"},\"query-input\":{\"@type\":\"PropertyValueSpecification\",\"valueRequired\":true,\"valueName\":\"search_term_string\"}}],\"inLanguage\":\"en-US\"},{\"@type\":\"Organization\",\"@id\":\"https:\/\/lavanno.com\/en\/#organization\",\"name\":\"Lavanno - Pesuvahendite ekspert\",\"url\":\"https:\/\/lavanno.com\/en\/\",\"logo\":{\"@type\":\"ImageObject\",\"inLanguage\":\"en-US\",\"@id\":\"https:\/\/lavanno.com\/en\/#\/schema\/logo\/image\/\",\"url\":\"https:\/\/lavanno.com\/wp-content\/uploads\/2025\/07\/Lavanno.png\",\"contentUrl\":\"https:\/\/lavanno.com\/wp-content\/uploads\/2025\/07\/Lavanno.png\",\"width\":1200,\"height\":1200,\"caption\":\"Lavanno - Pesuvahendite ekspert\"},\"image\":{\"@id\":\"https:\/\/lavanno.com\/en\/#\/schema\/logo\/image\/\"},\"sameAs\":[\"https:\/\/www.facebook.com\/Lavanno.ee\"]}]}<\/script>\n<!-- \/ Yoast SEO plugin. -->","yoast_head_json":{"title":"Delicati&amp;Lana Pesuaine \u00f5rnale ja villasele pesule - Lavanno - pesuvahendite ekspert","description":"\u00d5rnade kangaste pesuaine. Kirjeldus. Vedel pesuaine, mis sobib nii pesumasinas kui ka k\u00e4sitsi pesemiseks. Ideaalne villa ja k\u00f5ikide \u00f5rnade r\u00f5ivaste pesemiseks. Suurep\u00e4rane rasva\u00e4rastusefekt isegi madalatel temperatuuridel. \u00d5rn nii v\u00e4rvidele kui ka kangastele. Viltimist takistav efekt villasele. K\u00f5rge kontsentratsioon. Fosfaatide ja leeliste vaba. Roosi-piima l\u00f5hn. \u201eBuffer\u201c tehnoloogia aitab v\u00e4ltida valesid doseeringuid ja s\u00e4ilitada \u00f5iged pesuparameetrid.","robots":{"index":"index","follow":"follow","max-snippet":"max-snippet:-1","max-image-preview":"max-image-preview:large","max-video-preview":"max-video-preview:-1"},"canonical":"https:\/\/lavanno.com\/en\/toode\/delicatilana-pesuaine-ornale-ja-villasele-pesule\/","og_locale":"en_US","og_type":"article","og_title":"Delicati&amp;Lana Pesuaine \u00f5rnale ja villasele pesule - Lavanno - pesuvahendite ekspert","og_description":"\u00d5rnade kangaste pesuaine. Kirjeldus. Vedel pesuaine, mis sobib nii pesumasinas kui ka k\u00e4sitsi pesemiseks. Ideaalne villa ja k\u00f5ikide \u00f5rnade r\u00f5ivaste pesemiseks. Suurep\u00e4rane rasva\u00e4rastusefekt isegi madalatel temperatuuridel. \u00d5rn nii v\u00e4rvidele kui ka kangastele. Viltimist takistav efekt villasele. K\u00f5rge kontsentratsioon. Fosfaatide ja leeliste vaba. Roosi-piima l\u00f5hn. \u201eBuffer\u201c tehnoloogia aitab v\u00e4ltida valesid doseeringuid ja s\u00e4ilitada \u00f5iged pesuparameetrid.","og_url":"https:\/\/lavanno.com\/en\/toode\/delicatilana-pesuaine-ornale-ja-villasele-pesule\/","og_site_name":"Lavanno - pesuvahendite ekspert","article_publisher":"https:\/\/www.facebook.com\/Lavanno.ee","article_modified_time":"2026-05-02T11:25:04+00:00","og_image":[{"width":800,"height":800,"url":"https:\/\/lavanno.com\/wp-content\/uploads\/2025\/02\/a39-510lanadelicati_groupage-1.png","type":"image\/png"}],"twitter_card":"summary_large_image","twitter_misc":{"Est. reading time":"1 minute"},"schema":{"@context":"https:\/\/schema.org","@graph":[{"@type":"WebPage","@id":"https:\/\/lavanno.com\/en\/toode\/delicatilana-pesuaine-ornale-ja-villasele-pesule\/","url":"https:\/\/lavanno.com\/en\/toode\/delicatilana-pesuaine-ornale-ja-villasele-pesule\/","name":"Delicati&amp;Lana Pesuaine \u00f5rnale ja villasele pesule - Lavanno - pesuvahendite ekspert","isPartOf":{"@id":"https:\/\/lavanno.com\/en\/#website"},"primaryImageOfPage":{"@id":"https:\/\/lavanno.com\/en\/toode\/delicatilana-pesuaine-ornale-ja-villasele-pesule\/#primaryimage"},"image":{"@id":"https:\/\/lavanno.com\/en\/toode\/delicatilana-pesuaine-ornale-ja-villasele-pesule\/#primaryimage"},"thumbnailUrl":"https:\/\/lavanno.com\/wp-content\/uploads\/2025\/02\/a39-510lanadelicati_groupage-1.png","datePublished":"2025-02-10T06:17:33+00:00","dateModified":"2026-05-02T11:25:04+00:00","description":"\u00d5rnade kangaste pesuaine. Kirjeldus. Vedel pesuaine, mis sobib nii pesumasinas kui ka k\u00e4sitsi pesemiseks. Ideaalne villa ja k\u00f5ikide \u00f5rnade r\u00f5ivaste pesemiseks. Suurep\u00e4rane rasva\u00e4rastusefekt isegi madalatel temperatuuridel. \u00d5rn nii v\u00e4rvidele kui ka kangastele. Viltimist takistav efekt villasele. K\u00f5rge kontsentratsioon. Fosfaatide ja leeliste vaba. Roosi-piima l\u00f5hn. \u201eBuffer\u201c tehnoloogia aitab v\u00e4ltida valesid doseeringuid ja s\u00e4ilitada \u00f5iged pesuparameetrid.","breadcrumb":{"@id":"https:\/\/lavanno.com\/en\/toode\/delicatilana-pesuaine-ornale-ja-villasele-pesule\/#breadcrumb"},"inLanguage":"en-US","potentialAction":[{"@type":"ReadAction","target":["https:\/\/lavanno.com\/en\/toode\/delicatilana-pesuaine-ornale-ja-villasele-pesule\/"]}]},{"@type":"ImageObject","inLanguage":"en-US","@id":"https:\/\/lavanno.com\/en\/toode\/delicatilana-pesuaine-ornale-ja-villasele-pesule\/#primaryimage","url":"https:\/\/lavanno.com\/wp-content\/uploads\/2025\/02\/a39-510lanadelicati_groupage-1.png","contentUrl":"https:\/\/lavanno.com\/wp-content\/uploads\/2025\/02\/a39-510lanadelicati_groupage-1.png","width":800,"height":800},{"@type":"BreadcrumbList","@id":"https:\/\/lavanno.com\/en\/toode\/delicatilana-pesuaine-ornale-ja-villasele-pesule\/#breadcrumb","itemListElement":[{"@type":"ListItem","position":1,"name":"Home","item":"https:\/\/lavanno.com\/en\/"},{"@type":"ListItem","position":2,"name":"E-pood","item":"https:\/\/lavanno.com\/e-pood\/"},{"@type":"ListItem","position":3,"name":"Delicati&amp;Lana Pesuaine \u00f5rnale ja villasele pesule"}]},{"@type":"WebSite","@id":"https:\/\/lavanno.com\/en\/#website","url":"https:\/\/lavanno.com\/en\/","name":"Lavanno - Pesuvahendite ekspert","description":"Toome maale ja m\u00fc\u00fcme tekstiili pesuvahendeid, pesumajaseadmeid ja tarvikuid. Hooldame ja konsulteerime.","publisher":{"@id":"https:\/\/lavanno.com\/en\/#organization"},"potentialAction":[{"@type":"SearchAction","target":{"@type":"EntryPoint","urlTemplate":"https:\/\/lavanno.com\/en\/?s={search_term_string}"},"query-input":{"@type":"PropertyValueSpecification","valueRequired":true,"valueName":"search_term_string"}}],"inLanguage":"en-US"},{"@type":"Organization","@id":"https:\/\/lavanno.com\/en\/#organization","name":"Lavanno - Pesuvahendite ekspert","url":"https:\/\/lavanno.com\/en\/","logo":{"@type":"ImageObject","inLanguage":"en-US","@id":"https:\/\/lavanno.com\/en\/#\/schema\/logo\/image\/","url":"https:\/\/lavanno.com\/wp-content\/uploads\/2025\/07\/Lavanno.png","contentUrl":"https:\/\/lavanno.com\/wp-content\/uploads\/2025\/07\/Lavanno.png","width":1200,"height":1200,"caption":"Lavanno - Pesuvahendite ekspert"},"image":{"@id":"https:\/\/lavanno.com\/en\/#\/schema\/logo\/image\/"},"sameAs":["https:\/\/www.facebook.com\/Lavanno.ee"]}]}},"_links":{"self":[{"href":"https:\/\/lavanno.com\/en\/wp-json\/wp\/v2\/product\/4947","targetHints":{"allow":["GET"]}}],"collection":[{"href":"https:\/\/lavanno.com\/en\/wp-json\/wp\/v2\/product"}],"about":[{"href":"https:\/\/lavanno.com\/en\/wp-json\/wp\/v2\/types\/product"}],"replies":[{"embeddable":true,"href":"https:\/\/lavanno.com\/en\/wp-json\/wp\/v2\/comments?post=4947"}],"wp:featuredmedia":[{"embeddable":true,"href":"https:\/\/lavanno.com\/en\/wp-json\/wp\/v2\/media\/5245"}],"wp:attachment":[{"href":"https:\/\/lavanno.com\/en\/wp-json\/wp\/v2\/media?parent=4947"}],"wp:term":[{"taxonomy":"product_brand","embeddable":true,"href":"https:\/\/lavanno.com\/en\/wp-json\/wp\/v2\/product_brand?post=4947"},{"taxonomy":"product_cat","embeddable":true,"href":"https:\/\/lavanno.com\/en\/wp-json\/wp\/v2\/product_cat?post=4947"},{"taxonomy":"product_tag","embeddable":true,"href":"https:\/\/lavanno.com\/en\/wp-json\/wp\/v2\/product_tag?post=4947"}],"curies":[{"name":"wp","href":"https:\/\/api.w.org\/{rel}","templated":true}]}}