{"id":4970,"date":"2025-02-10T08:17:34","date_gmt":"2025-02-10T06:17:34","guid":{"rendered":"https:\/\/lavanno.com\/product\/porandapesuvahend-note-di-pulito\/"},"modified":"2026-04-07T09:15:01","modified_gmt":"2026-04-07T06:15:01","slug":"porandapesuvahend-note-di-pulito","status":"publish","type":"product","link":"https:\/\/lavanno.com\/en\/toode\/porandapesuvahend-note-di-pulito\/","title":{"rendered":"P\u00f5randapesuvahend &#8211; Note di Pulito"},"content":{"rendered":"<p><a href=\"https:\/\/lavanno.com\/wp-content\/uploads\/2021\/05\/A85-025Floor_Surfaces_Detergent_NoteDiPulitoRel1ENTEC.pdf\">Safety Data Sheet<\/a><\/br><a href=\"https:\/\/lavanno.com\/wp-content\/uploads\/2021\/05\/A85-025Hygienfresh_Pavimenti_Superfici_Note_di_PulitoRel1ENSDS.pdf\">Technical Data Sheet<\/a><\/p>\n","protected":false},"excerpt":{"rendered":"<p>Professionaalne neutraalse v\u00e4rske l\u00f5hnaga puhastusaine p\u00f5randate ja pindade puhastamiseks.<\/p>\n<p><\/p>\n<ul><\/p>\n<li>Toimeaine suur sisaldus tagab t\u00f5husa rasvaeemalduse<\/li>\n<p><\/p>\n<li>Neutraalne pH, sobib igat liiki p\u00f5randatele<\/li>\n<p><\/p>\n<li>Intensiivne ja kauakestev l\u00f5hn<\/li>\n<p><\/p>\n<li>Tagab h\u00fcgieenilisuse<\/li>\n<p><\/p>\n<li>Loputamine pole vajalik<\/li>\n<p><\/p>\n<li>Vaid kaks korgit\u00e4it tagavad p\u00f5hjalikuma puhastuse ja kauakestva l\u00f5hna<\/li>\n<p>\n <\/ul>\n","protected":false},"featured_media":5507,"comment_status":"open","ping_status":"closed","template":"","meta":[],"product_brand":[],"product_cat":[506,552,555,520,551],"product_tag":[],"class_list":{"0":"post-4970","1":"product","2":"type-product","3":"status-publish","4":"has-post-thumbnail","6":"product_cat-ariklient","7":"product_cat-aripindade-hooldus","8":"product_cat-poranda-ja-tasapindade-puhastusvahendid","9":"product_cat-eraklient","10":"product_cat-koduhooldus-eraklient","12":"first","13":"outofstock","14":"taxable","15":"shipping-taxable","16":"purchasable","17":"product-type-variable"},"yoast_head":"<!-- This site is optimized with the Yoast SEO plugin v27.0 - https:\/\/yoast.com\/product\/yoast-seo-wordpress\/ -->\n<title>P\u00f5randapesuvahend - Note di Pulito - Lavanno - pesuvahendite ekspert<\/title>\n<meta name=\"robots\" content=\"index, follow, max-snippet:-1, max-image-preview:large, max-video-preview:-1\" \/>\n<link rel=\"canonical\" href=\"https:\/\/lavanno.com\/en\/toode\/porandapesuvahend-note-di-pulito\/\" \/>\n<meta property=\"og:locale\" content=\"en_US\" \/>\n<meta property=\"og:type\" content=\"article\" \/>\n<meta property=\"og:title\" content=\"P\u00f5randapesuvahend - Note di Pulito - Lavanno - pesuvahendite ekspert\" \/>\n<meta property=\"og:description\" content=\"Professionaalne neutraalse v\u00e4rske l\u00f5hnaga puhastusaine p\u00f5randate ja pindade puhastamiseks.  Toimeaine suur sisaldus tagab t\u00f5husa rasvaeemalduse Neutraalne pH, sobib igat liiki p\u00f5randatele Intensiivne ja kauakestev l\u00f5hn Tagab h\u00fcgieenilisuse Loputamine pole vajalik Vaid kaks korgit\u00e4it tagavad p\u00f5hjalikuma puhastuse ja kauakestva l\u00f5hna\" \/>\n<meta property=\"og:url\" content=\"https:\/\/lavanno.com\/en\/toode\/porandapesuvahend-note-di-pulito\/\" \/>\n<meta property=\"og:site_name\" content=\"Lavanno - pesuvahendite ekspert\" \/>\n<meta property=\"article:publisher\" content=\"https:\/\/www.facebook.com\/Lavanno.ee\" \/>\n<meta property=\"article:modified_time\" content=\"2026-04-07T06:15:01+00:00\" \/>\n<meta property=\"og:image\" content=\"https:\/\/lavanno.com\/wp-content\/uploads\/2025\/02\/a85-025dx12pavimenti_note_di_pulito_1lt-1.png\" \/>\n\t<meta property=\"og:image:width\" content=\"800\" \/>\n\t<meta property=\"og:image:height\" content=\"800\" \/>\n\t<meta property=\"og:image:type\" content=\"image\/png\" \/>\n<meta name=\"twitter:card\" content=\"summary_large_image\" \/>\n<script type=\"application\/ld+json\" class=\"yoast-schema-graph\">{\"@context\":\"https:\/\/schema.org\",\"@graph\":[{\"@type\":\"WebPage\",\"@id\":\"https:\/\/lavanno.com\/en\/toode\/porandapesuvahend-note-di-pulito\/\",\"url\":\"https:\/\/lavanno.com\/en\/toode\/porandapesuvahend-note-di-pulito\/\",\"name\":\"P\u00f5randapesuvahend - Note di Pulito - Lavanno - pesuvahendite ekspert\",\"isPartOf\":{\"@id\":\"https:\/\/lavanno.com\/en\/#website\"},\"primaryImageOfPage\":{\"@id\":\"https:\/\/lavanno.com\/en\/toode\/porandapesuvahend-note-di-pulito\/#primaryimage\"},\"image\":{\"@id\":\"https:\/\/lavanno.com\/en\/toode\/porandapesuvahend-note-di-pulito\/#primaryimage\"},\"thumbnailUrl\":\"https:\/\/lavanno.com\/wp-content\/uploads\/2025\/02\/a85-025dx12pavimenti_note_di_pulito_1lt-1.png\",\"datePublished\":\"2025-02-10T06:17:34+00:00\",\"dateModified\":\"2026-04-07T06:15:01+00:00\",\"breadcrumb\":{\"@id\":\"https:\/\/lavanno.com\/en\/toode\/porandapesuvahend-note-di-pulito\/#breadcrumb\"},\"inLanguage\":\"en-US\",\"potentialAction\":[{\"@type\":\"ReadAction\",\"target\":[\"https:\/\/lavanno.com\/en\/toode\/porandapesuvahend-note-di-pulito\/\"]}]},{\"@type\":\"ImageObject\",\"inLanguage\":\"en-US\",\"@id\":\"https:\/\/lavanno.com\/en\/toode\/porandapesuvahend-note-di-pulito\/#primaryimage\",\"url\":\"https:\/\/lavanno.com\/wp-content\/uploads\/2025\/02\/a85-025dx12pavimenti_note_di_pulito_1lt-1.png\",\"contentUrl\":\"https:\/\/lavanno.com\/wp-content\/uploads\/2025\/02\/a85-025dx12pavimenti_note_di_pulito_1lt-1.png\",\"width\":800,\"height\":800},{\"@type\":\"BreadcrumbList\",\"@id\":\"https:\/\/lavanno.com\/en\/toode\/porandapesuvahend-note-di-pulito\/#breadcrumb\",\"itemListElement\":[{\"@type\":\"ListItem\",\"position\":1,\"name\":\"Home\",\"item\":\"https:\/\/lavanno.com\/en\/\"},{\"@type\":\"ListItem\",\"position\":2,\"name\":\"E-pood\",\"item\":\"https:\/\/lavanno.com\/e-pood\/\"},{\"@type\":\"ListItem\",\"position\":3,\"name\":\"P\u00f5randapesuvahend &#8211; Note di Pulito\"}]},{\"@type\":\"WebSite\",\"@id\":\"https:\/\/lavanno.com\/en\/#website\",\"url\":\"https:\/\/lavanno.com\/en\/\",\"name\":\"Lavanno - Pesuvahendite ekspert\",\"description\":\"Toome maale ja m\u00fc\u00fcme tekstiili pesuvahendeid, pesumajaseadmeid ja tarvikuid. Hooldame ja konsulteerime.\",\"publisher\":{\"@id\":\"https:\/\/lavanno.com\/en\/#organization\"},\"potentialAction\":[{\"@type\":\"SearchAction\",\"target\":{\"@type\":\"EntryPoint\",\"urlTemplate\":\"https:\/\/lavanno.com\/en\/?s={search_term_string}\"},\"query-input\":{\"@type\":\"PropertyValueSpecification\",\"valueRequired\":true,\"valueName\":\"search_term_string\"}}],\"inLanguage\":\"en-US\"},{\"@type\":\"Organization\",\"@id\":\"https:\/\/lavanno.com\/en\/#organization\",\"name\":\"Lavanno - Pesuvahendite ekspert\",\"url\":\"https:\/\/lavanno.com\/en\/\",\"logo\":{\"@type\":\"ImageObject\",\"inLanguage\":\"en-US\",\"@id\":\"https:\/\/lavanno.com\/en\/#\/schema\/logo\/image\/\",\"url\":\"https:\/\/lavanno.com\/wp-content\/uploads\/2025\/07\/Lavanno.png\",\"contentUrl\":\"https:\/\/lavanno.com\/wp-content\/uploads\/2025\/07\/Lavanno.png\",\"width\":1200,\"height\":1200,\"caption\":\"Lavanno - Pesuvahendite ekspert\"},\"image\":{\"@id\":\"https:\/\/lavanno.com\/en\/#\/schema\/logo\/image\/\"},\"sameAs\":[\"https:\/\/www.facebook.com\/Lavanno.ee\"]}]}<\/script>\n<!-- \/ Yoast SEO plugin. -->","yoast_head_json":{"title":"P\u00f5randapesuvahend - Note di Pulito - Lavanno - pesuvahendite ekspert","robots":{"index":"index","follow":"follow","max-snippet":"max-snippet:-1","max-image-preview":"max-image-preview:large","max-video-preview":"max-video-preview:-1"},"canonical":"https:\/\/lavanno.com\/en\/toode\/porandapesuvahend-note-di-pulito\/","og_locale":"en_US","og_type":"article","og_title":"P\u00f5randapesuvahend - Note di Pulito - Lavanno - pesuvahendite ekspert","og_description":"Professionaalne neutraalse v\u00e4rske l\u00f5hnaga puhastusaine p\u00f5randate ja pindade puhastamiseks.  Toimeaine suur sisaldus tagab t\u00f5husa rasvaeemalduse Neutraalne pH, sobib igat liiki p\u00f5randatele Intensiivne ja kauakestev l\u00f5hn Tagab h\u00fcgieenilisuse Loputamine pole vajalik Vaid kaks korgit\u00e4it tagavad p\u00f5hjalikuma puhastuse ja kauakestva l\u00f5hna","og_url":"https:\/\/lavanno.com\/en\/toode\/porandapesuvahend-note-di-pulito\/","og_site_name":"Lavanno - pesuvahendite ekspert","article_publisher":"https:\/\/www.facebook.com\/Lavanno.ee","article_modified_time":"2026-04-07T06:15:01+00:00","og_image":[{"width":800,"height":800,"url":"https:\/\/lavanno.com\/wp-content\/uploads\/2025\/02\/a85-025dx12pavimenti_note_di_pulito_1lt-1.png","type":"image\/png"}],"twitter_card":"summary_large_image","schema":{"@context":"https:\/\/schema.org","@graph":[{"@type":"WebPage","@id":"https:\/\/lavanno.com\/en\/toode\/porandapesuvahend-note-di-pulito\/","url":"https:\/\/lavanno.com\/en\/toode\/porandapesuvahend-note-di-pulito\/","name":"P\u00f5randapesuvahend - Note di Pulito - Lavanno - pesuvahendite ekspert","isPartOf":{"@id":"https:\/\/lavanno.com\/en\/#website"},"primaryImageOfPage":{"@id":"https:\/\/lavanno.com\/en\/toode\/porandapesuvahend-note-di-pulito\/#primaryimage"},"image":{"@id":"https:\/\/lavanno.com\/en\/toode\/porandapesuvahend-note-di-pulito\/#primaryimage"},"thumbnailUrl":"https:\/\/lavanno.com\/wp-content\/uploads\/2025\/02\/a85-025dx12pavimenti_note_di_pulito_1lt-1.png","datePublished":"2025-02-10T06:17:34+00:00","dateModified":"2026-04-07T06:15:01+00:00","breadcrumb":{"@id":"https:\/\/lavanno.com\/en\/toode\/porandapesuvahend-note-di-pulito\/#breadcrumb"},"inLanguage":"en-US","potentialAction":[{"@type":"ReadAction","target":["https:\/\/lavanno.com\/en\/toode\/porandapesuvahend-note-di-pulito\/"]}]},{"@type":"ImageObject","inLanguage":"en-US","@id":"https:\/\/lavanno.com\/en\/toode\/porandapesuvahend-note-di-pulito\/#primaryimage","url":"https:\/\/lavanno.com\/wp-content\/uploads\/2025\/02\/a85-025dx12pavimenti_note_di_pulito_1lt-1.png","contentUrl":"https:\/\/lavanno.com\/wp-content\/uploads\/2025\/02\/a85-025dx12pavimenti_note_di_pulito_1lt-1.png","width":800,"height":800},{"@type":"BreadcrumbList","@id":"https:\/\/lavanno.com\/en\/toode\/porandapesuvahend-note-di-pulito\/#breadcrumb","itemListElement":[{"@type":"ListItem","position":1,"name":"Home","item":"https:\/\/lavanno.com\/en\/"},{"@type":"ListItem","position":2,"name":"E-pood","item":"https:\/\/lavanno.com\/e-pood\/"},{"@type":"ListItem","position":3,"name":"P\u00f5randapesuvahend &#8211; Note di Pulito"}]},{"@type":"WebSite","@id":"https:\/\/lavanno.com\/en\/#website","url":"https:\/\/lavanno.com\/en\/","name":"Lavanno - Pesuvahendite ekspert","description":"Toome maale ja m\u00fc\u00fcme tekstiili pesuvahendeid, pesumajaseadmeid ja tarvikuid. Hooldame ja konsulteerime.","publisher":{"@id":"https:\/\/lavanno.com\/en\/#organization"},"potentialAction":[{"@type":"SearchAction","target":{"@type":"EntryPoint","urlTemplate":"https:\/\/lavanno.com\/en\/?s={search_term_string}"},"query-input":{"@type":"PropertyValueSpecification","valueRequired":true,"valueName":"search_term_string"}}],"inLanguage":"en-US"},{"@type":"Organization","@id":"https:\/\/lavanno.com\/en\/#organization","name":"Lavanno - Pesuvahendite ekspert","url":"https:\/\/lavanno.com\/en\/","logo":{"@type":"ImageObject","inLanguage":"en-US","@id":"https:\/\/lavanno.com\/en\/#\/schema\/logo\/image\/","url":"https:\/\/lavanno.com\/wp-content\/uploads\/2025\/07\/Lavanno.png","contentUrl":"https:\/\/lavanno.com\/wp-content\/uploads\/2025\/07\/Lavanno.png","width":1200,"height":1200,"caption":"Lavanno - Pesuvahendite ekspert"},"image":{"@id":"https:\/\/lavanno.com\/en\/#\/schema\/logo\/image\/"},"sameAs":["https:\/\/www.facebook.com\/Lavanno.ee"]}]}},"_links":{"self":[{"href":"https:\/\/lavanno.com\/en\/wp-json\/wp\/v2\/product\/4970","targetHints":{"allow":["GET"]}}],"collection":[{"href":"https:\/\/lavanno.com\/en\/wp-json\/wp\/v2\/product"}],"about":[{"href":"https:\/\/lavanno.com\/en\/wp-json\/wp\/v2\/types\/product"}],"replies":[{"embeddable":true,"href":"https:\/\/lavanno.com\/en\/wp-json\/wp\/v2\/comments?post=4970"}],"wp:featuredmedia":[{"embeddable":true,"href":"https:\/\/lavanno.com\/en\/wp-json\/wp\/v2\/media\/5507"}],"wp:attachment":[{"href":"https:\/\/lavanno.com\/en\/wp-json\/wp\/v2\/media?parent=4970"}],"wp:term":[{"taxonomy":"product_brand","embeddable":true,"href":"https:\/\/lavanno.com\/en\/wp-json\/wp\/v2\/product_brand?post=4970"},{"taxonomy":"product_cat","embeddable":true,"href":"https:\/\/lavanno.com\/en\/wp-json\/wp\/v2\/product_cat?post=4970"},{"taxonomy":"product_tag","embeddable":true,"href":"https:\/\/lavanno.com\/en\/wp-json\/wp\/v2\/product_tag?post=4970"}],"curies":[{"name":"wp","href":"https:\/\/api.w.org\/{rel}","templated":true}]}}