{"id":4988,"date":"2025-02-10T08:17:42","date_gmt":"2025-02-10T06:17:42","guid":{"rendered":"https:\/\/lavanno.com\/product\/note-di-pulito-universaalne-pesuaine-varske-puhas-pesu\/"},"modified":"2026-05-02T14:25:04","modified_gmt":"2026-05-02T11:25:04","slug":"note-di-pulito-universaalne-pesuaine-varske-puhas-pesu","status":"publish","type":"product","link":"https:\/\/lavanno.com\/en\/toode\/note-di-pulito-universaalne-pesuaine-varske-puhas-pesu\/","title":{"rendered":"Note Di Pulito &#8211; Universaalne pesuaine (V\u00e4rske Puhas Pesu)"},"content":{"rendered":"<p><strong>Spetsifikatsioon<\/strong><\/p>\n<p><strong>Kasutamine<\/strong><\/p>\n<p>Lisa pesuvahend pesumasina pesuainesahtlisse, kui masin on t\u00e4ielikult t\u00e4idetud. Sobib kasutamiseks nii k\u00e4sipesuks kui ka masinpesuks.<\/p>\n<p><strong>Koostisosad\u00a0<\/strong><\/p>\n<p data-start=\"698\" data-end=\"782\">Vesi, gl\u00fctseriin, naatriumlaureetsulfaat, C13\u201315 pareth-7, kokamiid DEA, naatriumtsitraat, l\u00f5hnaaine, trietanoolamiin, naatriumdodek\u00fc\u00fclbenseensulfonaat, PVP, dietanoolamiin, kokamidoprop\u00fc\u00fclbetaiin, tsellulaas, et\u00fcleenbrass\u00fclaat, dimetikoon, 2-tert-but\u00fc\u00fclts\u00fckloheks\u00fc\u00fclatsetaat, bens\u00fc\u00fclsalits\u00fclaat, fenet\u00fc\u00fclalkohol, heks\u00fc\u00fclkinnamaal, tetramet\u00fc\u00fclatset\u00fc\u00fcloktah\u00fcdronaftaleenid, steareth-21, v\u00e4rvaine CI 74180, h\u00fcdroks\u00fctsitronellaal, alfa-isomet\u00fc\u00fc\u00fclionoon, eugenool, kumariin, geraniool, tsitronellool, linalool, limoneen, met\u00fc\u00fclkloroisotiasolinoon, met\u00fc\u00fclisotiasolinoon, isoeugenool.<\/p>\n<p>S\u00e4ilitusained:<br \/>\nMet\u00fc\u00fclkloroisotiasolinoon ja met\u00fc\u00fclisotiasolinoon 0,00075%.<\/p>\n<p><strong>Funktsioon<\/strong><\/p>\n<p>V\u00e4rve s\u00e4ilitav pesuvahend<\/p>\n<p><a href=\"https:\/\/lavanno.com\/wp-content\/uploads\/2025\/09\/A39-525Hygienfresh_Detergente_Note_di_PulitoRel10ETSDS.pdf\" target=\"_blank\" rel=\"noopener\">Ohutuskaart<\/a><\/p>\n<p>&nbsp;<\/p>\n<p>&nbsp;<\/p>\n","protected":false},"excerpt":{"rendered":"<p data-start=\"444\" data-end=\"713\">Note di Pulito Detergent on l\u00f5hnastatud pesuvahend valgetele ja v\u00e4rvilistele r\u00f5ivastele, mis eemaldab t\u00f5husalt plekid ning neutraliseerib ebameeldivad l\u00f5hnad. Pesu j\u00e4\u00e4b meeldivalt v\u00e4rske ja kauakestva puhta pesu l\u00f5hnaga.<\/p>\n<p>Toode sisaldab spetsiaalseid ens\u00fc\u00fcme, mis aitavad tugevdada ja s\u00e4ilitada r\u00f5ivaste v\u00e4rve, olles samal ajal \u00f5rn nii kangastele kui ka kiududele. Pesuvahend hooldab tekstiile, parandab kiudude elastsust ning aitab ennetada puuvillakiudude topiliseks muutumist.<\/p>\n<ul>\n<li>Eemaldab t\u00f5husalt plekid<\/li>\n<li>V\u00e4rvide ja kangaste suhtes \u00f5rn<\/li>\n<li>Venitab kiude<\/li>\n<li>Ei sisalda fosfaate, silikaate ega leeliseid<\/li>\n<li>Uus ja meeldiv l\u00f5hn<\/li>\n<\/ul>\n","protected":false},"featured_media":5269,"comment_status":"open","ping_status":"closed","template":"","meta":[],"product_brand":[],"product_cat":[506,525,546,548,520,547],"product_tag":[850,835],"class_list":{"0":"post-4988","1":"product","2":"type-product","3":"status-publish","4":"has-post-thumbnail","6":"product_cat-ariklient","7":"product_cat-vesipesuvahendid","8":"product_cat-pesuained","9":"product_cat-spetsiifilised-puhastusvahendid","10":"product_cat-eraklient","11":"product_cat-pesuvahendid-eraklient","12":"product_tag-kodumajapidamine","13":"product_tag-pesumajad","15":"first","16":"instock","17":"taxable","18":"shipping-taxable","19":"purchasable","20":"product-type-variable"},"yoast_head":"<!-- This site is optimized with the Yoast SEO plugin v27.0 - https:\/\/yoast.com\/product\/yoast-seo-wordpress\/ -->\n<title>Note Di Pulito - Universaalne pesuaine (V\u00e4rske Puhas Pesu) - Lavanno - pesuvahendite ekspert<\/title>\n<meta name=\"description\" content=\"Note di Pulito pesuaine valgele ja v\u00e4rvilisele pesule. Eemaldab plekid ja ebameeldivad l\u00f5hnad, hoiab v\u00e4rve ja kiude, fosfaadivaba, meeldiva l\u00f5hnaga.\" \/>\n<meta name=\"robots\" content=\"index, follow, max-snippet:-1, max-image-preview:large, max-video-preview:-1\" \/>\n<link rel=\"canonical\" href=\"https:\/\/lavanno.com\/en\/toode\/note-di-pulito-universaalne-pesuaine-varske-puhas-pesu\/\" \/>\n<meta property=\"og:locale\" content=\"en_US\" \/>\n<meta property=\"og:type\" content=\"article\" \/>\n<meta property=\"og:title\" content=\"Note Di Pulito - Universaalne pesuaine (V\u00e4rske Puhas Pesu) - Lavanno - pesuvahendite ekspert\" \/>\n<meta property=\"og:description\" content=\"Note di Pulito pesuaine valgele ja v\u00e4rvilisele pesule. Eemaldab plekid ja ebameeldivad l\u00f5hnad, hoiab v\u00e4rve ja kiude, fosfaadivaba, meeldiva l\u00f5hnaga.\" \/>\n<meta property=\"og:url\" content=\"https:\/\/lavanno.com\/en\/toode\/note-di-pulito-universaalne-pesuaine-varske-puhas-pesu\/\" \/>\n<meta property=\"og:site_name\" content=\"Lavanno - pesuvahendite ekspert\" \/>\n<meta property=\"article:publisher\" content=\"https:\/\/www.facebook.com\/Lavanno.ee\" \/>\n<meta property=\"article:modified_time\" content=\"2026-05-02T11:25:04+00:00\" \/>\n<meta property=\"og:image\" content=\"https:\/\/lavanno.com\/wp-content\/uploads\/2025\/02\/a39-525detergente_notedipulito_groupage-1.png\" \/>\n\t<meta property=\"og:image:width\" content=\"800\" \/>\n\t<meta property=\"og:image:height\" content=\"800\" \/>\n\t<meta property=\"og:image:type\" content=\"image\/png\" \/>\n<meta name=\"twitter:card\" content=\"summary_large_image\" \/>\n<meta name=\"twitter:label1\" content=\"Est. reading time\" \/>\n\t<meta name=\"twitter:data1\" content=\"1 minute\" \/>\n<script type=\"application\/ld+json\" class=\"yoast-schema-graph\">{\"@context\":\"https:\/\/schema.org\",\"@graph\":[{\"@type\":\"WebPage\",\"@id\":\"https:\/\/lavanno.com\/en\/toode\/note-di-pulito-universaalne-pesuaine-varske-puhas-pesu\/\",\"url\":\"https:\/\/lavanno.com\/en\/toode\/note-di-pulito-universaalne-pesuaine-varske-puhas-pesu\/\",\"name\":\"Note Di Pulito - Universaalne pesuaine (V\u00e4rske Puhas Pesu) - Lavanno - pesuvahendite ekspert\",\"isPartOf\":{\"@id\":\"https:\/\/lavanno.com\/en\/#website\"},\"primaryImageOfPage\":{\"@id\":\"https:\/\/lavanno.com\/en\/toode\/note-di-pulito-universaalne-pesuaine-varske-puhas-pesu\/#primaryimage\"},\"image\":{\"@id\":\"https:\/\/lavanno.com\/en\/toode\/note-di-pulito-universaalne-pesuaine-varske-puhas-pesu\/#primaryimage\"},\"thumbnailUrl\":\"https:\/\/lavanno.com\/wp-content\/uploads\/2025\/02\/a39-525detergente_notedipulito_groupage-1.png\",\"datePublished\":\"2025-02-10T06:17:42+00:00\",\"dateModified\":\"2026-05-02T11:25:04+00:00\",\"description\":\"Note di Pulito pesuaine valgele ja v\u00e4rvilisele pesule. Eemaldab plekid ja ebameeldivad l\u00f5hnad, hoiab v\u00e4rve ja kiude, fosfaadivaba, meeldiva l\u00f5hnaga.\",\"breadcrumb\":{\"@id\":\"https:\/\/lavanno.com\/en\/toode\/note-di-pulito-universaalne-pesuaine-varske-puhas-pesu\/#breadcrumb\"},\"inLanguage\":\"en-US\",\"potentialAction\":[{\"@type\":\"ReadAction\",\"target\":[\"https:\/\/lavanno.com\/en\/toode\/note-di-pulito-universaalne-pesuaine-varske-puhas-pesu\/\"]}]},{\"@type\":\"ImageObject\",\"inLanguage\":\"en-US\",\"@id\":\"https:\/\/lavanno.com\/en\/toode\/note-di-pulito-universaalne-pesuaine-varske-puhas-pesu\/#primaryimage\",\"url\":\"https:\/\/lavanno.com\/wp-content\/uploads\/2025\/02\/a39-525detergente_notedipulito_groupage-1.png\",\"contentUrl\":\"https:\/\/lavanno.com\/wp-content\/uploads\/2025\/02\/a39-525detergente_notedipulito_groupage-1.png\",\"width\":800,\"height\":800},{\"@type\":\"BreadcrumbList\",\"@id\":\"https:\/\/lavanno.com\/en\/toode\/note-di-pulito-universaalne-pesuaine-varske-puhas-pesu\/#breadcrumb\",\"itemListElement\":[{\"@type\":\"ListItem\",\"position\":1,\"name\":\"Home\",\"item\":\"https:\/\/lavanno.com\/en\/\"},{\"@type\":\"ListItem\",\"position\":2,\"name\":\"E-pood\",\"item\":\"https:\/\/lavanno.com\/e-pood\/\"},{\"@type\":\"ListItem\",\"position\":3,\"name\":\"Note Di Pulito &#8211; Universaalne pesuaine (V\u00e4rske Puhas Pesu)\"}]},{\"@type\":\"WebSite\",\"@id\":\"https:\/\/lavanno.com\/en\/#website\",\"url\":\"https:\/\/lavanno.com\/en\/\",\"name\":\"Lavanno - Pesuvahendite ekspert\",\"description\":\"Toome maale ja m\u00fc\u00fcme tekstiili pesuvahendeid, pesumajaseadmeid ja tarvikuid. Hooldame ja konsulteerime.\",\"publisher\":{\"@id\":\"https:\/\/lavanno.com\/en\/#organization\"},\"potentialAction\":[{\"@type\":\"SearchAction\",\"target\":{\"@type\":\"EntryPoint\",\"urlTemplate\":\"https:\/\/lavanno.com\/en\/?s={search_term_string}\"},\"query-input\":{\"@type\":\"PropertyValueSpecification\",\"valueRequired\":true,\"valueName\":\"search_term_string\"}}],\"inLanguage\":\"en-US\"},{\"@type\":\"Organization\",\"@id\":\"https:\/\/lavanno.com\/en\/#organization\",\"name\":\"Lavanno - Pesuvahendite ekspert\",\"url\":\"https:\/\/lavanno.com\/en\/\",\"logo\":{\"@type\":\"ImageObject\",\"inLanguage\":\"en-US\",\"@id\":\"https:\/\/lavanno.com\/en\/#\/schema\/logo\/image\/\",\"url\":\"https:\/\/lavanno.com\/wp-content\/uploads\/2025\/07\/Lavanno.png\",\"contentUrl\":\"https:\/\/lavanno.com\/wp-content\/uploads\/2025\/07\/Lavanno.png\",\"width\":1200,\"height\":1200,\"caption\":\"Lavanno - Pesuvahendite ekspert\"},\"image\":{\"@id\":\"https:\/\/lavanno.com\/en\/#\/schema\/logo\/image\/\"},\"sameAs\":[\"https:\/\/www.facebook.com\/Lavanno.ee\"]}]}<\/script>\n<!-- \/ Yoast SEO plugin. -->","yoast_head_json":{"title":"Note Di Pulito - Universaalne pesuaine (V\u00e4rske Puhas Pesu) - Lavanno - pesuvahendite ekspert","description":"Note di Pulito pesuaine valgele ja v\u00e4rvilisele pesule. Eemaldab plekid ja ebameeldivad l\u00f5hnad, hoiab v\u00e4rve ja kiude, fosfaadivaba, meeldiva l\u00f5hnaga.","robots":{"index":"index","follow":"follow","max-snippet":"max-snippet:-1","max-image-preview":"max-image-preview:large","max-video-preview":"max-video-preview:-1"},"canonical":"https:\/\/lavanno.com\/en\/toode\/note-di-pulito-universaalne-pesuaine-varske-puhas-pesu\/","og_locale":"en_US","og_type":"article","og_title":"Note Di Pulito - Universaalne pesuaine (V\u00e4rske Puhas Pesu) - Lavanno - pesuvahendite ekspert","og_description":"Note di Pulito pesuaine valgele ja v\u00e4rvilisele pesule. Eemaldab plekid ja ebameeldivad l\u00f5hnad, hoiab v\u00e4rve ja kiude, fosfaadivaba, meeldiva l\u00f5hnaga.","og_url":"https:\/\/lavanno.com\/en\/toode\/note-di-pulito-universaalne-pesuaine-varske-puhas-pesu\/","og_site_name":"Lavanno - pesuvahendite ekspert","article_publisher":"https:\/\/www.facebook.com\/Lavanno.ee","article_modified_time":"2026-05-02T11:25:04+00:00","og_image":[{"width":800,"height":800,"url":"https:\/\/lavanno.com\/wp-content\/uploads\/2025\/02\/a39-525detergente_notedipulito_groupage-1.png","type":"image\/png"}],"twitter_card":"summary_large_image","twitter_misc":{"Est. reading time":"1 minute"},"schema":{"@context":"https:\/\/schema.org","@graph":[{"@type":"WebPage","@id":"https:\/\/lavanno.com\/en\/toode\/note-di-pulito-universaalne-pesuaine-varske-puhas-pesu\/","url":"https:\/\/lavanno.com\/en\/toode\/note-di-pulito-universaalne-pesuaine-varske-puhas-pesu\/","name":"Note Di Pulito - Universaalne pesuaine (V\u00e4rske Puhas Pesu) - Lavanno - pesuvahendite ekspert","isPartOf":{"@id":"https:\/\/lavanno.com\/en\/#website"},"primaryImageOfPage":{"@id":"https:\/\/lavanno.com\/en\/toode\/note-di-pulito-universaalne-pesuaine-varske-puhas-pesu\/#primaryimage"},"image":{"@id":"https:\/\/lavanno.com\/en\/toode\/note-di-pulito-universaalne-pesuaine-varske-puhas-pesu\/#primaryimage"},"thumbnailUrl":"https:\/\/lavanno.com\/wp-content\/uploads\/2025\/02\/a39-525detergente_notedipulito_groupage-1.png","datePublished":"2025-02-10T06:17:42+00:00","dateModified":"2026-05-02T11:25:04+00:00","description":"Note di Pulito pesuaine valgele ja v\u00e4rvilisele pesule. Eemaldab plekid ja ebameeldivad l\u00f5hnad, hoiab v\u00e4rve ja kiude, fosfaadivaba, meeldiva l\u00f5hnaga.","breadcrumb":{"@id":"https:\/\/lavanno.com\/en\/toode\/note-di-pulito-universaalne-pesuaine-varske-puhas-pesu\/#breadcrumb"},"inLanguage":"en-US","potentialAction":[{"@type":"ReadAction","target":["https:\/\/lavanno.com\/en\/toode\/note-di-pulito-universaalne-pesuaine-varske-puhas-pesu\/"]}]},{"@type":"ImageObject","inLanguage":"en-US","@id":"https:\/\/lavanno.com\/en\/toode\/note-di-pulito-universaalne-pesuaine-varske-puhas-pesu\/#primaryimage","url":"https:\/\/lavanno.com\/wp-content\/uploads\/2025\/02\/a39-525detergente_notedipulito_groupage-1.png","contentUrl":"https:\/\/lavanno.com\/wp-content\/uploads\/2025\/02\/a39-525detergente_notedipulito_groupage-1.png","width":800,"height":800},{"@type":"BreadcrumbList","@id":"https:\/\/lavanno.com\/en\/toode\/note-di-pulito-universaalne-pesuaine-varske-puhas-pesu\/#breadcrumb","itemListElement":[{"@type":"ListItem","position":1,"name":"Home","item":"https:\/\/lavanno.com\/en\/"},{"@type":"ListItem","position":2,"name":"E-pood","item":"https:\/\/lavanno.com\/e-pood\/"},{"@type":"ListItem","position":3,"name":"Note Di Pulito &#8211; Universaalne pesuaine (V\u00e4rske Puhas Pesu)"}]},{"@type":"WebSite","@id":"https:\/\/lavanno.com\/en\/#website","url":"https:\/\/lavanno.com\/en\/","name":"Lavanno - Pesuvahendite ekspert","description":"Toome maale ja m\u00fc\u00fcme tekstiili pesuvahendeid, pesumajaseadmeid ja tarvikuid. Hooldame ja konsulteerime.","publisher":{"@id":"https:\/\/lavanno.com\/en\/#organization"},"potentialAction":[{"@type":"SearchAction","target":{"@type":"EntryPoint","urlTemplate":"https:\/\/lavanno.com\/en\/?s={search_term_string}"},"query-input":{"@type":"PropertyValueSpecification","valueRequired":true,"valueName":"search_term_string"}}],"inLanguage":"en-US"},{"@type":"Organization","@id":"https:\/\/lavanno.com\/en\/#organization","name":"Lavanno - Pesuvahendite ekspert","url":"https:\/\/lavanno.com\/en\/","logo":{"@type":"ImageObject","inLanguage":"en-US","@id":"https:\/\/lavanno.com\/en\/#\/schema\/logo\/image\/","url":"https:\/\/lavanno.com\/wp-content\/uploads\/2025\/07\/Lavanno.png","contentUrl":"https:\/\/lavanno.com\/wp-content\/uploads\/2025\/07\/Lavanno.png","width":1200,"height":1200,"caption":"Lavanno - Pesuvahendite ekspert"},"image":{"@id":"https:\/\/lavanno.com\/en\/#\/schema\/logo\/image\/"},"sameAs":["https:\/\/www.facebook.com\/Lavanno.ee"]}]}},"_links":{"self":[{"href":"https:\/\/lavanno.com\/en\/wp-json\/wp\/v2\/product\/4988","targetHints":{"allow":["GET"]}}],"collection":[{"href":"https:\/\/lavanno.com\/en\/wp-json\/wp\/v2\/product"}],"about":[{"href":"https:\/\/lavanno.com\/en\/wp-json\/wp\/v2\/types\/product"}],"replies":[{"embeddable":true,"href":"https:\/\/lavanno.com\/en\/wp-json\/wp\/v2\/comments?post=4988"}],"wp:featuredmedia":[{"embeddable":true,"href":"https:\/\/lavanno.com\/en\/wp-json\/wp\/v2\/media\/5269"}],"wp:attachment":[{"href":"https:\/\/lavanno.com\/en\/wp-json\/wp\/v2\/media?parent=4988"}],"wp:term":[{"taxonomy":"product_brand","embeddable":true,"href":"https:\/\/lavanno.com\/en\/wp-json\/wp\/v2\/product_brand?post=4988"},{"taxonomy":"product_cat","embeddable":true,"href":"https:\/\/lavanno.com\/en\/wp-json\/wp\/v2\/product_cat?post=4988"},{"taxonomy":"product_tag","embeddable":true,"href":"https:\/\/lavanno.com\/en\/wp-json\/wp\/v2\/product_tag?post=4988"}],"curies":[{"name":"wp","href":"https:\/\/api.w.org\/{rel}","templated":true}]}}