{"id":5003,"date":"2025-02-10T08:17:43","date_gmt":"2025-02-10T06:17:43","guid":{"rendered":"https:\/\/lavanno.com\/product\/ensumaatiline-noudepesumasina-geel\/"},"modified":"2026-05-02T14:25:04","modified_gmt":"2026-05-02T11:25:04","slug":"ensumaatiline-noudepesumasina-geel","status":"publish","type":"product","link":"https:\/\/lavanno.com\/en\/toode\/ensumaatiline-noudepesumasina-geel\/","title":{"rendered":"Ens\u00fcmaatiline n\u00f5udepesumasina geel"},"content":{"rendered":"","protected":false},"excerpt":{"rendered":"<p>Kontsentreeritud n\u00f5udepesugeel multi-ens\u00fcmaatilise valemi ja Brasiilia laimi l\u00f5hnaga.<\/p>\n<p>MULTI-ENS\u00dcMAATILINE rasvaeemaldustoime igasuguste n\u00f5udele j\u00e4\u00e4nud toiduosakeste vastu.<\/p>\n<p>N\u00d5UDEPESUMASINA-HOOLDUSVALEM seadme igap\u00e4evaseks hoolduseks.<\/p>\n<p>KIRGASTAV TOIMING l\u00e4ikivate n\u00f5ude ja klaaside jaoks juba p\u00e4rast esimest pesu.<\/p>\n<p>L\u00d5HNAVASTANE TOIMING t\u00e4nu v\u00e4rskele Brasiilia laimi l\u00f5hnale.<\/p>\n<p>4 \u00fches \u2013 pesuaine, valgendi, n\u00f5udepesumasina hooldus, parf\u00fc\u00fcm<\/p>\n","protected":false},"featured_media":5839,"comment_status":"open","ping_status":"closed","template":"","meta":[],"product_brand":[],"product_cat":[506,552,591,520,551],"product_tag":[],"class_list":{"0":"post-5003","1":"product","2":"type-product","3":"status-publish","4":"has-post-thumbnail","6":"product_cat-ariklient","7":"product_cat-aripindade-hooldus","8":"product_cat-noudepesuvahendid","9":"product_cat-eraklient","10":"product_cat-koduhooldus-eraklient","12":"first","13":"instock","14":"taxable","15":"shipping-taxable","16":"purchasable","17":"product-type-variable"},"yoast_head":"<!-- This site is optimized with the Yoast SEO plugin v27.0 - https:\/\/yoast.com\/product\/yoast-seo-wordpress\/ -->\n<title>Ens\u00fcmaatiline n\u00f5udepesumasina geel - Lavanno - pesuvahendite ekspert<\/title>\n<meta name=\"robots\" content=\"index, follow, max-snippet:-1, max-image-preview:large, max-video-preview:-1\" \/>\n<link rel=\"canonical\" href=\"https:\/\/lavanno.com\/en\/toode\/ensumaatiline-noudepesumasina-geel\/\" \/>\n<meta property=\"og:locale\" content=\"en_US\" \/>\n<meta property=\"og:type\" content=\"article\" \/>\n<meta property=\"og:title\" content=\"Ens\u00fcmaatiline n\u00f5udepesumasina geel - Lavanno - pesuvahendite ekspert\" \/>\n<meta property=\"og:description\" content=\"Kontsentreeritud n\u00f5udepesugeel multi-ens\u00fcmaatilise valemi ja Brasiilia laimi l\u00f5hnaga.  MULTI-ENS\u00dcMAATILINE rasvaeemaldustoime igasuguste n\u00f5udele j\u00e4\u00e4nud toiduosakeste vastu.  N\u00d5UDEPESUMASINA-HOOLDUSVALEM seadme igap\u00e4evaseks hoolduseks.  KIRGASTAV TOIMING l\u00e4ikivate n\u00f5ude ja klaaside jaoks juba p\u00e4rast esimest pesu.  L\u00d5HNAVASTANE TOIMING t\u00e4nu v\u00e4rskele Brasiilia laimi l\u00f5hnale.  4 \u00fches \u2013 pesuaine, valgendi, n\u00f5udepesumasina hooldus, parf\u00fc\u00fcm\" \/>\n<meta property=\"og:url\" content=\"https:\/\/lavanno.com\/en\/toode\/ensumaatiline-noudepesumasina-geel\/\" \/>\n<meta property=\"og:site_name\" content=\"Lavanno - pesuvahendite ekspert\" \/>\n<meta property=\"article:publisher\" content=\"https:\/\/www.facebook.com\/Lavanno.ee\" \/>\n<meta property=\"article:modified_time\" content=\"2026-05-02T11:25:04+00:00\" \/>\n<meta property=\"og:image\" content=\"https:\/\/lavanno.com\/wp-content\/uploads\/2025\/02\/a87-200lavastoviglie_groupage-1.png\" \/>\n\t<meta property=\"og:image:width\" content=\"800\" \/>\n\t<meta property=\"og:image:height\" content=\"800\" \/>\n\t<meta property=\"og:image:type\" content=\"image\/png\" \/>\n<meta name=\"twitter:card\" content=\"summary_large_image\" \/>\n<meta name=\"twitter:label1\" content=\"Est. reading time\" \/>\n\t<meta name=\"twitter:data1\" content=\"1 minute\" \/>\n<script type=\"application\/ld+json\" class=\"yoast-schema-graph\">{\"@context\":\"https:\/\/schema.org\",\"@graph\":[{\"@type\":\"WebPage\",\"@id\":\"https:\/\/lavanno.com\/en\/toode\/ensumaatiline-noudepesumasina-geel\/\",\"url\":\"https:\/\/lavanno.com\/en\/toode\/ensumaatiline-noudepesumasina-geel\/\",\"name\":\"Ens\u00fcmaatiline n\u00f5udepesumasina geel - Lavanno - pesuvahendite ekspert\",\"isPartOf\":{\"@id\":\"https:\/\/lavanno.com\/en\/#website\"},\"primaryImageOfPage\":{\"@id\":\"https:\/\/lavanno.com\/en\/toode\/ensumaatiline-noudepesumasina-geel\/#primaryimage\"},\"image\":{\"@id\":\"https:\/\/lavanno.com\/en\/toode\/ensumaatiline-noudepesumasina-geel\/#primaryimage\"},\"thumbnailUrl\":\"https:\/\/lavanno.com\/wp-content\/uploads\/2025\/02\/a87-200lavastoviglie_groupage-1.png\",\"datePublished\":\"2025-02-10T06:17:43+00:00\",\"dateModified\":\"2026-05-02T11:25:04+00:00\",\"breadcrumb\":{\"@id\":\"https:\/\/lavanno.com\/en\/toode\/ensumaatiline-noudepesumasina-geel\/#breadcrumb\"},\"inLanguage\":\"en-US\",\"potentialAction\":[{\"@type\":\"ReadAction\",\"target\":[\"https:\/\/lavanno.com\/en\/toode\/ensumaatiline-noudepesumasina-geel\/\"]}]},{\"@type\":\"ImageObject\",\"inLanguage\":\"en-US\",\"@id\":\"https:\/\/lavanno.com\/en\/toode\/ensumaatiline-noudepesumasina-geel\/#primaryimage\",\"url\":\"https:\/\/lavanno.com\/wp-content\/uploads\/2025\/02\/a87-200lavastoviglie_groupage-1.png\",\"contentUrl\":\"https:\/\/lavanno.com\/wp-content\/uploads\/2025\/02\/a87-200lavastoviglie_groupage-1.png\",\"width\":800,\"height\":800},{\"@type\":\"BreadcrumbList\",\"@id\":\"https:\/\/lavanno.com\/en\/toode\/ensumaatiline-noudepesumasina-geel\/#breadcrumb\",\"itemListElement\":[{\"@type\":\"ListItem\",\"position\":1,\"name\":\"Home\",\"item\":\"https:\/\/lavanno.com\/en\/\"},{\"@type\":\"ListItem\",\"position\":2,\"name\":\"E-pood\",\"item\":\"https:\/\/lavanno.com\/e-pood\/\"},{\"@type\":\"ListItem\",\"position\":3,\"name\":\"Ens\u00fcmaatiline n\u00f5udepesumasina geel\"}]},{\"@type\":\"WebSite\",\"@id\":\"https:\/\/lavanno.com\/en\/#website\",\"url\":\"https:\/\/lavanno.com\/en\/\",\"name\":\"Lavanno - Pesuvahendite ekspert\",\"description\":\"Toome maale ja m\u00fc\u00fcme tekstiili pesuvahendeid, pesumajaseadmeid ja tarvikuid. Hooldame ja konsulteerime.\",\"publisher\":{\"@id\":\"https:\/\/lavanno.com\/en\/#organization\"},\"potentialAction\":[{\"@type\":\"SearchAction\",\"target\":{\"@type\":\"EntryPoint\",\"urlTemplate\":\"https:\/\/lavanno.com\/en\/?s={search_term_string}\"},\"query-input\":{\"@type\":\"PropertyValueSpecification\",\"valueRequired\":true,\"valueName\":\"search_term_string\"}}],\"inLanguage\":\"en-US\"},{\"@type\":\"Organization\",\"@id\":\"https:\/\/lavanno.com\/en\/#organization\",\"name\":\"Lavanno - Pesuvahendite ekspert\",\"url\":\"https:\/\/lavanno.com\/en\/\",\"logo\":{\"@type\":\"ImageObject\",\"inLanguage\":\"en-US\",\"@id\":\"https:\/\/lavanno.com\/en\/#\/schema\/logo\/image\/\",\"url\":\"https:\/\/lavanno.com\/wp-content\/uploads\/2025\/07\/Lavanno.png\",\"contentUrl\":\"https:\/\/lavanno.com\/wp-content\/uploads\/2025\/07\/Lavanno.png\",\"width\":1200,\"height\":1200,\"caption\":\"Lavanno - Pesuvahendite ekspert\"},\"image\":{\"@id\":\"https:\/\/lavanno.com\/en\/#\/schema\/logo\/image\/\"},\"sameAs\":[\"https:\/\/www.facebook.com\/Lavanno.ee\"]}]}<\/script>\n<!-- \/ Yoast SEO plugin. -->","yoast_head_json":{"title":"Ens\u00fcmaatiline n\u00f5udepesumasina geel - Lavanno - pesuvahendite ekspert","robots":{"index":"index","follow":"follow","max-snippet":"max-snippet:-1","max-image-preview":"max-image-preview:large","max-video-preview":"max-video-preview:-1"},"canonical":"https:\/\/lavanno.com\/en\/toode\/ensumaatiline-noudepesumasina-geel\/","og_locale":"en_US","og_type":"article","og_title":"Ens\u00fcmaatiline n\u00f5udepesumasina geel - Lavanno - pesuvahendite ekspert","og_description":"Kontsentreeritud n\u00f5udepesugeel multi-ens\u00fcmaatilise valemi ja Brasiilia laimi l\u00f5hnaga.  MULTI-ENS\u00dcMAATILINE rasvaeemaldustoime igasuguste n\u00f5udele j\u00e4\u00e4nud toiduosakeste vastu.  N\u00d5UDEPESUMASINA-HOOLDUSVALEM seadme igap\u00e4evaseks hoolduseks.  KIRGASTAV TOIMING l\u00e4ikivate n\u00f5ude ja klaaside jaoks juba p\u00e4rast esimest pesu.  L\u00d5HNAVASTANE TOIMING t\u00e4nu v\u00e4rskele Brasiilia laimi l\u00f5hnale.  4 \u00fches \u2013 pesuaine, valgendi, n\u00f5udepesumasina hooldus, parf\u00fc\u00fcm","og_url":"https:\/\/lavanno.com\/en\/toode\/ensumaatiline-noudepesumasina-geel\/","og_site_name":"Lavanno - pesuvahendite ekspert","article_publisher":"https:\/\/www.facebook.com\/Lavanno.ee","article_modified_time":"2026-05-02T11:25:04+00:00","og_image":[{"width":800,"height":800,"url":"https:\/\/lavanno.com\/wp-content\/uploads\/2025\/02\/a87-200lavastoviglie_groupage-1.png","type":"image\/png"}],"twitter_card":"summary_large_image","twitter_misc":{"Est. reading time":"1 minute"},"schema":{"@context":"https:\/\/schema.org","@graph":[{"@type":"WebPage","@id":"https:\/\/lavanno.com\/en\/toode\/ensumaatiline-noudepesumasina-geel\/","url":"https:\/\/lavanno.com\/en\/toode\/ensumaatiline-noudepesumasina-geel\/","name":"Ens\u00fcmaatiline n\u00f5udepesumasina geel - Lavanno - pesuvahendite ekspert","isPartOf":{"@id":"https:\/\/lavanno.com\/en\/#website"},"primaryImageOfPage":{"@id":"https:\/\/lavanno.com\/en\/toode\/ensumaatiline-noudepesumasina-geel\/#primaryimage"},"image":{"@id":"https:\/\/lavanno.com\/en\/toode\/ensumaatiline-noudepesumasina-geel\/#primaryimage"},"thumbnailUrl":"https:\/\/lavanno.com\/wp-content\/uploads\/2025\/02\/a87-200lavastoviglie_groupage-1.png","datePublished":"2025-02-10T06:17:43+00:00","dateModified":"2026-05-02T11:25:04+00:00","breadcrumb":{"@id":"https:\/\/lavanno.com\/en\/toode\/ensumaatiline-noudepesumasina-geel\/#breadcrumb"},"inLanguage":"en-US","potentialAction":[{"@type":"ReadAction","target":["https:\/\/lavanno.com\/en\/toode\/ensumaatiline-noudepesumasina-geel\/"]}]},{"@type":"ImageObject","inLanguage":"en-US","@id":"https:\/\/lavanno.com\/en\/toode\/ensumaatiline-noudepesumasina-geel\/#primaryimage","url":"https:\/\/lavanno.com\/wp-content\/uploads\/2025\/02\/a87-200lavastoviglie_groupage-1.png","contentUrl":"https:\/\/lavanno.com\/wp-content\/uploads\/2025\/02\/a87-200lavastoviglie_groupage-1.png","width":800,"height":800},{"@type":"BreadcrumbList","@id":"https:\/\/lavanno.com\/en\/toode\/ensumaatiline-noudepesumasina-geel\/#breadcrumb","itemListElement":[{"@type":"ListItem","position":1,"name":"Home","item":"https:\/\/lavanno.com\/en\/"},{"@type":"ListItem","position":2,"name":"E-pood","item":"https:\/\/lavanno.com\/e-pood\/"},{"@type":"ListItem","position":3,"name":"Ens\u00fcmaatiline n\u00f5udepesumasina geel"}]},{"@type":"WebSite","@id":"https:\/\/lavanno.com\/en\/#website","url":"https:\/\/lavanno.com\/en\/","name":"Lavanno - Pesuvahendite ekspert","description":"Toome maale ja m\u00fc\u00fcme tekstiili pesuvahendeid, pesumajaseadmeid ja tarvikuid. Hooldame ja konsulteerime.","publisher":{"@id":"https:\/\/lavanno.com\/en\/#organization"},"potentialAction":[{"@type":"SearchAction","target":{"@type":"EntryPoint","urlTemplate":"https:\/\/lavanno.com\/en\/?s={search_term_string}"},"query-input":{"@type":"PropertyValueSpecification","valueRequired":true,"valueName":"search_term_string"}}],"inLanguage":"en-US"},{"@type":"Organization","@id":"https:\/\/lavanno.com\/en\/#organization","name":"Lavanno - Pesuvahendite ekspert","url":"https:\/\/lavanno.com\/en\/","logo":{"@type":"ImageObject","inLanguage":"en-US","@id":"https:\/\/lavanno.com\/en\/#\/schema\/logo\/image\/","url":"https:\/\/lavanno.com\/wp-content\/uploads\/2025\/07\/Lavanno.png","contentUrl":"https:\/\/lavanno.com\/wp-content\/uploads\/2025\/07\/Lavanno.png","width":1200,"height":1200,"caption":"Lavanno - Pesuvahendite ekspert"},"image":{"@id":"https:\/\/lavanno.com\/en\/#\/schema\/logo\/image\/"},"sameAs":["https:\/\/www.facebook.com\/Lavanno.ee"]}]}},"_links":{"self":[{"href":"https:\/\/lavanno.com\/en\/wp-json\/wp\/v2\/product\/5003","targetHints":{"allow":["GET"]}}],"collection":[{"href":"https:\/\/lavanno.com\/en\/wp-json\/wp\/v2\/product"}],"about":[{"href":"https:\/\/lavanno.com\/en\/wp-json\/wp\/v2\/types\/product"}],"replies":[{"embeddable":true,"href":"https:\/\/lavanno.com\/en\/wp-json\/wp\/v2\/comments?post=5003"}],"wp:featuredmedia":[{"embeddable":true,"href":"https:\/\/lavanno.com\/en\/wp-json\/wp\/v2\/media\/5839"}],"wp:attachment":[{"href":"https:\/\/lavanno.com\/en\/wp-json\/wp\/v2\/media?parent=5003"}],"wp:term":[{"taxonomy":"product_brand","embeddable":true,"href":"https:\/\/lavanno.com\/en\/wp-json\/wp\/v2\/product_brand?post=5003"},{"taxonomy":"product_cat","embeddable":true,"href":"https:\/\/lavanno.com\/en\/wp-json\/wp\/v2\/product_cat?post=5003"},{"taxonomy":"product_tag","embeddable":true,"href":"https:\/\/lavanno.com\/en\/wp-json\/wp\/v2\/product_tag?post=5003"}],"curies":[{"name":"wp","href":"https:\/\/api.w.org\/{rel}","templated":true}]}}