{"id":5016,"date":"2025-02-10T08:17:43","date_gmt":"2025-02-10T06:17:43","guid":{"rendered":"https:\/\/lavanno.com\/product\/asko-pro-pesumasin-pump-ss-80l-8kg-1400rpm-530g-26programmi-400v-16a-72kwvesi-2x3-4-l595xs706xk865-test-30k-wifi-dos-valmidus\/"},"modified":"2026-05-02T08:20:02","modified_gmt":"2026-05-02T05:20:02","slug":"asko-pro-pesumasin-pump-ss-80l-8kg-1400rpm-530g-26programmi-400v-16a-72kwvesi-2x3-4-l595xs706xk865-test-30k-wifi-dos-valmidus","status":"publish","type":"product","link":"https:\/\/lavanno.com\/en\/toode\/asko-pro-pesumasin-pump-ss-80l-8kg-1400rpm-530g-26programmi-400v-16a-72kwvesi-2x3-4-l595xs706xk865-test-30k-wifi-dos-valmidus\/","title":{"rendered":"ASKO Pro pesumasin\/Pump; SS; 80l\/8kg; 1400rpm\/530g; 26programmi; 400V\/16A\/7,2kW;vesi 2&#215;3\/4&#8243;; L595xS706xK865; test 30K ;WIFI; dos valmidus"},"content":{"rendered":"<p><strong>Spetsifikatsioon<\/strong><\/p>\n<p><strong>Desinfitseerimine<\/strong><\/p>\n<p>Professionaalsed pesumasinad on varustatud spetsiaalsete desinfitseerimisprogrammidega, mis vastavad rangetele h\u00fcgieenin\u00f5uetele. T\u00f5hus k\u00fcttes\u00fcsteem tagab vajaliku temperatuuri saavutamise ja hoidmise kogu pesuts\u00fckli v\u00e4ltel. Eelpesu aitab eemaldada valgud ja mustuse enne p\u00f5hipesu, tagades usaldusv\u00e4\u00e4rse ja t\u00f5husa desinfitseerimise.<\/p>\n<p><strong>Quattro Construction\u2122<\/strong><\/p>\n<p>Quattro Construction\u2122 koosneb neljast summutist, mis juhivad trumli vibratsiooni otse p\u00f5hjaplaadile. Kogu konstruktsioon on integreeritud masina korpusesse, v\u00e4hendades t\u00f5husalt vibratsiooni ja takistades selle levikut \u00fcmbritsevasse keskkonda.<\/p>\n<p><strong>MOP-puhastusteenus<\/strong><\/p>\n<p>Spetsiaalne mopipuhastusprogramm hoolitseb puhastusvahendite eest t\u00f5husalt ja \u00f5rnalt. K\u00fclm eelpesu eemaldab suuremad mustuse- ja liivaterad enne p\u00f5hipesu, tagades parema pesutulemuse ja pikema mopide kasutusea.<\/p>\n<p><strong>Active Drum\u2122 (PROF)\u00a0<\/strong><\/p>\n<p>Active Drum\u2122 tagab s\u00fcgavpuhastuse, olles samal ajal pesu vastu \u00f5rn. ASKO ainulaadne trumlikujundus ja avade muster eemaldavad mustuse t\u00f5husalt, j\u00e4ttes pesu ideaalselt puhtaks.<\/p>\n<p><strong>Roostevabast terasest v\u00e4limine trummel\u00a0<\/strong><br \/>\nASKO professionaalse pesumasina v\u00e4limine trummel on valmistatud vastupidavast roostevabast terasest. Miks? Sest see on k\u00f5vem, kvaliteetsem ning v\u00f5imaldab k\u00f5rgemaid pesutemperatuure ja suuremaid tsentrifuugimiskiirusi. \u00dclemine ja esiplaat on samuti roostevabast terasest.<\/p>\n<p><strong>Professionaalne ukses\u00fcsteem \u2013 lihtne peale- ja mahalaadimine\u00a0<\/strong><\/p>\n<p>Ukse funktsionaalsus m\u00e4ngib pesumasina kasutusmugavuses olulist rolli. Uks avaneb 180\u00b0, v\u00f5imaldades pesukorvi mugavalt ukseava juurde asetada. Steel Seal\u2122 lahendus ilma kummitihendita muudab pesu laadimise ja t\u00fchjendamise lihtsamaks ning parandab h\u00fcgieeni. Nutikas ukselukk kasutab sulgemisel ukse liikumisenergiat, tagades sujuva sulgumise.<\/p>\n<p><strong>V\u00e4rviline TFT-ekraan<\/strong><\/p>\n<p>EasyControl\u2122 TFT-ekraan muudab teie ASKO professionaalse pesumasina kasutamise ja programmeerimise lihtsaks ja intuitiivseks. Vasakult paremale suunduva suhtluse abil juhendatakse kasutajat masina seadistamisel ja programmeerimisel \u00fches 25 toetatud keelest, muutes ASKO professionaalsete pesumasinate kasutamise kogu maailmas lihtsaks.<\/p>\n<p><strong>Mootori kaalu kontroll\u00a0<\/strong><\/p>\n<p>Jooksvad kulud hoitakse minimaalsena t\u00e4nu mootori kaalukontrollile, mis m\u00f5\u00f5dab pesukoguse kaalu ja arvutab pesuts\u00fckli jaoks vajaliku veekoguse. Kui kasutate automaatset doseerimisfunktsiooni, arvutab mootori kaalukontroll ka vajaliku pesuvahendi koguse, aidates teil v\u00e4ltida nii aladoseerimist kui ka kulukat \u00fcledoseerimist.<\/p>\n","protected":false},"excerpt":{"rendered":"<p>See professionaalsesse sarja kuuluv pesumasin on varustatud ainulaadse Quattro Construction\u2122 konstruktsiooni ja h\u00fcgieenilise Steel Seal\u2122 lahendusega. Masinal on kokku 26 pesuprogrammi, millest 10 on t\u00e4ielikult kohandatavad, v\u00f5imaldades saavutada suurep\u00e4raseid pesutulemusi v\u00e4ga erinevate ettev\u00f5tete vajadustele vastavalt.<\/p>\n<p>Pesumasina trumli maht on 80 liitrit ja maksimaalne pesukogus 8 kg. T\u00e4nu Quattro Construction\u2122 konstruktsioonile on 1400 p\/min tsentrifuugimiskiirus sujuv ja praktiliselt vibratsioonivaba ning j\u00e4\u00e4kniiskusesisaldus vaid 49%. Seadet toetab v\u00f5imas ja t\u00f6\u00f6kindel BLDC mootor ning 7 kW k\u00fcttev\u00f5imsus, mis tagavad stabiilse t\u00f6\u00f6 ja usaldusv\u00e4\u00e4rsed tulemused ka intensiivsel kasutamisel.<\/p>\n<ul>\n<li>26 pesuprogrammi<\/li>\n<li>\u00a0Viitstart kuni 100 tundi<\/li>\n<li>\u00a0K\u00f5igi programmide isikup\u00e4rastatud seadistamine<\/li>\n<li>\u00a0Lukustatav juhtpaneel<\/li>\n<li>Automaatne doseerimiss\u00fcsteemi valmidus<\/li>\n<\/ul>\n","protected":false},"featured_media":12883,"comment_status":"open","ping_status":"closed","template":"","meta":[],"product_brand":[],"product_cat":[506,507,874,508,620],"product_tag":[838,834,833,835,837,839],"class_list":{"0":"post-5016","1":"product","2":"type-product","3":"status-publish","4":"has-post-thumbnail","6":"product_cat-ariklient","7":"product_cat-pesumajaseadmed","8":"product_cat-askopro","9":"product_cat-pesumasinad","10":"product_cat-professionaalsed-pesumasinad","11":"product_tag-haridusasutused","12":"product_tag-horeca","13":"product_tag-lasteaedadele","14":"product_tag-pesumajad","15":"product_tag-puhastusteenindus","16":"product_tag-tervishoid","18":"first","19":"outofstock","20":"taxable","21":"shipping-taxable","22":"purchasable","23":"product-type-variable"},"yoast_head":"<!-- This site is optimized with the Yoast SEO plugin v27.0 - https:\/\/yoast.com\/product\/yoast-seo-wordpress\/ -->\n<title>ASKO Pro pesumasin\/Pump; SS; 80l\/8kg; 1400rpm\/530g; 26programmi; 400V\/16A\/7,2kW;vesi 2x3\/4&quot;; L595xS706xK865; test 30K ;WIFI; dos valmidus - Lavanno - pesuvahendite ekspert<\/title>\n<meta name=\"description\" content=\"ASKO WMC8947PI.S professionaalne pesumasin \u00e4rikasutuseks. 8 kg t\u00e4itekogus, 1400 p\/min tsentrifuugimine ja vastupidav konstruktsioon pesumajadele.\" \/>\n<meta name=\"robots\" content=\"index, follow, max-snippet:-1, max-image-preview:large, max-video-preview:-1\" \/>\n<link rel=\"canonical\" href=\"https:\/\/lavanno.com\/en\/toode\/asko-pro-pesumasin-pump-ss-80l-8kg-1400rpm-530g-26programmi-400v-16a-72kwvesi-2x3-4-l595xs706xk865-test-30k-wifi-dos-valmidus\/\" \/>\n<meta property=\"og:locale\" content=\"en_US\" \/>\n<meta property=\"og:type\" content=\"article\" \/>\n<meta property=\"og:title\" content=\"ASKO Pro pesumasin\/Pump; SS; 80l\/8kg; 1400rpm\/530g; 26programmi; 400V\/16A\/7,2kW;vesi 2x3\/4&quot;; L595xS706xK865; test 30K ;WIFI; dos valmidus - Lavanno - pesuvahendite ekspert\" \/>\n<meta property=\"og:description\" content=\"ASKO WMC8947PI.S professionaalne pesumasin \u00e4rikasutuseks. 8 kg t\u00e4itekogus, 1400 p\/min tsentrifuugimine ja vastupidav konstruktsioon pesumajadele.\" \/>\n<meta property=\"og:url\" content=\"https:\/\/lavanno.com\/en\/toode\/asko-pro-pesumasin-pump-ss-80l-8kg-1400rpm-530g-26programmi-400v-16a-72kwvesi-2x3-4-l595xs706xk865-test-30k-wifi-dos-valmidus\/\" \/>\n<meta property=\"og:site_name\" content=\"Lavanno - pesuvahendite ekspert\" \/>\n<meta property=\"article:publisher\" content=\"https:\/\/www.facebook.com\/Lavanno.ee\" \/>\n<meta property=\"article:modified_time\" content=\"2026-05-02T05:20:02+00:00\" \/>\n<meta property=\"og:image\" content=\"https:\/\/lavanno.com\/wp-content\/uploads\/2025\/02\/Asko-Pro-6-kg-pump-1.png\" \/>\n\t<meta property=\"og:image:width\" content=\"800\" \/>\n\t<meta property=\"og:image:height\" content=\"800\" \/>\n\t<meta property=\"og:image:type\" content=\"image\/png\" \/>\n<meta name=\"twitter:card\" content=\"summary_large_image\" \/>\n<meta name=\"twitter:label1\" content=\"Est. reading time\" \/>\n\t<meta name=\"twitter:data1\" content=\"2 minutes\" \/>\n<script type=\"application\/ld+json\" class=\"yoast-schema-graph\">{\"@context\":\"https:\/\/schema.org\",\"@graph\":[{\"@type\":\"WebPage\",\"@id\":\"https:\/\/lavanno.com\/en\/toode\/asko-pro-pesumasin-pump-ss-80l-8kg-1400rpm-530g-26programmi-400v-16a-72kwvesi-2x3-4-l595xs706xk865-test-30k-wifi-dos-valmidus\/\",\"url\":\"https:\/\/lavanno.com\/en\/toode\/asko-pro-pesumasin-pump-ss-80l-8kg-1400rpm-530g-26programmi-400v-16a-72kwvesi-2x3-4-l595xs706xk865-test-30k-wifi-dos-valmidus\/\",\"name\":\"ASKO Pro pesumasin\/Pump; SS; 80l\/8kg; 1400rpm\/530g; 26programmi; 400V\/16A\/7,2kW;vesi 2x3\/4\\\"; L595xS706xK865; test 30K ;WIFI; dos valmidus - Lavanno - pesuvahendite ekspert\",\"isPartOf\":{\"@id\":\"https:\/\/lavanno.com\/en\/#website\"},\"primaryImageOfPage\":{\"@id\":\"https:\/\/lavanno.com\/en\/toode\/asko-pro-pesumasin-pump-ss-80l-8kg-1400rpm-530g-26programmi-400v-16a-72kwvesi-2x3-4-l595xs706xk865-test-30k-wifi-dos-valmidus\/#primaryimage\"},\"image\":{\"@id\":\"https:\/\/lavanno.com\/en\/toode\/asko-pro-pesumasin-pump-ss-80l-8kg-1400rpm-530g-26programmi-400v-16a-72kwvesi-2x3-4-l595xs706xk865-test-30k-wifi-dos-valmidus\/#primaryimage\"},\"thumbnailUrl\":\"https:\/\/lavanno.com\/wp-content\/uploads\/2025\/02\/Asko-Pro-6-kg-pump-1.png\",\"datePublished\":\"2025-02-10T06:17:43+00:00\",\"dateModified\":\"2026-05-02T05:20:02+00:00\",\"description\":\"ASKO WMC8947PI.S professionaalne pesumasin \u00e4rikasutuseks. 8 kg t\u00e4itekogus, 1400 p\/min tsentrifuugimine ja vastupidav konstruktsioon pesumajadele.\",\"breadcrumb\":{\"@id\":\"https:\/\/lavanno.com\/en\/toode\/asko-pro-pesumasin-pump-ss-80l-8kg-1400rpm-530g-26programmi-400v-16a-72kwvesi-2x3-4-l595xs706xk865-test-30k-wifi-dos-valmidus\/#breadcrumb\"},\"inLanguage\":\"en-US\",\"potentialAction\":[{\"@type\":\"ReadAction\",\"target\":[\"https:\/\/lavanno.com\/en\/toode\/asko-pro-pesumasin-pump-ss-80l-8kg-1400rpm-530g-26programmi-400v-16a-72kwvesi-2x3-4-l595xs706xk865-test-30k-wifi-dos-valmidus\/\"]}]},{\"@type\":\"ImageObject\",\"inLanguage\":\"en-US\",\"@id\":\"https:\/\/lavanno.com\/en\/toode\/asko-pro-pesumasin-pump-ss-80l-8kg-1400rpm-530g-26programmi-400v-16a-72kwvesi-2x3-4-l595xs706xk865-test-30k-wifi-dos-valmidus\/#primaryimage\",\"url\":\"https:\/\/lavanno.com\/wp-content\/uploads\/2025\/02\/Asko-Pro-6-kg-pump-1.png\",\"contentUrl\":\"https:\/\/lavanno.com\/wp-content\/uploads\/2025\/02\/Asko-Pro-6-kg-pump-1.png\",\"width\":800,\"height\":800,\"caption\":\"Asko-Pro-6-kg-pump\"},{\"@type\":\"BreadcrumbList\",\"@id\":\"https:\/\/lavanno.com\/en\/toode\/asko-pro-pesumasin-pump-ss-80l-8kg-1400rpm-530g-26programmi-400v-16a-72kwvesi-2x3-4-l595xs706xk865-test-30k-wifi-dos-valmidus\/#breadcrumb\",\"itemListElement\":[{\"@type\":\"ListItem\",\"position\":1,\"name\":\"Home\",\"item\":\"https:\/\/lavanno.com\/en\/\"},{\"@type\":\"ListItem\",\"position\":2,\"name\":\"E-pood\",\"item\":\"https:\/\/lavanno.com\/e-pood\/\"},{\"@type\":\"ListItem\",\"position\":3,\"name\":\"ASKO Pro pesumasin\/Pump; SS; 80l\/8kg; 1400rpm\/530g; 26programmi; 400V\/16A\/7,2kW;vesi 2&#215;3\/4&#8243;; L595xS706xK865; test 30K ;WIFI; dos valmidus\"}]},{\"@type\":\"WebSite\",\"@id\":\"https:\/\/lavanno.com\/en\/#website\",\"url\":\"https:\/\/lavanno.com\/en\/\",\"name\":\"Lavanno - Pesuvahendite ekspert\",\"description\":\"Toome maale ja m\u00fc\u00fcme tekstiili pesuvahendeid, pesumajaseadmeid ja tarvikuid. Hooldame ja konsulteerime.\",\"publisher\":{\"@id\":\"https:\/\/lavanno.com\/en\/#organization\"},\"potentialAction\":[{\"@type\":\"SearchAction\",\"target\":{\"@type\":\"EntryPoint\",\"urlTemplate\":\"https:\/\/lavanno.com\/en\/?s={search_term_string}\"},\"query-input\":{\"@type\":\"PropertyValueSpecification\",\"valueRequired\":true,\"valueName\":\"search_term_string\"}}],\"inLanguage\":\"en-US\"},{\"@type\":\"Organization\",\"@id\":\"https:\/\/lavanno.com\/en\/#organization\",\"name\":\"Lavanno - Pesuvahendite ekspert\",\"url\":\"https:\/\/lavanno.com\/en\/\",\"logo\":{\"@type\":\"ImageObject\",\"inLanguage\":\"en-US\",\"@id\":\"https:\/\/lavanno.com\/en\/#\/schema\/logo\/image\/\",\"url\":\"https:\/\/lavanno.com\/wp-content\/uploads\/2025\/07\/Lavanno.png\",\"contentUrl\":\"https:\/\/lavanno.com\/wp-content\/uploads\/2025\/07\/Lavanno.png\",\"width\":1200,\"height\":1200,\"caption\":\"Lavanno - Pesuvahendite ekspert\"},\"image\":{\"@id\":\"https:\/\/lavanno.com\/en\/#\/schema\/logo\/image\/\"},\"sameAs\":[\"https:\/\/www.facebook.com\/Lavanno.ee\"]}]}<\/script>\n<!-- \/ Yoast SEO plugin. -->","yoast_head_json":{"title":"ASKO Pro pesumasin\/Pump; SS; 80l\/8kg; 1400rpm\/530g; 26programmi; 400V\/16A\/7,2kW;vesi 2x3\/4\"; L595xS706xK865; test 30K ;WIFI; dos valmidus - Lavanno - pesuvahendite ekspert","description":"ASKO WMC8947PI.S professionaalne pesumasin \u00e4rikasutuseks. 8 kg t\u00e4itekogus, 1400 p\/min tsentrifuugimine ja vastupidav konstruktsioon pesumajadele.","robots":{"index":"index","follow":"follow","max-snippet":"max-snippet:-1","max-image-preview":"max-image-preview:large","max-video-preview":"max-video-preview:-1"},"canonical":"https:\/\/lavanno.com\/en\/toode\/asko-pro-pesumasin-pump-ss-80l-8kg-1400rpm-530g-26programmi-400v-16a-72kwvesi-2x3-4-l595xs706xk865-test-30k-wifi-dos-valmidus\/","og_locale":"en_US","og_type":"article","og_title":"ASKO Pro pesumasin\/Pump; SS; 80l\/8kg; 1400rpm\/530g; 26programmi; 400V\/16A\/7,2kW;vesi 2x3\/4\"; L595xS706xK865; test 30K ;WIFI; dos valmidus - Lavanno - pesuvahendite ekspert","og_description":"ASKO WMC8947PI.S professionaalne pesumasin \u00e4rikasutuseks. 8 kg t\u00e4itekogus, 1400 p\/min tsentrifuugimine ja vastupidav konstruktsioon pesumajadele.","og_url":"https:\/\/lavanno.com\/en\/toode\/asko-pro-pesumasin-pump-ss-80l-8kg-1400rpm-530g-26programmi-400v-16a-72kwvesi-2x3-4-l595xs706xk865-test-30k-wifi-dos-valmidus\/","og_site_name":"Lavanno - pesuvahendite ekspert","article_publisher":"https:\/\/www.facebook.com\/Lavanno.ee","article_modified_time":"2026-05-02T05:20:02+00:00","og_image":[{"width":800,"height":800,"url":"https:\/\/lavanno.com\/wp-content\/uploads\/2025\/02\/Asko-Pro-6-kg-pump-1.png","type":"image\/png"}],"twitter_card":"summary_large_image","twitter_misc":{"Est. reading time":"2 minutes"},"schema":{"@context":"https:\/\/schema.org","@graph":[{"@type":"WebPage","@id":"https:\/\/lavanno.com\/en\/toode\/asko-pro-pesumasin-pump-ss-80l-8kg-1400rpm-530g-26programmi-400v-16a-72kwvesi-2x3-4-l595xs706xk865-test-30k-wifi-dos-valmidus\/","url":"https:\/\/lavanno.com\/en\/toode\/asko-pro-pesumasin-pump-ss-80l-8kg-1400rpm-530g-26programmi-400v-16a-72kwvesi-2x3-4-l595xs706xk865-test-30k-wifi-dos-valmidus\/","name":"ASKO Pro pesumasin\/Pump; SS; 80l\/8kg; 1400rpm\/530g; 26programmi; 400V\/16A\/7,2kW;vesi 2x3\/4\"; L595xS706xK865; test 30K ;WIFI; dos valmidus - Lavanno - pesuvahendite ekspert","isPartOf":{"@id":"https:\/\/lavanno.com\/en\/#website"},"primaryImageOfPage":{"@id":"https:\/\/lavanno.com\/en\/toode\/asko-pro-pesumasin-pump-ss-80l-8kg-1400rpm-530g-26programmi-400v-16a-72kwvesi-2x3-4-l595xs706xk865-test-30k-wifi-dos-valmidus\/#primaryimage"},"image":{"@id":"https:\/\/lavanno.com\/en\/toode\/asko-pro-pesumasin-pump-ss-80l-8kg-1400rpm-530g-26programmi-400v-16a-72kwvesi-2x3-4-l595xs706xk865-test-30k-wifi-dos-valmidus\/#primaryimage"},"thumbnailUrl":"https:\/\/lavanno.com\/wp-content\/uploads\/2025\/02\/Asko-Pro-6-kg-pump-1.png","datePublished":"2025-02-10T06:17:43+00:00","dateModified":"2026-05-02T05:20:02+00:00","description":"ASKO WMC8947PI.S professionaalne pesumasin \u00e4rikasutuseks. 8 kg t\u00e4itekogus, 1400 p\/min tsentrifuugimine ja vastupidav konstruktsioon pesumajadele.","breadcrumb":{"@id":"https:\/\/lavanno.com\/en\/toode\/asko-pro-pesumasin-pump-ss-80l-8kg-1400rpm-530g-26programmi-400v-16a-72kwvesi-2x3-4-l595xs706xk865-test-30k-wifi-dos-valmidus\/#breadcrumb"},"inLanguage":"en-US","potentialAction":[{"@type":"ReadAction","target":["https:\/\/lavanno.com\/en\/toode\/asko-pro-pesumasin-pump-ss-80l-8kg-1400rpm-530g-26programmi-400v-16a-72kwvesi-2x3-4-l595xs706xk865-test-30k-wifi-dos-valmidus\/"]}]},{"@type":"ImageObject","inLanguage":"en-US","@id":"https:\/\/lavanno.com\/en\/toode\/asko-pro-pesumasin-pump-ss-80l-8kg-1400rpm-530g-26programmi-400v-16a-72kwvesi-2x3-4-l595xs706xk865-test-30k-wifi-dos-valmidus\/#primaryimage","url":"https:\/\/lavanno.com\/wp-content\/uploads\/2025\/02\/Asko-Pro-6-kg-pump-1.png","contentUrl":"https:\/\/lavanno.com\/wp-content\/uploads\/2025\/02\/Asko-Pro-6-kg-pump-1.png","width":800,"height":800,"caption":"Asko-Pro-6-kg-pump"},{"@type":"BreadcrumbList","@id":"https:\/\/lavanno.com\/en\/toode\/asko-pro-pesumasin-pump-ss-80l-8kg-1400rpm-530g-26programmi-400v-16a-72kwvesi-2x3-4-l595xs706xk865-test-30k-wifi-dos-valmidus\/#breadcrumb","itemListElement":[{"@type":"ListItem","position":1,"name":"Home","item":"https:\/\/lavanno.com\/en\/"},{"@type":"ListItem","position":2,"name":"E-pood","item":"https:\/\/lavanno.com\/e-pood\/"},{"@type":"ListItem","position":3,"name":"ASKO Pro pesumasin\/Pump; SS; 80l\/8kg; 1400rpm\/530g; 26programmi; 400V\/16A\/7,2kW;vesi 2&#215;3\/4&#8243;; L595xS706xK865; test 30K ;WIFI; dos valmidus"}]},{"@type":"WebSite","@id":"https:\/\/lavanno.com\/en\/#website","url":"https:\/\/lavanno.com\/en\/","name":"Lavanno - Pesuvahendite ekspert","description":"Toome maale ja m\u00fc\u00fcme tekstiili pesuvahendeid, pesumajaseadmeid ja tarvikuid. Hooldame ja konsulteerime.","publisher":{"@id":"https:\/\/lavanno.com\/en\/#organization"},"potentialAction":[{"@type":"SearchAction","target":{"@type":"EntryPoint","urlTemplate":"https:\/\/lavanno.com\/en\/?s={search_term_string}"},"query-input":{"@type":"PropertyValueSpecification","valueRequired":true,"valueName":"search_term_string"}}],"inLanguage":"en-US"},{"@type":"Organization","@id":"https:\/\/lavanno.com\/en\/#organization","name":"Lavanno - Pesuvahendite ekspert","url":"https:\/\/lavanno.com\/en\/","logo":{"@type":"ImageObject","inLanguage":"en-US","@id":"https:\/\/lavanno.com\/en\/#\/schema\/logo\/image\/","url":"https:\/\/lavanno.com\/wp-content\/uploads\/2025\/07\/Lavanno.png","contentUrl":"https:\/\/lavanno.com\/wp-content\/uploads\/2025\/07\/Lavanno.png","width":1200,"height":1200,"caption":"Lavanno - Pesuvahendite ekspert"},"image":{"@id":"https:\/\/lavanno.com\/en\/#\/schema\/logo\/image\/"},"sameAs":["https:\/\/www.facebook.com\/Lavanno.ee"]}]}},"_links":{"self":[{"href":"https:\/\/lavanno.com\/en\/wp-json\/wp\/v2\/product\/5016","targetHints":{"allow":["GET"]}}],"collection":[{"href":"https:\/\/lavanno.com\/en\/wp-json\/wp\/v2\/product"}],"about":[{"href":"https:\/\/lavanno.com\/en\/wp-json\/wp\/v2\/types\/product"}],"replies":[{"embeddable":true,"href":"https:\/\/lavanno.com\/en\/wp-json\/wp\/v2\/comments?post=5016"}],"wp:featuredmedia":[{"embeddable":true,"href":"https:\/\/lavanno.com\/en\/wp-json\/wp\/v2\/media\/12883"}],"wp:attachment":[{"href":"https:\/\/lavanno.com\/en\/wp-json\/wp\/v2\/media?parent=5016"}],"wp:term":[{"taxonomy":"product_brand","embeddable":true,"href":"https:\/\/lavanno.com\/en\/wp-json\/wp\/v2\/product_brand?post=5016"},{"taxonomy":"product_cat","embeddable":true,"href":"https:\/\/lavanno.com\/en\/wp-json\/wp\/v2\/product_cat?post=5016"},{"taxonomy":"product_tag","embeddable":true,"href":"https:\/\/lavanno.com\/en\/wp-json\/wp\/v2\/product_tag?post=5016"}],"curies":[{"name":"wp","href":"https:\/\/api.w.org\/{rel}","templated":true}]}}