{"id":5042,"date":"2025-02-10T08:17:45","date_gmt":"2025-02-10T06:17:45","guid":{"rendered":"https:\/\/lavanno.com\/product\/salvacolor-pesuaine-varvilisele-pesule\/"},"modified":"2026-05-02T14:25:04","modified_gmt":"2026-05-02T11:25:04","slug":"salvacolor-pesuaine-varvilisele-pesule","status":"publish","type":"product","link":"https:\/\/lavanno.com\/en\/toode\/salvacolor-pesuaine-varvilisele-pesule\/","title":{"rendered":"Salvacolor &#8211; Pesuaine v\u00e4rvilisele pesule"},"content":{"rendered":"<p><strong>Spetsifikatsioonid<\/strong><\/p>\n<p><strong>Kasutamine<\/strong><\/p>\n<p>Lisage pesuaine pesumasina t\u00e4itmise sektsiooni, kui masin on t\u00e4ielikult koormatud. Sobib kasutamiseks nii k\u00e4sitsi kui ka masinpesu puhul.<\/p>\n<p><strong>V\u00f6\u00f6tkood<\/strong><\/p>\n<p>(01)08054729630415<\/p>\n<p><strong>Koostisosad<\/strong><\/p>\n<p>Aqua, gl\u00fctseriin, naatriumlaureetsulfaat, C13-15 pareth-7, kokamiid DEA, naatriumdodek\u00fc\u00fclbenseensulfonaat, parf\u00fc\u00fcm, naatriumkloriid, PVP, dietanoolamiin, dimetikoon, linalool, limoneen, steareet-21, hape oran\u017e 142, met\u00fc\u00fclkloroisotiasolinoon, met\u00fc\u00fclisotiasolinoon, hape punane 18.<\/p>\n<p><strong>met\u00fc\u00fclkloroisotiasolinoon, met\u00fc\u00fclisotiasolinoon (3:1) = 0,00075%<\/strong><\/p>\n<p><strong>Funktsioon<\/strong><\/p>\n<p>Pesuaine v\u00e4rvilistele r\u00f5ivastele.<\/p>\n<p>&nbsp;<\/p>\n<p><a href=\"https:\/\/lavanno.com\/wp-content\/uploads\/2024\/10\/A39-530Hygienfresh_Detergente_SalvacolorRel5ETSDS.pdf\" target=\"_blank\" rel=\"noopener\">Ohutuskaart<\/a><\/p>\n<p><a href=\"https:\/\/lavanno.com\/wp-content\/uploads\/2024\/10\/A39-530SalvacolorRel3ENTEC.pdf\" target=\"_blank\" rel=\"noopener\">Tehniline kaart<\/a><\/p>\n","protected":false},"excerpt":{"rendered":"<p><strong>Pesuaine v\u00e4rvilistele r\u00f5ivastele<\/strong><\/p>\n<p><strong>Kirjeldus<\/strong><\/p>\n<p>Vedel pesuaine, millel on v\u00e4rve kaitsev toime, sobib kasutamiseks pesumasinas ja k\u00e4sitsi pesemisel. See on spetsiaalselt v\u00e4lja t\u00f6\u00f6tatud v\u00e4rviliste r\u00f5ivaste jaoks. Sisaldab lisandeid ja pol\u00fcmeere, mis kaitsevad v\u00e4rve ja takistavad nende \u00fclekandumist.<\/p>\n<ul>\n<li>Annab v\u00e4rvidele erilise s\u00e4ra.<\/li>\n<li>\u00d5rn v\u00e4rvidele ja kangastele.<\/li>\n<li>V\u00e4ldib v\u00e4rvide tuhmumist ja kinnitamata v\u00e4rvide uuesti ladestumist.<\/li>\n<li>Fosfaatide, silikaatide ja leeliste vaba.<\/li>\n<li>Uus ja eksklusiivne l\u00f5hn.<\/li>\n<\/ul>\n","protected":false},"featured_media":5271,"comment_status":"open","ping_status":"closed","template":"","meta":[],"product_brand":[],"product_cat":[506,525,546,548,520,547],"product_tag":[850,835],"class_list":{"0":"post-5042","1":"product","2":"type-product","3":"status-publish","4":"has-post-thumbnail","6":"product_cat-ariklient","7":"product_cat-vesipesuvahendid","8":"product_cat-pesuained","9":"product_cat-spetsiifilised-puhastusvahendid","10":"product_cat-eraklient","11":"product_cat-pesuvahendid-eraklient","12":"product_tag-kodumajapidamine","13":"product_tag-pesumajad","15":"first","16":"instock","17":"taxable","18":"shipping-taxable","19":"purchasable","20":"product-type-variable"},"yoast_head":"<!-- This site is optimized with the Yoast SEO plugin v27.0 - https:\/\/yoast.com\/product\/yoast-seo-wordpress\/ -->\n<title>Salvacolor - Pesuaine v\u00e4rvilisele pesule - Lavanno - pesuvahendite ekspert<\/title>\n<meta name=\"description\" content=\"SalvaColor pesugeel v\u00e4rvilistele riietele \u2013 kaitseb v\u00e4rve, hoiab \u00e4ra v\u00e4rvi \u00fclekandumist ja tuhmumist. Fosfaadivaba, \u00f5rn kangastele, meeldiva l\u00f5hnaga.\" \/>\n<meta name=\"robots\" content=\"index, follow, max-snippet:-1, max-image-preview:large, max-video-preview:-1\" \/>\n<link rel=\"canonical\" href=\"https:\/\/lavanno.com\/en\/toode\/salvacolor-pesuaine-varvilisele-pesule\/\" \/>\n<meta property=\"og:locale\" content=\"en_US\" \/>\n<meta property=\"og:type\" content=\"article\" \/>\n<meta property=\"og:title\" content=\"Salvacolor - Pesuaine v\u00e4rvilisele pesule - Lavanno - pesuvahendite ekspert\" \/>\n<meta property=\"og:description\" content=\"SalvaColor pesugeel v\u00e4rvilistele riietele \u2013 kaitseb v\u00e4rve, hoiab \u00e4ra v\u00e4rvi \u00fclekandumist ja tuhmumist. Fosfaadivaba, \u00f5rn kangastele, meeldiva l\u00f5hnaga.\" \/>\n<meta property=\"og:url\" content=\"https:\/\/lavanno.com\/en\/toode\/salvacolor-pesuaine-varvilisele-pesule\/\" \/>\n<meta property=\"og:site_name\" content=\"Lavanno - pesuvahendite ekspert\" \/>\n<meta property=\"article:publisher\" content=\"https:\/\/www.facebook.com\/Lavanno.ee\" \/>\n<meta property=\"article:modified_time\" content=\"2026-05-02T11:25:04+00:00\" \/>\n<meta property=\"og:image\" content=\"https:\/\/lavanno.com\/wp-content\/uploads\/2025\/02\/a39-530salvacolor_groupage-1.png\" \/>\n\t<meta property=\"og:image:width\" content=\"800\" \/>\n\t<meta property=\"og:image:height\" content=\"800\" \/>\n\t<meta property=\"og:image:type\" content=\"image\/png\" \/>\n<meta name=\"twitter:card\" content=\"summary_large_image\" \/>\n<meta name=\"twitter:label1\" content=\"Est. reading time\" \/>\n\t<meta name=\"twitter:data1\" content=\"1 minute\" \/>\n<script type=\"application\/ld+json\" class=\"yoast-schema-graph\">{\"@context\":\"https:\/\/schema.org\",\"@graph\":[{\"@type\":\"WebPage\",\"@id\":\"https:\/\/lavanno.com\/en\/toode\/salvacolor-pesuaine-varvilisele-pesule\/\",\"url\":\"https:\/\/lavanno.com\/en\/toode\/salvacolor-pesuaine-varvilisele-pesule\/\",\"name\":\"Salvacolor - Pesuaine v\u00e4rvilisele pesule - Lavanno - pesuvahendite ekspert\",\"isPartOf\":{\"@id\":\"https:\/\/lavanno.com\/en\/#website\"},\"primaryImageOfPage\":{\"@id\":\"https:\/\/lavanno.com\/en\/toode\/salvacolor-pesuaine-varvilisele-pesule\/#primaryimage\"},\"image\":{\"@id\":\"https:\/\/lavanno.com\/en\/toode\/salvacolor-pesuaine-varvilisele-pesule\/#primaryimage\"},\"thumbnailUrl\":\"https:\/\/lavanno.com\/wp-content\/uploads\/2025\/02\/a39-530salvacolor_groupage-1.png\",\"datePublished\":\"2025-02-10T06:17:45+00:00\",\"dateModified\":\"2026-05-02T11:25:04+00:00\",\"description\":\"SalvaColor pesugeel v\u00e4rvilistele riietele \u2013 kaitseb v\u00e4rve, hoiab \u00e4ra v\u00e4rvi \u00fclekandumist ja tuhmumist. Fosfaadivaba, \u00f5rn kangastele, meeldiva l\u00f5hnaga.\",\"breadcrumb\":{\"@id\":\"https:\/\/lavanno.com\/en\/toode\/salvacolor-pesuaine-varvilisele-pesule\/#breadcrumb\"},\"inLanguage\":\"en-US\",\"potentialAction\":[{\"@type\":\"ReadAction\",\"target\":[\"https:\/\/lavanno.com\/en\/toode\/salvacolor-pesuaine-varvilisele-pesule\/\"]}]},{\"@type\":\"ImageObject\",\"inLanguage\":\"en-US\",\"@id\":\"https:\/\/lavanno.com\/en\/toode\/salvacolor-pesuaine-varvilisele-pesule\/#primaryimage\",\"url\":\"https:\/\/lavanno.com\/wp-content\/uploads\/2025\/02\/a39-530salvacolor_groupage-1.png\",\"contentUrl\":\"https:\/\/lavanno.com\/wp-content\/uploads\/2025\/02\/a39-530salvacolor_groupage-1.png\",\"width\":800,\"height\":800,\"caption\":\"Salvacolor v\u00e4rve kaitsev pesuvahend\"},{\"@type\":\"BreadcrumbList\",\"@id\":\"https:\/\/lavanno.com\/en\/toode\/salvacolor-pesuaine-varvilisele-pesule\/#breadcrumb\",\"itemListElement\":[{\"@type\":\"ListItem\",\"position\":1,\"name\":\"Home\",\"item\":\"https:\/\/lavanno.com\/en\/\"},{\"@type\":\"ListItem\",\"position\":2,\"name\":\"E-pood\",\"item\":\"https:\/\/lavanno.com\/e-pood\/\"},{\"@type\":\"ListItem\",\"position\":3,\"name\":\"Salvacolor &#8211; Pesuaine v\u00e4rvilisele pesule\"}]},{\"@type\":\"WebSite\",\"@id\":\"https:\/\/lavanno.com\/en\/#website\",\"url\":\"https:\/\/lavanno.com\/en\/\",\"name\":\"Lavanno - Pesuvahendite ekspert\",\"description\":\"Toome maale ja m\u00fc\u00fcme tekstiili pesuvahendeid, pesumajaseadmeid ja tarvikuid. Hooldame ja konsulteerime.\",\"publisher\":{\"@id\":\"https:\/\/lavanno.com\/en\/#organization\"},\"potentialAction\":[{\"@type\":\"SearchAction\",\"target\":{\"@type\":\"EntryPoint\",\"urlTemplate\":\"https:\/\/lavanno.com\/en\/?s={search_term_string}\"},\"query-input\":{\"@type\":\"PropertyValueSpecification\",\"valueRequired\":true,\"valueName\":\"search_term_string\"}}],\"inLanguage\":\"en-US\"},{\"@type\":\"Organization\",\"@id\":\"https:\/\/lavanno.com\/en\/#organization\",\"name\":\"Lavanno - Pesuvahendite ekspert\",\"url\":\"https:\/\/lavanno.com\/en\/\",\"logo\":{\"@type\":\"ImageObject\",\"inLanguage\":\"en-US\",\"@id\":\"https:\/\/lavanno.com\/en\/#\/schema\/logo\/image\/\",\"url\":\"https:\/\/lavanno.com\/wp-content\/uploads\/2025\/07\/Lavanno.png\",\"contentUrl\":\"https:\/\/lavanno.com\/wp-content\/uploads\/2025\/07\/Lavanno.png\",\"width\":1200,\"height\":1200,\"caption\":\"Lavanno - Pesuvahendite ekspert\"},\"image\":{\"@id\":\"https:\/\/lavanno.com\/en\/#\/schema\/logo\/image\/\"},\"sameAs\":[\"https:\/\/www.facebook.com\/Lavanno.ee\"]}]}<\/script>\n<!-- \/ Yoast SEO plugin. -->","yoast_head_json":{"title":"Salvacolor - Pesuaine v\u00e4rvilisele pesule - Lavanno - pesuvahendite ekspert","description":"SalvaColor pesugeel v\u00e4rvilistele riietele \u2013 kaitseb v\u00e4rve, hoiab \u00e4ra v\u00e4rvi \u00fclekandumist ja tuhmumist. Fosfaadivaba, \u00f5rn kangastele, meeldiva l\u00f5hnaga.","robots":{"index":"index","follow":"follow","max-snippet":"max-snippet:-1","max-image-preview":"max-image-preview:large","max-video-preview":"max-video-preview:-1"},"canonical":"https:\/\/lavanno.com\/en\/toode\/salvacolor-pesuaine-varvilisele-pesule\/","og_locale":"en_US","og_type":"article","og_title":"Salvacolor - Pesuaine v\u00e4rvilisele pesule - Lavanno - pesuvahendite ekspert","og_description":"SalvaColor pesugeel v\u00e4rvilistele riietele \u2013 kaitseb v\u00e4rve, hoiab \u00e4ra v\u00e4rvi \u00fclekandumist ja tuhmumist. Fosfaadivaba, \u00f5rn kangastele, meeldiva l\u00f5hnaga.","og_url":"https:\/\/lavanno.com\/en\/toode\/salvacolor-pesuaine-varvilisele-pesule\/","og_site_name":"Lavanno - pesuvahendite ekspert","article_publisher":"https:\/\/www.facebook.com\/Lavanno.ee","article_modified_time":"2026-05-02T11:25:04+00:00","og_image":[{"width":800,"height":800,"url":"https:\/\/lavanno.com\/wp-content\/uploads\/2025\/02\/a39-530salvacolor_groupage-1.png","type":"image\/png"}],"twitter_card":"summary_large_image","twitter_misc":{"Est. reading time":"1 minute"},"schema":{"@context":"https:\/\/schema.org","@graph":[{"@type":"WebPage","@id":"https:\/\/lavanno.com\/en\/toode\/salvacolor-pesuaine-varvilisele-pesule\/","url":"https:\/\/lavanno.com\/en\/toode\/salvacolor-pesuaine-varvilisele-pesule\/","name":"Salvacolor - Pesuaine v\u00e4rvilisele pesule - Lavanno - pesuvahendite ekspert","isPartOf":{"@id":"https:\/\/lavanno.com\/en\/#website"},"primaryImageOfPage":{"@id":"https:\/\/lavanno.com\/en\/toode\/salvacolor-pesuaine-varvilisele-pesule\/#primaryimage"},"image":{"@id":"https:\/\/lavanno.com\/en\/toode\/salvacolor-pesuaine-varvilisele-pesule\/#primaryimage"},"thumbnailUrl":"https:\/\/lavanno.com\/wp-content\/uploads\/2025\/02\/a39-530salvacolor_groupage-1.png","datePublished":"2025-02-10T06:17:45+00:00","dateModified":"2026-05-02T11:25:04+00:00","description":"SalvaColor pesugeel v\u00e4rvilistele riietele \u2013 kaitseb v\u00e4rve, hoiab \u00e4ra v\u00e4rvi \u00fclekandumist ja tuhmumist. Fosfaadivaba, \u00f5rn kangastele, meeldiva l\u00f5hnaga.","breadcrumb":{"@id":"https:\/\/lavanno.com\/en\/toode\/salvacolor-pesuaine-varvilisele-pesule\/#breadcrumb"},"inLanguage":"en-US","potentialAction":[{"@type":"ReadAction","target":["https:\/\/lavanno.com\/en\/toode\/salvacolor-pesuaine-varvilisele-pesule\/"]}]},{"@type":"ImageObject","inLanguage":"en-US","@id":"https:\/\/lavanno.com\/en\/toode\/salvacolor-pesuaine-varvilisele-pesule\/#primaryimage","url":"https:\/\/lavanno.com\/wp-content\/uploads\/2025\/02\/a39-530salvacolor_groupage-1.png","contentUrl":"https:\/\/lavanno.com\/wp-content\/uploads\/2025\/02\/a39-530salvacolor_groupage-1.png","width":800,"height":800,"caption":"Salvacolor v\u00e4rve kaitsev pesuvahend"},{"@type":"BreadcrumbList","@id":"https:\/\/lavanno.com\/en\/toode\/salvacolor-pesuaine-varvilisele-pesule\/#breadcrumb","itemListElement":[{"@type":"ListItem","position":1,"name":"Home","item":"https:\/\/lavanno.com\/en\/"},{"@type":"ListItem","position":2,"name":"E-pood","item":"https:\/\/lavanno.com\/e-pood\/"},{"@type":"ListItem","position":3,"name":"Salvacolor &#8211; Pesuaine v\u00e4rvilisele pesule"}]},{"@type":"WebSite","@id":"https:\/\/lavanno.com\/en\/#website","url":"https:\/\/lavanno.com\/en\/","name":"Lavanno - Pesuvahendite ekspert","description":"Toome maale ja m\u00fc\u00fcme tekstiili pesuvahendeid, pesumajaseadmeid ja tarvikuid. Hooldame ja konsulteerime.","publisher":{"@id":"https:\/\/lavanno.com\/en\/#organization"},"potentialAction":[{"@type":"SearchAction","target":{"@type":"EntryPoint","urlTemplate":"https:\/\/lavanno.com\/en\/?s={search_term_string}"},"query-input":{"@type":"PropertyValueSpecification","valueRequired":true,"valueName":"search_term_string"}}],"inLanguage":"en-US"},{"@type":"Organization","@id":"https:\/\/lavanno.com\/en\/#organization","name":"Lavanno - Pesuvahendite ekspert","url":"https:\/\/lavanno.com\/en\/","logo":{"@type":"ImageObject","inLanguage":"en-US","@id":"https:\/\/lavanno.com\/en\/#\/schema\/logo\/image\/","url":"https:\/\/lavanno.com\/wp-content\/uploads\/2025\/07\/Lavanno.png","contentUrl":"https:\/\/lavanno.com\/wp-content\/uploads\/2025\/07\/Lavanno.png","width":1200,"height":1200,"caption":"Lavanno - Pesuvahendite ekspert"},"image":{"@id":"https:\/\/lavanno.com\/en\/#\/schema\/logo\/image\/"},"sameAs":["https:\/\/www.facebook.com\/Lavanno.ee"]}]}},"_links":{"self":[{"href":"https:\/\/lavanno.com\/en\/wp-json\/wp\/v2\/product\/5042","targetHints":{"allow":["GET"]}}],"collection":[{"href":"https:\/\/lavanno.com\/en\/wp-json\/wp\/v2\/product"}],"about":[{"href":"https:\/\/lavanno.com\/en\/wp-json\/wp\/v2\/types\/product"}],"replies":[{"embeddable":true,"href":"https:\/\/lavanno.com\/en\/wp-json\/wp\/v2\/comments?post=5042"}],"wp:featuredmedia":[{"embeddable":true,"href":"https:\/\/lavanno.com\/en\/wp-json\/wp\/v2\/media\/5271"}],"wp:attachment":[{"href":"https:\/\/lavanno.com\/en\/wp-json\/wp\/v2\/media?parent=5042"}],"wp:term":[{"taxonomy":"product_brand","embeddable":true,"href":"https:\/\/lavanno.com\/en\/wp-json\/wp\/v2\/product_brand?post=5042"},{"taxonomy":"product_cat","embeddable":true,"href":"https:\/\/lavanno.com\/en\/wp-json\/wp\/v2\/product_cat?post=5042"},{"taxonomy":"product_tag","embeddable":true,"href":"https:\/\/lavanno.com\/en\/wp-json\/wp\/v2\/product_tag?post=5042"}],"curies":[{"name":"wp","href":"https:\/\/api.w.org\/{rel}","templated":true}]}}