{"id":5060,"date":"2025-02-10T08:17:47","date_gmt":"2025-02-10T06:17:47","guid":{"rendered":"https:\/\/lavanno.com\/product\/oxon-aktiivvahuga-plekieemaldi\/"},"modified":"2026-05-02T14:25:04","modified_gmt":"2026-05-02T11:25:04","slug":"oxon-aktiivvahuga-plekieemaldi","status":"publish","type":"product","link":"https:\/\/lavanno.com\/en\/toode\/oxon-aktiivvahuga-plekieemaldi\/","title":{"rendered":"Oxon &#8211; aktiivvahuga plekieemaldusvahend"},"content":{"rendered":"<div class=\"flex max-w-full flex-col flex-grow\"><\/p>\n<div class=\"min-h-8 text-message flex w-full flex-col items-end gap-2 whitespace-normal break-words [.text-message+&amp;]:mt-5\" dir=\"auto\" data-message-author-role=\"assistant\" data-message-id=\"b6e4bee2-2b1e-40f3-9fcb-f3d00a446db5\" data-message-model-slug=\"gpt-4o\"><\/p>\n<div class=\"flex w-full flex-col gap-1 empty:hidden first:pt-[3px]\"><\/p>\n<div class=\"markdown prose w-full break-words dark:prose-invert light\">\n<p><strong>Spetsifikatsioonid<\/strong><\/p>\n<p><strong>Kasutamine<\/strong><\/p>\n<p>Hygienfresh\u00ae Oxon eelt\u00f6\u00f6tlusvahtu kasutatakse puhtalt m\u00e4\u00e4rdunud r\u00f5ivaosadel enne pesemist. Soovitame toodet pihustada ja lasta vahul toimida maksimaalselt 5 minutit, seej\u00e4rel pesta r\u00f5ivas.<\/p>\n<p><strong>Hoiatus:<\/strong> Enne v\u00e4rviliste ja\/v\u00f5i \u00f5rnade r\u00f5ivaste t\u00f6\u00f6tlemist testige toodet peidetud osal. \u00c4rge pihustage metallosadele ja v\u00e4ltige t\u00f6\u00f6deldud r\u00f5iva otsest p\u00e4ikesevalguse v\u00f5i kuumuse allikat enne pesemist.<\/p>\n<p><strong>V\u00f6\u00f6tkood<\/strong><\/p>\n<p>(01)08054729631993<\/p>\n<p><strong>Koostisosad<\/strong><\/p>\n<p>(Aqua), vesinikperoksiid, naatriumdodek\u00fc\u00fclbenseensulfonaat, naatriumlaureetsulfaat, C13-15 pareth-7, heptanaatriumtrivesinik[[bis[2-[bis(fosfonatomet\u00fc\u00fcl)amino]et\u00fc\u00fcl]amino]met\u00fc\u00fcl]fosfonaat.<\/p>\n<p><strong>Funktsioon<\/strong><\/p>\n<p>Aktiivne valgendav vaht kangastele.<\/p>\n<\/div>\n<p>\n<\/div>\n<p>\n<\/div>\n<p>\n<\/div>\n<p>\n&nbsp;<\/p>\n<p><a href=\"https:\/\/lavanno.com\/wp-content\/uploads\/2024\/10\/A31-500Hygienfresh_Oxon_SchiumaRel2ETSDS.pdf\" target=\"_blank\" rel=\"noopener\">Ohutuskaart<\/a><\/p>\n<p><a href=\"https:\/\/lavanno.com\/wp-content\/uploads\/2024\/10\/A48-500Oxon_ProfessionalRel2EST.pdf\" target=\"_blank\" rel=\"noopener\">Tehniline kaart<\/a><\/p>\n","protected":false},"excerpt":{"rendered":"<p><strong>Aktiivvahuga plekieemaldusvahend<\/strong><\/p>\n<p><strong>Kirjeldus<\/strong><\/p>\n<p>Plekieemaldusvahend aktiivse vahuga, mis sobib kasutamiseks pesu puhastamiseks. Vaht p\u00f5hineb aktiivsel hapnikul ja pindaktiivsetel ainetel. Ideaalne oks\u00fcdeeritavatele plekkidele, nagu rasv, rohi, vein, tomat, kohv jne.<\/p>\n<ul><\/p>\n<li>Laia toimeainega plekkide eemaldamise spekter.<\/li>\n<p><\/p>\n<li>Aktiivne vaht, mis vabastab hapnikku.<\/li>\n<p><\/p>\n<li>K\u00f5rge pindaktiivsete ainete kontsentratsioon suure rasva\u00e4rastusv\u00f5ime saavutamiseks.<\/li>\n<p><\/p>\n<li>T\u00f5hus ka kuivade plekkide puhul.<\/li>\n<p><\/p>\n<li>\u00d5rn v\u00e4rvide ja kiudude suhtes.<\/li>\n<p><\/p>\n<li>Ei j\u00e4ta r\u00f5ivastele halle servi ja on neutraalne v\u00e4rvidele.<\/li>\n<p><\/p>\n<li>Sobib igat t\u00fc\u00fcpi r\u00f5ivastele.<\/li>\n<p>\n<\/ul>\n","protected":false},"featured_media":5201,"comment_status":"open","ping_status":"closed","template":"","meta":[],"product_brand":[],"product_cat":[506,525,534,538,514,519,526,520,527],"product_tag":[838,834,833,835,837,839,840],"class_list":{"0":"post-5060","1":"product","2":"type-product","3":"status-publish","4":"has-post-thumbnail","6":"product_cat-ariklient","7":"product_cat-vesipesuvahendid","8":"product_cat-plekieemaldusvahendid","9":"product_cat-emulsioonpesu-wet-clean","10":"product_cat-keemiline-puhastus","11":"product_cat-eeltootlus","12":"product_cat-plekieemalduse-vahendid-keemiline-puhastus","13":"product_cat-eraklient","14":"product_cat-plekieemaldusvahendid-eraklient","15":"product_tag-haridusasutused","16":"product_tag-horeca","17":"product_tag-lasteaedadele","18":"product_tag-pesumajad","19":"product_tag-puhastusteenindus","20":"product_tag-tervishoid","21":"product_tag-toostusettevotted","23":"first","24":"instock","25":"taxable","26":"shipping-taxable","27":"purchasable","28":"product-type-variable"},"yoast_head":"<!-- This site is optimized with the Yoast SEO plugin v27.0 - https:\/\/yoast.com\/product\/yoast-seo-wordpress\/ -->\n<title>Oxon - aktiivvahuga plekieemaldusvahend - Lavanno - pesuvahendite ekspert<\/title>\n<meta name=\"description\" content=\"Oxon Active Foam \u2013 aktiivvaht plekieemaldusvahend. Eemaldab rasva, veini, kohvi ja rohup\u00adlekid enne pesu. \u00d5rn v\u00e4rvidele ja kangastele, ei j\u00e4ta j\u00e4\u00e4ke.\" \/>\n<meta name=\"robots\" content=\"index, follow, max-snippet:-1, max-image-preview:large, max-video-preview:-1\" \/>\n<link rel=\"canonical\" href=\"https:\/\/lavanno.com\/en\/toode\/oxon-aktiivvahuga-plekieemaldi\/\" \/>\n<meta property=\"og:locale\" content=\"en_US\" \/>\n<meta property=\"og:type\" content=\"article\" \/>\n<meta property=\"og:title\" content=\"Oxon - aktiivvahuga plekieemaldusvahend - Lavanno - pesuvahendite ekspert\" \/>\n<meta property=\"og:description\" content=\"Oxon Active Foam \u2013 aktiivvaht plekieemaldusvahend. Eemaldab rasva, veini, kohvi ja rohup\u00adlekid enne pesu. \u00d5rn v\u00e4rvidele ja kangastele, ei j\u00e4ta j\u00e4\u00e4ke.\" \/>\n<meta property=\"og:url\" content=\"https:\/\/lavanno.com\/en\/toode\/oxon-aktiivvahuga-plekieemaldi\/\" \/>\n<meta property=\"og:site_name\" content=\"Lavanno - pesuvahendite ekspert\" \/>\n<meta property=\"article:publisher\" content=\"https:\/\/www.facebook.com\/Lavanno.ee\" \/>\n<meta property=\"article:modified_time\" content=\"2026-05-02T11:25:04+00:00\" \/>\n<meta property=\"og:image\" content=\"https:\/\/lavanno.com\/wp-content\/uploads\/2025\/02\/a31-500coxon_750ml-1.png\" \/>\n\t<meta property=\"og:image:width\" content=\"800\" \/>\n\t<meta property=\"og:image:height\" content=\"800\" \/>\n\t<meta property=\"og:image:type\" content=\"image\/png\" \/>\n<meta name=\"twitter:card\" content=\"summary_large_image\" \/>\n<meta name=\"twitter:label1\" content=\"Est. reading time\" \/>\n\t<meta name=\"twitter:data1\" content=\"1 minute\" \/>\n<script type=\"application\/ld+json\" class=\"yoast-schema-graph\">{\"@context\":\"https:\/\/schema.org\",\"@graph\":[{\"@type\":\"WebPage\",\"@id\":\"https:\/\/lavanno.com\/en\/toode\/oxon-aktiivvahuga-plekieemaldi\/\",\"url\":\"https:\/\/lavanno.com\/en\/toode\/oxon-aktiivvahuga-plekieemaldi\/\",\"name\":\"Oxon - aktiivvahuga plekieemaldusvahend - Lavanno - pesuvahendite ekspert\",\"isPartOf\":{\"@id\":\"https:\/\/lavanno.com\/en\/#website\"},\"primaryImageOfPage\":{\"@id\":\"https:\/\/lavanno.com\/en\/toode\/oxon-aktiivvahuga-plekieemaldi\/#primaryimage\"},\"image\":{\"@id\":\"https:\/\/lavanno.com\/en\/toode\/oxon-aktiivvahuga-plekieemaldi\/#primaryimage\"},\"thumbnailUrl\":\"https:\/\/lavanno.com\/wp-content\/uploads\/2025\/02\/a31-500coxon_750ml-1.png\",\"datePublished\":\"2025-02-10T06:17:47+00:00\",\"dateModified\":\"2026-05-02T11:25:04+00:00\",\"description\":\"Oxon Active Foam \u2013 aktiivvaht plekieemaldusvahend. Eemaldab rasva, veini, kohvi ja rohup\u00adlekid enne pesu. \u00d5rn v\u00e4rvidele ja kangastele, ei j\u00e4ta j\u00e4\u00e4ke.\",\"breadcrumb\":{\"@id\":\"https:\/\/lavanno.com\/en\/toode\/oxon-aktiivvahuga-plekieemaldi\/#breadcrumb\"},\"inLanguage\":\"en-US\",\"potentialAction\":[{\"@type\":\"ReadAction\",\"target\":[\"https:\/\/lavanno.com\/en\/toode\/oxon-aktiivvahuga-plekieemaldi\/\"]}]},{\"@type\":\"ImageObject\",\"inLanguage\":\"en-US\",\"@id\":\"https:\/\/lavanno.com\/en\/toode\/oxon-aktiivvahuga-plekieemaldi\/#primaryimage\",\"url\":\"https:\/\/lavanno.com\/wp-content\/uploads\/2025\/02\/a31-500coxon_750ml-1.png\",\"contentUrl\":\"https:\/\/lavanno.com\/wp-content\/uploads\/2025\/02\/a31-500coxon_750ml-1.png\",\"width\":800,\"height\":800},{\"@type\":\"BreadcrumbList\",\"@id\":\"https:\/\/lavanno.com\/en\/toode\/oxon-aktiivvahuga-plekieemaldi\/#breadcrumb\",\"itemListElement\":[{\"@type\":\"ListItem\",\"position\":1,\"name\":\"Home\",\"item\":\"https:\/\/lavanno.com\/en\/\"},{\"@type\":\"ListItem\",\"position\":2,\"name\":\"E-pood\",\"item\":\"https:\/\/lavanno.com\/e-pood\/\"},{\"@type\":\"ListItem\",\"position\":3,\"name\":\"Oxon &#8211; aktiivvahuga plekieemaldusvahend\"}]},{\"@type\":\"WebSite\",\"@id\":\"https:\/\/lavanno.com\/en\/#website\",\"url\":\"https:\/\/lavanno.com\/en\/\",\"name\":\"Lavanno - Pesuvahendite ekspert\",\"description\":\"Toome maale ja m\u00fc\u00fcme tekstiili pesuvahendeid, pesumajaseadmeid ja tarvikuid. Hooldame ja konsulteerime.\",\"publisher\":{\"@id\":\"https:\/\/lavanno.com\/en\/#organization\"},\"potentialAction\":[{\"@type\":\"SearchAction\",\"target\":{\"@type\":\"EntryPoint\",\"urlTemplate\":\"https:\/\/lavanno.com\/en\/?s={search_term_string}\"},\"query-input\":{\"@type\":\"PropertyValueSpecification\",\"valueRequired\":true,\"valueName\":\"search_term_string\"}}],\"inLanguage\":\"en-US\"},{\"@type\":\"Organization\",\"@id\":\"https:\/\/lavanno.com\/en\/#organization\",\"name\":\"Lavanno - Pesuvahendite ekspert\",\"url\":\"https:\/\/lavanno.com\/en\/\",\"logo\":{\"@type\":\"ImageObject\",\"inLanguage\":\"en-US\",\"@id\":\"https:\/\/lavanno.com\/en\/#\/schema\/logo\/image\/\",\"url\":\"https:\/\/lavanno.com\/wp-content\/uploads\/2025\/07\/Lavanno.png\",\"contentUrl\":\"https:\/\/lavanno.com\/wp-content\/uploads\/2025\/07\/Lavanno.png\",\"width\":1200,\"height\":1200,\"caption\":\"Lavanno - Pesuvahendite ekspert\"},\"image\":{\"@id\":\"https:\/\/lavanno.com\/en\/#\/schema\/logo\/image\/\"},\"sameAs\":[\"https:\/\/www.facebook.com\/Lavanno.ee\"]}]}<\/script>\n<!-- \/ Yoast SEO plugin. -->","yoast_head_json":{"title":"Oxon - aktiivvahuga plekieemaldusvahend - Lavanno - pesuvahendite ekspert","description":"Oxon Active Foam \u2013 aktiivvaht plekieemaldusvahend. Eemaldab rasva, veini, kohvi ja rohup\u00adlekid enne pesu. \u00d5rn v\u00e4rvidele ja kangastele, ei j\u00e4ta j\u00e4\u00e4ke.","robots":{"index":"index","follow":"follow","max-snippet":"max-snippet:-1","max-image-preview":"max-image-preview:large","max-video-preview":"max-video-preview:-1"},"canonical":"https:\/\/lavanno.com\/en\/toode\/oxon-aktiivvahuga-plekieemaldi\/","og_locale":"en_US","og_type":"article","og_title":"Oxon - aktiivvahuga plekieemaldusvahend - Lavanno - pesuvahendite ekspert","og_description":"Oxon Active Foam \u2013 aktiivvaht plekieemaldusvahend. Eemaldab rasva, veini, kohvi ja rohup\u00adlekid enne pesu. \u00d5rn v\u00e4rvidele ja kangastele, ei j\u00e4ta j\u00e4\u00e4ke.","og_url":"https:\/\/lavanno.com\/en\/toode\/oxon-aktiivvahuga-plekieemaldi\/","og_site_name":"Lavanno - pesuvahendite ekspert","article_publisher":"https:\/\/www.facebook.com\/Lavanno.ee","article_modified_time":"2026-05-02T11:25:04+00:00","og_image":[{"width":800,"height":800,"url":"https:\/\/lavanno.com\/wp-content\/uploads\/2025\/02\/a31-500coxon_750ml-1.png","type":"image\/png"}],"twitter_card":"summary_large_image","twitter_misc":{"Est. reading time":"1 minute"},"schema":{"@context":"https:\/\/schema.org","@graph":[{"@type":"WebPage","@id":"https:\/\/lavanno.com\/en\/toode\/oxon-aktiivvahuga-plekieemaldi\/","url":"https:\/\/lavanno.com\/en\/toode\/oxon-aktiivvahuga-plekieemaldi\/","name":"Oxon - aktiivvahuga plekieemaldusvahend - Lavanno - pesuvahendite ekspert","isPartOf":{"@id":"https:\/\/lavanno.com\/en\/#website"},"primaryImageOfPage":{"@id":"https:\/\/lavanno.com\/en\/toode\/oxon-aktiivvahuga-plekieemaldi\/#primaryimage"},"image":{"@id":"https:\/\/lavanno.com\/en\/toode\/oxon-aktiivvahuga-plekieemaldi\/#primaryimage"},"thumbnailUrl":"https:\/\/lavanno.com\/wp-content\/uploads\/2025\/02\/a31-500coxon_750ml-1.png","datePublished":"2025-02-10T06:17:47+00:00","dateModified":"2026-05-02T11:25:04+00:00","description":"Oxon Active Foam \u2013 aktiivvaht plekieemaldusvahend. Eemaldab rasva, veini, kohvi ja rohup\u00adlekid enne pesu. \u00d5rn v\u00e4rvidele ja kangastele, ei j\u00e4ta j\u00e4\u00e4ke.","breadcrumb":{"@id":"https:\/\/lavanno.com\/en\/toode\/oxon-aktiivvahuga-plekieemaldi\/#breadcrumb"},"inLanguage":"en-US","potentialAction":[{"@type":"ReadAction","target":["https:\/\/lavanno.com\/en\/toode\/oxon-aktiivvahuga-plekieemaldi\/"]}]},{"@type":"ImageObject","inLanguage":"en-US","@id":"https:\/\/lavanno.com\/en\/toode\/oxon-aktiivvahuga-plekieemaldi\/#primaryimage","url":"https:\/\/lavanno.com\/wp-content\/uploads\/2025\/02\/a31-500coxon_750ml-1.png","contentUrl":"https:\/\/lavanno.com\/wp-content\/uploads\/2025\/02\/a31-500coxon_750ml-1.png","width":800,"height":800},{"@type":"BreadcrumbList","@id":"https:\/\/lavanno.com\/en\/toode\/oxon-aktiivvahuga-plekieemaldi\/#breadcrumb","itemListElement":[{"@type":"ListItem","position":1,"name":"Home","item":"https:\/\/lavanno.com\/en\/"},{"@type":"ListItem","position":2,"name":"E-pood","item":"https:\/\/lavanno.com\/e-pood\/"},{"@type":"ListItem","position":3,"name":"Oxon &#8211; aktiivvahuga plekieemaldusvahend"}]},{"@type":"WebSite","@id":"https:\/\/lavanno.com\/en\/#website","url":"https:\/\/lavanno.com\/en\/","name":"Lavanno - Pesuvahendite ekspert","description":"Toome maale ja m\u00fc\u00fcme tekstiili pesuvahendeid, pesumajaseadmeid ja tarvikuid. Hooldame ja konsulteerime.","publisher":{"@id":"https:\/\/lavanno.com\/en\/#organization"},"potentialAction":[{"@type":"SearchAction","target":{"@type":"EntryPoint","urlTemplate":"https:\/\/lavanno.com\/en\/?s={search_term_string}"},"query-input":{"@type":"PropertyValueSpecification","valueRequired":true,"valueName":"search_term_string"}}],"inLanguage":"en-US"},{"@type":"Organization","@id":"https:\/\/lavanno.com\/en\/#organization","name":"Lavanno - Pesuvahendite ekspert","url":"https:\/\/lavanno.com\/en\/","logo":{"@type":"ImageObject","inLanguage":"en-US","@id":"https:\/\/lavanno.com\/en\/#\/schema\/logo\/image\/","url":"https:\/\/lavanno.com\/wp-content\/uploads\/2025\/07\/Lavanno.png","contentUrl":"https:\/\/lavanno.com\/wp-content\/uploads\/2025\/07\/Lavanno.png","width":1200,"height":1200,"caption":"Lavanno - Pesuvahendite ekspert"},"image":{"@id":"https:\/\/lavanno.com\/en\/#\/schema\/logo\/image\/"},"sameAs":["https:\/\/www.facebook.com\/Lavanno.ee"]}]}},"_links":{"self":[{"href":"https:\/\/lavanno.com\/en\/wp-json\/wp\/v2\/product\/5060","targetHints":{"allow":["GET"]}}],"collection":[{"href":"https:\/\/lavanno.com\/en\/wp-json\/wp\/v2\/product"}],"about":[{"href":"https:\/\/lavanno.com\/en\/wp-json\/wp\/v2\/types\/product"}],"replies":[{"embeddable":true,"href":"https:\/\/lavanno.com\/en\/wp-json\/wp\/v2\/comments?post=5060"}],"wp:featuredmedia":[{"embeddable":true,"href":"https:\/\/lavanno.com\/en\/wp-json\/wp\/v2\/media\/5201"}],"wp:attachment":[{"href":"https:\/\/lavanno.com\/en\/wp-json\/wp\/v2\/media?parent=5060"}],"wp:term":[{"taxonomy":"product_brand","embeddable":true,"href":"https:\/\/lavanno.com\/en\/wp-json\/wp\/v2\/product_brand?post=5060"},{"taxonomy":"product_cat","embeddable":true,"href":"https:\/\/lavanno.com\/en\/wp-json\/wp\/v2\/product_cat?post=5060"},{"taxonomy":"product_tag","embeddable":true,"href":"https:\/\/lavanno.com\/en\/wp-json\/wp\/v2\/product_tag?post=5060"}],"curies":[{"name":"wp","href":"https:\/\/api.w.org\/{rel}","templated":true}]}}