{"id":5066,"date":"2025-02-10T08:17:48","date_gmt":"2025-02-10T06:17:48","guid":{"rendered":"https:\/\/lavanno.com\/product\/cera-barbour-5-kg\/"},"modified":"2026-05-02T14:25:04","modified_gmt":"2026-05-02T11:25:04","slug":"cera-barbour-5-kg-taastav-vaha","status":"publish","type":"product","link":"https:\/\/lavanno.com\/en\/toode\/cera-barbour-5-kg-taastav-vaha\/","title":{"rendered":"Cera Barbour 5 kg."},"content":{"rendered":"<p><strong>Kasutamine<\/strong><\/p>\n<p>Sulata toode: kuumuta vahapakk 70\u201390 \u00b0C vahemikus kuni see muutub t\u00e4iesti vedelaks.<\/p>\n<p>Kanna vahakiht: kasuta pintslit, et \u00fchtlaselt jaotada sulanud vaha kogu r\u00f5iva pinnale.<\/p>\n<p>Jahuta ja lase seista: riputa r\u00f5ivas \u00fcles ja lase jahtuda. Lase v\u00e4hemalt 2 tundi seista, et vaha t\u00e4ielikult imenduks ja tahkuks.<\/p>\n<p><strong>Ohutus:<\/strong> kuumutamisel kasuta head ventilatsiooni ning vajadusel respiraatorit, et v\u00e4ltida \u00f5husaaste sissehingamist. J\u00e4rgida tuleb riiklikke ohutusn\u00f5udeid.<\/p>\n<p><strong>Koostisosad<\/strong><\/p>\n<p>Petrolatum \u2013 peamine vahat\u00f6\u00f6tluse komponent.<\/p>\n<p><strong>Funktsioon<\/strong><\/p>\n<p>Vahat\u00f6\u00f6tluse vahend<\/p>\n<p><a href=\"https:\/\/lavanno.com\/wp-content\/uploads\/2025\/02\/A57-000Cera_per_BarbourRel3ETSDS.pdf\">A57-000#Cera_per_Barbour#Rel3#ET#SDS<\/a><\/p>\n","protected":false},"excerpt":{"rendered":"<p>Tintolav Barbour Wax on spetsiaalne vahat\u00f6\u00f6tluse vahend \u201cBarbouri\u201d t\u00fc\u00fcpi vahatatud r\u00f5ivastele, mis taastab r\u00f5iva originaalse v\u00e4limuse ja veekindluse justkui see oleks \u00e4sja vahatatud. Toode aitab pikendada r\u00f5ivaste eluiga ja hoida neid esinduslikuna, tagades \u00fchtlase ning tugevatoimelise kaitsekihi.<\/p>\n<p>&nbsp;<\/p>\n","protected":false},"featured_media":12784,"comment_status":"open","ping_status":"closed","template":"","meta":[],"product_brand":[],"product_cat":[506,525,572],"product_tag":[835],"class_list":{"0":"post-5066","1":"product","2":"type-product","3":"status-publish","4":"has-post-thumbnail","6":"product_cat-ariklient","7":"product_cat-vesipesuvahendid","8":"product_cat-lisaained","9":"product_tag-pesumajad","11":"first","12":"instock","13":"taxable","14":"shipping-taxable","15":"purchasable","16":"product-type-variable"},"yoast_head":"<!-- This site is optimized with the Yoast SEO plugin v27.0 - https:\/\/yoast.com\/product\/yoast-seo-wordpress\/ -->\n<title>Cera Barbour 5 kg. - Lavanno - pesuvahendite ekspert<\/title>\n<meta name=\"description\" content=\"Cera Barbour taastav vaha vahatatud puuvillastele r\u00f5ivastele \u2013 taastab veekindluse ja originaalse v\u00e4limuse. Sobib Barbouri t\u00fc\u00fcpi jakkidele.\" \/>\n<meta name=\"robots\" content=\"index, follow, max-snippet:-1, max-image-preview:large, max-video-preview:-1\" \/>\n<link rel=\"canonical\" href=\"https:\/\/lavanno.com\/en\/toode\/cera-barbour-5-kg-taastav-vaha\/\" \/>\n<meta property=\"og:locale\" content=\"en_US\" \/>\n<meta property=\"og:type\" content=\"article\" \/>\n<meta property=\"og:title\" content=\"Cera Barbour 5 kg. - Lavanno - pesuvahendite ekspert\" \/>\n<meta property=\"og:description\" content=\"Cera Barbour taastav vaha vahatatud puuvillastele r\u00f5ivastele \u2013 taastab veekindluse ja originaalse v\u00e4limuse. Sobib Barbouri t\u00fc\u00fcpi jakkidele.\" \/>\n<meta property=\"og:url\" content=\"https:\/\/lavanno.com\/en\/toode\/cera-barbour-5-kg-taastav-vaha\/\" \/>\n<meta property=\"og:site_name\" content=\"Lavanno - pesuvahendite ekspert\" \/>\n<meta property=\"article:publisher\" content=\"https:\/\/www.facebook.com\/Lavanno.ee\" \/>\n<meta property=\"article:modified_time\" content=\"2026-05-02T11:25:04+00:00\" \/>\n<meta property=\"og:image\" content=\"https:\/\/lavanno.com\/wp-content\/uploads\/2025\/02\/a57-000hcera_barbour_5kg.png\" \/>\n\t<meta property=\"og:image:width\" content=\"800\" \/>\n\t<meta property=\"og:image:height\" content=\"800\" \/>\n\t<meta property=\"og:image:type\" content=\"image\/png\" \/>\n<meta name=\"twitter:card\" content=\"summary_large_image\" \/>\n<meta name=\"twitter:label1\" content=\"Est. reading time\" \/>\n\t<meta name=\"twitter:data1\" content=\"1 minute\" \/>\n<script type=\"application\/ld+json\" class=\"yoast-schema-graph\">{\"@context\":\"https:\/\/schema.org\",\"@graph\":[{\"@type\":\"WebPage\",\"@id\":\"https:\/\/lavanno.com\/en\/toode\/cera-barbour-5-kg-taastav-vaha\/\",\"url\":\"https:\/\/lavanno.com\/en\/toode\/cera-barbour-5-kg-taastav-vaha\/\",\"name\":\"Cera Barbour 5 kg. - Lavanno - pesuvahendite ekspert\",\"isPartOf\":{\"@id\":\"https:\/\/lavanno.com\/en\/#website\"},\"primaryImageOfPage\":{\"@id\":\"https:\/\/lavanno.com\/en\/toode\/cera-barbour-5-kg-taastav-vaha\/#primaryimage\"},\"image\":{\"@id\":\"https:\/\/lavanno.com\/en\/toode\/cera-barbour-5-kg-taastav-vaha\/#primaryimage\"},\"thumbnailUrl\":\"https:\/\/lavanno.com\/wp-content\/uploads\/2025\/02\/a57-000hcera_barbour_5kg.png\",\"datePublished\":\"2025-02-10T06:17:48+00:00\",\"dateModified\":\"2026-05-02T11:25:04+00:00\",\"description\":\"Cera Barbour taastav vaha vahatatud puuvillastele r\u00f5ivastele \u2013 taastab veekindluse ja originaalse v\u00e4limuse. Sobib Barbouri t\u00fc\u00fcpi jakkidele.\",\"breadcrumb\":{\"@id\":\"https:\/\/lavanno.com\/en\/toode\/cera-barbour-5-kg-taastav-vaha\/#breadcrumb\"},\"inLanguage\":\"en-US\",\"potentialAction\":[{\"@type\":\"ReadAction\",\"target\":[\"https:\/\/lavanno.com\/en\/toode\/cera-barbour-5-kg-taastav-vaha\/\"]}]},{\"@type\":\"ImageObject\",\"inLanguage\":\"en-US\",\"@id\":\"https:\/\/lavanno.com\/en\/toode\/cera-barbour-5-kg-taastav-vaha\/#primaryimage\",\"url\":\"https:\/\/lavanno.com\/wp-content\/uploads\/2025\/02\/a57-000hcera_barbour_5kg.png\",\"contentUrl\":\"https:\/\/lavanno.com\/wp-content\/uploads\/2025\/02\/a57-000hcera_barbour_5kg.png\",\"width\":800,\"height\":800,\"caption\":\"cera_barbour 5 kg taastav vaha\"},{\"@type\":\"BreadcrumbList\",\"@id\":\"https:\/\/lavanno.com\/en\/toode\/cera-barbour-5-kg-taastav-vaha\/#breadcrumb\",\"itemListElement\":[{\"@type\":\"ListItem\",\"position\":1,\"name\":\"Home\",\"item\":\"https:\/\/lavanno.com\/en\/\"},{\"@type\":\"ListItem\",\"position\":2,\"name\":\"E-pood\",\"item\":\"https:\/\/lavanno.com\/e-pood\/\"},{\"@type\":\"ListItem\",\"position\":3,\"name\":\"Cera Barbour 5 kg.\"}]},{\"@type\":\"WebSite\",\"@id\":\"https:\/\/lavanno.com\/en\/#website\",\"url\":\"https:\/\/lavanno.com\/en\/\",\"name\":\"Lavanno - Pesuvahendite ekspert\",\"description\":\"Toome maale ja m\u00fc\u00fcme tekstiili pesuvahendeid, pesumajaseadmeid ja tarvikuid. Hooldame ja konsulteerime.\",\"publisher\":{\"@id\":\"https:\/\/lavanno.com\/en\/#organization\"},\"potentialAction\":[{\"@type\":\"SearchAction\",\"target\":{\"@type\":\"EntryPoint\",\"urlTemplate\":\"https:\/\/lavanno.com\/en\/?s={search_term_string}\"},\"query-input\":{\"@type\":\"PropertyValueSpecification\",\"valueRequired\":true,\"valueName\":\"search_term_string\"}}],\"inLanguage\":\"en-US\"},{\"@type\":\"Organization\",\"@id\":\"https:\/\/lavanno.com\/en\/#organization\",\"name\":\"Lavanno - Pesuvahendite ekspert\",\"url\":\"https:\/\/lavanno.com\/en\/\",\"logo\":{\"@type\":\"ImageObject\",\"inLanguage\":\"en-US\",\"@id\":\"https:\/\/lavanno.com\/en\/#\/schema\/logo\/image\/\",\"url\":\"https:\/\/lavanno.com\/wp-content\/uploads\/2025\/07\/Lavanno.png\",\"contentUrl\":\"https:\/\/lavanno.com\/wp-content\/uploads\/2025\/07\/Lavanno.png\",\"width\":1200,\"height\":1200,\"caption\":\"Lavanno - Pesuvahendite ekspert\"},\"image\":{\"@id\":\"https:\/\/lavanno.com\/en\/#\/schema\/logo\/image\/\"},\"sameAs\":[\"https:\/\/www.facebook.com\/Lavanno.ee\"]}]}<\/script>\n<!-- \/ Yoast SEO plugin. -->","yoast_head_json":{"title":"Cera Barbour 5 kg. - Lavanno - pesuvahendite ekspert","description":"Cera Barbour taastav vaha vahatatud puuvillastele r\u00f5ivastele \u2013 taastab veekindluse ja originaalse v\u00e4limuse. Sobib Barbouri t\u00fc\u00fcpi jakkidele.","robots":{"index":"index","follow":"follow","max-snippet":"max-snippet:-1","max-image-preview":"max-image-preview:large","max-video-preview":"max-video-preview:-1"},"canonical":"https:\/\/lavanno.com\/en\/toode\/cera-barbour-5-kg-taastav-vaha\/","og_locale":"en_US","og_type":"article","og_title":"Cera Barbour 5 kg. - Lavanno - pesuvahendite ekspert","og_description":"Cera Barbour taastav vaha vahatatud puuvillastele r\u00f5ivastele \u2013 taastab veekindluse ja originaalse v\u00e4limuse. Sobib Barbouri t\u00fc\u00fcpi jakkidele.","og_url":"https:\/\/lavanno.com\/en\/toode\/cera-barbour-5-kg-taastav-vaha\/","og_site_name":"Lavanno - pesuvahendite ekspert","article_publisher":"https:\/\/www.facebook.com\/Lavanno.ee","article_modified_time":"2026-05-02T11:25:04+00:00","og_image":[{"width":800,"height":800,"url":"https:\/\/lavanno.com\/wp-content\/uploads\/2025\/02\/a57-000hcera_barbour_5kg.png","type":"image\/png"}],"twitter_card":"summary_large_image","twitter_misc":{"Est. reading time":"1 minute"},"schema":{"@context":"https:\/\/schema.org","@graph":[{"@type":"WebPage","@id":"https:\/\/lavanno.com\/en\/toode\/cera-barbour-5-kg-taastav-vaha\/","url":"https:\/\/lavanno.com\/en\/toode\/cera-barbour-5-kg-taastav-vaha\/","name":"Cera Barbour 5 kg. - Lavanno - pesuvahendite ekspert","isPartOf":{"@id":"https:\/\/lavanno.com\/en\/#website"},"primaryImageOfPage":{"@id":"https:\/\/lavanno.com\/en\/toode\/cera-barbour-5-kg-taastav-vaha\/#primaryimage"},"image":{"@id":"https:\/\/lavanno.com\/en\/toode\/cera-barbour-5-kg-taastav-vaha\/#primaryimage"},"thumbnailUrl":"https:\/\/lavanno.com\/wp-content\/uploads\/2025\/02\/a57-000hcera_barbour_5kg.png","datePublished":"2025-02-10T06:17:48+00:00","dateModified":"2026-05-02T11:25:04+00:00","description":"Cera Barbour taastav vaha vahatatud puuvillastele r\u00f5ivastele \u2013 taastab veekindluse ja originaalse v\u00e4limuse. Sobib Barbouri t\u00fc\u00fcpi jakkidele.","breadcrumb":{"@id":"https:\/\/lavanno.com\/en\/toode\/cera-barbour-5-kg-taastav-vaha\/#breadcrumb"},"inLanguage":"en-US","potentialAction":[{"@type":"ReadAction","target":["https:\/\/lavanno.com\/en\/toode\/cera-barbour-5-kg-taastav-vaha\/"]}]},{"@type":"ImageObject","inLanguage":"en-US","@id":"https:\/\/lavanno.com\/en\/toode\/cera-barbour-5-kg-taastav-vaha\/#primaryimage","url":"https:\/\/lavanno.com\/wp-content\/uploads\/2025\/02\/a57-000hcera_barbour_5kg.png","contentUrl":"https:\/\/lavanno.com\/wp-content\/uploads\/2025\/02\/a57-000hcera_barbour_5kg.png","width":800,"height":800,"caption":"cera_barbour 5 kg taastav vaha"},{"@type":"BreadcrumbList","@id":"https:\/\/lavanno.com\/en\/toode\/cera-barbour-5-kg-taastav-vaha\/#breadcrumb","itemListElement":[{"@type":"ListItem","position":1,"name":"Home","item":"https:\/\/lavanno.com\/en\/"},{"@type":"ListItem","position":2,"name":"E-pood","item":"https:\/\/lavanno.com\/e-pood\/"},{"@type":"ListItem","position":3,"name":"Cera Barbour 5 kg."}]},{"@type":"WebSite","@id":"https:\/\/lavanno.com\/en\/#website","url":"https:\/\/lavanno.com\/en\/","name":"Lavanno - Pesuvahendite ekspert","description":"Toome maale ja m\u00fc\u00fcme tekstiili pesuvahendeid, pesumajaseadmeid ja tarvikuid. Hooldame ja konsulteerime.","publisher":{"@id":"https:\/\/lavanno.com\/en\/#organization"},"potentialAction":[{"@type":"SearchAction","target":{"@type":"EntryPoint","urlTemplate":"https:\/\/lavanno.com\/en\/?s={search_term_string}"},"query-input":{"@type":"PropertyValueSpecification","valueRequired":true,"valueName":"search_term_string"}}],"inLanguage":"en-US"},{"@type":"Organization","@id":"https:\/\/lavanno.com\/en\/#organization","name":"Lavanno - Pesuvahendite ekspert","url":"https:\/\/lavanno.com\/en\/","logo":{"@type":"ImageObject","inLanguage":"en-US","@id":"https:\/\/lavanno.com\/en\/#\/schema\/logo\/image\/","url":"https:\/\/lavanno.com\/wp-content\/uploads\/2025\/07\/Lavanno.png","contentUrl":"https:\/\/lavanno.com\/wp-content\/uploads\/2025\/07\/Lavanno.png","width":1200,"height":1200,"caption":"Lavanno - Pesuvahendite ekspert"},"image":{"@id":"https:\/\/lavanno.com\/en\/#\/schema\/logo\/image\/"},"sameAs":["https:\/\/www.facebook.com\/Lavanno.ee"]}]}},"_links":{"self":[{"href":"https:\/\/lavanno.com\/en\/wp-json\/wp\/v2\/product\/5066","targetHints":{"allow":["GET"]}}],"collection":[{"href":"https:\/\/lavanno.com\/en\/wp-json\/wp\/v2\/product"}],"about":[{"href":"https:\/\/lavanno.com\/en\/wp-json\/wp\/v2\/types\/product"}],"replies":[{"embeddable":true,"href":"https:\/\/lavanno.com\/en\/wp-json\/wp\/v2\/comments?post=5066"}],"wp:featuredmedia":[{"embeddable":true,"href":"https:\/\/lavanno.com\/en\/wp-json\/wp\/v2\/media\/12784"}],"wp:attachment":[{"href":"https:\/\/lavanno.com\/en\/wp-json\/wp\/v2\/media?parent=5066"}],"wp:term":[{"taxonomy":"product_brand","embeddable":true,"href":"https:\/\/lavanno.com\/en\/wp-json\/wp\/v2\/product_brand?post=5066"},{"taxonomy":"product_cat","embeddable":true,"href":"https:\/\/lavanno.com\/en\/wp-json\/wp\/v2\/product_cat?post=5066"},{"taxonomy":"product_tag","embeddable":true,"href":"https:\/\/lavanno.com\/en\/wp-json\/wp\/v2\/product_tag?post=5066"}],"curies":[{"name":"wp","href":"https:\/\/api.w.org\/{rel}","templated":true}]}}