{"id":5114,"date":"2025-02-10T08:17:50","date_gmt":"2025-02-10T06:17:50","guid":{"rendered":"https:\/\/lavanno.com\/product\/note-di-pulito-pesuaine-uhekordne-annus-100tk\/"},"modified":"2026-05-02T20:25:02","modified_gmt":"2026-05-02T17:25:02","slug":"note-di-pulito-pesuaine-uhekordne-annus-100tk","status":"publish","type":"product","link":"https:\/\/lavanno.com\/en\/toode\/note-di-pulito-pesuaine-uhekordne-annus-100tk\/","title":{"rendered":"Note di Pulito &#8211; pesuaine &#8211; \u00fchekordne annus 100tk"},"content":{"rendered":"<p><a href=\"https:\/\/lavanno.com\/wp-content\/uploads\/2022\/08\/A39-610Hygienfresh_Detergente_Note_di_PulitoRel8ENSDS.pdf\">Safety Data Sheet<\/a><\/br><a href=\"https:\/\/lavanno.com\/wp-content\/uploads\/2021\/05\/A39-610Detergente_Note_di_Pulito_MonodoseRel2ENTEC.pdf\">Technical Data Sheet<\/a><\/p>\n","protected":false},"excerpt":{"rendered":"<p>L\u00f5hnastatud pesuaine valgele ja v\u00e4rvilisele pesule.<br \/>See k\u00f5rvaldab ebameeldiva l\u00f5hna ja annab riietele v\u00f5rreldamatu v\u00e4rske pesu l\u00f5hna.<br \/>See sisaldab spetsiaalseid v\u00e4rve parandavaid es\u00fc\u00fcme.<br \/>100x100ml karbid<\/p>\n<p><\/p>\n<ul><\/p>\n<li>See k\u00f5rvaldab t\u00f5husalt plekid.<\/li>\n<p><\/p>\n<li>V\u00e4rvide ja kangaste suhtes \u00f5rna toimega.<\/li>\n<p><\/p>\n<li>See venitab kiude.<\/li>\n<p><\/p>\n<li>Ei sisalda fosfaate, silikaate ega leelisi.<\/li>\n<p><\/p>\n<li>Uus ja eksklusiivne l\u00f5hn.<\/li>\n<p>\n <\/ul>\n","protected":false},"featured_media":5287,"comment_status":"open","ping_status":"closed","template":"","meta":[],"product_brand":[],"product_cat":[506,525,546,556],"product_tag":[],"class_list":{"0":"post-5114","1":"product","2":"type-product","3":"status-publish","4":"has-post-thumbnail","6":"product_cat-ariklient","7":"product_cat-vesipesuvahendid","8":"product_cat-pesuained","9":"product_cat-ensumaatilised-pesuained","11":"first","12":"instock","13":"taxable","14":"shipping-taxable","15":"purchasable","16":"product-type-simple"},"yoast_head":"<!-- This site is optimized with the Yoast SEO plugin v27.0 - https:\/\/yoast.com\/product\/yoast-seo-wordpress\/ -->\n<title>Note di Pulito - pesuaine - \u00fchekordne annus 100tk - Lavanno - pesuvahendite ekspert<\/title>\n<meta name=\"robots\" content=\"index, follow, max-snippet:-1, max-image-preview:large, max-video-preview:-1\" \/>\n<link rel=\"canonical\" href=\"https:\/\/lavanno.com\/en\/toode\/note-di-pulito-pesuaine-uhekordne-annus-100tk\/\" \/>\n<meta property=\"og:locale\" content=\"en_US\" \/>\n<meta property=\"og:type\" content=\"article\" \/>\n<meta property=\"og:title\" content=\"Note di Pulito - pesuaine - \u00fchekordne annus 100tk - Lavanno - pesuvahendite ekspert\" \/>\n<meta property=\"og:description\" content=\"L\u00f5hnastatud pesuaine valgele ja v\u00e4rvilisele pesule.See k\u00f5rvaldab ebameeldiva l\u00f5hna ja annab riietele v\u00f5rreldamatu v\u00e4rske pesu l\u00f5hna.See sisaldab spetsiaalseid v\u00e4rve parandavaid es\u00fc\u00fcme.100x100ml karbid  See k\u00f5rvaldab t\u00f5husalt plekid. V\u00e4rvide ja kangaste suhtes \u00f5rna toimega. See venitab kiude. Ei sisalda fosfaate, silikaate ega leelisi. Uus ja eksklusiivne l\u00f5hn.\" \/>\n<meta property=\"og:url\" content=\"https:\/\/lavanno.com\/en\/toode\/note-di-pulito-pesuaine-uhekordne-annus-100tk\/\" \/>\n<meta property=\"og:site_name\" content=\"Lavanno - pesuvahendite ekspert\" \/>\n<meta property=\"article:publisher\" content=\"https:\/\/www.facebook.com\/Lavanno.ee\" \/>\n<meta property=\"article:modified_time\" content=\"2026-05-02T17:25:02+00:00\" \/>\n<meta property=\"og:image\" content=\"https:\/\/lavanno.com\/wp-content\/uploads\/2025\/02\/a39-610monodose_detergente_notedipulito-1.png\" \/>\n\t<meta property=\"og:image:width\" content=\"800\" \/>\n\t<meta property=\"og:image:height\" content=\"800\" \/>\n\t<meta property=\"og:image:type\" content=\"image\/png\" \/>\n<meta name=\"twitter:card\" content=\"summary_large_image\" \/>\n<script type=\"application\/ld+json\" class=\"yoast-schema-graph\">{\"@context\":\"https:\/\/schema.org\",\"@graph\":[{\"@type\":\"WebPage\",\"@id\":\"https:\/\/lavanno.com\/en\/toode\/note-di-pulito-pesuaine-uhekordne-annus-100tk\/\",\"url\":\"https:\/\/lavanno.com\/en\/toode\/note-di-pulito-pesuaine-uhekordne-annus-100tk\/\",\"name\":\"Note di Pulito - pesuaine - \u00fchekordne annus 100tk - Lavanno - pesuvahendite ekspert\",\"isPartOf\":{\"@id\":\"https:\/\/lavanno.com\/en\/#website\"},\"primaryImageOfPage\":{\"@id\":\"https:\/\/lavanno.com\/en\/toode\/note-di-pulito-pesuaine-uhekordne-annus-100tk\/#primaryimage\"},\"image\":{\"@id\":\"https:\/\/lavanno.com\/en\/toode\/note-di-pulito-pesuaine-uhekordne-annus-100tk\/#primaryimage\"},\"thumbnailUrl\":\"https:\/\/lavanno.com\/wp-content\/uploads\/2025\/02\/a39-610monodose_detergente_notedipulito-1.png\",\"datePublished\":\"2025-02-10T06:17:50+00:00\",\"dateModified\":\"2026-05-02T17:25:02+00:00\",\"breadcrumb\":{\"@id\":\"https:\/\/lavanno.com\/en\/toode\/note-di-pulito-pesuaine-uhekordne-annus-100tk\/#breadcrumb\"},\"inLanguage\":\"en-US\",\"potentialAction\":[{\"@type\":\"ReadAction\",\"target\":[\"https:\/\/lavanno.com\/en\/toode\/note-di-pulito-pesuaine-uhekordne-annus-100tk\/\"]}]},{\"@type\":\"ImageObject\",\"inLanguage\":\"en-US\",\"@id\":\"https:\/\/lavanno.com\/en\/toode\/note-di-pulito-pesuaine-uhekordne-annus-100tk\/#primaryimage\",\"url\":\"https:\/\/lavanno.com\/wp-content\/uploads\/2025\/02\/a39-610monodose_detergente_notedipulito-1.png\",\"contentUrl\":\"https:\/\/lavanno.com\/wp-content\/uploads\/2025\/02\/a39-610monodose_detergente_notedipulito-1.png\",\"width\":800,\"height\":800},{\"@type\":\"BreadcrumbList\",\"@id\":\"https:\/\/lavanno.com\/en\/toode\/note-di-pulito-pesuaine-uhekordne-annus-100tk\/#breadcrumb\",\"itemListElement\":[{\"@type\":\"ListItem\",\"position\":1,\"name\":\"Home\",\"item\":\"https:\/\/lavanno.com\/en\/\"},{\"@type\":\"ListItem\",\"position\":2,\"name\":\"E-pood\",\"item\":\"https:\/\/lavanno.com\/e-pood\/\"},{\"@type\":\"ListItem\",\"position\":3,\"name\":\"Note di Pulito &#8211; pesuaine &#8211; \u00fchekordne annus 100tk\"}]},{\"@type\":\"WebSite\",\"@id\":\"https:\/\/lavanno.com\/en\/#website\",\"url\":\"https:\/\/lavanno.com\/en\/\",\"name\":\"Lavanno - Pesuvahendite ekspert\",\"description\":\"Toome maale ja m\u00fc\u00fcme tekstiili pesuvahendeid, pesumajaseadmeid ja tarvikuid. Hooldame ja konsulteerime.\",\"publisher\":{\"@id\":\"https:\/\/lavanno.com\/en\/#organization\"},\"potentialAction\":[{\"@type\":\"SearchAction\",\"target\":{\"@type\":\"EntryPoint\",\"urlTemplate\":\"https:\/\/lavanno.com\/en\/?s={search_term_string}\"},\"query-input\":{\"@type\":\"PropertyValueSpecification\",\"valueRequired\":true,\"valueName\":\"search_term_string\"}}],\"inLanguage\":\"en-US\"},{\"@type\":\"Organization\",\"@id\":\"https:\/\/lavanno.com\/en\/#organization\",\"name\":\"Lavanno - Pesuvahendite ekspert\",\"url\":\"https:\/\/lavanno.com\/en\/\",\"logo\":{\"@type\":\"ImageObject\",\"inLanguage\":\"en-US\",\"@id\":\"https:\/\/lavanno.com\/en\/#\/schema\/logo\/image\/\",\"url\":\"https:\/\/lavanno.com\/wp-content\/uploads\/2025\/07\/Lavanno.png\",\"contentUrl\":\"https:\/\/lavanno.com\/wp-content\/uploads\/2025\/07\/Lavanno.png\",\"width\":1200,\"height\":1200,\"caption\":\"Lavanno - Pesuvahendite ekspert\"},\"image\":{\"@id\":\"https:\/\/lavanno.com\/en\/#\/schema\/logo\/image\/\"},\"sameAs\":[\"https:\/\/www.facebook.com\/Lavanno.ee\"]}]}<\/script>\n<!-- \/ Yoast SEO plugin. -->","yoast_head_json":{"title":"Note di Pulito - pesuaine - \u00fchekordne annus 100tk - Lavanno - pesuvahendite ekspert","robots":{"index":"index","follow":"follow","max-snippet":"max-snippet:-1","max-image-preview":"max-image-preview:large","max-video-preview":"max-video-preview:-1"},"canonical":"https:\/\/lavanno.com\/en\/toode\/note-di-pulito-pesuaine-uhekordne-annus-100tk\/","og_locale":"en_US","og_type":"article","og_title":"Note di Pulito - pesuaine - \u00fchekordne annus 100tk - Lavanno - pesuvahendite ekspert","og_description":"L\u00f5hnastatud pesuaine valgele ja v\u00e4rvilisele pesule.See k\u00f5rvaldab ebameeldiva l\u00f5hna ja annab riietele v\u00f5rreldamatu v\u00e4rske pesu l\u00f5hna.See sisaldab spetsiaalseid v\u00e4rve parandavaid es\u00fc\u00fcme.100x100ml karbid  See k\u00f5rvaldab t\u00f5husalt plekid. V\u00e4rvide ja kangaste suhtes \u00f5rna toimega. See venitab kiude. Ei sisalda fosfaate, silikaate ega leelisi. Uus ja eksklusiivne l\u00f5hn.","og_url":"https:\/\/lavanno.com\/en\/toode\/note-di-pulito-pesuaine-uhekordne-annus-100tk\/","og_site_name":"Lavanno - pesuvahendite ekspert","article_publisher":"https:\/\/www.facebook.com\/Lavanno.ee","article_modified_time":"2026-05-02T17:25:02+00:00","og_image":[{"width":800,"height":800,"url":"https:\/\/lavanno.com\/wp-content\/uploads\/2025\/02\/a39-610monodose_detergente_notedipulito-1.png","type":"image\/png"}],"twitter_card":"summary_large_image","schema":{"@context":"https:\/\/schema.org","@graph":[{"@type":"WebPage","@id":"https:\/\/lavanno.com\/en\/toode\/note-di-pulito-pesuaine-uhekordne-annus-100tk\/","url":"https:\/\/lavanno.com\/en\/toode\/note-di-pulito-pesuaine-uhekordne-annus-100tk\/","name":"Note di Pulito - pesuaine - \u00fchekordne annus 100tk - Lavanno - pesuvahendite ekspert","isPartOf":{"@id":"https:\/\/lavanno.com\/en\/#website"},"primaryImageOfPage":{"@id":"https:\/\/lavanno.com\/en\/toode\/note-di-pulito-pesuaine-uhekordne-annus-100tk\/#primaryimage"},"image":{"@id":"https:\/\/lavanno.com\/en\/toode\/note-di-pulito-pesuaine-uhekordne-annus-100tk\/#primaryimage"},"thumbnailUrl":"https:\/\/lavanno.com\/wp-content\/uploads\/2025\/02\/a39-610monodose_detergente_notedipulito-1.png","datePublished":"2025-02-10T06:17:50+00:00","dateModified":"2026-05-02T17:25:02+00:00","breadcrumb":{"@id":"https:\/\/lavanno.com\/en\/toode\/note-di-pulito-pesuaine-uhekordne-annus-100tk\/#breadcrumb"},"inLanguage":"en-US","potentialAction":[{"@type":"ReadAction","target":["https:\/\/lavanno.com\/en\/toode\/note-di-pulito-pesuaine-uhekordne-annus-100tk\/"]}]},{"@type":"ImageObject","inLanguage":"en-US","@id":"https:\/\/lavanno.com\/en\/toode\/note-di-pulito-pesuaine-uhekordne-annus-100tk\/#primaryimage","url":"https:\/\/lavanno.com\/wp-content\/uploads\/2025\/02\/a39-610monodose_detergente_notedipulito-1.png","contentUrl":"https:\/\/lavanno.com\/wp-content\/uploads\/2025\/02\/a39-610monodose_detergente_notedipulito-1.png","width":800,"height":800},{"@type":"BreadcrumbList","@id":"https:\/\/lavanno.com\/en\/toode\/note-di-pulito-pesuaine-uhekordne-annus-100tk\/#breadcrumb","itemListElement":[{"@type":"ListItem","position":1,"name":"Home","item":"https:\/\/lavanno.com\/en\/"},{"@type":"ListItem","position":2,"name":"E-pood","item":"https:\/\/lavanno.com\/e-pood\/"},{"@type":"ListItem","position":3,"name":"Note di Pulito &#8211; pesuaine &#8211; \u00fchekordne annus 100tk"}]},{"@type":"WebSite","@id":"https:\/\/lavanno.com\/en\/#website","url":"https:\/\/lavanno.com\/en\/","name":"Lavanno - Pesuvahendite ekspert","description":"Toome maale ja m\u00fc\u00fcme tekstiili pesuvahendeid, pesumajaseadmeid ja tarvikuid. Hooldame ja konsulteerime.","publisher":{"@id":"https:\/\/lavanno.com\/en\/#organization"},"potentialAction":[{"@type":"SearchAction","target":{"@type":"EntryPoint","urlTemplate":"https:\/\/lavanno.com\/en\/?s={search_term_string}"},"query-input":{"@type":"PropertyValueSpecification","valueRequired":true,"valueName":"search_term_string"}}],"inLanguage":"en-US"},{"@type":"Organization","@id":"https:\/\/lavanno.com\/en\/#organization","name":"Lavanno - Pesuvahendite ekspert","url":"https:\/\/lavanno.com\/en\/","logo":{"@type":"ImageObject","inLanguage":"en-US","@id":"https:\/\/lavanno.com\/en\/#\/schema\/logo\/image\/","url":"https:\/\/lavanno.com\/wp-content\/uploads\/2025\/07\/Lavanno.png","contentUrl":"https:\/\/lavanno.com\/wp-content\/uploads\/2025\/07\/Lavanno.png","width":1200,"height":1200,"caption":"Lavanno - Pesuvahendite ekspert"},"image":{"@id":"https:\/\/lavanno.com\/en\/#\/schema\/logo\/image\/"},"sameAs":["https:\/\/www.facebook.com\/Lavanno.ee"]}]}},"_links":{"self":[{"href":"https:\/\/lavanno.com\/en\/wp-json\/wp\/v2\/product\/5114","targetHints":{"allow":["GET"]}}],"collection":[{"href":"https:\/\/lavanno.com\/en\/wp-json\/wp\/v2\/product"}],"about":[{"href":"https:\/\/lavanno.com\/en\/wp-json\/wp\/v2\/types\/product"}],"replies":[{"embeddable":true,"href":"https:\/\/lavanno.com\/en\/wp-json\/wp\/v2\/comments?post=5114"}],"wp:featuredmedia":[{"embeddable":true,"href":"https:\/\/lavanno.com\/en\/wp-json\/wp\/v2\/media\/5287"}],"wp:attachment":[{"href":"https:\/\/lavanno.com\/en\/wp-json\/wp\/v2\/media?parent=5114"}],"wp:term":[{"taxonomy":"product_brand","embeddable":true,"href":"https:\/\/lavanno.com\/en\/wp-json\/wp\/v2\/product_brand?post=5114"},{"taxonomy":"product_cat","embeddable":true,"href":"https:\/\/lavanno.com\/en\/wp-json\/wp\/v2\/product_cat?post=5114"},{"taxonomy":"product_tag","embeddable":true,"href":"https:\/\/lavanno.com\/en\/wp-json\/wp\/v2\/product_tag?post=5114"}],"curies":[{"name":"wp","href":"https:\/\/api.w.org\/{rel}","templated":true}]}}