{"id":5132,"date":"2025-02-10T08:17:53","date_gmt":"2025-02-10T06:17:53","guid":{"rendered":"https:\/\/lavanno.com\/product\/orchidea-selvatica-pesuloputusvahend-uhekordne-annus-150tk\/"},"modified":"2026-05-02T14:30:01","modified_gmt":"2026-05-02T11:30:01","slug":"orchidea-selvatica-pesuloputusvahend-uhekordne-annus-150tk","status":"publish","type":"product","link":"https:\/\/lavanno.com\/en\/toode\/orchidea-selvatica-pesuloputusvahend-uhekordne-annus-150tk\/","title":{"rendered":"Orchidea Selvatica &#8211; pesuloputusvahend &#8211; \u00fchekordne annus 150tk"},"content":{"rendered":"<p><a href=\"https:\/\/lavanno.com\/wp-content\/uploads\/2022\/08\/A45-611Hygienfresh_Ammorbidente_Orchidea_SelvaticaRel4ENSDS.pdf\">Safety Data Sheet<\/a><\/br><a href=\"https:\/\/lavanno.com\/wp-content\/uploads\/2021\/05\/A45-611Ammorbidente_Orchidea_Selvatica_MonodoseRel2ENTEC.pdf\">Technical Data Sheet<\/a><\/p>\n","protected":false},"excerpt":{"rendered":"<p>V\u00e4ga kontsentreeritud, r\u00f5ivaid kaitsva toimega pehmendi, millel on metsiku orhidee l\u00f5hn.<br \/>150x50ml karbid<\/p>\n<p><\/p>\n<ul><\/p>\n<li>Suur kontsentratsioon tagab pehmuse ja l\u00f5hna isegi v\u00e4ikese koguse kasutamisel<\/li>\n<p><\/p>\n<li>\u00dclimalt aktiivsed molekulid eriti pehme tulemuse jaoks<\/li>\n<p><\/p>\n<li>Intensiivne aroom 4x \u2013 rohkem l\u00f5hna*<\/li>\n<p><\/p>\n<li>Triikimist h\u00f5lbustav toime \u2013 see teeb triikimise lihtsamaks<\/li>\n<p><\/p>\n<li>Ei sisalda fosfaate<\/li>\n<p>\n <\/ul>\n<p><\/p>\n<p>*v\u00f5rreldes Tintosoft koostisega<\/p>\n","protected":false},"featured_media":5327,"comment_status":"open","ping_status":"closed","template":"","meta":[],"product_brand":[],"product_cat":[506,525,550],"product_tag":[],"class_list":{"0":"post-5132","1":"product","2":"type-product","3":"status-publish","4":"has-post-thumbnail","6":"product_cat-ariklient","7":"product_cat-vesipesuvahendid","8":"product_cat-pesuloputusvahendid-ja-pehmendajad","10":"first","11":"instock","12":"taxable","13":"shipping-taxable","14":"purchasable","15":"product-type-simple"},"yoast_head":"<!-- This site is optimized with the Yoast SEO plugin v27.0 - https:\/\/yoast.com\/product\/yoast-seo-wordpress\/ -->\n<title>Orchidea Selvatica - pesuloputusvahend - \u00fchekordne annus 150tk - Lavanno - pesuvahendite ekspert<\/title>\n<meta name=\"robots\" content=\"index, follow, max-snippet:-1, max-image-preview:large, max-video-preview:-1\" \/>\n<link rel=\"canonical\" href=\"https:\/\/lavanno.com\/en\/toode\/orchidea-selvatica-pesuloputusvahend-uhekordne-annus-150tk\/\" \/>\n<meta property=\"og:locale\" content=\"en_US\" \/>\n<meta property=\"og:type\" content=\"article\" \/>\n<meta property=\"og:title\" content=\"Orchidea Selvatica - pesuloputusvahend - \u00fchekordne annus 150tk - Lavanno - pesuvahendite ekspert\" \/>\n<meta property=\"og:description\" content=\"V\u00e4ga kontsentreeritud, r\u00f5ivaid kaitsva toimega pehmendi, millel on metsiku orhidee l\u00f5hn.150x50ml karbid  Suur kontsentratsioon tagab pehmuse ja l\u00f5hna isegi v\u00e4ikese koguse kasutamisel \u00dclimalt aktiivsed molekulid eriti pehme tulemuse jaoks Intensiivne aroom 4x \u2013 rohkem l\u00f5hna* Triikimist h\u00f5lbustav toime \u2013 see teeb triikimise lihtsamaks Ei sisalda fosfaate  *v\u00f5rreldes Tintosoft koostisega\" \/>\n<meta property=\"og:url\" content=\"https:\/\/lavanno.com\/en\/toode\/orchidea-selvatica-pesuloputusvahend-uhekordne-annus-150tk\/\" \/>\n<meta property=\"og:site_name\" content=\"Lavanno - pesuvahendite ekspert\" \/>\n<meta property=\"article:publisher\" content=\"https:\/\/www.facebook.com\/Lavanno.ee\" \/>\n<meta property=\"article:modified_time\" content=\"2026-05-02T11:30:01+00:00\" \/>\n<meta property=\"og:image\" content=\"https:\/\/lavanno.com\/wp-content\/uploads\/2025\/02\/a45-611monodose_amm_orchidea-1.png\" \/>\n\t<meta property=\"og:image:width\" content=\"800\" \/>\n\t<meta property=\"og:image:height\" content=\"800\" \/>\n\t<meta property=\"og:image:type\" content=\"image\/png\" \/>\n<meta name=\"twitter:card\" content=\"summary_large_image\" \/>\n<script type=\"application\/ld+json\" class=\"yoast-schema-graph\">{\"@context\":\"https:\/\/schema.org\",\"@graph\":[{\"@type\":\"WebPage\",\"@id\":\"https:\/\/lavanno.com\/en\/toode\/orchidea-selvatica-pesuloputusvahend-uhekordne-annus-150tk\/\",\"url\":\"https:\/\/lavanno.com\/en\/toode\/orchidea-selvatica-pesuloputusvahend-uhekordne-annus-150tk\/\",\"name\":\"Orchidea Selvatica - pesuloputusvahend - \u00fchekordne annus 150tk - Lavanno - pesuvahendite ekspert\",\"isPartOf\":{\"@id\":\"https:\/\/lavanno.com\/en\/#website\"},\"primaryImageOfPage\":{\"@id\":\"https:\/\/lavanno.com\/en\/toode\/orchidea-selvatica-pesuloputusvahend-uhekordne-annus-150tk\/#primaryimage\"},\"image\":{\"@id\":\"https:\/\/lavanno.com\/en\/toode\/orchidea-selvatica-pesuloputusvahend-uhekordne-annus-150tk\/#primaryimage\"},\"thumbnailUrl\":\"https:\/\/lavanno.com\/wp-content\/uploads\/2025\/02\/a45-611monodose_amm_orchidea-1.png\",\"datePublished\":\"2025-02-10T06:17:53+00:00\",\"dateModified\":\"2026-05-02T11:30:01+00:00\",\"breadcrumb\":{\"@id\":\"https:\/\/lavanno.com\/en\/toode\/orchidea-selvatica-pesuloputusvahend-uhekordne-annus-150tk\/#breadcrumb\"},\"inLanguage\":\"en-US\",\"potentialAction\":[{\"@type\":\"ReadAction\",\"target\":[\"https:\/\/lavanno.com\/en\/toode\/orchidea-selvatica-pesuloputusvahend-uhekordne-annus-150tk\/\"]}]},{\"@type\":\"ImageObject\",\"inLanguage\":\"en-US\",\"@id\":\"https:\/\/lavanno.com\/en\/toode\/orchidea-selvatica-pesuloputusvahend-uhekordne-annus-150tk\/#primaryimage\",\"url\":\"https:\/\/lavanno.com\/wp-content\/uploads\/2025\/02\/a45-611monodose_amm_orchidea-1.png\",\"contentUrl\":\"https:\/\/lavanno.com\/wp-content\/uploads\/2025\/02\/a45-611monodose_amm_orchidea-1.png\",\"width\":800,\"height\":800},{\"@type\":\"BreadcrumbList\",\"@id\":\"https:\/\/lavanno.com\/en\/toode\/orchidea-selvatica-pesuloputusvahend-uhekordne-annus-150tk\/#breadcrumb\",\"itemListElement\":[{\"@type\":\"ListItem\",\"position\":1,\"name\":\"Home\",\"item\":\"https:\/\/lavanno.com\/en\/\"},{\"@type\":\"ListItem\",\"position\":2,\"name\":\"E-pood\",\"item\":\"https:\/\/lavanno.com\/e-pood\/\"},{\"@type\":\"ListItem\",\"position\":3,\"name\":\"Orchidea Selvatica &#8211; pesuloputusvahend &#8211; \u00fchekordne annus 150tk\"}]},{\"@type\":\"WebSite\",\"@id\":\"https:\/\/lavanno.com\/en\/#website\",\"url\":\"https:\/\/lavanno.com\/en\/\",\"name\":\"Lavanno - Pesuvahendite ekspert\",\"description\":\"Toome maale ja m\u00fc\u00fcme tekstiili pesuvahendeid, pesumajaseadmeid ja tarvikuid. Hooldame ja konsulteerime.\",\"publisher\":{\"@id\":\"https:\/\/lavanno.com\/en\/#organization\"},\"potentialAction\":[{\"@type\":\"SearchAction\",\"target\":{\"@type\":\"EntryPoint\",\"urlTemplate\":\"https:\/\/lavanno.com\/en\/?s={search_term_string}\"},\"query-input\":{\"@type\":\"PropertyValueSpecification\",\"valueRequired\":true,\"valueName\":\"search_term_string\"}}],\"inLanguage\":\"en-US\"},{\"@type\":\"Organization\",\"@id\":\"https:\/\/lavanno.com\/en\/#organization\",\"name\":\"Lavanno - Pesuvahendite ekspert\",\"url\":\"https:\/\/lavanno.com\/en\/\",\"logo\":{\"@type\":\"ImageObject\",\"inLanguage\":\"en-US\",\"@id\":\"https:\/\/lavanno.com\/en\/#\/schema\/logo\/image\/\",\"url\":\"https:\/\/lavanno.com\/wp-content\/uploads\/2025\/07\/Lavanno.png\",\"contentUrl\":\"https:\/\/lavanno.com\/wp-content\/uploads\/2025\/07\/Lavanno.png\",\"width\":1200,\"height\":1200,\"caption\":\"Lavanno - Pesuvahendite ekspert\"},\"image\":{\"@id\":\"https:\/\/lavanno.com\/en\/#\/schema\/logo\/image\/\"},\"sameAs\":[\"https:\/\/www.facebook.com\/Lavanno.ee\"]}]}<\/script>\n<!-- \/ Yoast SEO plugin. -->","yoast_head_json":{"title":"Orchidea Selvatica - pesuloputusvahend - \u00fchekordne annus 150tk - Lavanno - pesuvahendite ekspert","robots":{"index":"index","follow":"follow","max-snippet":"max-snippet:-1","max-image-preview":"max-image-preview:large","max-video-preview":"max-video-preview:-1"},"canonical":"https:\/\/lavanno.com\/en\/toode\/orchidea-selvatica-pesuloputusvahend-uhekordne-annus-150tk\/","og_locale":"en_US","og_type":"article","og_title":"Orchidea Selvatica - pesuloputusvahend - \u00fchekordne annus 150tk - Lavanno - pesuvahendite ekspert","og_description":"V\u00e4ga kontsentreeritud, r\u00f5ivaid kaitsva toimega pehmendi, millel on metsiku orhidee l\u00f5hn.150x50ml karbid  Suur kontsentratsioon tagab pehmuse ja l\u00f5hna isegi v\u00e4ikese koguse kasutamisel \u00dclimalt aktiivsed molekulid eriti pehme tulemuse jaoks Intensiivne aroom 4x \u2013 rohkem l\u00f5hna* Triikimist h\u00f5lbustav toime \u2013 see teeb triikimise lihtsamaks Ei sisalda fosfaate  *v\u00f5rreldes Tintosoft koostisega","og_url":"https:\/\/lavanno.com\/en\/toode\/orchidea-selvatica-pesuloputusvahend-uhekordne-annus-150tk\/","og_site_name":"Lavanno - pesuvahendite ekspert","article_publisher":"https:\/\/www.facebook.com\/Lavanno.ee","article_modified_time":"2026-05-02T11:30:01+00:00","og_image":[{"width":800,"height":800,"url":"https:\/\/lavanno.com\/wp-content\/uploads\/2025\/02\/a45-611monodose_amm_orchidea-1.png","type":"image\/png"}],"twitter_card":"summary_large_image","schema":{"@context":"https:\/\/schema.org","@graph":[{"@type":"WebPage","@id":"https:\/\/lavanno.com\/en\/toode\/orchidea-selvatica-pesuloputusvahend-uhekordne-annus-150tk\/","url":"https:\/\/lavanno.com\/en\/toode\/orchidea-selvatica-pesuloputusvahend-uhekordne-annus-150tk\/","name":"Orchidea Selvatica - pesuloputusvahend - \u00fchekordne annus 150tk - Lavanno - pesuvahendite ekspert","isPartOf":{"@id":"https:\/\/lavanno.com\/en\/#website"},"primaryImageOfPage":{"@id":"https:\/\/lavanno.com\/en\/toode\/orchidea-selvatica-pesuloputusvahend-uhekordne-annus-150tk\/#primaryimage"},"image":{"@id":"https:\/\/lavanno.com\/en\/toode\/orchidea-selvatica-pesuloputusvahend-uhekordne-annus-150tk\/#primaryimage"},"thumbnailUrl":"https:\/\/lavanno.com\/wp-content\/uploads\/2025\/02\/a45-611monodose_amm_orchidea-1.png","datePublished":"2025-02-10T06:17:53+00:00","dateModified":"2026-05-02T11:30:01+00:00","breadcrumb":{"@id":"https:\/\/lavanno.com\/en\/toode\/orchidea-selvatica-pesuloputusvahend-uhekordne-annus-150tk\/#breadcrumb"},"inLanguage":"en-US","potentialAction":[{"@type":"ReadAction","target":["https:\/\/lavanno.com\/en\/toode\/orchidea-selvatica-pesuloputusvahend-uhekordne-annus-150tk\/"]}]},{"@type":"ImageObject","inLanguage":"en-US","@id":"https:\/\/lavanno.com\/en\/toode\/orchidea-selvatica-pesuloputusvahend-uhekordne-annus-150tk\/#primaryimage","url":"https:\/\/lavanno.com\/wp-content\/uploads\/2025\/02\/a45-611monodose_amm_orchidea-1.png","contentUrl":"https:\/\/lavanno.com\/wp-content\/uploads\/2025\/02\/a45-611monodose_amm_orchidea-1.png","width":800,"height":800},{"@type":"BreadcrumbList","@id":"https:\/\/lavanno.com\/en\/toode\/orchidea-selvatica-pesuloputusvahend-uhekordne-annus-150tk\/#breadcrumb","itemListElement":[{"@type":"ListItem","position":1,"name":"Home","item":"https:\/\/lavanno.com\/en\/"},{"@type":"ListItem","position":2,"name":"E-pood","item":"https:\/\/lavanno.com\/e-pood\/"},{"@type":"ListItem","position":3,"name":"Orchidea Selvatica &#8211; pesuloputusvahend &#8211; \u00fchekordne annus 150tk"}]},{"@type":"WebSite","@id":"https:\/\/lavanno.com\/en\/#website","url":"https:\/\/lavanno.com\/en\/","name":"Lavanno - Pesuvahendite ekspert","description":"Toome maale ja m\u00fc\u00fcme tekstiili pesuvahendeid, pesumajaseadmeid ja tarvikuid. Hooldame ja konsulteerime.","publisher":{"@id":"https:\/\/lavanno.com\/en\/#organization"},"potentialAction":[{"@type":"SearchAction","target":{"@type":"EntryPoint","urlTemplate":"https:\/\/lavanno.com\/en\/?s={search_term_string}"},"query-input":{"@type":"PropertyValueSpecification","valueRequired":true,"valueName":"search_term_string"}}],"inLanguage":"en-US"},{"@type":"Organization","@id":"https:\/\/lavanno.com\/en\/#organization","name":"Lavanno - Pesuvahendite ekspert","url":"https:\/\/lavanno.com\/en\/","logo":{"@type":"ImageObject","inLanguage":"en-US","@id":"https:\/\/lavanno.com\/en\/#\/schema\/logo\/image\/","url":"https:\/\/lavanno.com\/wp-content\/uploads\/2025\/07\/Lavanno.png","contentUrl":"https:\/\/lavanno.com\/wp-content\/uploads\/2025\/07\/Lavanno.png","width":1200,"height":1200,"caption":"Lavanno - Pesuvahendite ekspert"},"image":{"@id":"https:\/\/lavanno.com\/en\/#\/schema\/logo\/image\/"},"sameAs":["https:\/\/www.facebook.com\/Lavanno.ee"]}]}},"_links":{"self":[{"href":"https:\/\/lavanno.com\/en\/wp-json\/wp\/v2\/product\/5132","targetHints":{"allow":["GET"]}}],"collection":[{"href":"https:\/\/lavanno.com\/en\/wp-json\/wp\/v2\/product"}],"about":[{"href":"https:\/\/lavanno.com\/en\/wp-json\/wp\/v2\/types\/product"}],"replies":[{"embeddable":true,"href":"https:\/\/lavanno.com\/en\/wp-json\/wp\/v2\/comments?post=5132"}],"wp:featuredmedia":[{"embeddable":true,"href":"https:\/\/lavanno.com\/en\/wp-json\/wp\/v2\/media\/5327"}],"wp:attachment":[{"href":"https:\/\/lavanno.com\/en\/wp-json\/wp\/v2\/media?parent=5132"}],"wp:term":[{"taxonomy":"product_brand","embeddable":true,"href":"https:\/\/lavanno.com\/en\/wp-json\/wp\/v2\/product_brand?post=5132"},{"taxonomy":"product_cat","embeddable":true,"href":"https:\/\/lavanno.com\/en\/wp-json\/wp\/v2\/product_cat?post=5132"},{"taxonomy":"product_tag","embeddable":true,"href":"https:\/\/lavanno.com\/en\/wp-json\/wp\/v2\/product_tag?post=5132"}],"curies":[{"name":"wp","href":"https:\/\/api.w.org\/{rel}","templated":true}]}}