{"id":5145,"date":"2025-02-10T08:17:53","date_gmt":"2025-02-10T06:17:53","guid":{"rendered":"https:\/\/lavanno.com\/product\/keskmine-filtrikassett-%c2%bd-maxi\/"},"modified":"2026-05-02T14:30:01","modified_gmt":"2026-05-02T11:30:01","slug":"keskmine-filtrikassett-%c2%bd-maxi","status":"publish","type":"product","link":"https:\/\/lavanno.com\/en\/toode\/keskmine-filtrikassett-%c2%bd-maxi\/","title":{"rendered":"Keskmine filtrikassett \u00bd Maxi"},"content":{"rendered":"","protected":false},"excerpt":{"rendered":"<p>Keskmise suurusega filterkassett, mis aitab keemilise puhastuse masinatest eemaldada j\u00e4\u00e4gid.<\/p>\n<p> Keemilise puhastuse masinates kasutatavad suure puhastusj\u00f5uga pesuained ja lahustid kaotavad p\u00e4rast mitut pesuts\u00fcklit suurema osa oma efektiivsusest, kui filtrid on liiga kaua vahetamata. Seet\u00f5ttu on soovitav filterkassette uuendada, et k\u00f5rvalda suspensioonist rasva ja teisi j\u00e4\u00e4ke.<\/p>\n<p> Selle toote eelised:<br \/>\n katteplaadi tugev struktuur;<br \/>\n filtrielemente on p\u00f5hjalikult testitud just suurte keemiliste puhastuste jaoks;<br \/>\n kassetid sisaldavad: kurdudega paberfiltrit, savi, sepioliiti, taimset aktiivs\u00fctt.<\/p>\n","protected":false},"featured_media":5181,"comment_status":"open","ping_status":"closed","template":"","meta":[],"product_brand":[],"product_cat":[506,512,532],"product_tag":[],"class_list":{"0":"post-5145","1":"product","2":"type-product","3":"status-publish","4":"has-post-thumbnail","6":"product_cat-ariklient","7":"product_cat-tarvikud-ja-seadmed","8":"product_cat-filtrid","10":"first","11":"instock","12":"taxable","13":"shipping-taxable","14":"purchasable","15":"product-type-simple"},"yoast_head":"<!-- This site is optimized with the Yoast SEO plugin v27.0 - https:\/\/yoast.com\/product\/yoast-seo-wordpress\/ -->\n<title>Keskmine filtrikassett \u00bd Maxi - Lavanno - pesuvahendite ekspert<\/title>\n<meta name=\"robots\" content=\"index, follow, max-snippet:-1, max-image-preview:large, max-video-preview:-1\" \/>\n<link rel=\"canonical\" href=\"https:\/\/lavanno.com\/en\/toode\/keskmine-filtrikassett-%c2%bd-maxi\/\" \/>\n<meta property=\"og:locale\" content=\"en_US\" \/>\n<meta property=\"og:type\" content=\"article\" \/>\n<meta property=\"og:title\" content=\"Keskmine filtrikassett \u00bd Maxi - Lavanno - pesuvahendite ekspert\" \/>\n<meta property=\"og:description\" content=\"Keskmise suurusega filterkassett, mis aitab keemilise puhastuse masinatest eemaldada j\u00e4\u00e4gid.  Keemilise puhastuse masinates kasutatavad suure puhastusj\u00f5uga pesuained ja lahustid kaotavad p\u00e4rast mitut pesuts\u00fcklit suurema osa oma efektiivsusest, kui filtrid on liiga kaua vahetamata. Seet\u00f5ttu on soovitav filterkassette uuendada, et k\u00f5rvalda suspensioonist rasva ja teisi j\u00e4\u00e4ke.  Selle toote eelised: katteplaadi tugev struktuur; filtrielemente on p\u00f5hjalikult testitud just suurte keemiliste puhastuste jaoks; kassetid sisaldavad: kurdudega paberfiltrit, savi, sepioliiti, taimset aktiivs\u00fctt.\" \/>\n<meta property=\"og:url\" content=\"https:\/\/lavanno.com\/en\/toode\/keskmine-filtrikassett-%c2%bd-maxi\/\" \/>\n<meta property=\"og:site_name\" content=\"Lavanno - pesuvahendite ekspert\" \/>\n<meta property=\"article:publisher\" content=\"https:\/\/www.facebook.com\/Lavanno.ee\" \/>\n<meta property=\"article:modified_time\" content=\"2026-05-02T11:30:01+00:00\" \/>\n<meta property=\"og:image\" content=\"https:\/\/lavanno.com\/wp-content\/uploads\/2025\/02\/a10-005cartuccia_corazzata_mezza_maxi-1.png\" \/>\n\t<meta property=\"og:image:width\" content=\"800\" \/>\n\t<meta property=\"og:image:height\" content=\"800\" \/>\n\t<meta property=\"og:image:type\" content=\"image\/png\" \/>\n<meta name=\"twitter:card\" content=\"summary_large_image\" \/>\n<script type=\"application\/ld+json\" class=\"yoast-schema-graph\">{\"@context\":\"https:\/\/schema.org\",\"@graph\":[{\"@type\":\"WebPage\",\"@id\":\"https:\/\/lavanno.com\/en\/toode\/keskmine-filtrikassett-%c2%bd-maxi\/\",\"url\":\"https:\/\/lavanno.com\/en\/toode\/keskmine-filtrikassett-%c2%bd-maxi\/\",\"name\":\"Keskmine filtrikassett \u00bd Maxi - Lavanno - pesuvahendite ekspert\",\"isPartOf\":{\"@id\":\"https:\/\/lavanno.com\/en\/#website\"},\"primaryImageOfPage\":{\"@id\":\"https:\/\/lavanno.com\/en\/toode\/keskmine-filtrikassett-%c2%bd-maxi\/#primaryimage\"},\"image\":{\"@id\":\"https:\/\/lavanno.com\/en\/toode\/keskmine-filtrikassett-%c2%bd-maxi\/#primaryimage\"},\"thumbnailUrl\":\"https:\/\/lavanno.com\/wp-content\/uploads\/2025\/02\/a10-005cartuccia_corazzata_mezza_maxi-1.png\",\"datePublished\":\"2025-02-10T06:17:53+00:00\",\"dateModified\":\"2026-05-02T11:30:01+00:00\",\"breadcrumb\":{\"@id\":\"https:\/\/lavanno.com\/en\/toode\/keskmine-filtrikassett-%c2%bd-maxi\/#breadcrumb\"},\"inLanguage\":\"en-US\",\"potentialAction\":[{\"@type\":\"ReadAction\",\"target\":[\"https:\/\/lavanno.com\/en\/toode\/keskmine-filtrikassett-%c2%bd-maxi\/\"]}]},{\"@type\":\"ImageObject\",\"inLanguage\":\"en-US\",\"@id\":\"https:\/\/lavanno.com\/en\/toode\/keskmine-filtrikassett-%c2%bd-maxi\/#primaryimage\",\"url\":\"https:\/\/lavanno.com\/wp-content\/uploads\/2025\/02\/a10-005cartuccia_corazzata_mezza_maxi-1.png\",\"contentUrl\":\"https:\/\/lavanno.com\/wp-content\/uploads\/2025\/02\/a10-005cartuccia_corazzata_mezza_maxi-1.png\",\"width\":800,\"height\":800},{\"@type\":\"BreadcrumbList\",\"@id\":\"https:\/\/lavanno.com\/en\/toode\/keskmine-filtrikassett-%c2%bd-maxi\/#breadcrumb\",\"itemListElement\":[{\"@type\":\"ListItem\",\"position\":1,\"name\":\"Home\",\"item\":\"https:\/\/lavanno.com\/en\/\"},{\"@type\":\"ListItem\",\"position\":2,\"name\":\"E-pood\",\"item\":\"https:\/\/lavanno.com\/e-pood\/\"},{\"@type\":\"ListItem\",\"position\":3,\"name\":\"Keskmine filtrikassett \u00bd Maxi\"}]},{\"@type\":\"WebSite\",\"@id\":\"https:\/\/lavanno.com\/en\/#website\",\"url\":\"https:\/\/lavanno.com\/en\/\",\"name\":\"Lavanno - Pesuvahendite ekspert\",\"description\":\"Toome maale ja m\u00fc\u00fcme tekstiili pesuvahendeid, pesumajaseadmeid ja tarvikuid. Hooldame ja konsulteerime.\",\"publisher\":{\"@id\":\"https:\/\/lavanno.com\/en\/#organization\"},\"potentialAction\":[{\"@type\":\"SearchAction\",\"target\":{\"@type\":\"EntryPoint\",\"urlTemplate\":\"https:\/\/lavanno.com\/en\/?s={search_term_string}\"},\"query-input\":{\"@type\":\"PropertyValueSpecification\",\"valueRequired\":true,\"valueName\":\"search_term_string\"}}],\"inLanguage\":\"en-US\"},{\"@type\":\"Organization\",\"@id\":\"https:\/\/lavanno.com\/en\/#organization\",\"name\":\"Lavanno - Pesuvahendite ekspert\",\"url\":\"https:\/\/lavanno.com\/en\/\",\"logo\":{\"@type\":\"ImageObject\",\"inLanguage\":\"en-US\",\"@id\":\"https:\/\/lavanno.com\/en\/#\/schema\/logo\/image\/\",\"url\":\"https:\/\/lavanno.com\/wp-content\/uploads\/2025\/07\/Lavanno.png\",\"contentUrl\":\"https:\/\/lavanno.com\/wp-content\/uploads\/2025\/07\/Lavanno.png\",\"width\":1200,\"height\":1200,\"caption\":\"Lavanno - Pesuvahendite ekspert\"},\"image\":{\"@id\":\"https:\/\/lavanno.com\/en\/#\/schema\/logo\/image\/\"},\"sameAs\":[\"https:\/\/www.facebook.com\/Lavanno.ee\"]}]}<\/script>\n<!-- \/ Yoast SEO plugin. -->","yoast_head_json":{"title":"Keskmine filtrikassett \u00bd Maxi - Lavanno - pesuvahendite ekspert","robots":{"index":"index","follow":"follow","max-snippet":"max-snippet:-1","max-image-preview":"max-image-preview:large","max-video-preview":"max-video-preview:-1"},"canonical":"https:\/\/lavanno.com\/en\/toode\/keskmine-filtrikassett-%c2%bd-maxi\/","og_locale":"en_US","og_type":"article","og_title":"Keskmine filtrikassett \u00bd Maxi - Lavanno - pesuvahendite ekspert","og_description":"Keskmise suurusega filterkassett, mis aitab keemilise puhastuse masinatest eemaldada j\u00e4\u00e4gid.  Keemilise puhastuse masinates kasutatavad suure puhastusj\u00f5uga pesuained ja lahustid kaotavad p\u00e4rast mitut pesuts\u00fcklit suurema osa oma efektiivsusest, kui filtrid on liiga kaua vahetamata. Seet\u00f5ttu on soovitav filterkassette uuendada, et k\u00f5rvalda suspensioonist rasva ja teisi j\u00e4\u00e4ke.  Selle toote eelised: katteplaadi tugev struktuur; filtrielemente on p\u00f5hjalikult testitud just suurte keemiliste puhastuste jaoks; kassetid sisaldavad: kurdudega paberfiltrit, savi, sepioliiti, taimset aktiivs\u00fctt.","og_url":"https:\/\/lavanno.com\/en\/toode\/keskmine-filtrikassett-%c2%bd-maxi\/","og_site_name":"Lavanno - pesuvahendite ekspert","article_publisher":"https:\/\/www.facebook.com\/Lavanno.ee","article_modified_time":"2026-05-02T11:30:01+00:00","og_image":[{"width":800,"height":800,"url":"https:\/\/lavanno.com\/wp-content\/uploads\/2025\/02\/a10-005cartuccia_corazzata_mezza_maxi-1.png","type":"image\/png"}],"twitter_card":"summary_large_image","schema":{"@context":"https:\/\/schema.org","@graph":[{"@type":"WebPage","@id":"https:\/\/lavanno.com\/en\/toode\/keskmine-filtrikassett-%c2%bd-maxi\/","url":"https:\/\/lavanno.com\/en\/toode\/keskmine-filtrikassett-%c2%bd-maxi\/","name":"Keskmine filtrikassett \u00bd Maxi - Lavanno - pesuvahendite ekspert","isPartOf":{"@id":"https:\/\/lavanno.com\/en\/#website"},"primaryImageOfPage":{"@id":"https:\/\/lavanno.com\/en\/toode\/keskmine-filtrikassett-%c2%bd-maxi\/#primaryimage"},"image":{"@id":"https:\/\/lavanno.com\/en\/toode\/keskmine-filtrikassett-%c2%bd-maxi\/#primaryimage"},"thumbnailUrl":"https:\/\/lavanno.com\/wp-content\/uploads\/2025\/02\/a10-005cartuccia_corazzata_mezza_maxi-1.png","datePublished":"2025-02-10T06:17:53+00:00","dateModified":"2026-05-02T11:30:01+00:00","breadcrumb":{"@id":"https:\/\/lavanno.com\/en\/toode\/keskmine-filtrikassett-%c2%bd-maxi\/#breadcrumb"},"inLanguage":"en-US","potentialAction":[{"@type":"ReadAction","target":["https:\/\/lavanno.com\/en\/toode\/keskmine-filtrikassett-%c2%bd-maxi\/"]}]},{"@type":"ImageObject","inLanguage":"en-US","@id":"https:\/\/lavanno.com\/en\/toode\/keskmine-filtrikassett-%c2%bd-maxi\/#primaryimage","url":"https:\/\/lavanno.com\/wp-content\/uploads\/2025\/02\/a10-005cartuccia_corazzata_mezza_maxi-1.png","contentUrl":"https:\/\/lavanno.com\/wp-content\/uploads\/2025\/02\/a10-005cartuccia_corazzata_mezza_maxi-1.png","width":800,"height":800},{"@type":"BreadcrumbList","@id":"https:\/\/lavanno.com\/en\/toode\/keskmine-filtrikassett-%c2%bd-maxi\/#breadcrumb","itemListElement":[{"@type":"ListItem","position":1,"name":"Home","item":"https:\/\/lavanno.com\/en\/"},{"@type":"ListItem","position":2,"name":"E-pood","item":"https:\/\/lavanno.com\/e-pood\/"},{"@type":"ListItem","position":3,"name":"Keskmine filtrikassett \u00bd Maxi"}]},{"@type":"WebSite","@id":"https:\/\/lavanno.com\/en\/#website","url":"https:\/\/lavanno.com\/en\/","name":"Lavanno - Pesuvahendite ekspert","description":"Toome maale ja m\u00fc\u00fcme tekstiili pesuvahendeid, pesumajaseadmeid ja tarvikuid. Hooldame ja konsulteerime.","publisher":{"@id":"https:\/\/lavanno.com\/en\/#organization"},"potentialAction":[{"@type":"SearchAction","target":{"@type":"EntryPoint","urlTemplate":"https:\/\/lavanno.com\/en\/?s={search_term_string}"},"query-input":{"@type":"PropertyValueSpecification","valueRequired":true,"valueName":"search_term_string"}}],"inLanguage":"en-US"},{"@type":"Organization","@id":"https:\/\/lavanno.com\/en\/#organization","name":"Lavanno - Pesuvahendite ekspert","url":"https:\/\/lavanno.com\/en\/","logo":{"@type":"ImageObject","inLanguage":"en-US","@id":"https:\/\/lavanno.com\/en\/#\/schema\/logo\/image\/","url":"https:\/\/lavanno.com\/wp-content\/uploads\/2025\/07\/Lavanno.png","contentUrl":"https:\/\/lavanno.com\/wp-content\/uploads\/2025\/07\/Lavanno.png","width":1200,"height":1200,"caption":"Lavanno - Pesuvahendite ekspert"},"image":{"@id":"https:\/\/lavanno.com\/en\/#\/schema\/logo\/image\/"},"sameAs":["https:\/\/www.facebook.com\/Lavanno.ee"]}]}},"_links":{"self":[{"href":"https:\/\/lavanno.com\/en\/wp-json\/wp\/v2\/product\/5145","targetHints":{"allow":["GET"]}}],"collection":[{"href":"https:\/\/lavanno.com\/en\/wp-json\/wp\/v2\/product"}],"about":[{"href":"https:\/\/lavanno.com\/en\/wp-json\/wp\/v2\/types\/product"}],"replies":[{"embeddable":true,"href":"https:\/\/lavanno.com\/en\/wp-json\/wp\/v2\/comments?post=5145"}],"wp:featuredmedia":[{"embeddable":true,"href":"https:\/\/lavanno.com\/en\/wp-json\/wp\/v2\/media\/5181"}],"wp:attachment":[{"href":"https:\/\/lavanno.com\/en\/wp-json\/wp\/v2\/media?parent=5145"}],"wp:term":[{"taxonomy":"product_brand","embeddable":true,"href":"https:\/\/lavanno.com\/en\/wp-json\/wp\/v2\/product_brand?post=5145"},{"taxonomy":"product_cat","embeddable":true,"href":"https:\/\/lavanno.com\/en\/wp-json\/wp\/v2\/product_cat?post=5145"},{"taxonomy":"product_tag","embeddable":true,"href":"https:\/\/lavanno.com\/en\/wp-json\/wp\/v2\/product_tag?post=5145"}],"curies":[{"name":"wp","href":"https:\/\/api.w.org\/{rel}","templated":true}]}}